{"id":9683,"date":"2014-09-26T16:16:57","date_gmt":"2014-09-26T14:16:57","guid":{"rendered":"http:\/\/blog.viaggiverdi.it\/?page_id=9683"},"modified":"2024-11-19T15:28:34","modified_gmt":"2024-11-19T14:28:34","slug":"ospitalita-green-fa-la-cosa-giusta","status":"publish","type":"page","link":"https:\/\/ecobnb.it\/blog\/eventi\/ospitalita-green-fa-la-cosa-giusta\/","title":{"rendered":"Guida all&#8217;Ospitalit\u00e0 Green, a Fa&#8217; la cosa giusta! Trento"},"content":{"rendered":"<p>Un seminario di idee pratiche da intraprendere subito, per rendere eco-sostenibile la tua attivit\u00e0 ricettiva, migliorando l&#8217;ambiente e generando ricchezza.<\/p>\n<p><strong><em>Guida all&#8217;ospitalit\u00e0 green<\/em><\/strong> \u00e8 il\u00a0laboratorio dedicato alle strutture ricettive che aprir\u00e0, come evento &#8220;fuori salone&#8221;, <strong>Fa&#8217; la cosa giusta!\u00a0<\/strong>Trento\u00a0<strong>Venerd\u00ec 24 ottobre<\/strong>, alle 10.00, nella sala conferenze Trento Fiere.<\/p>\n<p>Venerd\u00ec 24\u00a0ottobre (dalle 14.30) torna infatti a <strong>Trento<\/strong> <em>Fa&#8217; la cosa giusta!<\/em>, la fiera degli stili di vita responsabili giunta quest&#8217;anno alla sua decima edizione, che proseguir\u00e0 fino domenica 26 ottobre.<\/p>\n<p>Non solo stand, ma eventi culturali, laboratori ed incontri dedicati al <strong>vivere e viaggiare sostenibile<\/strong>, che coinvolgono associazioni, aziende green e <strong>gruppi di acquisto solidali<\/strong>. E poi tanti eventi per esplorare l&#8217;ecologia con i <strong>bambini<\/strong>, ed uno squisito ristorante <strong>biologico<\/strong> <em>Gastorante<\/em>, a cura di Slowfood e dei gruppi di acquisto solidale.<\/p>\n<h3>Perch\u00e9 partecipare:<\/h3>\n<p>5 buoni motivi per non perdere il seminario <em>Guida all&#8217;Ospitalit\u00e0 Green<\/em>, rivolto a piccole e medio-grandi strutture ricettive:<\/p>\n<p>1) per conoscere meglio il fenomeno del <strong>turismo sostenibile<\/strong>, in rapida crescita in Italia e nel resto del mondo.<\/p>\n<p>2) per confrontarsi con una realt\u00e0 in cambiamento, dove sono le\u00a0nostre <strong>azioni virtuose<\/strong> a\u00a0fare la differenza.<\/p>\n<p>3) per migliorare la propria offerta ricettiva in chiave <strong>ecologica<\/strong>.<\/p>\n<p>4) per tagliare le spese e ridurre gli sprechi.<\/p>\n<p>5) per distinguersi, e promuovere la propria offerta ricettiva in chiave <strong>eco-sostenibile<\/strong>.<\/p>\n<h3>Come iscriversi:<\/h3>\n<p>Il laboratorio-seminario <em>Guida all&#8217;Ospitalit\u00e0 Green<\/em>\u00a0\u00e8 l&#8217;evento di\u00a0Fa&#8217; la cosa giusta! Trento 2014\u00a0dedicato alle <strong>strutture ricettive<\/strong> (agriturismi, B&amp;B, hotel, alberghi diffusi, masi, rifugi, case vacanza, ecc.).<\/p>\n<p>L&#8217;iscrizione \u00e8 <strong>gratuita<\/strong>, ma i posti sono limitati.<\/p>\n<h4><a href=\"https:\/\/docs.google.com\/forms\/d\/117U3YuqHr5kHDz0ZeqA_cemWlGo3FXek2fW2wy6QoM8\/viewform\" target=\"_blank\" rel=\"noopener\"><span style=\"text-decoration: underline;\">Per iscriverti al seminario clicca\u00a0su questo link<\/span><\/a><\/h4>\n<p>Il laboratorio \u00e8 organizzato da ViaggiVerdi, la community dedicata al turismo sostenibile in Italia, in collaborazione con Fa\u2019 La Cosa Giusta! Trento, la fiera degli stili di vita sostenibili. Parleranno esperti di architettura sostenibile e risparmio energetico, turismo responsabile e sostenibilit\u00e0.<\/p>\n<h3>Informazioni:<\/h3>\n<p><em>Guida all&#8217;Ospitalit\u00e0 Green<\/em><br \/>\n<strong>Fa&#8217; La Cosa Giusta! Trento<\/strong><br \/>\nVenerd\u00ec 24 ottobre 2014, ore 10.00-13.00<br \/>\n<strong>Sala conferenze Trento Fiere<\/strong>, Via Briamasco 2<\/p>\n<p>Gli orari di apertura di Fa&#8217; la cosa giusta! Trento:<br \/>\nVenerd\u00ec 24 ottobre 2014, dalle 14.30 alle 18.30<br \/>\nSabato 25 e domenica 26 ottobre 2014, dalle 9.00 alle 19.00<\/p>\n<p><strong>Come raggiungere la Fiera<\/strong>: in treno, in bus, in bici. (Chi arriva in bici potr\u00e0 inoltre portarla alla Ciclofficina della cooperativa Kaleidoscopio, all&#8217;interno della Fiera, per ripararla e imparare i trucchi del mestiere.)<\/p>\n<p><strong>Vuoi saperne di pi\u00f9 o hai bisogno di maggiori informazioni?<\/strong><br \/>\nScrivici a: info@ecobnb.com<\/p>\n","protected":false},"excerpt":{"rendered":"<p>Un seminario di idee pratiche da intraprendere subito, per rendere eco-sostenibile la tua attivit\u00e0 ricettiva, migliorando l&#8217;ambiente e generando ricchezza. Guida all&#8217;ospitalit\u00e0 green \u00e8 il\u00a0laboratorio dedicato alle strutture ricettive che aprir\u00e0, come evento &#8220;fuori salone&#8221;, Fa&#8217; la cosa giusta!\u00a0Trento\u00a0Venerd\u00ec 24 ottobre, alle 10.00, nella sala conferenze Trento Fiere. Venerd\u00ec 24\u00a0ottobre (dalle 14.30) torna infatti a [&hellip;]<\/p>\n","protected":false},"author":3,"featured_media":9721,"parent":16232,"menu_order":0,"comment_status":"closed","ping_status":"closed","template":"","meta":[],"acf":[],"yoast_head":"<!-- This site is optimized with the Yoast SEO plugin v19.9 - https:\/\/yoast.com\/wordpress\/plugins\/seo\/ -->\n<title>Guida all&#039;Ospitalit\u00e0 Green, a Fa&#039; la cosa giusta! Trento - Ecobnb<\/title>\n<meta name=\"description\" content=\"Scopri come migliorare la tua ospitalit\u00e0 in chiave green. Partecipa al laboratorio gratuito dedicato alle strutture ricettive, a Fa&#039; la cosa giusta! Trento\" \/>\n<meta name=\"robots\" content=\"index, follow, max-snippet:-1, max-image-preview:large, max-video-preview:-1\" \/>\n<link rel=\"canonical\" href=\"https:\/\/ecobnb.it\/blog\/eventi\/ospitalita-green-fa-la-cosa-giusta\/\" \/>\n<meta property=\"og:locale\" content=\"it_IT\" \/>\n<meta property=\"og:type\" content=\"article\" \/>\n<meta property=\"og:title\" content=\"Guida all&#039;Ospitalit\u00e0 Green, a Fa&#039; la cosa giusta! Trento - Ecobnb\" \/>\n<meta property=\"og:description\" content=\"Scopri come migliorare la tua ospitalit\u00e0 in chiave green. Partecipa al laboratorio gratuito dedicato alle strutture ricettive, a Fa&#039; la cosa giusta! Trento\" \/>\n<meta property=\"og:url\" content=\"https:\/\/ecobnb.it\/blog\/eventi\/ospitalita-green-fa-la-cosa-giusta\/\" \/>\n<meta property=\"og:site_name\" content=\"Ecobnb\" \/>\n<meta property=\"article:publisher\" content=\"https:\/\/www.facebook.com\/viaggiverdi\" \/>\n<meta property=\"article:modified_time\" content=\"2024-11-19T14:28:34+00:00\" \/>\n<meta property=\"og:image\" content=\"https:\/\/ecobnb.it\/blog\/app\/uploads\/sites\/2\/2014\/09\/Ospitalita-Green-Fa-la-cosa-giusta.jpg\" \/>\n\t<meta property=\"og:image:width\" content=\"1170\" \/>\n\t<meta property=\"og:image:height\" content=\"490\" \/>\n\t<meta property=\"og:image:type\" content=\"image\/jpeg\" \/>\n<meta name=\"twitter:label1\" content=\"Est. reading time\" \/>\n\t<meta name=\"twitter:data1\" content=\"3 minutes\" \/>\n<!-- \/ Yoast SEO plugin. -->","yoast_head_json":{"title":"Guida all'Ospitalit\u00e0 Green, a Fa' la cosa giusta! Trento - Ecobnb","description":"Scopri come migliorare la tua ospitalit\u00e0 in chiave green. Partecipa al laboratorio gratuito dedicato alle strutture ricettive, a Fa' la cosa giusta! Trento","robots":{"index":"index","follow":"follow","max-snippet":"max-snippet:-1","max-image-preview":"max-image-preview:large","max-video-preview":"max-video-preview:-1"},"canonical":"https:\/\/ecobnb.it\/blog\/eventi\/ospitalita-green-fa-la-cosa-giusta\/","og_locale":"it_IT","og_type":"article","og_title":"Guida all'Ospitalit\u00e0 Green, a Fa' la cosa giusta! Trento - Ecobnb","og_description":"Scopri come migliorare la tua ospitalit\u00e0 in chiave green. Partecipa al laboratorio gratuito dedicato alle strutture ricettive, a Fa' la cosa giusta! Trento","og_url":"https:\/\/ecobnb.it\/blog\/eventi\/ospitalita-green-fa-la-cosa-giusta\/","og_site_name":"Ecobnb","article_publisher":"https:\/\/www.facebook.com\/viaggiverdi","article_modified_time":"2024-11-19T14:28:34+00:00","og_image":[{"width":1170,"height":490,"url":"https:\/\/ecobnb.it\/blog\/app\/uploads\/sites\/2\/2014\/09\/Ospitalita-Green-Fa-la-cosa-giusta.jpg","type":"image\/jpeg"}],"twitter_misc":{"Est. reading time":"3 minutes"},"schema":{"@context":"https:\/\/schema.org","@graph":[{"@type":"WebPage","@id":"https:\/\/ecobnb.it\/blog\/eventi\/ospitalita-green-fa-la-cosa-giusta\/","url":"https:\/\/ecobnb.it\/blog\/eventi\/ospitalita-green-fa-la-cosa-giusta\/","name":"Guida all'Ospitalit\u00e0 Green, a Fa' la cosa giusta! Trento - Ecobnb","isPartOf":{"@id":"https:\/\/ecobnb.it\/blog\/#website"},"datePublished":"2014-09-26T14:16:57+00:00","dateModified":"2024-11-19T14:28:34+00:00","description":"Scopri come migliorare la tua ospitalit\u00e0 in chiave green. Partecipa al laboratorio gratuito dedicato alle strutture ricettive, a Fa' la cosa giusta! Trento","breadcrumb":{"@id":"https:\/\/ecobnb.it\/blog\/eventi\/ospitalita-green-fa-la-cosa-giusta\/#breadcrumb"},"inLanguage":"it-IT","potentialAction":[{"@type":"ReadAction","target":["https:\/\/ecobnb.it\/blog\/eventi\/ospitalita-green-fa-la-cosa-giusta\/"]}]},{"@type":"BreadcrumbList","@id":"https:\/\/ecobnb.it\/blog\/eventi\/ospitalita-green-fa-la-cosa-giusta\/#breadcrumb","itemListElement":[{"@type":"ListItem","position":1,"name":"Ecobnb Green Accademy: Eventi Formativi, workshop e Incontri","item":"https:\/\/ecobnb.it\/blog\/eventi\/"},{"@type":"ListItem","position":2,"name":"Guida all&#8217;Ospitalit\u00e0 Green, a Fa&#8217; la cosa giusta! Trento"}]},{"@type":"WebSite","@id":"https:\/\/ecobnb.it\/blog\/#website","url":"https:\/\/ecobnb.it\/blog\/","name":"Ecobnb","description":"Trova il tuo Alloggio Ecosostenibile","publisher":{"@id":"https:\/\/ecobnb.it\/blog\/#organization"},"potentialAction":[{"@type":"SearchAction","target":{"@type":"EntryPoint","urlTemplate":"https:\/\/ecobnb.it\/blog\/?s={search_term_string}"},"query-input":"required name=search_term_string"}],"inLanguage":"it-IT"},{"@type":"Organization","@id":"https:\/\/ecobnb.it\/blog\/#organization","name":"Ecobnb","url":"https:\/\/ecobnb.it\/blog\/","logo":{"@type":"ImageObject","inLanguage":"it-IT","@id":"https:\/\/ecobnb.it\/blog\/#\/schema\/logo\/image\/","url":"https:\/\/ecobnb.it\/blog\/app\/uploads\/sites\/2\/2016\/03\/logo_transparent_512x512.png","contentUrl":"https:\/\/ecobnb.it\/blog\/app\/uploads\/sites\/2\/2016\/03\/logo_transparent_512x512.png","width":512,"height":512,"caption":"Ecobnb"},"image":{"@id":"https:\/\/ecobnb.it\/blog\/#\/schema\/logo\/image\/"},"sameAs":["https:\/\/www.facebook.com\/viaggiverdi"]}]}},"_links":{"self":[{"href":"https:\/\/ecobnb.it\/blog\/wp-json\/wp\/v2\/pages\/9683"}],"collection":[{"href":"https:\/\/ecobnb.it\/blog\/wp-json\/wp\/v2\/pages"}],"about":[{"href":"https:\/\/ecobnb.it\/blog\/wp-json\/wp\/v2\/types\/page"}],"author":[{"embeddable":true,"href":"https:\/\/ecobnb.it\/blog\/wp-json\/wp\/v2\/users\/3"}],"replies":[{"embeddable":true,"href":"https:\/\/ecobnb.it\/blog\/wp-json\/wp\/v2\/comments?post=9683"}],"version-history":[{"count":13,"href":"https:\/\/ecobnb.it\/blog\/wp-json\/wp\/v2\/pages\/9683\/revisions"}],"predecessor-version":[{"id":82478,"href":"https:\/\/ecobnb.it\/blog\/wp-json\/wp\/v2\/pages\/9683\/revisions\/82478"}],"up":[{"embeddable":true,"href":"https:\/\/ecobnb.it\/blog\/wp-json\/wp\/v2\/pages\/16232"}],"wp:featuredmedia":[{"embeddable":true,"href":"https:\/\/ecobnb.it\/blog\/wp-json\/wp\/v2\/media\/9721"}],"wp:attachment":[{"href":"https:\/\/ecobnb.it\/blog\/wp-json\/wp\/v2\/media?parent=9683"}],"curies":[{"name":"wp","href":"https:\/\/api.w.org\/{rel}","templated":true}]}}