{"id":9524,"date":"2014-09-15T19:36:53","date_gmt":"2014-09-15T17:36:53","guid":{"rendered":"http:\/\/blog.viaggiverdi.it\/?page_id=9524"},"modified":"2020-03-11T13:34:10","modified_gmt":"2020-03-11T12:34:10","slug":"linee-guida-guest-post","status":"publish","type":"page","link":"https:\/\/ecobnb.it\/blog\/linee-guida-guest-post\/","title":{"rendered":"Linee Guida per la pubblicazione di Guest Post su Ecobnb"},"content":{"rendered":"<p><strong>Ecobnb<\/strong> \u00e8 un&#8217;avventura intrapresa per cambiare il modo di viaggiare e per far emergere, mettendole in rete, le possibilit\u00e0 di turismo rispettoso dell&#8217;ambiente, dell&#8217;economia e delle comunit\u00e0 locali.<\/p>\n<p>Per prima cosa, grazie! Se hai deciso di scrivere un articolo su queste pagine con l\u2019obiettivo di avviare una discussione con i nostri lettori, le righe che seguono ti aiuteranno a capire come potrai farlo al meglio.<\/p>\n<h3>Temi dei Guest Post<\/h3>\n<p>Su questo sito discutiamo di eco-sostenibilit\u00e0 e di persone in grado di <strong>cambiare il modo di viaggiare<\/strong>. Andiamo alla ricerca e valorizziamo tutte quelle possibilit\u00e0 per un turismo responsabile, rispettoso dell\u2019ambiente, dell\u2019economia e delle comunit\u00e0 locali.<\/p>\n<p>Gli articoli che preferiamo sono quelli che contengono riflessioni sui questi temi, che stimolano alla discussione costruttiva o che semplicemente raccontano storie nuove in grado di aggiungere valore al confronto.<\/p>\n<p>Ricorda tuttavia che nonostante la qualit\u00e0 globale del tuo contributo, alcuni argomenti potrebbero risultare abusati, o esser gi\u00e0 stati ampiamente trattati. Per questo ti consigliamo di contattarci in anticipo per valutare l\u2019effettiva efficacia dell\u2019argomento da te scelto.<\/p>\n<p><strong>Una nota importante<\/strong>: Ecobnb non accetta in alcun modo guest post puramente promozionali o press-release \u201ccamuffate da articolo\u201d. Non \u00e8 nemmeno possibile sfruttare questo spazio per ottenere link a buon mercato. Se hai intenzione di acquistare un publiredazionale su queste pagine, puoi scriverci invece dalla <strong><a href=\"https:\/\/ecobnb.it\/blog\/contatti\/\" target=\"_blank\" rel=\"noopener\">pagina Contatti<\/a> <\/strong>o inviarci una email a <strong>info [chiocciolina] ecobnb.com<\/strong>. Saremo felici di avviare un partnership con te!<\/p>\n<h3>Lunghezza<\/h3>\n<p>Crediamo che la lunghezza ideale di un articolo sia quella che ritieni necessaria per trasmettere il messaggio. Focalizzati dunque sullo scrivere articoli efficaci piuttosto che necessariamente lunghi.<\/p>\n<p>Per avere comunque una sorta di riferimento (assolutamente non vincolante), puoi considerare 500-700 parole come la lunghezza media desiderata.<\/p>\n<h3>Formattazione<\/h3>\n<p>Per rendere meglio comprensibile e pi\u00f9 stimolante graficamente il tuo articolo ti consigliamo di fare uso di titolature interne di secondo livello, liste puntate e di una o due immagini (vedi poco sotto). Ti chiediamo\u00a0di limitare l\u2019uso di link verso l\u2019esterno e di grassetti.<\/p>\n<h3>Immagini<\/h3>\n<p>Puoi fornire come immagine principale per il tuo articolo una qualsiasi immagine tu ritenga adeguata a supportare il contenuto, purch\u00e9 questa abbia una dimensione di 1170 x 490\u00a0pixel. Le altre immagini devono avere la dimensione di almeno 860 pixels.<\/p>\n<p>Puoi inviarci questa immagine tramite e-mail o indicandoci l\u2019indirizzo da dove effettuarne il download. Tutte le immagini, affinch\u00e9 possano essere pubblicate sul sito, devono essere libere da vincoli di copyright o distribuite sotto licenza Creative Commons Commerciale (http:\/\/creativecommons.org\/licenses\/by\/3.0\/it\/deed.it).<\/p>\n<p>Ci riserviamo la possibilit\u00e0 di non accettare le immagini suggerite se queste non fossero in linea con la qualit\u00e0 o l\u2019etica del nostro sito. Se ad ogni modo non fossi in grado di trovare un\u2019immagine adeguata al tuo articolo, non ti preoccupare: penser\u00e0 la redazione a trovare materiale adatto in fase di editing.<\/p>\n<h3>Editing<\/h3>\n<p>Prima della pubblicazione tutti gli articoli sono sottoposti a revisione, processo in cui viene effettuato un editing minimo volto a correggere eventuali refusi o errori di sintassi.<\/p>\n<p>Teniamo a sottolineare in particolar modo che in nessun caso modificheremo il senso dell\u2019articolo. Nel caso non dovessimo riuscire a comprendere qualche passaggio nell\u2019articolo inviato sar\u00e0 nostra premura contattarti privatamente per decidere insieme cosa modificare e dove.<\/p>\n<p>L\u2019obiettivo \u00e8 unicamente quello di poter rendere l\u2019esperienza proficua per entrambi i lati. Pubblicando un ottimo post su queste pagine otterrai visibilit\u00e0 dalla scrittura di un buon pezzo, mentre noi assicureremo ai nostri lettori contenuti di qualit\u00e0 e esenti da refusi.<\/p>\n<h3>Esclusivit\u00e0<\/h3>\n<p>Richiediamo che tutti i contributi pubblicati da guest writer su ecobnb.it siano forniti in via esclusiva. Pubblicando il tuo articolo sulle nostre pagine ne garantisci la sua originalit\u00e0 e accetti dunque di non ripubblicarlo in futuro n\u00e9 di averlo gi\u00e0 pubblicato (in toto o solo in parte) su altri siti.<\/p>\n<h3>Crediti<\/h3>\n<p>Ogni guest writer viene riconosciuto a fondo articolo da adeguati crediti. Puoi inviare insieme all\u2019articolo un breve paragrafo di presentazione e\u00a0un link di riferimento, che comparir\u00e0 nella\u00a0biografia.\u00a0Non\u00a0ammessi link all&#8217;interno del testo dell&#8217;articolo. L&#8217;autore del guest post pu\u00f2 registrarsi gratuitamente\u00a0a <a href=\"http:\/\/it.gravatar.com\/\" target=\"_blank\" rel=\"noopener\">gravatar.com<\/a>\u00a0ed inserire una sua\u00a0fotografia: questa\u00a0comparir\u00e0 automaticamente in fondo all&#8217;articolo, a fianco della biografia.<\/p>\n<p>&nbsp;<\/p>\n<h4>Potrebbe interessarti anche:<\/h4>\n<h4><a href=\"https:\/\/ecobnb.it\/blog\/media-kit-viaggiverdi-collaborazioni-numeri\/\" target=\"_blank\" rel=\"noopener\">Il media kit di ecobnb: collaborazioni e numeri\u00a0<\/a><\/h4>\n<p><em>Foto di Copertina:\u00a0ph. by Green Chameleon, Bristol, UK,\u00a0via unsplash<\/em><\/p>\n","protected":false},"excerpt":{"rendered":"<p>Ecobnb \u00e8 un&#8217;avventura intrapresa per cambiare il modo di viaggiare e per far emergere, mettendole in rete, le possibilit\u00e0 di turismo rispettoso dell&#8217;ambiente, dell&#8217;economia e delle comunit\u00e0 locali. Per prima cosa, grazie! Se hai deciso di scrivere un articolo su queste pagine con l\u2019obiettivo di avviare una discussione con i nostri lettori, le righe che [&hellip;]<\/p>\n","protected":false},"author":3,"featured_media":16788,"parent":0,"menu_order":0,"comment_status":"closed","ping_status":"open","template":"","meta":[],"acf":[],"yoast_head":"<!-- This site is optimized with the Yoast SEO plugin v19.9 - https:\/\/yoast.com\/wordpress\/plugins\/seo\/ -->\n<title>Linee Guida per la pubblicazione di Guest Post su Ecobnb - Ecobnb<\/title>\n<meta name=\"description\" content=\"Vuoi pubblicare un articolo su Ecobnb? Qui trovi le linee guida per le pubblicazioni dei Guest Post sul Blog dedicato al turismo sostenibile in Italia.\" \/>\n<meta name=\"robots\" content=\"index, follow, max-snippet:-1, max-image-preview:large, max-video-preview:-1\" \/>\n<link rel=\"canonical\" href=\"https:\/\/ecobnb.it\/blog\/linee-guida-guest-post\/\" \/>\n<meta property=\"og:locale\" content=\"it_IT\" \/>\n<meta property=\"og:type\" content=\"article\" \/>\n<meta property=\"og:title\" content=\"Linee Guida per la pubblicazione di Guest Post su Ecobnb - Ecobnb\" \/>\n<meta property=\"og:description\" content=\"Vuoi pubblicare un articolo su Ecobnb? Qui trovi le linee guida per le pubblicazioni dei Guest Post sul Blog dedicato al turismo sostenibile in Italia.\" \/>\n<meta property=\"og:url\" content=\"https:\/\/ecobnb.it\/blog\/linee-guida-guest-post\/\" \/>\n<meta property=\"og:site_name\" content=\"Ecobnb\" \/>\n<meta property=\"article:publisher\" content=\"https:\/\/www.facebook.com\/viaggiverdi\" \/>\n<meta property=\"article:modified_time\" content=\"2020-03-11T12:34:10+00:00\" \/>\n<meta property=\"og:image\" content=\"https:\/\/ecobnb.it\/blog\/app\/uploads\/sites\/2\/2014\/09\/Green-Chameleon-Bristol-UK-res.jpg\" \/>\n\t<meta property=\"og:image:width\" content=\"1170\" \/>\n\t<meta property=\"og:image:height\" content=\"490\" \/>\n\t<meta property=\"og:image:type\" content=\"image\/jpeg\" \/>\n<meta name=\"twitter:label1\" content=\"Est. reading time\" \/>\n\t<meta name=\"twitter:data1\" content=\"4 minutes\" \/>\n<!-- \/ Yoast SEO plugin. -->","yoast_head_json":{"title":"Linee Guida per la pubblicazione di Guest Post su Ecobnb - Ecobnb","description":"Vuoi pubblicare un articolo su Ecobnb? Qui trovi le linee guida per le pubblicazioni dei Guest Post sul Blog dedicato al turismo sostenibile in Italia.","robots":{"index":"index","follow":"follow","max-snippet":"max-snippet:-1","max-image-preview":"max-image-preview:large","max-video-preview":"max-video-preview:-1"},"canonical":"https:\/\/ecobnb.it\/blog\/linee-guida-guest-post\/","og_locale":"it_IT","og_type":"article","og_title":"Linee Guida per la pubblicazione di Guest Post su Ecobnb - Ecobnb","og_description":"Vuoi pubblicare un articolo su Ecobnb? Qui trovi le linee guida per le pubblicazioni dei Guest Post sul Blog dedicato al turismo sostenibile in Italia.","og_url":"https:\/\/ecobnb.it\/blog\/linee-guida-guest-post\/","og_site_name":"Ecobnb","article_publisher":"https:\/\/www.facebook.com\/viaggiverdi","article_modified_time":"2020-03-11T12:34:10+00:00","og_image":[{"width":1170,"height":490,"url":"https:\/\/ecobnb.it\/blog\/app\/uploads\/sites\/2\/2014\/09\/Green-Chameleon-Bristol-UK-res.jpg","type":"image\/jpeg"}],"twitter_misc":{"Est. reading time":"4 minutes"},"schema":{"@context":"https:\/\/schema.org","@graph":[{"@type":"WebPage","@id":"https:\/\/ecobnb.it\/blog\/linee-guida-guest-post\/","url":"https:\/\/ecobnb.it\/blog\/linee-guida-guest-post\/","name":"Linee Guida per la pubblicazione di Guest Post su Ecobnb - Ecobnb","isPartOf":{"@id":"https:\/\/ecobnb.it\/blog\/#website"},"datePublished":"2014-09-15T17:36:53+00:00","dateModified":"2020-03-11T12:34:10+00:00","description":"Vuoi pubblicare un articolo su Ecobnb? Qui trovi le linee guida per le pubblicazioni dei Guest Post sul Blog dedicato al turismo sostenibile in Italia.","inLanguage":"it-IT","potentialAction":[{"@type":"ReadAction","target":["https:\/\/ecobnb.it\/blog\/linee-guida-guest-post\/"]}]},{"@type":"WebSite","@id":"https:\/\/ecobnb.it\/blog\/#website","url":"https:\/\/ecobnb.it\/blog\/","name":"Ecobnb","description":"Trova il tuo Alloggio Ecosostenibile","publisher":{"@id":"https:\/\/ecobnb.it\/blog\/#organization"},"potentialAction":[{"@type":"SearchAction","target":{"@type":"EntryPoint","urlTemplate":"https:\/\/ecobnb.it\/blog\/?s={search_term_string}"},"query-input":"required name=search_term_string"}],"inLanguage":"it-IT"},{"@type":"Organization","@id":"https:\/\/ecobnb.it\/blog\/#organization","name":"Ecobnb","url":"https:\/\/ecobnb.it\/blog\/","logo":{"@type":"ImageObject","inLanguage":"it-IT","@id":"https:\/\/ecobnb.it\/blog\/#\/schema\/logo\/image\/","url":"https:\/\/ecobnb.it\/blog\/app\/uploads\/sites\/2\/2016\/03\/logo_transparent_512x512.png","contentUrl":"https:\/\/ecobnb.it\/blog\/app\/uploads\/sites\/2\/2016\/03\/logo_transparent_512x512.png","width":512,"height":512,"caption":"Ecobnb"},"image":{"@id":"https:\/\/ecobnb.it\/blog\/#\/schema\/logo\/image\/"},"sameAs":["https:\/\/www.facebook.com\/viaggiverdi"]}]}},"_links":{"self":[{"href":"https:\/\/ecobnb.it\/blog\/wp-json\/wp\/v2\/pages\/9524"}],"collection":[{"href":"https:\/\/ecobnb.it\/blog\/wp-json\/wp\/v2\/pages"}],"about":[{"href":"https:\/\/ecobnb.it\/blog\/wp-json\/wp\/v2\/types\/page"}],"author":[{"embeddable":true,"href":"https:\/\/ecobnb.it\/blog\/wp-json\/wp\/v2\/users\/3"}],"replies":[{"embeddable":true,"href":"https:\/\/ecobnb.it\/blog\/wp-json\/wp\/v2\/comments?post=9524"}],"version-history":[{"count":18,"href":"https:\/\/ecobnb.it\/blog\/wp-json\/wp\/v2\/pages\/9524\/revisions"}],"predecessor-version":[{"id":48798,"href":"https:\/\/ecobnb.it\/blog\/wp-json\/wp\/v2\/pages\/9524\/revisions\/48798"}],"wp:featuredmedia":[{"embeddable":true,"href":"https:\/\/ecobnb.it\/blog\/wp-json\/wp\/v2\/media\/16788"}],"wp:attachment":[{"href":"https:\/\/ecobnb.it\/blog\/wp-json\/wp\/v2\/media?parent=9524"}],"curies":[{"name":"wp","href":"https:\/\/api.w.org\/{rel}","templated":true}]}}