{"id":8999,"date":"2014-08-01T15:00:12","date_gmt":"2014-08-01T15:00:12","guid":{"rendered":"http:\/\/blog.viaggiverdi.it\/?page_id=8999"},"modified":"2025-06-18T13:49:16","modified_gmt":"2025-06-18T11:49:16","slug":"media-kit-viaggiverdi-collaborazioni-numeri","status":"publish","type":"page","link":"https:\/\/ecobnb.it\/blog\/media-kit-viaggiverdi-collaborazioni-numeri\/","title":{"rendered":"Il media kit di Ecobnb: collaborazioni e numeri"},"content":{"rendered":"<h2>Ecobnb: la pi\u00f9 grande community dedicata al viaggio sostenibile<\/h2>\n<p>Ecobnb \u00e8 un&#8217;avventura intrapresa per scoprire un <strong>modo diverso di viaggiare<\/strong>, rispettoso dell&#8217;ambiente, dei luoghi e delle comunit\u00e0 locali. Il <a href=\"https:\/\/ecobnb.it\/blog\" target=\"_blank\" rel=\"noopener\">blog di Ecobnb<\/a> \u00e8 voglia di viaggio, emozioni ed avventura. \u00c8\u00a0ricerca e determinazione per portare a realizzazione i propri sogni. \u00c8\u00a0ispirazione, suggestione, \u00e8 amore per il\u00a0nostro meraviglioso<strong> pianeta. <\/strong><a href=\"https:\/\/ecobnb.it\" target=\"_blank\" rel=\"noopener\">Ecobnb<\/a> \u00e8 il punto d\u2019incontro tra viaggiatori responsabili e strutture ricettive che stanno investendo in un futuro migliore. Continua a leggere per scoprire la nostra storia, i numeri di Ecobnb e in nostro <strong>media kit<\/strong>.<\/p>\n<h2>La storia<\/h2>\n<p><img class=\"alignnone size-large wp-image-45953\" src=\"https:\/\/ecobnb.it\/blog\/app\/uploads\/sites\/2\/2019\/11\/ecobnb-storia-870x490.jpg\" alt=\"storia di ecobnb\" width=\"870\" height=\"490\" srcset=\"https:\/\/ecobnb.it\/blog\/app\/uploads\/sites\/2\/2019\/11\/ecobnb-storia-870x490.jpg 870w, https:\/\/ecobnb.it\/blog\/app\/uploads\/sites\/2\/2019\/11\/ecobnb-storia-536x302.jpg 536w, https:\/\/ecobnb.it\/blog\/app\/uploads\/sites\/2\/2019\/11\/ecobnb-storia-768x432.jpg 768w, https:\/\/ecobnb.it\/blog\/app\/uploads\/sites\/2\/2019\/11\/ecobnb-storia-570x320.jpg 570w, https:\/\/ecobnb.it\/blog\/app\/uploads\/sites\/2\/2019\/11\/ecobnb-storia-344x194.jpg 344w, https:\/\/ecobnb.it\/blog\/app\/uploads\/sites\/2\/2019\/11\/ecobnb-storia.jpg 1920w\" sizes=\"(max-width: 870px) 100vw, 870px\" \/><\/p>\n<p>Il blog di <em>ViaggiVerdi &#8211; Ecobnb<\/em>\u00a0nasce nel\u00a02012, dal desiderio di <strong>promuovere un modo diverso di viaggiare<\/strong>, leggero sull&#8217;ambiente, importante per i luoghi e le persone che li abitano. A met\u00e0 tra la California e l&#8217;Italia, nel 2013 nasce il Blog di <em>ViaggiVerdi &#8211;<\/em> <em>ItalyGreenTravel<\/em>. Nel 2015 diventa <em>Ecobnb<\/em> per raccogliere tutte le esperienze e gli itinerari di turismo sostenibile, anche al di fuori del nostro paese.<\/p>\n<p>La rete di Ecobnb cresce in tutta grazie al <a href=\"https:\/\/ecobnb.it\/blog\/2014\/05\/ecodots-unione-europea-turismo-sostenibile\/\" target=\"_blank\" rel=\"noopener\">progetto europeo EcoDots<\/a>, ed al supporto di numerosi <a href=\"https:\/\/ecobnb.it\/blog\/partner\/\" target=\"_blank\" rel=\"noopener\">partners<\/a>. Nel 2017 Ecobnb riceve il prestigioso <a href=\"https:\/\/ecobnb.it\/blog\/2017\/01\/unwto-awards-turismo-sostenibile\/\" target=\"_blank\" rel=\"noopener\"><strong>premio dell&#8217;Organizzazione Mondiale del Turismo<\/strong> (UNWTO), agenzia delle Nazioni Unite, per l&#8217;eccellenza e l&#8217;innovazione\u00a0<\/a>nel turismo.<\/p>\n<p>Oggi Ecobnb \u00e8 una community di oltre <strong>due\u00a0milioni di viaggiatori<\/strong> interessati al<strong>\u00a0turismo sostenibile <\/strong>e<strong> migliaia di strutture ricettive eco-sostenibili <\/strong>in pi\u00f9 di <strong>95 paesi del mondo<\/strong>.<\/p>\n<p>Condividiamo esperienze di vacanza a contatto con la natura, itinerari alla scoperta di\u00a0<strong>destinazioni meno note.<\/strong>\u00a0<strong>Viaggi lenti<\/strong>, a piedi, in bicicletta, in canoa, a cavallo, in barca a vela, in treno, ecc. ed esperienze di vita autentica dei luoghi che visitiamo.<\/p>\n<h2><a href=\"https:\/\/ecobnb.it\/blog\/turismo-responsabile-italia\/\" target=\"_blank\" rel=\"noopener\">Chi siamo<\/a><\/h2>\n<p><iframe loading=\"lazy\" src=\"https:\/\/www.youtube.com\/embed\/Au1RewRlWxs\" width=\"870\" height=\"490\" frameborder=\"0\" allowfullscreen=\"allowfullscreen\"><\/iframe><\/p>\n<h2>Il Blog di Ecobnb:\u00a0Media Kit<\/h2>\n<p>La mission di Ecobnb \u00e8 scoprire e raccontare un modo nuovo di viaggiare. Promuovere il cambiamento che volgliamo vedere nel mondo.<\/p>\n<p>Nel nostro <a href=\"https:\/\/ecobnb.it\/blog\" target=\"_blank\" rel=\"noopener\">blog<\/a> raccontiamo:<\/p>\n<ul>\n<li>Avventure, emozioni ed <strong>esperienze di viaggio responsabile<\/strong>.<\/li>\n<li><strong>Itinerari slow<\/strong>, a piedi o in bicicletta, in treno o a cavallo, o con qualsiasi mezzo purch\u00e9 basso impatto ambientale.<\/li>\n<li><strong>Consigli<\/strong> pratici da mettere in atto subito per ridurre l&#8217;impatto ambientale dei nostri viaggi e delle nostre vacanze, per rendere la nostra vita pi\u00f9 green e le nostre scelte pi\u00f9 rispettose del pianeta<\/li>\n<li><strong>Luoghi meno noti<\/strong>, realt\u00e0 poco conosciute e meno turistiche.<\/li>\n<li><strong>Strutture ricettive<\/strong> e tour operator che stanno investendo nella sostenibilit\u00e0.<\/li>\n<\/ul>\n<h2>I numeri di Ecobnb a Giugno 2025<\/h2>\n<p><img class=\"alignnone size-large wp-image-45949\" src=\"https:\/\/ecobnb.it\/blog\/app\/uploads\/sites\/2\/2019\/11\/numeri-ecobnb-870x490.jpg\" alt=\"numeri di ecobnb\" width=\"870\" height=\"490\" srcset=\"https:\/\/ecobnb.it\/blog\/app\/uploads\/sites\/2\/2019\/11\/numeri-ecobnb-870x490.jpg 870w, https:\/\/ecobnb.it\/blog\/app\/uploads\/sites\/2\/2019\/11\/numeri-ecobnb-536x302.jpg 536w, https:\/\/ecobnb.it\/blog\/app\/uploads\/sites\/2\/2019\/11\/numeri-ecobnb-768x432.jpg 768w, https:\/\/ecobnb.it\/blog\/app\/uploads\/sites\/2\/2019\/11\/numeri-ecobnb-570x320.jpg 570w, https:\/\/ecobnb.it\/blog\/app\/uploads\/sites\/2\/2019\/11\/numeri-ecobnb-344x194.jpg 344w, https:\/\/ecobnb.it\/blog\/app\/uploads\/sites\/2\/2019\/11\/numeri-ecobnb.jpg 1920w\" sizes=\"(max-width: 870px) 100vw, 870px\" \/><\/p>\n<ul>\n<li><strong>Visualizzazioni di pagina<\/strong>: 700.000+ al mese (+ 8 milioni di visualizzazioni all&#8217;anno)<\/li>\n<li><strong>Utenti<\/strong>: 230.000+ al mese (2,75 milioni di utenti all&#8217;anno)<\/li>\n<li><strong>Durata media sessioni<\/strong>: 2,68 min<\/li>\n<li><strong>% nuove sessioni<\/strong>: 89%<\/li>\n<li><strong>Dati geografici di Ecobnb<\/strong>: 62% Italia, 13% USA, 4% UK, 6% Spagna, 4% Germania, 3% Francia<\/li>\n<li><strong>Acquisizione:<\/strong>\u00a084% organico, 11% diretto, 2% referral, 2% social, 1% email<\/li>\n<\/ul>\n<h2>Social Media<\/h2>\n<ul>\n<li><strong>Twitter<\/strong>\u00a05.000+\u00a0follower<\/li>\n<li><strong>Facebook<\/strong> fan page 25.000+ fan (+15.000 italiani, +10.000 stranieri)<\/li>\n<li><strong>Pinterest<\/strong> 23.300+ visitatori unici al mese<\/li>\n<li><strong>Instagram<\/strong> 7.200 + followers<\/li>\n<\/ul>\n<h2>Parlano di noi<\/h2>\n<p><img class=\"alignnone size-large wp-image-45952\" src=\"https:\/\/ecobnb.it\/blog\/app\/uploads\/sites\/2\/2019\/11\/ECOBNB-rassegna-stampa-870x490.jpg\" alt=\"ECOBNB rassegna stampa\" width=\"870\" height=\"490\" srcset=\"https:\/\/ecobnb.it\/blog\/app\/uploads\/sites\/2\/2019\/11\/ECOBNB-rassegna-stampa-870x490.jpg 870w, https:\/\/ecobnb.it\/blog\/app\/uploads\/sites\/2\/2019\/11\/ECOBNB-rassegna-stampa-536x302.jpg 536w, https:\/\/ecobnb.it\/blog\/app\/uploads\/sites\/2\/2019\/11\/ECOBNB-rassegna-stampa-768x432.jpg 768w, https:\/\/ecobnb.it\/blog\/app\/uploads\/sites\/2\/2019\/11\/ECOBNB-rassegna-stampa-570x320.jpg 570w, https:\/\/ecobnb.it\/blog\/app\/uploads\/sites\/2\/2019\/11\/ECOBNB-rassegna-stampa-344x194.jpg 344w, https:\/\/ecobnb.it\/blog\/app\/uploads\/sites\/2\/2019\/11\/ECOBNB-rassegna-stampa.jpg 1920w\" sizes=\"(max-width: 870px) 100vw, 870px\" \/><\/p>\n<p><a href=\"https:\/\/www.bbc.com\/news\/business-67306635\" target=\"_blank\" rel=\"noopener\">BBC, \u00ab<strong>Tourists are rethinking their relationship with Earth<\/strong>\u00bb<\/a><\/p>\n<p><strong><a href=\"http:\/\/www.lastampa.it\/2015\/09\/08\/scienza\/ambiente\/attualita\/arriva-ecobnb-il-portale-dei-bnb-green-certificati-mHdXobgHTSjvd22ZpDbX1M\/pagina.html\" target=\"_blank\" rel=\"noopener\">La Stampa<\/a><\/strong><a href=\"http:\/\/www.lastampa.it\/2015\/09\/08\/scienza\/ambiente\/attualita\/arriva-ecobnb-il-portale-dei-bnb-green-certificati-mHdXobgHTSjvd22ZpDbX1M\/pagina.html\" target=\"_blank\" rel=\"noopener\">,\u00a0\u00abArriva Ecobnb, il portale dei B&amp;B green certificati\u00bb<\/a><\/p>\n<p><a href=\"http:\/\/www.ilfattoquotidiano.it\/2015\/08\/30\/ecobnb-un-airbnb-green-per-dormire-tra-igloo-monasteri-e-case-sullalbero\/1995209\/\" target=\"_blank\" rel=\"noopener\"><strong>Il Fatto Quotidiano<\/strong>,\u00a0\u00abEcobnb, un Airbnb Green per dormire tra igloo, monasteri e case sull&#8217;albero\u00bb<\/a><\/p>\n<p><a href=\"http:\/\/corriereinnovazione.corriere.it\/2015\/08\/06\/biologico-pannelli-eco-detergenti-nasce-italia-l-airbnb-ecologisti-49c9d6dc-3c7f-11e5-923b-31d1f7def042.shtml\" target=\"_blank\" rel=\"noopener\"><strong>Correre Innovazione<\/strong>,\u00a0\u00abEcobnb Dormire Ecologico\u00bb<\/a><\/p>\n<p><a href=\"https:\/\/ecobnb.it\/blog\/2015\/02\/il-sole-24-ore-viaggi-natura\/\" target=\"_blank\" rel=\"noopener\"><strong>Il Sole 24 Ore<\/strong>,\u00a0\u00abLa casa sull&#8217;albero si prenota online\u00bb<\/a><\/p>\n<p><a href=\"https:\/\/ecobnb.it\/blog\/2013\/07\/viaggia-green-cosmopolitan-parla-di-viaggiverdi\/\" target=\"_blank\" rel=\"noopener\"><strong>Cosmopolitan<\/strong>, \u00abViaggia Green\u00bb<\/a><\/p>\n<p><a href=\"http:\/\/www.casa24.ilsole24ore.com\/art\/mercato-immobiliare\/2015-02-27\/ecobnbcom-portale-alloggi-vacanza-110007.php?uuid=AbNovfJL\" target=\"_blank\" rel=\"noopener\"><strong>Il Sole 24 Ore<\/strong>,\u00a0\u00abEcobnb.com, il portale degli alloggi vacanza sostenibili. Certificati dagli utenti\u00bb<\/a><\/p>\n<p><a href=\"https:\/\/ecobnb.it\/blog\/2013\/09\/ora-la-vacanza-e-ecofriendly\/\" target=\"_blank\" rel=\"noopener\"><strong>Donna Moderna<\/strong>, \u00abOra la vacanza \u00e8 Eco Friendly\u00bb<\/a><\/p>\n<p><strong><a href=\"https:\/\/ecobnb.it\/blog\/2019\/04\/rai1-startup-best-program\/\" target=\"_blank\" rel=\"noopener\">Rai1 Startup &amp; Lavoro<\/a><\/strong><\/p>\n<p>L\u2019Espresso, \u00abEcoturismo e Internet\u00bb<\/p>\n<p><a href=\"https:\/\/ecobnb.it\/blog\/2014\/03\/io-dormo-eco\/\" target=\"_blank\" rel=\"noopener\"><strong>L\u2019Espresso<\/strong>, \u00abIo dormo eco\u00bb<\/a><\/p>\n<p><a href=\"https:\/\/ecobnb.it\/blog\/2014\/01\/viaggiverdi-tecnologia-vacanza\/\" target=\"_blank\" rel=\"noopener\"><strong>BuoneNotizie.it<\/strong>, \u00abViaggiVerdi: la tecnologia al servizio del turismo sostenibile\u00bb<\/a><\/p>\n<p><strong>LaStampa.it<\/strong>, \u00abViaggiVerdi, un modo virtuoso di fare turismo\u00bb<\/p>\n<p><a href=\"https:\/\/ecobnb.it\/blog\/2013\/09\/business-a-km-zero-viaggiverdi-su-millionaire\/\" target=\"_blank\" rel=\"noopener\"><strong>Millionaire<\/strong>, \u00abBusiness a km0. Organizzo Viaggi Verdi\u00bb<\/a><\/p>\n<p><strong>Piu Turismo<\/strong>, \u00abNuovi modi di viaggiare. Concetto di vacanza democratica, intelligiente ed ecosostenibile\u00bb<\/p>\n<p><strong>Plein Air<\/strong>, \u00abEmilia Romagna fa rima con rispettare.\u00bb<\/p>\n<p><a href=\"https:\/\/ecobnb.it\/blog\/2013\/07\/viaggiare-in-armonia-con-la-natura-larticolo-di-agora-news\/\" target=\"_blank\" rel=\"noopener\"><strong>Agora News<\/strong>, \u00abViaggiare in Armonia con la Natura\u00bb<\/a><\/p>\n<p><a href=\"https:\/\/ecobnb.it\/blog\/2014\/03\/dove-whatsapp-vai-il-corriere-della-sera-nel-magazine-style-parla-di-viaggiverdi\/\" target=\"_blank\" rel=\"noopener\"><strong>Style magazine<\/strong> (Corriere della Sera), \u00abDove WhatsApp vai?\u00bb<\/a><\/p>\n<p><a href=\"https:\/\/ecobnb.it\/blog\/2014\/06\/turismo-benessere-eco-repubblica\/\" target=\"_blank\" rel=\"noopener\"><strong>Repubblica.it<\/strong> \u00abDalla casetta sull\u2019albero alle ecospiagge, turismo e benessere sono eco-friendly\u00bb<\/a><\/p>\n<p><a href=\"https:\/\/ecobnb.it\/blog\/2014\/07\/hotel-in-paglia-vacanze-sostenibili-viversaniebelli-viaggiverdi\/\" target=\"_blank\" rel=\"noopener\"><strong>Viver Sani e Belli<\/strong>, \u00abL\u2019hotel in paglia per un bassissimo impatto\u00bb<\/a><\/p>\n<p><a href=\"https:\/\/ecobnb.it\/blog\/2014\/07\/puglia-paradisi-sole-mare-vacanze\/\" target=\"_blank\" rel=\"noopener\"><strong>F magazine,<\/strong> \u00abItalia meravigliosa. Qui ti stendi al sole e sogni\u00bb<\/a><\/p>\n<p><a href=\"http:\/\/viaggi.ilmessaggero.it\/italia\/piedi_mountain_bike_itinerari_italia-1578601.html\" target=\"_blank\" rel=\"noopener\"><strong>Il Messaggero<\/strong>,\u00a0\u00abA piedi o in mountain bike: gli itinerari pi\u00f9 panoramici d&#8217;Italia\u00bb<\/a><\/p>\n<p><a href=\"https:\/\/ecobnb.it\/blog\/2019\/02\/rivista-dove\/\" target=\"_blank\" rel=\"noopener\"><strong>Dove<\/strong>,\u00a0\u00abRisvegli di Primavera. Idee di Benessere per il weekend all\u2019aperto\u00bb<\/a><\/p>\n<p><a href=\"https:\/\/ecobnb.it\/blog\/2019\/01\/io-e-il-mio-bambino\/\" target=\"_blank\" rel=\"noopener\"><strong>Io e il mio Bambino<\/strong>, \u00abLe stanze dei sogni\u00bb<\/a><\/p>\n<p><a href=\"https:\/\/ecobnb.it\/blog\/2025\/02\/the-guardian-consiglia-ecobnb-migliori-piattaforme-alternative-prenotazione\/\" target=\"_blank\" rel=\"noopener\">The Guardian, \u00abA break from the accommodation mega-sites: the best alternative booking platforms\u00bb<\/a><\/p>\n<h3>&#8230;.. <a href=\"https:\/\/ecobnb.it\/blog\/category\/stampa\/\" target=\"_blank\" rel=\"noopener\">Vedi tutta la Rassegna Stampa di Ecobnb<\/a><\/h3>\n<p><strong>Siamo partners e co-organizzatori di<\/strong> <a href=\"https:\/\/ecobnb.it\/blog\/2014\/05\/itaca-migranti-viaggiatori-festival-turismo-responsabile-2014\/\" target=\"_blank\" rel=\"noopener\"><strong>IT.A.CA\u2019: Migranti e Viaggiatori, il festival del turismo responsabile<\/strong><\/a>, che\u00a0promuove una nuova idea di turismo, pi\u00f9 etico, rispettoso dell\u2019ambiente e delle persone che vi abitano.<\/p>\n","protected":false},"excerpt":{"rendered":"<p>Ecobnb: la pi\u00f9 grande community dedicata al viaggio sostenibile Ecobnb \u00e8 un&#8217;avventura intrapresa per scoprire un modo diverso di viaggiare, rispettoso dell&#8217;ambiente, dei luoghi e delle comunit\u00e0 locali. Il blog di Ecobnb \u00e8 voglia di viaggio, emozioni ed avventura. \u00c8\u00a0ricerca e determinazione per portare a realizzazione i propri sogni. \u00c8\u00a0ispirazione, suggestione, \u00e8 amore per il\u00a0nostro [&hellip;]<\/p>\n","protected":false},"author":3,"featured_media":45946,"parent":0,"menu_order":0,"comment_status":"closed","ping_status":"open","template":"","meta":[],"acf":[],"yoast_head":"<!-- This site is optimized with the Yoast SEO plugin v19.9 - https:\/\/yoast.com\/wordpress\/plugins\/seo\/ -->\n<title>Il media kit di Ecobnb: collaborazioni e numeri - Ecobnb<\/title>\n<meta name=\"description\" content=\"Il media kit di Ecobnb, il sito dedicato al viaggio sostenibile in Europa. Scopri i nostri numeri, le collaborazioni e chi ha parlato di noi!\" \/>\n<meta name=\"robots\" content=\"index, follow, max-snippet:-1, max-image-preview:large, max-video-preview:-1\" \/>\n<link rel=\"canonical\" href=\"https:\/\/ecobnb.it\/blog\/media-kit-viaggiverdi-collaborazioni-numeri\/\" \/>\n<meta property=\"og:locale\" content=\"it_IT\" \/>\n<meta property=\"og:type\" content=\"article\" \/>\n<meta property=\"og:title\" content=\"Il media kit di Ecobnb: collaborazioni e numeri - Ecobnb\" \/>\n<meta property=\"og:description\" content=\"Il media kit di Ecobnb, il sito dedicato al viaggio sostenibile in Europa. Scopri i nostri numeri, le collaborazioni e chi ha parlato di noi!\" \/>\n<meta property=\"og:url\" content=\"https:\/\/ecobnb.it\/blog\/media-kit-viaggiverdi-collaborazioni-numeri\/\" \/>\n<meta property=\"og:site_name\" content=\"Ecobnb\" \/>\n<meta property=\"article:publisher\" content=\"https:\/\/www.facebook.com\/viaggiverdi\" \/>\n<meta property=\"article:modified_time\" content=\"2025-06-18T11:49:16+00:00\" \/>\n<meta property=\"og:image\" content=\"https:\/\/ecobnb.it\/blog\/app\/uploads\/sites\/2\/2019\/11\/ecobnb-media-kit.jpg\" \/>\n\t<meta property=\"og:image:width\" content=\"1170\" \/>\n\t<meta property=\"og:image:height\" content=\"490\" \/>\n\t<meta property=\"og:image:type\" content=\"image\/jpeg\" \/>\n<meta name=\"twitter:label1\" content=\"Est. reading time\" \/>\n\t<meta name=\"twitter:data1\" content=\"5 minutes\" \/>\n<!-- \/ Yoast SEO plugin. -->","yoast_head_json":{"title":"Il media kit di Ecobnb: collaborazioni e numeri - Ecobnb","description":"Il media kit di Ecobnb, il sito dedicato al viaggio sostenibile in Europa. Scopri i nostri numeri, le collaborazioni e chi ha parlato di noi!","robots":{"index":"index","follow":"follow","max-snippet":"max-snippet:-1","max-image-preview":"max-image-preview:large","max-video-preview":"max-video-preview:-1"},"canonical":"https:\/\/ecobnb.it\/blog\/media-kit-viaggiverdi-collaborazioni-numeri\/","og_locale":"it_IT","og_type":"article","og_title":"Il media kit di Ecobnb: collaborazioni e numeri - Ecobnb","og_description":"Il media kit di Ecobnb, il sito dedicato al viaggio sostenibile in Europa. Scopri i nostri numeri, le collaborazioni e chi ha parlato di noi!","og_url":"https:\/\/ecobnb.it\/blog\/media-kit-viaggiverdi-collaborazioni-numeri\/","og_site_name":"Ecobnb","article_publisher":"https:\/\/www.facebook.com\/viaggiverdi","article_modified_time":"2025-06-18T11:49:16+00:00","og_image":[{"width":1170,"height":490,"url":"https:\/\/ecobnb.it\/blog\/app\/uploads\/sites\/2\/2019\/11\/ecobnb-media-kit.jpg","type":"image\/jpeg"}],"twitter_misc":{"Est. reading time":"5 minutes"},"schema":{"@context":"https:\/\/schema.org","@graph":[{"@type":"WebPage","@id":"https:\/\/ecobnb.it\/blog\/media-kit-viaggiverdi-collaborazioni-numeri\/","url":"https:\/\/ecobnb.it\/blog\/media-kit-viaggiverdi-collaborazioni-numeri\/","name":"Il media kit di Ecobnb: collaborazioni e numeri - Ecobnb","isPartOf":{"@id":"https:\/\/ecobnb.it\/blog\/#website"},"datePublished":"2014-08-01T15:00:12+00:00","dateModified":"2025-06-18T11:49:16+00:00","description":"Il media kit di Ecobnb, il sito dedicato al viaggio sostenibile in Europa. Scopri i nostri numeri, le collaborazioni e chi ha parlato di noi!","inLanguage":"it-IT","potentialAction":[{"@type":"ReadAction","target":["https:\/\/ecobnb.it\/blog\/media-kit-viaggiverdi-collaborazioni-numeri\/"]}]},{"@type":"WebSite","@id":"https:\/\/ecobnb.it\/blog\/#website","url":"https:\/\/ecobnb.it\/blog\/","name":"Ecobnb","description":"Trova il tuo Alloggio Ecosostenibile","publisher":{"@id":"https:\/\/ecobnb.it\/blog\/#organization"},"potentialAction":[{"@type":"SearchAction","target":{"@type":"EntryPoint","urlTemplate":"https:\/\/ecobnb.it\/blog\/?s={search_term_string}"},"query-input":"required name=search_term_string"}],"inLanguage":"it-IT"},{"@type":"Organization","@id":"https:\/\/ecobnb.it\/blog\/#organization","name":"Ecobnb","url":"https:\/\/ecobnb.it\/blog\/","logo":{"@type":"ImageObject","inLanguage":"it-IT","@id":"https:\/\/ecobnb.it\/blog\/#\/schema\/logo\/image\/","url":"https:\/\/ecobnb.it\/blog\/app\/uploads\/sites\/2\/2016\/03\/logo_transparent_512x512.png","contentUrl":"https:\/\/ecobnb.it\/blog\/app\/uploads\/sites\/2\/2016\/03\/logo_transparent_512x512.png","width":512,"height":512,"caption":"Ecobnb"},"image":{"@id":"https:\/\/ecobnb.it\/blog\/#\/schema\/logo\/image\/"},"sameAs":["https:\/\/www.facebook.com\/viaggiverdi"]}]}},"_links":{"self":[{"href":"https:\/\/ecobnb.it\/blog\/wp-json\/wp\/v2\/pages\/8999"}],"collection":[{"href":"https:\/\/ecobnb.it\/blog\/wp-json\/wp\/v2\/pages"}],"about":[{"href":"https:\/\/ecobnb.it\/blog\/wp-json\/wp\/v2\/types\/page"}],"author":[{"embeddable":true,"href":"https:\/\/ecobnb.it\/blog\/wp-json\/wp\/v2\/users\/3"}],"replies":[{"embeddable":true,"href":"https:\/\/ecobnb.it\/blog\/wp-json\/wp\/v2\/comments?post=8999"}],"version-history":[{"count":55,"href":"https:\/\/ecobnb.it\/blog\/wp-json\/wp\/v2\/pages\/8999\/revisions"}],"predecessor-version":[{"id":85655,"href":"https:\/\/ecobnb.it\/blog\/wp-json\/wp\/v2\/pages\/8999\/revisions\/85655"}],"wp:featuredmedia":[{"embeddable":true,"href":"https:\/\/ecobnb.it\/blog\/wp-json\/wp\/v2\/media\/45946"}],"wp:attachment":[{"href":"https:\/\/ecobnb.it\/blog\/wp-json\/wp\/v2\/media?parent=8999"}],"curies":[{"name":"wp","href":"https:\/\/api.w.org\/{rel}","templated":true}]}}