{"id":88148,"date":"2025-12-12T08:46:09","date_gmt":"2025-12-12T07:46:09","guid":{"rendered":"https:\/\/ecobnb.it\/blog\/?page_id=88148"},"modified":"2026-02-14T13:32:44","modified_gmt":"2026-02-14T12:32:44","slug":"core-t-shirt-sostenibile-carbon-neutral-cotone-biologico","status":"publish","type":"page","link":"https:\/\/ecobnb.it\/blog\/core-t-shirt-sostenibile-carbon-neutral-cotone-biologico\/","title":{"rendered":"CORE: la t-shirt carbon neutral in cotone biologico che custodisce foreste secolari"},"content":{"rendered":"\n<p>Chi sceglie ogni giorno di vivere con attenzione, cura e responsabilit\u00e0 sa bene quanto contino i <strong>piccoli gesti<\/strong>. Il cambiamento non nasce da un\u2019azione straordinaria, ma dalle <strong>decisioni quotidiane<\/strong>: acquistare in modo consapevole, preferire ci\u00f2 che dura nel tempo, scegliere prodotti che rispettano il pianeta.<\/p>\n\n\n\n<h2>T-SHIRT CORE: essenziale, etica, autenticamente sostenibile<\/h2>\n\n\n\n<figure class=\"wp-block-image size-full\"><img width=\"870\" height=\"490\" src=\"https:\/\/ecobnb.it\/blog\/app\/uploads\/sites\/2\/2025\/12\/3.jpg\" alt=\"t-shirt carbon neutral in cotone biologico\" class=\"wp-image-88152\" srcset=\"https:\/\/ecobnb.it\/blog\/app\/uploads\/sites\/2\/2025\/12\/3.jpg 870w, https:\/\/ecobnb.it\/blog\/app\/uploads\/sites\/2\/2025\/12\/3-536x302.jpg 536w, https:\/\/ecobnb.it\/blog\/app\/uploads\/sites\/2\/2025\/12\/3-768x433.jpg 768w, https:\/\/ecobnb.it\/blog\/app\/uploads\/sites\/2\/2025\/12\/3-570x320.jpg 570w, https:\/\/ecobnb.it\/blog\/app\/uploads\/sites\/2\/2025\/12\/3-344x194.jpg 344w\" sizes=\"(max-width: 870px) 100vw, 870px\" \/><\/figure>\n\n\n\n<p>La <strong>t-shirt CORE<\/strong> \u00e8 una t-shirt <strong>carbon neutral in cotone biologico<\/strong> certificato, coltivato senza pesticidi e lavorato in una filiera completamente trasparente in Portogallo.<\/p>\n\n\n\n<p>La stampa viene eseguita con <strong>inchiostri ecologici<\/strong>, e l\u2019intero processo produttivo \u00e8 <strong>a impatto zero<\/strong>, grazie alla compensazione tramite il progetto di tutela delle foreste secolari.<\/p>\n\n\n\n<p>Nessuna produzione anonima, nessun passaggio opaco: solo materiali puliti, certificati e una responsabilit\u00e0 sociale reale.<\/p>\n\n\n\n<p>Il risultato \u00e8 un capo <strong>essenziale, morbido, durevole e di alta qualit\u00e0<\/strong>, pensato per chi sceglie di acquistare meno, ma meglio.<\/p>\n\n\n\n<p style=\"text-align:center; margin:25px 0;\">\n  <a href=\"https:\/\/ecobnb.it\/payment\/custom\/show\/eyJwcmljZSI6NDY3MiwiZGVzY3JpcHRpb24iOiJULXNoaXJ0IENhcmJvbiBOZXV0cmFsIGluIGNvdG9uZSBiaW9sb2dpY28gXHUyMDEzIFRhZ2xpYSBNIiwiZGlzY291bnQiOjY1NiwidGhhbmtfeW91X2J0biI6IkdyYXppZSBkaSBjdW9yZSEgQ29uIGlsIHR1byBhY3F1aXN0byBwcm90ZWdnaSBmb3Jlc3RlIHNlY29sYXJpLiBMYSBULVNoaXJ0IENvcmUgc2FyXHUwMGUwIHNwZWRpdGEgYWwgcGlcdTAwZjkgcHJlc3RvISBpbmZvQGVjb2JuYi5jb20iLCJ0aGFua195b3VfdXJsIjoiaHR0cHM6XC9cL2Vjb2JuYi5pdFwvYmxvZ1wvY29yZS10LXNoaXJ0LXNvc3RlbmliaWxlXC8iLCJidWxsZXRzIjpbIjEwMCUgY290b25lIGJpb2xvZ2ljbyBjZXJ0aWZpY2F0bzogbW9yYmlkbywgbmF0dXJhbGUgZSBzb3N0ZW5pYmlsZSIsIkZpbGF0dXJhLCBUZXNzaXR1cmEgZSBTdGFtcGEgRWNvbG9naWNhIG1hZGUgaW4gRXVyb3BlIiwiQ2FyYm9uIE5ldXRyYWw6IGNvbXBlbnNpYW1vIGxlIGVtaXNzaW9uaSBwcmVzZXJ2YW5kbyBmb3Jlc3RlIHNlY29sYXJpIGluIEl0YWxpYSIsIkNlcnRpZmljYXRvIGRpIGZvcmVzdGEgc2Vjb2xhcmUgcHJlc2VydmF0YSBpbmNsdXNvIiwiU3BlZGl6aW9uZSBncmF0dWl0YSBhbGxcdTIwMTlpbmRpcml6em8gZGkgZmF0dHVyYXppb25lIGluZGljYXRvIl19\" target=\"_blank\" rel=\"noreferrer noopener\" style=\"background:#85b15e; color:#ffffff; padding:14px 22px; text-decoration:none; border-radius:6px; font-weight:bold; display:inline-block;\">\n     Acquista la Tua T-shirt CORE Taglia M\n  <\/a>\n<\/p>\n\n\n\n<p style=\"text-align:center; margin:25px 0;\">\n  <a href=\"https:\/\/ecobnb.it\/payment\/custom\/show\/eyJwcmljZSI6NDY3MiwiZGVzY3JpcHRpb24iOiJULXNoaXJ0IENhcmJvbiBOZXV0cmFsIGluIGNvdG9uZSBiaW9sb2dpY28gXHUyMDEzIFRhZ2xpYSBMIiwiZGlzY291bnQiOjY1NiwidGhhbmtfeW91X2J0biI6IkdyYXppZSBkaSBjdW9yZSEgQ29uIGlsIHR1byBhY3F1aXN0byBwcm90ZWdnaSBmb3Jlc3RlIHNlY29sYXJpLiBMYSBULVNoaXJ0IENvcmUgc2FyXHUwMGUwIHNwZWRpdGEgYWwgcGlcdTAwZjkgcHJlc3RvISBpbmZvQGVjb2JuYi5jb20iLCJ0aGFua195b3VfdXJsIjoiaHR0cHM6XC9cL2Vjb2JuYi5pdFwvYmxvZ1wvY29yZS10LXNoaXJ0LXNvc3RlbmliaWxlXC8iLCJidWxsZXRzIjpbIjEwMCUgY290b25lIGJpb2xvZ2ljbyBjZXJ0aWZpY2F0bzogbW9yYmlkbywgbmF0dXJhbGUgZSBzb3N0ZW5pYmlsZSIsIkZpbGF0dXJhLCBUZXNzaXR1cmEgZSBTdGFtcGEgRWNvbG9naWNhIG1hZGUgaW4gRXVyb3BlIiwiQ2FyYm9uIE5ldXRyYWw6IGNvbXBlbnNpYW1vIGxlIGVtaXNzaW9uaSBwcmVzZXJ2YW5kbyBmb3Jlc3RlIHNlY29sYXJpIGluIEl0YWxpYSIsIkNlcnRpZmljYXRvIGRpIGZvcmVzdGEgc2Vjb2xhcmUgcHJlc2VydmF0YSBpbmNsdXNvIiwiU3BlZGl6aW9uZSBncmF0dWl0YSBhbGxcdTIwMTlpbmRpcml6em8gZGkgZmF0dHVyYXppb25lIGluZGljYXRvIl19\" target=\"_blank\" rel=\"noreferrer noopener\" style=\"background:#85b15e; color:#ffffff; padding:14px 22px; text-decoration:none; border-radius:6px; font-weight:bold; display:inline-block;\">\n     Acquista la tua T-shirt CORE &#8211; Taglia L \n  <\/a>\n<\/p>\n\n\n\n<h2>Perch\u00e9 scegliere una t-shirt carbon neutral in cotone biologico<\/h2>\n\n\n\n<figure class=\"wp-block-image size-full\"><img width=\"870\" height=\"490\" src=\"https:\/\/ecobnb.it\/blog\/app\/uploads\/sites\/2\/2025\/12\/1.jpg\" alt=\"t-shirt etica sostenibile in cotone biologico e carbon neutral\" class=\"wp-image-88150\" srcset=\"https:\/\/ecobnb.it\/blog\/app\/uploads\/sites\/2\/2025\/12\/1.jpg 870w, https:\/\/ecobnb.it\/blog\/app\/uploads\/sites\/2\/2025\/12\/1-536x302.jpg 536w, https:\/\/ecobnb.it\/blog\/app\/uploads\/sites\/2\/2025\/12\/1-768x433.jpg 768w, https:\/\/ecobnb.it\/blog\/app\/uploads\/sites\/2\/2025\/12\/1-570x320.jpg 570w, https:\/\/ecobnb.it\/blog\/app\/uploads\/sites\/2\/2025\/12\/1-344x194.jpg 344w\" sizes=\"(max-width: 870px) 100vw, 870px\" \/><\/figure>\n\n\n\n<p>Indossare una t-shirt cos\u00ec significa compiere un gesto concreto: ridurre l\u2019impatto ambientale, sostenere un processo produttivo etico e contribuire alla tutela di ecosistemi preziosi.<\/p>\n\n\n\n<p>\u00c8 una scelta che racconta chi sei, prima ancora di ci\u00f2 che indossi.<\/p>\n\n\n\n<h2>CORE: la T-shirt che ci ricorda che il cambiamento parte da noi<\/h2>\n\n\n\n<figure class=\"wp-block-image size-full\"><img width=\"870\" height=\"490\" src=\"https:\/\/ecobnb.it\/blog\/app\/uploads\/sites\/2\/2025\/12\/t-shirt-save-us-sostenibile-compensata.jpg\" alt=\"La T-shirt CORE non \u00e8 solo abbigliamento sostenibile: \u00e8 un messaggio, un impegno, una scelta che conta.\" class=\"wp-image-88256\" srcset=\"https:\/\/ecobnb.it\/blog\/app\/uploads\/sites\/2\/2025\/12\/t-shirt-save-us-sostenibile-compensata.jpg 870w, https:\/\/ecobnb.it\/blog\/app\/uploads\/sites\/2\/2025\/12\/t-shirt-save-us-sostenibile-compensata-536x302.jpg 536w, https:\/\/ecobnb.it\/blog\/app\/uploads\/sites\/2\/2025\/12\/t-shirt-save-us-sostenibile-compensata-768x433.jpg 768w, https:\/\/ecobnb.it\/blog\/app\/uploads\/sites\/2\/2025\/12\/t-shirt-save-us-sostenibile-compensata-570x320.jpg 570w, https:\/\/ecobnb.it\/blog\/app\/uploads\/sites\/2\/2025\/12\/t-shirt-save-us-sostenibile-compensata-344x194.jpg 344w\" sizes=\"(max-width: 870px) 100vw, 870px\" \/><figcaption>La T-shirt CORE non \u00e8 solo abbigliamento sostenibile: \u00e8 un messaggio, un impegno, una scelta che conta.<\/figcaption><\/figure>\n\n\n\n<p>La T-shirt CORE porta un messaggio potente e profondamente attuale: <strong>\u201cSave Us. From Ourselves\u201d<\/strong>. Una frase che ci invita a riflettere in modo positivo sul nostro ruolo nel mondo. <\/p>\n\n\n\n<p>Non si tratta di \u201csalvare il pianeta\u201d \u2014 perch\u00e9 la natura sa rigenerarsi da s\u00e9 \u2014 ma di <strong>salvare noi stessi dalle abitudini che ci allontanano dall\u2019equilibrio con la Terra<\/strong>.<\/p>\n\n\n\n<p>Il messaggio richiama la nostra capacit\u00e0 di evolvere: di passare da esseri inquinanti a <strong>persone consapevoli<\/strong>, capaci di scelte che rispettano l\u2019ambiente e migliorano la qualit\u00e0 della vita.<\/p>\n\n\n\n<p>Indossarla significa dichiarare con semplicit\u00e0 che <strong>un altro modo di vivere \u00e8 possibile<\/strong>: pi\u00f9 armonioso, pi\u00f9 attento, pi\u00f9 umano.<\/p>\n\n\n\n<p>Questa T-shirt \u00e8 un promemoria quotidiano che <strong>il cambiamento parte da noi<\/strong>, e pu\u00f2 essere bello, leggero e condiviso!<\/p>\n\n\n\n<p style=\"text-align:center; margin:25px 0;\">\n  <a href=\"https:\/\/ecobnb.it\/payment\/custom\/show\/eyJwcmljZSI6NDY3MiwiZGVzY3JpcHRpb24iOiJULXNoaXJ0IENhcmJvbiBOZXV0cmFsIGluIGNvdG9uZSBiaW9sb2dpY28gXHUyMDEzIFRhZ2xpYSBNIiwiZGlzY291bnQiOjY1NiwidGhhbmtfeW91X2J0biI6IkdyYXppZSBkaSBjdW9yZSEgQ29uIGlsIHR1byBhY3F1aXN0byBwcm90ZWdnaSBmb3Jlc3RlIHNlY29sYXJpLiBMYSBULVNoaXJ0IENvcmUgc2FyXHUwMGUwIHNwZWRpdGEgYWwgcGlcdTAwZjkgcHJlc3RvISBpbmZvQGVjb2JuYi5jb20iLCJ0aGFua195b3VfdXJsIjoiaHR0cHM6XC9cL2Vjb2JuYi5pdFwvYmxvZ1wvY29yZS10LXNoaXJ0LXNvc3RlbmliaWxlXC8iLCJidWxsZXRzIjpbIjEwMCUgY290b25lIGJpb2xvZ2ljbyBjZXJ0aWZpY2F0bzogbW9yYmlkbywgbmF0dXJhbGUgZSBzb3N0ZW5pYmlsZSIsIkZpbGF0dXJhLCBUZXNzaXR1cmEgZSBTdGFtcGEgRWNvbG9naWNhIG1hZGUgaW4gRXVyb3BlIiwiQ2FyYm9uIE5ldXRyYWw6IGNvbXBlbnNpYW1vIGxlIGVtaXNzaW9uaSBwcmVzZXJ2YW5kbyBmb3Jlc3RlIHNlY29sYXJpIGluIEl0YWxpYSIsIkNlcnRpZmljYXRvIGRpIGZvcmVzdGEgc2Vjb2xhcmUgcHJlc2VydmF0YSBpbmNsdXNvIiwiU3BlZGl6aW9uZSBncmF0dWl0YSBhbGxcdTIwMTlpbmRpcml6em8gZGkgZmF0dHVyYXppb25lIGluZGljYXRvIl19\" target=\"_blank\" rel=\"noreferrer noopener\" style=\"background:#85b15e; color:#ffffff; padding:14px 22px; text-decoration:none; border-radius:6px; font-weight:bold; display:inline-block;\">\n     Acquista la Tua T-shirt CORE Taglia M\n  <\/a>\n<\/p>\n\n\n\n<p style=\"text-align:center; margin:25px 0;\">\n  <a href=\"https:\/\/ecobnb.it\/payment\/custom\/show\/eyJwcmljZSI6NDY3MiwiZGVzY3JpcHRpb24iOiJULXNoaXJ0IENhcmJvbiBOZXV0cmFsIGluIGNvdG9uZSBiaW9sb2dpY28gXHUyMDEzIFRhZ2xpYSBMIiwiZGlzY291bnQiOjY1NiwidGhhbmtfeW91X2J0biI6IkdyYXppZSBkaSBjdW9yZSEgQ29uIGlsIHR1byBhY3F1aXN0byBwcm90ZWdnaSBmb3Jlc3RlIHNlY29sYXJpLiBMYSBULVNoaXJ0IENvcmUgc2FyXHUwMGUwIHNwZWRpdGEgYWwgcGlcdTAwZjkgcHJlc3RvISBpbmZvQGVjb2JuYi5jb20iLCJ0aGFua195b3VfdXJsIjoiaHR0cHM6XC9cL2Vjb2JuYi5pdFwvYmxvZ1wvY29yZS10LXNoaXJ0LXNvc3RlbmliaWxlXC8iLCJidWxsZXRzIjpbIjEwMCUgY290b25lIGJpb2xvZ2ljbyBjZXJ0aWZpY2F0bzogbW9yYmlkbywgbmF0dXJhbGUgZSBzb3N0ZW5pYmlsZSIsIkZpbGF0dXJhLCBUZXNzaXR1cmEgZSBTdGFtcGEgRWNvbG9naWNhIG1hZGUgaW4gRXVyb3BlIiwiQ2FyYm9uIE5ldXRyYWw6IGNvbXBlbnNpYW1vIGxlIGVtaXNzaW9uaSBwcmVzZXJ2YW5kbyBmb3Jlc3RlIHNlY29sYXJpIGluIEl0YWxpYSIsIkNlcnRpZmljYXRvIGRpIGZvcmVzdGEgc2Vjb2xhcmUgcHJlc2VydmF0YSBpbmNsdXNvIiwiU3BlZGl6aW9uZSBncmF0dWl0YSBhbGxcdTIwMTlpbmRpcml6em8gZGkgZmF0dHVyYXppb25lIGluZGljYXRvIl19\" target=\"_blank\" rel=\"noreferrer noopener\" style=\"background:#85b15e; color:#ffffff; padding:14px 22px; text-decoration:none; border-radius:6px; font-weight:bold; display:inline-block;\">\n     Acquista la Tua T-shirt CORE &#8211; Taglia L\n  <\/a>\n<\/p>\n\n\n\n<h2>Carbon neutral: la T-shirt che custodisce foreste secolari<\/h2>\n\n\n\n<figure class=\"wp-block-image size-full\"><img width=\"870\" height=\"490\" src=\"https:\/\/ecobnb.it\/blog\/app\/uploads\/sites\/2\/2025\/12\/foresta-secolare-e-certificato-core.jpg\" alt=\"Il certificato core della maglietta che contribuisce a tutelare foreste secolari\" class=\"wp-image-88212\" srcset=\"https:\/\/ecobnb.it\/blog\/app\/uploads\/sites\/2\/2025\/12\/foresta-secolare-e-certificato-core.jpg 870w, https:\/\/ecobnb.it\/blog\/app\/uploads\/sites\/2\/2025\/12\/foresta-secolare-e-certificato-core-536x302.jpg 536w, https:\/\/ecobnb.it\/blog\/app\/uploads\/sites\/2\/2025\/12\/foresta-secolare-e-certificato-core-768x433.jpg 768w, https:\/\/ecobnb.it\/blog\/app\/uploads\/sites\/2\/2025\/12\/foresta-secolare-e-certificato-core-570x320.jpg 570w, https:\/\/ecobnb.it\/blog\/app\/uploads\/sites\/2\/2025\/12\/foresta-secolare-e-certificato-core-344x194.jpg 344w\" sizes=\"(max-width: 870px) 100vw, 870px\" \/><\/figure>\n\n\n\n<p>Ogni T-shirt CORE non solo compensa il proprio impatto, ma sostiene direttamente la <strong><a href=\"https:\/\/ecobnb.it\/blog\/2023\/07\/piantare-alberi-foreste-secolari\/\" target=\"_blank\" rel=\"noreferrer noopener\">protezione di foreste secolari<\/a><\/strong> in Italia.<\/p>\n\n\n\n<p>Con il tuo acquisto riceverai subito il <strong>Certificato di foresta secolare preservata<\/strong>, un documento che attesta il tuo contributo concreto: diventerai <strong>Custode di 25 m\u00b2 di foresta secolare<\/strong> in Italia, un ecosistema prezioso che continuer\u00e0 a vivere e rigenerarsi anche grazie a te. <\/p>\n\n\n\n<p>Un gesto semplice, ma capace di lasciare un\u2019impronta concreta sul futuro del pianeta.<\/p>\n\n\n\n<h2>Indossa il cambiamento<\/h2>\n\n\n\n<figure class=\"wp-block-image size-full\"><img width=\"870\" height=\"490\" src=\"https:\/\/ecobnb.it\/blog\/app\/uploads\/sites\/2\/2025\/12\/core.png\" alt=\"t-shirt core, etica e sostenibile\" class=\"wp-image-88254\" srcset=\"https:\/\/ecobnb.it\/blog\/app\/uploads\/sites\/2\/2025\/12\/core.png 870w, https:\/\/ecobnb.it\/blog\/app\/uploads\/sites\/2\/2025\/12\/core-536x302.png 536w, https:\/\/ecobnb.it\/blog\/app\/uploads\/sites\/2\/2025\/12\/core-768x433.png 768w, https:\/\/ecobnb.it\/blog\/app\/uploads\/sites\/2\/2025\/12\/core-570x320.png 570w, https:\/\/ecobnb.it\/blog\/app\/uploads\/sites\/2\/2025\/12\/core-344x194.png 344w\" sizes=\"(max-width: 870px) 100vw, 870px\" \/><\/figure>\n\n\n\n<p style=\"text-align:center; margin:25px 0;\">\n  <a href=\"https:\/\/ecobnb.it\/payment\/custom\/show\/eyJwcmljZSI6NDY3MiwiZGVzY3JpcHRpb24iOiJULXNoaXJ0IENhcmJvbiBOZXV0cmFsIGluIGNvdG9uZSBiaW9sb2dpY28gXHUyMDEzIFRhZ2xpYSBNIiwiZGlzY291bnQiOjY1NiwidGhhbmtfeW91X2J0biI6IkdyYXppZSBkaSBjdW9yZSEgQ29uIGlsIHR1byBhY3F1aXN0byBwcm90ZWdnaSBmb3Jlc3RlIHNlY29sYXJpLiBMYSBULVNoaXJ0IENvcmUgc2FyXHUwMGUwIHNwZWRpdGEgYWwgcGlcdTAwZjkgcHJlc3RvISBpbmZvQGVjb2JuYi5jb20iLCJ0aGFua195b3VfdXJsIjoiaHR0cHM6XC9cL2Vjb2JuYi5pdFwvYmxvZ1wvY29yZS10LXNoaXJ0LXNvc3RlbmliaWxlXC8iLCJidWxsZXRzIjpbIjEwMCUgY290b25lIGJpb2xvZ2ljbyBjZXJ0aWZpY2F0bzogbW9yYmlkbywgbmF0dXJhbGUgZSBzb3N0ZW5pYmlsZSIsIkZpbGF0dXJhLCBUZXNzaXR1cmEgZSBTdGFtcGEgRWNvbG9naWNhIG1hZGUgaW4gRXVyb3BlIiwiQ2FyYm9uIE5ldXRyYWw6IGNvbXBlbnNpYW1vIGxlIGVtaXNzaW9uaSBwcmVzZXJ2YW5kbyBmb3Jlc3RlIHNlY29sYXJpIGluIEl0YWxpYSIsIkNlcnRpZmljYXRvIGRpIGZvcmVzdGEgc2Vjb2xhcmUgcHJlc2VydmF0YSBpbmNsdXNvIiwiU3BlZGl6aW9uZSBncmF0dWl0YSBhbGxcdTIwMTlpbmRpcml6em8gZGkgZmF0dHVyYXppb25lIGluZGljYXRvIl19\" target=\"_blank\" rel=\"noreferrer noopener\" style=\"background:#85b15e; color:#ffffff; padding:14px 22px; text-decoration:none; border-radius:6px; font-weight:bold; display:inline-block;\">\n     Acquista la Tua T-shirt CORE Taglia M\n  <\/a>\n<\/p>\n\n\n\n<p style=\"text-align:center; margin:25px 0;\">\n  <a href=\"https:\/\/ecobnb.it\/payment\/custom\/show\/eyJwcmljZSI6NDY3MiwiZGVzY3JpcHRpb24iOiJULXNoaXJ0IENhcmJvbiBOZXV0cmFsIGluIGNvdG9uZSBiaW9sb2dpY28gXHUyMDEzIFRhZ2xpYSBMIiwiZGlzY291bnQiOjY1NiwidGhhbmtfeW91X2J0biI6IkdyYXppZSBkaSBjdW9yZSEgQ29uIGlsIHR1byBhY3F1aXN0byBwcm90ZWdnaSBmb3Jlc3RlIHNlY29sYXJpLiBMYSBULVNoaXJ0IENvcmUgc2FyXHUwMGUwIHNwZWRpdGEgYWwgcGlcdTAwZjkgcHJlc3RvISBpbmZvQGVjb2JuYi5jb20iLCJ0aGFua195b3VfdXJsIjoiaHR0cHM6XC9cL2Vjb2JuYi5pdFwvYmxvZ1wvY29yZS10LXNoaXJ0LXNvc3RlbmliaWxlXC8iLCJidWxsZXRzIjpbIjEwMCUgY290b25lIGJpb2xvZ2ljbyBjZXJ0aWZpY2F0bzogbW9yYmlkbywgbmF0dXJhbGUgZSBzb3N0ZW5pYmlsZSIsIkZpbGF0dXJhLCBUZXNzaXR1cmEgZSBTdGFtcGEgRWNvbG9naWNhIG1hZGUgaW4gRXVyb3BlIiwiQ2FyYm9uIE5ldXRyYWw6IGNvbXBlbnNpYW1vIGxlIGVtaXNzaW9uaSBwcmVzZXJ2YW5kbyBmb3Jlc3RlIHNlY29sYXJpIGluIEl0YWxpYSIsIkNlcnRpZmljYXRvIGRpIGZvcmVzdGEgc2Vjb2xhcmUgcHJlc2VydmF0YSBpbmNsdXNvIiwiU3BlZGl6aW9uZSBncmF0dWl0YSBhbGxcdTIwMTlpbmRpcml6em8gZGkgZmF0dHVyYXppb25lIGluZGljYXRvIl19\" target=\"_blank\" rel=\"noreferrer noopener\" style=\"background:#85b15e; color:#ffffff; padding:14px 22px; text-decoration:none; border-radius:6px; font-weight:bold; display:inline-block;\">\n     Acquista la tua T-shirt CORE &#8211; Taglia L \n  <\/a>\n<\/p>\n","protected":false},"excerpt":{"rendered":"<p>Chi sceglie ogni giorno di vivere con attenzione, cura e responsabilit\u00e0 sa bene quanto contino i piccoli gesti. Il cambiamento non nasce da un\u2019azione straordinaria, ma dalle decisioni quotidiane: acquistare in modo consapevole, preferire ci\u00f2 che dura nel tempo, scegliere prodotti che rispettano il pianeta. T-SHIRT CORE: essenziale, etica, autenticamente sostenibile La t-shirt CORE \u00e8 [&hellip;]<\/p>\n","protected":false},"author":42,"featured_media":88215,"parent":0,"menu_order":0,"comment_status":"closed","ping_status":"closed","template":"","meta":[],"acf":[],"yoast_head":"<!-- This site is optimized with the Yoast SEO plugin v19.9 - https:\/\/yoast.com\/wordpress\/plugins\/seo\/ -->\n<title>T-shirt CORE: indossa il cambiamento e custodisci una foresta<\/title>\n<meta name=\"description\" content=\"Scopri la t-shirt CORE carbon neutral in cotone biologico: sostenibile, etica e prodotta in Europa, che protegge 25 m\u00b2 di foresta secolare.\" \/>\n<meta name=\"robots\" content=\"index, follow, max-snippet:-1, max-image-preview:large, max-video-preview:-1\" \/>\n<link rel=\"canonical\" href=\"https:\/\/ecobnb.it\/blog\/core-t-shirt-sostenibile-carbon-neutral-cotone-biologico\/\" \/>\n<meta property=\"og:locale\" content=\"it_IT\" \/>\n<meta property=\"og:type\" content=\"article\" \/>\n<meta property=\"og:title\" content=\"T-shirt CORE: indossa il cambiamento e custodisci una foresta\" \/>\n<meta property=\"og:description\" content=\"Scopri la t-shirt CORE carbon neutral in cotone biologico: sostenibile, etica e prodotta in Europa, che protegge 25 m\u00b2 di foresta secolare.\" \/>\n<meta property=\"og:url\" content=\"https:\/\/ecobnb.it\/blog\/core-t-shirt-sostenibile-carbon-neutral-cotone-biologico\/\" \/>\n<meta property=\"og:site_name\" content=\"Ecobnb\" \/>\n<meta property=\"article:publisher\" content=\"https:\/\/www.facebook.com\/viaggiverdi\" \/>\n<meta property=\"article:modified_time\" content=\"2026-02-14T12:32:44+00:00\" \/>\n<meta property=\"og:image\" content=\"https:\/\/ecobnb.it\/blog\/app\/uploads\/sites\/2\/2025\/12\/T-SHIRT-CORE.jpg\" \/>\n\t<meta property=\"og:image:width\" content=\"1170\" \/>\n\t<meta property=\"og:image:height\" content=\"490\" \/>\n\t<meta property=\"og:image:type\" content=\"image\/jpeg\" \/>\n<meta name=\"twitter:label1\" content=\"Est. reading time\" \/>\n\t<meta name=\"twitter:data1\" content=\"4 minutes\" \/>\n<!-- \/ Yoast SEO plugin. -->","yoast_head_json":{"title":"T-shirt CORE: indossa il cambiamento e custodisci una foresta","description":"Scopri la t-shirt CORE carbon neutral in cotone biologico: sostenibile, etica e prodotta in Europa, che protegge 25 m\u00b2 di foresta secolare.","robots":{"index":"index","follow":"follow","max-snippet":"max-snippet:-1","max-image-preview":"max-image-preview:large","max-video-preview":"max-video-preview:-1"},"canonical":"https:\/\/ecobnb.it\/blog\/core-t-shirt-sostenibile-carbon-neutral-cotone-biologico\/","og_locale":"it_IT","og_type":"article","og_title":"T-shirt CORE: indossa il cambiamento e custodisci una foresta","og_description":"Scopri la t-shirt CORE carbon neutral in cotone biologico: sostenibile, etica e prodotta in Europa, che protegge 25 m\u00b2 di foresta secolare.","og_url":"https:\/\/ecobnb.it\/blog\/core-t-shirt-sostenibile-carbon-neutral-cotone-biologico\/","og_site_name":"Ecobnb","article_publisher":"https:\/\/www.facebook.com\/viaggiverdi","article_modified_time":"2026-02-14T12:32:44+00:00","og_image":[{"width":1170,"height":490,"url":"https:\/\/ecobnb.it\/blog\/app\/uploads\/sites\/2\/2025\/12\/T-SHIRT-CORE.jpg","type":"image\/jpeg"}],"twitter_misc":{"Est. reading time":"4 minutes"},"schema":{"@context":"https:\/\/schema.org","@graph":[{"@type":"WebPage","@id":"https:\/\/ecobnb.it\/blog\/core-t-shirt-sostenibile-carbon-neutral-cotone-biologico\/","url":"https:\/\/ecobnb.it\/blog\/core-t-shirt-sostenibile-carbon-neutral-cotone-biologico\/","name":"T-shirt CORE: indossa il cambiamento e custodisci una foresta","isPartOf":{"@id":"https:\/\/ecobnb.it\/blog\/#website"},"datePublished":"2025-12-12T07:46:09+00:00","dateModified":"2026-02-14T12:32:44+00:00","description":"Scopri la t-shirt CORE carbon neutral in cotone biologico: sostenibile, etica e prodotta in Europa, che protegge 25 m\u00b2 di foresta secolare.","inLanguage":"it-IT","potentialAction":[{"@type":"ReadAction","target":["https:\/\/ecobnb.it\/blog\/core-t-shirt-sostenibile-carbon-neutral-cotone-biologico\/"]}]},{"@type":"WebSite","@id":"https:\/\/ecobnb.it\/blog\/#website","url":"https:\/\/ecobnb.it\/blog\/","name":"Ecobnb","description":"Trova il tuo Alloggio Ecosostenibile","publisher":{"@id":"https:\/\/ecobnb.it\/blog\/#organization"},"potentialAction":[{"@type":"SearchAction","target":{"@type":"EntryPoint","urlTemplate":"https:\/\/ecobnb.it\/blog\/?s={search_term_string}"},"query-input":"required name=search_term_string"}],"inLanguage":"it-IT"},{"@type":"Organization","@id":"https:\/\/ecobnb.it\/blog\/#organization","name":"Ecobnb","url":"https:\/\/ecobnb.it\/blog\/","logo":{"@type":"ImageObject","inLanguage":"it-IT","@id":"https:\/\/ecobnb.it\/blog\/#\/schema\/logo\/image\/","url":"https:\/\/ecobnb.it\/blog\/app\/uploads\/sites\/2\/2016\/03\/logo_transparent_512x512.png","contentUrl":"https:\/\/ecobnb.it\/blog\/app\/uploads\/sites\/2\/2016\/03\/logo_transparent_512x512.png","width":512,"height":512,"caption":"Ecobnb"},"image":{"@id":"https:\/\/ecobnb.it\/blog\/#\/schema\/logo\/image\/"},"sameAs":["https:\/\/www.facebook.com\/viaggiverdi"]}]}},"_links":{"self":[{"href":"https:\/\/ecobnb.it\/blog\/wp-json\/wp\/v2\/pages\/88148"}],"collection":[{"href":"https:\/\/ecobnb.it\/blog\/wp-json\/wp\/v2\/pages"}],"about":[{"href":"https:\/\/ecobnb.it\/blog\/wp-json\/wp\/v2\/types\/page"}],"author":[{"embeddable":true,"href":"https:\/\/ecobnb.it\/blog\/wp-json\/wp\/v2\/users\/42"}],"replies":[{"embeddable":true,"href":"https:\/\/ecobnb.it\/blog\/wp-json\/wp\/v2\/comments?post=88148"}],"version-history":[{"count":19,"href":"https:\/\/ecobnb.it\/blog\/wp-json\/wp\/v2\/pages\/88148\/revisions"}],"predecessor-version":[{"id":89718,"href":"https:\/\/ecobnb.it\/blog\/wp-json\/wp\/v2\/pages\/88148\/revisions\/89718"}],"wp:featuredmedia":[{"embeddable":true,"href":"https:\/\/ecobnb.it\/blog\/wp-json\/wp\/v2\/media\/88215"}],"wp:attachment":[{"href":"https:\/\/ecobnb.it\/blog\/wp-json\/wp\/v2\/media?parent=88148"}],"curies":[{"name":"wp","href":"https:\/\/api.w.org\/{rel}","templated":true}]}}