{"id":80387,"date":"2024-07-20T16:47:03","date_gmt":"2024-07-20T14:47:03","guid":{"rendered":"https:\/\/ecobnb.it\/blog\/?page_id=80387"},"modified":"2024-07-20T16:57:31","modified_gmt":"2024-07-20T14:57:31","slug":"citazioni-ambiente-ecologia","status":"publish","type":"page","link":"https:\/\/ecobnb.it\/blog\/citazioni-ambiente-ecologia\/","title":{"rendered":"Le Migliori Citazioni sull&#8217;Ambiente e sull&#8217;Ecologia: Lasciati Ispirare!"},"content":{"rendered":"\n<p>Abbiamo raccolto alcune delle <strong>citazioni <\/strong>sull&#8217;ambiente e sull&#8217;ecologia pi\u00f9 ispiratrici e stimolanti. <\/p>\n\n\n\n<p>Lo sappiamo bene, ambiente ed <a href=\"https:\/\/ecobnb.it\/blog\/2017\/07\/gandhi-ecologia-natura\/\" target=\"_blank\" rel=\"noreferrer noopener\">ecologia<\/a> sono temi cruciali della nostra epoca, che hanno acquisito sempre pi\u00f9 importanza negli ultimi anni. Non si tratta di una moda passeggera, ma della convinzioe di tantissime persone, intenzionate a cambiare il proprio stile di vita, rendendolo pi\u00f9 rispettoso per il pianeta.<\/p>\n\n\n\n<p>Abbiamo il dovere di <strong>prenderci cura<\/strong> di questo mondo e ogni giorno \u00e8 una possibilit\u00e0 per migliorare il nostro percorso verso la sostenibilit\u00e0. Lasciati ispirare dalle citazioni pi\u00f9 belle su questo tema!<\/p>\n\n\n\n<h2>Citazioni sull&#8217;Ambiente e sulla Natura<\/h2>\n\n\n\n<figure class=\"wp-block-image size-large\"><img width=\"870\" height=\"490\" src=\"https:\/\/ecobnb.it\/blog\/app\/uploads\/sites\/2\/2024\/07\/terra-870x490.jpg\" alt=\"la terra \u00e8 ci\u00f2 che tutti abbiamo in comune\" class=\"wp-image-80390\" srcset=\"https:\/\/ecobnb.it\/blog\/app\/uploads\/sites\/2\/2024\/07\/terra.jpg 870w, https:\/\/ecobnb.it\/blog\/app\/uploads\/sites\/2\/2024\/07\/terra-536x302.jpg 536w, https:\/\/ecobnb.it\/blog\/app\/uploads\/sites\/2\/2024\/07\/terra-768x433.jpg 768w, https:\/\/ecobnb.it\/blog\/app\/uploads\/sites\/2\/2024\/07\/terra-570x320.jpg 570w, https:\/\/ecobnb.it\/blog\/app\/uploads\/sites\/2\/2024\/07\/terra-344x194.jpg 344w\" sizes=\"(max-width: 870px) 100vw, 870px\" \/><figcaption>Via Canva PRO<\/figcaption><\/figure>\n\n\n\n<p>&#8220;<em>Il tempo trascorso tra gli alberi non \u00e8 mai tempo sprecato<\/em>.&#8221;- Anonimo<\/p>\n\n\n\n<p>&#8220;<em>Chi pianta gli alberi ama gli altri oltre che se stesso<\/em>.&#8221;- Thomas Fuller<\/p>\n\n\n\n<p>&#8220;<em>Una delle prime condizioni di felicit\u00e0 \u00e8 che il legame tra l&#8217;uomo e la natura non si rompa<\/em>.\u201d- Lev Tolstoj<\/p>\n\n\n\n<p>&#8220;<em>La natura dipinge per noi, giorno dopo giorno, immagini di infinita bellezza<\/em>.&#8221;- John Ruskin<\/p>\n\n\n\n<p>\u201c<em>Come la musica e l&#8217;arte, cos\u00ec pure l&#8217;amore per la natura \u00e8 un linguaggio a tutti comune e pu\u00f2 trascendere le barriere politiche e sociali<\/em>.\u201d- Jimmy Carter<\/p>\n\n\n\n<p>&#8220;<em>Un Paese che distrugge il suo suolo distrugge se stesso. Le foreste sono i polmoni della nostra terra, purificano l\u2019aria e danno nuova forza alla nostra gente<\/em>.&#8221;- Franklin D. Roosevelt<\/p>\n\n\n\n<p>&#8220;<em>Il mondo \u00e8 un bel posto e per esso vale la pena di lottare<\/em>.&#8221;- Ernest Hemingway<\/p>\n\n\n\n<p>&#8220;<em>Il miracolo non \u00e8 volare per aria o camminare sull&#8217;acqua, ma camminare sulla Terra<\/em>.&#8221;- Proverbio cinese<\/p>\n\n\n\n<h2>Citazioni Ispiratrici sul Potere delle Piccole Azioni<\/h2>\n\n\n\n<figure class=\"wp-block-image size-large\"><img width=\"870\" height=\"490\" src=\"https:\/\/ecobnb.it\/blog\/app\/uploads\/sites\/2\/2024\/07\/Best-Inspirational-Quotes-On-The-Environment-and-Ecology-3-870x490-1-870x490.jpg\" alt=\"La pi\u00f9 grande minaccia al nostro pianeta \u00e8 la convinzione che lo salver\u00e0 quancun altro\" class=\"wp-image-80392\" srcset=\"https:\/\/ecobnb.it\/blog\/app\/uploads\/sites\/2\/2024\/07\/Best-Inspirational-Quotes-On-The-Environment-and-Ecology-3-870x490-1.jpg 870w, https:\/\/ecobnb.it\/blog\/app\/uploads\/sites\/2\/2024\/07\/Best-Inspirational-Quotes-On-The-Environment-and-Ecology-3-870x490-1-536x302.jpg 536w, https:\/\/ecobnb.it\/blog\/app\/uploads\/sites\/2\/2024\/07\/Best-Inspirational-Quotes-On-The-Environment-and-Ecology-3-870x490-1-768x433.jpg 768w, https:\/\/ecobnb.it\/blog\/app\/uploads\/sites\/2\/2024\/07\/Best-Inspirational-Quotes-On-The-Environment-and-Ecology-3-870x490-1-570x320.jpg 570w, https:\/\/ecobnb.it\/blog\/app\/uploads\/sites\/2\/2024\/07\/Best-Inspirational-Quotes-On-The-Environment-and-Ecology-3-870x490-1-344x194.jpg 344w\" sizes=\"(max-width: 870px) 100vw, 870px\" \/><figcaption>Via Canva PRO<\/figcaption><\/figure>\n\n\n\n<p>&#8220;<em>Non dubitare mai che un piccolo gruppo di cittadini coscienziosi ed impegnati possa cambiare il mondo. In verit\u00e0 \u00e8 l&#8217;unica cosa che \u00e8 sempre accaduta<\/em>.\u201d- Margaret Mead<\/p>\n\n\n\n<p>\u201c<em>Ognuno di noi ha un impatto sul pianeta ogni giorno in cui vive<\/em>.&#8221;- Jane Goodall<\/p>\n\n\n\n<p>&#8220;<em>Siamo la prima generazione a sentire l&#8217;impatto del cambiamento climatico e l&#8217;ultima generazione che pu\u00f2 fare qualcosa al riguardo<\/em>.&#8221;- Barack Obama<\/p>\n\n\n\n<p>&#8220;<em>Dio affid\u00f2 all\u2019uomo la terra non per sfruttarla, ma per proteggerla<\/em>.&#8221; &#8211; Luise Rinser<\/p>\n\n\n\n<p><\/p>\n","protected":false},"excerpt":{"rendered":"<p>Abbiamo raccolto alcune delle citazioni sull&#8217;ambiente e sull&#8217;ecologia pi\u00f9 ispiratrici e stimolanti. Lo sappiamo bene, ambiente ed ecologia sono temi cruciali della nostra epoca, che hanno acquisito sempre pi\u00f9 importanza negli ultimi anni. Non si tratta di una moda passeggera, ma della convinzioe di tantissime persone, intenzionate a cambiare il proprio stile di vita, rendendolo [&hellip;]<\/p>\n","protected":false},"author":42,"featured_media":80388,"parent":0,"menu_order":0,"comment_status":"closed","ping_status":"closed","template":"","meta":[],"acf":[],"yoast_head":"<!-- This site is optimized with the Yoast SEO plugin v19.9 - https:\/\/yoast.com\/wordpress\/plugins\/seo\/ -->\n<title>Le Migliori Citazioni sull&#039; Ambiente ed Ecologia - Ecobnb<\/title>\n<meta name=\"description\" content=\"Lasciati ispirare da queste citazioni su ambiente ed ecologia: ogni giorno \u00e8 il giorno perfetto per aiutare il pianeta!\" \/>\n<meta name=\"robots\" content=\"index, follow, max-snippet:-1, max-image-preview:large, max-video-preview:-1\" \/>\n<link rel=\"canonical\" href=\"https:\/\/ecobnb.it\/blog\/citazioni-ambiente-ecologia\/\" \/>\n<meta property=\"og:locale\" content=\"it_IT\" \/>\n<meta property=\"og:type\" content=\"article\" \/>\n<meta property=\"og:title\" content=\"Le Migliori Citazioni sull&#039; Ambiente ed Ecologia - Ecobnb\" \/>\n<meta property=\"og:description\" content=\"Lasciati ispirare da queste citazioni su ambiente ed ecologia: ogni giorno \u00e8 il giorno perfetto per aiutare il pianeta!\" \/>\n<meta property=\"og:url\" content=\"https:\/\/ecobnb.it\/blog\/citazioni-ambiente-ecologia\/\" \/>\n<meta property=\"og:site_name\" content=\"Ecobnb\" \/>\n<meta property=\"article:publisher\" content=\"https:\/\/www.facebook.com\/viaggiverdi\" \/>\n<meta property=\"article:modified_time\" content=\"2024-07-20T14:57:31+00:00\" \/>\n<meta property=\"og:image\" content=\"https:\/\/ecobnb.it\/blog\/app\/uploads\/sites\/2\/2024\/07\/Le-Migliori-Citazioni-sullAmbiente-e-sullEcologia-Lasciati-Ispirare.jpg\" \/>\n\t<meta property=\"og:image:width\" content=\"1170\" \/>\n\t<meta property=\"og:image:height\" content=\"490\" \/>\n\t<meta property=\"og:image:type\" content=\"image\/jpeg\" \/>\n<meta name=\"twitter:label1\" content=\"Est. reading time\" \/>\n\t<meta name=\"twitter:data1\" content=\"3 minutes\" \/>\n<!-- \/ Yoast SEO plugin. -->","yoast_head_json":{"title":"Le Migliori Citazioni sull' Ambiente ed Ecologia - Ecobnb","description":"Lasciati ispirare da queste citazioni su ambiente ed ecologia: ogni giorno \u00e8 il giorno perfetto per aiutare il pianeta!","robots":{"index":"index","follow":"follow","max-snippet":"max-snippet:-1","max-image-preview":"max-image-preview:large","max-video-preview":"max-video-preview:-1"},"canonical":"https:\/\/ecobnb.it\/blog\/citazioni-ambiente-ecologia\/","og_locale":"it_IT","og_type":"article","og_title":"Le Migliori Citazioni sull' Ambiente ed Ecologia - Ecobnb","og_description":"Lasciati ispirare da queste citazioni su ambiente ed ecologia: ogni giorno \u00e8 il giorno perfetto per aiutare il pianeta!","og_url":"https:\/\/ecobnb.it\/blog\/citazioni-ambiente-ecologia\/","og_site_name":"Ecobnb","article_publisher":"https:\/\/www.facebook.com\/viaggiverdi","article_modified_time":"2024-07-20T14:57:31+00:00","og_image":[{"width":1170,"height":490,"url":"https:\/\/ecobnb.it\/blog\/app\/uploads\/sites\/2\/2024\/07\/Le-Migliori-Citazioni-sullAmbiente-e-sullEcologia-Lasciati-Ispirare.jpg","type":"image\/jpeg"}],"twitter_misc":{"Est. reading time":"3 minutes"},"schema":{"@context":"https:\/\/schema.org","@graph":[{"@type":"WebPage","@id":"https:\/\/ecobnb.it\/blog\/citazioni-ambiente-ecologia\/","url":"https:\/\/ecobnb.it\/blog\/citazioni-ambiente-ecologia\/","name":"Le Migliori Citazioni sull' Ambiente ed Ecologia - Ecobnb","isPartOf":{"@id":"https:\/\/ecobnb.it\/blog\/#website"},"datePublished":"2024-07-20T14:47:03+00:00","dateModified":"2024-07-20T14:57:31+00:00","description":"Lasciati ispirare da queste citazioni su ambiente ed ecologia: ogni giorno \u00e8 il giorno perfetto per aiutare il pianeta!","inLanguage":"it-IT","potentialAction":[{"@type":"ReadAction","target":["https:\/\/ecobnb.it\/blog\/citazioni-ambiente-ecologia\/"]}]},{"@type":"WebSite","@id":"https:\/\/ecobnb.it\/blog\/#website","url":"https:\/\/ecobnb.it\/blog\/","name":"Ecobnb","description":"Trova il tuo Alloggio Ecosostenibile","publisher":{"@id":"https:\/\/ecobnb.it\/blog\/#organization"},"potentialAction":[{"@type":"SearchAction","target":{"@type":"EntryPoint","urlTemplate":"https:\/\/ecobnb.it\/blog\/?s={search_term_string}"},"query-input":"required name=search_term_string"}],"inLanguage":"it-IT"},{"@type":"Organization","@id":"https:\/\/ecobnb.it\/blog\/#organization","name":"Ecobnb","url":"https:\/\/ecobnb.it\/blog\/","logo":{"@type":"ImageObject","inLanguage":"it-IT","@id":"https:\/\/ecobnb.it\/blog\/#\/schema\/logo\/image\/","url":"https:\/\/ecobnb.it\/blog\/app\/uploads\/sites\/2\/2016\/03\/logo_transparent_512x512.png","contentUrl":"https:\/\/ecobnb.it\/blog\/app\/uploads\/sites\/2\/2016\/03\/logo_transparent_512x512.png","width":512,"height":512,"caption":"Ecobnb"},"image":{"@id":"https:\/\/ecobnb.it\/blog\/#\/schema\/logo\/image\/"},"sameAs":["https:\/\/www.facebook.com\/viaggiverdi"]}]}},"_links":{"self":[{"href":"https:\/\/ecobnb.it\/blog\/wp-json\/wp\/v2\/pages\/80387"}],"collection":[{"href":"https:\/\/ecobnb.it\/blog\/wp-json\/wp\/v2\/pages"}],"about":[{"href":"https:\/\/ecobnb.it\/blog\/wp-json\/wp\/v2\/types\/page"}],"author":[{"embeddable":true,"href":"https:\/\/ecobnb.it\/blog\/wp-json\/wp\/v2\/users\/42"}],"replies":[{"embeddable":true,"href":"https:\/\/ecobnb.it\/blog\/wp-json\/wp\/v2\/comments?post=80387"}],"version-history":[{"count":4,"href":"https:\/\/ecobnb.it\/blog\/wp-json\/wp\/v2\/pages\/80387\/revisions"}],"predecessor-version":[{"id":80396,"href":"https:\/\/ecobnb.it\/blog\/wp-json\/wp\/v2\/pages\/80387\/revisions\/80396"}],"wp:featuredmedia":[{"embeddable":true,"href":"https:\/\/ecobnb.it\/blog\/wp-json\/wp\/v2\/media\/80388"}],"wp:attachment":[{"href":"https:\/\/ecobnb.it\/blog\/wp-json\/wp\/v2\/media?parent=80387"}],"curies":[{"name":"wp","href":"https:\/\/api.w.org\/{rel}","templated":true}]}}