{"id":80064,"date":"2024-07-13T12:42:36","date_gmt":"2024-07-13T10:42:36","guid":{"rendered":"https:\/\/ecobnb.it\/blog\/?page_id=80064"},"modified":"2024-07-15T10:08:20","modified_gmt":"2024-07-15T08:08:20","slug":"policy-sostenibilita-ambientale-uffici-virtuali","status":"publish","type":"page","link":"https:\/\/ecobnb.it\/blog\/policy-sostenibilita-ambientale-uffici-virtuali\/","title":{"rendered":"Policy per la Sostenibilit\u00e0 Ambientale negli Uffici Virtuali dei Lavoratori da Remoto di Ecobnb"},"content":{"rendered":"\n<p>Ecobnb \u00e8 da sempre impegnata nella promozione della <strong>sostenibilit\u00e0 ambientale<\/strong>. Questa policy per la Sostenibilit\u00e0 Ambientale negli Uffici Virtuali dei lavoratori da remoto di Ecobnb ha lo scopo di incoraggiare e guidare il team di Ecobnb e tutti i nostri collaboratori ad adottare pratiche rispettose dell&#8217;ambiente nei loro spazi di lavoro &#8220;<strong>home office<\/strong>&#8220;.<\/p>\n\n\n\n<h2>Obiettivi della Policy per la Sostenibilit\u00e0 Ambientale negli Uffici<\/h2>\n\n\n\n<p>Questo documento si pone l\u2019obiettivo di guidare il team di Ecobnb e tutti i collaboratori a <strong>ridurre l&#8217;impatto ambientale<\/strong> delle attivit\u00e0 lavorative da remoto, promuovere l&#8217;uso di prodotti ecologici e di tecnologie green, al fine di <strong>ridurre l&#8217;impatto ambientale complessivo<\/strong> della nostra azienda. <\/p>\n\n\n\n<p>In particolare, gli obiettivi della policy sono:<\/p>\n\n\n\n<ul><li><strong>Ridurre il consumo di energia<\/strong>: promuovere l&#8217;uso efficiente delle risorse energetiche tra i lavoratori e collaboratori da remoto di Ecobnb.<\/li><li><strong>Ridurre i rifiuti<\/strong>: Minimizzare la produzione di rifiuti e promuovere il riciclo.<\/li><li><strong>Promuovere l&#8217;uso di tecnologie verdi<\/strong>: Favorire l&#8217;adozione di strumenti e software ecologici.<\/li><li><strong>Sensibilizzare e formare<\/strong>: informare i collaboratori sulle buone pratiche sostenibili e sui benefici ambientali del lavoro remoto.<\/li><\/ul>\n\n\n\n<p>Questa policy si applica a tutti i collaboratori, indipendentemente dalla loro posizione geografica o dal ruolo all&#8217;interno dell&#8217;azienda.<\/p>\n\n\n\n<h2>Linee Guida per la Sostenibilit\u00e0 Ambientale negli Home Office<\/h2>\n\n\n\n<figure class=\"wp-block-image size-large\"><img width=\"870\" height=\"490\" src=\"https:\/\/ecobnb.it\/blog\/app\/uploads\/sites\/2\/2024\/07\/smart-working-870x490.jpg\" alt=\"\" class=\"wp-image-80147\" srcset=\"https:\/\/ecobnb.it\/blog\/app\/uploads\/sites\/2\/2024\/07\/smart-working.jpg 870w, https:\/\/ecobnb.it\/blog\/app\/uploads\/sites\/2\/2024\/07\/smart-working-536x302.jpg 536w, https:\/\/ecobnb.it\/blog\/app\/uploads\/sites\/2\/2024\/07\/smart-working-768x433.jpg 768w, https:\/\/ecobnb.it\/blog\/app\/uploads\/sites\/2\/2024\/07\/smart-working-570x320.jpg 570w, https:\/\/ecobnb.it\/blog\/app\/uploads\/sites\/2\/2024\/07\/smart-working-344x194.jpg 344w\" sizes=\"(max-width: 870px) 100vw, 870px\" \/><\/figure>\n\n\n\n<h3>1. Gestione e riduzione dei rifiuti<\/h3>\n\n\n\n<ul><li><strong>Utilizzare documenti digitali<\/strong> ogni volta che \u00e8 possibile, evitando di stampare quando non strettamente necessario. Qualora la stampa sia inevitabile, preferire carta 100% riciclata.&nbsp;<\/li><li><strong>Riciclare i materiali d\u2019ufficio<\/strong>, come carta, metallo, vetro, plastica, secondo le disposizione del proprio comune di residenza.<\/li><li><strong>Evitare l&#8217;utilizzo della plastica e dei prodotti monouso<\/strong>, preferendo alternative riutilizzabili e riciclabili.<\/li><li><strong>Smaltire correttamente i rifiuti<\/strong>, inclusi quelli elettronici, presso i centri di raccolta differenziata.<\/li><li><strong>Ridurre gli imballaggi<\/strong>: Evitare quando possibile l&#8217;acquisto di prodotti imballati, evitare l&#8217;uso di imballaggi non necessari e preferire quelli ecologici.<\/li><\/ul>\n\n\n\n<h3>2. Efficienza energetica<\/h3>\n\n\n\n<ul><li><strong>Spegnere i dispositivi elettronici quando non in uso<\/strong>. Utilizzare prese intelligenti per facilitare lo spegnimento completo degli apparecchi.<\/li><li><strong>Preferire l\u2019utilizzo di lampadine LED<\/strong> per l&#8217;illuminazione artificiale e sfruttare il pi\u00f9 possibile la luce naturale.<\/li><li><strong>Utilizzare energia proveniente da fonti rinnovabili<\/strong> scegliendo fornitori di energia pulita al 100%.<\/li><li><strong>Utilizzare apparecchiature a basso consumo<\/strong>: Preferire computer, monitor e altri dispositivi con certificazioni energetiche come Energy Star.<\/li><\/ul>\n\n\n\n<h3>3. Acquisti sostenibili<\/h3>\n\n\n\n<ul><li><strong>Acquistare prodotti di cancelleria<\/strong> realizzati con materiali riciclati o eco-sostenibili.<\/li><li>Preferire <strong>mobili di seconda mano<\/strong> oppure realizzati con materiali sostenibili e\/o riciclati.<\/li><li><strong>Scegliere fornitori che adottano pratiche sostenibili<\/strong> e che offrono programmi di riciclo per vecchi dispositivi.<\/li><li><strong>Arredare lo spazio di lavoro home working con piante<\/strong> per <a href=\"https:\/\/ecobnb.it\/blog\/2020\/06\/benefici-piante-casa\/\" target=\"_blank\" rel=\"noreferrer noopener\">migliorare la qualit\u00e0 dell&#8217;aria interna<\/a>, ridurre lo stress e aumentare il benessere generale.<\/li><\/ul>\n\n\n\n<h3>4. Tecnologie Verdi<\/h3>\n\n\n\n<ul><li><strong>Utilizzare software che ottimizzano il consumo energetico<\/strong> e riducono l&#8217;impatto ambientale.<\/li><li><strong>Scegliere fornitori di servizi cloud<\/strong> che adottano pratiche sostenibili e utilizzano energie rinnovabili.<\/li><li><strong>Utilizzare <a href=\"https:\/\/ecobnb.com\/blog\/2024\/01\/eco-friendly-digital-tools\/\" target=\"_blank\" rel=\"noreferrer noopener\">strumenti ecologici<\/a><\/strong>, come il motore di ricerca green <a href=\"https:\/\/www.ecosia.org\/\" target=\"_blank\" rel=\"noreferrer noopener\">Ecosia<\/a>, che dona il 100% dei guadagni in progetti ambientali di piantumazione di alberi.<\/li><\/ul>\n\n\n\n<h3>5. Formazione e Sensibilizzazione<\/h3>\n\n\n\n<ul><li><strong>Informarsi sulle pratiche sostenibili<\/strong>, leggere i <a href=\"https:\/\/ecobnb.it\/blog\/2023\/08\/ufficio-green-idee-sostenibili\/\" target=\"_blank\" rel=\"noreferrer noopener\">consigli di Ecobnb per adottare stili di vita green<\/a> e sui benefici ambientali del lavoro da remoto.<\/li><li><a href=\"https:\/\/ecobnb.it\/blog\/2024\/06\/sostenibile-stile-vita-eco-friendly\/\" target=\"_blank\" rel=\"noreferrer noopener\"><strong>Misurare la sostenibilit\u00e0 del tuo proprio di vita<\/strong><\/a> e programmare piccole azioni per ridurre la propria impronta di carbonio <a href=\"https:\/\/pslifestyle-app.net\/test\" target=\"_blank\" rel=\"noreferrer noopener\">utilizzando l&#8217;app life style <\/a><\/li><li><strong>Condividere le buone<\/strong> <strong>pratiche ambientali adottate<\/strong> e diffondere la consapevolezza dell&#8217;impatto ambientale degli stili di vita.<\/li><\/ul>\n\n\n\n<h2>Elenco fornitori green<\/h2>\n\n\n\n<figure class=\"wp-block-image size-large\"><img width=\"870\" height=\"490\" src=\"https:\/\/ecobnb.it\/blog\/app\/uploads\/sites\/2\/2024\/07\/acquisti-ufficio-consapevoli-870x490.jpg\" alt=\"Materiale di lavoro da remoto\" class=\"wp-image-80148\" srcset=\"https:\/\/ecobnb.it\/blog\/app\/uploads\/sites\/2\/2024\/07\/acquisti-ufficio-consapevoli.jpg 870w, https:\/\/ecobnb.it\/blog\/app\/uploads\/sites\/2\/2024\/07\/acquisti-ufficio-consapevoli-536x302.jpg 536w, https:\/\/ecobnb.it\/blog\/app\/uploads\/sites\/2\/2024\/07\/acquisti-ufficio-consapevoli-768x433.jpg 768w, https:\/\/ecobnb.it\/blog\/app\/uploads\/sites\/2\/2024\/07\/acquisti-ufficio-consapevoli-570x320.jpg 570w, https:\/\/ecobnb.it\/blog\/app\/uploads\/sites\/2\/2024\/07\/acquisti-ufficio-consapevoli-344x194.jpg 344w\" sizes=\"(max-width: 870px) 100vw, 870px\" \/><\/figure>\n\n\n\n<p>Ecobnb mette a disposizione un elenco di <strong>fornitori preferenziali dal punto di vista ambientale<\/strong> per le forniture degli spazi di lavoro virtuale in home working, al fine di favorire l&#8217;utilizzo di prodotti ecologici ed eco-sostenibili.<\/p>\n\n\n\n<ul><li><strong><a href=\"https:\/\/www.officinanaturae.com\/it\/\" target=\"_blank\" rel=\"noreferrer noopener\">Officina Naturae<\/a><\/strong>: per l&#8217;acquisto di detergenti biologici, saponi naturali o prodotti per la pulizia dell&#8217;ufficio ecologici.<\/li><li><strong><a href=\"https:\/\/www.enostra.it\/\" target=\"_blank\" rel=\"noreferrer noopener\">\u00c8nostra<\/a><\/strong>: per l&#8217;acquisto di energia proveniente al 100% da fonti rinnovabili prodotta da comunit\u00e0 energetiche.<\/li><li><strong><a href=\"https:\/\/www.dolomitienergia.it\/\" target=\"_blank\" rel=\"noreferrer noopener\">Dolomiti Energia<\/a><\/strong>: per l&#8217;acquisto di energia pulita certificata al 100% da fonti rinnovabili.<\/li><li><strong><a href=\"https:\/\/www.minimoimpatto.com\/ecocasa-e-ecoufficio\/eco-cancelleria\/\" target=\"_blank\" rel=\"noreferrer noopener\">Minimo Impatto<\/a><\/strong>: piattaforma per l&#8217;acquisto di cancelleria ecologica.<\/li><li><strong><a href=\"https:\/\/www.friendlyshop.it\/\" target=\"_blank\" rel=\"noreferrer noopener\">FriendlyShop<\/a><\/strong>: piattaforma per l&#8217;acquisto di cancelleria zero waste, prodotti ecologici per la cura della persona e della casa.<\/li><\/ul>\n\n\n\n<h2>Implementazione e Monitoraggio<\/h2>\n\n\n\n<p>La presente <mark>policy<\/mark> sar\u00e0 rivista annualmente per garantire che rimanga aggiornata e in linea con le migliori pratiche ambientali per promuovere la <mark>sostenibilit\u00e0 ambientale<\/mark> degli <mark>uffici virtuali<\/mark> di Ecobnb e con le esigenze dell&#8217;azienda. I collaboratori sono incoraggiati a fornire feedback e suggerimenti per migliorare ulteriormente l&#8217;efficacia della policy.<\/p>\n\n\n\n<p><em>Data di emissione: 12 luglio 2024<\/em><\/p>\n","protected":false},"excerpt":{"rendered":"<p>Ecobnb \u00e8 da sempre impegnata nella promozione della sostenibilit\u00e0 ambientale. Questa policy per la Sostenibilit\u00e0 Ambientale negli Uffici Virtuali dei lavoratori da remoto di Ecobnb ha lo scopo di incoraggiare e guidare il team di Ecobnb e tutti i nostri collaboratori ad adottare pratiche rispettose dell&#8217;ambiente nei loro spazi di lavoro &#8220;home office&#8220;. Obiettivi della [&hellip;]<\/p>\n","protected":false},"author":42,"featured_media":80069,"parent":0,"menu_order":0,"comment_status":"closed","ping_status":"closed","template":"","meta":[],"acf":[],"yoast_head":"<!-- This site is optimized with the Yoast SEO plugin v19.9 - https:\/\/yoast.com\/wordpress\/plugins\/seo\/ -->\n<title>Policy per la Sostenibilit\u00e0 Ambientale negli Uffici Virtuali - Ecobnb<\/title>\n<meta name=\"description\" content=\"Scopri la policy di sostenibilit\u00e0 ambientale degli uffici virtuali di Ecobnb: pratiche eco-friendly, fornitori e iniziative green\" \/>\n<meta name=\"robots\" content=\"index, follow, max-snippet:-1, max-image-preview:large, max-video-preview:-1\" \/>\n<link rel=\"canonical\" href=\"https:\/\/ecobnb.it\/blog\/policy-sostenibilita-ambientale-uffici-virtuali\/\" \/>\n<meta property=\"og:locale\" content=\"it_IT\" \/>\n<meta property=\"og:type\" content=\"article\" \/>\n<meta property=\"og:title\" content=\"Policy per la Sostenibilit\u00e0 Ambientale negli Uffici Virtuali - Ecobnb\" \/>\n<meta property=\"og:description\" content=\"Scopri la policy di sostenibilit\u00e0 ambientale degli uffici virtuali di Ecobnb: pratiche eco-friendly, fornitori e iniziative green\" \/>\n<meta property=\"og:url\" content=\"https:\/\/ecobnb.it\/blog\/policy-sostenibilita-ambientale-uffici-virtuali\/\" \/>\n<meta property=\"og:site_name\" content=\"Ecobnb\" \/>\n<meta property=\"article:publisher\" content=\"https:\/\/www.facebook.com\/viaggiverdi\" \/>\n<meta property=\"article:modified_time\" content=\"2024-07-15T08:08:20+00:00\" \/>\n<meta property=\"og:image\" content=\"https:\/\/ecobnb.it\/blog\/app\/uploads\/sites\/2\/2024\/07\/Policy-per-la-sostenibilita-ambientale.jpg\" \/>\n\t<meta property=\"og:image:width\" content=\"1170\" \/>\n\t<meta property=\"og:image:height\" content=\"490\" \/>\n\t<meta property=\"og:image:type\" content=\"image\/jpeg\" \/>\n<meta name=\"twitter:label1\" content=\"Est. reading time\" \/>\n\t<meta name=\"twitter:data1\" content=\"5 minutes\" \/>\n<!-- \/ Yoast SEO plugin. -->","yoast_head_json":{"title":"Policy per la Sostenibilit\u00e0 Ambientale negli Uffici Virtuali - Ecobnb","description":"Scopri la policy di sostenibilit\u00e0 ambientale degli uffici virtuali di Ecobnb: pratiche eco-friendly, fornitori e iniziative green","robots":{"index":"index","follow":"follow","max-snippet":"max-snippet:-1","max-image-preview":"max-image-preview:large","max-video-preview":"max-video-preview:-1"},"canonical":"https:\/\/ecobnb.it\/blog\/policy-sostenibilita-ambientale-uffici-virtuali\/","og_locale":"it_IT","og_type":"article","og_title":"Policy per la Sostenibilit\u00e0 Ambientale negli Uffici Virtuali - Ecobnb","og_description":"Scopri la policy di sostenibilit\u00e0 ambientale degli uffici virtuali di Ecobnb: pratiche eco-friendly, fornitori e iniziative green","og_url":"https:\/\/ecobnb.it\/blog\/policy-sostenibilita-ambientale-uffici-virtuali\/","og_site_name":"Ecobnb","article_publisher":"https:\/\/www.facebook.com\/viaggiverdi","article_modified_time":"2024-07-15T08:08:20+00:00","og_image":[{"width":1170,"height":490,"url":"https:\/\/ecobnb.it\/blog\/app\/uploads\/sites\/2\/2024\/07\/Policy-per-la-sostenibilita-ambientale.jpg","type":"image\/jpeg"}],"twitter_misc":{"Est. reading time":"5 minutes"},"schema":{"@context":"https:\/\/schema.org","@graph":[{"@type":"WebPage","@id":"https:\/\/ecobnb.it\/blog\/policy-sostenibilita-ambientale-uffici-virtuali\/","url":"https:\/\/ecobnb.it\/blog\/policy-sostenibilita-ambientale-uffici-virtuali\/","name":"Policy per la Sostenibilit\u00e0 Ambientale negli Uffici Virtuali - Ecobnb","isPartOf":{"@id":"https:\/\/ecobnb.it\/blog\/#website"},"datePublished":"2024-07-13T10:42:36+00:00","dateModified":"2024-07-15T08:08:20+00:00","description":"Scopri la policy di sostenibilit\u00e0 ambientale degli uffici virtuali di Ecobnb: pratiche eco-friendly, fornitori e iniziative green","inLanguage":"it-IT","potentialAction":[{"@type":"ReadAction","target":["https:\/\/ecobnb.it\/blog\/policy-sostenibilita-ambientale-uffici-virtuali\/"]}]},{"@type":"WebSite","@id":"https:\/\/ecobnb.it\/blog\/#website","url":"https:\/\/ecobnb.it\/blog\/","name":"Ecobnb","description":"Trova il tuo Alloggio Ecosostenibile","publisher":{"@id":"https:\/\/ecobnb.it\/blog\/#organization"},"potentialAction":[{"@type":"SearchAction","target":{"@type":"EntryPoint","urlTemplate":"https:\/\/ecobnb.it\/blog\/?s={search_term_string}"},"query-input":"required name=search_term_string"}],"inLanguage":"it-IT"},{"@type":"Organization","@id":"https:\/\/ecobnb.it\/blog\/#organization","name":"Ecobnb","url":"https:\/\/ecobnb.it\/blog\/","logo":{"@type":"ImageObject","inLanguage":"it-IT","@id":"https:\/\/ecobnb.it\/blog\/#\/schema\/logo\/image\/","url":"https:\/\/ecobnb.it\/blog\/app\/uploads\/sites\/2\/2016\/03\/logo_transparent_512x512.png","contentUrl":"https:\/\/ecobnb.it\/blog\/app\/uploads\/sites\/2\/2016\/03\/logo_transparent_512x512.png","width":512,"height":512,"caption":"Ecobnb"},"image":{"@id":"https:\/\/ecobnb.it\/blog\/#\/schema\/logo\/image\/"},"sameAs":["https:\/\/www.facebook.com\/viaggiverdi"]}]}},"_links":{"self":[{"href":"https:\/\/ecobnb.it\/blog\/wp-json\/wp\/v2\/pages\/80064"}],"collection":[{"href":"https:\/\/ecobnb.it\/blog\/wp-json\/wp\/v2\/pages"}],"about":[{"href":"https:\/\/ecobnb.it\/blog\/wp-json\/wp\/v2\/types\/page"}],"author":[{"embeddable":true,"href":"https:\/\/ecobnb.it\/blog\/wp-json\/wp\/v2\/users\/42"}],"replies":[{"embeddable":true,"href":"https:\/\/ecobnb.it\/blog\/wp-json\/wp\/v2\/comments?post=80064"}],"version-history":[{"count":11,"href":"https:\/\/ecobnb.it\/blog\/wp-json\/wp\/v2\/pages\/80064\/revisions"}],"predecessor-version":[{"id":80164,"href":"https:\/\/ecobnb.it\/blog\/wp-json\/wp\/v2\/pages\/80064\/revisions\/80164"}],"wp:featuredmedia":[{"embeddable":true,"href":"https:\/\/ecobnb.it\/blog\/wp-json\/wp\/v2\/media\/80069"}],"wp:attachment":[{"href":"https:\/\/ecobnb.it\/blog\/wp-json\/wp\/v2\/media?parent=80064"}],"curies":[{"name":"wp","href":"https:\/\/api.w.org\/{rel}","templated":true}]}}