{"id":77632,"date":"2024-01-26T18:25:21","date_gmt":"2024-01-26T17:25:21","guid":{"rendered":"https:\/\/ecobnb.it\/blog\/?page_id=77632"},"modified":"2024-01-26T18:25:30","modified_gmt":"2024-01-26T17:25:30","slug":"citazioni-pensieri-aforismi-animali","status":"publish","type":"page","link":"https:\/\/ecobnb.it\/blog\/citazioni-pensieri-aforismi-animali\/","title":{"rendered":"Citazioni, Pensieri, Aforismi sugli Animali"},"content":{"rendered":"\n<p>Gli animali condividono con noi il pianeta e hanno una connessione profonda con la nostra esistenza. Compagni fedeli, o fonti di ispirazione, gli animali ci offrono un mondo di saggezza e bellezza. Continua a leggere per scoprire le pi\u00f9 belle citazioni sugli animali, i pensieri e gli aforismi che catturano la straordinaria diversit\u00e0 e la meraviglia del regno animale che ci circonda. <\/p>\n\n\n\n<h2>Le Pi\u00f9 Belle Citazioni Sugli Animali <\/h2>\n\n\n\n<figure class=\"wp-container-2 wp-block-gallery-1 wp-block-gallery has-nested-images columns-default is-cropped\">\n<figure class=\"wp-block-image size-large\"><img width=\"870\" height=\"490\" data-id=\"77183\"  src=\"https:\/\/ecobnb.it\/blog\/app\/uploads\/sites\/2\/2024\/01\/La-vida-es-un-viaje-viajar-es-vivir-dos-veces-Omar-Khayya\u0300m-870x490.png\" alt=\"Citazione di Mahatma Gandhi\" class=\"wp-image-77183\" srcset=\"https:\/\/ecobnb.it\/blog\/app\/uploads\/sites\/2\/2024\/01\/La-vida-es-un-viaje-viajar-es-vivir-dos-veces-Omar-Khayya\u0300m.png 870w, https:\/\/ecobnb.it\/blog\/app\/uploads\/sites\/2\/2024\/01\/La-vida-es-un-viaje-viajar-es-vivir-dos-veces-Omar-Khayya\u0300m-536x302.png 536w, https:\/\/ecobnb.it\/blog\/app\/uploads\/sites\/2\/2024\/01\/La-vida-es-un-viaje-viajar-es-vivir-dos-veces-Omar-Khayya\u0300m-768x433.png 768w, https:\/\/ecobnb.it\/blog\/app\/uploads\/sites\/2\/2024\/01\/La-vida-es-un-viaje-viajar-es-vivir-dos-veces-Omar-Khayya\u0300m-570x320.png 570w, https:\/\/ecobnb.it\/blog\/app\/uploads\/sites\/2\/2024\/01\/La-vida-es-un-viaje-viajar-es-vivir-dos-veces-Omar-Khayya\u0300m-344x194.png 344w\" sizes=\"(max-width: 870px) 100vw, 870px\" \/><\/figure>\n<\/figure>\n\n\n\n<p>Puoi conoscere il cuore di un uomo gi\u00e0 dal modo in cui egli tratta gli animali.<br>(Immanuel Kant)<\/p>\n\n\n\n<p>Fintanto che l&#8217;uomo\u00a0continuer\u00e0 a distruggere senza\u00a0sosta\u00a0tutte le forme di\u00a0vita, che egli considera inferiori, non sapr\u00e0 mai cos&#8217;\u00e8 la\u00a0salute\u00a0e non trover\u00e0 mai la vera\u00a0pace. Gli\u00a0uomini\u00a0continueranno ad\u00a0ammazzarsi\u00a0fra loro fintanto che massacreranno gli animali. Colui che\u00a0semina\u00a0l&#8217;uccisione\u00a0e il\u00a0dolore\u00a0non pu\u00f2\u00a0raccogliere\u00a0la\u00a0gioia\u00a0e l&#8217;amore.<br>(Pitagora)<\/p>\n\n\n\n<p>\u00c8 solo per un eccesso di vanit\u00e0 ridicola che gli uomini si attribuiscono un\u2019anima di specie diversa da quella degli animali.<br>(Voltaire)<\/p>\n\n\n\n<p>La scomparsa degli animali \u00e8 un fatto di una gravit\u00e0 senza precedenti. Il loro\u00a0carnefice\u00a0ha invaso il\u00a0paesaggio; non c&#8217;\u00e8 posto che per lui. L&#8217;orrore\u00a0di vedere un\u00a0uomo\u00a0l\u00e0 dove si poteva\u00a0contemplare\u00a0un\u00a0cavallo!<br>(Emile Michel Cioran)<\/p>\n\n\n\n<figure class=\"wp-block-image size-large\"><img width=\"870\" height=\"490\" src=\"https:\/\/ecobnb.it\/blog\/app\/uploads\/sites\/2\/2024\/01\/citazioni-animali-biodiversita\u0300-870x490.png\" alt=\"Arthur Schopenhauer sugli animali e l'uomo\" class=\"wp-image-77184\" srcset=\"https:\/\/ecobnb.it\/blog\/app\/uploads\/sites\/2\/2024\/01\/citazioni-animali-biodiversita\u0300.png 870w, https:\/\/ecobnb.it\/blog\/app\/uploads\/sites\/2\/2024\/01\/citazioni-animali-biodiversita\u0300-536x302.png 536w, https:\/\/ecobnb.it\/blog\/app\/uploads\/sites\/2\/2024\/01\/citazioni-animali-biodiversita\u0300-768x433.png 768w, https:\/\/ecobnb.it\/blog\/app\/uploads\/sites\/2\/2024\/01\/citazioni-animali-biodiversita\u0300-570x320.png 570w, https:\/\/ecobnb.it\/blog\/app\/uploads\/sites\/2\/2024\/01\/citazioni-animali-biodiversita\u0300-344x194.png 344w\" sizes=\"(max-width: 870px) 100vw, 870px\" \/><\/figure>\n\n\n\n<p><\/p>\n\n\n\n<p>Fissa il tuo cane negli occhi e tenta ancora di affermare che gli animali non hanno un\u2019anima.<br>(Victor Hugo)<\/p>\n\n\n\n<p>Le pi\u00f9 belle lezioni di umanit\u00e0 le ho ricevute dagli animali.<br>(Fabrizio Caramagna)<\/p>\n\n\n\n<p>L\u2019etimologia in disaccordo con la logica. Chiamiamo animali gli esseri viventi ai quali neghiamo la propriet\u00e0 di un\u2019anima.<br>(Francesco Burdin)<\/p>\n\n\n\n<p>Fino a quando non hai amato un animale, una parte della tua anima sar\u00e0 sempre senza luce.<br>(Anatole France)<\/p>\n\n\n\n<p>Gli occhi di un animale hanno il potere di parlare un grande linguaggio.<br>(Martin Buber)<\/p>\n\n\n\n<p>Amate gli animali: Dio ha donato loro i rudimenti del&nbsp;pensiero&nbsp;e una&nbsp;gioia&nbsp;imperturbata. Non siate voi a turbarla, non li maltrattate, non privateli della loro&nbsp;gioia, non contrastate il&nbsp;pensiero&nbsp;divino.&nbsp;Uomo, non ti vantare di&nbsp;superiorit\u00e0&nbsp;nei confronti degli animali: essi sono senza&nbsp;peccato, mentre tu, con tutta la tua&nbsp;grandezza, insozzi la&nbsp;terra&nbsp;con la tua comparsa su di essa e lasci la tua orma putrida dietro di te; purtroppo questo \u00e8 vero per quasi tutti noi.<br>(F\u00cbDOR MICHAJLOVI\u010c DOSTOEVSKIJ)<\/p>\n\n\n\n<p>Gli animali non solo provano&nbsp;affetto, ma desiderano&nbsp;essere amati.<br>(CHARLES ROBERT DARWIN)<\/p>\n\n\n\n<p>Temo che gli animali vedano nell\u2019uomo un essere loro uguale che ha perso in modo estremamente pericoloso il sano intelletto animale: vedano ci\u00f2 in lui l\u2019animale delirante, l\u2019animale che ride, l\u2019animale che piange, l\u2019animale infelice.<br>(Friedrich Nietzsche)<\/p>\n\n\n\n<figure class=\"wp-block-image size-large\"><img width=\"870\" height=\"490\" src=\"https:\/\/ecobnb.it\/blog\/app\/uploads\/sites\/2\/2024\/01\/citazioni-animali-biodiversita\u0300-copia-870x490.png\" alt=\"Citazione di Luigi Pirandello sugli animali\" class=\"wp-image-77186\" srcset=\"https:\/\/ecobnb.it\/blog\/app\/uploads\/sites\/2\/2024\/01\/citazioni-animali-biodiversita\u0300-copia.png 870w, https:\/\/ecobnb.it\/blog\/app\/uploads\/sites\/2\/2024\/01\/citazioni-animali-biodiversita\u0300-copia-536x302.png 536w, https:\/\/ecobnb.it\/blog\/app\/uploads\/sites\/2\/2024\/01\/citazioni-animali-biodiversita\u0300-copia-768x433.png 768w, https:\/\/ecobnb.it\/blog\/app\/uploads\/sites\/2\/2024\/01\/citazioni-animali-biodiversita\u0300-copia-570x320.png 570w, https:\/\/ecobnb.it\/blog\/app\/uploads\/sites\/2\/2024\/01\/citazioni-animali-biodiversita\u0300-copia-344x194.png 344w\" sizes=\"(max-width: 870px) 100vw, 870px\" \/><\/figure>\n\n\n\n<h2>Aforismi sugli Animali che Fanno Riflettere<\/h2>\n\n\n\n<p>Se passate del tempo con gli animali, correte il rischio di diventare una persona migliore. (Oscar Wilde)<\/p>\n\n\n\n<p>Si pu\u00f2 capire il vero carattere di una persona dal modo in cui tratta i propri compagni animali. (Paul McCartney)<\/p>\n\n\n\n<p>Non dimentichiamo che gli animali hanno una loro ragione d&#8217;essere; non sono stati creati per compiacere gli uomini. (Alice Walker)<\/p>\n\n\n\n<p><strong>Alcune persone parlano agli animali ma non molte li ascoltano. Questo \u00e8 il problema.<\/strong> (A. A. Milne)<\/p>\n\n\n\n<figure class=\"wp-container-4 wp-block-gallery-3 wp-block-gallery has-nested-images columns-default is-cropped\">\n<figure class=\"wp-block-image size-large\"><img width=\"870\" height=\"490\" data-id=\"77187\"  src=\"https:\/\/ecobnb.it\/blog\/app\/uploads\/sites\/2\/2024\/01\/citazioni-animali-biodiversita\u0300-copia-2-870x490.png\" alt=\"Montapert: gli animali son affidabili e affettuosi \" class=\"wp-image-77187\" srcset=\"https:\/\/ecobnb.it\/blog\/app\/uploads\/sites\/2\/2024\/01\/citazioni-animali-biodiversita\u0300-copia-2.png 870w, https:\/\/ecobnb.it\/blog\/app\/uploads\/sites\/2\/2024\/01\/citazioni-animali-biodiversita\u0300-copia-2-536x302.png 536w, https:\/\/ecobnb.it\/blog\/app\/uploads\/sites\/2\/2024\/01\/citazioni-animali-biodiversita\u0300-copia-2-768x433.png 768w, https:\/\/ecobnb.it\/blog\/app\/uploads\/sites\/2\/2024\/01\/citazioni-animali-biodiversita\u0300-copia-2-570x320.png 570w, https:\/\/ecobnb.it\/blog\/app\/uploads\/sites\/2\/2024\/01\/citazioni-animali-biodiversita\u0300-copia-2-344x194.png 344w\" sizes=\"(max-width: 870px) 100vw, 870px\" \/><\/figure>\n<\/figure>\n\n\n\n<p>L&#8217;uomo \u00e8 l&#8217;animale pi\u00f9 crudele. (Friedrich Nietzsche.)<\/p>\n\n\n\n<p>Gli animali non odiano, e si suppone che noi siamo meglio di loro&#8230;&#8221; (Elvis Presley.)<\/p>\n\n\n\n<p>La compassione e l&#8217;empatia per il pi\u00f9 piccolo degli animali \u00e8 una delle pi\u00f9 nobili virt\u00f9 che un uomo possa ricevere in dono. (CHARLES DARWIN)<\/p>\n\n\n\n<figure class=\"wp-block-image size-full\"><img width=\"870\" height=\"490\" src=\"https:\/\/ecobnb.it\/blog\/app\/uploads\/sites\/2\/2024\/01\/citazioni-animali-biodiversita\u0300-copia-3.png\" alt=\"Bekoff sugli animali come soggetti di una vita\" class=\"wp-image-77213\" srcset=\"https:\/\/ecobnb.it\/blog\/app\/uploads\/sites\/2\/2024\/01\/citazioni-animali-biodiversita\u0300-copia-3.png 870w, https:\/\/ecobnb.it\/blog\/app\/uploads\/sites\/2\/2024\/01\/citazioni-animali-biodiversita\u0300-copia-3-536x302.png 536w, https:\/\/ecobnb.it\/blog\/app\/uploads\/sites\/2\/2024\/01\/citazioni-animali-biodiversita\u0300-copia-3-768x433.png 768w, https:\/\/ecobnb.it\/blog\/app\/uploads\/sites\/2\/2024\/01\/citazioni-animali-biodiversita\u0300-copia-3-570x320.png 570w, https:\/\/ecobnb.it\/blog\/app\/uploads\/sites\/2\/2024\/01\/citazioni-animali-biodiversita\u0300-copia-3-344x194.png 344w\" sizes=\"(max-width: 870px) 100vw, 870px\" \/><figcaption>Bekoff sugli animali come soggetti di una vita<\/figcaption><\/figure>\n\n\n\n<p>Gli animali esistono su questa Terra per s\u00e9 stessi. Non sono stati creati per gli umani, cos\u00ec come i neri non sono stati creati per i bianchi n\u00e9 le donne per gli uomini. (Alice Walker)<\/p>\n\n\n\n<p>Gli animali domestici si stanno umanizzando. Ci ricordano che abbiamo l\u2019obbligo e la responsabilit\u00e0 di preservare, nutrire e prenderci cura di loro per tutta la vita. (James Cromwell)<\/p>\n\n\n\n<p>Se avere un\u2019anima significa essere in grado di provare amore, lealt\u00e0 e gratitudine, allora gli animali stanno meglio di molti umani. (James Herriot)<\/p>\n\n\n\n<p>I nostri compagni perfetti non hanno mai meno di quattro piedi. (Colette)<\/p>\n\n\n\n<p>Verr\u00e0 un giorno in cui gli uomini vedranno l\u2019assassinio di un animale come ora vedono quello di un uomo. (Leonardo da Vinci)<\/p>\n\n\n\n<figure class=\"wp-container-6 wp-block-gallery-5 wp-block-gallery has-nested-images columns-default is-cropped\">\n<figure class=\"wp-block-image size-large\"><img width=\"870\" height=\"490\" data-id=\"77214\"  src=\"https:\/\/ecobnb.it\/blog\/app\/uploads\/sites\/2\/2024\/01\/citazioni-animali-biodiversita\u0300-copia-4-870x490.png\" alt=\"Frase di Anatole France sugli animali\" class=\"wp-image-77214\" srcset=\"https:\/\/ecobnb.it\/blog\/app\/uploads\/sites\/2\/2024\/01\/citazioni-animali-biodiversita\u0300-copia-4.png 870w, https:\/\/ecobnb.it\/blog\/app\/uploads\/sites\/2\/2024\/01\/citazioni-animali-biodiversita\u0300-copia-4-536x302.png 536w, https:\/\/ecobnb.it\/blog\/app\/uploads\/sites\/2\/2024\/01\/citazioni-animali-biodiversita\u0300-copia-4-768x433.png 768w, https:\/\/ecobnb.it\/blog\/app\/uploads\/sites\/2\/2024\/01\/citazioni-animali-biodiversita\u0300-copia-4-570x320.png 570w, https:\/\/ecobnb.it\/blog\/app\/uploads\/sites\/2\/2024\/01\/citazioni-animali-biodiversita\u0300-copia-4-344x194.png 344w\" sizes=\"(max-width: 870px) 100vw, 870px\" \/><\/figure>\n<\/figure>\n\n\n\n<p>Gli animali sono amici cos\u00ec piacevoli: non fanno domande, non criticano. (George Eliot)<\/p>\n\n\n\n<p>Gli occhi di un animale hanno il potere di parlare un grande linguaggio. (Martin Buber)<\/p>\n\n\n\n<p>Non si devono misurare gli animali col metro umano. Sono creature complete e finite, dotate di un\u2019estensione dei sensi che noi abbiamo perso o non abbiamo mai posseduto, e che agiscono in ottemperanza a voci che noi non udremo mai. Non sono confratelli, non sono subalterni; sono altre nazioni, catturate con noi nella rete della vita e del tempo, compagni di prigionia nello splendore e nel travaglio di questa terra. (Henry Beston)<\/p>\n\n\n\n<p>Gli animali sono miei amici\u2026 e io non mangio i miei amici. (George Bernard Shaw)<\/p>\n\n\n\n<p>Gli animali sono assai pi\u00f9 di noi soddisfatti per il semplice fatto di esistere; le piante lo sono interamente; gli uomini lo sono secondo il grado della loro stupidit\u00e0. Questa dedizione totale al presente, propria degli animali, \u00e8 la precipua causa del piacere che ci danno gli animali domestici. (ARTHUR SCHOPENHAUER)<\/p>\n\n\n\n<p><em>Autore: Ludovica Botta<\/em><\/p>\n","protected":false},"excerpt":{"rendered":"<p>Gli animali condividono con noi il pianeta e hanno una connessione profonda con la nostra esistenza. Compagni fedeli, o fonti di ispirazione, gli animali ci offrono un mondo di saggezza e bellezza. Continua a leggere per scoprire le pi\u00f9 belle citazioni sugli animali, i pensieri e gli aforismi che catturano la straordinaria diversit\u00e0 e la [&hellip;]<\/p>\n","protected":false},"author":187,"featured_media":77180,"parent":0,"menu_order":0,"comment_status":"closed","ping_status":"closed","template":"","meta":[],"acf":[],"yoast_head":"<!-- This site is optimized with the Yoast SEO plugin v19.9 - https:\/\/yoast.com\/wordpress\/plugins\/seo\/ -->\n<title>Citazioni, Pensieri, Aforismi sugli Animali - Ecobnb<\/title>\n<meta name=\"description\" content=\"Scopri le migliori citazioni sugli animali, gli aforismi e i pensieri che cattrano la meraviglia del regno animale che ci circonda.\" \/>\n<meta name=\"robots\" content=\"index, follow, max-snippet:-1, max-image-preview:large, max-video-preview:-1\" \/>\n<link rel=\"canonical\" href=\"https:\/\/ecobnb.it\/blog\/citazioni-pensieri-aforismi-animali\/\" \/>\n<meta property=\"og:locale\" content=\"it_IT\" \/>\n<meta property=\"og:type\" content=\"article\" \/>\n<meta property=\"og:title\" content=\"Citazioni, Pensieri, Aforismi sugli Animali - Ecobnb\" \/>\n<meta property=\"og:description\" content=\"Scopri le migliori citazioni sugli animali, gli aforismi e i pensieri che cattrano la meraviglia del regno animale che ci circonda.\" \/>\n<meta property=\"og:url\" content=\"https:\/\/ecobnb.it\/blog\/citazioni-pensieri-aforismi-animali\/\" \/>\n<meta property=\"og:site_name\" content=\"Ecobnb\" \/>\n<meta property=\"article:publisher\" content=\"https:\/\/www.facebook.com\/viaggiverdi\" \/>\n<meta property=\"article:modified_time\" content=\"2024-01-26T17:25:30+00:00\" \/>\n<meta property=\"og:image\" content=\"https:\/\/ecobnb.it\/blog\/app\/uploads\/sites\/2\/2024\/01\/Progetto-senza-titolo.png\" \/>\n\t<meta property=\"og:image:width\" content=\"1170\" \/>\n\t<meta property=\"og:image:height\" content=\"490\" \/>\n\t<meta property=\"og:image:type\" content=\"image\/png\" \/>\n<meta name=\"twitter:label1\" content=\"Est. reading time\" \/>\n\t<meta name=\"twitter:data1\" content=\"6 minutes\" \/>\n<!-- \/ Yoast SEO plugin. -->","yoast_head_json":{"title":"Citazioni, Pensieri, Aforismi sugli Animali - Ecobnb","description":"Scopri le migliori citazioni sugli animali, gli aforismi e i pensieri che cattrano la meraviglia del regno animale che ci circonda.","robots":{"index":"index","follow":"follow","max-snippet":"max-snippet:-1","max-image-preview":"max-image-preview:large","max-video-preview":"max-video-preview:-1"},"canonical":"https:\/\/ecobnb.it\/blog\/citazioni-pensieri-aforismi-animali\/","og_locale":"it_IT","og_type":"article","og_title":"Citazioni, Pensieri, Aforismi sugli Animali - Ecobnb","og_description":"Scopri le migliori citazioni sugli animali, gli aforismi e i pensieri che cattrano la meraviglia del regno animale che ci circonda.","og_url":"https:\/\/ecobnb.it\/blog\/citazioni-pensieri-aforismi-animali\/","og_site_name":"Ecobnb","article_publisher":"https:\/\/www.facebook.com\/viaggiverdi","article_modified_time":"2024-01-26T17:25:30+00:00","og_image":[{"width":1170,"height":490,"url":"https:\/\/ecobnb.it\/blog\/app\/uploads\/sites\/2\/2024\/01\/Progetto-senza-titolo.png","type":"image\/png"}],"twitter_misc":{"Est. reading time":"6 minutes"},"schema":{"@context":"https:\/\/schema.org","@graph":[{"@type":"WebPage","@id":"https:\/\/ecobnb.it\/blog\/citazioni-pensieri-aforismi-animali\/","url":"https:\/\/ecobnb.it\/blog\/citazioni-pensieri-aforismi-animali\/","name":"Citazioni, Pensieri, Aforismi sugli Animali - Ecobnb","isPartOf":{"@id":"https:\/\/ecobnb.it\/blog\/#website"},"datePublished":"2024-01-26T17:25:21+00:00","dateModified":"2024-01-26T17:25:30+00:00","description":"Scopri le migliori citazioni sugli animali, gli aforismi e i pensieri che cattrano la meraviglia del regno animale che ci circonda.","inLanguage":"it-IT","potentialAction":[{"@type":"ReadAction","target":["https:\/\/ecobnb.it\/blog\/citazioni-pensieri-aforismi-animali\/"]}]},{"@type":"WebSite","@id":"https:\/\/ecobnb.it\/blog\/#website","url":"https:\/\/ecobnb.it\/blog\/","name":"Ecobnb","description":"Trova il tuo Alloggio Ecosostenibile","publisher":{"@id":"https:\/\/ecobnb.it\/blog\/#organization"},"potentialAction":[{"@type":"SearchAction","target":{"@type":"EntryPoint","urlTemplate":"https:\/\/ecobnb.it\/blog\/?s={search_term_string}"},"query-input":"required name=search_term_string"}],"inLanguage":"it-IT"},{"@type":"Organization","@id":"https:\/\/ecobnb.it\/blog\/#organization","name":"Ecobnb","url":"https:\/\/ecobnb.it\/blog\/","logo":{"@type":"ImageObject","inLanguage":"it-IT","@id":"https:\/\/ecobnb.it\/blog\/#\/schema\/logo\/image\/","url":"https:\/\/ecobnb.it\/blog\/app\/uploads\/sites\/2\/2016\/03\/logo_transparent_512x512.png","contentUrl":"https:\/\/ecobnb.it\/blog\/app\/uploads\/sites\/2\/2016\/03\/logo_transparent_512x512.png","width":512,"height":512,"caption":"Ecobnb"},"image":{"@id":"https:\/\/ecobnb.it\/blog\/#\/schema\/logo\/image\/"},"sameAs":["https:\/\/www.facebook.com\/viaggiverdi"]}]}},"_links":{"self":[{"href":"https:\/\/ecobnb.it\/blog\/wp-json\/wp\/v2\/pages\/77632"}],"collection":[{"href":"https:\/\/ecobnb.it\/blog\/wp-json\/wp\/v2\/pages"}],"about":[{"href":"https:\/\/ecobnb.it\/blog\/wp-json\/wp\/v2\/types\/page"}],"author":[{"embeddable":true,"href":"https:\/\/ecobnb.it\/blog\/wp-json\/wp\/v2\/users\/187"}],"replies":[{"embeddable":true,"href":"https:\/\/ecobnb.it\/blog\/wp-json\/wp\/v2\/comments?post=77632"}],"version-history":[{"count":1,"href":"https:\/\/ecobnb.it\/blog\/wp-json\/wp\/v2\/pages\/77632\/revisions"}],"predecessor-version":[{"id":77639,"href":"https:\/\/ecobnb.it\/blog\/wp-json\/wp\/v2\/pages\/77632\/revisions\/77639"}],"wp:featuredmedia":[{"embeddable":true,"href":"https:\/\/ecobnb.it\/blog\/wp-json\/wp\/v2\/media\/77180"}],"wp:attachment":[{"href":"https:\/\/ecobnb.it\/blog\/wp-json\/wp\/v2\/media?parent=77632"}],"curies":[{"name":"wp","href":"https:\/\/api.w.org\/{rel}","templated":true}]}}