{"id":74480,"date":"2023-07-13T15:11:34","date_gmt":"2023-07-13T13:11:34","guid":{"rendered":"https:\/\/ecobnb.it\/blog\/?page_id=74480"},"modified":"2023-07-13T15:23:14","modified_gmt":"2023-07-13T13:23:14","slug":"citazioni-pensieri-aforismi-bicicletta-viaggiare-bici","status":"publish","type":"page","link":"https:\/\/ecobnb.it\/blog\/citazioni-pensieri-aforismi-bicicletta-viaggiare-bici\/","title":{"rendered":"Citazioni, Pensieri e Aforismi sulla bicicletta e sul viaggiare in bici"},"content":{"rendered":"\n<h2>Andare in bici non \u00e8 solo un&#8217;attivit\u00e0 fisica, ma anche un vero toccasana per lo spirito: la sensazione di montare in sella e pedalare verso nuovi orizzonti, sentendo il vento tra i capelli, \u00e8 davvero unica e rigenerante. Se ami la bicicletta, continua a leggere per scoprire le migliori frasi e citazioni legate a questo mondo!<\/h2>\n\n\n\n<p>Viaggiare in bicicletta regala emozioni uniche, che hanno ispirato moltissimi ciclisti, giornalisti, ma anche scrittori e pensatori a dedicare bellissime frasi e citazioni alla bici. Ecco le migliori: <\/p>\n\n\n\n<h2>Le pi\u00f9 belle citazioni sulla bicicletta<\/h2>\n\n\n\n<figure class=\"wp-block-image size-large\"><img width=\"870\" height=\"490\" src=\"https:\/\/ecobnb.it\/blog\/app\/uploads\/sites\/2\/2023\/07\/Aggiungi-unintestazione-5-870x490.png\" alt=\"la bicicletta \u00e8 l'immagine visibile del vento\" class=\"wp-image-74413\" srcset=\"https:\/\/ecobnb.it\/blog\/app\/uploads\/sites\/2\/2023\/07\/Aggiungi-unintestazione-5.png 870w, https:\/\/ecobnb.it\/blog\/app\/uploads\/sites\/2\/2023\/07\/Aggiungi-unintestazione-5-536x302.png 536w, https:\/\/ecobnb.it\/blog\/app\/uploads\/sites\/2\/2023\/07\/Aggiungi-unintestazione-5-768x433.png 768w, https:\/\/ecobnb.it\/blog\/app\/uploads\/sites\/2\/2023\/07\/Aggiungi-unintestazione-5-570x320.png 570w, https:\/\/ecobnb.it\/blog\/app\/uploads\/sites\/2\/2023\/07\/Aggiungi-unintestazione-5-344x194.png 344w\" sizes=\"(max-width: 870px) 100vw, 870px\" \/><\/figure>\n\n\n\n<p><\/p>\n\n\n\n<p>Adoro andare in bicicletta, vedo cose che altrimenti non avrei mai visto. Le vie hanno doppi sensi anche dove ce n\u2019\u00e8 uno solo. <br>     (Stephen Littleword)                                                                                                                     <\/p>\n\n\n\n<p>La bicicletta ha un&#8217;anima. Se si riesce ad amarla, vi dar\u00e0 emozioni che non dimenticherete mai. <br>      (Mario Cipollini)                                                                           <\/p>\n\n\n\n<p>Con nessun\u2019altra invenzione l\u2019utile \u00e8 cos\u00ec intimamente connesso con il dilettevole come con la bicicletta. <br>(Adam Opel)<br>                                                              <\/p>\n\n\n\n<p>La bicicletta \u00e8 un atto di espressione creativa, una forma d&#8217;arte che cambia ogni volta che qualcuno va in sella. <br>(Charles Youel)<\/p>\n\n\n\n<h2>Il valore spirituale dell&#8217;andare in bici<\/h2>\n\n\n\n<figure class=\"wp-block-image size-large\"><img width=\"870\" height=\"490\" src=\"https:\/\/ecobnb.it\/blog\/app\/uploads\/sites\/2\/2023\/07\/Aggiungi-unintestazione-7-870x490.png\" alt=\"quella della bici \u00e8 l'unica catena che ti rende libero\" class=\"wp-image-74416\" srcset=\"https:\/\/ecobnb.it\/blog\/app\/uploads\/sites\/2\/2023\/07\/Aggiungi-unintestazione-7-870x490.png 870w, https:\/\/ecobnb.it\/blog\/app\/uploads\/sites\/2\/2023\/07\/Aggiungi-unintestazione-7-536x302.png 536w, https:\/\/ecobnb.it\/blog\/app\/uploads\/sites\/2\/2023\/07\/Aggiungi-unintestazione-7-768x433.png 768w, https:\/\/ecobnb.it\/blog\/app\/uploads\/sites\/2\/2023\/07\/Aggiungi-unintestazione-7-1536x865.png 1536w, https:\/\/ecobnb.it\/blog\/app\/uploads\/sites\/2\/2023\/07\/Aggiungi-unintestazione-7-570x320.png 570w, https:\/\/ecobnb.it\/blog\/app\/uploads\/sites\/2\/2023\/07\/Aggiungi-unintestazione-7-344x194.png 344w, https:\/\/ecobnb.it\/blog\/app\/uploads\/sites\/2\/2023\/07\/Aggiungi-unintestazione-7.png 1958w\" sizes=\"(max-width: 870px) 100vw, 870px\" \/><\/figure>\n\n\n\n<p>                                                                                                                                                   <\/p>\n\n\n\n<p>La bicicletta non \u00e8 un viluppo di metallo, un insieme inerte di leve e ruote. \u00c8 arpa birmana. Sinfonia. Un dono della vita. Trasforma in musica storie di uomini. Anche tragedie. <br>(Claudio Gregori)<\/p>\n\n\n\n<p>Se i pedoni si ignorano, se gli automobilisti si insultano, i ciclisti si sorridono, si salutano e si uniscono. <br>(Jacques Goddet)<\/p>\n\n\n\n<p>\u00c8 impossibile parlare del bello della bicicletta senza parlare di s\u00e9. La bicicletta fa parte della storia di ognuno di noi. <br>(Marc Aug\u00e9)<\/p>\n\n\n\n<p>Quando il morale \u00e8 basso, quando il giorno sembra buio, quando il lavoro diventa monotono, quando ti sembra che non ci sia pi\u00f9 speranza, monta sulla bicicletta e pedala senza pensare a nient&#8217;altro che alla strada che percorri. <br>(Sir Arthur Conan Doyle)<\/p>\n\n\n\n<figure class=\"wp-block-image size-large\"><img width=\"870\" height=\"490\" src=\"https:\/\/ecobnb.it\/blog\/app\/uploads\/sites\/2\/2023\/07\/Aggiungi-unintestazione-4-870x490.png\" alt=\"citazione di ivan basso sulla bicicletta\" class=\"wp-image-74411\" srcset=\"https:\/\/ecobnb.it\/blog\/app\/uploads\/sites\/2\/2023\/07\/Aggiungi-unintestazione-4.png 870w, https:\/\/ecobnb.it\/blog\/app\/uploads\/sites\/2\/2023\/07\/Aggiungi-unintestazione-4-536x302.png 536w, https:\/\/ecobnb.it\/blog\/app\/uploads\/sites\/2\/2023\/07\/Aggiungi-unintestazione-4-768x433.png 768w, https:\/\/ecobnb.it\/blog\/app\/uploads\/sites\/2\/2023\/07\/Aggiungi-unintestazione-4-570x320.png 570w, https:\/\/ecobnb.it\/blog\/app\/uploads\/sites\/2\/2023\/07\/Aggiungi-unintestazione-4-344x194.png 344w\" sizes=\"(max-width: 870px) 100vw, 870px\" \/><\/figure>\n\n\n\n<p><\/p>\n\n\n\n<p>Le ruote di una bici sono come le lancette di un orologio: girano lentamente ma possono andare molto lontano rotolando verso il futuro senza fretta. <br>(Enrico Caracciolo)<\/p>\n\n\n\n<p>La vita \u00e8 come andare in bicicletta: se vuoi stare in equilibrio devi muoverti. <br>(Albert Einstein)<\/p>\n\n\n\n<p>La parte pi\u00f9 dura dell&#8217;allevare un bambino \u00e8 insegnargli ad andare in bicicletta. Un bambino traballante sulla bicicletta per la prima volta ha bisogno sia di sostegno sia di libert\u00e0. Rendersi conto che questo \u00e8 ci\u00f2 di cui avr\u00e0 sempre bisogno il bambino pu\u00f2 essere un brutto colpo. <br>(Sloan Wilson)<\/p>\n\n\n\n<p>La bicicletta \u00e8 il mezzo di trasporto pi\u00f9 civile che l&#8217;uomo conosca. Altre forme di trasporto crescono ogni giorno con forme da incubo. Solo la bicicletta rimane pura di cuore. <br>(Iris Murdoch)<\/p>\n\n\n\n<p>In bicicletta si torna giovani e si diventa poeti. <br>(Renato Serra)<\/p>\n\n\n\n<p>I bambini che spingono a mano le biciclette e i sellini che sanno di sole e felicit\u00e0. <br>(Fabrizio Caramagna)<\/p>\n\n\n\n<h2>Per i veri ciclisti: un legame indissolubile con la propria bicicletta<\/h2>\n\n\n\n<figure class=\"wp-block-image size-large\"><img width=\"870\" height=\"490\" src=\"https:\/\/ecobnb.it\/blog\/app\/uploads\/sites\/2\/2023\/07\/Aggiungi-unintestazione-8-870x490.png\" alt=\"citazione di didier  tronchet sullla bicicletta\" class=\"wp-image-74417\" srcset=\"https:\/\/ecobnb.it\/blog\/app\/uploads\/sites\/2\/2023\/07\/Aggiungi-unintestazione-8.png 870w, https:\/\/ecobnb.it\/blog\/app\/uploads\/sites\/2\/2023\/07\/Aggiungi-unintestazione-8-536x302.png 536w, https:\/\/ecobnb.it\/blog\/app\/uploads\/sites\/2\/2023\/07\/Aggiungi-unintestazione-8-768x433.png 768w, https:\/\/ecobnb.it\/blog\/app\/uploads\/sites\/2\/2023\/07\/Aggiungi-unintestazione-8-570x320.png 570w, https:\/\/ecobnb.it\/blog\/app\/uploads\/sites\/2\/2023\/07\/Aggiungi-unintestazione-8-344x194.png 344w\" sizes=\"(max-width: 870px) 100vw, 870px\" \/><\/figure>\n\n\n\n<p><\/p>\n\n\n\n<p>Chi ama la bicicletta si congiunge ad essa come se fosse il suo vero scheletro. <br>(Mauro Parrini)<\/p>\n\n\n\n<p>La volata \u00e8 un attimo, la salita \u00e8 un&#8217;eternit\u00e0, ed \u00e8 una sofferenza eterna, la discesa \u00e8 un brivido, il rifornimento una resurrezione, la borraccia \u00e8 acqua, l&#8217;acqua \u00e8 vita, la vita \u00e8 amicizia, come dimostra la borraccia fra Coppi e Bartali. <br>(Giuseppe Fonzi)<\/p>\n\n\n\n<p>Il vero ciclista esiste pienamente solo quando gli \u00e8 restituita la met\u00e0 persa del suo essere iniziale, \u00e8 un tutt&#8217;uno con lei. Il legame che unisce il ciclista alla sua bicicletta \u00e8, letteralmente, legame d&#8217;amore e di riconoscenza, che il tempo non consuma, ma rinforza, se poi la vita li separa, in forma di ricordo o nostalgia. <br>(Marc Aug\u00e9)<\/p>\n\n\n\n<p>La bicicletta \u00e8 bella per quello che ti pu\u00f2 dare. Ti fa stare bene, ti d\u00e0 la possibilit\u00e0 di sentire, di parlare, di vedere il mondo da un&#8217;altra angolazione. La bicicletta ti fa tornare indietro nel tempo. Ti fa tornare ragazzo. <br>(Davide Cassani)<\/p>\n\n\n\n<p>Arroccato su una semplice bicicletta, vi sembrer\u00e0 subito di cavalcare sulla schiena della terra. <br>(Pierre Sansot)<\/p>\n\n\n\n<h2>Il piacere di viaggiare in bicicletta<\/h2>\n\n\n\n<figure class=\"wp-block-image size-large\"><img width=\"870\" height=\"490\" src=\"https:\/\/ecobnb.it\/blog\/app\/uploads\/sites\/2\/2023\/07\/Aggiungi-unintestazione-2-1-870x490.png\" alt=\"citazione sul romanticismo di andare in bici\" class=\"wp-image-74434\" srcset=\"https:\/\/ecobnb.it\/blog\/app\/uploads\/sites\/2\/2023\/07\/Aggiungi-unintestazione-2-1.png 870w, https:\/\/ecobnb.it\/blog\/app\/uploads\/sites\/2\/2023\/07\/Aggiungi-unintestazione-2-1-536x302.png 536w, https:\/\/ecobnb.it\/blog\/app\/uploads\/sites\/2\/2023\/07\/Aggiungi-unintestazione-2-1-768x433.png 768w, https:\/\/ecobnb.it\/blog\/app\/uploads\/sites\/2\/2023\/07\/Aggiungi-unintestazione-2-1-570x320.png 570w, https:\/\/ecobnb.it\/blog\/app\/uploads\/sites\/2\/2023\/07\/Aggiungi-unintestazione-2-1-344x194.png 344w\" sizes=\"(max-width: 870px) 100vw, 870px\" \/><\/figure>\n\n\n\n<p>Andare in bicicletta \u00e8 la migliore approssimazione che conosca al volo degli uccelli. L&#8217;aereo porta semplicemente l&#8217;uomo sulla schiena come un Pegaso obbediente, ma non gli d\u00e0 le ali per volare da solo. <br>(Louis J. Helle, Jr.)<\/p>\n\n\n\n<p>La bicicletta soddisfa molteplici esigenze. Se ti senti un gregario, puoi uscire in gruppo. Oppure puoi andare da solo. Se ti senti aggressivo, puoi andare veloce; se sei stanco e vuoi rilassarti, puoi andare lento. Inoltre la bicicletta non discrimina in base all&#8217;et\u00e0. <br>(Georgena Terry)<\/p>\n\n\n\n<p>La bicicletta \u00e8 il modo di accordare la vita con il tempo e lo spazio, \u00e8 l&#8217;andare e lo stare dentro misure ancora umane. <br>(Sergio Zavoli)<\/p>\n\n\n\n<figure class=\"wp-container-2 wp-block-gallery-1 wp-block-gallery has-nested-images columns-default is-cropped\">\n<figure class=\"wp-block-image size-large\"><img width=\"870\" height=\"490\" data-id=\"74427\"  src=\"https:\/\/ecobnb.it\/blog\/app\/uploads\/sites\/2\/2023\/07\/Aggiungi-unintestazione-1-1-870x490.png\" alt=\"la scoperta del mondo parte per me dalla bicicletta, citazione di Maurice de Vlaminck\" class=\"wp-image-74427\" srcset=\"https:\/\/ecobnb.it\/blog\/app\/uploads\/sites\/2\/2023\/07\/Aggiungi-unintestazione-1-1.png 870w, https:\/\/ecobnb.it\/blog\/app\/uploads\/sites\/2\/2023\/07\/Aggiungi-unintestazione-1-1-536x302.png 536w, https:\/\/ecobnb.it\/blog\/app\/uploads\/sites\/2\/2023\/07\/Aggiungi-unintestazione-1-1-768x433.png 768w, https:\/\/ecobnb.it\/blog\/app\/uploads\/sites\/2\/2023\/07\/Aggiungi-unintestazione-1-1-570x320.png 570w, https:\/\/ecobnb.it\/blog\/app\/uploads\/sites\/2\/2023\/07\/Aggiungi-unintestazione-1-1-344x194.png 344w\" sizes=\"(max-width: 870px) 100vw, 870px\" \/><\/figure>\n<\/figure>\n\n\n\n<p>\u00c8 andando in bicicletta che impari meglio i contorni di un paese, perch\u00e9 devi sudare sulle colline e andare gi\u00f9 a ruota libera nelle discese. In questo modo te le ricordi come sono veramente, mentre in automobile ti restano impresse solo le colline pi\u00f9 alte, e non hai un ricordo tanto accurato del paese che hai attraversato in macchina come ce l&#8217;hai passandoci in bicicletta. <br>(Ernest Hemingway)<\/p>\n\n\n\n<p>Niente \u00e8 paragonabile al semplice piacere di un giro in bicicletta. <br>(John Fitzgerald Kennedy)<\/p>\n\n\n\n<p>Quale citazione sulla bicicletta ti \u00e8 piaciuta di pi\u00f9?<\/p>\n\n\n\n<p>Se leggendo le citazioni e gli aforismi ti \u00e8 venuta voglia di montare in sella, prendi la tua bici ed esplora le <a href=\"https:\/\/ecobnb.it\/blog\/2020\/05\/piste-ciclabili-belle-italia\/\" target=\"_blank\" rel=\"noreferrer noopener\">piste ciclabili pi\u00f9 belle d&#8217;Italia<\/a> o parti per una vera e propria <a href=\"https:\/\/ecobnb.it\/blog\/2022\/02\/vacanza-ecosostenibile-bicicletta\/\" target=\"_blank\" rel=\"noreferrer noopener\">vacanza in bicicletta<\/a>!<\/p>\n\n\n\n<p>Autrice: <a href=\"https:\/\/ecobnb.it\/blog\/author\/amanda\/\" target=\"_blank\" rel=\"noreferrer noopener\">Amanda Passerini<\/a><\/p>\n\n\n\n<p><em>Foto di copertina via Canva PRO<\/em><\/p>\n","protected":false},"excerpt":{"rendered":"<p>Andare in bici non \u00e8 solo un&#8217;attivit\u00e0 fisica, ma anche un vero toccasana per lo spirito: la sensazione di montare in sella e pedalare verso nuovi orizzonti, sentendo il vento tra i capelli, \u00e8 davvero unica e rigenerante. Se ami la bicicletta, continua a leggere per scoprire le migliori frasi e citazioni legate a questo [&hellip;]<\/p>\n","protected":false},"author":175,"featured_media":74436,"parent":0,"menu_order":0,"comment_status":"closed","ping_status":"closed","template":"","meta":[],"acf":[],"yoast_head":"<!-- This site is optimized with the Yoast SEO plugin v19.9 - https:\/\/yoast.com\/wordpress\/plugins\/seo\/ -->\n<title>Citazioni e Aforismi sulla bicicletta e sul viaggiare in bici - Ecobnb<\/title>\n<meta name=\"description\" content=\"La bicicletta ha ispirato moltissimi ciclisti, giornalisti, scrittori e pensatori a dedicarle bellissime citazioni. Ecco le migliori!\" \/>\n<meta name=\"robots\" content=\"index, follow, max-snippet:-1, max-image-preview:large, max-video-preview:-1\" \/>\n<link rel=\"canonical\" href=\"https:\/\/ecobnb.it\/blog\/citazioni-pensieri-aforismi-bicicletta-viaggiare-bici\/\" \/>\n<meta property=\"og:locale\" content=\"it_IT\" \/>\n<meta property=\"og:type\" content=\"article\" \/>\n<meta property=\"og:title\" content=\"Citazioni e Aforismi sulla bicicletta e sul viaggiare in bici - Ecobnb\" \/>\n<meta property=\"og:description\" content=\"La bicicletta ha ispirato moltissimi ciclisti, giornalisti, scrittori e pensatori a dedicarle bellissime citazioni. Ecco le migliori!\" \/>\n<meta property=\"og:url\" content=\"https:\/\/ecobnb.it\/blog\/citazioni-pensieri-aforismi-bicicletta-viaggiare-bici\/\" \/>\n<meta property=\"og:site_name\" content=\"Ecobnb\" \/>\n<meta property=\"article:publisher\" content=\"https:\/\/www.facebook.com\/viaggiverdi\" \/>\n<meta property=\"article:modified_time\" content=\"2023-07-13T13:23:14+00:00\" \/>\n<meta property=\"og:image\" content=\"https:\/\/ecobnb.it\/blog\/app\/uploads\/sites\/2\/2023\/07\/Progetto-senza-titolo.png\" \/>\n\t<meta property=\"og:image:width\" content=\"1170\" \/>\n\t<meta property=\"og:image:height\" content=\"490\" \/>\n\t<meta property=\"og:image:type\" content=\"image\/png\" \/>\n<meta name=\"twitter:label1\" content=\"Est. reading time\" \/>\n\t<meta name=\"twitter:data1\" content=\"6 minutes\" \/>\n<!-- \/ Yoast SEO plugin. -->","yoast_head_json":{"title":"Citazioni e Aforismi sulla bicicletta e sul viaggiare in bici - Ecobnb","description":"La bicicletta ha ispirato moltissimi ciclisti, giornalisti, scrittori e pensatori a dedicarle bellissime citazioni. Ecco le migliori!","robots":{"index":"index","follow":"follow","max-snippet":"max-snippet:-1","max-image-preview":"max-image-preview:large","max-video-preview":"max-video-preview:-1"},"canonical":"https:\/\/ecobnb.it\/blog\/citazioni-pensieri-aforismi-bicicletta-viaggiare-bici\/","og_locale":"it_IT","og_type":"article","og_title":"Citazioni e Aforismi sulla bicicletta e sul viaggiare in bici - Ecobnb","og_description":"La bicicletta ha ispirato moltissimi ciclisti, giornalisti, scrittori e pensatori a dedicarle bellissime citazioni. Ecco le migliori!","og_url":"https:\/\/ecobnb.it\/blog\/citazioni-pensieri-aforismi-bicicletta-viaggiare-bici\/","og_site_name":"Ecobnb","article_publisher":"https:\/\/www.facebook.com\/viaggiverdi","article_modified_time":"2023-07-13T13:23:14+00:00","og_image":[{"width":1170,"height":490,"url":"https:\/\/ecobnb.it\/blog\/app\/uploads\/sites\/2\/2023\/07\/Progetto-senza-titolo.png","type":"image\/png"}],"twitter_misc":{"Est. reading time":"6 minutes"},"schema":{"@context":"https:\/\/schema.org","@graph":[{"@type":"WebPage","@id":"https:\/\/ecobnb.it\/blog\/citazioni-pensieri-aforismi-bicicletta-viaggiare-bici\/","url":"https:\/\/ecobnb.it\/blog\/citazioni-pensieri-aforismi-bicicletta-viaggiare-bici\/","name":"Citazioni e Aforismi sulla bicicletta e sul viaggiare in bici - Ecobnb","isPartOf":{"@id":"https:\/\/ecobnb.it\/blog\/#website"},"datePublished":"2023-07-13T13:11:34+00:00","dateModified":"2023-07-13T13:23:14+00:00","description":"La bicicletta ha ispirato moltissimi ciclisti, giornalisti, scrittori e pensatori a dedicarle bellissime citazioni. Ecco le migliori!","inLanguage":"it-IT","potentialAction":[{"@type":"ReadAction","target":["https:\/\/ecobnb.it\/blog\/citazioni-pensieri-aforismi-bicicletta-viaggiare-bici\/"]}]},{"@type":"WebSite","@id":"https:\/\/ecobnb.it\/blog\/#website","url":"https:\/\/ecobnb.it\/blog\/","name":"Ecobnb","description":"Trova il tuo Alloggio Ecosostenibile","publisher":{"@id":"https:\/\/ecobnb.it\/blog\/#organization"},"potentialAction":[{"@type":"SearchAction","target":{"@type":"EntryPoint","urlTemplate":"https:\/\/ecobnb.it\/blog\/?s={search_term_string}"},"query-input":"required name=search_term_string"}],"inLanguage":"it-IT"},{"@type":"Organization","@id":"https:\/\/ecobnb.it\/blog\/#organization","name":"Ecobnb","url":"https:\/\/ecobnb.it\/blog\/","logo":{"@type":"ImageObject","inLanguage":"it-IT","@id":"https:\/\/ecobnb.it\/blog\/#\/schema\/logo\/image\/","url":"https:\/\/ecobnb.it\/blog\/app\/uploads\/sites\/2\/2016\/03\/logo_transparent_512x512.png","contentUrl":"https:\/\/ecobnb.it\/blog\/app\/uploads\/sites\/2\/2016\/03\/logo_transparent_512x512.png","width":512,"height":512,"caption":"Ecobnb"},"image":{"@id":"https:\/\/ecobnb.it\/blog\/#\/schema\/logo\/image\/"},"sameAs":["https:\/\/www.facebook.com\/viaggiverdi"]}]}},"_links":{"self":[{"href":"https:\/\/ecobnb.it\/blog\/wp-json\/wp\/v2\/pages\/74480"}],"collection":[{"href":"https:\/\/ecobnb.it\/blog\/wp-json\/wp\/v2\/pages"}],"about":[{"href":"https:\/\/ecobnb.it\/blog\/wp-json\/wp\/v2\/types\/page"}],"author":[{"embeddable":true,"href":"https:\/\/ecobnb.it\/blog\/wp-json\/wp\/v2\/users\/175"}],"replies":[{"embeddable":true,"href":"https:\/\/ecobnb.it\/blog\/wp-json\/wp\/v2\/comments?post=74480"}],"version-history":[{"count":2,"href":"https:\/\/ecobnb.it\/blog\/wp-json\/wp\/v2\/pages\/74480\/revisions"}],"predecessor-version":[{"id":74483,"href":"https:\/\/ecobnb.it\/blog\/wp-json\/wp\/v2\/pages\/74480\/revisions\/74483"}],"wp:featuredmedia":[{"embeddable":true,"href":"https:\/\/ecobnb.it\/blog\/wp-json\/wp\/v2\/media\/74436"}],"wp:attachment":[{"href":"https:\/\/ecobnb.it\/blog\/wp-json\/wp\/v2\/media?parent=74480"}],"curies":[{"name":"wp","href":"https:\/\/api.w.org\/{rel}","templated":true}]}}