{"id":69775,"date":"2022-09-26T09:46:10","date_gmt":"2022-09-26T07:46:10","guid":{"rendered":"https:\/\/ecobnb.it\/blog\/?page_id=69775"},"modified":"2023-11-15T14:27:27","modified_gmt":"2023-11-15T13:27:27","slug":"corso-formazione-glamping-turismo-esperienziale-sostenibile","status":"publish","type":"page","link":"https:\/\/ecobnb.it\/blog\/eventi\/corso-formazione-glamping-turismo-esperienziale-sostenibile\/","title":{"rendered":"Glamping, Turismo Esperienziale e Sostenibile"},"content":{"rendered":"\n<p>Si svolge tra ottobre e novembre il corso di formazione e workshop &#8220;<strong>Glamping, Turismo Esperienziale e Sostenibile<\/strong>&#8220;, finanziato dal <a href=\"https:\/\/www.galtrentinorientale.it\/\" target=\"_blank\" rel=\"noreferrer noopener\">GAL Trentino Orientale<\/a> nell&#8217;ambito del progetto Leader.<\/p>\n\n\n\n<p>Obiettivo del corso \u00e8 <strong>innovare l\u2019offerta ricettiva<\/strong> e approfondire le <strong>opportunit<\/strong>\u00e0 di un modello di turismo sostenibile ed esperienziale, a contatto con la natura. Durante il corso verranno approfondite le seguenti tematiche:<\/p>\n\n\n\n<ul><li>Eco-Glamping: una nuova forma di turismo sostenibile<\/li><li>Nuove tendenze nel turismo: eco-turismo, esperienze e contatto con la natura.<\/li><li><span style=\"color: initial;\">Le<\/span> caratteristiche del glamping ecologico.<\/li><li>Casi studio: migliori e<span style=\"color: initial;\">sempi di eco-glamping e turismo esperienziale nel mondo.<\/span><\/li><li>Valorizzazione del turismo rurale ed esperienziale in Slovenia.<\/li><li>Visita guidata ad alcuni dei migliori glamping ecologici in Slovenia, nelle Perle Alpine di Bled e Bohinji.<\/li><\/ul>\n\n\n\n<figure class=\"wp-block-image size-large\"><img src=\"https:\/\/ecobnb.com\/blog\/app\/uploads\/sites\/3\/2022\/08\/glamping-slovenia-870x490.jpg\" alt=\"\" class=\"wp-image-47831\"\/><figcaption>glamping, foto via Canva PRO<\/figcaption><\/figure>\n\n\n\n<p>Il corso si rivolge ad aziende turistiche, agriturismi, bed &amp; breakfast, hotel, campeggi e altre strutture ricettive dei territori del Gal Trentino Orientale. Ma anche a guide turistiche e persone che lavorano in imprese legate al turismo e che sono interessate ad approfondire questo tema.<\/p>\n\n\n\n<p>Il corso sar\u00e0 strutturato in momenti teorici ed esercitazioni, casi di successo, laboratori e visite guidate.<\/p>\n\n\n\n<figure class=\"wp-block-image size-large\"><img src=\"https:\/\/ecobnb.com\/blog\/app\/uploads\/sites\/3\/2022\/08\/bled-slovenia-870x490.jpg\" alt=\"\" class=\"wp-image-47832\"\/><figcaption>Bled, Slovenia, foto via Canva PRO<\/figcaption><\/figure>\n\n\n\n<p>Infatti, i partecipanti avranno la possibilit\u00e0 di visitare alcuni dei glamping pi\u00f9 significativi delle Perle Alpine di <strong><a href=\"https:\/\/ecobnb.it\/blog\/2017\/12\/bled-slovenia\/\">Bled<\/a><\/strong> e <a href=\"https:\/\/ecobnb.it\/blog\/2017\/11\/bohinj-perla-alpina\/\" target=\"_blank\" rel=\"noreferrer noopener\"><strong>Bohinj<\/strong><\/a>, in Slovenia, e conoscere case history di successo. Con il marchio &#8220;<em>Green Slovenia<\/em>&#8220;, questo paese \u00e8 quello che in Europa ha messo in atto meglio di ogni altra una strategia per lo <strong>sviluppo del turismo sostenibile<\/strong> e ha incentivato la diffusione della formula innovativa del glamping, per una vacanza di relax, unica e a contatto con la natura. <\/p>\n\n\n\n<p><strong>Questo corso di formazione (della durata di 20 ore) si realizzer\u00e0 in 2 appuntamenti:<\/strong><\/p>\n\n\n\n<ul><li>un worksop di una giornata in presenza a Lavarone;<\/li><li>un viaggio di formazione di 3 giorni (2 notti) in Slovenia.<\/li><\/ul>\n\n\n\n<p>Il corso si rivolge a strutture ricettive e altre attivit\u00e0 turistiche presenti nelle aree dell\u2019Ambito Territoriale del GAL Trentino Orientale (Lavarone, Folgaria, Luserna-Lus\u00e9rn, Levico Terme, Calceranica al Lago, Caldonazzo, Civezzano, Borgo Valsugana, Pergine Valsugana, Altopiano della Vigolana, Primiero San Martino, Canal San Bovo, Imer, Mezzano, Sagron Mis, Bieno, Carzano, Castel Ivano, Castello Tesino, Castelnuovo, Cinte Tesino, Grigno, Novaledo, Ospedaletto, Pieve Tesino, Roncegno Terme, Ronchi Valsugana, Samone, Scurelle, Telve, Telve di Sopra, Torcegno, Baselga di Pin\u00e8, Bedollo, Fierozzo-Vlar\u00f6tz, Fornace, Frassilongo-Garait, Pal\u00f9 del Fersina-Palai en Bersntol, Sant&#8217;Orsola Terme, Tenna, Vignola-Falesina). Le imprese turistiche devono essere di dimensione piccola e media ed avere uno dei seguenti <a href=\"https:\/\/ecobnb.it\/blog\/app\/uploads\/sites\/2\/2022\/10\/Allegato_2_bando_1_1_pubblicazione_vers_14_10_2020.pdf\" target=\"_blank\" rel=\"noreferrer noopener\">codici ATECO<\/a>. <\/p>\n\n\n\n<h2>Le date del corso:<\/h2>\n\n\n\n<p>Le date sono:<\/p>\n\n\n\n<ul><li>gioved\u00ec 3 novembre, <strong>8.30-13.30<\/strong> &#8211; corso a Lavarone (<a href=\"https:\/\/www.google.it\/maps\/place\/Biblioteca+Comunale+%22Sigmund+Freud%22\/@45.9407271,11.2683253,17z\/data=!3m1!4b1!4m6!3m5!1s0x4778a1f55c309369:0xbe1ca7ad2e0149e0!8m2!3d45.9407234!4d11.270514!16s%2Fg%2F1tcx5vgq\" target=\"_blank\" rel=\"noreferrer noopener\">Sala conferenze della Biblioteca<\/a>)<\/li><li>da venerd\u00ec 4 novembre a domenica 6 novembre &#8211; viaggio di istruzione a Bled e Bohinj, in Slovenia<\/li><\/ul>\n\n\n\n<h2>I docenti del corso:<\/h2>\n\n\n\n<figure class=\"wp-container-2 wp-block-gallery-1 wp-block-gallery has-nested-images columns-default is-cropped\">\n<figure class=\"wp-block-image size-large\"><img width=\"275\" height=\"183\" data-id=\"70662\"  src=\"https:\/\/ecobnb.it\/blog\/app\/uploads\/sites\/2\/2022\/11\/mariangela-franch.jpeg\" alt=\"Mariangela Franch, Universit\u00e0 di Trento\" class=\"wp-image-70662\"\/><figcaption>Mariangela Franch, Universit\u00e0 di Trento<\/figcaption><\/figure>\n\n\n\n<figure class=\"wp-block-image size-large\"><img width=\"1299\" height=\"1299\" data-id=\"16246\"  src=\"https:\/\/ecobnb.it\/blog\/app\/uploads\/sites\/2\/2016\/02\/simone-riccardi-ok.jpg\" alt=\"Simone Riccardi, Ecobnb\" class=\"wp-image-16246\" srcset=\"https:\/\/ecobnb.it\/blog\/app\/uploads\/sites\/2\/2016\/02\/simone-riccardi-ok.jpg 1299w, https:\/\/ecobnb.it\/blog\/app\/uploads\/sites\/2\/2016\/02\/simone-riccardi-ok-536x536.jpg 536w, https:\/\/ecobnb.it\/blog\/app\/uploads\/sites\/2\/2016\/02\/simone-riccardi-ok-344x344.jpg 344w\" sizes=\"(max-width: 1299px) 100vw, 1299px\" \/><figcaption>Simone Riccardi, Ecobnb<\/figcaption><\/figure>\n\n\n\n<figure class=\"wp-block-image size-large\"><img width=\"276\" height=\"182\" data-id=\"70660\"  src=\"https:\/\/ecobnb.it\/blog\/app\/uploads\/sites\/2\/2022\/11\/nastja-logar.jpeg\" alt=\"Nastja Logar, Ecobnb\" class=\"wp-image-70660\"\/><figcaption>Nastja Logar, Ecobnb<\/figcaption><\/figure>\n<\/figure>\n\n\n\n<h3>Mariangela Franch<\/h3>\n\n\n\n<p>Docente dell\u2019Universit\u00e0 di Trento, Dipartimento di Economia e Management. Nei suoi corsi e nelle sue ricerche si occupa in particolare di turismo sostenibile e gestione sostenibile della destinazione turistica.<\/p>\n\n\n\n<h3>Simone Riccardi<\/h3>\n\n\n\n<p>Esperto di imprenditoria sostenibile e innovazione, \u00e8 fondatore di Ecobnb, la principale community europea dedicata al turismo sostenibile, da oltre 8 anni insegna in corsi di formazione e workshop.<\/p>\n\n\n\n<h3>Nastja Logar<\/h3>\n\n\n\n<p>Esperta di ospitalit\u00e0 ecologica e glamping, ha un Master in economia conseguito presso l\u2019Universit\u00e0 di Lubiana, e ha collaborato al progetto \u201cDalmatia Green\u201d. Dal 2020 realizza corsi e workshop dedicati alle strutture ricettive slovene e croate, in collaborazione con Ecobnb.<\/p>\n\n\n\n<h2>Come iscriversi<\/h2>\n\n\n\n<p><strong>I posti sono limitati: massimo 10 partecipanti<\/strong>, con l&#8217;impegno a partecipare ad almeno il 75% delle lezioni.<\/p>\n\n\n\n<p>Per iscriversi al corso \u00e8 richiesta solo una quota di iscrizione di 70\u20ac come impegno alla partecipazione. Le lezioni sono completamente gratuite perch\u00e9 finanziate dal GAL. <\/p>\n\n\n\n<p>La quota di iscrizione include perci\u00f2 il viaggio in Slovenia, il soggiorno a Bled (2 notti in camera doppia con mezza pensione), il corso e la visita guidata.<\/p>\n\n\n\n<h3>Iscrizione<\/h3>\n\n\n\n<p>Il corso \u00e8 destinato ad un&nbsp;<strong>massimo di 10 partecipanti.<\/strong>&nbsp;<\/p>\n\n\n\n<h3 class=\"has-vivid-red-color has-text-color\">0 posti disponibili&nbsp;<\/h3>\n\n\n\n<h3 class=\"has-black-color has-text-color\"><del>10 posti disponibili<\/del><\/h3>\n\n\n\n<p>La priorit\u00e0 verr\u00e0 assegnata in base all&#8217;ordine di iscrizione e successivamente del pagamento quota entro i tempi indicati.&nbsp;<\/p>\n\n\n\n<ol><li><strong><a href=\"https:\/\/forms.gle\/4Uy1fcbggR21qE7L7\" target=\"_blank\" rel=\"noreferrer noopener\">Compila questo modulo online<\/a><\/strong><\/li><li>Quando ricevi la nostra conferma <strong>effettua il pagamento di 70 \u20ac <a href=\"https:\/\/ecobnb.it\/payment\/custom\/show\/eyJwcmljZSI6NTczOCwiZGVzY3JpcHRpb24iOiJDb3JzbyBkaSBGb3JtYXppb25lOiBHbGFtcGluZywgVHVyaXNtbyBFc3BlcmllbnppYWxlIGUgU29zdGVuaWJpbGUgLSBsZXppb25pLCB2aWFnZ2lvIGUgc29nZ2lvcm5vIGluIFNsb3ZlbmlhIGluY2x1c2kiLCJ0aGFua195b3VfYnRuIjoiR3JhemllISBQZXIgY29uZmVybWFyZSBsYSB0dWEgaXNjcml6aW9uZSByaWNvcmRhIGRpIGNvbXBpbGFyZSBxdWVzdG8gbW9kdWxvIGh0dHBzOlwvXC9mb3Jtcy5nbGVcLzRVeTFmY2JnZ1IyMXFFN0w3IiwidGhhbmtfeW91X3VybCI6Imh0dHBzOlwvXC9lY29ibmIuaXRcL2Jsb2dcL2V2ZW50aVwvIiwiYnVsbGV0cyI6WyJXb3Jrc2hvcCBkaSAxIGdpb3JuYXRhIGEgTGF2YXJvbmUiLCJWaXNpdGEgZGkgMyBnaW9ybmkgKDIgbm90dGkpIGEgQmxlZCBlIEJvaGluaiJdfQ\" target=\"_blank\" rel=\"noreferrer noopener\">seguendo questo link<\/a><\/strong><\/li><\/ol>\n\n\n\n<h2>Risultati<\/h2>\n\n\n\n<figure class=\"wp-block-embed is-type-video is-provider-youtube wp-block-embed-youtube wp-embed-aspect-16-9 wp-has-aspect-ratio\"><div class=\"wp-block-embed__wrapper\">\n<div class=\"embed-container\"><iframe loading=\"lazy\" title=\"Glamping: Turismo Esperienziale ed Eco-Sostenibile - il Corso di Ecobnb\" width=\"1170\" height=\"658\" src=\"https:\/\/www.youtube.com\/embed\/xyjQq4Wwjxk?feature=oembed\" frameborder=\"0\" allow=\"accelerometer; autoplay; clipboard-write; encrypted-media; gyroscope; picture-in-picture; web-share\" allowfullscreen><\/iframe><\/div>\n<\/div><\/figure>\n\n\n\n<p>Per informazioni o iscrizioni scrivici a: info@ecobnb.com<\/p>\n\n\n\n<figure class=\"wp-block-image size-full\"><img src=\"https:\/\/ecobnb.com\/blog\/app\/uploads\/sites\/3\/2022\/08\/testata_loghi_beneficiari_GAL.jpg\" alt=\"\" class=\"wp-image-47829\"\/><\/figure>\n\n\n\n<p><em>Iniziativa finanziata dal Programma di Sviluppo Rurale per la Provincia Autonoma di Trento 2014-2020 Organismo responsabile dell\u2019informazione: Ecobnb Srl Autorit\u00e0 di gestione: Provincia Autonoma di Trento \u2013 Servizio Politiche Sviluppo Rurale. Info e bandi: www.psr.provincia.tn.it<\/em><\/p>\n","protected":false},"excerpt":{"rendered":"<p>Si svolge tra ottobre e novembre il corso di formazione e workshop &#8220;Glamping, Turismo Esperienziale e Sostenibile&#8220;, finanziato dal GAL Trentino Orientale nell&#8217;ambito del progetto Leader. Obiettivo del corso \u00e8 innovare l\u2019offerta ricettiva e approfondire le opportunit\u00e0 di un modello di turismo sostenibile ed esperienziale, a contatto con la natura. Durante il corso verranno approfondite [&hellip;]<\/p>\n","protected":false},"author":42,"featured_media":69778,"parent":16232,"menu_order":0,"comment_status":"closed","ping_status":"closed","template":"","meta":[],"acf":[],"yoast_head":"<!-- This site is optimized with the Yoast SEO plugin v19.9 - https:\/\/yoast.com\/wordpress\/plugins\/seo\/ -->\n<title>Corso: Glamping, Turismo Esperienziale e Sostenibile - Ecobnb<\/title>\n<meta name=\"description\" content=\"Scopri il corso Glamping: turismo esperienziale e sostenibile per approfondire le opportunit\u00e0 del turismo green\" \/>\n<meta name=\"robots\" content=\"index, follow, max-snippet:-1, max-image-preview:large, max-video-preview:-1\" \/>\n<link rel=\"canonical\" href=\"https:\/\/ecobnb.it\/blog\/eventi\/corso-formazione-glamping-turismo-esperienziale-sostenibile\/\" \/>\n<meta property=\"og:locale\" content=\"it_IT\" \/>\n<meta property=\"og:type\" content=\"article\" \/>\n<meta property=\"og:title\" content=\"Corso: Glamping, Turismo Esperienziale e Sostenibile - Ecobnb\" \/>\n<meta property=\"og:description\" content=\"Scopri il corso Glamping: turismo esperienziale e sostenibile per approfondire le opportunit\u00e0 del turismo green\" \/>\n<meta property=\"og:url\" content=\"https:\/\/ecobnb.it\/blog\/eventi\/corso-formazione-glamping-turismo-esperienziale-sostenibile\/\" \/>\n<meta property=\"og:site_name\" content=\"Ecobnb\" \/>\n<meta property=\"article:publisher\" content=\"https:\/\/www.facebook.com\/viaggiverdi\" \/>\n<meta property=\"article:modified_time\" content=\"2023-11-15T13:27:27+00:00\" \/>\n<meta property=\"og:image\" content=\"https:\/\/ecobnb.it\/blog\/app\/uploads\/sites\/2\/2022\/09\/corso.jpg\" \/>\n\t<meta property=\"og:image:width\" content=\"1170\" \/>\n\t<meta property=\"og:image:height\" content=\"490\" \/>\n\t<meta property=\"og:image:type\" content=\"image\/jpeg\" \/>\n<meta name=\"twitter:label1\" content=\"Est. reading time\" \/>\n\t<meta name=\"twitter:data1\" content=\"6 minutes\" \/>\n<!-- \/ Yoast SEO plugin. -->","yoast_head_json":{"title":"Corso: Glamping, Turismo Esperienziale e Sostenibile - Ecobnb","description":"Scopri il corso Glamping: turismo esperienziale e sostenibile per approfondire le opportunit\u00e0 del turismo green","robots":{"index":"index","follow":"follow","max-snippet":"max-snippet:-1","max-image-preview":"max-image-preview:large","max-video-preview":"max-video-preview:-1"},"canonical":"https:\/\/ecobnb.it\/blog\/eventi\/corso-formazione-glamping-turismo-esperienziale-sostenibile\/","og_locale":"it_IT","og_type":"article","og_title":"Corso: Glamping, Turismo Esperienziale e Sostenibile - Ecobnb","og_description":"Scopri il corso Glamping: turismo esperienziale e sostenibile per approfondire le opportunit\u00e0 del turismo green","og_url":"https:\/\/ecobnb.it\/blog\/eventi\/corso-formazione-glamping-turismo-esperienziale-sostenibile\/","og_site_name":"Ecobnb","article_publisher":"https:\/\/www.facebook.com\/viaggiverdi","article_modified_time":"2023-11-15T13:27:27+00:00","og_image":[{"width":1170,"height":490,"url":"https:\/\/ecobnb.it\/blog\/app\/uploads\/sites\/2\/2022\/09\/corso.jpg","type":"image\/jpeg"}],"twitter_misc":{"Est. reading time":"6 minutes"},"schema":{"@context":"https:\/\/schema.org","@graph":[{"@type":"WebPage","@id":"https:\/\/ecobnb.it\/blog\/eventi\/corso-formazione-glamping-turismo-esperienziale-sostenibile\/","url":"https:\/\/ecobnb.it\/blog\/eventi\/corso-formazione-glamping-turismo-esperienziale-sostenibile\/","name":"Corso: Glamping, Turismo Esperienziale e Sostenibile - Ecobnb","isPartOf":{"@id":"https:\/\/ecobnb.it\/blog\/#website"},"datePublished":"2022-09-26T07:46:10+00:00","dateModified":"2023-11-15T13:27:27+00:00","description":"Scopri il corso Glamping: turismo esperienziale e sostenibile per approfondire le opportunit\u00e0 del turismo green","breadcrumb":{"@id":"https:\/\/ecobnb.it\/blog\/eventi\/corso-formazione-glamping-turismo-esperienziale-sostenibile\/#breadcrumb"},"inLanguage":"it-IT","potentialAction":[{"@type":"ReadAction","target":["https:\/\/ecobnb.it\/blog\/eventi\/corso-formazione-glamping-turismo-esperienziale-sostenibile\/"]}]},{"@type":"BreadcrumbList","@id":"https:\/\/ecobnb.it\/blog\/eventi\/corso-formazione-glamping-turismo-esperienziale-sostenibile\/#breadcrumb","itemListElement":[{"@type":"ListItem","position":1,"name":"Ecobnb Green Accademy: Eventi Formativi, workshop e Incontri","item":"https:\/\/ecobnb.it\/blog\/eventi\/"},{"@type":"ListItem","position":2,"name":"Glamping, Turismo Esperienziale e Sostenibile"}]},{"@type":"WebSite","@id":"https:\/\/ecobnb.it\/blog\/#website","url":"https:\/\/ecobnb.it\/blog\/","name":"Ecobnb","description":"Trova il tuo Alloggio Ecosostenibile","publisher":{"@id":"https:\/\/ecobnb.it\/blog\/#organization"},"potentialAction":[{"@type":"SearchAction","target":{"@type":"EntryPoint","urlTemplate":"https:\/\/ecobnb.it\/blog\/?s={search_term_string}"},"query-input":"required name=search_term_string"}],"inLanguage":"it-IT"},{"@type":"Organization","@id":"https:\/\/ecobnb.it\/blog\/#organization","name":"Ecobnb","url":"https:\/\/ecobnb.it\/blog\/","logo":{"@type":"ImageObject","inLanguage":"it-IT","@id":"https:\/\/ecobnb.it\/blog\/#\/schema\/logo\/image\/","url":"https:\/\/ecobnb.it\/blog\/app\/uploads\/sites\/2\/2016\/03\/logo_transparent_512x512.png","contentUrl":"https:\/\/ecobnb.it\/blog\/app\/uploads\/sites\/2\/2016\/03\/logo_transparent_512x512.png","width":512,"height":512,"caption":"Ecobnb"},"image":{"@id":"https:\/\/ecobnb.it\/blog\/#\/schema\/logo\/image\/"},"sameAs":["https:\/\/www.facebook.com\/viaggiverdi"]}]}},"_links":{"self":[{"href":"https:\/\/ecobnb.it\/blog\/wp-json\/wp\/v2\/pages\/69775"}],"collection":[{"href":"https:\/\/ecobnb.it\/blog\/wp-json\/wp\/v2\/pages"}],"about":[{"href":"https:\/\/ecobnb.it\/blog\/wp-json\/wp\/v2\/types\/page"}],"author":[{"embeddable":true,"href":"https:\/\/ecobnb.it\/blog\/wp-json\/wp\/v2\/users\/42"}],"replies":[{"embeddable":true,"href":"https:\/\/ecobnb.it\/blog\/wp-json\/wp\/v2\/comments?post=69775"}],"version-history":[{"count":26,"href":"https:\/\/ecobnb.it\/blog\/wp-json\/wp\/v2\/pages\/69775\/revisions"}],"predecessor-version":[{"id":76633,"href":"https:\/\/ecobnb.it\/blog\/wp-json\/wp\/v2\/pages\/69775\/revisions\/76633"}],"up":[{"embeddable":true,"href":"https:\/\/ecobnb.it\/blog\/wp-json\/wp\/v2\/pages\/16232"}],"wp:featuredmedia":[{"embeddable":true,"href":"https:\/\/ecobnb.it\/blog\/wp-json\/wp\/v2\/media\/69778"}],"wp:attachment":[{"href":"https:\/\/ecobnb.it\/blog\/wp-json\/wp\/v2\/media?parent=69775"}],"curies":[{"name":"wp","href":"https:\/\/api.w.org\/{rel}","templated":true}]}}