{"id":68465,"date":"2022-06-15T16:56:30","date_gmt":"2022-06-15T14:56:30","guid":{"rendered":"https:\/\/ecobnb.it\/blog\/?page_id=68465"},"modified":"2024-12-13T18:11:51","modified_gmt":"2024-12-13T17:11:51","slug":"chiedere-pagamento-coupon-soggiorno-mezza-pensione","status":"publish","type":"page","link":"https:\/\/ecobnb.it\/blog\/chiedere-pagamento-coupon-soggiorno-mezza-pensione\/","title":{"rendered":"Come Chiedere il Pagamento di un Soggiorno con Coupon"},"content":{"rendered":"<p>Hai ricevuto una prenotazione tramite Ecobnb con coupon del valore di due notti per due persone con colazione e cena? Continua a leggere per sapere come chiedere il pagamento del coupon!<\/p>\n<p>Se hai ricevuto una prenotazione da Ecobnb con coupon, nella conferma di prenotazione arrivata via email comparir\u00e0 un messaggio in un <strong>box azzurro<\/strong> simile a questo:<\/p>\n<p><img class=\"alignnone wp-image-68468 size-medium\" src=\"https:\/\/ecobnb.it\/blog\/app\/uploads\/sites\/2\/2022\/06\/messaggio-coupon-2-notti-per-2-con-colazione-536x607.png\" alt=\"messaggio coupon 2 notti per 2 in mezza pensione\" width=\"536\" height=\"607\" srcset=\"https:\/\/ecobnb.it\/blog\/app\/uploads\/sites\/2\/2022\/06\/messaggio-coupon-2-notti-per-2-con-colazione-536x607.png 536w, https:\/\/ecobnb.it\/blog\/app\/uploads\/sites\/2\/2022\/06\/messaggio-coupon-2-notti-per-2-con-colazione-344x390.png 344w, https:\/\/ecobnb.it\/blog\/app\/uploads\/sites\/2\/2022\/06\/messaggio-coupon-2-notti-per-2-con-colazione.png 698w\" sizes=\"(max-width: 536px) 100vw, 536px\" \/><\/p>\n<p>La conferma di prenotazione specifica che \u00e8 stato utilizzato un coupon del valore di 2 notti per 2 persone in mezza pensione, ovvero con colazione e cena. <strong>Usualmente le bevande sono escluse<\/strong>, ma potrebbero essere incluse per alcune iniziativa, perci\u00f2 controlla sempre quanto indicato nel messaggio di conferma prenotazione di Ecobnb.<\/p>\n<p><strong>La tassa di soggiorno<\/strong>,\u00a0 quando prevista viene <strong>pagata dagli ospiti direttamente<\/strong>, cos\u00ec come eventuali extra.<\/p>\n<p>Attenzione: Se il box del messaggio che hai ricevuto da Ecobnb \u00e8 <strong>verde<\/strong> (invece che azzurro), non si tratta di un coupon ma di\u00a0una gift-card <a href=\"https:\/\/ecobnb.it\/blog\/gift-card-pagamento\/\" target=\"_blank\" rel=\"noopener\">di cui trovi tutte le informazioni qui<\/a>.<\/p>\n<h2>Qual&#8217;\u00e8 il valore economico del coupon pagato da Ecobnb?<\/h2>\n<p>Il valore totale del <strong>soggiorno di 2 notti per 2 persone in mezza pensione<\/strong> \u00e8 quello indicato da ciascuna struttura ricettiva al momento di adesione all&#8217;iniziativa <a href=\"https:\/\/docs.google.com\/forms\/d\/e\/1FAIpQLSeIAIBXpZKm5QhG-s33egnUAsczxp7TBnIupLZ3imY0dHdByQ\/viewform\" target=\"_blank\" rel=\"noopener\"><strong>compilando questo form<\/strong><\/a> online. Se non ricordi il valore della tua offerta economica puoi scrivere a info@ecobnb &#8220;Quale \u00e8 il valore della mia offerta per coupon soggiorno di 2 notti per 2 persone in mezza pensione?&#8221;. Ti risponderemo subito.<\/p>\n<p>Questo tipo di coupon pu\u00f2 essere utilizzato dai viaggiatori in periodi di medio-bassa stagione, previo verifica di disponibilit\u00e0. Sono esclusi ponti, festivit\u00e0 e alta stagione.<\/p>\n<p><strong>Il valore del coupon non \u00e8 soggetto a commissioni o altri oneri<\/strong>.<\/p>\n<h2>A chi intestare la fattura?<\/h2>\n<p>La fattura o ricevuta deve essere <strong>intestata a<\/strong>:<\/p>\n<p>Ecobnb s.r.l.<br \/>\nP.I. 02342300221<br \/>\nPiazza San Marco, 11 F &#8211; 38068 Rovereto (TN).<br \/>\nIl nostro Codice SDI per fatturazione elettronica: USAL8PV.<\/p>\n<p>La fattura deve precisare in <strong>causale<\/strong> \u201cCoupon Soggiorno 2 notti per 2 in mezza pensione \u2013 COGNOME VIAGGIATORE &#8211; CODICE COUPON di 12 lettere\u201d.<\/p>\n<h2>Come chiedere il pagamento?<\/h2>\n<p>Puoi inviare le tue richieste di pagamento per i coupon direttamente sulla nostra piattaforma.<br \/>\nIl sistema \u00e8 molto semplice, basta guardare <a href=\"https:\/\/www.youtube.com\/watch?v=akaaM2tcnKg&amp;feature=emb_logo&amp;ab_channel=Ecobnb.it\" target=\"_blank\" rel=\"noopener\">questo Video di 5 minuti<\/a>.<\/p>\n<p><iframe loading=\"lazy\" title=\"YouTube video player\" src=\"https:\/\/www.youtube.com\/embed\/akaaM2tcnKg\" width=\"560\" height=\"315\" frameborder=\"0\" allowfullscreen=\"allowfullscreen\"><\/iframe><\/p>\n<p>Una volta inseriti i dati bancari, questi verranno salvati in database anche per le volte successive e perci\u00f2 la richiesta sar\u00e0 pi\u00f9 rapida essendo richiesti solo 4 informazioni.<br \/>\nI pagamenti ti arriveranno dal nostro servizio online che si chiama \u201c<strong>STRIPE Ltd<\/strong>\u201d.<\/p>\n<p>Se, invece, preferisci non utilizzare il sistema indicato sopra, puoi inviarci la fattura via email (a coupon@ecobnb.com) indicando i tuoi dati bancari, ed Ecobnb effettuer\u00e0 il pagamento via bonifico.<\/p>\n<h2>Ci sono costi a carico degli ospiti?<\/h2>\n<p>I costi a carico degli ospiti, che vengono corrisposti direttamente alla struttura ricettiva, sono:<\/p>\n<ul>\n<li><strong>tassa di soggiorno<\/strong><\/li>\n<li><strong>eventuali extra non inclusi nel coupon<\/strong><\/li>\n<\/ul>\n","protected":false},"excerpt":{"rendered":"<p>Hai ricevuto una prenotazione tramite Ecobnb con coupon del valore di due notti per due persone con colazione e cena? Continua a leggere per sapere come chiedere il pagamento del coupon! Se hai ricevuto una prenotazione da Ecobnb con coupon, nella conferma di prenotazione arrivata via email comparir\u00e0 un messaggio in un box azzurro simile [&hellip;]<\/p>\n","protected":false},"author":3,"featured_media":0,"parent":0,"menu_order":0,"comment_status":"closed","ping_status":"closed","template":"","meta":[],"acf":[],"yoast_head":"<!-- This site is optimized with the Yoast SEO plugin v19.9 - https:\/\/yoast.com\/wordpress\/plugins\/seo\/ -->\n<title>Come Chiedere il Pagamento di un Soggiorno con Coupon<\/title>\n<meta name=\"description\" content=\"Scopri come chiedere il pagamento di una prenotazione con Coupon a Ecobnb in pochi passaggi. Riceverai il pagamento via bonifico da Stripe.\" \/>\n<meta name=\"robots\" content=\"index, follow, max-snippet:-1, max-image-preview:large, max-video-preview:-1\" \/>\n<link rel=\"canonical\" href=\"https:\/\/ecobnb.it\/blog\/chiedere-pagamento-coupon-soggiorno-mezza-pensione\/\" \/>\n<meta property=\"og:locale\" content=\"it_IT\" \/>\n<meta property=\"og:type\" content=\"article\" \/>\n<meta property=\"og:title\" content=\"Come Chiedere il Pagamento di un Soggiorno con Coupon\" \/>\n<meta property=\"og:description\" content=\"Scopri come chiedere il pagamento di una prenotazione con Coupon a Ecobnb in pochi passaggi. Riceverai il pagamento via bonifico da Stripe.\" \/>\n<meta property=\"og:url\" content=\"https:\/\/ecobnb.it\/blog\/chiedere-pagamento-coupon-soggiorno-mezza-pensione\/\" \/>\n<meta property=\"og:site_name\" content=\"Ecobnb\" \/>\n<meta property=\"article:publisher\" content=\"https:\/\/www.facebook.com\/viaggiverdi\" \/>\n<meta property=\"article:modified_time\" content=\"2024-12-13T17:11:51+00:00\" \/>\n<meta property=\"og:image\" content=\"https:\/\/ecobnb.it\/blog\/app\/uploads\/sites\/2\/2022\/06\/messaggio-coupon-2-notti-per-2-con-colazione-536x607.png\" \/>\n<meta name=\"twitter:label1\" content=\"Est. reading time\" \/>\n\t<meta name=\"twitter:data1\" content=\"3 minutes\" \/>\n<!-- \/ Yoast SEO plugin. -->","yoast_head_json":{"title":"Come Chiedere il Pagamento di un Soggiorno con Coupon","description":"Scopri come chiedere il pagamento di una prenotazione con Coupon a Ecobnb in pochi passaggi. Riceverai il pagamento via bonifico da Stripe.","robots":{"index":"index","follow":"follow","max-snippet":"max-snippet:-1","max-image-preview":"max-image-preview:large","max-video-preview":"max-video-preview:-1"},"canonical":"https:\/\/ecobnb.it\/blog\/chiedere-pagamento-coupon-soggiorno-mezza-pensione\/","og_locale":"it_IT","og_type":"article","og_title":"Come Chiedere il Pagamento di un Soggiorno con Coupon","og_description":"Scopri come chiedere il pagamento di una prenotazione con Coupon a Ecobnb in pochi passaggi. Riceverai il pagamento via bonifico da Stripe.","og_url":"https:\/\/ecobnb.it\/blog\/chiedere-pagamento-coupon-soggiorno-mezza-pensione\/","og_site_name":"Ecobnb","article_publisher":"https:\/\/www.facebook.com\/viaggiverdi","article_modified_time":"2024-12-13T17:11:51+00:00","og_image":[{"url":"https:\/\/ecobnb.it\/blog\/app\/uploads\/sites\/2\/2022\/06\/messaggio-coupon-2-notti-per-2-con-colazione-536x607.png"}],"twitter_misc":{"Est. reading time":"3 minutes"},"schema":{"@context":"https:\/\/schema.org","@graph":[{"@type":"WebPage","@id":"https:\/\/ecobnb.it\/blog\/chiedere-pagamento-coupon-soggiorno-mezza-pensione\/","url":"https:\/\/ecobnb.it\/blog\/chiedere-pagamento-coupon-soggiorno-mezza-pensione\/","name":"Come Chiedere il Pagamento di un Soggiorno con Coupon","isPartOf":{"@id":"https:\/\/ecobnb.it\/blog\/#website"},"datePublished":"2022-06-15T14:56:30+00:00","dateModified":"2024-12-13T17:11:51+00:00","description":"Scopri come chiedere il pagamento di una prenotazione con Coupon a Ecobnb in pochi passaggi. Riceverai il pagamento via bonifico da Stripe.","inLanguage":"it-IT","potentialAction":[{"@type":"ReadAction","target":["https:\/\/ecobnb.it\/blog\/chiedere-pagamento-coupon-soggiorno-mezza-pensione\/"]}]},{"@type":"WebSite","@id":"https:\/\/ecobnb.it\/blog\/#website","url":"https:\/\/ecobnb.it\/blog\/","name":"Ecobnb","description":"Trova il tuo Alloggio Ecosostenibile","publisher":{"@id":"https:\/\/ecobnb.it\/blog\/#organization"},"potentialAction":[{"@type":"SearchAction","target":{"@type":"EntryPoint","urlTemplate":"https:\/\/ecobnb.it\/blog\/?s={search_term_string}"},"query-input":"required name=search_term_string"}],"inLanguage":"it-IT"},{"@type":"Organization","@id":"https:\/\/ecobnb.it\/blog\/#organization","name":"Ecobnb","url":"https:\/\/ecobnb.it\/blog\/","logo":{"@type":"ImageObject","inLanguage":"it-IT","@id":"https:\/\/ecobnb.it\/blog\/#\/schema\/logo\/image\/","url":"https:\/\/ecobnb.it\/blog\/app\/uploads\/sites\/2\/2016\/03\/logo_transparent_512x512.png","contentUrl":"https:\/\/ecobnb.it\/blog\/app\/uploads\/sites\/2\/2016\/03\/logo_transparent_512x512.png","width":512,"height":512,"caption":"Ecobnb"},"image":{"@id":"https:\/\/ecobnb.it\/blog\/#\/schema\/logo\/image\/"},"sameAs":["https:\/\/www.facebook.com\/viaggiverdi"]}]}},"_links":{"self":[{"href":"https:\/\/ecobnb.it\/blog\/wp-json\/wp\/v2\/pages\/68465"}],"collection":[{"href":"https:\/\/ecobnb.it\/blog\/wp-json\/wp\/v2\/pages"}],"about":[{"href":"https:\/\/ecobnb.it\/blog\/wp-json\/wp\/v2\/types\/page"}],"author":[{"embeddable":true,"href":"https:\/\/ecobnb.it\/blog\/wp-json\/wp\/v2\/users\/3"}],"replies":[{"embeddable":true,"href":"https:\/\/ecobnb.it\/blog\/wp-json\/wp\/v2\/comments?post=68465"}],"version-history":[{"count":7,"href":"https:\/\/ecobnb.it\/blog\/wp-json\/wp\/v2\/pages\/68465\/revisions"}],"predecessor-version":[{"id":82794,"href":"https:\/\/ecobnb.it\/blog\/wp-json\/wp\/v2\/pages\/68465\/revisions\/82794"}],"wp:attachment":[{"href":"https:\/\/ecobnb.it\/blog\/wp-json\/wp\/v2\/media?parent=68465"}],"curies":[{"name":"wp","href":"https:\/\/api.w.org\/{rel}","templated":true}]}}