{"id":67783,"date":"2022-04-29T10:43:54","date_gmt":"2022-04-29T08:43:54","guid":{"rendered":"https:\/\/ecobnb.it\/blog\/?page_id=67783"},"modified":"2022-04-29T10:44:19","modified_gmt":"2022-04-29T08:44:19","slug":"comunicare-sostenibilita-workshop-adamello-brenta","status":"publish","type":"page","link":"https:\/\/ecobnb.it\/blog\/eventi\/comunicare-sostenibilita-workshop-adamello-brenta\/","title":{"rendered":"Comunicare la Sostenibilit\u00e0: un workshop nel Parco Naturale Adamello Brenta"},"content":{"rendered":"<p>Comunicare in modo efficace la sostenibilit\u00e0 e le scelte ecologiche intraprese dalla propria struttura ricettiva \u00e8 un aspetto cruciale. Infatti, <a href=\"https:\/\/ecobnb.it\/blog\/2021\/08\/servizi-ecologici-hotel\/\" target=\"_blank\" rel=\"noopener\">sempre pi\u00f9 persone cercano ospitalit\u00e0 eco-friendly<\/a> ma dichiarano che non sia cos\u00ec semplice trovarle e riconoscerle. Dall&#8217;altra parte, ci sono strutture ricettive impegnate nella riduzione della propria impornta ecologica, ma solo alcune di queste lo comunicano correttamente ai propri ospiti e collaboratori. In questo workshop organizzato in collaborazione con il Parco Naturale Adamello Brenta e con il <a href=\"https:\/\/ecobnb.it\/blog\/2020\/03\/qualita-parco-hotel-green-adamello-brenta\/\" target=\"_blank\" rel=\"noopener\">marchio Qualit\u00e0 Parco<\/a>, approfondiremo buone pratiche e consigli per comunicare correttamente la sostenibilit\u00e0 della propria struttura ricettiva. Inoltre, parleremo delle <a href=\"https:\/\/ecobnb.it\/blog\/2022\/02\/adamello-brenta-convenzione-turismo-sostenibile\/\" target=\"_blank\" rel=\"noopener\">opportunit\u00e0 offerte da Ecobnb alle strutture CETS Qualit\u00e0 Parco Adamello Brenta<\/a> e lavoreremo insieme per creare alcune offerte speciali dedicate agli eco-viaggiatori.<\/p>\n<h2>Comunicare la Sostenibilit\u00e0: come promuovere le attenzioni ecologiche della tua struttura ricettiva<\/h2>\n<h3>Quando<\/h3>\n<p><strong>Gioved\u00ec 19 maggio 2022<\/strong> dalle 10.00 alle 13.00<\/p>\n<h3>Dove<\/h3>\n<p><strong>Strembo<\/strong>, sala all&#8217;ultimo piano del municipio<\/p>\n<h3>Programma<\/h3>\n<p>9.50 &#8211; Registrazione partecipanti<br \/>\n10.00 &#8211; Saluti iniziali<br \/>\n10.15 &#8211; Comunicare la sostenibilit\u00e0: consigli e buone pratiche per promuovere e comunicare le attenzioni ecologiche della tua struttura ricettiva<br \/>\n12.00 &#8211; Le novit\u00e0 di Ecobnb, come costruire un&#8217;offerta speciale per promuovere la tua ospitalit\u00e0 sulla piattaforma<\/p>\n","protected":false},"excerpt":{"rendered":"<p>Comunicare in modo efficace la sostenibilit\u00e0 e le scelte ecologiche intraprese dalla propria struttura ricettiva \u00e8 un aspetto cruciale. Infatti, sempre pi\u00f9 persone cercano ospitalit\u00e0 eco-friendly ma dichiarano che non sia cos\u00ec semplice trovarle e riconoscerle. Dall&#8217;altra parte, ci sono strutture ricettive impegnate nella riduzione della propria impornta ecologica, ma solo alcune di queste lo [&hellip;]<\/p>\n","protected":false},"author":3,"featured_media":67784,"parent":16232,"menu_order":0,"comment_status":"closed","ping_status":"closed","template":"","meta":[],"acf":[],"yoast_head":"<!-- This site is optimized with the Yoast SEO plugin v19.9 - https:\/\/yoast.com\/wordpress\/plugins\/seo\/ -->\n<title>Comunicare la Sostenibilit\u00e0: workshop gratuito -Ecobnb<\/title>\n<meta name=\"description\" content=\"Come comunicare in modo efficace la sostenibilit\u00e0 del tuo hotel? Scoprilo in questo workshop gratuito dedicato alle strutture del Parco Adamello Brenta\" \/>\n<meta name=\"robots\" content=\"index, follow, max-snippet:-1, max-image-preview:large, max-video-preview:-1\" \/>\n<link rel=\"canonical\" href=\"https:\/\/ecobnb.it\/blog\/eventi\/comunicare-sostenibilita-workshop-adamello-brenta\/\" \/>\n<meta property=\"og:locale\" content=\"it_IT\" \/>\n<meta property=\"og:type\" content=\"article\" \/>\n<meta property=\"og:title\" content=\"Comunicare la Sostenibilit\u00e0: workshop gratuito -Ecobnb\" \/>\n<meta property=\"og:description\" content=\"Come comunicare in modo efficace la sostenibilit\u00e0 del tuo hotel? Scoprilo in questo workshop gratuito dedicato alle strutture del Parco Adamello Brenta\" \/>\n<meta property=\"og:url\" content=\"https:\/\/ecobnb.it\/blog\/eventi\/comunicare-sostenibilita-workshop-adamello-brenta\/\" \/>\n<meta property=\"og:site_name\" content=\"Ecobnb\" \/>\n<meta property=\"article:publisher\" content=\"https:\/\/www.facebook.com\/viaggiverdi\" \/>\n<meta property=\"article:modified_time\" content=\"2022-04-29T08:44:19+00:00\" \/>\n<meta property=\"og:image\" content=\"https:\/\/ecobnb.it\/blog\/app\/uploads\/sites\/2\/2022\/04\/Workshop-Adamello-Brenta-2022.png\" \/>\n\t<meta property=\"og:image:width\" content=\"1170\" \/>\n\t<meta property=\"og:image:height\" content=\"490\" \/>\n\t<meta property=\"og:image:type\" content=\"image\/png\" \/>\n<meta name=\"twitter:label1\" content=\"Est. reading time\" \/>\n\t<meta name=\"twitter:data1\" content=\"1 minute\" \/>\n<!-- \/ Yoast SEO plugin. -->","yoast_head_json":{"title":"Comunicare la Sostenibilit\u00e0: workshop gratuito -Ecobnb","description":"Come comunicare in modo efficace la sostenibilit\u00e0 del tuo hotel? Scoprilo in questo workshop gratuito dedicato alle strutture del Parco Adamello Brenta","robots":{"index":"index","follow":"follow","max-snippet":"max-snippet:-1","max-image-preview":"max-image-preview:large","max-video-preview":"max-video-preview:-1"},"canonical":"https:\/\/ecobnb.it\/blog\/eventi\/comunicare-sostenibilita-workshop-adamello-brenta\/","og_locale":"it_IT","og_type":"article","og_title":"Comunicare la Sostenibilit\u00e0: workshop gratuito -Ecobnb","og_description":"Come comunicare in modo efficace la sostenibilit\u00e0 del tuo hotel? Scoprilo in questo workshop gratuito dedicato alle strutture del Parco Adamello Brenta","og_url":"https:\/\/ecobnb.it\/blog\/eventi\/comunicare-sostenibilita-workshop-adamello-brenta\/","og_site_name":"Ecobnb","article_publisher":"https:\/\/www.facebook.com\/viaggiverdi","article_modified_time":"2022-04-29T08:44:19+00:00","og_image":[{"width":1170,"height":490,"url":"https:\/\/ecobnb.it\/blog\/app\/uploads\/sites\/2\/2022\/04\/Workshop-Adamello-Brenta-2022.png","type":"image\/png"}],"twitter_misc":{"Est. reading time":"1 minute"},"schema":{"@context":"https:\/\/schema.org","@graph":[{"@type":"WebPage","@id":"https:\/\/ecobnb.it\/blog\/eventi\/comunicare-sostenibilita-workshop-adamello-brenta\/","url":"https:\/\/ecobnb.it\/blog\/eventi\/comunicare-sostenibilita-workshop-adamello-brenta\/","name":"Comunicare la Sostenibilit\u00e0: workshop gratuito -Ecobnb","isPartOf":{"@id":"https:\/\/ecobnb.it\/blog\/#website"},"datePublished":"2022-04-29T08:43:54+00:00","dateModified":"2022-04-29T08:44:19+00:00","description":"Come comunicare in modo efficace la sostenibilit\u00e0 del tuo hotel? Scoprilo in questo workshop gratuito dedicato alle strutture del Parco Adamello Brenta","breadcrumb":{"@id":"https:\/\/ecobnb.it\/blog\/eventi\/comunicare-sostenibilita-workshop-adamello-brenta\/#breadcrumb"},"inLanguage":"it-IT","potentialAction":[{"@type":"ReadAction","target":["https:\/\/ecobnb.it\/blog\/eventi\/comunicare-sostenibilita-workshop-adamello-brenta\/"]}]},{"@type":"BreadcrumbList","@id":"https:\/\/ecobnb.it\/blog\/eventi\/comunicare-sostenibilita-workshop-adamello-brenta\/#breadcrumb","itemListElement":[{"@type":"ListItem","position":1,"name":"Ecobnb Green Accademy: Eventi Formativi, workshop e Incontri","item":"https:\/\/ecobnb.it\/blog\/eventi\/"},{"@type":"ListItem","position":2,"name":"Comunicare la Sostenibilit\u00e0: un workshop nel Parco Naturale Adamello Brenta"}]},{"@type":"WebSite","@id":"https:\/\/ecobnb.it\/blog\/#website","url":"https:\/\/ecobnb.it\/blog\/","name":"Ecobnb","description":"Trova il tuo Alloggio Ecosostenibile","publisher":{"@id":"https:\/\/ecobnb.it\/blog\/#organization"},"potentialAction":[{"@type":"SearchAction","target":{"@type":"EntryPoint","urlTemplate":"https:\/\/ecobnb.it\/blog\/?s={search_term_string}"},"query-input":"required name=search_term_string"}],"inLanguage":"it-IT"},{"@type":"Organization","@id":"https:\/\/ecobnb.it\/blog\/#organization","name":"Ecobnb","url":"https:\/\/ecobnb.it\/blog\/","logo":{"@type":"ImageObject","inLanguage":"it-IT","@id":"https:\/\/ecobnb.it\/blog\/#\/schema\/logo\/image\/","url":"https:\/\/ecobnb.it\/blog\/app\/uploads\/sites\/2\/2016\/03\/logo_transparent_512x512.png","contentUrl":"https:\/\/ecobnb.it\/blog\/app\/uploads\/sites\/2\/2016\/03\/logo_transparent_512x512.png","width":512,"height":512,"caption":"Ecobnb"},"image":{"@id":"https:\/\/ecobnb.it\/blog\/#\/schema\/logo\/image\/"},"sameAs":["https:\/\/www.facebook.com\/viaggiverdi"]}]}},"_links":{"self":[{"href":"https:\/\/ecobnb.it\/blog\/wp-json\/wp\/v2\/pages\/67783"}],"collection":[{"href":"https:\/\/ecobnb.it\/blog\/wp-json\/wp\/v2\/pages"}],"about":[{"href":"https:\/\/ecobnb.it\/blog\/wp-json\/wp\/v2\/types\/page"}],"author":[{"embeddable":true,"href":"https:\/\/ecobnb.it\/blog\/wp-json\/wp\/v2\/users\/3"}],"replies":[{"embeddable":true,"href":"https:\/\/ecobnb.it\/blog\/wp-json\/wp\/v2\/comments?post=67783"}],"version-history":[{"count":1,"href":"https:\/\/ecobnb.it\/blog\/wp-json\/wp\/v2\/pages\/67783\/revisions"}],"predecessor-version":[{"id":67785,"href":"https:\/\/ecobnb.it\/blog\/wp-json\/wp\/v2\/pages\/67783\/revisions\/67785"}],"up":[{"embeddable":true,"href":"https:\/\/ecobnb.it\/blog\/wp-json\/wp\/v2\/pages\/16232"}],"wp:featuredmedia":[{"embeddable":true,"href":"https:\/\/ecobnb.it\/blog\/wp-json\/wp\/v2\/media\/67784"}],"wp:attachment":[{"href":"https:\/\/ecobnb.it\/blog\/wp-json\/wp\/v2\/media?parent=67783"}],"curies":[{"name":"wp","href":"https:\/\/api.w.org\/{rel}","templated":true}]}}