{"id":6487,"date":"2014-02-27T20:37:07","date_gmt":"2014-02-27T20:37:07","guid":{"rendered":"http:\/\/blog.viaggiverdi.it\/?page_id=6487"},"modified":"2014-02-28T23:16:22","modified_gmt":"2014-02-28T23:16:22","slug":"adotta-un-turista-2014","status":"publish","type":"page","link":"https:\/\/ecobnb.it\/blog\/adotta-un-turista-2014\/","title":{"rendered":"Adotta un Turista, II Edizione"},"content":{"rendered":"<p>\u201c<strong>Adotta un turista<\/strong>\u201d \u00e8 un premio on line, aperto a tutti, ideato da ViaggiVerdi e da IT.A.C\u00c0, in occasione di<strong> IT.A.C\u00c0 migranti e viaggiatori: festival del turismo responsabile<\/strong> che si svolge in Emilia Romagna dal 2009.<\/p>\n<p><strong>A volte le idee pi\u00f9 fantastiche sono quelle che nascono semplicemente chiacchierando al tavolino di un bar.<\/strong> Questo \u00e8 quello che \u00e8 successo anche per Adotta un turista. Era la prima volta che ViaggiVerdi incontrava Pierluigi Musar\u00f2 (direttore artistico IT.A.C\u00c0), davanti ad un piatto biologico e speziato, ai tavolini di un piccolo bar di Bologna in un caldo pomeriggio autunnale, parlando di sostenibilit\u00e0, viaggi e ospitalit\u00e0. Riflettendo su un concorso online da proporre durante la settimana del Festival IT.A.CA, <strong>Pierluigi ha lanciato una proposta inusuale e un po\u2019 folle, che ci \u00e8 subito piaciuta<\/strong>. L\u2019idea ha preso forma nei mesi seguenti, tra scambi di email e telefonate intercontinentali: ViaggiVerdi nella calda California, dove i surfisti passeggiavano in infradito con la tavola sottobraccio, e Pierluigi tra i grattaceli della nevosa NewYork natalizia.<\/p>\n<p><strong>Adotta un Turista<\/strong> coinvolge subito tutti: parlare della vera<strong> ospitalit\u00e0<\/strong> \u00e8 un\u2019occasione per <strong>promuovere nuovi punti di vista sul viaggio<\/strong>, e parlare di<strong> turismo sostenibile<\/strong>. Il cuore del concorso \u00e8 il concetto di ospitalit\u00e0, che ha caratterizzato da sempre la storia della civilt\u00e0. Sentiamo il bisogno di recuperare e riportare ad oggi l\u2019eredit\u00e0 culturale della \u201cxenia\u201d greca, secondo cui l\u2019ospitante doveva accogliere lo straniero, e l\u2019ospite, dal canto suo, doveva essere gentile e non invadente, pronto a ricambiare l\u2019ospitalit\u00e0 ricevuta accogliendo qualunque straniero si fosse presentato alla sua porta.<\/p>\n<p><a href=\"https:\/\/ecobnb.it\/blog\/app\/uploads\/sites\/2\/2014\/02\/Capri-RES.jpg\"><img class=\"alignnone size-large wp-image-6559\" alt=\"Capri RES\" src=\"https:\/\/ecobnb.it\/blog\/app\/uploads\/sites\/2\/2014\/02\/Capri-RES-870x490.jpg\" width=\"870\" height=\"490\" srcset=\"https:\/\/ecobnb.it\/blog\/app\/uploads\/sites\/2\/2014\/02\/Capri-RES-870x490.jpg 870w, https:\/\/ecobnb.it\/blog\/app\/uploads\/sites\/2\/2014\/02\/Capri-RES-570x320.jpg 570w\" sizes=\"(max-width: 870px) 100vw, 870px\" \/><\/a><\/p>\n<h3><\/h3>\n<h3>Puoi partecipare al premio in due modi:<\/h3>\n<p>1. <a href=\"http:\/\/adottaunturista.org\/proponi\/\" target=\"_blank\"><strong>Proponendo un\u2019idea di ospitalit\u00e0<\/strong><\/a> fantasiosa ed eco-sostenibile da realizzare dove e quando preferisci;<br \/>\n2. semplicemente aderendo come turista alla proposta che preferisci, e\/o <strong><a href=\"http:\/\/adottaunturista.org\/category\/offerte2014\/\" target=\"_blank\">Votandola attraverso \u201cMi Piace\u201d<\/a><\/strong>.<\/p>\n<p><strong>Le 3 proposte di ospitalit\u00e0 pi\u00f9 votate vinceranno <a href=\"http:\/\/adottaunturista.org\/category\/premi2014\/\" target=\"_blank\">3 fantastici weekend per 2 persone<\/a>.<\/strong><br \/>\n<strong>Il premio \u00e8 aperto dal 1 marzo al 26 maggio 2014<\/strong><\/p>\n<p>&nbsp;<\/p>\n<h3>Perch\u00e8 \u201cAdotta un Turista\u201d?<\/h3>\n<p>Perch\u00e9 condividere esperienze, luoghi, racconti, cibo, passioni e hobby rende l\u2019esperienza di viaggio davvero unica ed emozionante.<\/p>\n<p>Per non accontentarsi dell\u2019essere fruitori di immagini stereotipate, cose \u201cda fare\u201d e luoghi \u201cda non perdere\u201d.<\/p>\n<p>Per rinnovare la tradizione dell\u2019<strong>ospitalit\u00e0<\/strong>, eredit\u00e0 culturale della xenia greca, secondo cui l\u2019ospitante doveva accogliere lo straniero e l\u2019ospite, dal canto suo, doveva essere gentile e non invadente, pronto a ricambiare l\u2019ospitalit\u00e0 ricevuta accogliendo qualunque straniero si fosse presentato alla sua porta.<\/p>\n<p>&nbsp;<\/p>\n<h3>Da chi \u00e8 organizzato?<\/h3>\n<p>Adotta un Turista \u00e8 ideato ed organizzato da ViaggiVerdi insieme ad IT.A.C\u00c0 migranti e viaggiatori: festival del turismo responsabile.<\/p>\n<p><strong>ViaggiVerdi<\/strong> \u00e8 il sito web interamente dedicato al Viaggio Sostenibile in Italia, in cui puoi trovare e prenotare ogni tipo di alloggio amico dell\u2019ambiente: dall\u2019hotel a eco-sostenibile alla casa sull\u2019albero, dall\u2019albergo diffuso negli antichi borghi italiani all\u2019igloo tra i ghiacci, dall\u2019agriturismo biologico immerso nella natura al rifugio di montagna a zero emissioni.<\/p>\n<p><a href=\"http:\/\/www.festivalitaca.net\" target=\"_blank\"><strong>IT.A.C\u00c0<\/strong><\/a> \u00e8 il primo Festival in Italia che si occupa di Turismo Responsabile arrivato alla sua VI edizione (30 maggio \/ 8 giugno 2014), nella scorsa edizione ha visto come ospite il cantautore Vinicio Capossela. Questa edizione si svolger\u00e0 a Bologna, Parma, Ferrara, Rimini, Alta Via dei Parchi e Delta del Po dal <strong>30 maggio al 8 giugno 2014<\/strong>: con numerosi eventi, itinerari, dibattiti e convegni sul tema del turismo responsabile, sostenibile e viaggio.<\/p>\n<p><span style=\"line-height: 1.5em;\">Quindi non resta che &#8220;likare&#8221; sulla proposta che preferite o farne una e siete pronti per condividere esperienze e luoghi unici!<\/span><\/p>\n<p>Buon viaggio!<\/p>\n<p>&nbsp;<\/p>\n<h2>I vincitori della I Edizione \u201cAdotta un Turista\u201d 2013<\/h2>\n<h3>1\u00b0 Premio \u2013 Il giro del giorno in 80 mondi (o quasi) con 902 Voti*<\/h3>\n<p><span style=\"line-height: 1.5em;\"><a href=\"https:\/\/ecobnb.it\/blog\/app\/uploads\/sites\/2\/2014\/02\/IMGP2777-1024x682.jpg\"><img class=\"size-medium wp-image-6490 alignright\" alt=\"IMGP2777-1024x682\" src=\"https:\/\/ecobnb.it\/blog\/app\/uploads\/sites\/2\/2014\/02\/IMGP2777-1024x682-536x356.jpg\" width=\"536\" height=\"356\" srcset=\"https:\/\/ecobnb.it\/blog\/app\/uploads\/sites\/2\/2014\/02\/IMGP2777-1024x682-536x356.jpg 536w, https:\/\/ecobnb.it\/blog\/app\/uploads\/sites\/2\/2014\/02\/IMGP2777-1024x682-344x229.jpg 344w, https:\/\/ecobnb.it\/blog\/app\/uploads\/sites\/2\/2014\/02\/IMGP2777-1024x682.jpg 1024w\" sizes=\"(max-width: 536px) 100vw, 536px\" \/><\/a>Quante volte avrai la possibilit\u00e0 di visitare il Pakistan? O la Guinea Conakry? O il Marocco? O fare un\u2019esperienza ancora pi\u00f9 speciale che \u00e8 quella di vivere la vita nei panni di un altro?<\/span><\/p>\n<p>Il viaggio che ti proponiamo \u00e8 un \u201cviaggio statico\u201d a Cento (Ferrara) in cui potrai sperimentare la vita di un migrante per un giorno. Julio Cort\u00e1zar aveva intitolato un suo libro Il giro del giorno in ottanta mondi, noi non siamo 80 ma siamo una piccola classe di un corso di italiano per stranieri, veniamo da diverse parti del mondo e ti accompagneremo a conoscere Cento ma soprattutto la nostra vita qui. Potrai assaggiare i piatti delle nostre terre, non quelli dei ristoranti per stranieri, ma quelli che prepariamo normalmente nelle nostre case e che anche tu potrai aiutarci a cucinare. Mentre pranziamo ti faremo ascoltare un po\u2019 della nostra musica preferita e saremo felici se anche tu porterai qualcosa da farci conoscere.<\/p>\n<p>Un momento immancabile della nostra vita in Italia \u00e8 il corso di lingua\u2026 forse anche tu ti sentirai sopraffatto e spaesato in mezzo a tanti suoni incomprensibili, questo \u00e8 quello che proviamo normalmente, ma se avrai pazienza potrai imparare qualche parola di urdu, punjabi, soussou o arabo in nostra compagnia. Il giro per Cento comprende non solo la visita ai monumenti (terremotati e integri) ma anche ai luoghi che frequentiamo normalmente come la moschea, il parco, il bar dove ci incontriamo. Poi ti porteremo a vedere una partita di cricket, sport nazionale pakistano, e se vorrai potrai giocare con dei giocatori professionisti. A fine giornata sicuramente sarai pronto per un nemunemu o kaskarot! Sar\u00e0 un\u2019esperienza speciale non solo per te ma anche per noi che insieme a te viaggeremo.<\/p>\n<p>Dove: Cento (FE) Durata: 1 giornata. Da svolgersi in un weekend fino a met\u00e0 giugno. Persone: fino a 6 persone.<\/p>\n<p>Joseph (Guinea Conakry), Brahim, Karim, Zakaria, Isham (Marocco) Anwar, Basharat Ali, Shabbir, Kashif, Sarfaraz, Ali Uzman (Pakistan), Agnese (Italia).<\/p>\n<p>&nbsp;<\/p>\n<h3>2\u00b0 Premio \u2013 Lasagne IN, trekking OUT! con 534 Voti<\/h3>\n<p><span style=\"line-height: 1.5em;\"><a href=\"https:\/\/ecobnb.it\/blog\/app\/uploads\/sites\/2\/2014\/02\/Adotta-un-turista-2013.jpg\"><img class=\"size-medium wp-image-6491 alignright\" alt=\"Adotta un turista 2013\" src=\"https:\/\/ecobnb.it\/blog\/app\/uploads\/sites\/2\/2014\/02\/Adotta-un-turista-2013-536x402.jpg\" width=\"536\" height=\"402\" srcset=\"https:\/\/ecobnb.it\/blog\/app\/uploads\/sites\/2\/2014\/02\/Adotta-un-turista-2013-536x402.jpg 536w, https:\/\/ecobnb.it\/blog\/app\/uploads\/sites\/2\/2014\/02\/Adotta-un-turista-2013-344x258.jpg 344w, https:\/\/ecobnb.it\/blog\/app\/uploads\/sites\/2\/2014\/02\/Adotta-un-turista-2013.jpg 960w\" sizes=\"(max-width: 536px) 100vw, 536px\" \/><\/a>La mia offerta \u00e8 rivolta a stranieri golosi, amanti della montagna e delle passeggiate in quota, in mezzo ad abeti e larici, panorami mozzafiato, prati e libert\u00e0. L\u2019ospitalit\u00e0 viene offerta nel mio appartamento a Macugnaga, \u2018la perla del Monte Rosa\u2019, in condivisione con me che provvedo all\u2019alloggio ma anche al vitto, al divertimento e al trekking, in piena atmosfera italiana, amichevole e avvolgente!<\/span><\/p>\n<p>Le mie lasagne sono mitiche e conosciute in tutto il mondo, assaggiate da amici provenienti da ogni dove! Sia le classiche con il rag\u00f9 che le pi\u00f9 delicate al pesto (da cui si intuiscono le mie origini genovesi\u2026) Potranno partecipare fino a 4 persone, sia coppie con figli che gruppi di amici\/amiche e perch\u00e8 no, anche arzilli vecchietti. Oppure un gruppo di adolescenti che i genitori vogliono affidare alle cure amorevoli di una mamma italiana.<\/p>\n<p>Il periodo dedicato potrebbe essere tutto il mese di agosto, diviso per turni di una settimana-15 giorni. E\u2019 una vacanza in famiglia, che vuole coinvolgere gli ospiti in una esperienza di vita familiare prettamente italiana. Lo spirito \u00e8 quello della condivisione, della semplicit\u00e0, dell\u2019avventura e del rispetto reciproco di usanze e stili di vita.<\/p>\n<h4><\/h4>\n<h3>3\u00b0 Premio Camminando per Ballar\u00f2: racconti di una citt\u00e0 con 525 Voti<\/h3>\n<p><span style=\"line-height: 1.5em;\"><a href=\"https:\/\/ecobnb.it\/blog\/app\/uploads\/sites\/2\/2014\/02\/adotta-un-turista-2013-3class.jpg\"><img class=\"size-medium wp-image-6492 alignright\" alt=\"adotta un turista 2013 3class\" src=\"https:\/\/ecobnb.it\/blog\/app\/uploads\/sites\/2\/2014\/02\/adotta-un-turista-2013-3class-536x402.jpg\" width=\"536\" height=\"402\" srcset=\"https:\/\/ecobnb.it\/blog\/app\/uploads\/sites\/2\/2014\/02\/adotta-un-turista-2013-3class-536x402.jpg 536w, https:\/\/ecobnb.it\/blog\/app\/uploads\/sites\/2\/2014\/02\/adotta-un-turista-2013-3class-344x258.jpg 344w, https:\/\/ecobnb.it\/blog\/app\/uploads\/sites\/2\/2014\/02\/adotta-un-turista-2013-3class.jpg 800w\" sizes=\"(max-width: 536px) 100vw, 536px\" \/><\/a>Ogni mercato \u00e8 sempre stato il simbolo del dialogo tra le diverse culture presenti a Palermo e ancora oggi, con il Centro Santa Chiara e le attivit\u00e0 dei padri salesiani e i due monumenti ad essi connessi, che continuano a scrivere la storia di Palermo.<\/span><\/p>\n<p>IL COMPLESSO MONUMENTALE SANTA CHIARA \u00e8 un sito barocco all\u2019interno del quale vengono svolte le attivit\u00e0 dell\u2019associazione Santa Chiara, nata per volont\u00e0 dei salesiani e dei collaboratori dell\u2019opera \u201cSanta Chiara\u201d di Palermo nel 1995. L\u2019associazione ha \u201cfinalit\u00e0 di promozione sportiva, socio-culturale, turistico-sociale, e di attivit\u00e0 assistenziali, educative, formative, a favore soprattutto dei giovani, con particolare attenzione ai minori a rischio e agli immigrati\u201d (Stat. art. 2). Essa \u00e8 impegnata nel quartiere a rischio Ballar\u00f2-Albergheria per fronteggiare i problemi connessi alla povert\u00e0, all\u2019uso della droga fra i giovani, alla disoccupazione e all\u2019abbandono scolastico. Inoltre con l\u2019inizio dei flussi immigratori, l\u2019attenzione \u00e8 stata rivolta anche ai migranti che arrivano nel capoluogo siciliano con il loro carico di drammatiche esperienze e si trovano a dover affrontare un nuovo ambiente senza strumenti, senza risorse, senza conoscenze e senza aiuti. I migranti trovano nel centro Santa Chiara un punto di riferimento ed un luogo dove si opera per promuovere l\u2019integrazione sociale, l\u2019interculturalit\u00e0, la creazione di opportunit\u00e0 e il pieno riconoscimento dei diritti degli immigrati. Inoltre, il visitatore avr\u00e0 la possibilit\u00e0 di sostare presso il chiostro e poter giocare con le comunit\u00e0 immigrate ospiti della struttura, partecipare ad aperitivi e merende multietniche. Nel cuore del mercato storico di Ballar\u00f2 , troviamo la trecentesca Torre di San Nicol\u00f2, simbolo della citt\u00e0, e all\u2019interno della quale \u00e8 possibile sostare per poter vedere il panorama pi\u00f9 bello della citt\u00e0: il centro storico di Palermo visto dall\u2019alto. Il nobile passato ed il caotico presente si ricongiungono salendo sulla torre!<\/p>\n<p>Dunque l\u2019itinerario prevede la possibilit\u00e0 di conoscere i bambini di Santa Chiara, le loro attivit\u00e0, di potersi confrontare con i volontari e fare proprio il gusto di scoprire la bellezza e la peculiarit\u00e0 del patrimonio storico, artistico, e soprattutto valori d\u2019umanit\u00e0 e di lenta contemplazione di beni monumentali, che non rientrano nei circuiti turistici,ma di estremo valore storico artistico, e scoprirli percorrendo a piedi ogni tappa.<\/p>\n<p>&nbsp;<\/p>\n<p><strong><span style=\"line-height: 1.5em;\">Info: <a href=\"http:\/\/www.adottaunturista.org\" target=\"_blank\">www.adottaunturista.org<\/a><\/span><\/strong><\/p>\n<p>&nbsp;<\/p>\n<p><em><span style=\"line-height: 1.5em;\">Evento organizzato da:<\/span><\/em><\/p>\n<p><a href=\"http:\/\/www.ecobnb.it\"><img class=\"alignnone  wp-image-6514\" alt=\"ViaggiVerdiLogo\" src=\"https:\/\/ecobnb.it\/blog\/app\/uploads\/sites\/2\/2014\/02\/ViaggiVerdiLogo-536x165.png\" width=\"258\" height=\"79\" srcset=\"https:\/\/ecobnb.it\/blog\/app\/uploads\/sites\/2\/2014\/02\/ViaggiVerdiLogo-536x165.png 536w, https:\/\/ecobnb.it\/blog\/app\/uploads\/sites\/2\/2014\/02\/ViaggiVerdiLogo-344x106.png 344w\" sizes=\"(max-width: 258px) 100vw, 258px\" \/><\/a>\u00a0 \u00a0 \u00a0<a href=\"http:\/\/www.festivalitaca.net\"><img class=\"alignnone  wp-image-6515\" alt=\"itaca_LOGO_NEW\" src=\"https:\/\/ecobnb.it\/blog\/app\/uploads\/sites\/2\/2014\/02\/itaca_LOGO_NEW-536x667.jpg\" width=\"108\" height=\"134\" srcset=\"https:\/\/ecobnb.it\/blog\/app\/uploads\/sites\/2\/2014\/02\/itaca_LOGO_NEW-536x667.jpg 536w, https:\/\/ecobnb.it\/blog\/app\/uploads\/sites\/2\/2014\/02\/itaca_LOGO_NEW-344x428.jpg 344w, https:\/\/ecobnb.it\/blog\/app\/uploads\/sites\/2\/2014\/02\/itaca_LOGO_NEW.jpg 1614w\" sizes=\"(max-width: 108px) 100vw, 108px\" \/><\/a><\/p>\n","protected":false},"excerpt":{"rendered":"<p>\u201cAdotta un turista\u201d \u00e8 un premio on line, aperto a tutti, ideato da ViaggiVerdi e da IT.A.C\u00c0, in occasione di IT.A.C\u00c0 migranti e viaggiatori: festival del turismo responsabile che si svolge in Emilia Romagna dal 2009. A volte le idee pi\u00f9 fantastiche sono quelle che nascono semplicemente chiacchierando al tavolino di un bar. Questo \u00e8 [&hellip;]<\/p>\n","protected":false},"author":3,"featured_media":6513,"parent":0,"menu_order":0,"comment_status":"closed","ping_status":"closed","template":"","meta":[],"acf":[],"yoast_head":"<!-- This site is optimized with the Yoast SEO plugin v19.9 - https:\/\/yoast.com\/wordpress\/plugins\/seo\/ -->\n<title>Adotta un Turista, II Edizione - Ecobnb<\/title>\n<meta name=\"description\" content=\"Adotta un Turista, il concorso per condividere esperienze e luoghi unici, ritorna in occasione del Festival del Turismo Responsabile It.a.c\u00e02014\" \/>\n<meta name=\"robots\" content=\"index, follow, max-snippet:-1, max-image-preview:large, max-video-preview:-1\" \/>\n<link rel=\"canonical\" href=\"https:\/\/ecobnb.it\/blog\/adotta-un-turista-2014\/\" \/>\n<meta property=\"og:locale\" content=\"it_IT\" \/>\n<meta property=\"og:type\" content=\"article\" \/>\n<meta property=\"og:title\" content=\"Adotta un Turista, II Edizione - Ecobnb\" \/>\n<meta property=\"og:description\" content=\"Adotta un Turista, il concorso per condividere esperienze e luoghi unici, ritorna in occasione del Festival del Turismo Responsabile It.a.c\u00e02014\" \/>\n<meta property=\"og:url\" content=\"https:\/\/ecobnb.it\/blog\/adotta-un-turista-2014\/\" \/>\n<meta property=\"og:site_name\" content=\"Ecobnb\" \/>\n<meta property=\"article:publisher\" content=\"https:\/\/www.facebook.com\/viaggiverdi\" \/>\n<meta property=\"article:modified_time\" content=\"2014-02-28T23:16:22+00:00\" \/>\n<meta property=\"og:image\" content=\"https:\/\/ecobnb.it\/blog\/app\/uploads\/sites\/2\/2014\/02\/PICNIC.jpg\" \/>\n\t<meta property=\"og:image:width\" content=\"1600\" \/>\n\t<meta property=\"og:image:height\" content=\"612\" \/>\n\t<meta property=\"og:image:type\" content=\"image\/jpeg\" \/>\n<meta name=\"twitter:label1\" content=\"Est. reading time\" \/>\n\t<meta name=\"twitter:data1\" content=\"8 minutes\" \/>\n<!-- \/ Yoast SEO plugin. -->","yoast_head_json":{"title":"Adotta un Turista, II Edizione - Ecobnb","description":"Adotta un Turista, il concorso per condividere esperienze e luoghi unici, ritorna in occasione del Festival del Turismo Responsabile It.a.c\u00e02014","robots":{"index":"index","follow":"follow","max-snippet":"max-snippet:-1","max-image-preview":"max-image-preview:large","max-video-preview":"max-video-preview:-1"},"canonical":"https:\/\/ecobnb.it\/blog\/adotta-un-turista-2014\/","og_locale":"it_IT","og_type":"article","og_title":"Adotta un Turista, II Edizione - Ecobnb","og_description":"Adotta un Turista, il concorso per condividere esperienze e luoghi unici, ritorna in occasione del Festival del Turismo Responsabile It.a.c\u00e02014","og_url":"https:\/\/ecobnb.it\/blog\/adotta-un-turista-2014\/","og_site_name":"Ecobnb","article_publisher":"https:\/\/www.facebook.com\/viaggiverdi","article_modified_time":"2014-02-28T23:16:22+00:00","og_image":[{"width":1600,"height":612,"url":"https:\/\/ecobnb.it\/blog\/app\/uploads\/sites\/2\/2014\/02\/PICNIC.jpg","type":"image\/jpeg"}],"twitter_misc":{"Est. reading time":"8 minutes"},"schema":{"@context":"https:\/\/schema.org","@graph":[{"@type":"WebPage","@id":"https:\/\/ecobnb.it\/blog\/adotta-un-turista-2014\/","url":"https:\/\/ecobnb.it\/blog\/adotta-un-turista-2014\/","name":"Adotta un Turista, II Edizione - Ecobnb","isPartOf":{"@id":"https:\/\/ecobnb.it\/blog\/#website"},"datePublished":"2014-02-27T20:37:07+00:00","dateModified":"2014-02-28T23:16:22+00:00","description":"Adotta un Turista, il concorso per condividere esperienze e luoghi unici, ritorna in occasione del Festival del Turismo Responsabile It.a.c\u00e02014","inLanguage":"it-IT","potentialAction":[{"@type":"ReadAction","target":["https:\/\/ecobnb.it\/blog\/adotta-un-turista-2014\/"]}]},{"@type":"WebSite","@id":"https:\/\/ecobnb.it\/blog\/#website","url":"https:\/\/ecobnb.it\/blog\/","name":"Ecobnb","description":"Trova il tuo Alloggio Ecosostenibile","publisher":{"@id":"https:\/\/ecobnb.it\/blog\/#organization"},"potentialAction":[{"@type":"SearchAction","target":{"@type":"EntryPoint","urlTemplate":"https:\/\/ecobnb.it\/blog\/?s={search_term_string}"},"query-input":"required name=search_term_string"}],"inLanguage":"it-IT"},{"@type":"Organization","@id":"https:\/\/ecobnb.it\/blog\/#organization","name":"Ecobnb","url":"https:\/\/ecobnb.it\/blog\/","logo":{"@type":"ImageObject","inLanguage":"it-IT","@id":"https:\/\/ecobnb.it\/blog\/#\/schema\/logo\/image\/","url":"https:\/\/ecobnb.it\/blog\/app\/uploads\/sites\/2\/2016\/03\/logo_transparent_512x512.png","contentUrl":"https:\/\/ecobnb.it\/blog\/app\/uploads\/sites\/2\/2016\/03\/logo_transparent_512x512.png","width":512,"height":512,"caption":"Ecobnb"},"image":{"@id":"https:\/\/ecobnb.it\/blog\/#\/schema\/logo\/image\/"},"sameAs":["https:\/\/www.facebook.com\/viaggiverdi"]}]}},"_links":{"self":[{"href":"https:\/\/ecobnb.it\/blog\/wp-json\/wp\/v2\/pages\/6487"}],"collection":[{"href":"https:\/\/ecobnb.it\/blog\/wp-json\/wp\/v2\/pages"}],"about":[{"href":"https:\/\/ecobnb.it\/blog\/wp-json\/wp\/v2\/types\/page"}],"author":[{"embeddable":true,"href":"https:\/\/ecobnb.it\/blog\/wp-json\/wp\/v2\/users\/3"}],"replies":[{"embeddable":true,"href":"https:\/\/ecobnb.it\/blog\/wp-json\/wp\/v2\/comments?post=6487"}],"version-history":[{"count":7,"href":"https:\/\/ecobnb.it\/blog\/wp-json\/wp\/v2\/pages\/6487\/revisions"}],"predecessor-version":[{"id":6561,"href":"https:\/\/ecobnb.it\/blog\/wp-json\/wp\/v2\/pages\/6487\/revisions\/6561"}],"wp:featuredmedia":[{"embeddable":true,"href":"https:\/\/ecobnb.it\/blog\/wp-json\/wp\/v2\/media\/6513"}],"wp:attachment":[{"href":"https:\/\/ecobnb.it\/blog\/wp-json\/wp\/v2\/media?parent=6487"}],"curies":[{"name":"wp","href":"https:\/\/api.w.org\/{rel}","templated":true}]}}