{"id":64584,"date":"2021-11-24T08:47:02","date_gmt":"2021-11-24T07:47:02","guid":{"rendered":"https:\/\/ecobnb.it\/blog\/?page_id=64584"},"modified":"2023-11-28T12:40:06","modified_gmt":"2023-11-28T11:40:06","slug":"foresta-savona","status":"publish","type":"page","link":"https:\/\/ecobnb.it\/blog\/foresta-savona\/","title":{"rendered":"Foresta di Savona: inizia qui il progetto per creare Foreste Secolari in Italia"},"content":{"rendered":"<h2>Vi raccontiamo il nostro progetto per la creazione di boschi secolari in Italia, che inizia dalla foresta di Savona<\/h2>\n<p style=\"text-align: right;\"><em>La morte della foresta \u00e8 la fine della nostra vita.<\/em>\u00a0(Dorothy Stang)<\/p>\n<p>Le foreste hanno un <a href=\"https:\/\/ecobnb.it\/blog\/2016\/03\/camminare-nei-boschi\/\" target=\"_blank\" rel=\"noopener\">fascino unico<\/a> e racchiudono <a href=\"https:\/\/www.wwf.it\/specie-e-habitat\/habitat\/foreste\/\" target=\"_blank\" rel=\"noopener\">oltre l&#8217;80% della biodiversit\u00e0<\/a> del pianeta terra.\u00a0Nel passato sono state convertite all&#8217;agricoltura, distrutte per essere trasformate in insediamenti e allevamenti. Le foreste continuano inesorabilmente a diminuire anche oggi, ma rappresentano la nostra unica arma per <strong>combattere il cambiamento climatico<\/strong>. Consapevoli di questo, con Ecobnb abbiamo intrapreso un nuovo progetto di creazione di boschi e <strong>foreste secolari<\/strong>, che inizia con la foresta di Millesimo, in provincia di Savona.<\/p>\n<h2>Perch\u00e9 Creare Foreste Secolari<\/h2>\n<div id=\"attachment_64597\" class=\"thumbnail alignnone\"><img class=\"size-full wp-image-64597\" src=\"https:\/\/ecobnb.it\/blog\/app\/uploads\/sites\/2\/2021\/11\/foresta-secolare.jpg\" alt=\"foresta secolare\" width=\"870\" height=\"490\" srcset=\"https:\/\/ecobnb.it\/blog\/app\/uploads\/sites\/2\/2021\/11\/foresta-secolare.jpg 870w, https:\/\/ecobnb.it\/blog\/app\/uploads\/sites\/2\/2021\/11\/foresta-secolare-536x302.jpg 536w, https:\/\/ecobnb.it\/blog\/app\/uploads\/sites\/2\/2021\/11\/foresta-secolare-768x433.jpg 768w, https:\/\/ecobnb.it\/blog\/app\/uploads\/sites\/2\/2021\/11\/foresta-secolare-570x320.jpg 570w, https:\/\/ecobnb.it\/blog\/app\/uploads\/sites\/2\/2021\/11\/foresta-secolare-344x194.jpg 344w\" sizes=\"(max-width: 870px) 100vw, 870px\" \/><div class=\"caption\">foto via Canva PRO<\/div><\/div>\n<p>Da oltre 10 anni con Ecobnb stiamo lavorando duramente per ridurre l&#8217;impatto ambientale del turismo. Sensibilizzare le persone, creare progetti e azioni concrete che riescono a <a href=\"https:\/\/ecobnb.it\/blog\/alberi\/\" target=\"_blank\" rel=\"noopener\">diminuire le emissioni di CO2 degli hotel, misurabili anche in alberi piantati<\/a>.\u00a0Ma il cambiamento climatico \u00e8 pi\u00f9 rapido di quanto si possa pensare e siamo andati in crisi. Tutto quello che stiamo costruendo giorno dopo giorno, un modo di viaggiare pi\u00f9 etico e sostenibile, \u00e8 bellissimo, ma non \u00e8 sufficiente. Vogliamo fare di pi\u00f9 e impegnarci in prima persona per salvare il nostro pianeta.<\/p>\n<p>Esistono creature magiche che assorbono CO2 e che restituiscono ossigeno, che possono aiutarci a fermare il cambiamento climatico. Sono gli <a href=\"https:\/\/ecobnb.it\/blog\/2019\/10\/piantare-alberi\/\" target=\"_blank\" rel=\"noopener\"><strong>alberi<\/strong><\/a>. Ma piantare alberi in localit\u00e0 lontane, dall&#8217;altra parte del mondo, come fanno tante aziende oggi, non ci sembrava la soluzione giusta. Per questo abbiamo iniziato a <a href=\"https:\/\/ecobnb.it\/blog\/piantare-alberi-italia\/\" target=\"_blank\" rel=\"noopener\"><strong>piantare nuovi alberi in Italia<\/strong><\/a>, a partire dalle zone pi\u00f9 inquinate, come la pianura padana, insieme ai contadini custodi di Ecobnb. Abbiamo piantato specie antiche, ripristinato filari tra i campi coltivati, recuperato l&#8217;idea che le piante sono preziose e devono arricchire le nostre campagne.<\/p>\n<p>Ma sappiamo che\u00a0<a href=\"https:\/\/ecobnb.it\/blog\/2023\/07\/piantare-alberi-foreste-secolari\/\" target=\"_blank\" rel=\"noopener\"><strong>piantare alberi non basta per salvarci dal cambiamento climatico<\/strong><\/a> ed \u00e8 necessario creare foreste importanti che siano dei veri e propri ecosistemi, sebatoio di biodiversit\u00e0. Per questo abbiamo intrapreso un progetto a lungo termine di <strong>creazione di foreste secolari in Europa<\/strong>. Iniziando dall&#8217;Italia, da una foresta in provincia di <strong>Savona<\/strong>, abbiamo iniziato a far crescere le foreste del futuro.<\/p>\n<p>Un tempo il nostro paese, ed in particolare la pianura padana, era ricoperta di foreste planiziali ricche di biodiversit\u00e0, oggi quasi scomparse. Queste foreste miglioravano la qualit\u00e0 dell&#8217;aria, abbassavano i valori della CO2, rappresentavano rifugio per gli animali selvatici e presidio di biodiversit\u00e0.<\/p>\n<p>Il progetto di Ecobnb \u00e8 quello di ricreare alcune di queste foreste. Faremo crescere <strong>boschi di grandissimo valore ecologico<\/strong> e non\u00a0piantagioni di alberelli in fila indiana destinati ad essere tagliati una volta cresciuti. Una foresta \u00e8 molto pi\u00f9 dell&#8217;insieme di alberi che la compongono. \u00c8 un insieme di animali e piante che vivono in perfetta armonia tra loro, creando <strong>biodiversit\u00e0<\/strong>, bellezza e ricchezza.<\/p>\n<p><div class=\"embed-container\"><iframe loading=\"lazy\" title=\"Nuove Foreste Secolari\" width=\"1170\" height=\"658\" src=\"https:\/\/www.youtube.com\/embed\/_nWMk_rCnoU?feature=oembed\" frameborder=\"0\" allow=\"accelerometer; autoplay; clipboard-write; encrypted-media; gyroscope; picture-in-picture; web-share\" allowfullscreen><\/iframe><\/div><\/p>\n<h2>La Foresta di Savona<\/h2>\n<p>Il progetto di creazione di foreste secolari \u00e8 iniziato in <strong>Liguria<\/strong>, con la rigenerazione di un bosco di circa 10 ettari, in provincia di Savona. La foresta di Millesimo due anni fa ha subito un taglio indiscriminato e illegale perdendo oltre il 70% dei propri alberi.<\/p>\n\n\t\t<style type=\"text\/css\">\n\t\t\t#gallery-1 {\n\t\t\t\tmargin: auto;\n\t\t\t}\n\t\t\t#gallery-1 .gallery-item {\n\t\t\t\tfloat: left;\n\t\t\t\tmargin-top: 10px;\n\t\t\t\ttext-align: center;\n\t\t\t\twidth: 33%;\n\t\t\t}\n\t\t\t#gallery-1 img {\n\t\t\t\tborder: 2px solid #cfcfcf;\n\t\t\t}\n\t\t\t#gallery-1 .gallery-caption {\n\t\t\t\tmargin-left: 0;\n\t\t\t}\n\t\t\t\/* see gallery_shortcode() in wp-includes\/media.php *\/\n\t\t<\/style>\n\t\t<div id='gallery-1' class='gallery galleryid-64584 gallery-columns-3 gallery-size-medium'><dl class='gallery-item'>\n\t\t\t<dt class='gallery-icon portrait'>\n\t\t\t\t<img width=\"536\" height=\"953\" src=\"https:\/\/ecobnb.it\/blog\/app\/uploads\/sites\/2\/2021\/11\/taglio-raso-536x953.jpeg\" class=\"attachment-medium size-medium\" alt=\"taglio a raso del bosco\" aria-describedby=\"gallery-1-64590\" srcset=\"https:\/\/ecobnb.it\/blog\/app\/uploads\/sites\/2\/2021\/11\/taglio-raso-536x953.jpeg 536w, https:\/\/ecobnb.it\/blog\/app\/uploads\/sites\/2\/2021\/11\/taglio-raso-768x1365.jpeg 768w, https:\/\/ecobnb.it\/blog\/app\/uploads\/sites\/2\/2021\/11\/taglio-raso-344x612.jpeg 344w\" sizes=\"(max-width: 536px) 100vw, 536px\" \/>\n\t\t\t<\/dt>\n\t\t\t\t<dd class='wp-caption-text gallery-caption' id='gallery-1-64590'>\n\t\t\t\ttaglio a raso del bosco avvenuto due anni fa\n\t\t\t\t<\/dd><\/dl><dl class='gallery-item'>\n\t\t\t<dt class='gallery-icon portrait'>\n\t\t\t\t<img width=\"536\" height=\"953\" src=\"https:\/\/ecobnb.it\/blog\/app\/uploads\/sites\/2\/2021\/11\/pini-536x953.jpeg\" class=\"attachment-medium size-medium\" alt=\"piantine che stanno ricrescendo\" aria-describedby=\"gallery-1-64591\" srcset=\"https:\/\/ecobnb.it\/blog\/app\/uploads\/sites\/2\/2021\/11\/pini-536x953.jpeg 536w, https:\/\/ecobnb.it\/blog\/app\/uploads\/sites\/2\/2021\/11\/pini-768x1365.jpeg 768w, https:\/\/ecobnb.it\/blog\/app\/uploads\/sites\/2\/2021\/11\/pini-344x612.jpeg 344w\" sizes=\"(max-width: 536px) 100vw, 536px\" \/>\n\t\t\t<\/dt>\n\t\t\t\t<dd class='wp-caption-text gallery-caption' id='gallery-1-64591'>\n\t\t\t\tpiantine che stanno ricrescendo\n\t\t\t\t<\/dd><\/dl><dl class='gallery-item'>\n\t\t\t<dt class='gallery-icon portrait'>\n\t\t\t\t<img width=\"536\" height=\"953\" src=\"https:\/\/ecobnb.it\/blog\/app\/uploads\/sites\/2\/2021\/11\/alberi-536x953.jpeg\" class=\"attachment-medium size-medium\" alt=\"foresta savona\" aria-describedby=\"gallery-1-64592\" srcset=\"https:\/\/ecobnb.it\/blog\/app\/uploads\/sites\/2\/2021\/11\/alberi-536x953.jpeg 536w, https:\/\/ecobnb.it\/blog\/app\/uploads\/sites\/2\/2021\/11\/alberi-768x1365.jpeg 768w, https:\/\/ecobnb.it\/blog\/app\/uploads\/sites\/2\/2021\/11\/alberi-344x612.jpeg 344w\" sizes=\"(max-width: 536px) 100vw, 536px\" \/>\n\t\t\t<\/dt>\n\t\t\t\t<dd class='wp-caption-text gallery-caption' id='gallery-1-64592'>\n\t\t\t\talberi\n\t\t\t\t<\/dd><\/dl><br style=\"clear: both\" \/>\n\t\t<\/div>\n\n<p>Ma il bosco \u00e8 molto pi\u00f9 forte di quanto pensiamo e ha dei tempi completamente diversi dagli esseri umani. Dove erano stati tagliati gli alberi abbiamo seminato alberi autoctoni <strong>piantato specie native<\/strong> <strong>che stanno ricerescendo veloceente.<\/strong>\u00a0<\/p>\n<p><img class=\"alignnone size-large wp-image-74400\" src=\"https:\/\/ecobnb.it\/blog\/app\/uploads\/sites\/2\/2023\/07\/72100086-156f-4807-9024-22abe60cedc3-870x490.jpeg\" alt=\"nuova piantina nella foresta secolare di savona\" width=\"870\" height=\"490\" srcset=\"https:\/\/ecobnb.it\/blog\/app\/uploads\/sites\/2\/2023\/07\/72100086-156f-4807-9024-22abe60cedc3-870x490.jpeg 870w, https:\/\/ecobnb.it\/blog\/app\/uploads\/sites\/2\/2023\/07\/72100086-156f-4807-9024-22abe60cedc3-570x320.jpeg 570w\" sizes=\"(max-width: 870px) 100vw, 870px\" \/><\/p>\n<p>Aceri, querce, carpini, castagni e pini stanno crescendo liberamente per ricreare la biodiversit\u00e0 e la ricchezza ecosistemica della foresta.\u00a0<\/p>\n<p>Ecobnb ha acquistato il terreno per tutelare e far crescere la foresta nei prossimi 50, 100 e 500 anni. Secondo metodi naturali e spontanei, la natura far\u00e0 il suo corso, ed Ecobnb garantir\u00e0 che il bosco non venga tagliato nei secoli a venire.<\/p>\n\n\t\t<style type=\"text\/css\">\n\t\t\t#gallery-2 {\n\t\t\t\tmargin: auto;\n\t\t\t}\n\t\t\t#gallery-2 .gallery-item {\n\t\t\t\tfloat: left;\n\t\t\t\tmargin-top: 10px;\n\t\t\t\ttext-align: center;\n\t\t\t\twidth: 33%;\n\t\t\t}\n\t\t\t#gallery-2 img {\n\t\t\t\tborder: 2px solid #cfcfcf;\n\t\t\t}\n\t\t\t#gallery-2 .gallery-caption {\n\t\t\t\tmargin-left: 0;\n\t\t\t}\n\t\t\t\/* see gallery_shortcode() in wp-includes\/media.php *\/\n\t\t<\/style>\n\t\t<div id='gallery-2' class='gallery galleryid-64584 gallery-columns-3 gallery-size-thumbnail'><dl class='gallery-item'>\n\t\t\t<dt class='gallery-icon landscape'>\n\t\t\t\t<img width=\"270\" height=\"200\" src=\"https:\/\/ecobnb.it\/blog\/app\/uploads\/sites\/2\/2023\/07\/a3fcd21e-60a9-4874-9123-54a788c340a3-270x200.jpeg\" class=\"attachment-thumbnail size-thumbnail\" alt=\"rigenerazione di una foresta in Italia\" \/>\n\t\t\t<\/dt><\/dl><dl class='gallery-item'>\n\t\t\t<dt class='gallery-icon landscape'>\n\t\t\t\t<img width=\"270\" height=\"200\" src=\"https:\/\/ecobnb.it\/blog\/app\/uploads\/sites\/2\/2023\/07\/WhatsApp-Image-2023-07-08-at-17.19.46-1-270x200.jpeg\" class=\"attachment-thumbnail size-thumbnail\" alt=\"piantina nel bosco di Savona\" \/>\n\t\t\t<\/dt><\/dl><dl class='gallery-item'>\n\t\t\t<dt class='gallery-icon landscape'>\n\t\t\t\t<img width=\"270\" height=\"200\" src=\"https:\/\/ecobnb.it\/blog\/app\/uploads\/sites\/2\/2023\/07\/c8e10698-2464-4da3-9a0d-0851cd780095-270x200.jpeg\" class=\"attachment-thumbnail size-thumbnail\" alt=\"piantina nel bosco di Savona\" \/>\n\t\t\t<\/dt><\/dl><br style=\"clear: both\" \/>\n\t\t<\/div>\n\n<p>Vogliamo fare in modo, che come la foresta di Savona, anche altre decine di migliaia di mq di foreste possano crescere con i loro tempi e diventare <strong>foreste secolari<\/strong>, proprio qui, nel nostro paese.<\/p>\n<p>\u00c8 un progetto che va oltre il nostro arco di vita ma che \u00e8 fondamentale per la sostenibilit\u00e0 e per contrastare i cambiamenti climatici, come dono alle <strong>future generazioni<\/strong>.<\/p>\n<h2>Come sta crescendo la foresta<\/h2>\n<div id=\"attachment_74441\" class=\"thumbnail alignnone\"><img class=\"wp-image-74441 size-large\" src=\"https:\/\/ecobnb.it\/blog\/app\/uploads\/sites\/2\/2023\/07\/foresta-ecobnb-870x490.jpg\" alt=\"foresta di savona nel 2021 e nel 2023\" width=\"870\" height=\"490\" srcset=\"https:\/\/ecobnb.it\/blog\/app\/uploads\/sites\/2\/2023\/07\/foresta-ecobnb.jpg 870w, https:\/\/ecobnb.it\/blog\/app\/uploads\/sites\/2\/2023\/07\/foresta-ecobnb-536x302.jpg 536w, https:\/\/ecobnb.it\/blog\/app\/uploads\/sites\/2\/2023\/07\/foresta-ecobnb-768x433.jpg 768w, https:\/\/ecobnb.it\/blog\/app\/uploads\/sites\/2\/2023\/07\/foresta-ecobnb-570x320.jpg 570w, https:\/\/ecobnb.it\/blog\/app\/uploads\/sites\/2\/2023\/07\/foresta-ecobnb-344x194.jpg 344w\" sizes=\"(max-width: 870px) 100vw, 870px\" \/><div class=\"caption\">\u00a0Come sta crescendo la foresta, foto del 2022 (a sinistra) e del 2023 (a destra)<\/div><\/div>\n<p>Dopo circa un anno il bosco in provincia di Savona \u00e8 cresciuto tantissimo.\u00a0Le <strong>nuove piantine<\/strong> sono molto robuste, perch\u00e8 nate da semi o polloni autoctoni e stanno crescendo a vista d&#8217;occhio.<\/p>\n<p>Migliaia di piantine di quercia, pino, frassino, castagno, roverella, acero, nocciolo, sorbo, stanno crescendo nel bosco. La macchia verde, che prima era pi\u00f9 rada, oggi \u00e8 diventata pi\u00f9 folta e selvaggia, quasi difficile da attraversare.<\/p>\n<p><img class=\"alignnone size-large wp-image-74449\" src=\"https:\/\/ecobnb.it\/blog\/app\/uploads\/sites\/2\/2023\/07\/farfalla-870x490.png\" alt=\"farfalla nel bosco di savona\" width=\"870\" height=\"490\" srcset=\"https:\/\/ecobnb.it\/blog\/app\/uploads\/sites\/2\/2023\/07\/farfalla.png 870w, https:\/\/ecobnb.it\/blog\/app\/uploads\/sites\/2\/2023\/07\/farfalla-536x302.png 536w, https:\/\/ecobnb.it\/blog\/app\/uploads\/sites\/2\/2023\/07\/farfalla-768x433.png 768w, https:\/\/ecobnb.it\/blog\/app\/uploads\/sites\/2\/2023\/07\/farfalla-570x320.png 570w, https:\/\/ecobnb.it\/blog\/app\/uploads\/sites\/2\/2023\/07\/farfalla-344x194.png 344w\" sizes=\"(max-width: 870px) 100vw, 870px\" \/><\/p>\n<p>La rinascita del bosco e della sua <strong>biodiversit\u00e0<\/strong> \u00e8 dimostata dai tanti rumori di vita degli uccelli, dai tantissimi insetti, in particolare api, farfalle e libellule, che lo abitano.<\/p>\n<h2>Vuoi partecipare al progetto?<\/h2>\n<p>Vuoi partecipare al progetto di creazione di foreste secolari in Italia? Acquista o regala una gift-card foreste. Insieme faremo crescere habitat naturali belli e diversificati, e creeremo foreste secolari in Italia. Oltre a migliorare la biodiversit\u00e0 e la qualit\u00e0 dell\u2019aria, possiamo in questo modo garantire la sopravvivenza della fauna selvatica, e contribuire a combattere il cambiamento climatico.<\/p>\n<p>Il destinatario della giftcard riceve le coordinate della foresta che sta contribuendo a far crescere e un certificato con il suo nome.<\/p>\n<p>Scopri come fare <strong><a href=\"https:\/\/ecobnb.it\/blog\/regala-foresta-gift-card\/\" target=\"_blank\" rel=\"noopener\">seguendo questo link<\/a><\/strong>!\u00a0<\/p>\n<p>In pochi click puoi <a href=\"https:\/\/ecobnb.it\/acquista-giftcard-foresta\" target=\"_blank\" rel=\"noopener\"><strong>comporre la tua carta regalo<\/strong><\/a> e riceverla via email.<\/p>\n<p><a href=\"https:\/\/ecobnb.it\/acquista-giftcard-foresta\"><img class=\"alignnone wp-image-64502 size-full\" src=\"https:\/\/ecobnb.it\/blog\/app\/uploads\/sites\/2\/2021\/11\/Regala_una_Foresta.jpg\" alt=\"Le Gift Card Regala una Foresta\" width=\"870\" height=\"490\" srcset=\"https:\/\/ecobnb.it\/blog\/app\/uploads\/sites\/2\/2021\/11\/Regala_una_Foresta.jpg 870w, https:\/\/ecobnb.it\/blog\/app\/uploads\/sites\/2\/2021\/11\/Regala_una_Foresta-536x302.jpg 536w, https:\/\/ecobnb.it\/blog\/app\/uploads\/sites\/2\/2021\/11\/Regala_una_Foresta-768x433.jpg 768w, https:\/\/ecobnb.it\/blog\/app\/uploads\/sites\/2\/2021\/11\/Regala_una_Foresta-570x320.jpg 570w, https:\/\/ecobnb.it\/blog\/app\/uploads\/sites\/2\/2021\/11\/Regala_una_Foresta-344x194.jpg 344w\" sizes=\"(max-width: 870px) 100vw, 870px\" \/><\/a><\/p>\n<h2>Chi sta contribuendo a questo progetto<\/h2>\n<p>Un grande ringraziamento va a chi sta rendendo possibile questa iniziativa:<\/p>\n<h3>CONTRIBUTORI PRINCIPALI<\/h3>\n<ul>\n<li><strong>Tonkita We Like Green e Arix We Like Green\u00a0<\/strong>&#8211; 10.000 mq di foresta (550 alberi) &#8211; dal 1 settembre 2021 al 30 agosto 2022<\/li>\n<li><strong>Tonkita We Like Green e Arix We Like Green\u00a0<\/strong>&#8211; 10.000 mq di foresta (550 alberi) &#8211; dal 1 settembre 2022 al 30 agosto 2023<\/li>\n<\/ul>\n<h3>CONTRIBUTORI PRIVATI<\/h3>\n\n\n<figure class=\"wp-block-table\"><table><tbody><tr><td>Nome<\/td><td>Cognome<\/td><td>ID Foresta<\/td><td>Mq Adottati<\/td><\/tr><tr><td>Davide<\/td><td>B.<\/td><td>4,5<\/td><td>50,00 mq<\/td><\/tr><tr><td>Bianca<\/td><td>P.<\/td><td>6<\/td><td>25,00 mq<\/td><\/tr><tr><td>Tatiana<\/td><td>L.<\/td><td>7, 8<\/td><td>50,00 mq<\/td><\/tr><tr><td>Lia<\/td><td>P.<\/td><td>9, 10, 11, 12<\/td><td>100,00 mq<\/td><\/tr><tr><td>Andrea<\/td><td>S.<\/td><td>13, 14, 15, 16<\/td><td>100,00 mq<\/td><\/tr><tr><td>Davide<\/td><td>E.<\/td><td>17, 18, 19, 20<\/td><td>100,00 mq<\/td><\/tr><tr><td>Valeria<\/td><td>E.<\/td><td>21, 22, 23, 24<\/td><td>100,00 mq<\/td><\/tr><tr><td>Angela<\/td><td>E.<\/td><td>25, 26, 27, 28<\/td><td>100,00 mq<\/td><\/tr><tr><td>Silvia<\/td><td>O.<\/td><td>33<\/td><td>25,00 mq<\/td><\/tr><tr><td>Inna<\/td><td>R.<\/td><td>34<\/td><td>25,00 mq<\/td><\/tr><tr><td>Aurelia<\/td><td>S.<\/td><td>42<\/td><td>25,00 mq<\/td><\/tr><tr><td>Matteo e Ludovica<\/td><td>G.<\/td><td>43<\/td><td>25,00 mq<\/td><\/tr><tr><td>Ilenia<\/td><td>S.<\/td><td>44<\/td><td>25,00 mq<\/td><\/tr><tr><td>Cosimo<\/td><td>D.<\/td><td>45, 46<\/td><td>50,00 mq<\/td><\/tr><tr><td>Micheal<\/td><td>D.<\/td><td>47<\/td><td>25,00 mq<\/td><\/tr><tr><td>Domenico<\/td><td>V.<\/td><td>48<\/td><td>25,00 mq<\/td><\/tr><tr><td>Cecilia e Alice<\/td><td>R.<\/td><td>49<\/td><td>25,00 mq<\/td><\/tr><tr><td><\/td><td><\/td><td><\/td><td><\/td><\/tr><tr><td><\/td><td><\/td><td><\/td><td><\/td><\/tr><\/tbody><\/table><\/figure>\n","protected":false},"excerpt":{"rendered":"<p>Vi raccontiamo il nostro progetto per la creazione di boschi secolari in Italia, che inizia dalla foresta di Savona La morte della foresta \u00e8 la fine della nostra vita.\u00a0(Dorothy Stang) Le foreste hanno un fascino unico e racchiudono oltre l&#8217;80% della biodiversit\u00e0 del pianeta terra.\u00a0Nel passato sono state convertite all&#8217;agricoltura, distrutte per essere trasformate in [&hellip;]<\/p>\n","protected":false},"author":3,"featured_media":74438,"parent":0,"menu_order":0,"comment_status":"closed","ping_status":"closed","template":"","meta":[],"acf":[],"yoast_head":"<!-- This site is optimized with the Yoast SEO plugin v19.9 - https:\/\/yoast.com\/wordpress\/plugins\/seo\/ -->\n<title>Foresta di Savona: inizia il progetto delle foreste secolari - Ecobnb<\/title>\n<meta name=\"description\" content=\"Partiamo dalla Foresta di Savona (a Millesimo) per raccontarvi il progetto di Ecobnb che far\u00e0 crescere foreste secolari in Italia\" \/>\n<meta name=\"robots\" content=\"index, follow, max-snippet:-1, max-image-preview:large, max-video-preview:-1\" \/>\n<link rel=\"canonical\" href=\"https:\/\/ecobnb.it\/blog\/foresta-savona\/\" \/>\n<meta property=\"og:locale\" content=\"it_IT\" \/>\n<meta property=\"og:type\" content=\"article\" \/>\n<meta property=\"og:title\" content=\"Foresta di Savona: inizia il progetto delle foreste secolari - Ecobnb\" \/>\n<meta property=\"og:description\" content=\"Partiamo dalla Foresta di Savona (a Millesimo) per raccontarvi il progetto di Ecobnb che far\u00e0 crescere foreste secolari in Italia\" \/>\n<meta property=\"og:url\" content=\"https:\/\/ecobnb.it\/blog\/foresta-savona\/\" \/>\n<meta property=\"og:site_name\" content=\"Ecobnb\" \/>\n<meta property=\"article:publisher\" content=\"https:\/\/www.facebook.com\/viaggiverdi\" \/>\n<meta property=\"article:modified_time\" content=\"2023-11-28T11:40:06+00:00\" \/>\n<meta property=\"og:image\" content=\"https:\/\/ecobnb.it\/blog\/app\/uploads\/sites\/2\/2023\/07\/foresta-di-savona.jpg\" \/>\n\t<meta property=\"og:image:width\" content=\"1170\" \/>\n\t<meta property=\"og:image:height\" content=\"490\" \/>\n\t<meta property=\"og:image:type\" content=\"image\/jpeg\" \/>\n<meta name=\"twitter:label1\" content=\"Est. reading time\" \/>\n\t<meta name=\"twitter:data1\" content=\"7 minutes\" \/>\n<!-- \/ Yoast SEO plugin. -->","yoast_head_json":{"title":"Foresta di Savona: inizia il progetto delle foreste secolari - Ecobnb","description":"Partiamo dalla Foresta di Savona (a Millesimo) per raccontarvi il progetto di Ecobnb che far\u00e0 crescere foreste secolari in Italia","robots":{"index":"index","follow":"follow","max-snippet":"max-snippet:-1","max-image-preview":"max-image-preview:large","max-video-preview":"max-video-preview:-1"},"canonical":"https:\/\/ecobnb.it\/blog\/foresta-savona\/","og_locale":"it_IT","og_type":"article","og_title":"Foresta di Savona: inizia il progetto delle foreste secolari - Ecobnb","og_description":"Partiamo dalla Foresta di Savona (a Millesimo) per raccontarvi il progetto di Ecobnb che far\u00e0 crescere foreste secolari in Italia","og_url":"https:\/\/ecobnb.it\/blog\/foresta-savona\/","og_site_name":"Ecobnb","article_publisher":"https:\/\/www.facebook.com\/viaggiverdi","article_modified_time":"2023-11-28T11:40:06+00:00","og_image":[{"width":1170,"height":490,"url":"https:\/\/ecobnb.it\/blog\/app\/uploads\/sites\/2\/2023\/07\/foresta-di-savona.jpg","type":"image\/jpeg"}],"twitter_misc":{"Est. reading time":"7 minutes"},"schema":{"@context":"https:\/\/schema.org","@graph":[{"@type":"WebPage","@id":"https:\/\/ecobnb.it\/blog\/foresta-savona\/","url":"https:\/\/ecobnb.it\/blog\/foresta-savona\/","name":"Foresta di Savona: inizia il progetto delle foreste secolari - Ecobnb","isPartOf":{"@id":"https:\/\/ecobnb.it\/blog\/#website"},"datePublished":"2021-11-24T07:47:02+00:00","dateModified":"2023-11-28T11:40:06+00:00","description":"Partiamo dalla Foresta di Savona (a Millesimo) per raccontarvi il progetto di Ecobnb che far\u00e0 crescere foreste secolari in Italia","inLanguage":"it-IT","potentialAction":[{"@type":"ReadAction","target":["https:\/\/ecobnb.it\/blog\/foresta-savona\/"]}]},{"@type":"WebSite","@id":"https:\/\/ecobnb.it\/blog\/#website","url":"https:\/\/ecobnb.it\/blog\/","name":"Ecobnb","description":"Trova il tuo Alloggio Ecosostenibile","publisher":{"@id":"https:\/\/ecobnb.it\/blog\/#organization"},"potentialAction":[{"@type":"SearchAction","target":{"@type":"EntryPoint","urlTemplate":"https:\/\/ecobnb.it\/blog\/?s={search_term_string}"},"query-input":"required name=search_term_string"}],"inLanguage":"it-IT"},{"@type":"Organization","@id":"https:\/\/ecobnb.it\/blog\/#organization","name":"Ecobnb","url":"https:\/\/ecobnb.it\/blog\/","logo":{"@type":"ImageObject","inLanguage":"it-IT","@id":"https:\/\/ecobnb.it\/blog\/#\/schema\/logo\/image\/","url":"https:\/\/ecobnb.it\/blog\/app\/uploads\/sites\/2\/2016\/03\/logo_transparent_512x512.png","contentUrl":"https:\/\/ecobnb.it\/blog\/app\/uploads\/sites\/2\/2016\/03\/logo_transparent_512x512.png","width":512,"height":512,"caption":"Ecobnb"},"image":{"@id":"https:\/\/ecobnb.it\/blog\/#\/schema\/logo\/image\/"},"sameAs":["https:\/\/www.facebook.com\/viaggiverdi"]}]}},"_links":{"self":[{"href":"https:\/\/ecobnb.it\/blog\/wp-json\/wp\/v2\/pages\/64584"}],"collection":[{"href":"https:\/\/ecobnb.it\/blog\/wp-json\/wp\/v2\/pages"}],"about":[{"href":"https:\/\/ecobnb.it\/blog\/wp-json\/wp\/v2\/types\/page"}],"author":[{"embeddable":true,"href":"https:\/\/ecobnb.it\/blog\/wp-json\/wp\/v2\/users\/3"}],"replies":[{"embeddable":true,"href":"https:\/\/ecobnb.it\/blog\/wp-json\/wp\/v2\/comments?post=64584"}],"version-history":[{"count":40,"href":"https:\/\/ecobnb.it\/blog\/wp-json\/wp\/v2\/pages\/64584\/revisions"}],"predecessor-version":[{"id":77072,"href":"https:\/\/ecobnb.it\/blog\/wp-json\/wp\/v2\/pages\/64584\/revisions\/77072"}],"wp:featuredmedia":[{"embeddable":true,"href":"https:\/\/ecobnb.it\/blog\/wp-json\/wp\/v2\/media\/74438"}],"wp:attachment":[{"href":"https:\/\/ecobnb.it\/blog\/wp-json\/wp\/v2\/media?parent=64584"}],"curies":[{"name":"wp","href":"https:\/\/api.w.org\/{rel}","templated":true}]}}