{"id":64500,"date":"2021-11-24T08:03:55","date_gmt":"2021-11-24T07:03:55","guid":{"rendered":"https:\/\/ecobnb.it\/blog\/?page_id=64500"},"modified":"2021-12-03T18:21:46","modified_gmt":"2021-12-03T17:21:46","slug":"regala-foresta-gift-card","status":"publish","type":"page","link":"https:\/\/ecobnb.it\/blog\/regala-foresta-gift-card\/","title":{"rendered":"Regala una Foresta: la Gift Card per custodire foreste secolari"},"content":{"rendered":"<p>Un gesto d&#8217;<strong>amore<\/strong>, un atto di <strong>speranza<\/strong>, un modo per prendersi cura degli altri, del futuro, del pianeta. Un <strong>regalo<\/strong> <strong>originale<\/strong> ed <strong>ecologico<\/strong>. Pu\u00f2 un albero e in particolare, piantare e custodire una foresta, rappresentare tutto questo? Noi di Ecobnb ne siamo convinti ed \u00e8 per questo che abbiamo deciso di creare con la nostra community le <strong>foreste del futuro<\/strong>. &#8220;<em>Regala una foresta<\/em>&#8221; \u00e8 la giftcard per partecipare a questo progetto.<\/p>\n<p><img class=\"alignnone size-full wp-image-64504\" src=\"https:\/\/ecobnb.it\/blog\/app\/uploads\/sites\/2\/2021\/11\/foto-870x490-86.png\" alt=\"Regala una foresta con Ecobnb\" width=\"870\" height=\"490\" srcset=\"https:\/\/ecobnb.it\/blog\/app\/uploads\/sites\/2\/2021\/11\/foto-870x490-86.png 870w, https:\/\/ecobnb.it\/blog\/app\/uploads\/sites\/2\/2021\/11\/foto-870x490-86-536x302.png 536w, https:\/\/ecobnb.it\/blog\/app\/uploads\/sites\/2\/2021\/11\/foto-870x490-86-768x433.png 768w, https:\/\/ecobnb.it\/blog\/app\/uploads\/sites\/2\/2021\/11\/foto-870x490-86-570x320.png 570w, https:\/\/ecobnb.it\/blog\/app\/uploads\/sites\/2\/2021\/11\/foto-870x490-86-344x194.png 344w\" sizes=\"(max-width: 870px) 100vw, 870px\" \/><\/p>\n<p>Puoi partecipare a questo grande progetto e\u00a0<strong>regalare una foresta<\/strong> alle persone pi\u00f9 care, ai tuoi colleghi e ai tuoi parenti: tutti insieme pianteremo rigogliosi boschi in <strong>Italia<\/strong>, contribuendo cos\u00ec alla salvaguardia dell&#8217;ambiente e della biodiversit\u00e0 del nostro Paese. Farlo \u00e8 semplicissimo: con pochi click potrai acquistare le nostre <strong>Gift Card Regala una Foresta<\/strong>, scegliendo tu l&#8217;importo e personalizzandola con un messaggio. Una volta riscattato il codice della Gift Card, il destinatario ricever\u00e0 le <strong>coordinate GPS<\/strong> del bosco che sta contribuendo a far crescere insieme a un <strong>certificato<\/strong> con il suo nome.<\/p>\n<h2>Perch\u00e9 regalare una foresta?<\/h2>\n<p><a href=\"https:\/\/ecobnb.it\/acquista-giftcard-foresta\"><img class=\"alignnone wp-image-64502 size-full\" src=\"https:\/\/ecobnb.it\/blog\/app\/uploads\/sites\/2\/2021\/11\/Regala_una_Foresta.jpg\" alt=\"Le Gift Card Regala una Foresta\" width=\"870\" height=\"490\" srcset=\"https:\/\/ecobnb.it\/blog\/app\/uploads\/sites\/2\/2021\/11\/Regala_una_Foresta.jpg 870w, https:\/\/ecobnb.it\/blog\/app\/uploads\/sites\/2\/2021\/11\/Regala_una_Foresta-536x302.jpg 536w, https:\/\/ecobnb.it\/blog\/app\/uploads\/sites\/2\/2021\/11\/Regala_una_Foresta-768x433.jpg 768w, https:\/\/ecobnb.it\/blog\/app\/uploads\/sites\/2\/2021\/11\/Regala_una_Foresta-570x320.jpg 570w, https:\/\/ecobnb.it\/blog\/app\/uploads\/sites\/2\/2021\/11\/Regala_una_Foresta-344x194.jpg 344w\" sizes=\"(max-width: 870px) 100vw, 870px\" \/><\/a><\/p>\n<p>La nostra <a href=\"https:\/\/ecobnb.it\/acquista-giftcard-foresta\" target=\"_blank\" rel=\"noopener\"><strong>Gift Card Regala una Foresta<\/strong><\/a> \u00e8 sicuramente un pensiero originale per le persone a te care, ma soprattutto \u00e8 un dono che tu e il destinatario fate al Pianeta e alle <strong>future generazioni<\/strong>.<\/p>\n<p>Gli alberi e le foreste rappresentano uno <strong>strumento potente<\/strong> e <strong>naturale<\/strong> per <strong>proteggere<\/strong> noi e la <strong>natura<\/strong> stessa. Le foreste infatti:<\/p>\n<ul>\n<li>forniscono <strong>ossigeno<\/strong>, fondamentale alla nostra esistenza<\/li>\n<li><strong>combattono il cambiamento climatico<\/strong> assorbendo l\u2019anidride carbonica<\/li>\n<li>puliscono l\u2019aria<\/li>\n<li>migliorano la termoregolazione dell\u2019ambiente e il clima<\/li>\n<li>conservano l\u2019acqua e prevengono l\u2019inquinamento idrico<\/li>\n<li>garantiscono la <strong>biodiversit\u00e0<\/strong><\/li>\n<li>favoriscono il nostro benessere<\/li>\n<li>contrastano l\u2019erosione del terreno.<\/li>\n<\/ul>\n<h2>Le foreste secolari di Ecobnb<\/h2>\n<p><img class=\"alignnone size-full wp-image-64505\" src=\"https:\/\/ecobnb.it\/blog\/app\/uploads\/sites\/2\/2021\/11\/foto-870x490-87.png\" alt=\"Il progetto di Ecobnb per custodire foreste secolari\" width=\"870\" height=\"490\" srcset=\"https:\/\/ecobnb.it\/blog\/app\/uploads\/sites\/2\/2021\/11\/foto-870x490-87.png 870w, https:\/\/ecobnb.it\/blog\/app\/uploads\/sites\/2\/2021\/11\/foto-870x490-87-536x302.png 536w, https:\/\/ecobnb.it\/blog\/app\/uploads\/sites\/2\/2021\/11\/foto-870x490-87-768x433.png 768w, https:\/\/ecobnb.it\/blog\/app\/uploads\/sites\/2\/2021\/11\/foto-870x490-87-570x320.png 570w, https:\/\/ecobnb.it\/blog\/app\/uploads\/sites\/2\/2021\/11\/foto-870x490-87-344x194.png 344w\" sizes=\"(max-width: 870px) 100vw, 870px\" \/><\/p>\n<p>Con le <a href=\"https:\/\/ecobnb.it\/acquista-giftcard-foresta\" target=\"_blank\" rel=\"noopener\"><strong>Gift Card Regala una Foresta<\/strong><\/a> prendi parte al progetto di Ecobnb con cui intendiamo <strong>realizzare e custodire delle foreste secolari in Italia<\/strong>. Perch\u00e9 solo in Italia? Abbiamo scelto di portare avanti un&#8217;iniziativa locale perch\u00e9 ci permette di <strong>controllare<\/strong> meglio la crescita delle foreste e di <strong>arricchire<\/strong> il nostro paese in termini di <strong>aria pulita<\/strong>, <strong>biodiversit\u00e0<\/strong> e paesaggio. Sapevi infatti che in Italia le foreste secolari sono pochissime? Quando gli alberi raggiungono il diametro di 25-30 cm, sono pronti per essere &#8220;valorizzati&#8221; e perci\u00f2 tagliati. Ai boschi non viene quindi dato il tempo di crescere e creare un intero <strong>ecosistema<\/strong> ricco di <strong>biodiversit\u00e0<\/strong> in cui vegetali e animali vivono in perfetta simbiosi.<\/p>\n<p>Con il tuo regalo ci aiuterai a far fronte ai costi della piantumazione e della tutela degli alberi: ci occuperemo infatti di <strong>acquisire terreni<\/strong> scegliendo fra <strong>luoghi danneggiati<\/strong> o a <strong>rischio taglio<\/strong> e a <strong>far crescere<\/strong> il bosco secondo <strong>metodi naturali<\/strong> e <strong>spontanei,<\/strong> garantendo che esso non verr\u00e0 <strong>mai<\/strong> <strong>tagliato<\/strong>.<\/p>\n<h2>Il regalo giusto per ogni occasione<\/h2>\n<p><a href=\"https:\/\/ecobnb.it\/acquista-giftcard-foresta\" target=\"_blank\" rel=\"noopener\"><img class=\"alignnone wp-image-64503 size-medium\" src=\"https:\/\/ecobnb.it\/blog\/app\/uploads\/sites\/2\/2021\/11\/regala_una_foresta_card-e1638517033455-536x325.png\" alt=\"Regalo ecologico e last minute\" width=\"536\" height=\"325\" srcset=\"https:\/\/ecobnb.it\/blog\/app\/uploads\/sites\/2\/2021\/11\/regala_una_foresta_card-e1638517033455-536x325.png 536w, https:\/\/ecobnb.it\/blog\/app\/uploads\/sites\/2\/2021\/11\/regala_una_foresta_card-e1638517033455-768x466.png 768w, https:\/\/ecobnb.it\/blog\/app\/uploads\/sites\/2\/2021\/11\/regala_una_foresta_card-e1638517033455-344x209.png 344w, https:\/\/ecobnb.it\/blog\/app\/uploads\/sites\/2\/2021\/11\/regala_una_foresta_card-e1638517033455.png 804w\" sizes=\"(max-width: 536px) 100vw, 536px\" \/><\/a><\/p>\n<p>Che sia per questo <strong>Natale<\/strong> o per un <strong>compleanno<\/strong>, regalare una foresta \u00e8 sempre <strong>un&#8217;idea originale<\/strong> e sicuramente apprezzata. <a href=\"https:\/\/ecobnb.it\/acquista-giftcard-foresta\" target=\"_blank\" rel=\"noopener\"><strong>Bastano pochi click<\/strong><\/a>\u00a0e potrai contribuire alla conservazione di <strong>alcuni mq di ecosistema in ricostruzione<\/strong> che ospiter\u00e0 per secoli alberi ad alto fusto come castagni, roverella, frassini, pini, aceri, oltre a piante erbacee e cespugli. Il tutto a nome del destinatario, che ricever\u00e0 un certificato e le coordinate coordinate GPS del bosco che state salvando insieme a noi.<\/p>\n<h2>Fai crescere con noi le foreste del futuro in Italia<\/h2>\n<ul>\n<li>\n<h3><a href=\"https:\/\/ecobnb.it\/blog\/foresta-savona\/\" target=\"_blank\" rel=\"noopener\">La foresta di Millesimo, a Savona<\/a><\/h3>\n<\/li>\n<\/ul>\n<p><img class=\"alignnone size-large wp-image-64594\" src=\"https:\/\/ecobnb.it\/blog\/app\/uploads\/sites\/2\/2021\/11\/foresta-millesimo-savona-bosco-870x490.jpeg\" alt=\"foresta millesimo savona bosco\" width=\"870\" height=\"490\" srcset=\"https:\/\/ecobnb.it\/blog\/app\/uploads\/sites\/2\/2021\/11\/foresta-millesimo-savona-bosco-870x490.jpeg 870w, https:\/\/ecobnb.it\/blog\/app\/uploads\/sites\/2\/2021\/11\/foresta-millesimo-savona-bosco-536x302.jpeg 536w, https:\/\/ecobnb.it\/blog\/app\/uploads\/sites\/2\/2021\/11\/foresta-millesimo-savona-bosco-768x432.jpeg 768w, https:\/\/ecobnb.it\/blog\/app\/uploads\/sites\/2\/2021\/11\/foresta-millesimo-savona-bosco-570x320.jpeg 570w, https:\/\/ecobnb.it\/blog\/app\/uploads\/sites\/2\/2021\/11\/foresta-millesimo-savona-bosco-344x194.jpeg 344w\" sizes=\"(max-width: 870px) 100vw, 870px\" \/><\/p>\n","protected":false},"excerpt":{"rendered":"<p>Un gesto d&#8217;amore, un atto di speranza, un modo per prendersi cura degli altri, del futuro, del pianeta. Un regalo originale ed ecologico. Pu\u00f2 un albero e in particolare, piantare e custodire una foresta, rappresentare tutto questo? Noi di Ecobnb ne siamo convinti ed \u00e8 per questo che abbiamo deciso di creare con la nostra [&hellip;]<\/p>\n","protected":false},"author":33,"featured_media":64580,"parent":0,"menu_order":0,"comment_status":"closed","ping_status":"closed","template":"","meta":[],"acf":[],"yoast_head":"<!-- This site is optimized with the Yoast SEO plugin v19.9 - https:\/\/yoast.com\/wordpress\/plugins\/seo\/ -->\n<title>Regala una Foresta: la Gift Card per custodire foreste secolari - Ecobnb<\/title>\n<meta name=\"description\" content=\"Cerchi un regalo originale, last minute ed ecologico? Scopri le nostre Gift Card Regala una Foresta e realizza con noi le foreste del futuro!\" \/>\n<meta name=\"robots\" content=\"index, follow, max-snippet:-1, max-image-preview:large, max-video-preview:-1\" \/>\n<link rel=\"canonical\" href=\"https:\/\/ecobnb.it\/blog\/regala-foresta-gift-card\/\" \/>\n<meta property=\"og:locale\" content=\"it_IT\" \/>\n<meta property=\"og:type\" content=\"article\" \/>\n<meta property=\"og:title\" content=\"Regala una Foresta: la Gift Card per custodire foreste secolari - Ecobnb\" \/>\n<meta property=\"og:description\" content=\"Cerchi un regalo originale, last minute ed ecologico? Scopri le nostre Gift Card Regala una Foresta e realizza con noi le foreste del futuro!\" \/>\n<meta property=\"og:url\" content=\"https:\/\/ecobnb.it\/blog\/regala-foresta-gift-card\/\" \/>\n<meta property=\"og:site_name\" content=\"Ecobnb\" \/>\n<meta property=\"article:publisher\" content=\"https:\/\/www.facebook.com\/viaggiverdi\" \/>\n<meta property=\"article:modified_time\" content=\"2021-12-03T17:21:46+00:00\" \/>\n<meta property=\"og:image\" content=\"https:\/\/ecobnb.it\/blog\/app\/uploads\/sites\/2\/2021\/11\/alberi.jpg\" \/>\n\t<meta property=\"og:image:width\" content=\"1170\" \/>\n\t<meta property=\"og:image:height\" content=\"490\" \/>\n\t<meta property=\"og:image:type\" content=\"image\/jpeg\" \/>\n<meta name=\"twitter:label1\" content=\"Est. reading time\" \/>\n\t<meta name=\"twitter:data1\" content=\"3 minutes\" \/>\n<!-- \/ Yoast SEO plugin. -->","yoast_head_json":{"title":"Regala una Foresta: la Gift Card per custodire foreste secolari - Ecobnb","description":"Cerchi un regalo originale, last minute ed ecologico? Scopri le nostre Gift Card Regala una Foresta e realizza con noi le foreste del futuro!","robots":{"index":"index","follow":"follow","max-snippet":"max-snippet:-1","max-image-preview":"max-image-preview:large","max-video-preview":"max-video-preview:-1"},"canonical":"https:\/\/ecobnb.it\/blog\/regala-foresta-gift-card\/","og_locale":"it_IT","og_type":"article","og_title":"Regala una Foresta: la Gift Card per custodire foreste secolari - Ecobnb","og_description":"Cerchi un regalo originale, last minute ed ecologico? Scopri le nostre Gift Card Regala una Foresta e realizza con noi le foreste del futuro!","og_url":"https:\/\/ecobnb.it\/blog\/regala-foresta-gift-card\/","og_site_name":"Ecobnb","article_publisher":"https:\/\/www.facebook.com\/viaggiverdi","article_modified_time":"2021-12-03T17:21:46+00:00","og_image":[{"width":1170,"height":490,"url":"https:\/\/ecobnb.it\/blog\/app\/uploads\/sites\/2\/2021\/11\/alberi.jpg","type":"image\/jpeg"}],"twitter_misc":{"Est. reading time":"3 minutes"},"schema":{"@context":"https:\/\/schema.org","@graph":[{"@type":"WebPage","@id":"https:\/\/ecobnb.it\/blog\/regala-foresta-gift-card\/","url":"https:\/\/ecobnb.it\/blog\/regala-foresta-gift-card\/","name":"Regala una Foresta: la Gift Card per custodire foreste secolari - Ecobnb","isPartOf":{"@id":"https:\/\/ecobnb.it\/blog\/#website"},"datePublished":"2021-11-24T07:03:55+00:00","dateModified":"2021-12-03T17:21:46+00:00","description":"Cerchi un regalo originale, last minute ed ecologico? Scopri le nostre Gift Card Regala una Foresta e realizza con noi le foreste del futuro!","inLanguage":"it-IT","potentialAction":[{"@type":"ReadAction","target":["https:\/\/ecobnb.it\/blog\/regala-foresta-gift-card\/"]}]},{"@type":"WebSite","@id":"https:\/\/ecobnb.it\/blog\/#website","url":"https:\/\/ecobnb.it\/blog\/","name":"Ecobnb","description":"Trova il tuo Alloggio Ecosostenibile","publisher":{"@id":"https:\/\/ecobnb.it\/blog\/#organization"},"potentialAction":[{"@type":"SearchAction","target":{"@type":"EntryPoint","urlTemplate":"https:\/\/ecobnb.it\/blog\/?s={search_term_string}"},"query-input":"required name=search_term_string"}],"inLanguage":"it-IT"},{"@type":"Organization","@id":"https:\/\/ecobnb.it\/blog\/#organization","name":"Ecobnb","url":"https:\/\/ecobnb.it\/blog\/","logo":{"@type":"ImageObject","inLanguage":"it-IT","@id":"https:\/\/ecobnb.it\/blog\/#\/schema\/logo\/image\/","url":"https:\/\/ecobnb.it\/blog\/app\/uploads\/sites\/2\/2016\/03\/logo_transparent_512x512.png","contentUrl":"https:\/\/ecobnb.it\/blog\/app\/uploads\/sites\/2\/2016\/03\/logo_transparent_512x512.png","width":512,"height":512,"caption":"Ecobnb"},"image":{"@id":"https:\/\/ecobnb.it\/blog\/#\/schema\/logo\/image\/"},"sameAs":["https:\/\/www.facebook.com\/viaggiverdi"]}]}},"_links":{"self":[{"href":"https:\/\/ecobnb.it\/blog\/wp-json\/wp\/v2\/pages\/64500"}],"collection":[{"href":"https:\/\/ecobnb.it\/blog\/wp-json\/wp\/v2\/pages"}],"about":[{"href":"https:\/\/ecobnb.it\/blog\/wp-json\/wp\/v2\/types\/page"}],"author":[{"embeddable":true,"href":"https:\/\/ecobnb.it\/blog\/wp-json\/wp\/v2\/users\/33"}],"replies":[{"embeddable":true,"href":"https:\/\/ecobnb.it\/blog\/wp-json\/wp\/v2\/comments?post=64500"}],"version-history":[{"count":9,"href":"https:\/\/ecobnb.it\/blog\/wp-json\/wp\/v2\/pages\/64500\/revisions"}],"predecessor-version":[{"id":64784,"href":"https:\/\/ecobnb.it\/blog\/wp-json\/wp\/v2\/pages\/64500\/revisions\/64784"}],"wp:featuredmedia":[{"embeddable":true,"href":"https:\/\/ecobnb.it\/blog\/wp-json\/wp\/v2\/media\/64580"}],"wp:attachment":[{"href":"https:\/\/ecobnb.it\/blog\/wp-json\/wp\/v2\/media?parent=64500"}],"curies":[{"name":"wp","href":"https:\/\/api.w.org\/{rel}","templated":true}]}}