{"id":6386,"date":"2014-02-19T10:53:32","date_gmt":"2014-02-19T10:53:32","guid":{"rendered":"http:\/\/blog.viaggiverdi.it\/?page_id=6386"},"modified":"2024-11-19T15:26:41","modified_gmt":"2024-11-19T14:26:41","slug":"riccione-green-week","status":"publish","type":"page","link":"https:\/\/ecobnb.it\/blog\/eventi\/riccione-green-week\/","title":{"rendered":"Riccione Green Week, 25-31 Agosto 2014"},"content":{"rendered":"<h3>Musica, ecologia, e altre magnifiche avventure&#8230;\u00a0a Riccione, con RadioImmaginaria e ViaggiVerdi<\/h3>\n<h4>I ragazzi<\/h4>\n<p>Saranno i grandi protagonisti di Green Week a Riccione: passare una settimana sperimentando nuove risorse energetiche, conoscere scrittori, attori, cantanti, giornalisti e lavorare tutti insieme scoprendo i segreti dell\u2019ecologia.<\/p>\n<h4>Un\u2019avventura zero emissioni!<\/h4>\n<p>Si arriva a Riccione viaggiando su un treno speciale: una carrozza con ospiti importanti che ci parleranno di musica, sostenibilit\u00e0, viaggi insoliti e cibi a kilometro zero. Ma i pi\u00f9 intrepidi potranno scegliere di viaggiare in bici o in barca a vela, spinti dalla forza del vento e navigando solo con il rumore del mare.<\/p>\n<h4>Hotel Eco-friendly<\/h4>\n<p>Uno stuzzicante spuntino biologico e a km0 vi dar\u00e0 il benvenuto a Riccione, nel bellissimo hotel eco-sostenibile che vi ospiter\u00e0 per una settimana, offrendovi colazione biologica e cena o pranzo con prodotti tipici locali e specialit\u00e0 dell\u2019Adriatico, oltre alla possibilit\u00e0 di utilizzare gratuitamente le sue biciclette, per muoversi in modo ecologico a Riccione.<\/p>\n<h4>Tra Spiaggia e Natura<\/h4>\n<p>Riccione vi accoglier\u00e0 con le sue famose spiagge attrezzate, per fare sport acquatici, nuotare, divertirvi e godere di tanti servizi: palestre, piscine, campi da gioco. In pi\u00f9 aree benessere circondate da palme, sabbia e cespugli di rosmarino, dove ritrovare il proprio tempo, e ascoltare il rumore delle onde comodamente sdraiati sul lettino. E a pochi chilometri da qui, fantastici itinerari da percorrere in bicicletta alla scoperta dei paesaggi e delle meraviglie dell\u2019entroterra&#8230;<\/p>\n<h4>Eventi e itinerari Green<\/h4>\n<p>Green \u00e8 la parola d\u2019ordine per scoprire il gusto di divertirsi rispettando l\u2019ambiente, conoscere tutti i segreti per vivere senza consumare le risorse del nostro pianeta. Esperimenti e giochi giorno e notte: musica acustica e concerti a impatto zero. E ancora racconti e storie di scrittori, viaggiatori, giornalisti ed esperti di ecologia e ambiente.<\/p>\n<h4>E i grandi?<\/h4>\n<p>Impareranno le ricette della cucina tradizionale romagnola, o come produrre detergenti ecologici fatti in casa o risparmiare energia e vivere sostenibile, si divertiranno con il nordic walking sul mare, o semplicemente si rilasseranno al sole.<\/p>\n<h4><span style=\"font-size: 1em; line-height: 1.5em;\">La vostra vacanza, a partire da 435\u20ac<\/span><\/h4>\n<p>a persona, comprensivo di: pernottamento in hotel ecofriendly, colazione biologica, cena (o pranzo) a base di prodotti tipici e a km zero, ombrellone e lettini sull\u2019eco-spiaggia, partecipazione ad incontri ed eventi, uso delle biciclette.<\/p>\n<h3>CHI SIAMO?<\/h3>\n<h4>Radioimmaginaria<\/h4>\n<p>E\u2019 la prima web radio di adolescenti in Italia: una radio tenuta e diretta da ragazzini. La voce degli adolescenti lanciata verso i coetanei di tutto il mondo per generare una rete di interessi comuni e commentare quello che succede nel mondo attraverso un nuovo sguardo. Radio Immaginaria e&#8217; un&#8217;antenna puntata in alto pronta a ricevere e trasmettere i segnali del mondo che verr\u00e0.<\/p>\n<h4>ViaggiVerdi<\/h4>\n<p>E\u2019 la community dedicata al Turismo Sostenibile in Italia. Una rete di strutture ricettive eco sostenibili, dalla casa sull\u2019albero all\u2019hotel ecofriendly, che promuove il viaggio rispettoso dell\u2019ambiente, dei luoghi e delle persone che vi abitano. Il sito web (www.ecobnb.it) di informazioni ed aggiornamenti per viaggiare in armonia con la Natura.<\/p>\n<h3>Info e prenotazioni<\/h3>\n<p>https:\/\/ecobnb.it\/blog\/greenweek<br \/>\ninfo@ecobnb.com<\/p>\n","protected":false},"excerpt":{"rendered":"<p>Musica, ecologia, e altre magnifiche avventure&#8230;\u00a0a Riccione, con RadioImmaginaria e ViaggiVerdi I ragazzi Saranno i grandi protagonisti di Green Week a Riccione: passare una settimana sperimentando nuove risorse energetiche, conoscere scrittori, attori, cantanti, giornalisti e lavorare tutti insieme scoprendo i segreti dell\u2019ecologia. Un\u2019avventura zero emissioni! Si arriva a Riccione viaggiando su un treno speciale: una [&hellip;]<\/p>\n","protected":false},"author":3,"featured_media":6393,"parent":16232,"menu_order":0,"comment_status":"closed","ping_status":"closed","template":"","meta":[],"acf":[],"yoast_head":"<!-- This site is optimized with the Yoast SEO plugin v19.9 - https:\/\/yoast.com\/wordpress\/plugins\/seo\/ -->\n<title>Riccione Green Week, 25-31 Agosto 2014 - Ecobnb<\/title>\n<meta name=\"description\" content=\"A Riccione, dal 25 al 31 Agosto 2014, una settimana all&#039;insegna della musica, ecologia e altre magnifiche avventure... con RadioImmaginaria e ViaggiVerdi.\" \/>\n<meta name=\"robots\" content=\"index, follow, max-snippet:-1, max-image-preview:large, max-video-preview:-1\" \/>\n<link rel=\"canonical\" href=\"https:\/\/ecobnb.it\/blog\/eventi\/riccione-green-week\/\" \/>\n<meta property=\"og:locale\" content=\"it_IT\" \/>\n<meta property=\"og:type\" content=\"article\" \/>\n<meta property=\"og:title\" content=\"Riccione Green Week, 25-31 Agosto 2014 - Ecobnb\" \/>\n<meta property=\"og:description\" content=\"A Riccione, dal 25 al 31 Agosto 2014, una settimana all&#039;insegna della musica, ecologia e altre magnifiche avventure... con RadioImmaginaria e ViaggiVerdi.\" \/>\n<meta property=\"og:url\" content=\"https:\/\/ecobnb.it\/blog\/eventi\/riccione-green-week\/\" \/>\n<meta property=\"og:site_name\" content=\"Ecobnb\" \/>\n<meta property=\"article:publisher\" content=\"https:\/\/www.facebook.com\/viaggiverdi\" \/>\n<meta property=\"article:modified_time\" content=\"2024-11-19T14:26:41+00:00\" \/>\n<meta property=\"og:image\" content=\"https:\/\/ecobnb.it\/blog\/app\/uploads\/sites\/2\/2014\/02\/Riccione-Green-Week-sito2.jpg\" \/>\n\t<meta property=\"og:image:width\" content=\"1170\" \/>\n\t<meta property=\"og:image:height\" content=\"487\" \/>\n\t<meta property=\"og:image:type\" content=\"image\/jpeg\" \/>\n<meta name=\"twitter:label1\" content=\"Est. reading time\" \/>\n\t<meta name=\"twitter:data1\" content=\"3 minutes\" \/>\n<!-- \/ Yoast SEO plugin. -->","yoast_head_json":{"title":"Riccione Green Week, 25-31 Agosto 2014 - Ecobnb","description":"A Riccione, dal 25 al 31 Agosto 2014, una settimana all'insegna della musica, ecologia e altre magnifiche avventure... con RadioImmaginaria e ViaggiVerdi.","robots":{"index":"index","follow":"follow","max-snippet":"max-snippet:-1","max-image-preview":"max-image-preview:large","max-video-preview":"max-video-preview:-1"},"canonical":"https:\/\/ecobnb.it\/blog\/eventi\/riccione-green-week\/","og_locale":"it_IT","og_type":"article","og_title":"Riccione Green Week, 25-31 Agosto 2014 - Ecobnb","og_description":"A Riccione, dal 25 al 31 Agosto 2014, una settimana all'insegna della musica, ecologia e altre magnifiche avventure... con RadioImmaginaria e ViaggiVerdi.","og_url":"https:\/\/ecobnb.it\/blog\/eventi\/riccione-green-week\/","og_site_name":"Ecobnb","article_publisher":"https:\/\/www.facebook.com\/viaggiverdi","article_modified_time":"2024-11-19T14:26:41+00:00","og_image":[{"width":1170,"height":487,"url":"https:\/\/ecobnb.it\/blog\/app\/uploads\/sites\/2\/2014\/02\/Riccione-Green-Week-sito2.jpg","type":"image\/jpeg"}],"twitter_misc":{"Est. reading time":"3 minutes"},"schema":{"@context":"https:\/\/schema.org","@graph":[{"@type":"WebPage","@id":"https:\/\/ecobnb.it\/blog\/eventi\/riccione-green-week\/","url":"https:\/\/ecobnb.it\/blog\/eventi\/riccione-green-week\/","name":"Riccione Green Week, 25-31 Agosto 2014 - Ecobnb","isPartOf":{"@id":"https:\/\/ecobnb.it\/blog\/#website"},"datePublished":"2014-02-19T10:53:32+00:00","dateModified":"2024-11-19T14:26:41+00:00","description":"A Riccione, dal 25 al 31 Agosto 2014, una settimana all'insegna della musica, ecologia e altre magnifiche avventure... con RadioImmaginaria e ViaggiVerdi.","breadcrumb":{"@id":"https:\/\/ecobnb.it\/blog\/eventi\/riccione-green-week\/#breadcrumb"},"inLanguage":"it-IT","potentialAction":[{"@type":"ReadAction","target":["https:\/\/ecobnb.it\/blog\/eventi\/riccione-green-week\/"]}]},{"@type":"BreadcrumbList","@id":"https:\/\/ecobnb.it\/blog\/eventi\/riccione-green-week\/#breadcrumb","itemListElement":[{"@type":"ListItem","position":1,"name":"Ecobnb Green Accademy: Eventi Formativi, workshop e Incontri","item":"https:\/\/ecobnb.it\/blog\/eventi\/"},{"@type":"ListItem","position":2,"name":"Riccione Green Week, 25-31 Agosto 2014"}]},{"@type":"WebSite","@id":"https:\/\/ecobnb.it\/blog\/#website","url":"https:\/\/ecobnb.it\/blog\/","name":"Ecobnb","description":"Trova il tuo Alloggio Ecosostenibile","publisher":{"@id":"https:\/\/ecobnb.it\/blog\/#organization"},"potentialAction":[{"@type":"SearchAction","target":{"@type":"EntryPoint","urlTemplate":"https:\/\/ecobnb.it\/blog\/?s={search_term_string}"},"query-input":"required name=search_term_string"}],"inLanguage":"it-IT"},{"@type":"Organization","@id":"https:\/\/ecobnb.it\/blog\/#organization","name":"Ecobnb","url":"https:\/\/ecobnb.it\/blog\/","logo":{"@type":"ImageObject","inLanguage":"it-IT","@id":"https:\/\/ecobnb.it\/blog\/#\/schema\/logo\/image\/","url":"https:\/\/ecobnb.it\/blog\/app\/uploads\/sites\/2\/2016\/03\/logo_transparent_512x512.png","contentUrl":"https:\/\/ecobnb.it\/blog\/app\/uploads\/sites\/2\/2016\/03\/logo_transparent_512x512.png","width":512,"height":512,"caption":"Ecobnb"},"image":{"@id":"https:\/\/ecobnb.it\/blog\/#\/schema\/logo\/image\/"},"sameAs":["https:\/\/www.facebook.com\/viaggiverdi"]}]}},"_links":{"self":[{"href":"https:\/\/ecobnb.it\/blog\/wp-json\/wp\/v2\/pages\/6386"}],"collection":[{"href":"https:\/\/ecobnb.it\/blog\/wp-json\/wp\/v2\/pages"}],"about":[{"href":"https:\/\/ecobnb.it\/blog\/wp-json\/wp\/v2\/types\/page"}],"author":[{"embeddable":true,"href":"https:\/\/ecobnb.it\/blog\/wp-json\/wp\/v2\/users\/3"}],"replies":[{"embeddable":true,"href":"https:\/\/ecobnb.it\/blog\/wp-json\/wp\/v2\/comments?post=6386"}],"version-history":[{"count":7,"href":"https:\/\/ecobnb.it\/blog\/wp-json\/wp\/v2\/pages\/6386\/revisions"}],"predecessor-version":[{"id":82476,"href":"https:\/\/ecobnb.it\/blog\/wp-json\/wp\/v2\/pages\/6386\/revisions\/82476"}],"up":[{"embeddable":true,"href":"https:\/\/ecobnb.it\/blog\/wp-json\/wp\/v2\/pages\/16232"}],"wp:featuredmedia":[{"embeddable":true,"href":"https:\/\/ecobnb.it\/blog\/wp-json\/wp\/v2\/media\/6393"}],"wp:attachment":[{"href":"https:\/\/ecobnb.it\/blog\/wp-json\/wp\/v2\/media?parent=6386"}],"curies":[{"name":"wp","href":"https:\/\/api.w.org\/{rel}","templated":true}]}}