{"id":60165,"date":"2021-05-02T16:12:10","date_gmt":"2021-05-02T14:12:10","guid":{"rendered":"https:\/\/ecobnb.it\/blog\/?page_id=60165"},"modified":"2025-10-07T11:26:11","modified_gmt":"2025-10-07T09:26:11","slug":"citazioni-sostenibilita","status":"publish","type":"page","link":"https:\/\/ecobnb.it\/blog\/citazioni-sostenibilita\/","title":{"rendered":"Le Pi\u00f9 Belle Citazioni sulla Sostenibilit\u00e0 che Cambieranno la tua Giornata"},"content":{"rendered":"<h2>Leggi le pi\u00f9 belle citazioni sulla sostenibilit\u00e0 che abbiamo raccolto, e lasciati ispirare.<\/h2>\n<p>La <strong>sostenibilit\u00e0<\/strong> oggi \u00e8 un argomento scottante e discusso quotidianamente. Ma il rispetto per l\u2019ambiente e l\u2019<strong>amore per la natura<\/strong> sono da sempre nel cuore e nelle menti di <strong>scrittori<\/strong>, <strong>artisti<\/strong>, pittori, personaggi pubblici e gente comune. Negli anni, infatti, numerose persone hanno cercato di esprimere i loro sentimenti contrastanti di <strong>amore e preoccupazione per il pianeta<\/strong> che abitiamo, cercando anche di attirare l\u2019attenzione sulle questioni ambientali e sul tema della sostenibilit\u00e0.<\/p>\n<p><span style=\"color: initial;\">Abbiamo raccolto le pi\u00f9 belle\u00a0<\/span><strong style=\"color: initial;\">citazioni<\/strong><span style=\"color: initial;\">\u00a0sulla\u00a0<\/span><strong style=\"color: initial;\">sostenibilit\u00e0<\/strong><span style=\"color: initial;\">. Leggendole, capirai quanto sia <\/span><strong style=\"color: initial;\">fondamentale<\/strong><span style=\"color: initial;\">\u00a0che ognuno faccia la propria\u00a0<\/span><strong style=\"color: initial;\">parte<\/strong><span style=\"color: initial;\">, operando verso un\u00a0<\/span><strong style=\"color: initial;\">rispetto<\/strong><span style=\"color: initial;\">\u00a0e una\u00a0<\/span><strong style=\"color: initial;\">protezione<\/strong><span style=\"color: initial;\">\u00a0maggiore del nostro\u00a0<\/span><strong style=\"color: initial;\">pianeta<\/strong><span style=\"color: initial;\">.<\/span>\u00a0Cerca di tenere questi <strong>pensieri<\/strong> a mente nella tua <strong>vita<\/strong> di tutti i giorni: che tu stia facendo shopping, viaggiando e visitando posti nuovi, o semplicemente passeggiando, speriamo davvero che le <strong>voci<\/strong> degli <strong>autori<\/strong> che abbiamo selezionato ti aiutino a <strong>rispettare<\/strong>, <strong>amare<\/strong> e <a href=\"https:\/\/ecobnb.it\/blog\/2018\/10\/buone-abitudini-green-pianeta\/\" target=\"_blank\" rel=\"noopener\"><strong>proteggere il nostro<\/strong> <strong>pianeta<\/strong><\/a> a qualunque costo. Buona <strong>lettura<\/strong>!<\/p>\n<h2><strong>Le Pi\u00f9 Belle Citazioni sull\u2019Importanza di Proteggere l\u2019Ambiente<\/strong><\/h2>\n<p><img class=\"alignnone wp-image-59754 size-full\" src=\"https:\/\/ecobnb.it\/blog\/app\/uploads\/sites\/2\/2021\/04\/Powerful-Quotes-About-Sustainability-6.jpg\" alt=\"una tra le pi\u00f9 belle citazioni sulla sostenibilit\u00e0, Hemingway\" width=\"870\" height=\"490\" srcset=\"https:\/\/ecobnb.it\/blog\/app\/uploads\/sites\/2\/2021\/04\/Powerful-Quotes-About-Sustainability-6.jpg 870w, https:\/\/ecobnb.it\/blog\/app\/uploads\/sites\/2\/2021\/04\/Powerful-Quotes-About-Sustainability-6-536x302.jpg 536w, https:\/\/ecobnb.it\/blog\/app\/uploads\/sites\/2\/2021\/04\/Powerful-Quotes-About-Sustainability-6-768x433.jpg 768w, https:\/\/ecobnb.it\/blog\/app\/uploads\/sites\/2\/2021\/04\/Powerful-Quotes-About-Sustainability-6-570x320.jpg 570w, https:\/\/ecobnb.it\/blog\/app\/uploads\/sites\/2\/2021\/04\/Powerful-Quotes-About-Sustainability-6-344x194.jpg 344w\" sizes=\"(max-width: 870px) 100vw, 870px\" \/><\/p>\n<p>Conoscere il tuo pianeta \u00e8 un passo verso il proteggerlo.\u00a0\u2013 Jacques-Yves Cousteau<\/p>\n<p>I piani per proteggere l&#8217;aria e l&#8217;acqua, la vita selvaggia e la fauna, sono in realt\u00e0 piani per proteggere l&#8217;uomo.\u00a0\u2013 Stewart Udall<\/p>\n<p>Prenditi cura della Terra e la Terra si prender\u00e0 cura di te, distruggi la Terra e la Terra ti distrugger\u00e0. \u2013 Proverbio Aborigeno<\/p>\n<p>Pi\u00f9 inquiniamo la terra, meno meritiamo di viverci. \u2013 Mehmet Murat Ildan<\/p>\n<p>L&#8217;ecologia ci insegna che la nostra patria \u00e8 il mondo.\u00a0\u2013 Danilo Mainardi<\/p>\n<p>C&#8217;\u00e8 un errore fondamentale nel trattare la terra come se fosse un&#8217;impresa in liquidazione. \u2014\u00a0 Herman E. Daly.<\/p>\n<p>La pi\u00f9 grande minaccia al nostro pianeta \u00e8 la convinzione che lo salver\u00e0 qualcun altro. \u2013 Robert Swan<\/p>\n<p>Abbiamo dimenticato come essere buoni ospiti, come camminare con passo felpato sulla terra, proprio come fanno le altre creature.\u00a0\u2013 Barbara Ward.<\/p>\n<p>Non avremo una societ\u00e0 se distruggiamo l&#8217;ambiente \u2013 Margaret Mead<\/p>\n<p>L&#8217;ambiente non \u00e8 di nostra propriet\u00e0 e non possiamo distruggerlo. Piuttosto \u00e8 responsabilit\u00e0 di tutti e dobbiamo proteggerlo. \u2013 Mohith Agadi<\/p>\n<p>Stiamo vivendo su questo pianeta come se ce ne fosse un altro dove poter andare. \u2013 Terri Swearingen<\/p>\n<p>La Natura ha strane leggi, ma lei, almeno le rispetta.\u00a0\u2013 Leo Longanesi<\/p>\n<h2><strong>Le Pi\u00f9 Belle Citazioni sull\u2019Amore per la Natura: l\u2019Unione fa la Forza<\/strong><\/h2>\n<p><img class=\"alignnone size-full wp-image-59755\" src=\"https:\/\/ecobnb.it\/blog\/app\/uploads\/sites\/2\/2021\/04\/Powerful-Quotes-About-Sustainability-7.jpg\" alt=\"una tra le pi\u00f9 belle citazioni sull'amare la natura, Berry\" width=\"870\" height=\"490\" srcset=\"https:\/\/ecobnb.it\/blog\/app\/uploads\/sites\/2\/2021\/04\/Powerful-Quotes-About-Sustainability-7.jpg 870w, https:\/\/ecobnb.it\/blog\/app\/uploads\/sites\/2\/2021\/04\/Powerful-Quotes-About-Sustainability-7-536x302.jpg 536w, https:\/\/ecobnb.it\/blog\/app\/uploads\/sites\/2\/2021\/04\/Powerful-Quotes-About-Sustainability-7-768x433.jpg 768w, https:\/\/ecobnb.it\/blog\/app\/uploads\/sites\/2\/2021\/04\/Powerful-Quotes-About-Sustainability-7-570x320.jpg 570w, https:\/\/ecobnb.it\/blog\/app\/uploads\/sites\/2\/2021\/04\/Powerful-Quotes-About-Sustainability-7-344x194.jpg 344w\" sizes=\"(max-width: 870px) 100vw, 870px\" \/><\/p>\n<p>Credo che avere la Terra e non rovinarla sia la pi\u00f9 bella forma d&#8217;arte che si possa desiderare. \u2013 Andy Warhol<\/p>\n<p>Se vogliamo migliorare la qualit\u00e0 dell&#8217;ambiente in cui viviamo, l&#8217;unico modo \u00e8 coinvolgere tutti. \u2013 Richard Rogers<\/p>\n<p>Una delle prime condizioni di felicit\u00e0 \u00e8 che il legame tra l&#8217;uomo e la natura non si rompa.\u00a0\u2013 Lev Tolstoy<\/p>\n<p>Non dobbiamo impegnarci in azioni grandiose ed eroiche per partecipare al cambiamento. Piccole azioni, se moltiplicate per milioni di persone, possono trasformare il mondo. \u2013 Howard Zinn<\/p>\n<p>Come la musica e l&#8217;arte, l&#8217;amore per la natura \u00e8 un linguaggio comune che pu\u00f2 trascendere i confini politici o sociali. \u2013 Jimmy Carter<\/p>\n<p>La poesia della terra non muore mai. \u2013 John Keats<\/p>\n<p><img class=\"alignnone wp-image-87184 size-full\" src=\"https:\/\/ecobnb.it\/blog\/app\/uploads\/sites\/2\/2025\/10\/ami-natura-bellezza-ovunque.png.jpg\" alt=\"Se ami la natura troverai bellezza ovunque, Vincent Van Gogh\" width=\"870\" height=\"490\" srcset=\"https:\/\/ecobnb.it\/blog\/app\/uploads\/sites\/2\/2025\/10\/ami-natura-bellezza-ovunque.png.jpg 870w, https:\/\/ecobnb.it\/blog\/app\/uploads\/sites\/2\/2025\/10\/ami-natura-bellezza-ovunque.png-536x302.jpg 536w, https:\/\/ecobnb.it\/blog\/app\/uploads\/sites\/2\/2025\/10\/ami-natura-bellezza-ovunque.png-768x433.jpg 768w, https:\/\/ecobnb.it\/blog\/app\/uploads\/sites\/2\/2025\/10\/ami-natura-bellezza-ovunque.png-570x320.jpg 570w, https:\/\/ecobnb.it\/blog\/app\/uploads\/sites\/2\/2025\/10\/ami-natura-bellezza-ovunque.png-344x194.jpg 344w\" sizes=\"(max-width: 870px) 100vw, 870px\" \/><\/p>\n<p>Alimentate il vostro amore per la natura, perch\u00e9 proprio questo \u00e8 il vero modo per capire l&#8217;arte sempre di pi\u00f9.\u00a0\u2013 Vincent van Gogh<\/p>\n<p>La Natura dipinge per noi, giorno dopo giorno, quadri di infinita bellezza.\u00a0\u2013 John Ruskin<\/p>\n<p>In ogni passeggiata nella natura l\u2019uomo riceve molto di pi\u00f9 di ci\u00f2 che cerca.\u00a0\u2013 John Muir<\/p>\n<p>E poi ho la natura e l&#8217;arte e la poesia, e se questo non \u00e8 sufficiente, che cosa posso volere di pi\u00f9? \u2013 Vincent van Gogh<\/p>\n<p>Non c&#8217;\u00e8 niente di pi\u00f9 bello che la bellezza dei boschi prima dell&#8217;alba. \u2013 George Washington Carver<\/p>\n<p>La sostenibilit\u00e0 riguarda l&#8217;ecologia, l&#8217;economia e l&#8217;uguaglianza. \u2013\u00a0 Ralph Bicknese<\/p>\n<p>Se ami veramente la natura, troverai la bellezza ovunque. \u2013 Vincent van Gogh<\/p>\n<p>Studia la Natura, ama la Natura, stai vicino alla Natura. Non ti deluder\u00e0 mai.\u00a0\u2013 Frank Lloyd Wright<\/p>\n<h2><strong>Le pi\u00f9 Belle Citazioni Sulla Regola delle 3R: Riduci, Riusa, Ricicla<\/strong><\/h2>\n<p><img class=\"alignnone size-full wp-image-59756\" src=\"https:\/\/ecobnb.it\/blog\/app\/uploads\/sites\/2\/2021\/04\/Powerful-Quotes-About-Sustainability-8.jpg\" alt=\"una delle pi\u00f9 belle citazioni di Annie Leonard\" width=\"870\" height=\"490\" srcset=\"https:\/\/ecobnb.it\/blog\/app\/uploads\/sites\/2\/2021\/04\/Powerful-Quotes-About-Sustainability-8.jpg 870w, https:\/\/ecobnb.it\/blog\/app\/uploads\/sites\/2\/2021\/04\/Powerful-Quotes-About-Sustainability-8-536x302.jpg 536w, https:\/\/ecobnb.it\/blog\/app\/uploads\/sites\/2\/2021\/04\/Powerful-Quotes-About-Sustainability-8-768x433.jpg 768w, https:\/\/ecobnb.it\/blog\/app\/uploads\/sites\/2\/2021\/04\/Powerful-Quotes-About-Sustainability-8-570x320.jpg 570w, https:\/\/ecobnb.it\/blog\/app\/uploads\/sites\/2\/2021\/04\/Powerful-Quotes-About-Sustainability-8-344x194.jpg 344w\" sizes=\"(max-width: 870px) 100vw, 870px\" \/><\/p>\n<p>Non puoi evitare di trascorrere un solo giorno senza avere un impatto sul mondo intorno a te. Le tue azioni possono fare la differenza e perci\u00f2 devi decidere quale tipo di differenza vuoi fare.\u2013\u00a0Jane Goodall<\/p>\n<p>Il problema \u00e8 che pensi di avere tempo.\u00a0\u2013 Jack Kornfield<\/p>\n<p>Solo noi umani\u00a0produciamo\u00a0rifiuti che la natura non pu\u00f2 digerire.\u00a0\u00a0\u2013 Charles Moore<\/p>\n<p>Il conto alla rovescia del nostro pianeta sta volgendo al termine, \u00e8 ora di alzarsi e fare qualcosa. \u2013 Leonardo DiCaprio<\/p>\n<p>Ricicla il presente, salva il futuro. \u2013\u00a0 Anonimo<\/p>\n<p>\u00c8 necessario fare in modo che il riciclaggio diventi uno stile di vita. \u2013 Mario Vargas Llosa.<\/p>\n<p>Se non pu\u00f2 essere ridotto, riutilizzato, riparato, ricostruito, restaurato, finito, rivenduto, riciclato\u00a0[&#8230;]; quindi deve essere trattenuto, ridisegnato o rimosso dalla produzione. \u2013 Pete Seeger<\/p>\n<p>Vivi semplicemente, cos\u00ec che gli altri possano semplicemente vivere.\u00a0\u2013\u00a0Mahatma Gandhi<\/p>\n<p>Consuma meno; condividi meglio.\u00a0\u2013\u00a0Herv\u00e9 Kempf<\/p>\n<p>Il nostro passato, il nostro presente, e qualsiasi frammento rimanga del nostro futuro, dipende assolutamente da ci\u00f2 che facciamo adesso.\u00a0\u2013\u00a0Sylvia Earle<\/p>\n<p>Ci deve essere un modo migliore per fare le cose che vogliamo, un modo che non inquini il cielo, o la pioggia o la terra.\u00a0\u2013 Paul McCartney<\/p>\n<h2><strong>Le Citazioni pi\u00f9 Belle sulla Sostenibilit\u00e0 degli Acquisti<\/strong><\/h2>\n<p><img class=\"alignnone size-full wp-image-59757\" src=\"https:\/\/ecobnb.it\/blog\/app\/uploads\/sites\/2\/2021\/04\/Powerful-Quotes-About-Sustainability-9.jpg\" alt=\"frase sul fast fashion\" width=\"870\" height=\"490\" srcset=\"https:\/\/ecobnb.it\/blog\/app\/uploads\/sites\/2\/2021\/04\/Powerful-Quotes-About-Sustainability-9.jpg 870w, https:\/\/ecobnb.it\/blog\/app\/uploads\/sites\/2\/2021\/04\/Powerful-Quotes-About-Sustainability-9-536x302.jpg 536w, https:\/\/ecobnb.it\/blog\/app\/uploads\/sites\/2\/2021\/04\/Powerful-Quotes-About-Sustainability-9-768x433.jpg 768w, https:\/\/ecobnb.it\/blog\/app\/uploads\/sites\/2\/2021\/04\/Powerful-Quotes-About-Sustainability-9-570x320.jpg 570w, https:\/\/ecobnb.it\/blog\/app\/uploads\/sites\/2\/2021\/04\/Powerful-Quotes-About-Sustainability-9-344x194.jpg 344w\" sizes=\"(max-width: 870px) 100vw, 870px\" \/><\/p>\n<p>Come consumatori,\u00a0abbiamo cos\u00ec tanto potere di cambiare\u00a0il\u00a0mondo, semplicemente facendo attenzione\u00a0a\u00a0ci\u00f2 che\u00a0acquistiamo.\u00a0\u2013Emma Watson<\/p>\n<p>Compra meno. Scegli bene. Fallo durare. \u2013 Vivienne Westwood<\/p>\n<p>Il\u00a0<a href=\"https:\/\/it.wikipedia.org\/wiki\/Fast_fashion#:~:text=Fast%20fashion%20%C3%A8%20un%20termine,in%20primavera%20e%20in%20autunno.\">fast fashion<\/a> \u00e8 come il cibo spazzatura\u2026 dopo la scarica di zuccheri lascia solo un saporaccio in bocca.\u00a0\u2013 Livia Firth<\/p>\n<p>Non c&#8217;\u00e8 bellezza nella migliore stoffa se provoca fame e infelicit\u00e0.\u00a0\u2013 Mahatma Gandhi<\/p>\n<p>L\u2019industria della moda non dovrebbe costarci la terra.\u00a0\u2013 Environmental Audit Committee, UK house of commons<\/p>\n<p>Come designer, mi piace lavorare con materiali che non sanguinino. \u00c8 per questo che evito ogni tipo di pelle animale.\u00a0\u2013\u00a0Stella McCartney<\/p>\n<p>Apprezza ci\u00f2 che rimane della terra e incoraggia il suo rinnovamento, \u00e8 la nostra speranza di sopravvivenza.\u00a0\u2013 Wendell Berry.<\/p>\n<p>A che serve possedere una casa se non hai un pianeta decente dove metterla?\u00a0\u2013 Henry David Thoreau<\/p>\n<p>Voglio portarvi il messaggio della filosofia vegan: non deve esserci tortura per essere favolosamente alla moda. Puoi essere alla moda e seguire i principi della sostenibilit\u00e0 allo stesso tempo\u00a0\u2013 Miley Cyrus<\/p>\n<h2>Le pi\u00f9 Belle Citazioni sull\u2019Importanza di Proteggere gli Oceani<\/h2>\n<p><img class=\"alignnone size-full wp-image-59758\" src=\"https:\/\/ecobnb.it\/blog\/app\/uploads\/sites\/2\/2021\/04\/Powerful-Quotes-About-Sustainability-10.jpg\" alt=\"citazione sull'importanza di salvare gli oceani\" width=\"870\" height=\"490\" srcset=\"https:\/\/ecobnb.it\/blog\/app\/uploads\/sites\/2\/2021\/04\/Powerful-Quotes-About-Sustainability-10.jpg 870w, https:\/\/ecobnb.it\/blog\/app\/uploads\/sites\/2\/2021\/04\/Powerful-Quotes-About-Sustainability-10-536x302.jpg 536w, https:\/\/ecobnb.it\/blog\/app\/uploads\/sites\/2\/2021\/04\/Powerful-Quotes-About-Sustainability-10-768x433.jpg 768w, https:\/\/ecobnb.it\/blog\/app\/uploads\/sites\/2\/2021\/04\/Powerful-Quotes-About-Sustainability-10-570x320.jpg 570w, https:\/\/ecobnb.it\/blog\/app\/uploads\/sites\/2\/2021\/04\/Powerful-Quotes-About-Sustainability-10-344x194.jpg 344w\" sizes=\"(max-width: 870px) 100vw, 870px\" \/><\/p>\n<p>L&#8217;acqua e l&#8217;aria, i due fluidi essenziali da cui dipende tutta la vita, sono diventati i bidoni della spazzatura di tutto il mondo. \u2013 Jacques-Yves Cousteau<\/p>\n<p>Non conosciamo mai il valore dell&#8217;acqua finch\u00e9 il pozzo \u00e8 asciutto. \u2013 Thomas Fuller<\/p>\n<p>Sappiamo che quando proteggiamo i nostri oceani,\u00a0proteggiamo il nostro futuro.\u00a0\u2013 Bill Clinton<\/p>\n<p>Siamo legati all&#8217;oceano.\u00a0E quando torniamo al mare,\u00a0sia\u00a0per navigarci\u00a0che\u00a0per guardarlo,\u00a0torniamo da dove siamo venuti. \u2013 John Fitzgerald Kennedy<\/p>\n<p>Senza acqua, il nostro pianeta sarebbe soltanto una delle migliaia rocce\u00a0senza vita tra tante, che galleggiano nell&#8217;infinito, nella vastit\u00e0 del vuoto inchiostro nero.\u00a0\u2013 Fabien Cousteau<\/p>\n<p>Il mare\u00a0lava\u00a0via tutti\u00a0i mali\u00a0dell&#8217;uomo. \u2013 Platone<\/p>\n<p>Ho detto che gli oceani sono malati ma non moriranno. Non c&#8217;\u00e8 morte possibile negli oceani\u00a0&#8211;\u00a0ci sar\u00e0 sempre vita\u00a0&#8211;\u00a0ma\u00a0stanno comunque diventando sempre pi\u00f9 malati anno dopo anno.\u00a0\u2013\u00a0Jacques-Yves Cousteau<\/p>\n<p>Prendersi cura dell\u2019acqua, significa prendersi cura di tutti noi.\u00a0\u2013 The Dharma Trail<\/p>\n<p>Se salvi l\u2019acqua, l\u2019acqua ti salver\u00e0.\u00a0\u2013 India Celebrating<\/p>\n<p>Spero che mi aiuterete ad esplorare e proteggere l\u2019oceano in modo che possiamo ripristinarne la salute, e cos\u00ec assicurare una speranza all\u2019umanit\u00e0. Perch\u00e9 salute per l\u2019oceano, significa salute per tutti noi.\u00a0\u2013 Sylvia Earle<\/p>\n<p>Ci dimentichiamo che il ciclo dell&#8217;acqua e il ciclo della vita sono una cosa sola.\u00a0\u2013 Jacques-Yves Cousteau<\/p>\n<p>Mai sottovalutare il potere dell&#8217;oceano. \u2013 Heidi Klum<\/p>\n<p>Con ogni goccia d\u2019acqua che bevi, con ogni respiro che prendi, sei connesso al mare. Non importa dove vivi sulla terra: la maggior parte dell\u2019ossigeno nell\u2019atmosfera \u00e8 generato dal mare.\u00a0\u2013 Sylvia Earle<\/p>\n<p><span class=\"whole-read-more\">Adoro l&#8217;oceano, ma non le navi.\u00a0\u2013 Jeff Goldblum<\/span><\/p>\n<h2><strong>Alcune C<\/strong><strong>itazioni Stupende sull\u2019Importanza degli Alberi<\/strong><\/h2>\n<p><img class=\"alignnone size-full wp-image-59759\" src=\"https:\/\/ecobnb.it\/blog\/app\/uploads\/sites\/2\/2021\/04\/Powerful-Quotes-About-Sustainability-11.jpg\" alt=\"citazione sull'importanza degli alberi\" width=\"870\" height=\"490\" srcset=\"https:\/\/ecobnb.it\/blog\/app\/uploads\/sites\/2\/2021\/04\/Powerful-Quotes-About-Sustainability-11.jpg 870w, https:\/\/ecobnb.it\/blog\/app\/uploads\/sites\/2\/2021\/04\/Powerful-Quotes-About-Sustainability-11-536x302.jpg 536w, https:\/\/ecobnb.it\/blog\/app\/uploads\/sites\/2\/2021\/04\/Powerful-Quotes-About-Sustainability-11-768x433.jpg 768w, https:\/\/ecobnb.it\/blog\/app\/uploads\/sites\/2\/2021\/04\/Powerful-Quotes-About-Sustainability-11-570x320.jpg 570w, https:\/\/ecobnb.it\/blog\/app\/uploads\/sites\/2\/2021\/04\/Powerful-Quotes-About-Sustainability-11-344x194.jpg 344w\" sizes=\"(max-width: 870px) 100vw, 870px\" \/><\/p>\n<p>Vedo ovunque nella natura, ad esempio negli alberi, capacit\u00e0 d&#8217;espressione e, per cos\u00ec dire, un&#8217;anima.\u00a0\u00a0\u2013 Vincent van Gogh<\/p>\n<p>Colui che\u00a0pianta\u00a0degli\u00a0alberi ama gli altri\u00a0oltre\u00a0se\u00a0stesso.\u00a0\u2013 Thomas Fuller<\/p>\n<p>Qualsiasi stupido \u00e8 capace di distruggere gli alberi; non possono n\u00e9 difendersi n\u00e9 scappare.\u00a0 \u2013 John Muir<\/p>\n<p>Fate come gli alberi: cambiate le foglie e conservate le radici; cambiate le vostre idee ma conservate i vostri principi.\u00a0\u2013 Victor Hugo<\/p>\n<p>Anche se venissi informato che domani il mondo cadr\u00e0 a pezzi, pianter\u00f2 lo stesso il mio albero di mele.\u00a0\u2013\u00a0Martin Luther<\/p>\n<p>Un albero non urta un&#8217;automobile se non per legittima difesa. \u2013 Proverbio americano<\/p>\n<p>Da due anni gira per il mondo. Niente telefono, niente piscina, niente amici a quattro zampe, niente sigarette. Libert\u00e0 estrema. Un estremista, un viaggiatore esteta che ha per casa la strada. Cos\u00ec ora, dopo due anni di cammino, arriva l&#8217;ultima e pi\u00f9 grande avventura. [\u2026] Per non essere pi\u00f9 avvelenato dalla civilt\u00e0 lui fugge, cammina solo sulla terra per perdersi nella natura selvaggia. \u2013 Jon Krakauer, &#8220;Into the Wild&#8221;<\/p>\n<p>Le persone che non sostengono gli alberi, si troveranno presto a vivere in un mondo che non sostiene le persone.\u00a0\u2013 Bryce Nelson<\/p>\n<p>Le foreste terrestri sono le barriere coralline dell\u2019aria e del cielo. Impediscono l\u2019arrivo di predatori come il cemento e l\u2019inquinamento.\u00a0\u2013 Fabrizio Caramagna<\/p>\n<p>Un\u00a0Paese\u00a0che distrugge\u00a0il suo suolo\u00a0distrugge se stesso. Le\u00a0foreste sono\u00a0i\u00a0polmoni della nostra terra,\u00a0purificano\u00a0l&#8217;aria e danno nuova forza alla nostra gente.\u00a0\u2013 Franklin D. Roosevelt<\/p>\n<p>Gli alberi danno pace alle anime degli uomini. \u2013 Nora Waln<\/p>\n<p>Per esistere come nazione, per prosperare come stato, per vivere come vere persone\u2026 Dobbiamo avere gli alberi.\u00a0\u2013 Theodore Roosevelt<\/p>\n<h3><a href=\"https:\/\/ecobnb.it\/blog\/citazioni-viaggio\" target=\"_blank\" rel=\"noopener\">Scopri le citazioni pi\u00f9 belle sul viaggio<\/a><\/h3>\n","protected":false},"excerpt":{"rendered":"<p>Leggi le pi\u00f9 belle citazioni sulla sostenibilit\u00e0 che abbiamo raccolto, e lasciati ispirare. La sostenibilit\u00e0 oggi \u00e8 un argomento scottante e discusso quotidianamente. Ma il rispetto per l\u2019ambiente e l\u2019amore per la natura sono da sempre nel cuore e nelle menti di scrittori, artisti, pittori, personaggi pubblici e gente comune. Negli anni, infatti, numerose persone [&hellip;]<\/p>\n","protected":false},"author":149,"featured_media":60170,"parent":0,"menu_order":0,"comment_status":"closed","ping_status":"closed","template":"","meta":[],"acf":[],"yoast_head":"<!-- This site is optimized with the Yoast SEO plugin v19.9 - https:\/\/yoast.com\/wordpress\/plugins\/seo\/ -->\n<title>Le Pi\u00f9 Belle Citazioni sulla Sostenibilit\u00e0: Lasciati Ispirare - Ecobnb<\/title>\n<meta name=\"description\" content=\"Cos&#039;\u00e8 per te la sostenibilit\u00e0? Lasciati ispirare dalle pi\u00f9 belle citazioni sulla sostenibilit\u00e0 e il rispetto per l&#039;ambiente!\" \/>\n<meta name=\"robots\" content=\"index, follow, max-snippet:-1, max-image-preview:large, max-video-preview:-1\" \/>\n<link rel=\"canonical\" href=\"https:\/\/ecobnb.it\/blog\/citazioni-sostenibilita\/\" \/>\n<meta property=\"og:locale\" content=\"it_IT\" \/>\n<meta property=\"og:type\" content=\"article\" \/>\n<meta property=\"og:title\" content=\"Le Pi\u00f9 Belle Citazioni sulla Sostenibilit\u00e0: Lasciati Ispirare - Ecobnb\" \/>\n<meta property=\"og:description\" content=\"Cos&#039;\u00e8 per te la sostenibilit\u00e0? Lasciati ispirare dalle pi\u00f9 belle citazioni sulla sostenibilit\u00e0 e il rispetto per l&#039;ambiente!\" \/>\n<meta property=\"og:url\" content=\"https:\/\/ecobnb.it\/blog\/citazioni-sostenibilita\/\" \/>\n<meta property=\"og:site_name\" content=\"Ecobnb\" \/>\n<meta property=\"article:publisher\" content=\"https:\/\/www.facebook.com\/viaggiverdi\" \/>\n<meta property=\"article:modified_time\" content=\"2025-10-07T09:26:11+00:00\" \/>\n<meta property=\"og:image\" content=\"https:\/\/ecobnb.it\/blog\/app\/uploads\/sites\/2\/2021\/05\/citazioni-sostenibilit\u00e0.jpg\" \/>\n\t<meta property=\"og:image:width\" content=\"1170\" \/>\n\t<meta property=\"og:image:height\" content=\"490\" \/>\n\t<meta property=\"og:image:type\" content=\"image\/jpeg\" \/>\n<meta name=\"twitter:label1\" content=\"Est. reading time\" \/>\n\t<meta name=\"twitter:data1\" content=\"10 minutes\" \/>\n<!-- \/ Yoast SEO plugin. -->","yoast_head_json":{"title":"Le Pi\u00f9 Belle Citazioni sulla Sostenibilit\u00e0: Lasciati Ispirare - Ecobnb","description":"Cos'\u00e8 per te la sostenibilit\u00e0? Lasciati ispirare dalle pi\u00f9 belle citazioni sulla sostenibilit\u00e0 e il rispetto per l'ambiente!","robots":{"index":"index","follow":"follow","max-snippet":"max-snippet:-1","max-image-preview":"max-image-preview:large","max-video-preview":"max-video-preview:-1"},"canonical":"https:\/\/ecobnb.it\/blog\/citazioni-sostenibilita\/","og_locale":"it_IT","og_type":"article","og_title":"Le Pi\u00f9 Belle Citazioni sulla Sostenibilit\u00e0: Lasciati Ispirare - Ecobnb","og_description":"Cos'\u00e8 per te la sostenibilit\u00e0? Lasciati ispirare dalle pi\u00f9 belle citazioni sulla sostenibilit\u00e0 e il rispetto per l'ambiente!","og_url":"https:\/\/ecobnb.it\/blog\/citazioni-sostenibilita\/","og_site_name":"Ecobnb","article_publisher":"https:\/\/www.facebook.com\/viaggiverdi","article_modified_time":"2025-10-07T09:26:11+00:00","og_image":[{"width":1170,"height":490,"url":"https:\/\/ecobnb.it\/blog\/app\/uploads\/sites\/2\/2021\/05\/citazioni-sostenibilit\u00e0.jpg","type":"image\/jpeg"}],"twitter_misc":{"Est. reading time":"10 minutes"},"schema":{"@context":"https:\/\/schema.org","@graph":[{"@type":"WebPage","@id":"https:\/\/ecobnb.it\/blog\/citazioni-sostenibilita\/","url":"https:\/\/ecobnb.it\/blog\/citazioni-sostenibilita\/","name":"Le Pi\u00f9 Belle Citazioni sulla Sostenibilit\u00e0: Lasciati Ispirare - Ecobnb","isPartOf":{"@id":"https:\/\/ecobnb.it\/blog\/#website"},"datePublished":"2021-05-02T14:12:10+00:00","dateModified":"2025-10-07T09:26:11+00:00","description":"Cos'\u00e8 per te la sostenibilit\u00e0? Lasciati ispirare dalle pi\u00f9 belle citazioni sulla sostenibilit\u00e0 e il rispetto per l'ambiente!","inLanguage":"it-IT","potentialAction":[{"@type":"ReadAction","target":["https:\/\/ecobnb.it\/blog\/citazioni-sostenibilita\/"]}]},{"@type":"WebSite","@id":"https:\/\/ecobnb.it\/blog\/#website","url":"https:\/\/ecobnb.it\/blog\/","name":"Ecobnb","description":"Trova il tuo Alloggio Ecosostenibile","publisher":{"@id":"https:\/\/ecobnb.it\/blog\/#organization"},"potentialAction":[{"@type":"SearchAction","target":{"@type":"EntryPoint","urlTemplate":"https:\/\/ecobnb.it\/blog\/?s={search_term_string}"},"query-input":"required name=search_term_string"}],"inLanguage":"it-IT"},{"@type":"Organization","@id":"https:\/\/ecobnb.it\/blog\/#organization","name":"Ecobnb","url":"https:\/\/ecobnb.it\/blog\/","logo":{"@type":"ImageObject","inLanguage":"it-IT","@id":"https:\/\/ecobnb.it\/blog\/#\/schema\/logo\/image\/","url":"https:\/\/ecobnb.it\/blog\/app\/uploads\/sites\/2\/2016\/03\/logo_transparent_512x512.png","contentUrl":"https:\/\/ecobnb.it\/blog\/app\/uploads\/sites\/2\/2016\/03\/logo_transparent_512x512.png","width":512,"height":512,"caption":"Ecobnb"},"image":{"@id":"https:\/\/ecobnb.it\/blog\/#\/schema\/logo\/image\/"},"sameAs":["https:\/\/www.facebook.com\/viaggiverdi"]}]}},"_links":{"self":[{"href":"https:\/\/ecobnb.it\/blog\/wp-json\/wp\/v2\/pages\/60165"}],"collection":[{"href":"https:\/\/ecobnb.it\/blog\/wp-json\/wp\/v2\/pages"}],"about":[{"href":"https:\/\/ecobnb.it\/blog\/wp-json\/wp\/v2\/types\/page"}],"author":[{"embeddable":true,"href":"https:\/\/ecobnb.it\/blog\/wp-json\/wp\/v2\/users\/149"}],"replies":[{"embeddable":true,"href":"https:\/\/ecobnb.it\/blog\/wp-json\/wp\/v2\/comments?post=60165"}],"version-history":[{"count":5,"href":"https:\/\/ecobnb.it\/blog\/wp-json\/wp\/v2\/pages\/60165\/revisions"}],"predecessor-version":[{"id":87185,"href":"https:\/\/ecobnb.it\/blog\/wp-json\/wp\/v2\/pages\/60165\/revisions\/87185"}],"wp:featuredmedia":[{"embeddable":true,"href":"https:\/\/ecobnb.it\/blog\/wp-json\/wp\/v2\/media\/60170"}],"wp:attachment":[{"href":"https:\/\/ecobnb.it\/blog\/wp-json\/wp\/v2\/media?parent=60165"}],"curies":[{"name":"wp","href":"https:\/\/api.w.org\/{rel}","templated":true}]}}