{"id":5565,"date":"2014-01-13T07:50:24","date_gmt":"2014-01-13T07:50:24","guid":{"rendered":"http:\/\/blog.viaggiverdi.it\/?page_id=5565"},"modified":"2016-02-25T14:56:25","modified_gmt":"2016-02-25T13:56:25","slug":"fa-la-cosa-giusta-2014","status":"publish","type":"page","link":"https:\/\/ecobnb.it\/blog\/eventi\/fa-la-cosa-giusta-2014\/","title":{"rendered":"Fa&#8217; La Cosa Giusta! Laboratorio Sostenibilit\u00e0"},"content":{"rendered":"<h3>Di cosa si tratta<\/h3>\n<p>E&#8217; un <strong>Seminario di &#8220;idee pratiche&#8221;<\/strong>, alla portata di tutti e da intraprendere subito, per cambiare in meglio la tua offerta ricettiva, rispettando l&#8217;ambiente e risparmiando.<\/p>\n<p>&#8220;<em>Non possiamo pensare che le cose cambino se continuiamo a fare le stesse cose<\/em>&#8221; scriveva <strong>Albert Einstein<\/strong>. Vi dimostreremo che cambiare in meglio si pu\u00f2, ed \u00e8 pi\u00f9 semplice di quanto non avreste mai immaginato.<\/p>\n<p>Ma sar\u00e0 anche l&#8217;occasione per conoscere meglio il fenomeno del turismo responsabile, <strong>in forte crescita<\/strong> sia in Italia che all&#8217;estero. Non solo un Laboratorio, ma una possibilit\u00e0 di confrontarsi con una\u00a0realt\u00e0 che cambia, <strong>dove le nostre azioni virtuose possono fare la differenza<\/strong>. Scegliere di dotarsi di un&#8217;impronta green \u00e8 anche un modo per avere pi\u00f9 visibilit\u00e0 ed opportunit\u00e0 di marketing, un modo per distinguersi, per migliorare e promuovere la propria offerta ricettiva.<\/p>\n<h3>A chi \u00e8 rivolto<\/h3>\n<p>Alle piccole e medie strutture ricettive, <strong>B&amp;B, agriturismi, hotel, alberghi diffusi, residence, rifugi, appartamenti vacanze<\/strong> che vogliono migliorare la propria qualit\u00e0 ambientale, per offrire un servizio migliore ai loro clienti, per fare bene all&#8217;ambiente, ma sopratutto per ridurre gli sprechi e le spese.<\/p>\n<h3>Quando e Dove si svolge<\/h3>\n<p><strong><strong>Venerdi 28 marzo 2014, dalle 16.00 alle 18.00<\/strong> a &#8220;Fa&#8217; La Cosa Giusta!&#8221;, Fieramilanocity, Milano. &#8220;<\/strong>Fa&#8217; La Cosa Giusta!&#8221; \u00e8 la fiera nazionale del consumo critico e degli stili di vita sostenibili con una platea influente, frequentata da decine di migliaia di visitatori orientati a scelte responsabili e consapevoli, e da espositori che queste scelte hanno adottato e stanno promuovendo.<\/p>\n<h3><strong>Come aderire<\/strong><\/h3>\n<p>La disponibilit\u00e0 \u00e8 limitata. Affrettatevi!<br \/>\nIl contributo intero di adesione \u00e8 di <strong>47 Euro<\/strong><br \/>\n<del datetime=\"2014-02-17T12:06:33+00:00\"><strong>per chi si iscrive entro il 14 febbraio\u00a02014 sar\u00e0 di soli<\/strong> <del>47 euro<\/del>\u00a0\u00a0<strong>27 \u20ac\u00a0(2 biglietti fiera* inclusi)<\/strong><\/del><br \/>\n<del><span style=\"text-decoration: underline\"><strong>per chi si iscrive entro il 1\u00b0 marzo 2014 sar\u00e0 invece di\u00a0 47 euro\u00a0\u00a037 \u20ac\u00a0(2 biglietti fiera* inclusi)\u00a0<\/strong><\/span><\/del><br \/>\n<span style=\"text-decoration: underline\"><span style=\"color: #ff0000\"><strong>Ancora 3 posti disponibili a 47 Euro<\/strong><\/span><\/span><br \/>\n* i biglietti verranno inviati via email ed avranno un codice univoco da presentare all&#8217;ingresso<\/p>\n<p>Iscriviti con <strong>Paypal<\/strong> o <strong>Carta di Credito<\/strong> (conto intestato a Simone Riccardi):<\/p>\n<form action=\"https:\/\/www.paypal.com\/cgi-bin\/webscr\" method=\"post\" target=\"_top\">\n<p><img src=\"https:\/\/www.paypalobjects.com\/it_IT\/i\/scr\/pixel.gif\" alt=\"\" width=\"1\" height=\"1\" border=\"0\" \/><\/form>\n<p>oppure tramite <strong>Bonifico Bancario<\/strong> intestato a:<\/p>\n<p><em>Associazione Le Citt\u00e0 Invisibili<br \/>\npresso Banca Etica<br \/>\nIBAN: IT66J0501802400000000140641<br \/>\nCausale: contributo per laboratorio fa la cosa giusta effettuato da <span style=\"text-decoration: underline\">NomeStruttura<\/span> <\/em><\/p>\n<h3><strong>Scrivici o telefonaci<\/strong><\/h3>\n<p>se vuoi saperne di pi\u00f9 o hai bisogno di maggiori informazioni:<strong><br \/>\nemail:<\/strong> info@ecobnb.it<br \/>\n<strong>tel:<\/strong> Simone 327.226.2120<\/p>\n<p>Il laboratorio \u00e8 organizzato da <strong>ViaggiVerdi<\/strong>, il sito web dedicato al turismo sostenibile in Italia, e promosso dall&#8217;associazione noprofit Le citt\u00e0 invisibili in collaborazione con <strong><a href=\"http:\/\/falacosagiusta.terre.it\/\" target=\"_blank\">Fa&#8217; La Cosa Giusta<\/a>!<\/strong>\u00a0Parleranno esperti in architettura sostenibile e risparmio energetico, associazioni e piccole aziende che si occupano di turismo responsabile e di sostenibilit\u00e0.<\/p>\n","protected":false},"excerpt":{"rendered":"<p>Di cosa si tratta E&#8217; un Seminario di &#8220;idee pratiche&#8221;, alla portata di tutti e da intraprendere subito, per cambiare in meglio la tua offerta ricettiva, rispettando l&#8217;ambiente e risparmiando. &#8220;Non possiamo pensare che le cose cambino se continuiamo a fare le stesse cose&#8221; scriveva Albert Einstein. Vi dimostreremo che cambiare in meglio si pu\u00f2, [&hellip;]<\/p>\n","protected":false},"author":3,"featured_media":6153,"parent":16232,"menu_order":0,"comment_status":"closed","ping_status":"closed","template":"","meta":[],"acf":[],"yoast_head":"<!-- This site is optimized with the Yoast SEO plugin v19.9 - https:\/\/yoast.com\/wordpress\/plugins\/seo\/ -->\n<title>Fa&#039; La Cosa Giusta! Laboratorio Sostenibilit\u00e0 - Ecobnb<\/title>\n<meta name=\"description\" content=\"A F\u00e0 la cosa giusta! 2014, un seminario di idee pratiche per scoprire come rendere pi\u00f9 eco sostenibile la tua struttura ricettiva, risparmiando.\" \/>\n<meta name=\"robots\" content=\"index, follow, max-snippet:-1, max-image-preview:large, max-video-preview:-1\" \/>\n<link rel=\"canonical\" href=\"https:\/\/ecobnb.it\/blog\/eventi\/fa-la-cosa-giusta-2014\/\" \/>\n<meta property=\"og:locale\" content=\"it_IT\" \/>\n<meta property=\"og:type\" content=\"article\" \/>\n<meta property=\"og:title\" content=\"Fa&#039; La Cosa Giusta! Laboratorio Sostenibilit\u00e0 - Ecobnb\" \/>\n<meta property=\"og:description\" content=\"A F\u00e0 la cosa giusta! 2014, un seminario di idee pratiche per scoprire come rendere pi\u00f9 eco sostenibile la tua struttura ricettiva, risparmiando.\" \/>\n<meta property=\"og:url\" content=\"https:\/\/ecobnb.it\/blog\/eventi\/fa-la-cosa-giusta-2014\/\" \/>\n<meta property=\"og:site_name\" content=\"Ecobnb\" \/>\n<meta property=\"article:publisher\" content=\"https:\/\/www.facebook.com\/viaggiverdi\" \/>\n<meta property=\"article:modified_time\" content=\"2016-02-25T13:56:25+00:00\" \/>\n<meta property=\"og:image\" content=\"https:\/\/ecobnb.it\/blog\/app\/uploads\/sites\/2\/2014\/01\/Laboratorio.jpg\" \/>\n\t<meta property=\"og:image:width\" content=\"1170\" \/>\n\t<meta property=\"og:image:height\" content=\"490\" \/>\n\t<meta property=\"og:image:type\" content=\"image\/jpeg\" \/>\n<meta name=\"twitter:label1\" content=\"Est. reading time\" \/>\n\t<meta name=\"twitter:data1\" content=\"2 minutes\" \/>\n<!-- \/ Yoast SEO plugin. -->","yoast_head_json":{"title":"Fa' La Cosa Giusta! Laboratorio Sostenibilit\u00e0 - Ecobnb","description":"A F\u00e0 la cosa giusta! 2014, un seminario di idee pratiche per scoprire come rendere pi\u00f9 eco sostenibile la tua struttura ricettiva, risparmiando.","robots":{"index":"index","follow":"follow","max-snippet":"max-snippet:-1","max-image-preview":"max-image-preview:large","max-video-preview":"max-video-preview:-1"},"canonical":"https:\/\/ecobnb.it\/blog\/eventi\/fa-la-cosa-giusta-2014\/","og_locale":"it_IT","og_type":"article","og_title":"Fa' La Cosa Giusta! Laboratorio Sostenibilit\u00e0 - Ecobnb","og_description":"A F\u00e0 la cosa giusta! 2014, un seminario di idee pratiche per scoprire come rendere pi\u00f9 eco sostenibile la tua struttura ricettiva, risparmiando.","og_url":"https:\/\/ecobnb.it\/blog\/eventi\/fa-la-cosa-giusta-2014\/","og_site_name":"Ecobnb","article_publisher":"https:\/\/www.facebook.com\/viaggiverdi","article_modified_time":"2016-02-25T13:56:25+00:00","og_image":[{"width":1170,"height":490,"url":"https:\/\/ecobnb.it\/blog\/app\/uploads\/sites\/2\/2014\/01\/Laboratorio.jpg","type":"image\/jpeg"}],"twitter_misc":{"Est. reading time":"2 minutes"},"schema":{"@context":"https:\/\/schema.org","@graph":[{"@type":"WebPage","@id":"https:\/\/ecobnb.it\/blog\/eventi\/fa-la-cosa-giusta-2014\/","url":"https:\/\/ecobnb.it\/blog\/eventi\/fa-la-cosa-giusta-2014\/","name":"Fa' La Cosa Giusta! Laboratorio Sostenibilit\u00e0 - Ecobnb","isPartOf":{"@id":"https:\/\/ecobnb.it\/blog\/#website"},"datePublished":"2014-01-13T07:50:24+00:00","dateModified":"2016-02-25T13:56:25+00:00","description":"A F\u00e0 la cosa giusta! 2014, un seminario di idee pratiche per scoprire come rendere pi\u00f9 eco sostenibile la tua struttura ricettiva, risparmiando.","breadcrumb":{"@id":"https:\/\/ecobnb.it\/blog\/eventi\/fa-la-cosa-giusta-2014\/#breadcrumb"},"inLanguage":"it-IT","potentialAction":[{"@type":"ReadAction","target":["https:\/\/ecobnb.it\/blog\/eventi\/fa-la-cosa-giusta-2014\/"]}]},{"@type":"BreadcrumbList","@id":"https:\/\/ecobnb.it\/blog\/eventi\/fa-la-cosa-giusta-2014\/#breadcrumb","itemListElement":[{"@type":"ListItem","position":1,"name":"Ecobnb Green Accademy: Eventi Formativi, workshop e Incontri","item":"https:\/\/ecobnb.it\/blog\/eventi\/"},{"@type":"ListItem","position":2,"name":"Fa&#8217; La Cosa Giusta! Laboratorio Sostenibilit\u00e0"}]},{"@type":"WebSite","@id":"https:\/\/ecobnb.it\/blog\/#website","url":"https:\/\/ecobnb.it\/blog\/","name":"Ecobnb","description":"Trova il tuo Alloggio Ecosostenibile","publisher":{"@id":"https:\/\/ecobnb.it\/blog\/#organization"},"potentialAction":[{"@type":"SearchAction","target":{"@type":"EntryPoint","urlTemplate":"https:\/\/ecobnb.it\/blog\/?s={search_term_string}"},"query-input":"required name=search_term_string"}],"inLanguage":"it-IT"},{"@type":"Organization","@id":"https:\/\/ecobnb.it\/blog\/#organization","name":"Ecobnb","url":"https:\/\/ecobnb.it\/blog\/","logo":{"@type":"ImageObject","inLanguage":"it-IT","@id":"https:\/\/ecobnb.it\/blog\/#\/schema\/logo\/image\/","url":"https:\/\/ecobnb.it\/blog\/app\/uploads\/sites\/2\/2016\/03\/logo_transparent_512x512.png","contentUrl":"https:\/\/ecobnb.it\/blog\/app\/uploads\/sites\/2\/2016\/03\/logo_transparent_512x512.png","width":512,"height":512,"caption":"Ecobnb"},"image":{"@id":"https:\/\/ecobnb.it\/blog\/#\/schema\/logo\/image\/"},"sameAs":["https:\/\/www.facebook.com\/viaggiverdi"]}]}},"_links":{"self":[{"href":"https:\/\/ecobnb.it\/blog\/wp-json\/wp\/v2\/pages\/5565"}],"collection":[{"href":"https:\/\/ecobnb.it\/blog\/wp-json\/wp\/v2\/pages"}],"about":[{"href":"https:\/\/ecobnb.it\/blog\/wp-json\/wp\/v2\/types\/page"}],"author":[{"embeddable":true,"href":"https:\/\/ecobnb.it\/blog\/wp-json\/wp\/v2\/users\/3"}],"replies":[{"embeddable":true,"href":"https:\/\/ecobnb.it\/blog\/wp-json\/wp\/v2\/comments?post=5565"}],"version-history":[{"count":77,"href":"https:\/\/ecobnb.it\/blog\/wp-json\/wp\/v2\/pages\/5565\/revisions"}],"predecessor-version":[{"id":16552,"href":"https:\/\/ecobnb.it\/blog\/wp-json\/wp\/v2\/pages\/5565\/revisions\/16552"}],"up":[{"embeddable":true,"href":"https:\/\/ecobnb.it\/blog\/wp-json\/wp\/v2\/pages\/16232"}],"wp:featuredmedia":[{"embeddable":true,"href":"https:\/\/ecobnb.it\/blog\/wp-json\/wp\/v2\/media\/6153"}],"wp:attachment":[{"href":"https:\/\/ecobnb.it\/blog\/wp-json\/wp\/v2\/media?parent=5565"}],"curies":[{"name":"wp","href":"https:\/\/api.w.org\/{rel}","templated":true}]}}