{"id":49410,"date":"2020-03-25T14:31:42","date_gmt":"2020-03-25T13:31:42","guid":{"rendered":"https:\/\/ecobnb.it\/blog\/?page_id=49410"},"modified":"2025-11-01T09:51:03","modified_gmt":"2025-11-01T08:51:03","slug":"prezzi-disponibilita-spazi","status":"publish","type":"page","link":"https:\/\/ecobnb.it\/blog\/prezzi-disponibilita-spazi\/","title":{"rendered":"Come Aggiornare Facilmente Prezzi e Disponibilit\u00e0 dei Tuoi Spazi su Ecobnb e Attivare l\u2019Instabooking"},"content":{"rendered":"<p data-start=\"283\" data-end=\"567\">Ecobnb ti permette di attivare il sistema di prenotazione rapida (Instabooking) e di aggiornare facilmente prezzi e disponibilit\u00e0 dei tuoi spazi in affitto. Puoi farlo manualmente oppure in modo automatico, collegando il tuo calendario con un Channel Manager o altri canali di vendita come Booking.com, Airbnb o Google Calendar.<\/p>\n<p data-start=\"907\" data-end=\"1033\"><strong>In questa guida imparerai a<\/strong>:<\/p>\n<ul data-start=\"1036\" data-end=\"1297\">\n<li data-start=\"1036\" data-end=\"1165\">\n<p data-start=\"1038\" data-end=\"1165\"><strong data-start=\"1038\" data-end=\"1163\">Connettere automaticamente i calendari dei tuoi spazi tramite iCal<\/strong>, sincronizzando le disponibilit\u00e0 con gli altri canali.<\/p>\n<\/li>\n<li data-start=\"1168\" data-end=\"1297\">\n<p data-start=\"1170\" data-end=\"1297\"><strong data-start=\"1170\" data-end=\"1295\">Attivare l\u2019Instabooking<\/strong>, il sistema di prenotazione rapida disponibile solo se tutti i tuoi calendari sono sincronizzati.<\/p>\n<\/li>\n<\/ul>\n<h2>Differenza tra prenotazione classica e Instabooking<\/h2>\n<ul>\n<li data-start=\"920\" data-end=\"1176\">\n<p data-start=\"922\" data-end=\"1019\"><strong data-start=\"922\" data-end=\"947\">Prenotazione classica<\/strong>: avviene in 3 passaggi e richiede sempre la conferma della struttura:<\/p>\n<ol data-start=\"1586\" data-end=\"1756\">\n<li data-start=\"1586\" data-end=\"1645\"><strong>Il viaggiatore invia la richiesta di disponibilit\u00e0<\/strong><\/li>\n<\/ol>\n<ol data-start=\"1022\" data-end=\"1176\">\n<li data-start=\"1080\" data-end=\"1129\">\n<p data-start=\"1083\" data-end=\"1129\"><strong>La struttura conferma disponibilit\u00e0 e prezzo<\/strong><\/p>\n<\/li>\n<li data-start=\"1132\" data-end=\"1176\">\n<p data-start=\"1135\" data-end=\"1176\"><strong>Il viaggiatore conferma la prenotazione<\/strong><\/p>\n<\/li>\n<\/ol>\n<\/li>\n<li data-start=\"1178\" data-end=\"1305\">\n<p data-start=\"1180\" data-end=\"1305\"><strong data-start=\"1180\" data-end=\"1196\">Instabooking<\/strong>: il viaggiatore verifica la disponibilit\u00e0 sul calendario e prenota immediatamente, senza ulteriori passaggi.<\/p>\n<\/li>\n<\/ul>\n<div id=\"attachment_86690\" class=\"thumbnail alignnone\"><img class=\"wp-image-86690 size-full\" src=\"https:\/\/ecobnb.it\/blog\/app\/uploads\/sites\/2\/2025\/09\/Instabooking.png\" alt=\"booking tradizionale e instabooking\" width=\"870\" height=\"490\" srcset=\"https:\/\/ecobnb.it\/blog\/app\/uploads\/sites\/2\/2025\/09\/Instabooking.png 870w, https:\/\/ecobnb.it\/blog\/app\/uploads\/sites\/2\/2025\/09\/Instabooking-536x302.png 536w, https:\/\/ecobnb.it\/blog\/app\/uploads\/sites\/2\/2025\/09\/Instabooking-768x433.png 768w, https:\/\/ecobnb.it\/blog\/app\/uploads\/sites\/2\/2025\/09\/Instabooking-570x320.png 570w, https:\/\/ecobnb.it\/blog\/app\/uploads\/sites\/2\/2025\/09\/Instabooking-344x194.png 344w\" sizes=\"(max-width: 870px) 100vw, 870px\" \/><div class=\"caption\">Booking tradizionale, in 3 passaggi (a sinistra), e instabooking (a destra)<\/div><\/div>\n<h2>Come aggiornare i prezzi e disponibilit\u00e0 dei tuoi spazi e attivare l&#8217;Instabooking su Ecobnb:<\/h2>\n<p>Per attivare l&#8217;Instabooking \u00e8 necessario prima:<\/p>\n<ul data-start=\"2541\" data-end=\"2787\">\n<li data-start=\"2541\" data-end=\"2626\">\n<p data-start=\"2543\" data-end=\"2626\"><strong data-start=\"2543\" data-end=\"2624\">sincronizzare tutti i calendari di disponibilit\u00e0 dei tuoi spazi tramite iCal;<\/strong><\/p>\n<\/li>\n<li data-start=\"2629\" data-end=\"2708\">\n<p data-start=\"2631\" data-end=\"2708\"><strong data-start=\"2631\" data-end=\"2706\">aggiornare i prezzi dei tuoi spazi nei vari giorni o periodi dell\u2019anno;<\/strong><\/p>\n<\/li>\n<li data-start=\"2711\" data-end=\"2787\">\n<p data-start=\"2713\" data-end=\"2787\"><strong data-start=\"2713\" data-end=\"2787\">indicare le condizioni di cancellazione della tua struttura su Ecobnb.<\/strong><\/p>\n<\/li>\n<\/ul>\n<p>Segui questi passaggi passo passo:<\/p>\n<h3>1. Fai <a href=\"https:\/\/ecobnb.it\/login\" target=\"_blank\" rel=\"noopener\">Login su Ecobnb<\/a><\/h3>\n<p><a href=\"https:\/\/ecobnb.it\/login\"><img class=\"alignnone size-large wp-image-49413\" src=\"https:\/\/ecobnb.it\/blog\/app\/uploads\/sites\/2\/2020\/03\/01-login-870x490.png\" alt=\"login\" width=\"870\" height=\"490\" srcset=\"https:\/\/ecobnb.it\/blog\/app\/uploads\/sites\/2\/2020\/03\/01-login-870x490.png 870w, https:\/\/ecobnb.it\/blog\/app\/uploads\/sites\/2\/2020\/03\/01-login-570x320.png 570w\" sizes=\"(max-width: 870px) 100vw, 870px\" \/><\/a><\/p>\n<p>Fai login ad ecobnb <a href=\"https:\/\/ecobnb.it\/login\" target=\"_blank\" rel=\"noopener\"><strong>seguendo questo link<\/strong><\/a>&nbsp; ed inserendo le tue credenziali (email e password). Se non ricordi la password, puoi recuperarla cliccando su \u201c<a href=\"https:\/\/ecobnb.it\/reset-password\" target=\"_blank\" rel=\"noopener\">Hai dimenticato la password?<\/a>\u201d.<\/p>\n<h3>2. Entra Nella Tua Pagina in Modalit\u00e0 Modifica<\/h3>\n<p><img class=\"alignnone wp-image-86722 size-full\" src=\"https:\/\/ecobnb.it\/blog\/app\/uploads\/sites\/2\/2025\/09\/menu-modifica.png\" alt=\"men\u00f9 modifica\" width=\"303\" height=\"307\"><\/p>\n<p>Seleziona il <strong data-start=\"141\" data-end=\"179\" data-is-only-node=\"\">nome della tua struttura ricettiva<\/strong> nel men\u00f9 principale in alto a destra, cliccando sul tuo <strong data-start=\"236\" data-end=\"254\">profilo utente<\/strong>, quindi scegli <strong data-start=\"270\" data-end=\"284\">\u201cModifica\u201d<\/strong>. In questo modo accederai alla modalit\u00e0 edit per aggiornare tutte le informazioni della tua struttura.<\/p>\n<h3>3. Verifica di aver inserito il prezzo della Tassa di Soggiorno<\/h3>\n<p><img class=\"alignnone size-large wp-image-86696\" src=\"https:\/\/ecobnb.it\/blog\/app\/uploads\/sites\/2\/2025\/09\/tassa-soggiorno-870x490.png\" alt=\"dove inserire la tassa soggiorno su Ecobnb\" width=\"870\" height=\"490\" srcset=\"https:\/\/ecobnb.it\/blog\/app\/uploads\/sites\/2\/2025\/09\/tassa-soggiorno-870x490.png 870w, https:\/\/ecobnb.it\/blog\/app\/uploads\/sites\/2\/2025\/09\/tassa-soggiorno-570x320.png 570w\" sizes=\"(max-width: 870px) 100vw, 870px\" \/><\/p>\n<p>Vai nella sezione <strong data-start=\"685\" data-end=\"704\">\u201cInfo Generali\u201d<\/strong> e inserisci il costo della <strong>tassa di soggiorno<\/strong> previsto dal tuo comune. Se non \u00e8 prevista tassa di soggiorno, inserisci \u201c0 \u20ac\u201d nel campo dedicato. Clicca sul pulsante verde &#8220;<strong>Salva<\/strong>&#8220;.<\/p>\n<h3>4. Aggiorna i Prezzi dei Tuoi Spazi<\/h3>\n<p><img class=\"alignnone wp-image-86699 size-full\" src=\"https:\/\/ecobnb.it\/blog\/app\/uploads\/sites\/2\/2025\/09\/calendario-prezzi.png\" alt=\"calendario prezzi degli spazi su Ecobnb\" width=\"1825\" height=\"721\" srcset=\"https:\/\/ecobnb.it\/blog\/app\/uploads\/sites\/2\/2025\/09\/calendario-prezzi.png 1825w, https:\/\/ecobnb.it\/blog\/app\/uploads\/sites\/2\/2025\/09\/calendario-prezzi-536x212.png 536w, https:\/\/ecobnb.it\/blog\/app\/uploads\/sites\/2\/2025\/09\/calendario-prezzi-768x303.png 768w, https:\/\/ecobnb.it\/blog\/app\/uploads\/sites\/2\/2025\/09\/calendario-prezzi-1536x607.png 1536w, https:\/\/ecobnb.it\/blog\/app\/uploads\/sites\/2\/2025\/09\/calendario-prezzi-344x136.png 344w\" sizes=\"(max-width: 1825px) 100vw, 1825px\" \/><\/p>\n<p>Vai su &#8220;<strong>Calendario e Prezzi<\/strong>&#8220;. Seleziona ciascun spazio per aggiornare i suoi prezzi. Salva le modifiche, cliccando sul pulsante verde &#8220;<strong>Salva<\/strong>&#8221; in fondo alla pagina.<\/p>\n<p>Se i prezzi variano in base alle stagioni, puoi impostare delle <strong><a href=\"https:\/\/ecobnb.it\/blog\/tariffe-stagionali\/\" target=\"_blank\" rel=\"noopener\">Tariffe Stagionali, come spiegato qui<\/a><\/strong>.<\/p>\n<h3>5. Sincronizza i Calendari dei Tuoi Spazi tramite iCal<\/h3>\n<p><img class=\"alignnone wp-image-86702 size-full\" src=\"https:\/\/ecobnb.it\/blog\/app\/uploads\/sites\/2\/2025\/09\/sincronizza-ical.png\" alt=\"\" width=\"1822\" height=\"1118\" srcset=\"https:\/\/ecobnb.it\/blog\/app\/uploads\/sites\/2\/2025\/09\/sincronizza-ical.png 1822w, https:\/\/ecobnb.it\/blog\/app\/uploads\/sites\/2\/2025\/09\/sincronizza-ical-536x329.png 536w, https:\/\/ecobnb.it\/blog\/app\/uploads\/sites\/2\/2025\/09\/sincronizza-ical-768x471.png 768w, https:\/\/ecobnb.it\/blog\/app\/uploads\/sites\/2\/2025\/09\/sincronizza-ical-1536x943.png 1536w, https:\/\/ecobnb.it\/blog\/app\/uploads\/sites\/2\/2025\/09\/sincronizza-ical-344x211.png 344w\" sizes=\"(max-width: 1822px) 100vw, 1822px\" \/><\/p>\n<p>All\u2019interno della sezione <strong data-start=\"2791\" data-end=\"2816\">\u201cCalendario e Prezzi\u201d<\/strong>, seleziona ciascuno spazio in affitto per sincronizzarlo con <strong data-start=\"2878\" data-end=\"2897\">Calendario iCal<\/strong>:<\/p>\n<ol>\n<li>Clicca su &#8220;<strong>Importa Calendario<\/strong>&#8220;<\/li>\n<li data-start=\"2940\" data-end=\"2999\">\n<p data-start=\"2943\" data-end=\"2999\">Inserisci il nome del calendario (ad es. \u201cStanza Blu\u201d)<\/p>\n<\/li>\n<li data-start=\"3000\" data-end=\"3094\">\n<p data-start=\"3003\" data-end=\"3094\"><strong>Inserisci il link del tuo iCal<\/strong> proveniente dal channel manager o calendario centralizzato<\/p>\n<\/li>\n<li data-start=\"3095\" data-end=\"3134\">\n<p data-start=\"3098\" data-end=\"3134\">Clicca sul pulsante <strong data-start=\"3108\" data-end=\"3132\">\u201cImporta Calendario\u201d<\/strong><\/p>\n<\/li>\n<li data-start=\"3135\" data-end=\"3290\">\n<p data-start=\"3138\" data-end=\"3290\">Clicca su <strong data-start=\"3148\" data-end=\"3172\">\u201cEsporta Calendario\u201d<\/strong>: comparir\u00e0 il link del tuo iCal di Ecobnb da copiare e importare sul tuo channel manager o calendario centralizzato<\/p>\n<\/li>\n<li data-start=\"3291\" data-end=\"3346\">\n<p data-start=\"3294\" data-end=\"3346\">Clicca sul pulsante <strong data-start=\"3314\" data-end=\"3325\">\u201cSalva\u201d<\/strong> in fondo alla pagina<\/p>\n<\/li>\n<\/ol>\n<div class=\"embed-container\"><iframe loading=\"lazy\" title=\"Nuovo Sistema di Prenotazione - Inserimento Dati\" width=\"1170\" height=\"658\" src=\"https:\/\/www.youtube.com\/embed\/3eRY_Vp8Ai0?start=490&#038;feature=oembed&#038;enablejsapi=1&#038;origin=https:\/\/ecobnb.it\" frameborder=\"0\" allow=\"accelerometer; autoplay; clipboard-write; encrypted-media; gyroscope; picture-in-picture; web-share\" referrerpolicy=\"strict-origin-when-cross-origin\" allowfullscreen><\/iframe><\/div>\n<h3>6. Aggiorna i termini di pagamento e di cancellazione della tua struttura<\/h3>\n<p>Vai nella sezione <strong data-start=\"3427\" data-end=\"3442\">\u201cPropriet\u00e0\u201d<\/strong> per aggiornare i termini di pagamento e cancellazione della tua struttura:<img class=\"alignnone wp-image-86708 size-full\" src=\"https:\/\/ecobnb.it\/blog\/app\/uploads\/sites\/2\/2025\/09\/termini-pagamento-e-cancellazione.png\" alt=\"termini pagamento e cancellazione su Ecobnb\" width=\"1832\" height=\"753\" srcset=\"https:\/\/ecobnb.it\/blog\/app\/uploads\/sites\/2\/2025\/09\/termini-pagamento-e-cancellazione.png 1832w, https:\/\/ecobnb.it\/blog\/app\/uploads\/sites\/2\/2025\/09\/termini-pagamento-e-cancellazione-536x220.png 536w, https:\/\/ecobnb.it\/blog\/app\/uploads\/sites\/2\/2025\/09\/termini-pagamento-e-cancellazione-768x316.png 768w, https:\/\/ecobnb.it\/blog\/app\/uploads\/sites\/2\/2025\/09\/termini-pagamento-e-cancellazione-1536x631.png 1536w, https:\/\/ecobnb.it\/blog\/app\/uploads\/sites\/2\/2025\/09\/termini-pagamento-e-cancellazione-344x141.png 344w\" sizes=\"(max-width: 1832px) 100vw, 1832px\" \/><\/p>\n<ul>\n<li data-start=\"96\" data-end=\"169\">\n<p data-start=\"98\" data-end=\"169\">Indica se \u00e8 richiesta una <strong data-start=\"124\" data-end=\"135\">caparra<\/strong> per confermare la prenotazione.<\/p>\n<\/li>\n<li data-start=\"170\" data-end=\"271\">\n<p data-start=\"172\" data-end=\"271\">Seleziona il <strong data-start=\"185\" data-end=\"205\">numero di giorni<\/strong> entro cui \u00e8 possibile effettuare la <strong data-start=\"242\" data-end=\"268\">cancellazione gratuita<\/strong>.<\/p>\n<\/li>\n<li data-start=\"272\" data-end=\"713\">\n<p data-start=\"274\" data-end=\"372\">Inserisci tutte le informazioni aggiuntive relative a <strong data-start=\"328\" data-end=\"357\">pagamenti e cancellazioni<\/strong>, ad esempio:<\/p>\n<ul data-start=\"375\" data-end=\"713\">\n<li data-start=\"375\" data-end=\"460\">\n<p data-start=\"377\" data-end=\"460\">specifica l\u2019<strong data-start=\"389\" data-end=\"414\">importo della caparra<\/strong> richiesto (in percentuale o importo fisso);<\/p>\n<\/li>\n<li data-start=\"463\" data-end=\"555\">\n<p data-start=\"465\" data-end=\"555\">indica la <strong data-start=\"475\" data-end=\"514\">modalit\u00e0 di pagamento della caparra<\/strong>, ad esempio tramite bonifico con IBAN;<\/p>\n<\/li>\n<li data-start=\"558\" data-end=\"638\">\n<p data-start=\"560\" data-end=\"638\">descrivi le <strong data-start=\"572\" data-end=\"611\">modalit\u00e0 di pagamento del soggiorno<\/strong> all\u2019arrivo in struttura;<\/p>\n<\/li>\n<li data-start=\"641\" data-end=\"713\">\n<p data-start=\"643\" data-end=\"713\">precisa il <strong data-start=\"654\" data-end=\"681\">metodo di cancellazione<\/strong> adottato dalla tua struttura.<\/p>\n<\/li>\n<\/ul>\n<\/li>\n<\/ul>\n<h3>7. Attiva l&#8217;Instabooking<\/h3>\n<p><img class=\"alignnone wp-image-86712 size-full\" src=\"https:\/\/ecobnb.it\/blog\/app\/uploads\/sites\/2\/2025\/09\/instabooking-1.png\" alt=\"instabooking\" width=\"1825\" height=\"877\" srcset=\"https:\/\/ecobnb.it\/blog\/app\/uploads\/sites\/2\/2025\/09\/instabooking-1.png 1825w, https:\/\/ecobnb.it\/blog\/app\/uploads\/sites\/2\/2025\/09\/instabooking-1-536x258.png 536w, https:\/\/ecobnb.it\/blog\/app\/uploads\/sites\/2\/2025\/09\/instabooking-1-768x369.png 768w, https:\/\/ecobnb.it\/blog\/app\/uploads\/sites\/2\/2025\/09\/instabooking-1-1536x738.png 1536w, https:\/\/ecobnb.it\/blog\/app\/uploads\/sites\/2\/2025\/09\/instabooking-1-344x165.png 344w\" sizes=\"(max-width: 1825px) 100vw, 1825px\" \/><\/p>\n<p>Per attivare la prenotazione <strong data-start=\"4068\" data-end=\"4083\">instantanea<\/strong>, conferma le informazioni inserite relative a:<\/p>\n<ul data-start=\"4132\" data-end=\"4200\">\n<li data-start=\"4132\" data-end=\"4176\">\n<p data-start=\"4134\" data-end=\"4176\">Termini di pagamento e <strong data-start=\"4157\" data-end=\"4174\">cancellazione<\/strong><\/p>\n<\/li>\n<li data-start=\"4177\" data-end=\"4200\">\n<p data-start=\"4179\" data-end=\"4200\">Prezzi dei tuoi spazi<\/p>\n<\/li>\n<\/ul>\n<p data-start=\"4202\" data-end=\"4258\">Poi clicca sul pulsante verde <strong data-start=\"4232\" data-end=\"4257\">\u201cAttiva Instabooking\u201d<\/strong>.<\/p>\n<h2>Perch\u00e9 Attivare la Prenotazione Veloce \u00e8 Importante<\/h2>\n<p data-start=\"4321\" data-end=\"4382\">Aggiornando calendario prezzi e disponibilit\u00e0 dei tuoi spazi:<\/p>\n<ul data-start=\"4384\" data-end=\"4652\">\n<li data-start=\"4384\" data-end=\"4484\">\n<p data-start=\"4386\" data-end=\"4484\"><strong data-start=\"4386\" data-end=\"4482\">I viaggiatori vedranno subito i prezzi reali degli spazi e potranno prenotare pi\u00f9 facilmente<\/strong><\/p>\n<\/li>\n<li data-start=\"4485\" data-end=\"4568\">\n<p data-start=\"4487\" data-end=\"4568\"><strong data-start=\"4487\" data-end=\"4566\">Riceverai automaticamente da Ecobnb le prenotazioni per le date disponibili<\/strong><\/p>\n<\/li>\n<li data-start=\"4569\" data-end=\"4652\">\n<p data-start=\"4571\" data-end=\"4652\"><strong data-start=\"4571\" data-end=\"4650\">Ti accorderai direttamente con i viaggiatori per il pagamento del soggiorno<\/strong><\/p>\n<\/li>\n<\/ul>\n<p data-start=\"4654\" data-end=\"4814\">La prenotazione potr\u00e0 avvenire in modo diretto e istantaneo: il viaggiatore verifica la disponibilit\u00e0 dello spazio, che sar\u00e0 sincronizzata con gli altri canali.<\/p>\n<h3 data-start=\"4821\" data-end=\"4841\">Cosa Succede se\u2026<\/h3>\n<p data-start=\"4843\" data-end=\"4972\"><strong data-start=\"4843\" data-end=\"4874\">Non aggiorno i miei prezzi:<\/strong> riceverai richieste di prenotazione con prezzi non corretti, che potrebbero non andare a buon fine.<\/p>\n<p data-start=\"4974\" data-end=\"5069\"><strong data-start=\"4974\" data-end=\"5008\">Non sincronizzo il calendario:<\/strong> potresti ricevere richieste per periodi gi\u00e0 non disponibili.<\/p>\n<p data-start=\"4974\" data-end=\"5069\"><strong>Non attivo l&#8217;Instabooking<\/strong>: Il viaggiatore non potr\u00e0 prenotare direttamente e dovr\u00e0 inviare una richiesta di disponibilit\u00e0. La struttura dovr\u00e0 confermare manualmente la disponibilit\u00e0 e il prezzo, e il processo di prenotazione avverr\u00e0 in <strong data-start=\"580\" data-end=\"596\">tre passaggi<\/strong>: richiesta \u2192 conferma della struttura \u2192 conferma del viaggiatore. Questo pu\u00f2 rallentare le prenotazioni e ridurre la possibilit\u00e0 di ricevere prenotazioni da Ecobnb.<\/p>\n<hr data-start=\"5071\" data-end=\"5074\">\n<h3 data-start=\"5076\" data-end=\"5100\">Hai Dubbi o Domande?<\/h3>\n<p data-start=\"5102\" data-end=\"5159\">Scrivici a <strong data-start=\"5113\" data-end=\"5132\"><a class=\"decorated-link cursor-pointer\" rel=\"noopener\" data-start=\"5115\" data-end=\"5130\">info@ecobnb.com<\/a><\/strong>. Siamo felici di aiutarti!<\/p>\n","protected":false},"excerpt":{"rendered":"<p>Ecobnb ti permette di attivare il sistema di prenotazione rapida (Instabooking) e di aggiornare facilmente prezzi e disponibilit\u00e0 dei tuoi spazi in affitto. Puoi farlo manualmente oppure in modo automatico, collegando il tuo calendario con un Channel Manager o altri canali di vendita come Booking.com, Airbnb o Google Calendar. In questa guida imparerai a: Connettere [&hellip;]<\/p>\n","protected":false},"author":3,"featured_media":86726,"parent":0,"menu_order":0,"comment_status":"closed","ping_status":"open","template":"","meta":[],"acf":[],"yoast_head":"<!-- This site is optimized with the Yoast SEO plugin v19.9 - https:\/\/yoast.com\/wordpress\/plugins\/seo\/ -->\n<title>Come Aggiornare Prezzi e Disponibilit\u00e0 e Attivare l&#039;Instabooking<\/title>\n<meta name=\"description\" content=\"Scopri come inserire i prezzi e aggiornare facilmente le disponibilit\u00e0 dei tuoi spazi su Ecobnb, collegandoti al tuo Channel Manager\" \/>\n<meta name=\"robots\" content=\"index, follow, max-snippet:-1, max-image-preview:large, max-video-preview:-1\" \/>\n<link rel=\"canonical\" href=\"https:\/\/ecobnb.it\/blog\/prezzi-disponibilita-spazi\/\" \/>\n<meta property=\"og:locale\" content=\"it_IT\" \/>\n<meta property=\"og:type\" content=\"article\" \/>\n<meta property=\"og:title\" content=\"Come Aggiornare Prezzi e Disponibilit\u00e0 e Attivare l&#039;Instabooking\" \/>\n<meta property=\"og:description\" content=\"Scopri come inserire i prezzi e aggiornare facilmente le disponibilit\u00e0 dei tuoi spazi su Ecobnb, collegandoti al tuo Channel Manager\" \/>\n<meta property=\"og:url\" content=\"https:\/\/ecobnb.it\/blog\/prezzi-disponibilita-spazi\/\" \/>\n<meta property=\"og:site_name\" content=\"Ecobnb\" \/>\n<meta property=\"article:publisher\" content=\"https:\/\/www.facebook.com\/viaggiverdi\" \/>\n<meta property=\"article:modified_time\" content=\"2025-11-01T08:51:03+00:00\" \/>\n<meta property=\"og:image\" content=\"https:\/\/ecobnb.it\/blog\/app\/uploads\/sites\/2\/2025\/09\/come-aggiornare-calendario-e-prezzi-su-ecobnb.png\" \/>\n\t<meta property=\"og:image:width\" content=\"1170\" \/>\n\t<meta property=\"og:image:height\" content=\"490\" \/>\n\t<meta property=\"og:image:type\" content=\"image\/png\" \/>\n<meta name=\"twitter:label1\" content=\"Est. reading time\" \/>\n\t<meta name=\"twitter:data1\" content=\"6 minutes\" \/>\n<!-- \/ Yoast SEO plugin. -->","yoast_head_json":{"title":"Come Aggiornare Prezzi e Disponibilit\u00e0 e Attivare l'Instabooking","description":"Scopri come inserire i prezzi e aggiornare facilmente le disponibilit\u00e0 dei tuoi spazi su Ecobnb, collegandoti al tuo Channel Manager","robots":{"index":"index","follow":"follow","max-snippet":"max-snippet:-1","max-image-preview":"max-image-preview:large","max-video-preview":"max-video-preview:-1"},"canonical":"https:\/\/ecobnb.it\/blog\/prezzi-disponibilita-spazi\/","og_locale":"it_IT","og_type":"article","og_title":"Come Aggiornare Prezzi e Disponibilit\u00e0 e Attivare l'Instabooking","og_description":"Scopri come inserire i prezzi e aggiornare facilmente le disponibilit\u00e0 dei tuoi spazi su Ecobnb, collegandoti al tuo Channel Manager","og_url":"https:\/\/ecobnb.it\/blog\/prezzi-disponibilita-spazi\/","og_site_name":"Ecobnb","article_publisher":"https:\/\/www.facebook.com\/viaggiverdi","article_modified_time":"2025-11-01T08:51:03+00:00","og_image":[{"width":1170,"height":490,"url":"https:\/\/ecobnb.it\/blog\/app\/uploads\/sites\/2\/2025\/09\/come-aggiornare-calendario-e-prezzi-su-ecobnb.png","type":"image\/png"}],"twitter_misc":{"Est. reading time":"6 minutes"},"schema":{"@context":"https:\/\/schema.org","@graph":[{"@type":"WebPage","@id":"https:\/\/ecobnb.it\/blog\/prezzi-disponibilita-spazi\/","url":"https:\/\/ecobnb.it\/blog\/prezzi-disponibilita-spazi\/","name":"Come Aggiornare Prezzi e Disponibilit\u00e0 e Attivare l'Instabooking","isPartOf":{"@id":"https:\/\/ecobnb.it\/blog\/#website"},"datePublished":"2020-03-25T13:31:42+00:00","dateModified":"2025-11-01T08:51:03+00:00","description":"Scopri come inserire i prezzi e aggiornare facilmente le disponibilit\u00e0 dei tuoi spazi su Ecobnb, collegandoti al tuo Channel Manager","inLanguage":"it-IT","potentialAction":[{"@type":"ReadAction","target":["https:\/\/ecobnb.it\/blog\/prezzi-disponibilita-spazi\/"]}]},{"@type":"WebSite","@id":"https:\/\/ecobnb.it\/blog\/#website","url":"https:\/\/ecobnb.it\/blog\/","name":"Ecobnb","description":"Trova il tuo Alloggio Ecosostenibile","publisher":{"@id":"https:\/\/ecobnb.it\/blog\/#organization"},"potentialAction":[{"@type":"SearchAction","target":{"@type":"EntryPoint","urlTemplate":"https:\/\/ecobnb.it\/blog\/?s={search_term_string}"},"query-input":"required name=search_term_string"}],"inLanguage":"it-IT"},{"@type":"Organization","@id":"https:\/\/ecobnb.it\/blog\/#organization","name":"Ecobnb","url":"https:\/\/ecobnb.it\/blog\/","logo":{"@type":"ImageObject","inLanguage":"it-IT","@id":"https:\/\/ecobnb.it\/blog\/#\/schema\/logo\/image\/","url":"https:\/\/ecobnb.it\/blog\/app\/uploads\/sites\/2\/2016\/03\/logo_transparent_512x512.png","contentUrl":"https:\/\/ecobnb.it\/blog\/app\/uploads\/sites\/2\/2016\/03\/logo_transparent_512x512.png","width":512,"height":512,"caption":"Ecobnb"},"image":{"@id":"https:\/\/ecobnb.it\/blog\/#\/schema\/logo\/image\/"},"sameAs":["https:\/\/www.facebook.com\/viaggiverdi"]}]}},"_links":{"self":[{"href":"https:\/\/ecobnb.it\/blog\/wp-json\/wp\/v2\/pages\/49410"}],"collection":[{"href":"https:\/\/ecobnb.it\/blog\/wp-json\/wp\/v2\/pages"}],"about":[{"href":"https:\/\/ecobnb.it\/blog\/wp-json\/wp\/v2\/types\/page"}],"author":[{"embeddable":true,"href":"https:\/\/ecobnb.it\/blog\/wp-json\/wp\/v2\/users\/3"}],"replies":[{"embeddable":true,"href":"https:\/\/ecobnb.it\/blog\/wp-json\/wp\/v2\/comments?post=49410"}],"version-history":[{"count":49,"href":"https:\/\/ecobnb.it\/blog\/wp-json\/wp\/v2\/pages\/49410\/revisions"}],"predecessor-version":[{"id":87638,"href":"https:\/\/ecobnb.it\/blog\/wp-json\/wp\/v2\/pages\/49410\/revisions\/87638"}],"wp:featuredmedia":[{"embeddable":true,"href":"https:\/\/ecobnb.it\/blog\/wp-json\/wp\/v2\/media\/86726"}],"wp:attachment":[{"href":"https:\/\/ecobnb.it\/blog\/wp-json\/wp\/v2\/media?parent=49410"}],"curies":[{"name":"wp","href":"https:\/\/api.w.org\/{rel}","templated":true}]}}