{"id":48279,"date":"2020-02-24T14:39:28","date_gmt":"2020-02-24T13:39:28","guid":{"rendered":"https:\/\/ecobnb.it\/blog\/?page_id=48279"},"modified":"2020-02-24T14:41:06","modified_gmt":"2020-02-24T13:41:06","slug":"giornate-erasmus-sostenibilita-rotterdam","status":"publish","type":"page","link":"https:\/\/ecobnb.it\/blog\/eventi\/giornate-erasmus-sostenibilita-rotterdam\/","title":{"rendered":"Ecobnb alle Giornate Erasmus della Sostenibilit\u00e0 a Rotterdam"},"content":{"rendered":"<h2>Come cambiare in modo radicale il turismo, affrontando il cambiamento climatico? L&#8217;argomento sar\u00e0 discusso da Ecobnb durante le Giornate Erasmus della Sostenibilit\u00e0 a Rotterdam.<\/h2>\n<p>L&#8217;<a href=\"https:\/\/www.eshub.nl\/\" target=\"_blank\" rel=\"noopener\">Erasmus Sustainable Hub<\/a> ha organizzato, durante le <a href=\"http:\/\/www.sustainabilitydays.nl\/\" target=\"_blank\" rel=\"noopener\">Giornate Erasmus della Sostenibilit\u00e0,\u00a0<\/a>un incontro molto interessante riguardo l&#8217;industria del turismo sostenibile.<br \/>\nL&#8217;evento mira non solo a rendere le persone pi\u00f9 consapevoli riguardo le iniziative eco-friendly ma anche a metterle in contatto con le organizzazioni che promuovono tali iniziative. La versione rinnovata nel 2020 ha ampliato l&#8217;attenzione iniziale sul business sostenibile per includere anche il diritto, la politica, la scienza, la tecnologia, l&#8217;arte. Chiunque nella moderna societ\u00e0 pu\u00f2 essere coinvolto nelle iniziative sostenbili, e grazie alle Giornate Erasmus della Sostenibilit\u00e0 possiamo scoprire come.<br \/>\n<img class=\"alignnone size-full wp-image-48269\" src=\"https:\/\/ecobnb.it\/blog\/app\/uploads\/sites\/2\/2020\/02\/erasmus-sustainability-days-536x536.png\" alt=\"Giornate Erasmus Sostenibilit\u00e0\" width=\"536\" height=\"536\" srcset=\"https:\/\/ecobnb.it\/blog\/app\/uploads\/sites\/2\/2020\/02\/erasmus-sustainability-days-536x536.png 536w, https:\/\/ecobnb.it\/blog\/app\/uploads\/sites\/2\/2020\/02\/erasmus-sustainability-days-536x536-344x344.png 344w\" sizes=\"(max-width: 536px) 100vw, 536px\" \/><\/p>\n<h2>Quando<\/h2>\n<p>27 Febbraio 2020 &#8211; dalle 13.00 alle 14:15<\/p>\n<h2>Dove<\/h2>\n<p>Erasmus University Rotterdam<\/p>\n<p>Burgemeester Oudlaan 50, 3062 PA Rotterdam<\/p>\n<h2>Affrontare il cambiamento climatico cambiando la nostra idea di turismo<\/h2>\n<div id=\"attachment_48270\" class=\"thumbnail alignnone\"><img class=\"size-full wp-image-48270\" src=\"https:\/\/ecobnb.it\/blog\/app\/uploads\/sites\/2\/2020\/02\/tourism-in-poland-870x490.jpg\" alt=\"Turismo pi\u00f9 sostenibile\" width=\"870\" height=\"490\" srcset=\"https:\/\/ecobnb.it\/blog\/app\/uploads\/sites\/2\/2020\/02\/tourism-in-poland-870x490.jpg 870w, https:\/\/ecobnb.it\/blog\/app\/uploads\/sites\/2\/2020\/02\/tourism-in-poland-870x490-536x302.jpg 536w, https:\/\/ecobnb.it\/blog\/app\/uploads\/sites\/2\/2020\/02\/tourism-in-poland-870x490-768x433.jpg 768w, https:\/\/ecobnb.it\/blog\/app\/uploads\/sites\/2\/2020\/02\/tourism-in-poland-870x490-570x320.jpg 570w, https:\/\/ecobnb.it\/blog\/app\/uploads\/sites\/2\/2020\/02\/tourism-in-poland-870x490-344x194.jpg 344w\" sizes=\"(max-width: 870px) 100vw, 870px\" \/><div class=\"caption\">photo via unsplash<\/div><\/div>\n<p>L&#8217;industria del turismo \u00e8 cresciuta in modo spropositato negli ultimi decenni a causa dell&#8217;aumento di compagnie aeree a basso costo e della maggiore accessibilit\u00e0. Tuttavia, analogamente ad altri settori economici, questa crescita sta avendo un costo da pagare. Nelle citt\u00e0 pi\u00f9 popolari, i residenti locali stanno opponendo resistenza contro le ondate di turisti che invadono le attrazioni pi\u00f9 famose. I siti naturali sono minacciati dal degrado ecologico, mentre l&#8217;uso eccessivo di<a href=\"https:\/\/ecobnb.it\/blog\/2019\/10\/viaggiare-aereo\/\" target=\"_blank\" rel=\"noopener\"> trasporti aereo<\/a> per raggiungere queste destinazioni contribuisce al <a href=\"https:\/\/ecobnb.it\/blog\/2016\/05\/cambiamento-climatico-viaggi-verdi\/\" target=\"_blank\" rel=\"noopener\">cambiamento climatico<\/a>.<br \/>\nI fornitori su scala globale, inoltre, riescono facilmente a surclassare i venditori locali, creando un vuoto incolmabile nello sviluppo delle economie locali.<\/p>\n<div id=\"attachment_48271\" class=\"thumbnail alignnone\"><img class=\"size-full wp-image-48271\" src=\"https:\/\/ecobnb.it\/blog\/app\/uploads\/sites\/2\/2020\/02\/emissions-per-vehicle-and-number-of-people-graph_1140x500.png\" alt=\"Viaggiare in modo sostenibile\" width=\"1140\" height=\"500\" srcset=\"https:\/\/ecobnb.it\/blog\/app\/uploads\/sites\/2\/2020\/02\/emissions-per-vehicle-and-number-of-people-graph_1140x500.png 1140w, https:\/\/ecobnb.it\/blog\/app\/uploads\/sites\/2\/2020\/02\/emissions-per-vehicle-and-number-of-people-graph_1140x500-536x235.png 536w, https:\/\/ecobnb.it\/blog\/app\/uploads\/sites\/2\/2020\/02\/emissions-per-vehicle-and-number-of-people-graph_1140x500-768x337.png 768w, https:\/\/ecobnb.it\/blog\/app\/uploads\/sites\/2\/2020\/02\/emissions-per-vehicle-and-number-of-people-graph_1140x500-344x151.png 344w\" sizes=\"(max-width: 1140px) 100vw, 1140px\" \/><div class=\"caption\">Numero di emissioni in rapporto al veicolo utilizzato e al numero di persone<\/div><\/div>\n<p>Durante questo evento i relatori, che rappresentano la domanda e l&#8217;offerta dell&#8217;industria turistica, si riuniranno per condividere le loro visioni sulla svolta del settore turistico al fin di renderlo pi\u00f9 sostenibile. Prepareranno brevi presentazioni per mostrare al pubblico in che modo le loro aziende cercano quotidianamente di seguire un percorso pi\u00f9 eco-friendly.<\/p>\n<p><img class=\"alignnone size-full wp-image-48272\" src=\"https:\/\/ecobnb.it\/blog\/app\/uploads\/sites\/2\/2020\/02\/university-870x490.jpg\" alt=\"Meeting caf\u00e8\" width=\"870\" height=\"490\" srcset=\"https:\/\/ecobnb.it\/blog\/app\/uploads\/sites\/2\/2020\/02\/university-870x490.jpg 870w, https:\/\/ecobnb.it\/blog\/app\/uploads\/sites\/2\/2020\/02\/university-870x490-536x302.jpg 536w, https:\/\/ecobnb.it\/blog\/app\/uploads\/sites\/2\/2020\/02\/university-870x490-768x433.jpg 768w, https:\/\/ecobnb.it\/blog\/app\/uploads\/sites\/2\/2020\/02\/university-870x490-570x320.jpg 570w, https:\/\/ecobnb.it\/blog\/app\/uploads\/sites\/2\/2020\/02\/university-870x490-344x194.jpg 344w\" sizes=\"(max-width: 870px) 100vw, 870px\" \/><\/p>\n<p>I partecipanti, dal loro punto di vista di consumatori, impareranno come fare scelte responsabili e ottenere esperienze migliori.<br \/>\nVerranno mostrati gli aspetti negativi dell&#8217;industria turistica tradizionale, come il tenere animali in cattivit\u00e0. Dal punto di vista delle aziende, invece, verr\u00e0 messo in luce un modo pi\u00f9 sostenibile per offrire servizi turistici, che garantisca la partecipazione delle piccole imprese locali e che non abbia un impatto negativo sull&#8217;ambiente circostante.<\/p>\n<h2>Partecipanti<\/h2>\n<h2>Gutundgut<\/h2>\n<p>Societ\u00e0 specializzata nello sviluppo e nella realizzazione di progetti nel settore turistico, del tempo libero e della cultura. Con la loro produzione, mirano a raggiungere un alto livello di sostenibilit\u00e0 ambientale e sociale. Su richiesta del governo tedesco, i loro lavori recenti sono volti a sviluppare una strategia integrativa per il turismo nel sud dell&#8217;Albania.<\/p>\n<h3>Fair Tourism<\/h3>\n<p>Un&#8217;azienda turistica sostenibile che si occupa non solo di preservare l&#8217;ambiente ma anche di garantire il coinvolgimento e la partecipazione delle comunit\u00e0 locali al turismo. La societ\u00e0 collabora attivamente con tutte le parti interessate (ONG, governi, ecc.) per garantire che il turismo sostenibile venga messo al primo posto.<\/p>\n<h3>Fly Green<\/h3>\n<p>Un sito web per prenotare voli tramite cui i consumatori possono confrontare i prezzi dei voli e compensare, almeno in parte, le emissioni di CO2 prodotte. Fly Green cerca di compensare tali emissioni piantando alberi e installando pannelli solari.<\/p>\n<h2>Ecobnb<\/h2>\n<p>Ecobnb \u00e8 una piattaforma che facilita il turismo sostenibile fornendo alloggi eco-friendly per i viaggiatori. Questa start-up \u00e8 l&#8217;emblema della nuova idea di turismo sostenibile ed eco-friendly. <a href=\"https:\/\/ecobnb.it\/blog\/2019\/11\/vegotel-soggiorni-vegani-e-sostenibili\/\" target=\"_blank\" rel=\"noopener\">Vegotel<\/a> \u00e8 il primo hotel completamente vegan nei Paesi Bassi. Sono specializzati nell&#8217;offrire alloggi sostenibili per i turisti, dando attenzione ad offrire menu vegani ecc. &#8211; tutto ci\u00f2 che pu\u00f2 servire per rendere la tua esperienza turistica pi\u00f9 eco-friendly.<\/p>\n<p><strong>Info<\/strong>: <a href=\"https:\/\/www.facebook.com\/events\/s\/erasmus-sustainability-days-20\/166439361289044\/\" target=\"_blank\" rel=\"noopener\">Pagina Facebook dell&#8217;Evento<\/a><\/p>\n","protected":false},"excerpt":{"rendered":"<p>Come cambiare in modo radicale il turismo, affrontando il cambiamento climatico? L&#8217;argomento sar\u00e0 discusso da Ecobnb durante le Giornate Erasmus della Sostenibilit\u00e0 a Rotterdam. L&#8217;Erasmus Sustainable Hub ha organizzato, durante le Giornate Erasmus della Sostenibilit\u00e0,\u00a0un incontro molto interessante riguardo l&#8217;industria del turismo sostenibile. L&#8217;evento mira non solo a rendere le persone pi\u00f9 consapevoli riguardo le [&hellip;]<\/p>\n","protected":false},"author":128,"featured_media":48253,"parent":16232,"menu_order":0,"comment_status":"closed","ping_status":"open","template":"","meta":[],"acf":[],"yoast_head":"<!-- This site is optimized with the Yoast SEO plugin v19.9 - https:\/\/yoast.com\/wordpress\/plugins\/seo\/ -->\n<title>Ecobnb alle Giornate Erasmus della Sostenibilit\u00e0 a Rotterdam - Ecobnb<\/title>\n<meta name=\"description\" content=\"Durante le Giornate Erasmus della Sostenibilit\u00e0 di Rotterdam si parla di Turismo Sostenibile: un incontro molto interessante a cui partecipa anche Ecobnb!\" \/>\n<meta name=\"robots\" content=\"index, follow, max-snippet:-1, max-image-preview:large, max-video-preview:-1\" \/>\n<link rel=\"canonical\" href=\"https:\/\/ecobnb.it\/blog\/eventi\/giornate-erasmus-sostenibilita-rotterdam\/\" \/>\n<meta property=\"og:locale\" content=\"it_IT\" \/>\n<meta property=\"og:type\" content=\"article\" \/>\n<meta property=\"og:title\" content=\"Ecobnb alle Giornate Erasmus della Sostenibilit\u00e0 a Rotterdam - Ecobnb\" \/>\n<meta property=\"og:description\" content=\"Durante le Giornate Erasmus della Sostenibilit\u00e0 di Rotterdam si parla di Turismo Sostenibile: un incontro molto interessante a cui partecipa anche Ecobnb!\" \/>\n<meta property=\"og:url\" content=\"https:\/\/ecobnb.it\/blog\/eventi\/giornate-erasmus-sostenibilita-rotterdam\/\" \/>\n<meta property=\"og:site_name\" content=\"Ecobnb\" \/>\n<meta property=\"article:publisher\" content=\"https:\/\/www.facebook.com\/viaggiverdi\" \/>\n<meta property=\"article:modified_time\" content=\"2020-02-24T13:41:06+00:00\" \/>\n<meta property=\"og:image\" content=\"https:\/\/ecobnb.it\/blog\/app\/uploads\/sites\/2\/2020\/02\/erasmus-sustainability-days-2020-1170x396.jpeg\" \/>\n\t<meta property=\"og:image:width\" content=\"1170\" \/>\n\t<meta property=\"og:image:height\" content=\"396\" \/>\n\t<meta property=\"og:image:type\" content=\"image\/jpeg\" \/>\n<meta name=\"twitter:label1\" content=\"Est. reading time\" \/>\n\t<meta name=\"twitter:data1\" content=\"3 minutes\" \/>\n<!-- \/ Yoast SEO plugin. -->","yoast_head_json":{"title":"Ecobnb alle Giornate Erasmus della Sostenibilit\u00e0 a Rotterdam - Ecobnb","description":"Durante le Giornate Erasmus della Sostenibilit\u00e0 di Rotterdam si parla di Turismo Sostenibile: un incontro molto interessante a cui partecipa anche Ecobnb!","robots":{"index":"index","follow":"follow","max-snippet":"max-snippet:-1","max-image-preview":"max-image-preview:large","max-video-preview":"max-video-preview:-1"},"canonical":"https:\/\/ecobnb.it\/blog\/eventi\/giornate-erasmus-sostenibilita-rotterdam\/","og_locale":"it_IT","og_type":"article","og_title":"Ecobnb alle Giornate Erasmus della Sostenibilit\u00e0 a Rotterdam - Ecobnb","og_description":"Durante le Giornate Erasmus della Sostenibilit\u00e0 di Rotterdam si parla di Turismo Sostenibile: un incontro molto interessante a cui partecipa anche Ecobnb!","og_url":"https:\/\/ecobnb.it\/blog\/eventi\/giornate-erasmus-sostenibilita-rotterdam\/","og_site_name":"Ecobnb","article_publisher":"https:\/\/www.facebook.com\/viaggiverdi","article_modified_time":"2020-02-24T13:41:06+00:00","og_image":[{"width":1170,"height":396,"url":"https:\/\/ecobnb.it\/blog\/app\/uploads\/sites\/2\/2020\/02\/erasmus-sustainability-days-2020-1170x396.jpeg","type":"image\/jpeg"}],"twitter_misc":{"Est. reading time":"3 minutes"},"schema":{"@context":"https:\/\/schema.org","@graph":[{"@type":"WebPage","@id":"https:\/\/ecobnb.it\/blog\/eventi\/giornate-erasmus-sostenibilita-rotterdam\/","url":"https:\/\/ecobnb.it\/blog\/eventi\/giornate-erasmus-sostenibilita-rotterdam\/","name":"Ecobnb alle Giornate Erasmus della Sostenibilit\u00e0 a Rotterdam - Ecobnb","isPartOf":{"@id":"https:\/\/ecobnb.it\/blog\/#website"},"datePublished":"2020-02-24T13:39:28+00:00","dateModified":"2020-02-24T13:41:06+00:00","description":"Durante le Giornate Erasmus della Sostenibilit\u00e0 di Rotterdam si parla di Turismo Sostenibile: un incontro molto interessante a cui partecipa anche Ecobnb!","breadcrumb":{"@id":"https:\/\/ecobnb.it\/blog\/eventi\/giornate-erasmus-sostenibilita-rotterdam\/#breadcrumb"},"inLanguage":"it-IT","potentialAction":[{"@type":"ReadAction","target":["https:\/\/ecobnb.it\/blog\/eventi\/giornate-erasmus-sostenibilita-rotterdam\/"]}]},{"@type":"BreadcrumbList","@id":"https:\/\/ecobnb.it\/blog\/eventi\/giornate-erasmus-sostenibilita-rotterdam\/#breadcrumb","itemListElement":[{"@type":"ListItem","position":1,"name":"Ecobnb Green Accademy: Eventi Formativi, workshop e Incontri","item":"https:\/\/ecobnb.it\/blog\/eventi\/"},{"@type":"ListItem","position":2,"name":"Ecobnb alle Giornate Erasmus della Sostenibilit\u00e0 a Rotterdam"}]},{"@type":"WebSite","@id":"https:\/\/ecobnb.it\/blog\/#website","url":"https:\/\/ecobnb.it\/blog\/","name":"Ecobnb","description":"Trova il tuo Alloggio Ecosostenibile","publisher":{"@id":"https:\/\/ecobnb.it\/blog\/#organization"},"potentialAction":[{"@type":"SearchAction","target":{"@type":"EntryPoint","urlTemplate":"https:\/\/ecobnb.it\/blog\/?s={search_term_string}"},"query-input":"required name=search_term_string"}],"inLanguage":"it-IT"},{"@type":"Organization","@id":"https:\/\/ecobnb.it\/blog\/#organization","name":"Ecobnb","url":"https:\/\/ecobnb.it\/blog\/","logo":{"@type":"ImageObject","inLanguage":"it-IT","@id":"https:\/\/ecobnb.it\/blog\/#\/schema\/logo\/image\/","url":"https:\/\/ecobnb.it\/blog\/app\/uploads\/sites\/2\/2016\/03\/logo_transparent_512x512.png","contentUrl":"https:\/\/ecobnb.it\/blog\/app\/uploads\/sites\/2\/2016\/03\/logo_transparent_512x512.png","width":512,"height":512,"caption":"Ecobnb"},"image":{"@id":"https:\/\/ecobnb.it\/blog\/#\/schema\/logo\/image\/"},"sameAs":["https:\/\/www.facebook.com\/viaggiverdi"]}]}},"_links":{"self":[{"href":"https:\/\/ecobnb.it\/blog\/wp-json\/wp\/v2\/pages\/48279"}],"collection":[{"href":"https:\/\/ecobnb.it\/blog\/wp-json\/wp\/v2\/pages"}],"about":[{"href":"https:\/\/ecobnb.it\/blog\/wp-json\/wp\/v2\/types\/page"}],"author":[{"embeddable":true,"href":"https:\/\/ecobnb.it\/blog\/wp-json\/wp\/v2\/users\/128"}],"replies":[{"embeddable":true,"href":"https:\/\/ecobnb.it\/blog\/wp-json\/wp\/v2\/comments?post=48279"}],"version-history":[{"count":3,"href":"https:\/\/ecobnb.it\/blog\/wp-json\/wp\/v2\/pages\/48279\/revisions"}],"predecessor-version":[{"id":48283,"href":"https:\/\/ecobnb.it\/blog\/wp-json\/wp\/v2\/pages\/48279\/revisions\/48283"}],"up":[{"embeddable":true,"href":"https:\/\/ecobnb.it\/blog\/wp-json\/wp\/v2\/pages\/16232"}],"wp:featuredmedia":[{"embeddable":true,"href":"https:\/\/ecobnb.it\/blog\/wp-json\/wp\/v2\/media\/48253"}],"wp:attachment":[{"href":"https:\/\/ecobnb.it\/blog\/wp-json\/wp\/v2\/media?parent=48279"}],"curies":[{"name":"wp","href":"https:\/\/api.w.org\/{rel}","templated":true}]}}