{"id":47219,"date":"2020-01-04T13:08:28","date_gmt":"2020-01-04T12:08:28","guid":{"rendered":"https:\/\/ecobnb.it\/blog\/?page_id=47219"},"modified":"2020-01-10T12:17:20","modified_gmt":"2020-01-10T11:17:20","slug":"materiale-comunicare-sostenibilita","status":"publish","type":"page","link":"https:\/\/ecobnb.it\/blog\/materiale-comunicare-sostenibilita\/","title":{"rendered":"Materiale Gratuito per Comunicare la Sostenibilit\u00e0 della tua Eco-Ospitalit\u00e0"},"content":{"rendered":"<p><strong>Comunicare ai tuoi ospiti<\/strong> il tuo impegno verso la sostenibilit\u00e0 \u00e8 un aspetto essenziale. Questo ti permette da un lato di valorizzare gli sforzi e gli investimenti fatti per <a href=\"https:\/\/ecobnb.it\/blog\/2018\/12\/azioni-hotel-green\/\" target=\"_blank\" rel=\"noopener\"><strong>ridurre la tua impronta ecologica<\/strong><\/a>. Dall&#8217;altro \u00e8 un&#8217;opportunit\u00e0 per sensibilizzare i tuoi ospiti al <strong>rispetto dell&#8217;ambiente<\/strong>,\u00a0fornire loro indicazioni utili per sostenere l&#8217;economia circolare ed essere <a href=\"https:\/\/ecobnb.it\/blog\/2019\/11\/economia-circolare-turismo\/\" target=\"_blank\" rel=\"noopener\"><strong>turisti consapevoli<\/strong><\/a>.<\/p>\n<h2>Come comunicare ai tuoi ospiti che sei un Ecobnb<\/h2>\n<p><img class=\"alignnone wp-image-47231 size-large\" src=\"https:\/\/ecobnb.it\/blog\/app\/uploads\/sites\/2\/2020\/01\/materiale-per-comunicare-la-sostenibilit\u00e0-nel-tuo-hotel-1-870x490.jpg\" alt=\"materiale per comunicare la sostenibilit\u00e0 nel tuo hotel\" width=\"870\" height=\"490\" srcset=\"https:\/\/ecobnb.it\/blog\/app\/uploads\/sites\/2\/2020\/01\/materiale-per-comunicare-la-sostenibilit\u00e0-nel-tuo-hotel-1-870x490.jpg 870w, https:\/\/ecobnb.it\/blog\/app\/uploads\/sites\/2\/2020\/01\/materiale-per-comunicare-la-sostenibilit\u00e0-nel-tuo-hotel-1-570x320.jpg 570w\" sizes=\"(max-width: 870px) 100vw, 870px\" \/><\/p>\n<p>Perch\u00e9 la comunicazione sia efficace \u00e8 importante conoscere il proprio target, puntare sulla concretezza e sulla semplicit\u00e0, ed essere coerenti, come spiegato meglio\u00a0<strong><a href=\"https:\/\/ecobnb.it\/blog\/2019\/11\/comunicare-riduzione-sprechi\/\" target=\"_blank\" rel=\"noopener\">in questo articolo<\/a><\/strong>\u00a0dove trovi diversi consigli utili.<\/p>\n<p>Per <strong>comunicare ai tuoi ospiti<\/strong> la tua attenzione verso la sostenibilit\u00e0, ti consigliamo di:<\/p>\n<ol>\n<li>Inserire\u00a0sul tuo sito web o sui tuoi canali socials il <strong>distintivo di Ecobnb<\/strong> che trovi in questa pagina<\/li>\n<li>Mostrare ai tuoi ospiti le tue <strong>caratteristiche green<\/strong>, raccontarle di persona e spiegarle con una presentazione stampata, come quella proposta di seguito. Ricordati anche di precisare sempre quali sono gli ingredienti biologici e a km zero dei tuoi men\u00f9, sottolineare se i saponi sono ecologici, ecc.<\/li>\n<li><strong>Taggare #ecobnb<\/strong> nei tuoi post sui socials.<\/li>\n<\/ol>\n<h2>Comunica che sei Eco con questo materiale gratuito:<\/h2>\n<p>Immagini, infografiche, presentazioni, banners, brochures&#8230; di seguito trovi tutto il materiale che pu\u00f2 aiutarti a comunicare la sostenibilit\u00e0 della tua struttura ricettiva. Puoi utilizzarlo sia online (nel tuo sito web, sui tuoi socials) che offline (nelle camere o nella reception del tuo hotel).<\/p>\n<h3>1. Spiega i tuoi requisiti di sostenibilit\u00e0 con la brochure di Ecobnb<img class=\"alignnone wp-image-47222 size-full\" src=\"https:\/\/ecobnb.it\/blog\/app\/uploads\/sites\/2\/2020\/01\/hotel-room-book.jpg\" alt=\"brochure in formato A4 per comunicare la sostenibilit\u00e0 della tua ospitalit\u00e0\" width=\"870\" height=\"870\" srcset=\"https:\/\/ecobnb.it\/blog\/app\/uploads\/sites\/2\/2020\/01\/hotel-room-book.jpg 870w, https:\/\/ecobnb.it\/blog\/app\/uploads\/sites\/2\/2020\/01\/hotel-room-book-536x536.jpg 536w, https:\/\/ecobnb.it\/blog\/app\/uploads\/sites\/2\/2020\/01\/hotel-room-book-768x768.jpg 768w, https:\/\/ecobnb.it\/blog\/app\/uploads\/sites\/2\/2020\/01\/hotel-room-book-344x344.jpg 344w\" sizes=\"(max-width: 870px) 100vw, 870px\" \/><\/h3>\n<p>Di seguito puoi scaricare una brochure in formato pdf che spiega ai tuoi ospiti quale \u00e8 il tuo impegno verso la sostenibilit\u00e0 attraverso i 10 requisiti di Ecobnb. La brochure, che \u00e8 composta da 8 pagine, pu\u00f2 essere stampata ed inserita nella presentazione della tua ospitalit\u00e0 che gli ospiti potranno trovare e leggere in camera.<\/p>\n<h3><a href=\"https:\/\/ecobnb.it\/blog\/app\/uploads\/sites\/2\/2020\/01\/Ecobnb-Requisiti-ITA.pdf\" target=\"_blank\" rel=\"noopener\">Scarica la brochure in formato PDF<\/a><\/h3>\n<p>A questa pagina puoi scaricare lo stesso materiale in inglese.<\/p>\n<h3>2. Sottolinea il tuo impegno ambientale con il banner di Ecobnb<\/h3>\n<h3><img class=\"alignnone size-large wp-image-47223\" src=\"https:\/\/ecobnb.it\/blog\/app\/uploads\/sites\/2\/2020\/01\/sito-internet-con-banner-870x490.jpg\" alt=\"sito internet con banner di Ecobnb\" width=\"870\" height=\"490\" srcset=\"https:\/\/ecobnb.it\/blog\/app\/uploads\/sites\/2\/2020\/01\/sito-internet-con-banner-870x490.jpg 870w, https:\/\/ecobnb.it\/blog\/app\/uploads\/sites\/2\/2020\/01\/sito-internet-con-banner-570x320.jpg 570w\" sizes=\"(max-width: 870px) 100vw, 870px\" \/><\/h3>\n<p>Inserire un <strong>ban<\/strong><strong>ner di ecobnb<\/strong> nel tuo sito web \u00e8 sicuramente il primo step per far conoscere ai tuoi ospiti il tuo impegno verso la sostenibilit\u00e0. Lo stesso banner pu\u00f2 essere utilizzato sui tuoi canali socials. In questo caso non dimenticarti di inserire l&#8217;hashtag #ecobnb !<\/p>\n<div id=\"attachment_47226\" class=\"thumbnail alignnone\"><img class=\"wp-image-47226\" src=\"https:\/\/ecobnb.it\/blog\/app\/uploads\/sites\/2\/2020\/01\/Natura-Ecobnb-1.jpg\" alt=\"Stemma di Ecobnb per il tuo sito web\" width=\"200\" height=\"200\" srcset=\"https:\/\/ecobnb.it\/blog\/app\/uploads\/sites\/2\/2020\/01\/Natura-Ecobnb-1.jpg 2000w, https:\/\/ecobnb.it\/blog\/app\/uploads\/sites\/2\/2020\/01\/Natura-Ecobnb-1-536x536.jpg 536w, https:\/\/ecobnb.it\/blog\/app\/uploads\/sites\/2\/2020\/01\/Natura-Ecobnb-1-768x768.jpg 768w, https:\/\/ecobnb.it\/blog\/app\/uploads\/sites\/2\/2020\/01\/Natura-Ecobnb-1-344x344.jpg 344w\" sizes=\"(max-width: 200px) 100vw, 200px\" \/><div class=\"caption\">Stemma di Ecobnb per il tuo sito<\/div><\/div>\n<div id=\"attachment_47226\" class=\"thumbnail alignnone\"><img class=\"wp-image-47226\" src=\"https:\/\/ecobnb.it\/blog\/app\/uploads\/sites\/2\/2020\/01\/Natura-Ecobnb-1.jpg\" alt=\"Stemma di Ecobnb per i tuoi canali socials\" width=\"600\" height=\"600\" srcset=\"https:\/\/ecobnb.it\/blog\/app\/uploads\/sites\/2\/2020\/01\/Natura-Ecobnb-1.jpg 2000w, https:\/\/ecobnb.it\/blog\/app\/uploads\/sites\/2\/2020\/01\/Natura-Ecobnb-1-536x536.jpg 536w, https:\/\/ecobnb.it\/blog\/app\/uploads\/sites\/2\/2020\/01\/Natura-Ecobnb-1-768x768.jpg 768w, https:\/\/ecobnb.it\/blog\/app\/uploads\/sites\/2\/2020\/01\/Natura-Ecobnb-1-344x344.jpg 344w\" sizes=\"(max-width: 600px) 100vw, 600px\" \/><div class=\"caption\">Banner di Ecobnb per i tuoi canali socials<\/div><\/div>\n<h3><a href=\"https:\/\/ecobnb.it\/blog\/app\/uploads\/sites\/2\/2020\/01\/Natura-Ecobnb.pdf\">Scarica qui l&#8217;immagine in formato pdf per la stampa (20&#215;20 cm)<\/a><\/h3>\n<p>Altri<strong> distintivi di Ecobnb<\/strong>\u00a0che puoi utilizzare gratuitamente sono disponibili a <a href=\"https:\/\/ecobnb.it\/blog\/distintivi\/\" target=\"_blank\" rel=\"noopener\">questo link<\/a>, e <strong><a href=\"https:\/\/ecobnb.it\/blog\/distintivi-eco-eccellenza\/\" target=\"_blank\" rel=\"noopener\">qui per sottolineare la tua eco-eccellenza<\/a>\u00a0<\/strong>misurata con il numero di foglioline verdi attribuite da Ecobnb.<\/p>\n<blockquote class=\"instagram-media\" style=\"background: #FFF; border: 0; border-radius: 3px; box-shadow: 0 0 1px 0 rgba(0,0,0,0.5),0 1px 10px 0 rgba(0,0,0,0.15); margin: 1px; max-width: 540px; min-width: 326px; padding: 0; width: calc(100% - 2px);\" data-instgrm-captioned=\"\" data-instgrm-permalink=\"https:\/\/www.instagram.com\/p\/BuYdvMbFd06\/?utm_source=ig_embed&amp;utm_campaign=loading\" data-instgrm-version=\"12\">\n<div style=\"padding: 16px;\">\n<p>&nbsp;<\/p>\n<div style=\"display: flex; flex-direction: row; align-items: center;\">\n<div style=\"background-color: #f4f4f4; border-radius: 50%; flex-grow: 0; height: 40px; margin-right: 14px; width: 40px;\"><\/div>\n<div style=\"display: flex; flex-direction: column; flex-grow: 1; justify-content: center;\">\n<div style=\"background-color: #f4f4f4; border-radius: 4px; flex-grow: 0; height: 14px; margin-bottom: 6px; width: 100px;\"><\/div>\n<div style=\"background-color: #f4f4f4; border-radius: 4px; flex-grow: 0; height: 14px; width: 60px;\"><\/div>\n<\/div>\n<\/div>\n<div style=\"padding: 19% 0;\"><\/div>\n<div style=\"display: block; height: 50px; margin: 0 auto 12px; width: 50px;\"><\/div>\n<div style=\"padding-top: 8px;\">\n<div style=\"color: #3897f0; font-family: Arial,sans-serif; font-size: 14px; font-style: normal; font-weight: 550; line-height: 18px;\">Visualizza questo post su Instagram<\/div>\n<\/div>\n<div style=\"padding: 12.5% 0;\"><\/div>\n<div style=\"display: flex; flex-direction: row; margin-bottom: 14px; align-items: center;\">\n<div>\n<div style=\"background-color: #f4f4f4; border-radius: 50%; height: 12.5px; width: 12.5px; transform: translateX(0px) translateY(7px);\"><\/div>\n<div style=\"background-color: #f4f4f4; height: 12.5px; transform: rotate(-45deg) translateX(3px) translateY(1px); width: 12.5px; flex-grow: 0; margin-right: 14px; margin-left: 2px;\"><\/div>\n<div style=\"background-color: #f4f4f4; border-radius: 50%; height: 12.5px; width: 12.5px; transform: translateX(9px) translateY(-18px);\"><\/div>\n<\/div>\n<div style=\"margin-left: 8px;\">\n<div style=\"background-color: #f4f4f4; border-radius: 50%; flex-grow: 0; height: 20px; width: 20px;\"><\/div>\n<div style=\"width: 0; height: 0; border-top: 2px solid transparent; border-left: 6px solid #f4f4f4; border-bottom: 2px solid transparent; transform: translateX(16px) translateY(-4px) rotate(30deg);\"><\/div>\n<\/div>\n<div style=\"margin-left: auto;\">\n<div style=\"width: 0px; border-top: 8px solid #F4F4F4; border-right: 8px solid transparent; transform: translateY(16px);\"><\/div>\n<div style=\"background-color: #f4f4f4; flex-grow: 0; height: 12px; width: 16px; transform: translateY(-4px);\"><\/div>\n<div style=\"width: 0; height: 0; border-top: 8px solid #F4F4F4; border-left: 8px solid transparent; transform: translateY(-4px) translateX(8px);\"><\/div>\n<\/div>\n<\/div>\n<p>&nbsp;<\/p>\n<p style=\"margin: 8px 0 0 0; padding: 0 4px;\"><a style=\"color: #000; font-family: Arial,sans-serif; font-size: 14px; font-style: normal; font-weight: normal; line-height: 17px; text-decoration: none; word-wrap: break-word;\" href=\"https:\/\/www.instagram.com\/p\/BuYdvMbFd06\/?utm_source=ig_embed&amp;utm_campaign=loading\" target=\"_blank\" rel=\"noopener\">Dear friends &amp; guests &amp; fans! \ud83d\ude0a We proudly announce that our eco-friendly apartments INSULAE became an exclusive member of Ecobnb community, commited to protect the environment and promote tourism offer in harmony with nature, economy and local community. \ud83c\udf3f\ud83d\udc1f\ud83d\udc1a\ud83c\udfe1 #ecofriendlyaccommodation #ecofriendlyapartments #ecofriendly #ecosustainability #greenhouse #greenhost #sustainabletourism #responsibletravel #ecocommunity #ecobnb #insulaeapartments #komiza #visisland #croatia #dalmatiagreen #geoparkvisarchipelago #naturalpark https:\/\/ecobnb.com\/HR-opcina-komiza\/house\/insulae-apartments\/Kp9VK<\/a><\/p>\n<p style=\"color: #c9c8cd; font-family: Arial,sans-serif; font-size: 14px; line-height: 17px; margin-bottom: 0; margin-top: 8px; overflow: hidden; padding: 8px 0 7px; text-align: center; text-overflow: ellipsis; white-space: nowrap;\">Un post condiviso da <a style=\"color: #c9c8cd; font-family: Arial,sans-serif; font-size: 14px; font-style: normal; font-weight: normal; line-height: 17px;\" href=\"https:\/\/www.instagram.com\/insulae_apartments\/?utm_source=ig_embed&amp;utm_campaign=loading\" target=\"_blank\" rel=\"noopener\"> Insulae Apartments<\/a> (@insulae_apartments) in data: <time style=\"font-family: Arial,sans-serif; font-size: 14px; line-height: 17px;\" datetime=\"2019-02-27T10:42:00+00:00\">27 Feb 2019 alle ore 2:42 PST<\/time><\/p>\n<\/div>\n<\/blockquote>\n<p><script async src=\"\/\/www.instagram.com\/embed.js\"><\/script><\/p>\n<h2>3. Fai sapere che sei Eco con l&#8217;etichetta Eco-Eccellenza di Ecobnb<\/h2>\n<p><img class=\"alignnone wp-image-47228 size-large\" src=\"https:\/\/ecobnb.it\/blog\/app\/uploads\/sites\/2\/2020\/01\/ECOBNB-Etichetta-Eco-Eccellenza-870x490.jpg\" alt=\"\" width=\"870\" height=\"490\" srcset=\"https:\/\/ecobnb.it\/blog\/app\/uploads\/sites\/2\/2020\/01\/ECOBNB-Etichetta-Eco-Eccellenza-870x490.jpg 870w, https:\/\/ecobnb.it\/blog\/app\/uploads\/sites\/2\/2020\/01\/ECOBNB-Etichetta-Eco-Eccellenza-570x320.jpg 570w\" sizes=\"(max-width: 870px) 100vw, 870px\" \/>,<\/p>\n<p>Un&#8217;etichetta semplice e diretta che puoi pubblicare sui tuoi canali online, ma anche stampare ed inserire all&#8217;ingresso della tua struttura ricettiva.<\/p>\n<h3><a href=\"https:\/\/ecobnb.it\/blog\/app\/uploads\/sites\/2\/2020\/01\/ECOBNB-Etichetta.pdf\">Scarica qui l&#8217;etichetta Eco-Eccellenza in formato pdf per la stampa<\/a><\/h3>\n<h3>4. Invita i tuoi ospiti a contribuire per salvare il pianeta<\/h3>\n<p><img class=\"alignnone size-full wp-image-47234\" src=\"https:\/\/ecobnb.it\/blog\/app\/uploads\/sites\/2\/2020\/01\/cartolina-camere.jpg\" alt=\"\" width=\"419\" height=\"595\" srcset=\"https:\/\/ecobnb.it\/blog\/app\/uploads\/sites\/2\/2020\/01\/cartolina-camere.jpg 419w, https:\/\/ecobnb.it\/blog\/app\/uploads\/sites\/2\/2020\/01\/cartolina-camere-344x488.jpg 344w\" sizes=\"(max-width: 419px) 100vw, 419px\" \/><\/p>\n<p>Contribuire alla raccolta differenziata, chiedere di lavare la biancheria solo se necessario, chiudere il rubinetto dell&#8217;acqua quando non la utilizzi, spegnere le luci prima di uscire dalla stanza&#8230; Questi sono alcuni dei messaggi che puoi lasciare ai tuoi ospiti per invitarli ad adottare uno stile di vita pi\u00f9 sostenibile, anche in vacanza.<\/p>\n<h3><a href=\"https:\/\/ecobnb.it\/blog\/app\/uploads\/sites\/2\/2020\/01\/cartolina-camere.pdf\" target=\"_blank\" rel=\"noopener\">Scarica la cartolina in formato pdf<\/a><\/h3>\n","protected":false},"excerpt":{"rendered":"<p>Comunicare ai tuoi ospiti il tuo impegno verso la sostenibilit\u00e0 \u00e8 un aspetto essenziale. Questo ti permette da un lato di valorizzare gli sforzi e gli investimenti fatti per ridurre la tua impronta ecologica. Dall&#8217;altro \u00e8 un&#8217;opportunit\u00e0 per sensibilizzare i tuoi ospiti al rispetto dell&#8217;ambiente,\u00a0fornire loro indicazioni utili per sostenere l&#8217;economia circolare ed essere turisti [&hellip;]<\/p>\n","protected":false},"author":42,"featured_media":47238,"parent":0,"menu_order":0,"comment_status":"closed","ping_status":"closed","template":"","meta":[],"acf":[],"yoast_head":"<!-- This site is optimized with the Yoast SEO plugin v19.9 - https:\/\/yoast.com\/wordpress\/plugins\/seo\/ -->\n<title>Materiale Gratuito per Comunicare la Sostenibilit\u00e0 del tuo Hotel - Ecobnb<\/title>\n<meta name=\"description\" content=\"Scopri come comunicare agli ospiti il tuo impegno verso la sostenibilit\u00e0 e scarica gratuitamente il marteriale pi\u00f9 adatto per far sapere quanto sei eco!\" \/>\n<meta name=\"robots\" content=\"index, follow, max-snippet:-1, max-image-preview:large, max-video-preview:-1\" \/>\n<link rel=\"canonical\" href=\"https:\/\/ecobnb.it\/blog\/materiale-comunicare-sostenibilita\/\" \/>\n<meta property=\"og:locale\" content=\"it_IT\" \/>\n<meta property=\"og:type\" content=\"article\" \/>\n<meta property=\"og:title\" content=\"Materiale Gratuito per Comunicare la Sostenibilit\u00e0 del tuo Hotel - Ecobnb\" \/>\n<meta property=\"og:description\" content=\"Scopri come comunicare agli ospiti il tuo impegno verso la sostenibilit\u00e0 e scarica gratuitamente il marteriale pi\u00f9 adatto per far sapere quanto sei eco!\" \/>\n<meta property=\"og:url\" content=\"https:\/\/ecobnb.it\/blog\/materiale-comunicare-sostenibilita\/\" \/>\n<meta property=\"og:site_name\" content=\"Ecobnb\" \/>\n<meta property=\"article:publisher\" content=\"https:\/\/www.facebook.com\/viaggiverdi\" \/>\n<meta property=\"article:modified_time\" content=\"2020-01-10T11:17:20+00:00\" \/>\n<meta property=\"og:image\" content=\"https:\/\/ecobnb.it\/blog\/app\/uploads\/sites\/2\/2020\/01\/bosco-1-e1578143408305.jpg\" \/>\n\t<meta property=\"og:image:width\" content=\"1170\" \/>\n\t<meta property=\"og:image:height\" content=\"514\" \/>\n\t<meta property=\"og:image:type\" content=\"image\/jpeg\" \/>\n<meta name=\"twitter:label1\" content=\"Est. reading time\" \/>\n\t<meta name=\"twitter:data1\" content=\"3 minutes\" \/>\n<!-- \/ Yoast SEO plugin. -->","yoast_head_json":{"title":"Materiale Gratuito per Comunicare la Sostenibilit\u00e0 del tuo Hotel - Ecobnb","description":"Scopri come comunicare agli ospiti il tuo impegno verso la sostenibilit\u00e0 e scarica gratuitamente il marteriale pi\u00f9 adatto per far sapere quanto sei eco!","robots":{"index":"index","follow":"follow","max-snippet":"max-snippet:-1","max-image-preview":"max-image-preview:large","max-video-preview":"max-video-preview:-1"},"canonical":"https:\/\/ecobnb.it\/blog\/materiale-comunicare-sostenibilita\/","og_locale":"it_IT","og_type":"article","og_title":"Materiale Gratuito per Comunicare la Sostenibilit\u00e0 del tuo Hotel - Ecobnb","og_description":"Scopri come comunicare agli ospiti il tuo impegno verso la sostenibilit\u00e0 e scarica gratuitamente il marteriale pi\u00f9 adatto per far sapere quanto sei eco!","og_url":"https:\/\/ecobnb.it\/blog\/materiale-comunicare-sostenibilita\/","og_site_name":"Ecobnb","article_publisher":"https:\/\/www.facebook.com\/viaggiverdi","article_modified_time":"2020-01-10T11:17:20+00:00","og_image":[{"width":1170,"height":514,"url":"https:\/\/ecobnb.it\/blog\/app\/uploads\/sites\/2\/2020\/01\/bosco-1-e1578143408305.jpg","type":"image\/jpeg"}],"twitter_misc":{"Est. reading time":"3 minutes"},"schema":{"@context":"https:\/\/schema.org","@graph":[{"@type":"WebPage","@id":"https:\/\/ecobnb.it\/blog\/materiale-comunicare-sostenibilita\/","url":"https:\/\/ecobnb.it\/blog\/materiale-comunicare-sostenibilita\/","name":"Materiale Gratuito per Comunicare la Sostenibilit\u00e0 del tuo Hotel - Ecobnb","isPartOf":{"@id":"https:\/\/ecobnb.it\/blog\/#website"},"datePublished":"2020-01-04T12:08:28+00:00","dateModified":"2020-01-10T11:17:20+00:00","description":"Scopri come comunicare agli ospiti il tuo impegno verso la sostenibilit\u00e0 e scarica gratuitamente il marteriale pi\u00f9 adatto per far sapere quanto sei eco!","inLanguage":"it-IT","potentialAction":[{"@type":"ReadAction","target":["https:\/\/ecobnb.it\/blog\/materiale-comunicare-sostenibilita\/"]}]},{"@type":"WebSite","@id":"https:\/\/ecobnb.it\/blog\/#website","url":"https:\/\/ecobnb.it\/blog\/","name":"Ecobnb","description":"Trova il tuo Alloggio Ecosostenibile","publisher":{"@id":"https:\/\/ecobnb.it\/blog\/#organization"},"potentialAction":[{"@type":"SearchAction","target":{"@type":"EntryPoint","urlTemplate":"https:\/\/ecobnb.it\/blog\/?s={search_term_string}"},"query-input":"required name=search_term_string"}],"inLanguage":"it-IT"},{"@type":"Organization","@id":"https:\/\/ecobnb.it\/blog\/#organization","name":"Ecobnb","url":"https:\/\/ecobnb.it\/blog\/","logo":{"@type":"ImageObject","inLanguage":"it-IT","@id":"https:\/\/ecobnb.it\/blog\/#\/schema\/logo\/image\/","url":"https:\/\/ecobnb.it\/blog\/app\/uploads\/sites\/2\/2016\/03\/logo_transparent_512x512.png","contentUrl":"https:\/\/ecobnb.it\/blog\/app\/uploads\/sites\/2\/2016\/03\/logo_transparent_512x512.png","width":512,"height":512,"caption":"Ecobnb"},"image":{"@id":"https:\/\/ecobnb.it\/blog\/#\/schema\/logo\/image\/"},"sameAs":["https:\/\/www.facebook.com\/viaggiverdi"]}]}},"_links":{"self":[{"href":"https:\/\/ecobnb.it\/blog\/wp-json\/wp\/v2\/pages\/47219"}],"collection":[{"href":"https:\/\/ecobnb.it\/blog\/wp-json\/wp\/v2\/pages"}],"about":[{"href":"https:\/\/ecobnb.it\/blog\/wp-json\/wp\/v2\/types\/page"}],"author":[{"embeddable":true,"href":"https:\/\/ecobnb.it\/blog\/wp-json\/wp\/v2\/users\/42"}],"replies":[{"embeddable":true,"href":"https:\/\/ecobnb.it\/blog\/wp-json\/wp\/v2\/comments?post=47219"}],"version-history":[{"count":10,"href":"https:\/\/ecobnb.it\/blog\/wp-json\/wp\/v2\/pages\/47219\/revisions"}],"predecessor-version":[{"id":47232,"href":"https:\/\/ecobnb.it\/blog\/wp-json\/wp\/v2\/pages\/47219\/revisions\/47232"}],"wp:featuredmedia":[{"embeddable":true,"href":"https:\/\/ecobnb.it\/blog\/wp-json\/wp\/v2\/media\/47238"}],"wp:attachment":[{"href":"https:\/\/ecobnb.it\/blog\/wp-json\/wp\/v2\/media?parent=47219"}],"curies":[{"name":"wp","href":"https:\/\/api.w.org\/{rel}","templated":true}]}}