{"id":46720,"date":"2019-12-10T17:37:13","date_gmt":"2019-12-10T16:37:13","guid":{"rendered":"https:\/\/ecobnb.it\/blog\/?page_id=46720"},"modified":"2020-02-05T10:58:32","modified_gmt":"2020-02-05T09:58:32","slug":"piantare-alberi","status":"publish","type":"page","link":"https:\/\/ecobnb.it\/blog\/piantare-alberi\/","title":{"rendered":"Piantare Alberi con Ecobnb, la Community del Turismo Sostenibile"},"content":{"rendered":"<p>Ognuno di noi pu\u00f2 fare qualcosa per ridurre le <a href=\"https:\/\/ecobnb.it\/blog\/2019\/11\/gas-serra-emissioni\/\" target=\"_blank\" rel=\"noopener\">emissioni di gas serra<\/a> e salvare il Pianeta dai <a href=\"https:\/\/ecobnb.it\/blog\/2015\/11\/cambiamenti-climatici\/\" target=\"_blank\" rel=\"noopener\">cambiamenti climatici<\/a>. Adottare uno stile di vita sostenibile e viaggiare in modo responsabile sono un buon punto di partenza. Ma possiamo fare di pi\u00f9. Per questo abbiamo progettato di coinvolgere tutta la nostra community italiana per\u00a0<strong>piantare alberi localmente.<\/strong><\/p>\n<p><strong>Dove?<\/strong>\u00a0Attorno alle ospitalit\u00e0 biologiche che fanno parte di di Ecobnb. In <strong>Italia<\/strong>, per ridurre le emissioni attorno a noi, senza dover piantare alberi in terreni che si trovano dall&#8217;altra parte del pianeta, solo perch\u00e9 pi\u00f9 conveniente.<\/p>\n<p><strong>Chi pianta gli alberi?<\/strong> Voi, contadini, agricoltori, proprietari di hotel, agriturismi, ecovillaggi e rifugi che fanno parte del nostro network. Per farlo\u00a0Contadini, abitanti di eco-villaggi, eco-glamping e ospitalit\u00e0 biologiche immerse nel verde, che possono ospitare attorno a loro nuove piante.<\/p>\n<p><strong>Come contribuisce Ecobnb?<\/strong>\u00a0Ecobnb paga gli alberi e ti invia una targhetta di legno per gli alberi. Condividiamo la tua storia sui nostri socials.<\/p>\n<h2 class=\"western\">Addio alle Emissioni se gli alberi mangiano la CO2<\/h2>\n<div id=\"attachment_46524\" class=\"thumbnail alignnone\"><img class=\"wp-image-46524 size-large\" src=\"https:\/\/ecobnb.it\/blog\/app\/uploads\/sites\/2\/2019\/12\/spencer-watson-dEOC8M_lmxI-unsplash-870x490.jpg\" alt=\"alberi visti dall'alto\" width=\"870\" height=\"490\" srcset=\"https:\/\/ecobnb.it\/blog\/app\/uploads\/sites\/2\/2019\/12\/spencer-watson-dEOC8M_lmxI-unsplash-870x490.jpg 870w, https:\/\/ecobnb.it\/blog\/app\/uploads\/sites\/2\/2019\/12\/spencer-watson-dEOC8M_lmxI-unsplash-570x320.jpg 570w\" sizes=\"(max-width: 870px) 100vw, 870px\" \/><div class=\"caption\">Autore: Spencer Watson; Fonte: Unsplash<\/div><\/div>\n<p>Perch\u00e8 piantare nuovi alberi \u00e8 importante? Gli alberi, tramite la fotosintesi,<a href=\"https:\/\/ecobnb.it\/blog\/2019\/10\/piantare-alberi\/\" target=\"_blank\" rel=\"noopener\"><strong> assorbono CO<sub>2 <\/sub><\/strong><\/a>, la trasformano in energia e restituiscono <strong>ossigeno<\/strong> all\u2019atmosfera in modo completamente naturale. Tramite le foglie compiono questa trasformazione chimica e sono in grado anche di <strong>trattenere le polveri sottili<\/strong> che si generano bruciando combustibili fossili. Insomma, piantare alberi \u00e8 un gesto semplice ma importante per contrastare le emissioni di gas serra, il surriscaldamento globale, lo scioglimento dei ghiacciai, la perdita di biodiversit\u00e0.. in poche parole<strong>\u00a0salvare il pianeta<\/strong>!<\/p>\n<h2 class=\"western\">Pianta Alberi con Ecobnb: come aderire al progetto<\/h2>\n<p>Hai un terreno e vuoi partecipare al nostro progetto per piantare alberi con Ecobnb? Ecco le <strong>linee guida<\/strong> da seguire, sono poche direttive, ma essenziali per fare la differenza!<\/p>\n<p><img class=\"alignnone wp-image-47854 size-full\" src=\"https:\/\/ecobnb.it\/blog\/app\/uploads\/sites\/2\/2020\/02\/INFOGRAFICA-ALBERI.jpg\" alt=\"5 regole per piantare alberi con ecobnb\" width=\"800\" height=\"2000\" srcset=\"https:\/\/ecobnb.it\/blog\/app\/uploads\/sites\/2\/2020\/02\/INFOGRAFICA-ALBERI.jpg 800w, https:\/\/ecobnb.it\/blog\/app\/uploads\/sites\/2\/2020\/02\/INFOGRAFICA-ALBERI-536x1340.jpg 536w, https:\/\/ecobnb.it\/blog\/app\/uploads\/sites\/2\/2020\/02\/INFOGRAFICA-ALBERI-768x1920.jpg 768w, https:\/\/ecobnb.it\/blog\/app\/uploads\/sites\/2\/2020\/02\/INFOGRAFICA-ALBERI-344x860.jpg 344w\" sizes=\"(max-width: 800px) 100vw, 800px\" \/><\/p>\n<ul>\n<li><b>Biodiversit\u00e0<\/b>: la nostra missione \u00e8 preservare la biodiversit\u00e0 della macchia mediterranea, gli alberi che ti chiediamo di piantare devono essere autoctoni e tipici della tua zona. Questo crea continuit\u00e0 con il paesaggio preesistente. <a href=\"https:\/\/ecobnb.it\/blog\/guida-alberi-tipici-zone-fitoclimatiche\/\" target=\"_blank\" rel=\"noopener\"><strong>Segui il link per scoprire quali sono le piante pi\u00f9 adatte alla tua zona<\/strong><\/a>.<\/li>\n<li><b>Et\u00e0 degli alberi<\/b>: gli alberi che ti chiediamo di piantare dovranno essere dei giovani esemplari di al massimo un anno e mezzo di et\u00e0. Questo permetter\u00e0 all\u2019albero di reagire positivamente allo stress della piantumazione, soffrire di meno e cominciare subito ad aiutarci a trasformare la CO2 in ossigeno, indispensabile per la vita sul pianeta Terra.<\/li>\n<li><b>Tempo di mantenimento<\/b>: almeno 20 anni. Lo sappiamo, \u00e8 un tempo molto lungo e un impegno a lungo termine, ma piantare alberi \u00e8 una delle azioni pi\u00f9 importanti che possiamo fare per salvare il pianeta Terra dagli effetti delle emissioni dei gas serra. Piantare alberi permette di diminuire la quantit\u00e0 di CO2 prodotta dall\u2019azione antropica tramite un processo naturale come la fotosintesi.<\/li>\n<li><b>Spazio<\/b>: ti chiediamo di avere lo spazio sufficiente per la crescita futura degli alberi, e contribuire attivamente a questa missione di salvataggio.<\/li>\n<li><b>Comunicazion<\/b>e: facci sapere come stanno gli alberi che abbiamo piantato insieme! Mandaci delle foto a <strong>trees@ecobnb.com<\/strong> e noi le pubblicheremo sul nostro blog. Oppure puoi pubblicale sui tuoi canali social, taggaci e usa gli hashtag <strong>#onemoretree<\/strong>\u00a0<strong>#locotree<\/strong>\u00a0<strong>#ecobnb<\/strong>\u00a0 citando <strong>@Ecobnb<\/strong>, convinceremo insieme altre persone a fare questo gesto ecologico necessario. Ti sar\u00e0 fornita la targhetta di Ecobnb per contrassegnare gli alberi piantati con noi per poter informare anche i tuoi visitatori di questa scelta eco-responsabile che hai fatto!<\/li>\n<\/ul>\n<p>Vuoi aderire al progetto? Scrivici a <strong>trees@ecobnb.com<\/strong><\/p>\n","protected":false},"excerpt":{"rendered":"<p>Ognuno di noi pu\u00f2 fare qualcosa per ridurre le emissioni di gas serra e salvare il Pianeta dai cambiamenti climatici. Adottare uno stile di vita sostenibile e viaggiare in modo responsabile sono un buon punto di partenza. Ma possiamo fare di pi\u00f9. Per questo abbiamo progettato di coinvolgere tutta la nostra community italiana per\u00a0piantare alberi [&hellip;]<\/p>\n","protected":false},"author":121,"featured_media":46737,"parent":0,"menu_order":0,"comment_status":"closed","ping_status":"closed","template":"","meta":[],"acf":[],"yoast_head":"<!-- This site is optimized with the Yoast SEO plugin v19.9 - https:\/\/yoast.com\/wordpress\/plugins\/seo\/ -->\n<title>Piantare Alberi con Ecobnb, la Community del Turismo Sostenibile<\/title>\n<meta name=\"description\" content=\"Piantare alberi localmente \u00e8 un progetto di Ecobnb contrastare gli effetti dei gas serra coinvolgendo la community di eco-ospitalit\u00e0 ovunque in Italia\" \/>\n<meta name=\"robots\" content=\"index, follow, max-snippet:-1, max-image-preview:large, max-video-preview:-1\" \/>\n<link rel=\"canonical\" href=\"https:\/\/ecobnb.it\/blog\/piantare-alberi\/\" \/>\n<meta property=\"og:locale\" content=\"it_IT\" \/>\n<meta property=\"og:type\" content=\"article\" \/>\n<meta property=\"og:title\" content=\"Piantare Alberi con Ecobnb, la Community del Turismo Sostenibile\" \/>\n<meta property=\"og:description\" content=\"Piantare alberi localmente \u00e8 un progetto di Ecobnb contrastare gli effetti dei gas serra coinvolgendo la community di eco-ospitalit\u00e0 ovunque in Italia\" \/>\n<meta property=\"og:url\" content=\"https:\/\/ecobnb.it\/blog\/piantare-alberi\/\" \/>\n<meta property=\"og:site_name\" content=\"Ecobnb\" \/>\n<meta property=\"article:publisher\" content=\"https:\/\/www.facebook.com\/viaggiverdi\" \/>\n<meta property=\"article:modified_time\" content=\"2020-02-05T09:58:32+00:00\" \/>\n<meta property=\"og:image\" content=\"https:\/\/ecobnb.it\/blog\/app\/uploads\/sites\/2\/2019\/12\/piantare-alberi.jpg\" \/>\n\t<meta property=\"og:image:width\" content=\"1170\" \/>\n\t<meta property=\"og:image:height\" content=\"490\" \/>\n\t<meta property=\"og:image:type\" content=\"image\/jpeg\" \/>\n<meta name=\"twitter:label1\" content=\"Est. reading time\" \/>\n\t<meta name=\"twitter:data1\" content=\"3 minutes\" \/>\n<!-- \/ Yoast SEO plugin. -->","yoast_head_json":{"title":"Piantare Alberi con Ecobnb, la Community del Turismo Sostenibile","description":"Piantare alberi localmente \u00e8 un progetto di Ecobnb contrastare gli effetti dei gas serra coinvolgendo la community di eco-ospitalit\u00e0 ovunque in Italia","robots":{"index":"index","follow":"follow","max-snippet":"max-snippet:-1","max-image-preview":"max-image-preview:large","max-video-preview":"max-video-preview:-1"},"canonical":"https:\/\/ecobnb.it\/blog\/piantare-alberi\/","og_locale":"it_IT","og_type":"article","og_title":"Piantare Alberi con Ecobnb, la Community del Turismo Sostenibile","og_description":"Piantare alberi localmente \u00e8 un progetto di Ecobnb contrastare gli effetti dei gas serra coinvolgendo la community di eco-ospitalit\u00e0 ovunque in Italia","og_url":"https:\/\/ecobnb.it\/blog\/piantare-alberi\/","og_site_name":"Ecobnb","article_publisher":"https:\/\/www.facebook.com\/viaggiverdi","article_modified_time":"2020-02-05T09:58:32+00:00","og_image":[{"width":1170,"height":490,"url":"https:\/\/ecobnb.it\/blog\/app\/uploads\/sites\/2\/2019\/12\/piantare-alberi.jpg","type":"image\/jpeg"}],"twitter_misc":{"Est. reading time":"3 minutes"},"schema":{"@context":"https:\/\/schema.org","@graph":[{"@type":"WebPage","@id":"https:\/\/ecobnb.it\/blog\/piantare-alberi\/","url":"https:\/\/ecobnb.it\/blog\/piantare-alberi\/","name":"Piantare Alberi con Ecobnb, la Community del Turismo Sostenibile","isPartOf":{"@id":"https:\/\/ecobnb.it\/blog\/#website"},"datePublished":"2019-12-10T16:37:13+00:00","dateModified":"2020-02-05T09:58:32+00:00","description":"Piantare alberi localmente \u00e8 un progetto di Ecobnb contrastare gli effetti dei gas serra coinvolgendo la community di eco-ospitalit\u00e0 ovunque in Italia","inLanguage":"it-IT","potentialAction":[{"@type":"ReadAction","target":["https:\/\/ecobnb.it\/blog\/piantare-alberi\/"]}]},{"@type":"WebSite","@id":"https:\/\/ecobnb.it\/blog\/#website","url":"https:\/\/ecobnb.it\/blog\/","name":"Ecobnb","description":"Trova il tuo Alloggio Ecosostenibile","publisher":{"@id":"https:\/\/ecobnb.it\/blog\/#organization"},"potentialAction":[{"@type":"SearchAction","target":{"@type":"EntryPoint","urlTemplate":"https:\/\/ecobnb.it\/blog\/?s={search_term_string}"},"query-input":"required name=search_term_string"}],"inLanguage":"it-IT"},{"@type":"Organization","@id":"https:\/\/ecobnb.it\/blog\/#organization","name":"Ecobnb","url":"https:\/\/ecobnb.it\/blog\/","logo":{"@type":"ImageObject","inLanguage":"it-IT","@id":"https:\/\/ecobnb.it\/blog\/#\/schema\/logo\/image\/","url":"https:\/\/ecobnb.it\/blog\/app\/uploads\/sites\/2\/2016\/03\/logo_transparent_512x512.png","contentUrl":"https:\/\/ecobnb.it\/blog\/app\/uploads\/sites\/2\/2016\/03\/logo_transparent_512x512.png","width":512,"height":512,"caption":"Ecobnb"},"image":{"@id":"https:\/\/ecobnb.it\/blog\/#\/schema\/logo\/image\/"},"sameAs":["https:\/\/www.facebook.com\/viaggiverdi"]}]}},"_links":{"self":[{"href":"https:\/\/ecobnb.it\/blog\/wp-json\/wp\/v2\/pages\/46720"}],"collection":[{"href":"https:\/\/ecobnb.it\/blog\/wp-json\/wp\/v2\/pages"}],"about":[{"href":"https:\/\/ecobnb.it\/blog\/wp-json\/wp\/v2\/types\/page"}],"author":[{"embeddable":true,"href":"https:\/\/ecobnb.it\/blog\/wp-json\/wp\/v2\/users\/121"}],"replies":[{"embeddable":true,"href":"https:\/\/ecobnb.it\/blog\/wp-json\/wp\/v2\/comments?post=46720"}],"version-history":[{"count":17,"href":"https:\/\/ecobnb.it\/blog\/wp-json\/wp\/v2\/pages\/46720\/revisions"}],"predecessor-version":[{"id":47857,"href":"https:\/\/ecobnb.it\/blog\/wp-json\/wp\/v2\/pages\/46720\/revisions\/47857"}],"wp:featuredmedia":[{"embeddable":true,"href":"https:\/\/ecobnb.it\/blog\/wp-json\/wp\/v2\/media\/46737"}],"wp:attachment":[{"href":"https:\/\/ecobnb.it\/blog\/wp-json\/wp\/v2\/media?parent=46720"}],"curies":[{"name":"wp","href":"https:\/\/api.w.org\/{rel}","templated":true}]}}