{"id":44635,"date":"2019-09-27T14:08:10","date_gmt":"2019-09-27T12:08:10","guid":{"rendered":"https:\/\/ecobnb.it\/blog\/?page_id=44635"},"modified":"2019-10-24T18:13:02","modified_gmt":"2019-10-24T16:13:02","slug":"economia-circolare-turismo-green-esempi","status":"publish","type":"page","link":"https:\/\/ecobnb.it\/blog\/eventi\/economia-circolare-turismo-green-esempi\/","title":{"rendered":"Economia Circolare e Turismo Green: Esempi e Idee degne di essere diffuse"},"content":{"rendered":"<h2>Come l\u2019economia circolare\u00a0pu\u00f2 innovare il turismo, rendendolo pi\u00f9 sostenibile, attrattivo e di\u00a0successo?\u00a0Un seminario gratuito per scoprirlo, attraverso esempi e idee degne di nota nell\u2019ambito del turismo sostenibile<\/h2>\n<p><strong>Economia Circolare<\/strong>, <strong>Turismo Responsabile<\/strong> e Ospitalit\u00e0 Sostenibile: sono i temi del <strong>seminario gratuito<\/strong> organizzato da Ecobnb a Trento, in occasione di <strong>Fa&#8217; la cosa giusta! Trento<\/strong>, una delle principali fiere in Italia dedicate agli stili di vita green.<\/p>\n<h2>Economia Circolare e Tursimo Green per cambiare prospettiva<\/h2>\n<p><img class=\"alignnone size-full wp-image-44647\" src=\"https:\/\/ecobnb.it\/blog\/app\/uploads\/sites\/2\/2019\/09\/Linear_versus_circular.jpg\" alt=\"Economia lineare vs economia circolare\" width=\"1424\" height=\"658\" srcset=\"https:\/\/ecobnb.it\/blog\/app\/uploads\/sites\/2\/2019\/09\/Linear_versus_circular.jpg 1424w, https:\/\/ecobnb.it\/blog\/app\/uploads\/sites\/2\/2019\/09\/Linear_versus_circular-536x248.jpg 536w, https:\/\/ecobnb.it\/blog\/app\/uploads\/sites\/2\/2019\/09\/Linear_versus_circular-344x159.jpg 344w\" sizes=\"(max-width: 1424px) 100vw, 1424px\" \/>C\u2019era una volta (e purtroppo esiste\u00a0ancora) l&#8217;<strong>economia lineare<\/strong>. Quel modello\u00a0economico, nato con la rivoluzione industriale ed ispirato allo schema produci &#8211; consuma &#8211; dismetti, si \u00e8 dimostrato fallimentare. Un sistema che ha provato &#8211; e sta provocando &#8211; disastri ambientali e sociali. Tra urbanizzazione sfrenata, consumo di suolo, utilizzo di combustibili fossili, il collasso di questo modello di economia \u00e8 prossimo, e un&#8217;inversione di tendenza \u00e8 l&#8217;unica possibilit\u00e0 per salvare il pianeta.<\/p>\n<p>C&#8217;\u00e8 allora chi ha proposto il passaggio all&#8217;<strong>economia circolare. <\/strong>Si tratta di sostituire il\u00a0concetto di fine del prodotto con quello di riuso, trasformazione e riutilizzo. Fare di pi\u00f9 con meno, recuperare quello che si ha gi\u00e0, ricilare. L\u2019obiettivo \u00e8 appunto \u2018<strong>chiudere il cerchio<\/strong>\u2019, ovvero ottimizzare lo sfruttamento di risorse e materie prime nell\u2019intero ciclo di vita.<\/p>\n<p>Uno <strong>sviluppo sostenibile<\/strong>, quindi, come principio-guida applicabile a tutti i comparti del nostro sistema economico, primo fra tutti quello del <strong>turismo<\/strong>, che \u00e8 effettivamente<strong>\u00a0<\/strong>responsabile di pi\u00f9 del <strong><a href=\"https:\/\/ecobnb.it\/blog\/2018\/05\/impronta-ecologica-del-turismo\/\" target=\"_blank\">8% dei gas serra globali<\/a><\/strong> emessi in atmosfera.<\/p>\n<p>Il\u00a0cambiamento \u00e8 possibile e sta gi\u00e0 avvenendo, come dimostrano alcuni <strong>esempi virtuosi<\/strong>\u00a0&#8211; dalle <strong>destinazioni green<\/strong>, agli <strong>hotel a zero emissioni<\/strong> &#8211; che verranno presentati da Ecobnb nel corso del seminario di Trento. Idee ed esempi degni di essere diffusi.<\/p>\n<p>Il seminario sar\u00e0 un&#8217;occasione per riflettere sui <strong>benefici<\/strong>\u00a0(anche economici) di un approccio pi\u00f9 <strong>responsabile<\/strong> al turismo,\u00a0basato sul rispetto dell&#8217;ambiente, dei luoghi e delle comunit\u00e0 locali.<\/p>\n<div id=\"attachment_44646\" class=\"thumbnail alignnone\"><img class=\"size-full wp-image-44646\" src=\"https:\/\/ecobnb.it\/blog\/app\/uploads\/sites\/2\/2019\/09\/nils-stahl-neUbjUnjXNk-unsplash.jpg\" alt=\"seminario\" width=\"6000\" height=\"4000\" srcset=\"https:\/\/ecobnb.it\/blog\/app\/uploads\/sites\/2\/2019\/09\/nils-stahl-neUbjUnjXNk-unsplash.jpg 6000w, https:\/\/ecobnb.it\/blog\/app\/uploads\/sites\/2\/2019\/09\/nils-stahl-neUbjUnjXNk-unsplash-536x357.jpg 536w, https:\/\/ecobnb.it\/blog\/app\/uploads\/sites\/2\/2019\/09\/nils-stahl-neUbjUnjXNk-unsplash-344x229.jpg 344w\" sizes=\"(max-width: 6000px) 100vw, 6000px\" \/><div class=\"caption\">foto di nils stahl, via unsplash<\/div><\/div>\n<h2>Perch\u00e9 partecipare al seminario gratuito?<\/h2>\n<ul>\n<li>Per scoprire come l&#8217;economia circolare\u00a0possa innovare i modelli turistici, le destinazioni e le strutture ricettive, rendendoli pi\u00f9 sostenibili, ma anche attrattivi e di successo.<\/li>\n<li>Per conoscere le ultime tendenze del turismo e tutto quello che vorresti sapere sui viaggiatori responsabili<\/li>\n<li>Per toccare con mano alcuni esempi e idee degne di nota nell&#8217;ambito del turismo sostenibile e dell&#8217;ospitalit\u00e0 green.<\/li>\n<\/ul>\n<h2>A chi \u00e8 rivolto l&#8217;evento formativo?<\/h2>\n<ul>\n<li>a strutture ricettive, operatori turistici e destinazioni interessate al tema del turismo sostenibile<\/li>\n<li>a studenti e curiosi intessati a\u00a0scoprire come l&#8217;economia circolare pu\u00f2 rivoluzionare il turismo<\/li>\n<\/ul>\n<h3>Il\u00a0seminario \u00e9 gratuito, pre-iscrivendosi a <a href=\"https:\/\/docs.google.com\/forms\/d\/e\/1FAIpQLSefx8duVqd6-n_JoTDG5DCxQNi2cgltPaKrgV-OcIOxqMbCug\/viewform\" target=\"_blank\">questo link<\/a><\/h3>\n<h3>Quando: sabato 19 ottobre, dalle 11.30 alle 13.00<\/h3>\n<h3>Dove: Fa\u2019 La Cosa Giusta! Trento, via di Briamasco, Trento<\/h3>\n<p>&nbsp;<\/p>\n<p>Vuoi conoscere il programma completo dei Laboratori di Fa&#8217; la cosa Giusta! Trento? <a href=\"https:\/\/ecobnb.it\/blog\/app\/uploads\/sites\/2\/2019\/09\/Pieghevole_FLCG_2019.pdf\" target=\"_blank\">Scarica il\u00a0calendario degli eventi<\/a><\/p>\n<h2>I risultati del workshop su economia circolare e turismo sostenibile<\/h2>\n\n\t\t<style type=\"text\/css\">\n\t\t\t#gallery-1 {\n\t\t\t\tmargin: auto;\n\t\t\t}\n\t\t\t#gallery-1 .gallery-item {\n\t\t\t\tfloat: left;\n\t\t\t\tmargin-top: 10px;\n\t\t\t\ttext-align: center;\n\t\t\t\twidth: 33%;\n\t\t\t}\n\t\t\t#gallery-1 img {\n\t\t\t\tborder: 2px solid #cfcfcf;\n\t\t\t}\n\t\t\t#gallery-1 .gallery-caption {\n\t\t\t\tmargin-left: 0;\n\t\t\t}\n\t\t\t\/* see gallery_shortcode() in wp-includes\/media.php *\/\n\t\t<\/style>\n\t\t<div id='gallery-1' class='gallery galleryid-44635 gallery-columns-3 gallery-size-thumbnail'><dl class='gallery-item'>\n\t\t\t<dt class='gallery-icon landscape'>\n\t\t\t\t<a href='https:\/\/ecobnb.it\/blog\/eventi\/economia-circolare-turismo-green-esempi\/image00002\/#main'><img width=\"270\" height=\"200\" src=\"https:\/\/ecobnb.it\/blog\/app\/uploads\/sites\/2\/2019\/09\/image00002-270x200.jpeg\" class=\"attachment-thumbnail size-thumbnail\" alt=\"Laboratorio di Ecobnb a Fa&#039; La Cosa Giusta Trento\" \/><\/a>\n\t\t\t<\/dt><\/dl><dl class='gallery-item'>\n\t\t\t<dt class='gallery-icon landscape'>\n\t\t\t\t<a href='https:\/\/ecobnb.it\/blog\/eventi\/economia-circolare-turismo-green-esempi\/img_20191019_115939\/#main'><img width=\"270\" height=\"200\" src=\"https:\/\/ecobnb.it\/blog\/app\/uploads\/sites\/2\/2019\/09\/IMG_20191019_115939-270x200.jpg\" class=\"attachment-thumbnail size-thumbnail\" alt=\"Laboratorio di Ecobnb a Fa&#039; La Cosa Giusta Trento\" \/><\/a>\n\t\t\t<\/dt><\/dl><dl class='gallery-item'>\n\t\t\t<dt class='gallery-icon landscape'>\n\t\t\t\t<a href='https:\/\/ecobnb.it\/blog\/eventi\/economia-circolare-turismo-green-esempi\/image00019\/#main'><img width=\"270\" height=\"200\" src=\"https:\/\/ecobnb.it\/blog\/app\/uploads\/sites\/2\/2019\/09\/image00019-270x200.jpeg\" class=\"attachment-thumbnail size-thumbnail\" alt=\"Laboratorio di Ecobnb a Fa&#039; La Cosa Giusta Trento\" \/><\/a>\n\t\t\t<\/dt><\/dl><br style=\"clear: both\" \/><dl class='gallery-item'>\n\t\t\t<dt class='gallery-icon landscape'>\n\t\t\t\t<a href='https:\/\/ecobnb.it\/blog\/eventi\/economia-circolare-turismo-green-esempi\/image00014\/#main'><img width=\"270\" height=\"200\" src=\"https:\/\/ecobnb.it\/blog\/app\/uploads\/sites\/2\/2019\/09\/image00014-270x200.jpeg\" class=\"attachment-thumbnail size-thumbnail\" alt=\"Laboratorio di Ecobnb a Fa&#039; La Cosa Giusta Trento\" \/><\/a>\n\t\t\t<\/dt><\/dl><dl class='gallery-item'>\n\t\t\t<dt class='gallery-icon landscape'>\n\t\t\t\t<a href='https:\/\/ecobnb.it\/blog\/eventi\/economia-circolare-turismo-green-esempi\/image00012\/#main'><img width=\"270\" height=\"200\" src=\"https:\/\/ecobnb.it\/blog\/app\/uploads\/sites\/2\/2019\/09\/image00012-270x200.jpeg\" class=\"attachment-thumbnail size-thumbnail\" alt=\"Laboratorio di Ecobnb a Fa&#039; La Cosa Giusta Trento\" \/><\/a>\n\t\t\t<\/dt><\/dl><dl class='gallery-item'>\n\t\t\t<dt class='gallery-icon landscape'>\n\t\t\t\t<a href='https:\/\/ecobnb.it\/blog\/eventi\/economia-circolare-turismo-green-esempi\/image00020\/#main'><img width=\"270\" height=\"200\" src=\"https:\/\/ecobnb.it\/blog\/app\/uploads\/sites\/2\/2019\/09\/image00020-270x200.jpeg\" class=\"attachment-thumbnail size-thumbnail\" alt=\"Laboratorio di Ecobnb a Fa&#039; La Cosa Giusta Trento\" \/><\/a>\n\t\t\t<\/dt><\/dl><br style=\"clear: both\" \/>\n\t\t<\/div>\n\n<p>In numerosi avete partecipato al\u00a0workshop\u00a0all&#8217;interno di Fa&#8217; la cosa giusta! Trento.\u00a0Abbiamo apprezzato le tante domande, considerazioni e punti di vista differenti che hanno reso il laboratorio davvero ricco di spunti. Grazie!<\/p>\n<h3><a href=\"https:\/\/ecobnb.it\/blog\/eventi\/economia-circolare-turismo-green-esempi\/economia-circolare-e-turismo-workshop-fa-la-cosa-giusta\/\" target=\"_blank\" rel=\"attachment wp-att-45200\">A questo link trovate la presentazione in formato pdf<\/a><\/h3>\n","protected":false},"excerpt":{"rendered":"<p>Come l\u2019economia circolare\u00a0pu\u00f2 innovare il turismo, rendendolo pi\u00f9 sostenibile, attrattivo e di\u00a0successo?\u00a0Un seminario gratuito per scoprirlo, attraverso esempi e idee degne di nota nell\u2019ambito del turismo sostenibile Economia Circolare, Turismo Responsabile e Ospitalit\u00e0 Sostenibile: sono i temi del seminario gratuito organizzato da Ecobnb a Trento, in occasione di Fa&#8217; la cosa giusta! Trento, una delle [&hellip;]<\/p>\n","protected":false},"author":42,"featured_media":45142,"parent":16232,"menu_order":0,"comment_status":"closed","ping_status":"open","template":"","meta":[],"acf":[],"yoast_head":"<!-- This site is optimized with the Yoast SEO plugin v19.9 - https:\/\/yoast.com\/wordpress\/plugins\/seo\/ -->\n<title>Economia Circolare e Turismo Green: Esempi e Idee - Ecobnb<\/title>\n<meta name=\"description\" content=\"In occasione di Fa&#039; la cosa giusta! Trento, Ecobnb propone un seminario gratuito di buone pratiche per l&#039;Economia Circolare e il Turismo Sostenibile.\" \/>\n<meta name=\"robots\" content=\"index, follow, max-snippet:-1, max-image-preview:large, max-video-preview:-1\" \/>\n<link rel=\"canonical\" href=\"https:\/\/ecobnb.it\/blog\/eventi\/economia-circolare-turismo-green-esempi\/\" \/>\n<meta property=\"og:locale\" content=\"it_IT\" \/>\n<meta property=\"og:type\" content=\"article\" \/>\n<meta property=\"og:title\" content=\"Economia Circolare e Turismo Green: Esempi e Idee - Ecobnb\" \/>\n<meta property=\"og:description\" content=\"In occasione di Fa&#039; la cosa giusta! Trento, Ecobnb propone un seminario gratuito di buone pratiche per l&#039;Economia Circolare e il Turismo Sostenibile.\" \/>\n<meta property=\"og:url\" content=\"https:\/\/ecobnb.it\/blog\/eventi\/economia-circolare-turismo-green-esempi\/\" \/>\n<meta property=\"og:site_name\" content=\"Ecobnb\" \/>\n<meta property=\"article:publisher\" content=\"https:\/\/www.facebook.com\/viaggiverdi\" \/>\n<meta property=\"article:modified_time\" content=\"2019-10-24T16:13:02+00:00\" \/>\n<meta property=\"og:image\" content=\"https:\/\/ecobnb.it\/blog\/app\/uploads\/sites\/2\/2019\/09\/Copy-of-workshop-Web-marketing-nel-Turismo-Sostenibile.-6.jpg\" \/>\n\t<meta property=\"og:image:width\" content=\"1170\" \/>\n\t<meta property=\"og:image:height\" content=\"490\" \/>\n\t<meta property=\"og:image:type\" content=\"image\/jpeg\" \/>\n<meta name=\"twitter:label1\" content=\"Est. reading time\" \/>\n\t<meta name=\"twitter:data1\" content=\"3 minutes\" \/>\n<!-- \/ Yoast SEO plugin. -->","yoast_head_json":{"title":"Economia Circolare e Turismo Green: Esempi e Idee - Ecobnb","description":"In occasione di Fa' la cosa giusta! Trento, Ecobnb propone un seminario gratuito di buone pratiche per l'Economia Circolare e il Turismo Sostenibile.","robots":{"index":"index","follow":"follow","max-snippet":"max-snippet:-1","max-image-preview":"max-image-preview:large","max-video-preview":"max-video-preview:-1"},"canonical":"https:\/\/ecobnb.it\/blog\/eventi\/economia-circolare-turismo-green-esempi\/","og_locale":"it_IT","og_type":"article","og_title":"Economia Circolare e Turismo Green: Esempi e Idee - Ecobnb","og_description":"In occasione di Fa' la cosa giusta! Trento, Ecobnb propone un seminario gratuito di buone pratiche per l'Economia Circolare e il Turismo Sostenibile.","og_url":"https:\/\/ecobnb.it\/blog\/eventi\/economia-circolare-turismo-green-esempi\/","og_site_name":"Ecobnb","article_publisher":"https:\/\/www.facebook.com\/viaggiverdi","article_modified_time":"2019-10-24T16:13:02+00:00","og_image":[{"width":1170,"height":490,"url":"https:\/\/ecobnb.it\/blog\/app\/uploads\/sites\/2\/2019\/09\/Copy-of-workshop-Web-marketing-nel-Turismo-Sostenibile.-6.jpg","type":"image\/jpeg"}],"twitter_misc":{"Est. reading time":"3 minutes"},"schema":{"@context":"https:\/\/schema.org","@graph":[{"@type":"WebPage","@id":"https:\/\/ecobnb.it\/blog\/eventi\/economia-circolare-turismo-green-esempi\/","url":"https:\/\/ecobnb.it\/blog\/eventi\/economia-circolare-turismo-green-esempi\/","name":"Economia Circolare e Turismo Green: Esempi e Idee - Ecobnb","isPartOf":{"@id":"https:\/\/ecobnb.it\/blog\/#website"},"datePublished":"2019-09-27T12:08:10+00:00","dateModified":"2019-10-24T16:13:02+00:00","description":"In occasione di Fa' la cosa giusta! Trento, Ecobnb propone un seminario gratuito di buone pratiche per l'Economia Circolare e il Turismo Sostenibile.","breadcrumb":{"@id":"https:\/\/ecobnb.it\/blog\/eventi\/economia-circolare-turismo-green-esempi\/#breadcrumb"},"inLanguage":"it-IT","potentialAction":[{"@type":"ReadAction","target":["https:\/\/ecobnb.it\/blog\/eventi\/economia-circolare-turismo-green-esempi\/"]}]},{"@type":"BreadcrumbList","@id":"https:\/\/ecobnb.it\/blog\/eventi\/economia-circolare-turismo-green-esempi\/#breadcrumb","itemListElement":[{"@type":"ListItem","position":1,"name":"Ecobnb Green Accademy: Eventi Formativi, workshop e Incontri","item":"https:\/\/ecobnb.it\/blog\/eventi\/"},{"@type":"ListItem","position":2,"name":"Economia Circolare e Turismo Green: Esempi e Idee degne di essere diffuse"}]},{"@type":"WebSite","@id":"https:\/\/ecobnb.it\/blog\/#website","url":"https:\/\/ecobnb.it\/blog\/","name":"Ecobnb","description":"Trova il tuo Alloggio Ecosostenibile","publisher":{"@id":"https:\/\/ecobnb.it\/blog\/#organization"},"potentialAction":[{"@type":"SearchAction","target":{"@type":"EntryPoint","urlTemplate":"https:\/\/ecobnb.it\/blog\/?s={search_term_string}"},"query-input":"required name=search_term_string"}],"inLanguage":"it-IT"},{"@type":"Organization","@id":"https:\/\/ecobnb.it\/blog\/#organization","name":"Ecobnb","url":"https:\/\/ecobnb.it\/blog\/","logo":{"@type":"ImageObject","inLanguage":"it-IT","@id":"https:\/\/ecobnb.it\/blog\/#\/schema\/logo\/image\/","url":"https:\/\/ecobnb.it\/blog\/app\/uploads\/sites\/2\/2016\/03\/logo_transparent_512x512.png","contentUrl":"https:\/\/ecobnb.it\/blog\/app\/uploads\/sites\/2\/2016\/03\/logo_transparent_512x512.png","width":512,"height":512,"caption":"Ecobnb"},"image":{"@id":"https:\/\/ecobnb.it\/blog\/#\/schema\/logo\/image\/"},"sameAs":["https:\/\/www.facebook.com\/viaggiverdi"]}]}},"_links":{"self":[{"href":"https:\/\/ecobnb.it\/blog\/wp-json\/wp\/v2\/pages\/44635"}],"collection":[{"href":"https:\/\/ecobnb.it\/blog\/wp-json\/wp\/v2\/pages"}],"about":[{"href":"https:\/\/ecobnb.it\/blog\/wp-json\/wp\/v2\/types\/page"}],"author":[{"embeddable":true,"href":"https:\/\/ecobnb.it\/blog\/wp-json\/wp\/v2\/users\/42"}],"replies":[{"embeddable":true,"href":"https:\/\/ecobnb.it\/blog\/wp-json\/wp\/v2\/comments?post=44635"}],"version-history":[{"count":14,"href":"https:\/\/ecobnb.it\/blog\/wp-json\/wp\/v2\/pages\/44635\/revisions"}],"predecessor-version":[{"id":45203,"href":"https:\/\/ecobnb.it\/blog\/wp-json\/wp\/v2\/pages\/44635\/revisions\/45203"}],"up":[{"embeddable":true,"href":"https:\/\/ecobnb.it\/blog\/wp-json\/wp\/v2\/pages\/16232"}],"wp:featuredmedia":[{"embeddable":true,"href":"https:\/\/ecobnb.it\/blog\/wp-json\/wp\/v2\/media\/45142"}],"wp:attachment":[{"href":"https:\/\/ecobnb.it\/blog\/wp-json\/wp\/v2\/media?parent=44635"}],"curies":[{"name":"wp","href":"https:\/\/api.w.org\/{rel}","templated":true}]}}