{"id":40050,"date":"2019-03-27T18:27:05","date_gmt":"2019-03-27T17:27:05","guid":{"rendered":"https:\/\/ecobnb.it\/blog\/?page_id=40050"},"modified":"2020-02-26T12:44:32","modified_gmt":"2020-02-26T11:44:32","slug":"fesr-progetto-innovazione-booking","status":"publish","type":"page","link":"https:\/\/ecobnb.it\/blog\/fesr-progetto-innovazione-booking\/","title":{"rendered":"FESR 2014-2020: Progetto di Innovazione per il Booking online di Ecobnb"},"content":{"rendered":"<p>Nel 2018 Ecobnb ha ricevuto il contributo della <strong>Provincia Autonoma di Trento<\/strong> all&#8217;interno del <strong>Programma Operativo FESR<\/strong> &#8211; ASSE1, Sosegno per l&#8217;acquisto di Servizi di Consulenza per l&#8217;Innovazione Aziendale, Avviso 3\/2017, obiettivo investimenti a favore della crescita e dell&#8217;occupazione.<\/p>\n<h2>FESR 2014-2020: un progetto per l&#8217;innovazione aziendale<\/h2>\n<p>Il progetto di Ecobnb co-finanziato dal FESR 2014-2020 ha riguardato l&#8217;acquisto di servizi di consulenza per l&#8217;<strong>innovazione del sistema di prenotazioni online di Ecobnb<\/strong>. La finalit\u00e0 del progetto \u00e8 la realizzazione di un sistema di prenotazione online pi\u00f9 rapido e intuitivo funzionale alla promozione e commercializzazione di notte ed esperienze eco-sostenibili.<\/p>\n<h2>Un sistema di booking oline pi\u00f9 efficiente e innovativo per Ecobnb<\/h2>\n<p>I risultati raggiunti sono la progettazione per un <strong>sistema di booking pi\u00f9 immediato<\/strong> ed efficiente capace di ridurre gli &#8220;step&#8221; di prenotazione degli utenti (accorciando perci\u00f2 i tempi di attesa). Il progetto del nuovo booking ottimizzato prevede anche l&#8217;implementazione di due feature innovative, &#8220;eco-reward&#8221; e &#8220;social responsability&#8221;, che sar\u00e0 presto sviluppato e messo online sulla piattaforma di ecobnb.<\/p>\n<p>L&#8217;intervento realizzato, che contribuir\u00e0 alla crescita sia economica, che ambientale e sociale di Ecobnb, ha ricevuto il sostegno finanziario del\u00a0Fondo Europeo di Sviluppo Regionale,\u00a0dello Stato\u00a0Italiano e dalla Provincia Autonoma di Trento.<\/p>\n<p><img class=\"alignnone wp-image-40051 size-full\" src=\"https:\/\/ecobnb.it\/blog\/app\/uploads\/sites\/2\/2019\/03\/ecobnb-fesr.jpg\" alt=\"Progetto di innovazione realizzato da Ecobnb nell'ambito di FESR 2014-2020\" width=\"870\" height=\"1224\" srcset=\"https:\/\/ecobnb.it\/blog\/app\/uploads\/sites\/2\/2019\/03\/ecobnb-fesr.jpg 870w, https:\/\/ecobnb.it\/blog\/app\/uploads\/sites\/2\/2019\/03\/ecobnb-fesr-536x754.jpg 536w, https:\/\/ecobnb.it\/blog\/app\/uploads\/sites\/2\/2019\/03\/ecobnb-fesr-344x484.jpg 344w\" sizes=\"(max-width: 870px) 100vw, 870px\" \/><\/p>\n","protected":false},"excerpt":{"rendered":"<p>Nel 2018 Ecobnb ha ricevuto il contributo della Provincia Autonoma di Trento all&#8217;interno del Programma Operativo FESR &#8211; ASSE1, Sosegno per l&#8217;acquisto di Servizi di Consulenza per l&#8217;Innovazione Aziendale, Avviso 3\/2017, obiettivo investimenti a favore della crescita e dell&#8217;occupazione. FESR 2014-2020: un progetto per l&#8217;innovazione aziendale Il progetto di Ecobnb co-finanziato dal FESR 2014-2020 ha [&hellip;]<\/p>\n","protected":false},"author":3,"featured_media":48398,"parent":0,"menu_order":0,"comment_status":"closed","ping_status":"open","template":"page-nosidebar.php","meta":[],"acf":[],"yoast_head":"<!-- This site is optimized with the Yoast SEO plugin v19.9 - https:\/\/yoast.com\/wordpress\/plugins\/seo\/ -->\n<title>FESR 2014-2020: Progetto di Innovazione del Booking di Ecobnb<\/title>\n<meta name=\"description\" content=\"Nell&#039;Ambito del Programma Operativo FESR 2014-2020 \u00e8 stato finanziato il progetto di innovazione del sistema di booking online di Ecobnb.\" \/>\n<meta name=\"robots\" content=\"index, follow, max-snippet:-1, max-image-preview:large, max-video-preview:-1\" \/>\n<link rel=\"canonical\" href=\"https:\/\/ecobnb.it\/blog\/fesr-progetto-innovazione-booking\/\" \/>\n<meta property=\"og:locale\" content=\"it_IT\" \/>\n<meta property=\"og:type\" content=\"article\" \/>\n<meta property=\"og:title\" content=\"FESR 2014-2020: Progetto di Innovazione del Booking di Ecobnb\" \/>\n<meta property=\"og:description\" content=\"Nell&#039;Ambito del Programma Operativo FESR 2014-2020 \u00e8 stato finanziato il progetto di innovazione del sistema di booking online di Ecobnb.\" \/>\n<meta property=\"og:url\" content=\"https:\/\/ecobnb.it\/blog\/fesr-progetto-innovazione-booking\/\" \/>\n<meta property=\"og:site_name\" content=\"Ecobnb\" \/>\n<meta property=\"article:publisher\" content=\"https:\/\/www.facebook.com\/viaggiverdi\" \/>\n<meta property=\"article:modified_time\" content=\"2020-02-26T11:44:32+00:00\" \/>\n<meta property=\"og:image\" content=\"https:\/\/ecobnb.it\/blog\/app\/uploads\/sites\/2\/2020\/02\/FSE.jpg\" \/>\n\t<meta property=\"og:image:width\" content=\"1172\" \/>\n\t<meta property=\"og:image:height\" content=\"600\" \/>\n\t<meta property=\"og:image:type\" content=\"image\/jpeg\" \/>\n<meta name=\"twitter:label1\" content=\"Est. reading time\" \/>\n\t<meta name=\"twitter:data1\" content=\"1 minute\" \/>\n<!-- \/ Yoast SEO plugin. -->","yoast_head_json":{"title":"FESR 2014-2020: Progetto di Innovazione del Booking di Ecobnb","description":"Nell'Ambito del Programma Operativo FESR 2014-2020 \u00e8 stato finanziato il progetto di innovazione del sistema di booking online di Ecobnb.","robots":{"index":"index","follow":"follow","max-snippet":"max-snippet:-1","max-image-preview":"max-image-preview:large","max-video-preview":"max-video-preview:-1"},"canonical":"https:\/\/ecobnb.it\/blog\/fesr-progetto-innovazione-booking\/","og_locale":"it_IT","og_type":"article","og_title":"FESR 2014-2020: Progetto di Innovazione del Booking di Ecobnb","og_description":"Nell'Ambito del Programma Operativo FESR 2014-2020 \u00e8 stato finanziato il progetto di innovazione del sistema di booking online di Ecobnb.","og_url":"https:\/\/ecobnb.it\/blog\/fesr-progetto-innovazione-booking\/","og_site_name":"Ecobnb","article_publisher":"https:\/\/www.facebook.com\/viaggiverdi","article_modified_time":"2020-02-26T11:44:32+00:00","og_image":[{"width":1172,"height":600,"url":"https:\/\/ecobnb.it\/blog\/app\/uploads\/sites\/2\/2020\/02\/FSE.jpg","type":"image\/jpeg"}],"twitter_misc":{"Est. reading time":"1 minute"},"schema":{"@context":"https:\/\/schema.org","@graph":[{"@type":"WebPage","@id":"https:\/\/ecobnb.it\/blog\/fesr-progetto-innovazione-booking\/","url":"https:\/\/ecobnb.it\/blog\/fesr-progetto-innovazione-booking\/","name":"FESR 2014-2020: Progetto di Innovazione del Booking di Ecobnb","isPartOf":{"@id":"https:\/\/ecobnb.it\/blog\/#website"},"datePublished":"2019-03-27T17:27:05+00:00","dateModified":"2020-02-26T11:44:32+00:00","description":"Nell'Ambito del Programma Operativo FESR 2014-2020 \u00e8 stato finanziato il progetto di innovazione del sistema di booking online di Ecobnb.","inLanguage":"it-IT","potentialAction":[{"@type":"ReadAction","target":["https:\/\/ecobnb.it\/blog\/fesr-progetto-innovazione-booking\/"]}]},{"@type":"WebSite","@id":"https:\/\/ecobnb.it\/blog\/#website","url":"https:\/\/ecobnb.it\/blog\/","name":"Ecobnb","description":"Trova il tuo Alloggio Ecosostenibile","publisher":{"@id":"https:\/\/ecobnb.it\/blog\/#organization"},"potentialAction":[{"@type":"SearchAction","target":{"@type":"EntryPoint","urlTemplate":"https:\/\/ecobnb.it\/blog\/?s={search_term_string}"},"query-input":"required name=search_term_string"}],"inLanguage":"it-IT"},{"@type":"Organization","@id":"https:\/\/ecobnb.it\/blog\/#organization","name":"Ecobnb","url":"https:\/\/ecobnb.it\/blog\/","logo":{"@type":"ImageObject","inLanguage":"it-IT","@id":"https:\/\/ecobnb.it\/blog\/#\/schema\/logo\/image\/","url":"https:\/\/ecobnb.it\/blog\/app\/uploads\/sites\/2\/2016\/03\/logo_transparent_512x512.png","contentUrl":"https:\/\/ecobnb.it\/blog\/app\/uploads\/sites\/2\/2016\/03\/logo_transparent_512x512.png","width":512,"height":512,"caption":"Ecobnb"},"image":{"@id":"https:\/\/ecobnb.it\/blog\/#\/schema\/logo\/image\/"},"sameAs":["https:\/\/www.facebook.com\/viaggiverdi"]}]}},"_links":{"self":[{"href":"https:\/\/ecobnb.it\/blog\/wp-json\/wp\/v2\/pages\/40050"}],"collection":[{"href":"https:\/\/ecobnb.it\/blog\/wp-json\/wp\/v2\/pages"}],"about":[{"href":"https:\/\/ecobnb.it\/blog\/wp-json\/wp\/v2\/types\/page"}],"author":[{"embeddable":true,"href":"https:\/\/ecobnb.it\/blog\/wp-json\/wp\/v2\/users\/3"}],"replies":[{"embeddable":true,"href":"https:\/\/ecobnb.it\/blog\/wp-json\/wp\/v2\/comments?post=40050"}],"version-history":[{"count":11,"href":"https:\/\/ecobnb.it\/blog\/wp-json\/wp\/v2\/pages\/40050\/revisions"}],"predecessor-version":[{"id":41957,"href":"https:\/\/ecobnb.it\/blog\/wp-json\/wp\/v2\/pages\/40050\/revisions\/41957"}],"wp:featuredmedia":[{"embeddable":true,"href":"https:\/\/ecobnb.it\/blog\/wp-json\/wp\/v2\/media\/48398"}],"wp:attachment":[{"href":"https:\/\/ecobnb.it\/blog\/wp-json\/wp\/v2\/media?parent=40050"}],"curies":[{"name":"wp","href":"https:\/\/api.w.org\/{rel}","templated":true}]}}