{"id":40028,"date":"2019-04-04T16:17:17","date_gmt":"2019-04-04T14:17:17","guid":{"rendered":"https:\/\/ecobnb.it\/blog\/?page_id=40028"},"modified":"2021-04-27T09:43:24","modified_gmt":"2021-04-27T07:43:24","slug":"hotel-green-workshop-gratuito-adamello-brenta","status":"publish","type":"page","link":"https:\/\/ecobnb.it\/blog\/eventi\/hotel-green-workshop-gratuito-adamello-brenta\/","title":{"rendered":"Hotel Green: Workshop con gli Alberghi Qualit\u00e0 Parco Adamello Brenta"},"content":{"rendered":"<p>Un\u00a0Workshop gratuito dedicato alle <strong>strutture ricettive con Marchio Qualit\u00e0 Parco<\/strong>\u00a0incentrato sull&#8217;ospitalit\u00e0 eco-friendly e sul marketing online. L&#8217;incontro formativo \u00e8 in programma per <strong>marted\u00ec 7 Maggio a Strembo<\/strong>, nel Parco Naturale Adamello Brenta. Oltre ad analizzare i trend\u00a0del turismo sostenibile e le possibilit\u00e0\u00a0per differenziare la propria struttura ricettiva in chiave ecologica, il workshop\u00a0promuover\u00e0 il confronto tra le strutture ricettive per far emergere\u00a0buone pratiche di ospitalit\u00e0 sostenibile e turismo esperienziale.<\/p>\n<p><strong>Quando:<\/strong> marted\u00ec 7 Maggio, dalle 9.30 alle 13.30<\/p>\n<p><strong>Dove:<\/strong> Strembo (Trento), Sala all&#8217;ultimo piano del Municipio di Strembo<\/p>\n<h2>Programma del Workshop:<\/h2>\n<p>9.30 &#8211;\u00a0Registrazione partecipanti<\/p>\n<p>9.40 &#8211; Turismo sostenibile: trend e\u00a0possibilit\u00e0 per destagionalizzare<\/p>\n<p>10.00 &#8211; Ospitalit\u00e0 sostenibile in 10 passi<\/p>\n<p>Pausa (15 mins)<\/p>\n<p>11.15 Workshop: confronto e buone pratiche<\/p>\n<h2>Risultati del Workshop<\/h2>\n<p><img class=\"alignnone size-full wp-image-41138\" src=\"https:\/\/ecobnb.it\/blog\/app\/uploads\/sites\/2\/2019\/04\/workshop.jpg\" alt=\"workshop a Strembo con le strutture ricettive qualit\u00e0 parco\" width=\"870\" height=\"284\" srcset=\"https:\/\/ecobnb.it\/blog\/app\/uploads\/sites\/2\/2019\/04\/workshop.jpg 870w, https:\/\/ecobnb.it\/blog\/app\/uploads\/sites\/2\/2019\/04\/workshop-536x175.jpg 536w, https:\/\/ecobnb.it\/blog\/app\/uploads\/sites\/2\/2019\/04\/workshop-344x112.jpg 344w\" sizes=\"(max-width: 870px) 100vw, 870px\" \/><\/p>\n<p>All&#8217;incontro del <strong>7 maggio a Strembo<\/strong> hanno partecipato una ventina di strutture ricettive<strong> Qualit\u00e0 Parco<\/strong>. Nel corso dell&#8217;evento Simone Riccardi di Ecobnb ha introdotto il tema della sostenibilit\u00e0 nel turismo, analizzato il target degli eco-viaggiatori e presentato le principali azioni di sostenibilit\u00e0 che un hotel pu\u00f2 mettere in atto per ridurre la propria impronta ambientale. In seguito,\u00a0si \u00e8 deciso di dare ampio spazio\u00a0al momento di workshop e confronto tra le strutture ricettive presenti.<\/p>\n<p>Si \u00e8 parlato di <strong>ospitare green<\/strong> in un parco Naturale e di quali attenzioni ambientali possono fare davvero la differenza. Dal lavoro dei gruppi \u00e8 emersa l&#8217;importanza di conoscere il territorio del parco e di saperlo raccontare ai propri ospiti. In generale il tema della comunicazione \u00e8 risultato centrale: saper comunicare agli ospiti le proprie scelte eco-friendly, creare consapevolezza, sensibilizzare i propri ospiti sul tema della sostenibilit\u00e0. &#8220;<em>Gli albergatori sono degli ambasciatori\u00a0del parco sensibili, che in base al cliente che si trovano di fronte\u00a0sanno fino a dove spingersi, e calibrano la comunicazione<\/em>&#8221; &#8211; ha detto qualcuno. Altro aspetto fondamentale dell&#8217;ospitare green in un parco naturale \u00e8 il rapporto con la natura e con i prodotti del luogo. Si \u00e8 parlato anche di raccolta differenziata, di strategie per evitare i monouso e i frigorbar, di buone pratiche per valorizzare i prodotti tipici qualit\u00e0 parco.<\/p>\n<p>I gruppi hanno anche affrontato il tema del<strong> turismo esperienziale<\/strong>\u00a0rispondendo alla domanda &#8220;Quali esperienze proponi con successo ai tuoi ospiti? E con quali canali le promuovi?&#8221;. Fare esperienza della <strong><em>lentezza<\/em><\/strong>, dello scorrere lento del tempo che caratterizza la montagna rispetto alla citt\u00e0. Immergersi nel magico mondo delle api. Fare esperienze benessere con erbe e prodotti locali. Osservare gli animali selvatici. Assaggiare i\u00a0cibi a km zero\u00a0e scoprire la loro produzione&#8230; Sono alcune delle esperienze di cui si \u00e8 parlato durante il workshop, sottolineando anche l&#8217;importanza della loro &#8220;fotografabilit\u00e0&#8221; per condividerle sui canali socials, sito web e newsletter. Nell&#8217;era dei socials, se \u00e8 &#8220;instagrammabile&#8221; un&#8217;esperienza\u00a0diventa pi\u00f9 velocemente virale.<\/p>\n<p>Nel prossimo incontro si affronter\u00e0 il tema del <strong>marketing digitale<\/strong>, dal blog ai social media, e degli strumenti utili per promuovere online le proprie esperienze e ospitalit\u00e0.<\/p>\n<h2><a href=\"https:\/\/ecobnb.it\/blog\/app\/uploads\/sites\/2\/2019\/04\/Slide-Workshop-PARCO-ADAMELLO-BRENTA-7-maggio.pdf\">Scarica le Slide del Workshop in formato PDF<\/a><\/h2>\n","protected":false},"excerpt":{"rendered":"<p>Un\u00a0Workshop gratuito dedicato alle strutture ricettive con Marchio Qualit\u00e0 Parco\u00a0incentrato sull&#8217;ospitalit\u00e0 eco-friendly e sul marketing online. L&#8217;incontro formativo \u00e8 in programma per marted\u00ec 7 Maggio a Strembo, nel Parco Naturale Adamello Brenta. Oltre ad analizzare i trend\u00a0del turismo sostenibile e le possibilit\u00e0\u00a0per differenziare la propria struttura ricettiva in chiave ecologica, il workshop\u00a0promuover\u00e0 il confronto tra [&hellip;]<\/p>\n","protected":false},"author":3,"featured_media":40453,"parent":16232,"menu_order":0,"comment_status":"closed","ping_status":"open","template":"","meta":[],"acf":[],"yoast_head":"<!-- This site is optimized with the Yoast SEO plugin v19.9 - https:\/\/yoast.com\/wordpress\/plugins\/seo\/ -->\n<title>Hotel Green: Workshop gratuito con gli Albeghi Qualit\u00e0 Parco<\/title>\n<meta name=\"description\" content=\"Un Workshop gratuito dedicato alle strutture ricettive con Marchio Qualit\u00e0 Parco incentrato sull&#039;ospitalit\u00e0 eco-friendly e sul marketing online.\" \/>\n<meta name=\"robots\" content=\"index, follow, max-snippet:-1, max-image-preview:large, max-video-preview:-1\" \/>\n<link rel=\"canonical\" href=\"https:\/\/ecobnb.it\/blog\/eventi\/hotel-green-workshop-gratuito-adamello-brenta\/\" \/>\n<meta property=\"og:locale\" content=\"it_IT\" \/>\n<meta property=\"og:type\" content=\"article\" \/>\n<meta property=\"og:title\" content=\"Hotel Green: Workshop gratuito con gli Albeghi Qualit\u00e0 Parco\" \/>\n<meta property=\"og:description\" content=\"Un Workshop gratuito dedicato alle strutture ricettive con Marchio Qualit\u00e0 Parco incentrato sull&#039;ospitalit\u00e0 eco-friendly e sul marketing online.\" \/>\n<meta property=\"og:url\" content=\"https:\/\/ecobnb.it\/blog\/eventi\/hotel-green-workshop-gratuito-adamello-brenta\/\" \/>\n<meta property=\"og:site_name\" content=\"Ecobnb\" \/>\n<meta property=\"article:publisher\" content=\"https:\/\/www.facebook.com\/viaggiverdi\" \/>\n<meta property=\"article:modified_time\" content=\"2021-04-27T07:43:24+00:00\" \/>\n<meta property=\"og:image\" content=\"https:\/\/ecobnb.it\/blog\/app\/uploads\/sites\/2\/2019\/03\/workshop-Web-marketing-nel-Turismo-Sostenibile.-11.jpg\" \/>\n\t<meta property=\"og:image:width\" content=\"1170\" \/>\n\t<meta property=\"og:image:height\" content=\"490\" \/>\n\t<meta property=\"og:image:type\" content=\"image\/jpeg\" \/>\n<meta name=\"twitter:label1\" content=\"Est. reading time\" \/>\n\t<meta name=\"twitter:data1\" content=\"2 minutes\" \/>\n<!-- \/ Yoast SEO plugin. -->","yoast_head_json":{"title":"Hotel Green: Workshop gratuito con gli Albeghi Qualit\u00e0 Parco","description":"Un Workshop gratuito dedicato alle strutture ricettive con Marchio Qualit\u00e0 Parco incentrato sull'ospitalit\u00e0 eco-friendly e sul marketing online.","robots":{"index":"index","follow":"follow","max-snippet":"max-snippet:-1","max-image-preview":"max-image-preview:large","max-video-preview":"max-video-preview:-1"},"canonical":"https:\/\/ecobnb.it\/blog\/eventi\/hotel-green-workshop-gratuito-adamello-brenta\/","og_locale":"it_IT","og_type":"article","og_title":"Hotel Green: Workshop gratuito con gli Albeghi Qualit\u00e0 Parco","og_description":"Un Workshop gratuito dedicato alle strutture ricettive con Marchio Qualit\u00e0 Parco incentrato sull'ospitalit\u00e0 eco-friendly e sul marketing online.","og_url":"https:\/\/ecobnb.it\/blog\/eventi\/hotel-green-workshop-gratuito-adamello-brenta\/","og_site_name":"Ecobnb","article_publisher":"https:\/\/www.facebook.com\/viaggiverdi","article_modified_time":"2021-04-27T07:43:24+00:00","og_image":[{"width":1170,"height":490,"url":"https:\/\/ecobnb.it\/blog\/app\/uploads\/sites\/2\/2019\/03\/workshop-Web-marketing-nel-Turismo-Sostenibile.-11.jpg","type":"image\/jpeg"}],"twitter_misc":{"Est. reading time":"2 minutes"},"schema":{"@context":"https:\/\/schema.org","@graph":[{"@type":"WebPage","@id":"https:\/\/ecobnb.it\/blog\/eventi\/hotel-green-workshop-gratuito-adamello-brenta\/","url":"https:\/\/ecobnb.it\/blog\/eventi\/hotel-green-workshop-gratuito-adamello-brenta\/","name":"Hotel Green: Workshop gratuito con gli Albeghi Qualit\u00e0 Parco","isPartOf":{"@id":"https:\/\/ecobnb.it\/blog\/#website"},"datePublished":"2019-04-04T14:17:17+00:00","dateModified":"2021-04-27T07:43:24+00:00","description":"Un Workshop gratuito dedicato alle strutture ricettive con Marchio Qualit\u00e0 Parco incentrato sull'ospitalit\u00e0 eco-friendly e sul marketing online.","breadcrumb":{"@id":"https:\/\/ecobnb.it\/blog\/eventi\/hotel-green-workshop-gratuito-adamello-brenta\/#breadcrumb"},"inLanguage":"it-IT","potentialAction":[{"@type":"ReadAction","target":["https:\/\/ecobnb.it\/blog\/eventi\/hotel-green-workshop-gratuito-adamello-brenta\/"]}]},{"@type":"BreadcrumbList","@id":"https:\/\/ecobnb.it\/blog\/eventi\/hotel-green-workshop-gratuito-adamello-brenta\/#breadcrumb","itemListElement":[{"@type":"ListItem","position":1,"name":"Ecobnb Green Accademy: Eventi Formativi, workshop e Incontri","item":"https:\/\/ecobnb.it\/blog\/eventi\/"},{"@type":"ListItem","position":2,"name":"Hotel Green: Workshop con gli Alberghi Qualit\u00e0 Parco Adamello Brenta"}]},{"@type":"WebSite","@id":"https:\/\/ecobnb.it\/blog\/#website","url":"https:\/\/ecobnb.it\/blog\/","name":"Ecobnb","description":"Trova il tuo Alloggio Ecosostenibile","publisher":{"@id":"https:\/\/ecobnb.it\/blog\/#organization"},"potentialAction":[{"@type":"SearchAction","target":{"@type":"EntryPoint","urlTemplate":"https:\/\/ecobnb.it\/blog\/?s={search_term_string}"},"query-input":"required name=search_term_string"}],"inLanguage":"it-IT"},{"@type":"Organization","@id":"https:\/\/ecobnb.it\/blog\/#organization","name":"Ecobnb","url":"https:\/\/ecobnb.it\/blog\/","logo":{"@type":"ImageObject","inLanguage":"it-IT","@id":"https:\/\/ecobnb.it\/blog\/#\/schema\/logo\/image\/","url":"https:\/\/ecobnb.it\/blog\/app\/uploads\/sites\/2\/2016\/03\/logo_transparent_512x512.png","contentUrl":"https:\/\/ecobnb.it\/blog\/app\/uploads\/sites\/2\/2016\/03\/logo_transparent_512x512.png","width":512,"height":512,"caption":"Ecobnb"},"image":{"@id":"https:\/\/ecobnb.it\/blog\/#\/schema\/logo\/image\/"},"sameAs":["https:\/\/www.facebook.com\/viaggiverdi"]}]}},"_links":{"self":[{"href":"https:\/\/ecobnb.it\/blog\/wp-json\/wp\/v2\/pages\/40028"}],"collection":[{"href":"https:\/\/ecobnb.it\/blog\/wp-json\/wp\/v2\/pages"}],"about":[{"href":"https:\/\/ecobnb.it\/blog\/wp-json\/wp\/v2\/types\/page"}],"author":[{"embeddable":true,"href":"https:\/\/ecobnb.it\/blog\/wp-json\/wp\/v2\/users\/3"}],"replies":[{"embeddable":true,"href":"https:\/\/ecobnb.it\/blog\/wp-json\/wp\/v2\/comments?post=40028"}],"version-history":[{"count":12,"href":"https:\/\/ecobnb.it\/blog\/wp-json\/wp\/v2\/pages\/40028\/revisions"}],"predecessor-version":[{"id":60020,"href":"https:\/\/ecobnb.it\/blog\/wp-json\/wp\/v2\/pages\/40028\/revisions\/60020"}],"up":[{"embeddable":true,"href":"https:\/\/ecobnb.it\/blog\/wp-json\/wp\/v2\/pages\/16232"}],"wp:featuredmedia":[{"embeddable":true,"href":"https:\/\/ecobnb.it\/blog\/wp-json\/wp\/v2\/media\/40453"}],"wp:attachment":[{"href":"https:\/\/ecobnb.it\/blog\/wp-json\/wp\/v2\/media?parent=40028"}],"curies":[{"name":"wp","href":"https:\/\/api.w.org\/{rel}","templated":true}]}}