{"id":39910,"date":"2019-03-22T12:29:02","date_gmt":"2019-03-22T11:29:02","guid":{"rendered":"https:\/\/ecobnb.it\/blog\/?page_id=39910"},"modified":"2019-04-19T12:46:31","modified_gmt":"2019-04-19T10:46:31","slug":"tolmezzo-workshop-gratuito-mobilita-elettrica","status":"publish","type":"page","link":"https:\/\/ecobnb.it\/blog\/eventi\/tolmezzo-workshop-gratuito-mobilita-elettrica\/","title":{"rendered":"Tolmezzo: un Workshop gratuito Ospitalit\u00e0 Green e Mobilit\u00e0 Elettrica"},"content":{"rendered":"<p>A <strong>Tolmezzo<\/strong> (Udine), a pochi chilometri dalla Perla Alpina di <a href=\"https:\/\/ecobnb.it\/blog\/2016\/11\/forni-di-sopra-carnia\/\" target=\"_blank\">Forni di Sopra<\/a>, <strong>marted\u00ec 16 Aprile<\/strong>\u00a0\u00e8 previsto un <strong>workshop gratuito<\/strong> dedicato all&#8217;ospitalit\u00e0 sostenibile e alle nuove opportunit\u00e0 offerte dalla <strong>mobilit\u00e0 elettrica<\/strong>. Si parler\u00e0 di infrastrutture di ricarica per Veicoli Elettrici, ma anche di come promuovere la tua struttura ricettiva in chiave green, innovarti e attrarre sempre pi\u00f9 turisti interessati al turismo sostenibile. Organizzato da <a href=\"https:\/\/ecobnb.it\" target=\"_blank\">Ecobnb<\/a>, community del turismo sostenibile, insieme ad <a href=\"https:\/\/www.alpine-pearls.com\/en\/\" target=\"_blank\">Alpine Pearls<\/a>, consorzio di Comuni che promuovono la mobilit\u00e0 dolce tra le Alpi, nel contesto del <a href=\"https:\/\/www.alpine-space.eu\/projects\/e-moticon\/en\/home\" target=\"_blank\">progetto europeo E-MOTICON<\/a>, il workshop\u00a0si rivolge principalmente agli <strong>hotel<\/strong>, bed &amp; breakfast, agriturismi e a tutte le <strong>strutture ricettive<\/strong> che vogliono\u00a0migliorare\u00a0la loro competitivit\u00e0, promuore la mobilit\u00e0 sostenibile e offrire ai loro ospiti servizi di\u00a0ricarica di auto elettriche.<\/p>\n<p>Il <strong>momento di formazione gratuito<\/strong> offrir\u00e0 ai partecipanti una guida completa sul tema della ricettivit\u00e0 eco-friendly, e un approfondimento dettagliato sulla <strong>mobilit\u00e0 elettrica<\/strong>\u00a0sulla sua crescente importanza nel settore del turismo e sui servizi di ricarica dei veicoli elettrici.\u00a0Quali aspetti considerare quando si implementano infrastrutture di ricarica per auto elettriche?\u00a0Come calcolare i costi e la gestione del carico? Quali permessi di costruire sono necessari? Quali sono le opportunit\u00e0 di finanziamento? Sono\u00a0alcune domande che\u00a0che verranno affrontate durante il training di Tolmezzo.<\/p>\n<p>La\u00a0<strong>guida dettagliata <\/strong>all&#8217;installazione di ricariche per auto elettriche sar\u00e0\u00a0arricchita da consigli pratici, raccomandazioni e informazioni utili. Grazie al confronto tra i partecipanti e la presentazione di alcuni casi studio sar\u00e0 inoltre possibile approfondire i <strong>vantaggi<\/strong> dell&#8217;implementazione\u00a0di infrastrutture di ricarica per veicoli elettrici.<\/p>\n<h4>Quando: Marted\u00ec 16 aprile 2019 dalle 10.00 alle 13.00<\/h4>\n<h4>Dove: Tolmezzo, <a href=\"https:\/\/www.google.com\/maps\/place\/Museo+Carnico+delle+arti+e+tradizioni+popolari\/@46.4074234,13.0123637,17z\/data=!3m1!4b1!4m5!3m4!1s0x477a1f9421802835:0xbcfbe8e906da7ab2!8m2!3d46.4074234!4d13.0145524\" target=\"_blank\">Museo Carnico <\/a>di Tolmezzo (via della Vittoria, 2)<\/h4>\n<h2>Programma:<\/h2>\n<p>10:00 &#8211; Saluti iniziali e apertura lavori<\/p>\n<p>10:10\u00a0 \u00a0Turismo sostenibile e mobilit\u00e0 elettrica: nuovi mercati e opportunit\u00e0<\/p>\n<p>10.30 &#8211; Guida alle Infrastrutture di Ricarica per Veicoli Elettrici<\/p>\n<p>11.30 &#8211;\u00a0Opportunit\u00e0 per l&#8217;Ospitalit\u00e0 Green<\/p>\n<p>12.00 &#8211; Innovare il tuo hotel (o BnB) puntando sulla mobilit\u00e0 elettrica. Casi di successo.<\/p>\n<p>12.20 &#8211;\u00a0Workshop<\/p>\n<p>13.00 &#8211; Chiusura lavori ed eventuale networking<\/p>\n<p>La partecipazione al workshop \u00e8 <strong>gratuita<\/strong> <strong><a href=\"https:\/\/docs.google.com\/forms\/d\/e\/1FAIpQLSeUeypYB3z2qIEFLTYftN48YVTDyAt3Rq5kuQ6-oALUGrnP0A\/viewform\" target=\"_blank\">pre-registrandosi a questo link<\/a><\/strong><\/p>\n<h2>Relatori:<\/h2>\n<p><strong>Simone Riccardi<\/strong>\u00a0\u00e8 fondatore di ViaggiVerdi &#8211; Ecobnb. Da sempre appassionato di nuove tecnologie, dopo la laurea e il PhD vince una borsa di studio Fulbright Best e si trasferisce per un anno in Silicon Valley dove studia Business Management presso UCLA California. Attualmente \u00e8 CEO di Ecobnb, progetto vincitore di Seed Money 2014, nomination per il Premio Ambiente Euregio 2015,\u00a0Premiato\u00a0con l&#8217;UNWTO Award, per l&#8217;Innovazione nel Turismo\u00a0dall&#8217;agenzia\u00a0delle Nazioni Unite.<\/p>\n<h2>eMOTICON: Mobilit\u00e0 Elettrica tra le Alpi<\/h2>\n<p>L&#8217;incontro formativo \u00e8 organizzato nell&#8217;ambito del <strong>Progetto eMOTICON<\/strong> (e-MObility Transnational strategy for an Interoperable COmmunity and Networking in the Alpine Space) all&#8217;interno del Programma <strong>Spazio Alpino 2014-2020.<\/strong>\u00a0Il\u00a0progetto Europeo coinvolge\u00a015 partner provenienti dalle nazioni\u00a0della \u201cRegione Alpina\u201d: Italia, Austria, Francia, Germania e Slovenia. Nel progetto, che dura 30 mesi, sono coinvolti anche <strong>40 osservatori<\/strong>, pi\u00f9 diversi portatori di interesse.<\/p>\n<p>Obiettivo principale del progetto eMOTICON \u00e8 sensibilizzare sul tema della <strong>mobilit\u00e0 sostenibile<\/strong> e sulla crescente importanza della <strong>mobilit\u00e0 elettrica<\/strong>, fornendo una strategia transnazionale per la diffusione di veicoli elettrici e punti di\u00a0ricarica.\u00a0Il progetto prevede l&#8217;implementazione di punti di ricarica per veicoli elettrici con accesso pubblico\u00a0contribuendo ad aumentare le opzioni per la mobilit\u00e0 a basse emissioni di\u00a0CO2 tra le Alpi.<\/p>\n<div id=\"attachment_39899\" class=\"thumbnail alignnone\"><img class=\"wp-image-39899 size-full\" src=\"https:\/\/ecobnb.it\/blog\/app\/uploads\/sites\/2\/2019\/03\/Progetto-eMoticon.png\" alt=\"Progetto eMoticon\" width=\"1034\" height=\"429\" srcset=\"https:\/\/ecobnb.it\/blog\/app\/uploads\/sites\/2\/2019\/03\/Progetto-eMoticon.png 1034w, https:\/\/ecobnb.it\/blog\/app\/uploads\/sites\/2\/2019\/03\/Progetto-eMoticon-536x222.png 536w, https:\/\/ecobnb.it\/blog\/app\/uploads\/sites\/2\/2019\/03\/Progetto-eMoticon-344x143.png 344w\" sizes=\"(max-width: 1034px) 100vw, 1034px\" \/><div class=\"caption\">eMOTICON: i partner del progetto e l&#8217;area alpina coinvolta<\/div><\/div>\n<h2>I Risultati del Workshop al Museo Carnico di Tolmezzo<\/h2>\n\n\t\t<style type=\"text\/css\">\n\t\t\t#gallery-1 {\n\t\t\t\tmargin: auto;\n\t\t\t}\n\t\t\t#gallery-1 .gallery-item {\n\t\t\t\tfloat: left;\n\t\t\t\tmargin-top: 10px;\n\t\t\t\ttext-align: center;\n\t\t\t\twidth: 50%;\n\t\t\t}\n\t\t\t#gallery-1 img {\n\t\t\t\tborder: 2px solid #cfcfcf;\n\t\t\t}\n\t\t\t#gallery-1 .gallery-caption {\n\t\t\t\tmargin-left: 0;\n\t\t\t}\n\t\t\t\/* see gallery_shortcode() in wp-includes\/media.php *\/\n\t\t<\/style>\n\t\t<div id='gallery-1' class='gallery galleryid-39910 gallery-columns-2 gallery-size-medium'><dl class='gallery-item'>\n\t\t\t<dt class='gallery-icon landscape'>\n\t\t\t\t<img width=\"536\" height=\"402\" src=\"https:\/\/ecobnb.it\/blog\/app\/uploads\/sites\/2\/2019\/03\/IMG_20190416_092102-536x402.jpg\" class=\"attachment-medium size-medium\" alt=\"tolmezzo, museo\" srcset=\"https:\/\/ecobnb.it\/blog\/app\/uploads\/sites\/2\/2019\/03\/IMG_20190416_092102-536x402.jpg 536w, https:\/\/ecobnb.it\/blog\/app\/uploads\/sites\/2\/2019\/03\/IMG_20190416_092102-344x258.jpg 344w\" sizes=\"(max-width: 536px) 100vw, 536px\" \/>\n\t\t\t<\/dt><\/dl><dl class='gallery-item'>\n\t\t\t<dt class='gallery-icon landscape'>\n\t\t\t\t<img width=\"536\" height=\"402\" src=\"https:\/\/ecobnb.it\/blog\/app\/uploads\/sites\/2\/2019\/03\/IMG_20190416_093918-536x402.jpg\" class=\"attachment-medium size-medium\" alt=\"workshop tolmezzo\" srcset=\"https:\/\/ecobnb.it\/blog\/app\/uploads\/sites\/2\/2019\/03\/IMG_20190416_093918-536x402.jpg 536w, https:\/\/ecobnb.it\/blog\/app\/uploads\/sites\/2\/2019\/03\/IMG_20190416_093918-344x258.jpg 344w\" sizes=\"(max-width: 536px) 100vw, 536px\" \/>\n\t\t\t<\/dt><\/dl><br style=\"clear: both\" \/><dl class='gallery-item'>\n\t\t\t<dt class='gallery-icon landscape'>\n\t\t\t\t<img width=\"536\" height=\"402\" src=\"https:\/\/ecobnb.it\/blog\/app\/uploads\/sites\/2\/2019\/03\/IMG_20190416_113154-536x402.jpg\" class=\"attachment-medium size-medium\" alt=\"workshop tolmezzo\" srcset=\"https:\/\/ecobnb.it\/blog\/app\/uploads\/sites\/2\/2019\/03\/IMG_20190416_113154-536x402.jpg 536w, https:\/\/ecobnb.it\/blog\/app\/uploads\/sites\/2\/2019\/03\/IMG_20190416_113154-344x258.jpg 344w\" sizes=\"(max-width: 536px) 100vw, 536px\" \/>\n\t\t\t<\/dt><\/dl><dl class='gallery-item'>\n\t\t\t<dt class='gallery-icon landscape'>\n\t\t\t\t<img width=\"536\" height=\"402\" src=\"https:\/\/ecobnb.it\/blog\/app\/uploads\/sites\/2\/2019\/03\/IMG_20190416_130211-536x402.jpg\" class=\"attachment-medium size-medium\" alt=\"workshop tolmezzo\" srcset=\"https:\/\/ecobnb.it\/blog\/app\/uploads\/sites\/2\/2019\/03\/IMG_20190416_130211-536x402.jpg 536w, https:\/\/ecobnb.it\/blog\/app\/uploads\/sites\/2\/2019\/03\/IMG_20190416_130211-344x258.jpg 344w\" sizes=\"(max-width: 536px) 100vw, 536px\" \/>\n\t\t\t<\/dt><\/dl><br style=\"clear: both\" \/>\n\t\t<\/div>\n\n<h2><img class=\"alignnone size-full wp-image-40808\" src=\"https:\/\/ecobnb.it\/blog\/app\/uploads\/sites\/2\/2019\/03\/IMG_20190416_101829.jpg\" alt=\"Tolmezzo, workshop di ecobnb\" width=\"4160\" height=\"3120\" srcset=\"https:\/\/ecobnb.it\/blog\/app\/uploads\/sites\/2\/2019\/03\/IMG_20190416_101829.jpg 4160w, https:\/\/ecobnb.it\/blog\/app\/uploads\/sites\/2\/2019\/03\/IMG_20190416_101829-536x402.jpg 536w, https:\/\/ecobnb.it\/blog\/app\/uploads\/sites\/2\/2019\/03\/IMG_20190416_101829-344x258.jpg 344w\" sizes=\"(max-width: 4160px) 100vw, 4160px\" \/><\/h2>\n<h2><a href=\"https:\/\/docs.google.com\/presentation\/d\/1B70jUL1GhsKgh7j-IsbrQEffh0Y_yy2Q1HhydXefvQM\/edit?usp=sharing\" target=\"_blank\">A questo link puoi vedere le slide della conferenza<\/a><\/h2>\n<h2><\/h2>\n<h2>Evento organizzato da:<\/h2>\n<p><img class=\"alignnone wp-image-39880\" src=\"https:\/\/ecobnb.it\/blog\/app\/uploads\/sites\/2\/2019\/03\/logo-E-MOTICON.jpg\" alt=\"logo-E-MOTICON\" width=\"300\" height=\"166\" srcset=\"https:\/\/ecobnb.it\/blog\/app\/uploads\/sites\/2\/2019\/03\/logo-E-MOTICON.jpg 4057w, https:\/\/ecobnb.it\/blog\/app\/uploads\/sites\/2\/2019\/03\/logo-E-MOTICON-536x297.jpg 536w, https:\/\/ecobnb.it\/blog\/app\/uploads\/sites\/2\/2019\/03\/logo-E-MOTICON-344x191.jpg 344w\" sizes=\"(max-width: 300px) 100vw, 300px\" \/>\u00a0 \u00a0<img class=\"alignnone wp-image-29099\" src=\"https:\/\/ecobnb.it\/blog\/app\/uploads\/sites\/2\/2016\/10\/logo_alpine-pearls_0.jpg\" alt=\"Alpine Pearls\" width=\"300\" height=\"225\" \/>\u00a0 \u00a0\u00a0 \u00a0\u00a0<img class=\"alignnone wp-image-20641\" src=\"https:\/\/ecobnb.it\/blog\/app\/uploads\/sites\/2\/2016\/08\/Logo_Ecobnb.jpg\" alt=\"Ecobnb, la community del Turismo Sostenibile\" width=\"200\" height=\"200\" srcset=\"https:\/\/ecobnb.it\/blog\/app\/uploads\/sites\/2\/2016\/08\/Logo_Ecobnb.jpg 400w, https:\/\/ecobnb.it\/blog\/app\/uploads\/sites\/2\/2016\/08\/Logo_Ecobnb-344x344.jpg 344w\" sizes=\"(max-width: 200px) 100vw, 200px\" \/><\/p>\n<p>&nbsp;<\/p>\n<h2>Con il contributo di:<\/h2>\n<p><img class=\"alignnone size-full wp-image-39883\" src=\"https:\/\/ecobnb.it\/blog\/app\/uploads\/sites\/2\/2019\/03\/unione-europea.png\" alt=\"unione europea\" width=\"275\" height=\"183\" \/><\/p>\n","protected":false},"excerpt":{"rendered":"<p>A Tolmezzo (Udine), a pochi chilometri dalla Perla Alpina di Forni di Sopra, marted\u00ec 16 Aprile\u00a0\u00e8 previsto un workshop gratuito dedicato all&#8217;ospitalit\u00e0 sostenibile e alle nuove opportunit\u00e0 offerte dalla mobilit\u00e0 elettrica. Si parler\u00e0 di infrastrutture di ricarica per Veicoli Elettrici, ma anche di come promuovere la tua struttura ricettiva in chiave green, innovarti e attrarre [&hellip;]<\/p>\n","protected":false},"author":3,"featured_media":40662,"parent":16232,"menu_order":0,"comment_status":"closed","ping_status":"open","template":"","meta":[],"acf":[],"yoast_head":"<!-- This site is optimized with the Yoast SEO plugin v19.9 - https:\/\/yoast.com\/wordpress\/plugins\/seo\/ -->\n<title>Tolmezzo. Workshop su Ospitalit\u00e0 Green e Mobilit\u00e0 Elettrica<\/title>\n<meta name=\"description\" content=\"A Tolmezzo (Friuli Venezia Giulia) un workshop gratuito dedicato all&#039;ospitalit\u00e0 sostenibile e alle infrastrutture di ricarica per veicoli elettrici\" \/>\n<meta name=\"robots\" content=\"index, follow, max-snippet:-1, max-image-preview:large, max-video-preview:-1\" \/>\n<link rel=\"canonical\" href=\"https:\/\/ecobnb.it\/blog\/eventi\/tolmezzo-workshop-gratuito-mobilita-elettrica\/\" \/>\n<meta property=\"og:locale\" content=\"it_IT\" \/>\n<meta property=\"og:type\" content=\"article\" \/>\n<meta property=\"og:title\" content=\"Tolmezzo. Workshop su Ospitalit\u00e0 Green e Mobilit\u00e0 Elettrica\" \/>\n<meta property=\"og:description\" content=\"A Tolmezzo (Friuli Venezia Giulia) un workshop gratuito dedicato all&#039;ospitalit\u00e0 sostenibile e alle infrastrutture di ricarica per veicoli elettrici\" \/>\n<meta property=\"og:url\" content=\"https:\/\/ecobnb.it\/blog\/eventi\/tolmezzo-workshop-gratuito-mobilita-elettrica\/\" \/>\n<meta property=\"og:site_name\" content=\"Ecobnb\" \/>\n<meta property=\"article:publisher\" content=\"https:\/\/www.facebook.com\/viaggiverdi\" \/>\n<meta property=\"article:modified_time\" content=\"2019-04-19T10:46:31+00:00\" \/>\n<meta property=\"og:image\" content=\"https:\/\/ecobnb.it\/blog\/app\/uploads\/sites\/2\/2019\/03\/12.jpg\" \/>\n\t<meta property=\"og:image:width\" content=\"1170\" \/>\n\t<meta property=\"og:image:height\" content=\"490\" \/>\n\t<meta property=\"og:image:type\" content=\"image\/jpeg\" \/>\n<meta name=\"twitter:label1\" content=\"Est. reading time\" \/>\n\t<meta name=\"twitter:data1\" content=\"3 minutes\" \/>\n<!-- \/ Yoast SEO plugin. -->","yoast_head_json":{"title":"Tolmezzo. Workshop su Ospitalit\u00e0 Green e Mobilit\u00e0 Elettrica","description":"A Tolmezzo (Friuli Venezia Giulia) un workshop gratuito dedicato all'ospitalit\u00e0 sostenibile e alle infrastrutture di ricarica per veicoli elettrici","robots":{"index":"index","follow":"follow","max-snippet":"max-snippet:-1","max-image-preview":"max-image-preview:large","max-video-preview":"max-video-preview:-1"},"canonical":"https:\/\/ecobnb.it\/blog\/eventi\/tolmezzo-workshop-gratuito-mobilita-elettrica\/","og_locale":"it_IT","og_type":"article","og_title":"Tolmezzo. Workshop su Ospitalit\u00e0 Green e Mobilit\u00e0 Elettrica","og_description":"A Tolmezzo (Friuli Venezia Giulia) un workshop gratuito dedicato all'ospitalit\u00e0 sostenibile e alle infrastrutture di ricarica per veicoli elettrici","og_url":"https:\/\/ecobnb.it\/blog\/eventi\/tolmezzo-workshop-gratuito-mobilita-elettrica\/","og_site_name":"Ecobnb","article_publisher":"https:\/\/www.facebook.com\/viaggiverdi","article_modified_time":"2019-04-19T10:46:31+00:00","og_image":[{"width":1170,"height":490,"url":"https:\/\/ecobnb.it\/blog\/app\/uploads\/sites\/2\/2019\/03\/12.jpg","type":"image\/jpeg"}],"twitter_misc":{"Est. reading time":"3 minutes"},"schema":{"@context":"https:\/\/schema.org","@graph":[{"@type":"WebPage","@id":"https:\/\/ecobnb.it\/blog\/eventi\/tolmezzo-workshop-gratuito-mobilita-elettrica\/","url":"https:\/\/ecobnb.it\/blog\/eventi\/tolmezzo-workshop-gratuito-mobilita-elettrica\/","name":"Tolmezzo. Workshop su Ospitalit\u00e0 Green e Mobilit\u00e0 Elettrica","isPartOf":{"@id":"https:\/\/ecobnb.it\/blog\/#website"},"datePublished":"2019-03-22T11:29:02+00:00","dateModified":"2019-04-19T10:46:31+00:00","description":"A Tolmezzo (Friuli Venezia Giulia) un workshop gratuito dedicato all'ospitalit\u00e0 sostenibile e alle infrastrutture di ricarica per veicoli elettrici","breadcrumb":{"@id":"https:\/\/ecobnb.it\/blog\/eventi\/tolmezzo-workshop-gratuito-mobilita-elettrica\/#breadcrumb"},"inLanguage":"it-IT","potentialAction":[{"@type":"ReadAction","target":["https:\/\/ecobnb.it\/blog\/eventi\/tolmezzo-workshop-gratuito-mobilita-elettrica\/"]}]},{"@type":"BreadcrumbList","@id":"https:\/\/ecobnb.it\/blog\/eventi\/tolmezzo-workshop-gratuito-mobilita-elettrica\/#breadcrumb","itemListElement":[{"@type":"ListItem","position":1,"name":"Ecobnb Green Accademy: Eventi Formativi, workshop e Incontri","item":"https:\/\/ecobnb.it\/blog\/eventi\/"},{"@type":"ListItem","position":2,"name":"Tolmezzo: un Workshop gratuito Ospitalit\u00e0 Green e Mobilit\u00e0 Elettrica"}]},{"@type":"WebSite","@id":"https:\/\/ecobnb.it\/blog\/#website","url":"https:\/\/ecobnb.it\/blog\/","name":"Ecobnb","description":"Trova il tuo Alloggio Ecosostenibile","publisher":{"@id":"https:\/\/ecobnb.it\/blog\/#organization"},"potentialAction":[{"@type":"SearchAction","target":{"@type":"EntryPoint","urlTemplate":"https:\/\/ecobnb.it\/blog\/?s={search_term_string}"},"query-input":"required name=search_term_string"}],"inLanguage":"it-IT"},{"@type":"Organization","@id":"https:\/\/ecobnb.it\/blog\/#organization","name":"Ecobnb","url":"https:\/\/ecobnb.it\/blog\/","logo":{"@type":"ImageObject","inLanguage":"it-IT","@id":"https:\/\/ecobnb.it\/blog\/#\/schema\/logo\/image\/","url":"https:\/\/ecobnb.it\/blog\/app\/uploads\/sites\/2\/2016\/03\/logo_transparent_512x512.png","contentUrl":"https:\/\/ecobnb.it\/blog\/app\/uploads\/sites\/2\/2016\/03\/logo_transparent_512x512.png","width":512,"height":512,"caption":"Ecobnb"},"image":{"@id":"https:\/\/ecobnb.it\/blog\/#\/schema\/logo\/image\/"},"sameAs":["https:\/\/www.facebook.com\/viaggiverdi"]}]}},"_links":{"self":[{"href":"https:\/\/ecobnb.it\/blog\/wp-json\/wp\/v2\/pages\/39910"}],"collection":[{"href":"https:\/\/ecobnb.it\/blog\/wp-json\/wp\/v2\/pages"}],"about":[{"href":"https:\/\/ecobnb.it\/blog\/wp-json\/wp\/v2\/types\/page"}],"author":[{"embeddable":true,"href":"https:\/\/ecobnb.it\/blog\/wp-json\/wp\/v2\/users\/3"}],"replies":[{"embeddable":true,"href":"https:\/\/ecobnb.it\/blog\/wp-json\/wp\/v2\/comments?post=39910"}],"version-history":[{"count":10,"href":"https:\/\/ecobnb.it\/blog\/wp-json\/wp\/v2\/pages\/39910\/revisions"}],"predecessor-version":[{"id":40814,"href":"https:\/\/ecobnb.it\/blog\/wp-json\/wp\/v2\/pages\/39910\/revisions\/40814"}],"up":[{"embeddable":true,"href":"https:\/\/ecobnb.it\/blog\/wp-json\/wp\/v2\/pages\/16232"}],"wp:featuredmedia":[{"embeddable":true,"href":"https:\/\/ecobnb.it\/blog\/wp-json\/wp\/v2\/media\/40662"}],"wp:attachment":[{"href":"https:\/\/ecobnb.it\/blog\/wp-json\/wp\/v2\/media?parent=39910"}],"curies":[{"name":"wp","href":"https:\/\/api.w.org\/{rel}","templated":true}]}}