{"id":39861,"date":"2019-03-22T12:00:16","date_gmt":"2019-03-22T11:00:16","guid":{"rendered":"https:\/\/ecobnb.it\/blog\/?page_id=39861"},"modified":"2019-05-10T12:59:56","modified_gmt":"2019-05-10T10:59:56","slug":"ricarica-veicoli-elettrici-ospitalita-green","status":"publish","type":"page","link":"https:\/\/ecobnb.it\/blog\/eventi\/ricarica-veicoli-elettrici-ospitalita-green\/","title":{"rendered":"Infrastrutture di ricarica per Veicoli Elettrici: Guida per Ospitalit\u00e0 Green"},"content":{"rendered":"<p><em>Infrastrutture di Ricarica per Veicoli Elettrici: Guida per Ospitalit\u00e0 Green<\/em>. E&#8217; il titolo dell&#8217;incontro di Formazione che si terr\u00e0 a Bolzano luned\u00ec 15 Aprile 2019. Organizzato da <a href=\"https:\/\/ecobnb.it\" target=\"_blank\">Ecobnb<\/a>, community del turismo sostenibile, insieme ad <a href=\"https:\/\/www.alpine-pearls.com\/en\/\" target=\"_blank\">Alpine Pearls<\/a>, consorzio di Comuni che promuovono la mobilit\u00e0 dolce tra le Alpi, nel contesto del <a href=\"https:\/\/www.alpine-space.eu\/projects\/e-moticon\/en\/home\" target=\"_blank\">progetto europeo E-MOTICON<\/a>, il workshop\u00a0si rivolge principalmente agli <strong>hotel<\/strong>, bed &amp; breakfast, agriturismi e a tutte le <strong>strutture ricettive<\/strong> che vogliono <strong>innovarsi in chiave <em>green<\/em><\/strong>, migliorando la loro competitivit\u00e0, promuovendo la mobilit\u00e0 sostenibile e offrendo servizi di ricarica di auto elettriche.<\/p>\n<p>Oltre ad offrire una guida completa sul tema dell&#8217;ospitalit\u00e0 turistica sostenibile, l&#8217;incontro di formazione \u00e8 mirato all&#8217;approfondimento del tema della<strong> mobilit\u00e0 elettrica<\/strong> e della sua crescente importanza nel settore del turismo.\u00a0Quali aspetti si devono considerare quando si implementano strutture di ricarica per auto elettriche? Quali consigli tecnici seguire (dalla gestione del carico, ai costi, dai permessi di costruire, alla fatturazione delle ricariche)? Quali sono le opportunit\u00e0 di finanziamento? Sono solo alcune delle domande che troveranno una risposta mirata nel corso del workhop di Bolzano.<\/p>\n<p>L&#8217;evento si propone come\u00a0<strong>guida dettagliata all&#8217;installazione di ricariche per auto elettriche<\/strong>, arricchita con consigli pratici, raccomandazioni e informazioni utili. Grazie al confronto tra i partecipanti sar\u00e0 possibile approfondire i vantaggi dell&#8217;implementazione delle stazioni di ricarica nelle strutture ricettive, e analizzare alcune buone pratiche\u00a0nell&#8217;ambito dell&#8217;ospitalit\u00e0 eco-sostenibile.<\/p>\n<h4>Quando: luned\u00ec 15 aprile 2019 dalle 14.00 alle 18.00<\/h4>\n<h4>Dove: Bolzano, <a href=\"https:\/\/noi.bz.it\/en\" target=\"_blank\">NOI Techpark<\/a>\u00a0(via Alessandro Volta 13) Sala Seminario 4<\/h4>\n<h2>Programma:<\/h2>\n<p>14:00 &#8211; Saluti iniziali e apertura lavori<\/p>\n<p>14:10 &#8211;\u00a0<em>Turismo sostenibile e mobilit\u00e0 elettrica: nuovi mercati e opportunit\u00e0 &#8211; <\/em>Simone Riccardi (Ecobnb)<\/p>\n<p>14:20 &#8211;\u00a0<em>Open Data Hub: una piattaforma aperta per applicazioni e servizi di nuova generazione per l&#8217;utente finale<\/em> &#8211; Roberto Cavaliere (NOI Techpark S\u00fcdtirol \/ Alto Adige)<\/p>\n<p>14:40 &#8211;<em>\u00a0L&#8217;iniziativa Green Mobility S\u00fcdtirol \/ Alto Adige<\/em> &#8211; Sebastian Bordiga (Strutture Trasporto Alto Adige (STA)<\/p>\n<p>15.00 &#8211; <em>Guida alle Infrastrutture di Ricarica per Veicoli Elettrici\u00a0<\/em>&#8211; Simone Riccardi (Ecobnb)<\/p>\n<p>15.40 &#8211; <em>Chance per l&#8217;Ospitalit\u00e0 Green <\/em>&#8211; Silvia Ombellini (Ecobnb)<\/p>\n<p>16.40 &#8211; <em>Innovare il tuo hotel (o BnB) puntando sulla mobilit\u00e0 elettrica. Casi di successo. <\/em>&#8211; Simone Riccardi (Ecobnb)<\/p>\n<p>17.00 &#8211;\u00a0Workshop<\/p>\n<p>18.00 &#8211; Chiusura lavori ed eventuale networking<\/p>\n<p>La partecipazione al workshop \u00e8 <strong>gratuita<\/strong> <strong><a href=\"https:\/\/docs.google.com\/forms\/d\/e\/1FAIpQLSeyJ_SapD_P_vlU0vjvIY2l-qPUyfXiIsZBI7i2Z9fCfyVZPw\/viewform\" target=\"_blank\">pre-registrandosi a questo link<\/a><\/strong><\/p>\n<h2>Relatori:<\/h2>\n\n\t\t<style type=\"text\/css\">\n\t\t\t#gallery-1 {\n\t\t\t\tmargin: auto;\n\t\t\t}\n\t\t\t#gallery-1 .gallery-item {\n\t\t\t\tfloat: left;\n\t\t\t\tmargin-top: 10px;\n\t\t\t\ttext-align: center;\n\t\t\t\twidth: 33%;\n\t\t\t}\n\t\t\t#gallery-1 img {\n\t\t\t\tborder: 2px solid #cfcfcf;\n\t\t\t}\n\t\t\t#gallery-1 .gallery-caption {\n\t\t\t\tmargin-left: 0;\n\t\t\t}\n\t\t\t\/* see gallery_shortcode() in wp-includes\/media.php *\/\n\t\t<\/style>\n\t\t<div id='gallery-1' class='gallery galleryid-39861 gallery-columns-3 gallery-size-thumbnail'><dl class='gallery-item'>\n\t\t\t<dt class='gallery-icon landscape'>\n\t\t\t\t<img width=\"270\" height=\"200\" src=\"https:\/\/ecobnb.it\/blog\/app\/uploads\/sites\/2\/2013\/05\/simone-riccardi-ok-270x200.jpg\" class=\"attachment-thumbnail size-thumbnail\" alt=\"Simone Riccardi Ecobnb\" aria-describedby=\"gallery-1-12355\" \/>\n\t\t\t<\/dt>\n\t\t\t\t<dd class='wp-caption-text gallery-caption' id='gallery-1-12355'>\n\t\t\t\tSimone Riccardi\n\t\t\t\t<\/dd><\/dl><dl class='gallery-item'>\n\t\t\t<dt class='gallery-icon landscape'>\n\t\t\t\t<img width=\"270\" height=\"200\" src=\"https:\/\/ecobnb.it\/blog\/app\/uploads\/sites\/2\/2019\/03\/Roberto-Cavaliere_MG_3574-e1553168602203-270x200.jpg\" class=\"attachment-thumbnail size-thumbnail\" alt=\"Roberto Cavaliere NOI TechPark Bolzano\" aria-describedby=\"gallery-1-39874\" \/>\n\t\t\t<\/dt>\n\t\t\t\t<dd class='wp-caption-text gallery-caption' id='gallery-1-39874'>\n\t\t\t\tRoberto Cavaliere\n\t\t\t\t<\/dd><\/dl><dl class='gallery-item'>\n\t\t\t<dt class='gallery-icon landscape'>\n\t\t\t\t<img width=\"270\" height=\"200\" src=\"https:\/\/ecobnb.it\/blog\/app\/uploads\/sites\/2\/2017\/07\/Silvia-270x200.jpg\" class=\"attachment-thumbnail size-thumbnail\" alt=\"\" aria-describedby=\"gallery-1-27025\" \/>\n\t\t\t<\/dt>\n\t\t\t\t<dd class='wp-caption-text gallery-caption' id='gallery-1-27025'>\n\t\t\t\tSilvia Ombellini (Ecobnb)\n\t\t\t\t<\/dd><\/dl><br style=\"clear: both\" \/>\n\t\t<\/div>\n\n<p><strong>Simone Riccardi<\/strong>\u00a0\u00e8 fondatore di ViaggiVerdi &#8211; Ecobnb. Da sempre appassionato di nuove tecnologie, dopo la laurea e il PhD vince una borsa di studio Fulbright Best e si trasferisce per un anno in Silicon Valley dove studia Business Management presso UCLA California. Attualmente \u00e8 CEO di Ecobnb, progetto vincitore di Seed Money 2014, nomination per il Premio Ambiente Euregio 2015,\u00a0Premiato\u00a0con l&#8217;UNWTO Award, per l&#8217;Innovazione nel Turismo\u00a0dall&#8217;agenzia\u00a0delle Nazioni Unite.<\/p>\n<p><strong>Roberto Cavaliere<\/strong>\u00a0\u00e8 project manager del NOI ed \u00e8 il referente interno per tutti i progetti e le iniziative sul tema della smart mobility.<\/p>\n<p><strong>Sebastian Bordiga<\/strong>, \u00e8 esperto di mobilit\u00e0 e collabora all&#8217;interno dell&#8217;unit\u00e0 Green Mobility di STA.<\/p>\n<p><strong>Silvia Ombellini<\/strong> \u00e8 architetto, esperta in turismo sostenibile e comunicazione web. E\u2019 caporedattrice del blog di Ecobnb, fondatrice e CEO di Ecobnb, la principale community dedicata al turismo sostenibile. Dopo il PhD in architettura ha studiato User Experience Design presso UCLA California, ed \u00e8 stata leader del progetto Europeo di Turismo Sostenibile EcoDots.<\/p>\n<h2>eMOTICON: Mobilit\u00e0 Elettrica tra le Alpi<\/h2>\n<p>L&#8217;incontro formativo \u00e8 organizzato nell&#8217;ambito del <strong>Progetto eMOTICON<\/strong> (e-MObility Transnational strategy for an Interoperable COmmunity and Networking in the Alpine Space) all&#8217;interno del Programma <strong>Spazio Alpino 2014-2020.<\/strong>\u00a0Il\u00a0progetto Europeo coinvolge\u00a015 partner provenienti dalle nazioni\u00a0della \u201cRegione Alpina\u201d: Italia, Austria, Francia, Germania e Slovenia. Nel progetto, che dura 30 mesi, sono coinvolti anche <strong>40 osservatori<\/strong>, pi\u00f9 diversi portatori di interesse.<\/p>\n<p>Obiettivo principale del progetto eMOTICON \u00e8 sensibilizzare sul tema della <strong>mobilit\u00e0 sostenibile<\/strong> e sulla crescente importanza della <strong>mobilit\u00e0 elettrica<\/strong>, fornendo una strategia transnazionale per la diffusione di veicoli elettrici e punti di\u00a0ricarica.\u00a0Il progetto prevede l&#8217;implementazione di punti di ricarica per veicoli elettrici con accesso pubblico\u00a0contribuendo ad aumentare le opzioni per la mobilit\u00e0 a basse emissioni di\u00a0CO2 tra le Alpi.<\/p>\n<div id=\"attachment_39899\" class=\"thumbnail alignnone\"><img class=\"wp-image-39899 size-full\" src=\"https:\/\/ecobnb.it\/blog\/app\/uploads\/sites\/2\/2019\/03\/Progetto-eMoticon.png\" alt=\"Progetto eMoticon\" width=\"1034\" height=\"429\" srcset=\"https:\/\/ecobnb.it\/blog\/app\/uploads\/sites\/2\/2019\/03\/Progetto-eMoticon.png 1034w, https:\/\/ecobnb.it\/blog\/app\/uploads\/sites\/2\/2019\/03\/Progetto-eMoticon-536x222.png 536w, https:\/\/ecobnb.it\/blog\/app\/uploads\/sites\/2\/2019\/03\/Progetto-eMoticon-344x143.png 344w\" sizes=\"(max-width: 1034px) 100vw, 1034px\" \/><div class=\"caption\">eMOTICON: i partner del progetto e l&#8217;area alpina coinvolta<\/div><\/div>\n<h2>I risultati del Workshop di Bolzano<\/h2>\n\n\t\t<style type=\"text\/css\">\n\t\t\t#gallery-2 {\n\t\t\t\tmargin: auto;\n\t\t\t}\n\t\t\t#gallery-2 .gallery-item {\n\t\t\t\tfloat: left;\n\t\t\t\tmargin-top: 10px;\n\t\t\t\ttext-align: center;\n\t\t\t\twidth: 50%;\n\t\t\t}\n\t\t\t#gallery-2 img {\n\t\t\t\tborder: 2px solid #cfcfcf;\n\t\t\t}\n\t\t\t#gallery-2 .gallery-caption {\n\t\t\t\tmargin-left: 0;\n\t\t\t}\n\t\t\t\/* see gallery_shortcode() in wp-includes\/media.php *\/\n\t\t<\/style>\n\t\t<div id='gallery-2' class='gallery galleryid-39861 gallery-columns-2 gallery-size-medium'><dl class='gallery-item'>\n\t\t\t<dt class='gallery-icon landscape'>\n\t\t\t\t<img width=\"536\" height=\"402\" src=\"https:\/\/ecobnb.it\/blog\/app\/uploads\/sites\/2\/2019\/03\/IMG_20190415_130739-536x402.jpg\" class=\"attachment-medium size-medium\" alt=\"\" srcset=\"https:\/\/ecobnb.it\/blog\/app\/uploads\/sites\/2\/2019\/03\/IMG_20190415_130739-536x402.jpg 536w, https:\/\/ecobnb.it\/blog\/app\/uploads\/sites\/2\/2019\/03\/IMG_20190415_130739-344x258.jpg 344w\" sizes=\"(max-width: 536px) 100vw, 536px\" \/>\n\t\t\t<\/dt><\/dl><dl class='gallery-item'>\n\t\t\t<dt class='gallery-icon landscape'>\n\t\t\t\t<img width=\"536\" height=\"402\" src=\"https:\/\/ecobnb.it\/blog\/app\/uploads\/sites\/2\/2019\/03\/IMG_20190415_143947-536x402.jpg\" class=\"attachment-medium size-medium\" alt=\"workshop Bolzano\" srcset=\"https:\/\/ecobnb.it\/blog\/app\/uploads\/sites\/2\/2019\/03\/IMG_20190415_143947-536x402.jpg 536w, https:\/\/ecobnb.it\/blog\/app\/uploads\/sites\/2\/2019\/03\/IMG_20190415_143947-344x258.jpg 344w\" sizes=\"(max-width: 536px) 100vw, 536px\" \/>\n\t\t\t<\/dt><\/dl><br style=\"clear: both\" \/>\n\t\t<\/div>\n\n<p><img class=\"alignnone size-full wp-image-40812\" src=\"https:\/\/ecobnb.it\/blog\/app\/uploads\/sites\/2\/2019\/03\/IMG_20190415_152327.jpg\" alt=\"workshop Bolzano\" width=\"4160\" height=\"3120\" srcset=\"https:\/\/ecobnb.it\/blog\/app\/uploads\/sites\/2\/2019\/03\/IMG_20190415_152327.jpg 4160w, https:\/\/ecobnb.it\/blog\/app\/uploads\/sites\/2\/2019\/03\/IMG_20190415_152327-536x402.jpg 536w, https:\/\/ecobnb.it\/blog\/app\/uploads\/sites\/2\/2019\/03\/IMG_20190415_152327-344x258.jpg 344w\" sizes=\"(max-width: 4160px) 100vw, 4160px\" \/><\/p>\n<h2><a href=\"https:\/\/docs.google.com\/presentation\/d\/1zMmqGvs98bQ12PpLN2ZCvIFZcldRtSKDbwxPsrWgAm8\/edit?usp=sharing\" target=\"_blank\">A questo link puoi vedere le slide del workshop di Ecobnb<\/a><\/h2>\n<p><a href=\"https:\/\/ecobnb.it\/blog\/app\/uploads\/sites\/2\/2019\/03\/190412_EMobilityDataHub_NOI2.pdf\" target=\"_blank\">Scarica le slide della presentazione di Roberto Cavaliere su Open Data Hub e il progetto di E-Mobility\u00a0a Bolzano<\/a><\/p>\n<p><a href=\"https:\/\/ecobnb.it\/blog\/app\/uploads\/sites\/2\/2019\/03\/190314_GreenMobilityAA.pdf\" target=\"_blank\">Scarica le slide sul Progetto di Green Mobility dell&#8217;Alto Adige<\/a><\/p>\n<h2>Evento organizzato da:<\/h2>\n<p><img class=\"alignnone wp-image-39880\" src=\"https:\/\/ecobnb.it\/blog\/app\/uploads\/sites\/2\/2019\/03\/logo-E-MOTICON.jpg\" alt=\"logo-E-MOTICON\" width=\"300\" height=\"166\" srcset=\"https:\/\/ecobnb.it\/blog\/app\/uploads\/sites\/2\/2019\/03\/logo-E-MOTICON.jpg 4057w, https:\/\/ecobnb.it\/blog\/app\/uploads\/sites\/2\/2019\/03\/logo-E-MOTICON-536x297.jpg 536w, https:\/\/ecobnb.it\/blog\/app\/uploads\/sites\/2\/2019\/03\/logo-E-MOTICON-344x191.jpg 344w\" sizes=\"(max-width: 300px) 100vw, 300px\" \/>\u00a0 \u00a0<img class=\"alignnone wp-image-29099\" src=\"https:\/\/ecobnb.it\/blog\/app\/uploads\/sites\/2\/2016\/10\/logo_alpine-pearls_0.jpg\" alt=\"Alpine Pearls\" width=\"300\" height=\"225\" \/>\u00a0 \u00a0\u00a0 \u00a0\u00a0<img class=\"alignnone wp-image-20641\" src=\"https:\/\/ecobnb.it\/blog\/app\/uploads\/sites\/2\/2016\/08\/Logo_Ecobnb.jpg\" alt=\"Ecobnb, la community del Turismo Sostenibile\" width=\"200\" height=\"200\" srcset=\"https:\/\/ecobnb.it\/blog\/app\/uploads\/sites\/2\/2016\/08\/Logo_Ecobnb.jpg 400w, https:\/\/ecobnb.it\/blog\/app\/uploads\/sites\/2\/2016\/08\/Logo_Ecobnb-344x344.jpg 344w\" sizes=\"(max-width: 200px) 100vw, 200px\" \/><\/p>\n<h2>In collaborazione con:<\/h2>\n<p><img class=\"alignnone wp-image-39882\" src=\"https:\/\/ecobnb.it\/blog\/app\/uploads\/sites\/2\/2019\/03\/NOI-logo.jpg\" alt=\"NOI techpark logo\" width=\"400\" height=\"301\" srcset=\"https:\/\/ecobnb.it\/blog\/app\/uploads\/sites\/2\/2019\/03\/NOI-logo.jpg 1600w, https:\/\/ecobnb.it\/blog\/app\/uploads\/sites\/2\/2019\/03\/NOI-logo-536x403.jpg 536w, https:\/\/ecobnb.it\/blog\/app\/uploads\/sites\/2\/2019\/03\/NOI-logo-344x258.jpg 344w\" sizes=\"(max-width: 400px) 100vw, 400px\" \/><\/p>\n<h2>Con il contributo di:<\/h2>\n<p><img class=\"alignnone size-full wp-image-39883\" src=\"https:\/\/ecobnb.it\/blog\/app\/uploads\/sites\/2\/2019\/03\/unione-europea.png\" alt=\"unione europea\" width=\"275\" height=\"183\" \/><\/p>\n","protected":false},"excerpt":{"rendered":"<p>Infrastrutture di Ricarica per Veicoli Elettrici: Guida per Ospitalit\u00e0 Green. E&#8217; il titolo dell&#8217;incontro di Formazione che si terr\u00e0 a Bolzano luned\u00ec 15 Aprile 2019. Organizzato da Ecobnb, community del turismo sostenibile, insieme ad Alpine Pearls, consorzio di Comuni che promuovono la mobilit\u00e0 dolce tra le Alpi, nel contesto del progetto europeo E-MOTICON, il workshop\u00a0si [&hellip;]<\/p>\n","protected":false},"author":3,"featured_media":40661,"parent":16232,"menu_order":0,"comment_status":"closed","ping_status":"open","template":"page-nosidebar.php","meta":[],"acf":[],"yoast_head":"<!-- This site is optimized with the Yoast SEO plugin v19.9 - https:\/\/yoast.com\/wordpress\/plugins\/seo\/ -->\n<title>Infrastrutture di Ricarica per Veicoli Elettrici - Workshop<\/title>\n<meta name=\"description\" content=\"Un workshop gratuito a Bolzano, dedicato alle infrastrutture di ricarica per veicoli elettrici e alle opportunit\u00e0 per innovare l&#039;ospitalit\u00e0 in chiave green\" \/>\n<meta name=\"robots\" content=\"index, follow, max-snippet:-1, max-image-preview:large, max-video-preview:-1\" \/>\n<link rel=\"canonical\" href=\"https:\/\/ecobnb.it\/blog\/eventi\/ricarica-veicoli-elettrici-ospitalita-green\/\" \/>\n<meta property=\"og:locale\" content=\"it_IT\" \/>\n<meta property=\"og:type\" content=\"article\" \/>\n<meta property=\"og:title\" content=\"Infrastrutture di Ricarica per Veicoli Elettrici - Workshop\" \/>\n<meta property=\"og:description\" content=\"Un workshop gratuito a Bolzano, dedicato alle infrastrutture di ricarica per veicoli elettrici e alle opportunit\u00e0 per innovare l&#039;ospitalit\u00e0 in chiave green\" \/>\n<meta property=\"og:url\" content=\"https:\/\/ecobnb.it\/blog\/eventi\/ricarica-veicoli-elettrici-ospitalita-green\/\" \/>\n<meta property=\"og:site_name\" content=\"Ecobnb\" \/>\n<meta property=\"article:publisher\" content=\"https:\/\/www.facebook.com\/viaggiverdi\" \/>\n<meta property=\"article:modified_time\" content=\"2019-05-10T10:59:56+00:00\" \/>\n<meta property=\"og:image\" content=\"https:\/\/ecobnb.it\/blog\/app\/uploads\/sites\/2\/2019\/03\/32.jpg\" \/>\n\t<meta property=\"og:image:width\" content=\"1170\" \/>\n\t<meta property=\"og:image:height\" content=\"490\" \/>\n\t<meta property=\"og:image:type\" content=\"image\/jpeg\" \/>\n<meta name=\"twitter:label1\" content=\"Est. reading time\" \/>\n\t<meta name=\"twitter:data1\" content=\"4 minutes\" \/>\n<!-- \/ Yoast SEO plugin. -->","yoast_head_json":{"title":"Infrastrutture di Ricarica per Veicoli Elettrici - Workshop","description":"Un workshop gratuito a Bolzano, dedicato alle infrastrutture di ricarica per veicoli elettrici e alle opportunit\u00e0 per innovare l'ospitalit\u00e0 in chiave green","robots":{"index":"index","follow":"follow","max-snippet":"max-snippet:-1","max-image-preview":"max-image-preview:large","max-video-preview":"max-video-preview:-1"},"canonical":"https:\/\/ecobnb.it\/blog\/eventi\/ricarica-veicoli-elettrici-ospitalita-green\/","og_locale":"it_IT","og_type":"article","og_title":"Infrastrutture di Ricarica per Veicoli Elettrici - Workshop","og_description":"Un workshop gratuito a Bolzano, dedicato alle infrastrutture di ricarica per veicoli elettrici e alle opportunit\u00e0 per innovare l'ospitalit\u00e0 in chiave green","og_url":"https:\/\/ecobnb.it\/blog\/eventi\/ricarica-veicoli-elettrici-ospitalita-green\/","og_site_name":"Ecobnb","article_publisher":"https:\/\/www.facebook.com\/viaggiverdi","article_modified_time":"2019-05-10T10:59:56+00:00","og_image":[{"width":1170,"height":490,"url":"https:\/\/ecobnb.it\/blog\/app\/uploads\/sites\/2\/2019\/03\/32.jpg","type":"image\/jpeg"}],"twitter_misc":{"Est. reading time":"4 minutes"},"schema":{"@context":"https:\/\/schema.org","@graph":[{"@type":"WebPage","@id":"https:\/\/ecobnb.it\/blog\/eventi\/ricarica-veicoli-elettrici-ospitalita-green\/","url":"https:\/\/ecobnb.it\/blog\/eventi\/ricarica-veicoli-elettrici-ospitalita-green\/","name":"Infrastrutture di Ricarica per Veicoli Elettrici - Workshop","isPartOf":{"@id":"https:\/\/ecobnb.it\/blog\/#website"},"datePublished":"2019-03-22T11:00:16+00:00","dateModified":"2019-05-10T10:59:56+00:00","description":"Un workshop gratuito a Bolzano, dedicato alle infrastrutture di ricarica per veicoli elettrici e alle opportunit\u00e0 per innovare l'ospitalit\u00e0 in chiave green","breadcrumb":{"@id":"https:\/\/ecobnb.it\/blog\/eventi\/ricarica-veicoli-elettrici-ospitalita-green\/#breadcrumb"},"inLanguage":"it-IT","potentialAction":[{"@type":"ReadAction","target":["https:\/\/ecobnb.it\/blog\/eventi\/ricarica-veicoli-elettrici-ospitalita-green\/"]}]},{"@type":"BreadcrumbList","@id":"https:\/\/ecobnb.it\/blog\/eventi\/ricarica-veicoli-elettrici-ospitalita-green\/#breadcrumb","itemListElement":[{"@type":"ListItem","position":1,"name":"Ecobnb Green Accademy: Eventi Formativi, workshop e Incontri","item":"https:\/\/ecobnb.it\/blog\/eventi\/"},{"@type":"ListItem","position":2,"name":"Infrastrutture di ricarica per Veicoli Elettrici: Guida per Ospitalit\u00e0 Green"}]},{"@type":"WebSite","@id":"https:\/\/ecobnb.it\/blog\/#website","url":"https:\/\/ecobnb.it\/blog\/","name":"Ecobnb","description":"Trova il tuo Alloggio Ecosostenibile","publisher":{"@id":"https:\/\/ecobnb.it\/blog\/#organization"},"potentialAction":[{"@type":"SearchAction","target":{"@type":"EntryPoint","urlTemplate":"https:\/\/ecobnb.it\/blog\/?s={search_term_string}"},"query-input":"required name=search_term_string"}],"inLanguage":"it-IT"},{"@type":"Organization","@id":"https:\/\/ecobnb.it\/blog\/#organization","name":"Ecobnb","url":"https:\/\/ecobnb.it\/blog\/","logo":{"@type":"ImageObject","inLanguage":"it-IT","@id":"https:\/\/ecobnb.it\/blog\/#\/schema\/logo\/image\/","url":"https:\/\/ecobnb.it\/blog\/app\/uploads\/sites\/2\/2016\/03\/logo_transparent_512x512.png","contentUrl":"https:\/\/ecobnb.it\/blog\/app\/uploads\/sites\/2\/2016\/03\/logo_transparent_512x512.png","width":512,"height":512,"caption":"Ecobnb"},"image":{"@id":"https:\/\/ecobnb.it\/blog\/#\/schema\/logo\/image\/"},"sameAs":["https:\/\/www.facebook.com\/viaggiverdi"]}]}},"_links":{"self":[{"href":"https:\/\/ecobnb.it\/blog\/wp-json\/wp\/v2\/pages\/39861"}],"collection":[{"href":"https:\/\/ecobnb.it\/blog\/wp-json\/wp\/v2\/pages"}],"about":[{"href":"https:\/\/ecobnb.it\/blog\/wp-json\/wp\/v2\/types\/page"}],"author":[{"embeddable":true,"href":"https:\/\/ecobnb.it\/blog\/wp-json\/wp\/v2\/users\/3"}],"replies":[{"embeddable":true,"href":"https:\/\/ecobnb.it\/blog\/wp-json\/wp\/v2\/comments?post=39861"}],"version-history":[{"count":22,"href":"https:\/\/ecobnb.it\/blog\/wp-json\/wp\/v2\/pages\/39861\/revisions"}],"predecessor-version":[{"id":41148,"href":"https:\/\/ecobnb.it\/blog\/wp-json\/wp\/v2\/pages\/39861\/revisions\/41148"}],"up":[{"embeddable":true,"href":"https:\/\/ecobnb.it\/blog\/wp-json\/wp\/v2\/pages\/16232"}],"wp:featuredmedia":[{"embeddable":true,"href":"https:\/\/ecobnb.it\/blog\/wp-json\/wp\/v2\/media\/40661"}],"wp:attachment":[{"href":"https:\/\/ecobnb.it\/blog\/wp-json\/wp\/v2\/media?parent=39861"}],"curies":[{"name":"wp","href":"https:\/\/api.w.org\/{rel}","templated":true}]}}