{"id":38246,"date":"2018-12-11T13:57:44","date_gmt":"2018-12-11T12:57:44","guid":{"rendered":"https:\/\/ecobnb.it\/blog\/?page_id=38246"},"modified":"2026-01-20T09:00:05","modified_gmt":"2026-01-20T08:00:05","slug":"gift-card","status":"publish","type":"page","link":"https:\/\/ecobnb.it\/blog\/gift-card\/","title":{"rendered":"Gift Card: cos\u00ec regali esperienze uniche e green!"},"content":{"rendered":"<h2>Combatti l\u2019ansia da regalo, gli sprechi e l\u2019inquinamento in un\u2019unica mossa:\u00a0regala esperienze uniche e sostenibili con le\u00a0Gift Card digitali di Ecobnb!<\/h2>\n<p>Trovare per\u00a0ogni persona il <strong>regalo giusto<\/strong> ti sembra\u00a0una missione impossibile? Sei ancora alla ricerca del dono perfetto che non finisca nella scatola degli oggetti inutilizzati e che\u00a0sia leggero sull\u2019ambiente?\u00a0Facile: scegli la <strong>Gift Card<\/strong> di Ecobnb per regalare un&#8217;<strong>esperienza unica <\/strong>e green, un<strong> viaggio indimenticabile<\/strong> in armonia con la Natura!<\/p>\n<p><a href=\"https:\/\/ecobnb.it\/acquista-giftcard?utm_source=blog&amp;utm_medium=link&amp;utm_campaign=giftcard\"><img class=\"alignnone wp-image-38317 size-full\" src=\"https:\/\/ecobnb.it\/blog\/app\/uploads\/sites\/2\/2018\/12\/Copy-of-Gift-Voucher-Eco-soggiorno-Immagine.jpg\" alt=\"Gift Voucher Eco soggiorno\" width=\"770\" height=\"190\" srcset=\"https:\/\/ecobnb.it\/blog\/app\/uploads\/sites\/2\/2018\/12\/Copy-of-Gift-Voucher-Eco-soggiorno-Immagine.jpg 770w, https:\/\/ecobnb.it\/blog\/app\/uploads\/sites\/2\/2018\/12\/Copy-of-Gift-Voucher-Eco-soggiorno-Immagine-536x132.jpg 536w, https:\/\/ecobnb.it\/blog\/app\/uploads\/sites\/2\/2018\/12\/Copy-of-Gift-Voucher-Eco-soggiorno-Immagine-344x85.jpg 344w\" sizes=\"(max-width: 770px) 100vw, 770px\" \/><\/a><\/p>\n<h2>Regala un&#8217;Esperienza Indimenticabile con le Giftcards Gren di Ecobnb<\/h2>\n<p><a href=\"https:\/\/ecobnb.it\/acquista-giftcard?utm_source=blog&amp;utm_medium=link&amp;utm_campaign=giftcard\"><img class=\"alignnone wp-image-38268 size-full\" src=\"https:\/\/ecobnb.it\/blog\/app\/uploads\/sites\/2\/2018\/12\/3.jpg\" alt=\"gift card regalo green\" width=\"1170\" height=\"490\" srcset=\"https:\/\/ecobnb.it\/blog\/app\/uploads\/sites\/2\/2018\/12\/3.jpg 1170w, https:\/\/ecobnb.it\/blog\/app\/uploads\/sites\/2\/2018\/12\/3-536x224.jpg 536w, https:\/\/ecobnb.it\/blog\/app\/uploads\/sites\/2\/2018\/12\/3-344x144.jpg 344w\" sizes=\"(max-width: 1170px) 100vw, 1170px\" \/><\/a><\/p>\n<p>Un weekend in <strong>agriturismo biologico<\/strong> per imparare a fare i formaggi, o una vacanza all&#8217;insegna dello <strong>yoga<\/strong>. Una fuga romantica in un antico castello trasformato in albergo diffuso, o una notte in un <strong>glamping<\/strong> immerso nella natura. Una vacanza sulla neve, dormendo in <strong>igloo<\/strong>,\u00a0una notte in un\u00a0antico mulino o in un faro circondato dal mare&#8230;. Le possibilit\u00e0 sono infinite, e quello che \u00e8 certo \u00e8 che l&#8217;esperienza rende <strong>felici<\/strong> sia nel momento in cui viene vissuta, sia in seguito, quando viene ricordata e raccontata.<\/p>\n<h2>Regalare esperienze rende le persone pi\u00f9 felici<\/h2>\n<div id=\"attachment_45881\" class=\"thumbnail alignnone\"><img class=\"size-large wp-image-45881\" src=\"https:\/\/ecobnb.it\/blog\/app\/uploads\/sites\/2\/2019\/11\/alisa-anton-MzFclBeMwSo-unsplash-870x490.jpg\" alt=\"esperienza a contatto con la natura\" width=\"870\" height=\"490\" srcset=\"https:\/\/ecobnb.it\/blog\/app\/uploads\/sites\/2\/2019\/11\/alisa-anton-MzFclBeMwSo-unsplash-870x490.jpg 870w, https:\/\/ecobnb.it\/blog\/app\/uploads\/sites\/2\/2019\/11\/alisa-anton-MzFclBeMwSo-unsplash-570x320.jpg 570w\" sizes=\"(max-width: 870px) 100vw, 870px\" \/><div class=\"caption\">Photo by Alisa Anton on Unsplash<\/div><\/div>\n<p>Secondo due studi recenti &#8211; uno dell&#8217;<a href=\"https:\/\/www.tandfonline.com\/doi\/abs\/10.1080\/17439760.2014.898316?journalCode=rpos20\" target=\"_blank\" rel=\"noopener\">Universit\u00e0 di San Francisco<\/a>\u00a0e l&#8217;altro dell&#8217;<a href=\"https:\/\/academic.oup.com\/jcr\/article\/43\/6\/913\/2632328\" target=\"_blank\" rel=\"noopener\">Universit\u00e0 di Los Angeles<\/a> &#8211; <strong>regalare esperienze<\/strong> anzich\u00e9 oggetti rafforza le relazioni, e rende le persone pi\u00f9 felici. Questo succede perch\u00e9 le esperienze danno piacere non solo quando le viviamo, ma anche in seguito quando le ricordiamo e le raccontiamo.\u00a0 Secondo le due ricerche Californiane, alcuni regali, meglio di altri aiutano a rafforzare le relazioni. Sono i <strong>doni esperienziali<\/strong> che meglio degli oggetti, riescono a mettere in connessione il donatore con il ricevente, anche se l&#8217;esperienza non viene fatta insieme.<\/p>\n<h2>Gift Card Green: le nuove carte regalo digitali di Ecobnb<\/h2>\n<p><img class=\"alignnone wp-image-38271 size-full\" src=\"https:\/\/ecobnb.it\/blog\/app\/uploads\/sites\/2\/2018\/12\/2.jpg\" alt=\"Cerchi un'idea regalo originale e sostenibile? Scegli la Gift Card di Ecobnb per regalare a chi ami un'esperienza unica e green, in armonia con la natura\" width=\"1170\" height=\"490\" srcset=\"https:\/\/ecobnb.it\/blog\/app\/uploads\/sites\/2\/2018\/12\/2.jpg 1170w, https:\/\/ecobnb.it\/blog\/app\/uploads\/sites\/2\/2018\/12\/2-536x224.jpg 536w, https:\/\/ecobnb.it\/blog\/app\/uploads\/sites\/2\/2018\/12\/2-344x144.jpg 344w\" sizes=\"(max-width: 1170px) 100vw, 1170px\" \/>Una soluzione per rendere felici i vostri familiari ed amici, ma allo stesso tempo\u00a0ridurre gli sprechi e salvaguardare l&#8217;ecosistema, \u00e8 la Gift Card di Ecobnb, ovvero la Carta Regalo per viaggiare verde e vivere esperienze in armonia con la Natura.<\/p>\n<p>Puoi <strong><a href=\"https:\/\/ecobnb.it\/acquista-giftcard\" target=\"_blank\" rel=\"noopener\">acquistare la tua gift card a questo link<\/a><\/strong> scegliendo il taglio che preferisci (20 \u20ac, 50 \u20ac, 100 \u20ac ecc.) e aggiungere una <strong>dedica o un messaggio personalizzato<\/strong> (se sei in cerca di idee e spunti per una dedica <a href=\"https:\/\/ecobnb.it\/blog\/citazioni-viaggio\/\" target=\"_blank\" rel=\"noopener\">qui<\/a>\u00a0trovi alcune delle <strong>citazioni<\/strong> pi\u00f9 belle sul viaggio).<\/p>\n<h2>I vantaggi delle giftcards<\/h2>\n<p><a href=\"https:\/\/ecobnb.it\/acquista-giftcard?utm_source=blog&amp;utm_medium=link&amp;utm_campaign=giftcard\"><img class=\"alignnone wp-image-38281 size-full\" src=\"https:\/\/ecobnb.it\/blog\/app\/uploads\/sites\/2\/2018\/12\/GIFT-CARD-COVER.jpg\" alt=\"I vantaggi delle Gift Card digitali di Ecobnb\" width=\"1170\" height=\"490\" srcset=\"https:\/\/ecobnb.it\/blog\/app\/uploads\/sites\/2\/2018\/12\/GIFT-CARD-COVER.jpg 1170w, https:\/\/ecobnb.it\/blog\/app\/uploads\/sites\/2\/2018\/12\/GIFT-CARD-COVER-536x224.jpg 536w, https:\/\/ecobnb.it\/blog\/app\/uploads\/sites\/2\/2018\/12\/GIFT-CARD-COVER-344x144.jpg 344w\" sizes=\"(max-width: 1170px) 100vw, 1170px\" \/><\/a><\/p>\n<p>Chi riceve la Gift Card digitale di Ecobnb avr\u00e0 <strong>12 mesi<\/strong> di tempo per utilizzarla sulla piattaforma scegliendo tra <strong>migliaia di strutture ricettive eco-sostenibili <\/strong>(<a href=\"https:\/\/ecobnb.it\" target=\"_blank\" rel=\"noopener\">tutte quelle di Ecobnb<\/a>) che offrono anche esperienze uniche ed indimenticabili.<\/p>\n<p>Troveranno <strong>Agriturismi Biologici<\/strong>, <a href=\"https:\/\/ecobnb.it\/blog\/2015\/08\/glamping-ecologici\/\" target=\"_blank\" rel=\"noopener\">Glamping ecologici<\/a>\u00a0immersi nella natura, <a href=\"https:\/\/ecobnb.it\/blog\/2013\/11\/alberghi-diffusi-sostenibili\/\" target=\"_blank\" rel=\"noopener\">Alberghi Diffusi in antichi borghi<\/a>, Bed &amp; Breakfast ecologici circondati dai boschi, Fari nel mare, <a href=\"https:\/\/ecobnb.it\/blog\/2015\/10\/igloo-europa\/\" target=\"_blank\" rel=\"noopener\">Igloo\u00a0di ghiaccio<\/a>, bellissimi <a href=\"https:\/\/ecobnb.it\/blog\/2018\/02\/eco-chalet-weekend-charme\/\" target=\"_blank\" rel=\"noopener\">Chalet ecologici<\/a> circondati da incredibili paesaggi innevati&#8230;\u00a0Le opzioni sono tantissime\u00a0(pi\u00f9 di 3.000 in Italia e nel mondo), e tutte eco-sostenibili!<\/p>\n<p>Altri 3\u00a0vantaggi\u00a0della\u00a0giftcard\u00a0sono che:<\/p>\n<ul>\n<li>pu\u00f2 essere utilizzata in <strong>tutte le strutture ricettive<\/strong> che fanno parte del network di Ecobnb,<\/li>\n<li>pu\u00f2 essere utilizzata <strong>anche in periodi di alta stagione<\/strong>, ponti o festivit\u00e0, previo verifica di disponibilit\u00e0,<\/li>\n<li>quando\u00a0il valore della\u00a0Gift Card \u00e8 superiore a quello della prenotazione si riceve un nuovo coupon con l&#8217;importo rimanente, che pu\u00f2 essere speso per altri soggiorni.<\/li>\n<\/ul>\n<h2>Giftcards digitali:\u00a0i benefici sull&#8217;ambiente<\/h2>\n<p><a href=\"https:\/\/ecobnb.it\/acquista-giftcard?utm_source=blog&amp;utm_medium=link&amp;utm_campaign=giftcard\"><img class=\"alignnone wp-image-38280 size-full\" src=\"https:\/\/ecobnb.it\/blog\/app\/uploads\/sites\/2\/2018\/12\/GIFT-CARD-COVER-1.jpg\" alt=\"Gift Card digitali: i benefici sull'ambiente\" width=\"1170\" height=\"490\" srcset=\"https:\/\/ecobnb.it\/blog\/app\/uploads\/sites\/2\/2018\/12\/GIFT-CARD-COVER-1.jpg 1170w, https:\/\/ecobnb.it\/blog\/app\/uploads\/sites\/2\/2018\/12\/GIFT-CARD-COVER-1-536x224.jpg 536w, https:\/\/ecobnb.it\/blog\/app\/uploads\/sites\/2\/2018\/12\/GIFT-CARD-COVER-1-344x144.jpg 344w\" sizes=\"(max-width: 1170px) 100vw, 1170px\" \/><\/a><\/p>\n<p>Proprio sotto le feste aumenta incredibilmente il volume di\u00a0rifiuti\u00a0prodotti, a partire da carte e\u00a0imballaggi che finiscono solo per ingombrare il cestino della spazzatura. Infatti le stime della Commissione Europea ci dicono\u00a0che i rifiuti prodotti durante il periodo natalizio aumentano ben del 30%.<\/p>\n<p>Gi\u00e0 da qualche anno siamo impegnati nel progetto di <a href=\"https:\/\/ecobnb.it\/blog\/2015\/11\/dematerializzazione-riduzione-rifiuti\/\" target=\"_blank\" rel=\"noopener\">dematerializzazione<\/a>\u00a0dei\u00a0regali, collaborando con la <em>settimana Europea per la Riduzione dei Rifiuti<\/em> e coinvolgendo le oltre tremila\u00a0strutture ricettive che fanno parte del nostro network. Scegliendo un regalo dematerializzato rispetto ad uno tradizionale si<strong> riducono notevolmente in rifiuti<\/strong>.<\/p>\n<h2>Gift cards digitali per\u00a0le aziende<\/h2>\n<div id=\"attachment_45522\" class=\"thumbnail alignnone\"><img class=\"wp-image-45522 size-large\" src=\"https:\/\/ecobnb.it\/blog\/app\/uploads\/sites\/2\/2018\/12\/lina-trochez-ktPKyUs3Qjs-unsplash-870x490.jpg\" alt=\"Dono ecologico\" width=\"870\" height=\"490\" srcset=\"https:\/\/ecobnb.it\/blog\/app\/uploads\/sites\/2\/2018\/12\/lina-trochez-ktPKyUs3Qjs-unsplash-870x490.jpg 870w, https:\/\/ecobnb.it\/blog\/app\/uploads\/sites\/2\/2018\/12\/lina-trochez-ktPKyUs3Qjs-unsplash-570x320.jpg 570w\" sizes=\"(max-width: 870px) 100vw, 870px\" \/><div class=\"caption\">foto di Lina Trochez on Unsplash<\/div><\/div>\n<p>Sei un&#8217;<strong>azienda<\/strong>\u00a0o un&#8217;associazione e vuoi acquistare un regalo unico ed eco-sostenibile\u00a0per i tuoi clienti o dipendenti?<\/p>\n<p>Con le <strong>giftcards green di Ecobnb<\/strong> puoi regalare loro <strong>soggiorni green<\/strong>\u00a0che potranno utilizzare tra\u00a0oltre <strong>3mila<\/strong> strutture ricettive\u00a0eco-friendly in Italia e nel mondo. Puoi utilizzare le giftcard all&#8217;interno di concorsi a premi, ma anche in piani di incentivazione, regalistica aziendale,\u00a0fringe benefit e wellness.<\/p>\n<p>Le carte regalo digitali e sostenibili sono lo strumento ideale per <strong>fidelizzare<\/strong> i\u00a0tuoi dipendenti e clienti o acquisirne\u00a0nuovi.<\/p>\n<p>Con un regalo ecologico puoi\u00a0<strong>comunicare<\/strong> l&#8217;attenzione della tua azienda al tema della sostenibilit\u00e0 ambientale. \u00c8 un&#8217;occasione unica per promuovere attivamente un network di piccole realt\u00e0 (agriturismi biologici, alberghi diffusi, glamping, ecc.) concretamente impegnate nella salvaguardia del Pianeta.<\/p>\n<p><a href=\"https:\/\/ecobnb.it\/blog\/coupon-viaggio-regalo\/\" target=\"_blank\" rel=\"noopener\">Scopri tutti i benefici di scegliere le carte regalo di Ecobnb<\/a>. Vuoi saperne di pi\u00f9? <a href=\"https:\/\/ecobnb.it\/blog\/regali-aziendali-green-gift-card-esperienze-eco-friendly-clienti-dipendenti\/\" target=\"_blank\" rel=\"noopener\"><strong>Leggi la pagina dedicata ai regali sostenibili per le aziende<\/strong><\/a>, oppure scrivici a info@ecobnb.com<\/p>\n<h2>Un progetto che sostiene l&#8217;Economia Circolare<\/h2>\n<p><a href=\"https:\/\/ecobnb.it\/blog\/risparmi-alberi-co2\/\"><img class=\"alignnone wp-image-17244 size-full\" src=\"https:\/\/ecobnb.it\/blog\/app\/uploads\/sites\/2\/2016\/04\/co2-e-alberi-ecobnb.png\" alt=\"quanta co2 acqua e alberi risparmi con ecobnb\" width=\"1170\" height=\"490\" srcset=\"https:\/\/ecobnb.it\/blog\/app\/uploads\/sites\/2\/2016\/04\/co2-e-alberi-ecobnb.png 1170w, https:\/\/ecobnb.it\/blog\/app\/uploads\/sites\/2\/2016\/04\/co2-e-alberi-ecobnb-536x224.png 536w, https:\/\/ecobnb.it\/blog\/app\/uploads\/sites\/2\/2016\/04\/co2-e-alberi-ecobnb-344x144.png 344w\" sizes=\"(max-width: 1170px) 100vw, 1170px\" \/><\/a><\/p>\n<p>Regalando una <strong>Gift Card digitale green di Ecobnb<\/strong> sostieni l&#8217;<a href=\"https:\/\/ecobnb.it\/blog\/2018\/08\/economia-circolare\/\" target=\"_blank\" rel=\"noopener\">economia circolare<\/a>\u00a0portando benefici alle strutture ricettive che stanno investendo nel biologico e nell&#8217;energia pulita, nella filiera corta e nella mobilit\u00e0 dolce, nella riduzione degli sprechi, nella bioedilizia, nell&#8217;agricoltura biodinamica, nei saponi naturali e molto altro.<\/p>\n<p>Scegliendo un&#8217;ospitalit\u00e0 ecologica rispetto ad una tradizionale si risparmiano circa <strong>8 kg di CO2 per notte<\/strong>, l&#8217;equivalente di <a href=\"https:\/\/ecobnb.it\/blog\/alberi\/\" target=\"_blank\" rel=\"noopener\">295 alberi salvati<\/a>!<\/p>\n<h2>Cosa aspetti?\u00a0<a href=\"https:\/\/ecobnb.it\/acquista-giftcard?utm_source=blog&amp;utm_medium=link&amp;utm_campaign=giftcard\" target=\"_blank\" rel=\"noopener\">Componi subito la tua Carta Regalo<\/a><\/h2>\n<p><a href=\"https:\/\/ecobnb.it\/acquista-giftcard?utm_source=blog&amp;utm_medium=link&amp;utm_campaign=giftcard\"><img class=\"aligncenter wp-image-38317 size-full\" src=\"https:\/\/ecobnb.it\/blog\/app\/uploads\/sites\/2\/2018\/12\/Copy-of-Gift-Voucher-Eco-soggiorno-Immagine.jpg\" alt=\"Gift Voucher Eco soggiorno\" width=\"770\" height=\"190\" srcset=\"https:\/\/ecobnb.it\/blog\/app\/uploads\/sites\/2\/2018\/12\/Copy-of-Gift-Voucher-Eco-soggiorno-Immagine.jpg 770w, https:\/\/ecobnb.it\/blog\/app\/uploads\/sites\/2\/2018\/12\/Copy-of-Gift-Voucher-Eco-soggiorno-Immagine-536x132.jpg 536w, https:\/\/ecobnb.it\/blog\/app\/uploads\/sites\/2\/2018\/12\/Copy-of-Gift-Voucher-Eco-soggiorno-Immagine-344x85.jpg 344w\" sizes=\"(max-width: 770px) 100vw, 770px\" \/><\/a><\/p>\n<h2>Hai ricevuto in regalo una giftcad di Ecobnb? <a href=\"https:\/\/ecobnb.it\/blog\/gift-card-istruzioni-viaggiatori\/\" target=\"_blank\" rel=\"noopener\">Scopri come utilizzarla<\/a><\/h2>\n","protected":false},"excerpt":{"rendered":"<p>Combatti l\u2019ansia da regalo, gli sprechi e l\u2019inquinamento in un\u2019unica mossa:\u00a0regala esperienze uniche e sostenibili con le\u00a0Gift Card digitali di Ecobnb! Trovare per\u00a0ogni persona il regalo giusto ti sembra\u00a0una missione impossibile? Sei ancora alla ricerca del dono perfetto che non finisca nella scatola degli oggetti inutilizzati e che\u00a0sia leggero sull\u2019ambiente?\u00a0Facile: scegli la Gift Card di [&hellip;]<\/p>\n","protected":false},"author":3,"featured_media":51570,"parent":0,"menu_order":0,"comment_status":"closed","ping_status":"open","template":"","meta":[],"acf":[],"yoast_head":"<!-- This site is optimized with the Yoast SEO plugin v19.9 - https:\/\/yoast.com\/wordpress\/plugins\/seo\/ -->\n<title>Gift Card: cos\u00ec regali esperienze uniche e green! - Ecobnb<\/title>\n<meta name=\"description\" content=\"Cerchi un&#039;idea regalo originale e sostenibile? La Gift Card di Ecobnb permette di regalare esperienze uniche in armonia con la natura!\" \/>\n<meta name=\"robots\" content=\"index, follow, max-snippet:-1, max-image-preview:large, max-video-preview:-1\" \/>\n<link rel=\"canonical\" href=\"https:\/\/ecobnb.it\/blog\/gift-card\/\" \/>\n<meta property=\"og:locale\" content=\"it_IT\" \/>\n<meta property=\"og:type\" content=\"article\" \/>\n<meta property=\"og:title\" content=\"Gift Card: cos\u00ec regali esperienze uniche e green! - Ecobnb\" \/>\n<meta property=\"og:description\" content=\"Cerchi un&#039;idea regalo originale e sostenibile? La Gift Card di Ecobnb permette di regalare esperienze uniche in armonia con la natura!\" \/>\n<meta property=\"og:url\" content=\"https:\/\/ecobnb.it\/blog\/gift-card\/\" \/>\n<meta property=\"og:site_name\" content=\"Ecobnb\" \/>\n<meta property=\"article:publisher\" content=\"https:\/\/www.facebook.com\/viaggiverdi\" \/>\n<meta property=\"article:modified_time\" content=\"2026-01-20T08:00:05+00:00\" \/>\n<meta property=\"og:image\" content=\"https:\/\/ecobnb.it\/blog\/app\/uploads\/sites\/2\/2020\/05\/gift-card-ecobnb.jpg\" \/>\n\t<meta property=\"og:image:width\" content=\"1170\" \/>\n\t<meta property=\"og:image:height\" content=\"490\" \/>\n\t<meta property=\"og:image:type\" content=\"image\/jpeg\" \/>\n<meta name=\"twitter:label1\" content=\"Est. reading time\" \/>\n\t<meta name=\"twitter:data1\" content=\"7 minutes\" \/>\n<!-- \/ Yoast SEO plugin. -->","yoast_head_json":{"title":"Gift Card: cos\u00ec regali esperienze uniche e green! - Ecobnb","description":"Cerchi un'idea regalo originale e sostenibile? La Gift Card di Ecobnb permette di regalare esperienze uniche in armonia con la natura!","robots":{"index":"index","follow":"follow","max-snippet":"max-snippet:-1","max-image-preview":"max-image-preview:large","max-video-preview":"max-video-preview:-1"},"canonical":"https:\/\/ecobnb.it\/blog\/gift-card\/","og_locale":"it_IT","og_type":"article","og_title":"Gift Card: cos\u00ec regali esperienze uniche e green! - Ecobnb","og_description":"Cerchi un'idea regalo originale e sostenibile? La Gift Card di Ecobnb permette di regalare esperienze uniche in armonia con la natura!","og_url":"https:\/\/ecobnb.it\/blog\/gift-card\/","og_site_name":"Ecobnb","article_publisher":"https:\/\/www.facebook.com\/viaggiverdi","article_modified_time":"2026-01-20T08:00:05+00:00","og_image":[{"width":1170,"height":490,"url":"https:\/\/ecobnb.it\/blog\/app\/uploads\/sites\/2\/2020\/05\/gift-card-ecobnb.jpg","type":"image\/jpeg"}],"twitter_misc":{"Est. reading time":"7 minutes"},"schema":{"@context":"https:\/\/schema.org","@graph":[{"@type":"WebPage","@id":"https:\/\/ecobnb.it\/blog\/gift-card\/","url":"https:\/\/ecobnb.it\/blog\/gift-card\/","name":"Gift Card: cos\u00ec regali esperienze uniche e green! - Ecobnb","isPartOf":{"@id":"https:\/\/ecobnb.it\/blog\/#website"},"datePublished":"2018-12-11T12:57:44+00:00","dateModified":"2026-01-20T08:00:05+00:00","description":"Cerchi un'idea regalo originale e sostenibile? La Gift Card di Ecobnb permette di regalare esperienze uniche in armonia con la natura!","inLanguage":"it-IT","potentialAction":[{"@type":"ReadAction","target":["https:\/\/ecobnb.it\/blog\/gift-card\/"]}]},{"@type":"WebSite","@id":"https:\/\/ecobnb.it\/blog\/#website","url":"https:\/\/ecobnb.it\/blog\/","name":"Ecobnb","description":"Trova il tuo Alloggio Ecosostenibile","publisher":{"@id":"https:\/\/ecobnb.it\/blog\/#organization"},"potentialAction":[{"@type":"SearchAction","target":{"@type":"EntryPoint","urlTemplate":"https:\/\/ecobnb.it\/blog\/?s={search_term_string}"},"query-input":"required name=search_term_string"}],"inLanguage":"it-IT"},{"@type":"Organization","@id":"https:\/\/ecobnb.it\/blog\/#organization","name":"Ecobnb","url":"https:\/\/ecobnb.it\/blog\/","logo":{"@type":"ImageObject","inLanguage":"it-IT","@id":"https:\/\/ecobnb.it\/blog\/#\/schema\/logo\/image\/","url":"https:\/\/ecobnb.it\/blog\/app\/uploads\/sites\/2\/2016\/03\/logo_transparent_512x512.png","contentUrl":"https:\/\/ecobnb.it\/blog\/app\/uploads\/sites\/2\/2016\/03\/logo_transparent_512x512.png","width":512,"height":512,"caption":"Ecobnb"},"image":{"@id":"https:\/\/ecobnb.it\/blog\/#\/schema\/logo\/image\/"},"sameAs":["https:\/\/www.facebook.com\/viaggiverdi"]}]}},"_links":{"self":[{"href":"https:\/\/ecobnb.it\/blog\/wp-json\/wp\/v2\/pages\/38246"}],"collection":[{"href":"https:\/\/ecobnb.it\/blog\/wp-json\/wp\/v2\/pages"}],"about":[{"href":"https:\/\/ecobnb.it\/blog\/wp-json\/wp\/v2\/types\/page"}],"author":[{"embeddable":true,"href":"https:\/\/ecobnb.it\/blog\/wp-json\/wp\/v2\/users\/3"}],"replies":[{"embeddable":true,"href":"https:\/\/ecobnb.it\/blog\/wp-json\/wp\/v2\/comments?post=38246"}],"version-history":[{"count":24,"href":"https:\/\/ecobnb.it\/blog\/wp-json\/wp\/v2\/pages\/38246\/revisions"}],"predecessor-version":[{"id":89178,"href":"https:\/\/ecobnb.it\/blog\/wp-json\/wp\/v2\/pages\/38246\/revisions\/89178"}],"wp:featuredmedia":[{"embeddable":true,"href":"https:\/\/ecobnb.it\/blog\/wp-json\/wp\/v2\/media\/51570"}],"wp:attachment":[{"href":"https:\/\/ecobnb.it\/blog\/wp-json\/wp\/v2\/media?parent=38246"}],"curies":[{"name":"wp","href":"https:\/\/api.w.org\/{rel}","templated":true}]}}