{"id":38172,"date":"2018-12-07T10:06:24","date_gmt":"2018-12-07T09:06:24","guid":{"rendered":"https:\/\/ecobnb.it\/blog\/?page_id=38172"},"modified":"2020-08-21T10:51:08","modified_gmt":"2020-08-21T08:51:08","slug":"gift-card-istruzioni-viaggiatori","status":"publish","type":"page","link":"https:\/\/ecobnb.it\/blog\/gift-card-istruzioni-viaggiatori\/","title":{"rendered":"Come utilizzare la tua Gift Card digitale su Ecobnb?"},"content":{"rendered":"<h2>Hai acquistato o ricevuto in regalo una GIFT CARD digitale di Ecobnb? Scopri come utilizzarla per prenotare il tuo soggiorno in armonia con la Natura.<\/h2>\n<p>Hai ricevuto una <strong>Gift Card digitale<\/strong> da utilizzare su Ecobnb? Preparati a <strong>scoprire migliaia di strutture ricettive eco-friendly<\/strong> in Italia e nel mondo. Alberghi diffusi e incredibili case sugli alberi, chalet ecologici e glamping immersi nella natura, agriturismi biologici e hotel per i quali la sostenibilit\u00e0 \u00e8 una priorit\u00e0. Utilizzare la tua Gift Card digitale su Ecobnb \u00e8 davvero semplice. Ecco come fare:<\/p>\n<h2>Gift Card digitale: che cos&#8217;\u00e8?<\/h2>\n<p>La Gift Card digitale \u00e8 una <strong>Carta Regalo<\/strong> dematerializzata <strong>inviata via email <\/strong>a chi la acquista.\u00a0E&#8217;\u00a0una carta di pagamento prepagata disponibile in diversi tagli (10 \u20ac, 50 \u20ac, 100 \u20ac, ecc.), che puoi utilizzare sulla piattaforma <strong><a href=\"https:\/\/ecobnb.it\" target=\"_blank\" rel=\"noopener\">Ecobnb<\/a><\/strong>. Le gift card\u00a0sono composte\u00a0da un <strong>codice univoco di 12 cifre<\/strong> ed hanno <strong>validit\u00e0 12 mesi<\/strong> dal momento della loro attivazione, oppure, nel caso di iniziative specifiche avranno validit\u00e0 secondo i termini e condizioni di ciascuna di queste.<\/p>\n<h2>Come utilizzare la tua Gift Card?<\/h2>\n<p>Hai una carta regalo di Ecobnb? Utilizzare la Gift Card digitale \u00e8 semplicissimo:<\/p>\n<ol>\n<li>Per prima cosa <strong><a href=\"https:\/\/ecobnb.it\" target=\"_blank\" rel=\"noopener\">vai su Ecobnb<\/a><\/strong>, scopri le nostre proposte green e scegli <strong><em>dove vuoi andare<\/em><\/strong>\u00a0tra migliaia di destinazioni eco-friendly in Italia e nel mondo.<\/li>\n<li>Invia una o pi\u00f9 richieste di disponibilit\u00e0 alle strutture ricettive che preferisci, compilando il modulo di verifica disponibilit\u00e0 (vedi immagine che segue). Ricorda di inserire tutti i dati richiesti, di <strong>selezionare &#8220;Hai un Codice Coupon&#8221;<\/strong>\u00a0di precisare il codice, ovvero il <strong>numero di 12 cifre<\/strong> della tua Gift Card Digitale, e di cliccare sul pulsante &#8220;<strong>Applica il Coupon<\/strong>&#8221; (che verifica se il codice inserito \u00e8 corretto).<\/li>\n<li>Attendi\u00a0le risposte di disponibilit\u00e0 delle strutture ricettive (se non sei soddisfatto, inviane altre), e una volta ricevuta la disponibilit\u00e0, <strong>Conferma la tua Prenotazione.<\/strong><\/li>\n<\/ol>\n<div id=\"attachment_38174\" class=\"thumbnail alignnone\"><img class=\"size-large wp-image-38174\" src=\"https:\/\/ecobnb.it\/blog\/app\/uploads\/sites\/2\/2018\/11\/Gift-Card-Viaggiatori-e1544174281670-870x490.png\" alt=\"Come inserire il Codice Coupon della tua Gift Card in una richiesta di disponibilit\u00e0 su Ecobnb\" width=\"870\" height=\"490\" srcset=\"https:\/\/ecobnb.it\/blog\/app\/uploads\/sites\/2\/2018\/11\/Gift-Card-Viaggiatori-e1544174281670-870x490.png 870w, https:\/\/ecobnb.it\/blog\/app\/uploads\/sites\/2\/2018\/11\/Gift-Card-Viaggiatori-e1544174281670-570x320.png 570w\" sizes=\"(max-width: 870px) 100vw, 870px\" \/><div class=\"caption\">Come inserire il Codice Coupon della tua Gift Card in una richiesta di disponibilit\u00e0 su Ecobnb<\/div><\/div>\n<h2>Cosa puoi acquistare con la tua Gift Card?<\/h2>\n<p>La Gift Card di Ecobnb pu\u00f2 essere utilizzata per uno o pi\u00f9 acquisti di soggiorni eco-friendly, vacanze ed esperienze green sulla piattaforma <a href=\"https:\/\/ecobnb.it\" target=\"_blank\" rel=\"noopener\"><strong>https:\/\/ecobnb.it<\/strong><\/a> fino al completo esaurimento del valore contenuto nella giftcard.<\/p>\n<p>Quando utilizzi la giftcard per acquistare un <strong>soggiorno di importo inferiore al valore della giftcard<\/strong>, ricevi da Ecobnb un nuovo codice giftcard dell&#8217;importo residuo che puoi utilizzare per i prossimi acquisti.\u00a0Se, ad esempio, hai un codice giftcard dell&#8217;importo di 500 \u20ac, e lo utilizzi per prenotare un soggiorno dell&#8217;importo di 100 \u20ac, ricevi automaticamente una giftcard dell&#8217;importo residuo (400 \u20ac) da utilizzare su Ecobnb entro lo stesso termine della gift card iniziale.<\/p>\n<p>Quando utilizzi la tua giftcard per acquistare un <strong>soggiorno di importo superiore rispetto a quello della carta regalo<\/strong>, puoi pagare il restante importo direttamente alla struttura ricettiva prenotata.\u00a0Se, ad esempio, acquisti una notte per due persone dell&#8217;importo di 80 \u20ac utilizzando una giftcard da 50 \u20ac, potrai pagare l&#8217;importo restante (30 \u20ac) direttamente all&#8217;hotel o bed &amp; breakfast in cui soggiornerai.<\/p>\n<h2>Come comprare\u00a0una\u00a0Gift Card su Ecobnb?<\/h2>\n<p>Comprare una Carta Regalo su Ecobnb \u00e8 davvero semplice, ecco i 3 passi da seguire:<\/p>\n<p><strong>Step. 1:\u00a0<a href=\"https:\/\/ecobnb.it\/acquista-giftcard\" target=\"_blank\" rel=\"noopener\">Vai alla pagina speciale Gift Card<\/a><\/strong> di Ecobnb:<\/p>\n<ul>\n<li>Scegli\u00a0un tema: Natale, Compleanno, Congratulazioni..<\/li>\n<li>Scegli l&#8217;importo. Offriamo carte regalo da 20 \u20ac, 50 \u20ac, 100 \u20ac, o altri importi.<\/li>\n<li>Inserisci un messaggio per il destinatario, che comparir\u00e0 sulla Carta Regalo.<\/li>\n<li>Clicca su &#8220;Continua&#8221;<\/li>\n<\/ul>\n<p><strong>Step. 2:<\/strong> Finalizza l&#8217;acquisto convalidando il metodo di pagamento desiderato (carta di credito o Paypal) e compilando le altre informazioni richieste.<\/p>\n<p><strong>Step. 3<\/strong>:\u00a0Ricevi via email il riepilogo dell&#8217;acquisto e la pagina della\u00a0Gift Card\u00a0contenente il codice univoco della carta regalo. Se si tratta di un dono, puoi stampare la pagina per inserirla in un bel biglietto regalo oppure inviare il link via email al destinatario.<\/p>\n<h2>Maggiori informazioni sulla Gift Card digitale di Ecobnb<\/h2>\n<p>Hai dubbi o domande? Scrivici a coupon@ecobnb.com<\/p>\n","protected":false},"excerpt":{"rendered":"<p>Hai acquistato o ricevuto in regalo una GIFT CARD digitale di Ecobnb? Scopri come utilizzarla per prenotare il tuo soggiorno in armonia con la Natura. Hai ricevuto una Gift Card digitale da utilizzare su Ecobnb? Preparati a scoprire migliaia di strutture ricettive eco-friendly in Italia e nel mondo. Alberghi diffusi e incredibili case sugli alberi, [&hellip;]<\/p>\n","protected":false},"author":3,"featured_media":38182,"parent":0,"menu_order":0,"comment_status":"closed","ping_status":"open","template":"","meta":[],"acf":[],"yoast_head":"<!-- This site is optimized with the Yoast SEO plugin v19.9 - https:\/\/yoast.com\/wordpress\/plugins\/seo\/ -->\n<title>Come utilizzare la tua Gift Card digitale su Ecobnb? - Ecobnb<\/title>\n<meta name=\"description\" content=\"Hai acquistato o ricevuto in regalo una GIFT CARD digitale di Ecobnb? Scopri come utilizzarla per prenotare il tuo soggiorno in armonia con la Natura.\" \/>\n<meta name=\"robots\" content=\"index, follow, max-snippet:-1, max-image-preview:large, max-video-preview:-1\" \/>\n<link rel=\"canonical\" href=\"https:\/\/ecobnb.it\/blog\/gift-card-istruzioni-viaggiatori\/\" \/>\n<meta property=\"og:locale\" content=\"it_IT\" \/>\n<meta property=\"og:type\" content=\"article\" \/>\n<meta property=\"og:title\" content=\"Come utilizzare la tua Gift Card digitale su Ecobnb? - Ecobnb\" \/>\n<meta property=\"og:description\" content=\"Hai acquistato o ricevuto in regalo una GIFT CARD digitale di Ecobnb? Scopri come utilizzarla per prenotare il tuo soggiorno in armonia con la Natura.\" \/>\n<meta property=\"og:url\" content=\"https:\/\/ecobnb.it\/blog\/gift-card-istruzioni-viaggiatori\/\" \/>\n<meta property=\"og:site_name\" content=\"Ecobnb\" \/>\n<meta property=\"article:publisher\" content=\"https:\/\/www.facebook.com\/viaggiverdi\" \/>\n<meta property=\"article:modified_time\" content=\"2020-08-21T08:51:08+00:00\" \/>\n<meta property=\"og:image\" content=\"https:\/\/ecobnb.it\/blog\/app\/uploads\/sites\/2\/2018\/12\/gift-card-digitale.jpg\" \/>\n\t<meta property=\"og:image:width\" content=\"1170\" \/>\n\t<meta property=\"og:image:height\" content=\"490\" \/>\n\t<meta property=\"og:image:type\" content=\"image\/jpeg\" \/>\n<meta name=\"twitter:label1\" content=\"Est. reading time\" \/>\n\t<meta name=\"twitter:data1\" content=\"3 minutes\" \/>\n<!-- \/ Yoast SEO plugin. -->","yoast_head_json":{"title":"Come utilizzare la tua Gift Card digitale su Ecobnb? - Ecobnb","description":"Hai acquistato o ricevuto in regalo una GIFT CARD digitale di Ecobnb? Scopri come utilizzarla per prenotare il tuo soggiorno in armonia con la Natura.","robots":{"index":"index","follow":"follow","max-snippet":"max-snippet:-1","max-image-preview":"max-image-preview:large","max-video-preview":"max-video-preview:-1"},"canonical":"https:\/\/ecobnb.it\/blog\/gift-card-istruzioni-viaggiatori\/","og_locale":"it_IT","og_type":"article","og_title":"Come utilizzare la tua Gift Card digitale su Ecobnb? - Ecobnb","og_description":"Hai acquistato o ricevuto in regalo una GIFT CARD digitale di Ecobnb? Scopri come utilizzarla per prenotare il tuo soggiorno in armonia con la Natura.","og_url":"https:\/\/ecobnb.it\/blog\/gift-card-istruzioni-viaggiatori\/","og_site_name":"Ecobnb","article_publisher":"https:\/\/www.facebook.com\/viaggiverdi","article_modified_time":"2020-08-21T08:51:08+00:00","og_image":[{"width":1170,"height":490,"url":"https:\/\/ecobnb.it\/blog\/app\/uploads\/sites\/2\/2018\/12\/gift-card-digitale.jpg","type":"image\/jpeg"}],"twitter_misc":{"Est. reading time":"3 minutes"},"schema":{"@context":"https:\/\/schema.org","@graph":[{"@type":"WebPage","@id":"https:\/\/ecobnb.it\/blog\/gift-card-istruzioni-viaggiatori\/","url":"https:\/\/ecobnb.it\/blog\/gift-card-istruzioni-viaggiatori\/","name":"Come utilizzare la tua Gift Card digitale su Ecobnb? - Ecobnb","isPartOf":{"@id":"https:\/\/ecobnb.it\/blog\/#website"},"datePublished":"2018-12-07T09:06:24+00:00","dateModified":"2020-08-21T08:51:08+00:00","description":"Hai acquistato o ricevuto in regalo una GIFT CARD digitale di Ecobnb? Scopri come utilizzarla per prenotare il tuo soggiorno in armonia con la Natura.","inLanguage":"it-IT","potentialAction":[{"@type":"ReadAction","target":["https:\/\/ecobnb.it\/blog\/gift-card-istruzioni-viaggiatori\/"]}]},{"@type":"WebSite","@id":"https:\/\/ecobnb.it\/blog\/#website","url":"https:\/\/ecobnb.it\/blog\/","name":"Ecobnb","description":"Trova il tuo Alloggio Ecosostenibile","publisher":{"@id":"https:\/\/ecobnb.it\/blog\/#organization"},"potentialAction":[{"@type":"SearchAction","target":{"@type":"EntryPoint","urlTemplate":"https:\/\/ecobnb.it\/blog\/?s={search_term_string}"},"query-input":"required name=search_term_string"}],"inLanguage":"it-IT"},{"@type":"Organization","@id":"https:\/\/ecobnb.it\/blog\/#organization","name":"Ecobnb","url":"https:\/\/ecobnb.it\/blog\/","logo":{"@type":"ImageObject","inLanguage":"it-IT","@id":"https:\/\/ecobnb.it\/blog\/#\/schema\/logo\/image\/","url":"https:\/\/ecobnb.it\/blog\/app\/uploads\/sites\/2\/2016\/03\/logo_transparent_512x512.png","contentUrl":"https:\/\/ecobnb.it\/blog\/app\/uploads\/sites\/2\/2016\/03\/logo_transparent_512x512.png","width":512,"height":512,"caption":"Ecobnb"},"image":{"@id":"https:\/\/ecobnb.it\/blog\/#\/schema\/logo\/image\/"},"sameAs":["https:\/\/www.facebook.com\/viaggiverdi"]}]}},"_links":{"self":[{"href":"https:\/\/ecobnb.it\/blog\/wp-json\/wp\/v2\/pages\/38172"}],"collection":[{"href":"https:\/\/ecobnb.it\/blog\/wp-json\/wp\/v2\/pages"}],"about":[{"href":"https:\/\/ecobnb.it\/blog\/wp-json\/wp\/v2\/types\/page"}],"author":[{"embeddable":true,"href":"https:\/\/ecobnb.it\/blog\/wp-json\/wp\/v2\/users\/3"}],"replies":[{"embeddable":true,"href":"https:\/\/ecobnb.it\/blog\/wp-json\/wp\/v2\/comments?post=38172"}],"version-history":[{"count":14,"href":"https:\/\/ecobnb.it\/blog\/wp-json\/wp\/v2\/pages\/38172\/revisions"}],"predecessor-version":[{"id":54502,"href":"https:\/\/ecobnb.it\/blog\/wp-json\/wp\/v2\/pages\/38172\/revisions\/54502"}],"wp:featuredmedia":[{"embeddable":true,"href":"https:\/\/ecobnb.it\/blog\/wp-json\/wp\/v2\/media\/38182"}],"wp:attachment":[{"href":"https:\/\/ecobnb.it\/blog\/wp-json\/wp\/v2\/media?parent=38172"}],"curies":[{"name":"wp","href":"https:\/\/api.w.org\/{rel}","templated":true}]}}