{"id":37130,"date":"2018-10-31T10:20:42","date_gmt":"2018-10-31T09:20:42","guid":{"rendered":"https:\/\/ecobnb.it\/blog\/?page_id=37130"},"modified":"2018-12-06T12:50:00","modified_gmt":"2018-12-06T11:50:00","slug":"ivrea-workshop-turismo-sostenibile","status":"publish","type":"page","link":"https:\/\/ecobnb.it\/blog\/eventi\/ivrea-workshop-turismo-sostenibile\/","title":{"rendered":"Ivrea: un workshop sul turismo sostenibile"},"content":{"rendered":"<p>Un <strong>workshop gratuito<\/strong> dedicato al turismo sostenibile, all&#8217;innovazione turistica e all&#8217;ospitalit\u00e0 green. Si\u00a0svolge ad <strong>Ivrea<\/strong> (Torino) marted\u00ec<strong> 4 dicembre<\/strong> 2018, ed \u00e8 organizzato in collaborazione con Perle Alpine e con Turismo Torino. Si parler\u00e0 di turismo sostenibile, delle nuove tendenze del viaggio, e delle opportunit\u00e0 per destagionalizzare. Si approfondir\u00e0 il tema dell&#8217;<strong>ospitalit\u00e0 green<\/strong>, condividendo i 10 passi da intraprendere per rendere la propria struttura ricettiva eco-friendly. Si parler\u00e0 anche di <strong>webmarketing<\/strong> e disitermediazione (se possibile), e si condivideranno buone pratiche di turismo responsabile. Vi aspettiamo!<\/p>\n<h4>Quando: marted\u00ec 4 dicembre 2018, 9:30<\/h4>\n<h4>Dove: Ivrea,\u00a0Sala Santa Marta in piazza Santa Marta<\/h4>\n<h4>Programma del workshop:<\/h4>\n<p>dalle 9:30 alle 11:30<\/p>\n<ul>\n<li>Saluti e Welcome<\/li>\n<li>Turismo Sostenibile: trend e opportunit\u00e0 per destagionalizzare<\/li>\n<li>Ospitalit\u00e0 sostenibile<\/li>\n<\/ul>\n<p>Breve pausa (15 mins)<\/p>\n<p>dalle 11:30 alle 13:30<\/p>\n<ul>\n<ul>\n<li>Disintermediare? Web marketing e storytelling digitale<\/li>\n<li>Workshop: confronto e buone pratiche<\/li>\n<\/ul>\n<\/ul>\n<h4>Relatore:<\/h4>\n<p><strong>Simone Riccardi<\/strong> \u00e8 fondatore di <a href=\"https:\/\/ecobnb.it\" target=\"_blank\">Ecobnb<\/a>, una community dedicata al turismo sostenibile che ha circa un milione di utenti all&#8217;anno, ed \u00e8 partner del progetto Perle Alpine. Da sempre appassionato di nuove tecnologie, dopo la laurea e il PhD nelle citt\u00e0 online, Simone vince una borsa di studio Fulbright Best e si trasferisce per un anno in California dove studia Business Management presso UCLA California. Attualmente \u00e8 CEO di Ecobnb, progetto premiato\u00a0nel 2017 dall\u2019Organizzazione Mondiale del Turismo UNWTO per l\u2019innovazione e l&#8217;eccellenza nel turismo.<\/p>\n<p><a href=\"https:\/\/docs.google.com\/forms\/d\/e\/1FAIpQLSdFwVvh6FccmFsGomPTuSJpTWvndHyupUAMN9mKaMiqeduzCA\/viewform\" target=\"_blank\">Il workshop \u00e9 gratuito, pre-iscrivendosi a questo link<\/a><\/p>\n<p>Ai primi 5 partecipanti che si iscrivono Ecobnb offre 4 mesi di visibilit\u00e0 gratuita su\u00a0<a href=\"https:\/\/ecobnb.it\/\" target=\"_blank\">Ecobnb<\/a>\u00a0del valore di 50 \u20ac.<\/p>\n\n\t\t<style type=\"text\/css\">\n\t\t\t#gallery-1 {\n\t\t\t\tmargin: auto;\n\t\t\t}\n\t\t\t#gallery-1 .gallery-item {\n\t\t\t\tfloat: left;\n\t\t\t\tmargin-top: 10px;\n\t\t\t\ttext-align: center;\n\t\t\t\twidth: 33%;\n\t\t\t}\n\t\t\t#gallery-1 img {\n\t\t\t\tborder: 2px solid #cfcfcf;\n\t\t\t}\n\t\t\t#gallery-1 .gallery-caption {\n\t\t\t\tmargin-left: 0;\n\t\t\t}\n\t\t\t\/* see gallery_shortcode() in wp-includes\/media.php *\/\n\t\t<\/style>\n\t\t<div id='gallery-1' class='gallery galleryid-37130 gallery-columns-3 gallery-size-thumbnail'><dl class='gallery-item'>\n\t\t\t<dt class='gallery-icon landscape'>\n\t\t\t\t<a href='https:\/\/ecobnb.it\/blog\/eventi\/ivrea-workshop-turismo-sostenibile\/ivrea\/#main'><img width=\"270\" height=\"200\" src=\"https:\/\/ecobnb.it\/blog\/app\/uploads\/sites\/2\/2018\/10\/Ivrea-270x200.jpg\" class=\"attachment-thumbnail size-thumbnail\" alt=\"Ivrea\" aria-describedby=\"gallery-1-38148\" \/><\/a>\n\t\t\t<\/dt>\n\t\t\t\t<dd class='wp-caption-text gallery-caption' id='gallery-1-38148'>\n\t\t\t\tIvrea\n\t\t\t\t<\/dd><\/dl><dl class='gallery-item'>\n\t\t\t<dt class='gallery-icon landscape'>\n\t\t\t\t<a href='https:\/\/ecobnb.it\/blog\/eventi\/ivrea-workshop-turismo-sostenibile\/1e599ce0-1382-45bf-b812-0044e26372b4-1\/#main'><img width=\"270\" height=\"200\" src=\"https:\/\/ecobnb.it\/blog\/app\/uploads\/sites\/2\/2018\/10\/1e599ce0-1382-45bf-b812-0044e26372b4-1-270x200.jpeg\" class=\"attachment-thumbnail size-thumbnail\" alt=\"Ivrea, workshop sul Turismo Sostenibile\" aria-describedby=\"gallery-1-38149\" \/><\/a>\n\t\t\t<\/dt>\n\t\t\t\t<dd class='wp-caption-text gallery-caption' id='gallery-1-38149'>\n\t\t\t\tSimone Riccardi\n\t\t\t\t<\/dd><\/dl><dl class='gallery-item'>\n\t\t\t<dt class='gallery-icon landscape'>\n\t\t\t\t<a href='https:\/\/ecobnb.it\/blog\/eventi\/ivrea-workshop-turismo-sostenibile\/7e1f10d8-b0cf-4b5b-9381-5dd64212d26d\/#main'><img width=\"270\" height=\"200\" src=\"https:\/\/ecobnb.it\/blog\/app\/uploads\/sites\/2\/2018\/10\/7e1f10d8-b0cf-4b5b-9381-5dd64212d26d-270x200.jpeg\" class=\"attachment-thumbnail size-thumbnail\" alt=\"Ivrea, lungofiume\" aria-describedby=\"gallery-1-38146\" \/><\/a>\n\t\t\t<\/dt>\n\t\t\t\t<dd class='wp-caption-text gallery-caption' id='gallery-1-38146'>\n\t\t\t\tIvrea\n\t\t\t\t<\/dd><\/dl><br style=\"clear: both\" \/>\n\t\t<\/div>\n\n<h2><a href=\"https:\/\/ecobnb.it\/blog\/app\/uploads\/sites\/2\/2018\/10\/Presentazione-Ecobnb-Ivrea.pdf\" target=\"_blank\">Scarica qui le slide del workshop di Ivrea in pdf<\/a><\/h2>\n","protected":false},"excerpt":{"rendered":"<p>Un workshop gratuito dedicato al turismo sostenibile, all&#8217;innovazione turistica e all&#8217;ospitalit\u00e0 green. Si\u00a0svolge ad Ivrea (Torino) marted\u00ec 4 dicembre 2018, ed \u00e8 organizzato in collaborazione con Perle Alpine e con Turismo Torino. Si parler\u00e0 di turismo sostenibile, delle nuove tendenze del viaggio, e delle opportunit\u00e0 per destagionalizzare. Si approfondir\u00e0 il tema dell&#8217;ospitalit\u00e0 green, condividendo i [&hellip;]<\/p>\n","protected":false},"author":3,"featured_media":37529,"parent":16232,"menu_order":0,"comment_status":"closed","ping_status":"open","template":"","meta":[],"acf":[],"yoast_head":"<!-- This site is optimized with the Yoast SEO plugin v19.9 - https:\/\/yoast.com\/wordpress\/plugins\/seo\/ -->\n<title>Ivrea: un workshop sul turismo sostenibile - Ecobnb<\/title>\n<meta name=\"robots\" content=\"index, follow, max-snippet:-1, max-image-preview:large, max-video-preview:-1\" \/>\n<link rel=\"canonical\" href=\"https:\/\/ecobnb.it\/blog\/eventi\/ivrea-workshop-turismo-sostenibile\/\" \/>\n<meta property=\"og:locale\" content=\"it_IT\" \/>\n<meta property=\"og:type\" content=\"article\" \/>\n<meta property=\"og:title\" content=\"Ivrea: un workshop sul turismo sostenibile - Ecobnb\" \/>\n<meta property=\"og:description\" content=\"Un workshop gratuito dedicato al turismo sostenibile, all&#8217;innovazione turistica e all&#8217;ospitalit\u00e0 green. Si\u00a0svolge ad Ivrea (Torino) marted\u00ec 4 dicembre 2018, ed \u00e8 organizzato in collaborazione con Perle Alpine e con Turismo Torino. Si parler\u00e0 di turismo sostenibile, delle nuove tendenze del viaggio, e delle opportunit\u00e0 per destagionalizzare. Si approfondir\u00e0 il tema dell&#8217;ospitalit\u00e0 green, condividendo i [&hellip;]\" \/>\n<meta property=\"og:url\" content=\"https:\/\/ecobnb.it\/blog\/eventi\/ivrea-workshop-turismo-sostenibile\/\" \/>\n<meta property=\"og:site_name\" content=\"Ecobnb\" \/>\n<meta property=\"article:publisher\" content=\"https:\/\/www.facebook.com\/viaggiverdi\" \/>\n<meta property=\"article:modified_time\" content=\"2018-12-06T11:50:00+00:00\" \/>\n<meta property=\"og:image\" content=\"https:\/\/ecobnb.it\/blog\/app\/uploads\/sites\/2\/2018\/10\/workshop-Web-marketing-nel-Turismo-Sostenibile..jpg\" \/>\n\t<meta property=\"og:image:width\" content=\"1170\" \/>\n\t<meta property=\"og:image:height\" content=\"490\" \/>\n\t<meta property=\"og:image:type\" content=\"image\/jpeg\" \/>\n<meta name=\"twitter:label1\" content=\"Est. reading time\" \/>\n\t<meta name=\"twitter:data1\" content=\"1 minute\" \/>\n<!-- \/ Yoast SEO plugin. -->","yoast_head_json":{"title":"Ivrea: un workshop sul turismo sostenibile - Ecobnb","robots":{"index":"index","follow":"follow","max-snippet":"max-snippet:-1","max-image-preview":"max-image-preview:large","max-video-preview":"max-video-preview:-1"},"canonical":"https:\/\/ecobnb.it\/blog\/eventi\/ivrea-workshop-turismo-sostenibile\/","og_locale":"it_IT","og_type":"article","og_title":"Ivrea: un workshop sul turismo sostenibile - Ecobnb","og_description":"Un workshop gratuito dedicato al turismo sostenibile, all&#8217;innovazione turistica e all&#8217;ospitalit\u00e0 green. Si\u00a0svolge ad Ivrea (Torino) marted\u00ec 4 dicembre 2018, ed \u00e8 organizzato in collaborazione con Perle Alpine e con Turismo Torino. Si parler\u00e0 di turismo sostenibile, delle nuove tendenze del viaggio, e delle opportunit\u00e0 per destagionalizzare. Si approfondir\u00e0 il tema dell&#8217;ospitalit\u00e0 green, condividendo i [&hellip;]","og_url":"https:\/\/ecobnb.it\/blog\/eventi\/ivrea-workshop-turismo-sostenibile\/","og_site_name":"Ecobnb","article_publisher":"https:\/\/www.facebook.com\/viaggiverdi","article_modified_time":"2018-12-06T11:50:00+00:00","og_image":[{"width":1170,"height":490,"url":"https:\/\/ecobnb.it\/blog\/app\/uploads\/sites\/2\/2018\/10\/workshop-Web-marketing-nel-Turismo-Sostenibile..jpg","type":"image\/jpeg"}],"twitter_misc":{"Est. reading time":"1 minute"},"schema":{"@context":"https:\/\/schema.org","@graph":[{"@type":"WebPage","@id":"https:\/\/ecobnb.it\/blog\/eventi\/ivrea-workshop-turismo-sostenibile\/","url":"https:\/\/ecobnb.it\/blog\/eventi\/ivrea-workshop-turismo-sostenibile\/","name":"Ivrea: un workshop sul turismo sostenibile - Ecobnb","isPartOf":{"@id":"https:\/\/ecobnb.it\/blog\/#website"},"datePublished":"2018-10-31T09:20:42+00:00","dateModified":"2018-12-06T11:50:00+00:00","breadcrumb":{"@id":"https:\/\/ecobnb.it\/blog\/eventi\/ivrea-workshop-turismo-sostenibile\/#breadcrumb"},"inLanguage":"it-IT","potentialAction":[{"@type":"ReadAction","target":["https:\/\/ecobnb.it\/blog\/eventi\/ivrea-workshop-turismo-sostenibile\/"]}]},{"@type":"BreadcrumbList","@id":"https:\/\/ecobnb.it\/blog\/eventi\/ivrea-workshop-turismo-sostenibile\/#breadcrumb","itemListElement":[{"@type":"ListItem","position":1,"name":"Ecobnb Green Accademy: Eventi Formativi, workshop e Incontri","item":"https:\/\/ecobnb.it\/blog\/eventi\/"},{"@type":"ListItem","position":2,"name":"Ivrea: un workshop sul turismo sostenibile"}]},{"@type":"WebSite","@id":"https:\/\/ecobnb.it\/blog\/#website","url":"https:\/\/ecobnb.it\/blog\/","name":"Ecobnb","description":"Trova il tuo Alloggio Ecosostenibile","publisher":{"@id":"https:\/\/ecobnb.it\/blog\/#organization"},"potentialAction":[{"@type":"SearchAction","target":{"@type":"EntryPoint","urlTemplate":"https:\/\/ecobnb.it\/blog\/?s={search_term_string}"},"query-input":"required name=search_term_string"}],"inLanguage":"it-IT"},{"@type":"Organization","@id":"https:\/\/ecobnb.it\/blog\/#organization","name":"Ecobnb","url":"https:\/\/ecobnb.it\/blog\/","logo":{"@type":"ImageObject","inLanguage":"it-IT","@id":"https:\/\/ecobnb.it\/blog\/#\/schema\/logo\/image\/","url":"https:\/\/ecobnb.it\/blog\/app\/uploads\/sites\/2\/2016\/03\/logo_transparent_512x512.png","contentUrl":"https:\/\/ecobnb.it\/blog\/app\/uploads\/sites\/2\/2016\/03\/logo_transparent_512x512.png","width":512,"height":512,"caption":"Ecobnb"},"image":{"@id":"https:\/\/ecobnb.it\/blog\/#\/schema\/logo\/image\/"},"sameAs":["https:\/\/www.facebook.com\/viaggiverdi"]}]}},"_links":{"self":[{"href":"https:\/\/ecobnb.it\/blog\/wp-json\/wp\/v2\/pages\/37130"}],"collection":[{"href":"https:\/\/ecobnb.it\/blog\/wp-json\/wp\/v2\/pages"}],"about":[{"href":"https:\/\/ecobnb.it\/blog\/wp-json\/wp\/v2\/types\/page"}],"author":[{"embeddable":true,"href":"https:\/\/ecobnb.it\/blog\/wp-json\/wp\/v2\/users\/3"}],"replies":[{"embeddable":true,"href":"https:\/\/ecobnb.it\/blog\/wp-json\/wp\/v2\/comments?post=37130"}],"version-history":[{"count":9,"href":"https:\/\/ecobnb.it\/blog\/wp-json\/wp\/v2\/pages\/37130\/revisions"}],"predecessor-version":[{"id":38151,"href":"https:\/\/ecobnb.it\/blog\/wp-json\/wp\/v2\/pages\/37130\/revisions\/38151"}],"up":[{"embeddable":true,"href":"https:\/\/ecobnb.it\/blog\/wp-json\/wp\/v2\/pages\/16232"}],"wp:featuredmedia":[{"embeddable":true,"href":"https:\/\/ecobnb.it\/blog\/wp-json\/wp\/v2\/media\/37529"}],"wp:attachment":[{"href":"https:\/\/ecobnb.it\/blog\/wp-json\/wp\/v2\/media?parent=37130"}],"curies":[{"name":"wp","href":"https:\/\/api.w.org\/{rel}","templated":true}]}}