{"id":35321,"date":"2018-09-04T21:49:33","date_gmt":"2018-09-04T19:49:33","guid":{"rendered":"https:\/\/ecobnb.it\/blog\/?page_id=35321"},"modified":"2018-10-31T12:49:20","modified_gmt":"2018-10-31T11:49:20","slug":"innovazione-turistica-sostenibilita-ospitalita","status":"publish","type":"page","link":"https:\/\/ecobnb.it\/blog\/eventi\/innovazione-turistica-sostenibilita-ospitalita\/","title":{"rendered":"Innovazione turistica e sostenibilit\u00e0: 10 passi verso l\u2019ospitalit\u00e0 green"},"content":{"rendered":"<p>Un workshop gratuito su innovazione turistica e sostenibilit\u00e0, dedicato in particolare all&#8217;ospitalit\u00e0 green. Se hai un hotel, un agriturismo o un B&amp;B \u00e8 un appuntamento da non perdere, in occasione di Fa&#8217; La Cosa Giusta! Trento.<\/p>\n<h4>Quando: sabato 27 ottobre, alle 15.00<\/h4>\n<h4>Dove: Fa\u2019 La Cosa Giusta! Trento, via di Briamasco<\/h4>\n<p>Come innovare la tua struttura ricettiva per renderla pi\u00f9 sostenibile e attrarre nuovi viaggiatori? Il workshop di Ecobnb affronta il tema dell\u2019innovazione turistica e della sostenibilit\u00e0, attraverso 10 passi da intraprendere per ospitare sostenibile, ridurre le spese e minimizzare l\u2019impatto ambientale del tuo hotel, agriturismo o B&amp;B. Scopriremo come rispondere alle esigenze dei viaggiatori responsabili e come promuovere la tua struttura ricettiva ad un crescente numero di persone interessate al turismo sostenibile.<\/p>\n<blockquote><p>\u201cNon possiamo pensare che le cose cambino se continuiamo a fare le stesse cose\u201d (Albert Einstein)<\/p><\/blockquote>\n<p>Il workshop organizzato nell\u2019ambito di Fa\u2019 la Cosa Giusta! Trento, uno dei principali eventi in Italia dedicati al consumo critico, sar\u00e0 anche un momento per condividere buone pratiche di eco-ospitalit\u00e0, analizzare una realt\u00e0 in rapido cambiamento, e comprendere come le nostre azioni virtuose possono fare la differenza.<\/p>\n<p>Scegliere di dotarsi di un\u2019impronta green \u00e8 anche un modo per avere pi\u00f9 visibilit\u00e0, un&#8217;occasione per differenziarsi e per promuovere la propria offerta ricettiva.\u00a0Il workshop affronter\u00e0 cos\u00ed alcuni aspetti del web marketing turistico.<\/p>\n<p><a href=\"https:\/\/goo.gl\/forms\/WERULbdFA2P4svoF2\" target=\"_blank\">Il workshop \u00e9 gratuito, pre-iscrivendosi a questo link<\/a><\/p>\n<p>Ai primi 5 partecipanti che si iscrivono Ecobnb offre 6 mesi di visibilit\u00e0 gratuita su <a href=\"https:\/\/ecobnb.it\" target=\"_blank\">Ecobnb<\/a> del valore di 75 \u20ac.<\/p>\n<h2><a href=\"https:\/\/ecobnb.it\/blog\/app\/uploads\/sites\/2\/2018\/09\/Innovazione-e-sostenibilit\u00e0-ospitalit\u00e0-green.pdf\">Scarica qui le slide del workshop in pdf<\/a><\/h2>\n","protected":false},"excerpt":{"rendered":"<p>Un workshop gratuito su innovazione turistica e sostenibilit\u00e0, dedicato in particolare all&#8217;ospitalit\u00e0 green. Se hai un hotel, un agriturismo o un B&amp;B \u00e8 un appuntamento da non perdere, in occasione di Fa&#8217; La Cosa Giusta! Trento. Quando: sabato 27 ottobre, alle 15.00 Dove: Fa\u2019 La Cosa Giusta! Trento, via di Briamasco Come innovare la tua [&hellip;]<\/p>\n","protected":false},"author":3,"featured_media":35323,"parent":16232,"menu_order":0,"comment_status":"closed","ping_status":"open","template":"","meta":[],"acf":[],"yoast_head":"<!-- This site is optimized with the Yoast SEO plugin v19.9 - https:\/\/yoast.com\/wordpress\/plugins\/seo\/ -->\n<title>Innovazione e sostenibilit\u00e0: 10 passi verso l\u2019ospitalit\u00e0 green<\/title>\n<meta name=\"description\" content=\"Un workshop gratuito su innovazione turistica e sostenibilit\u00e0. Hai un hotel, un agriturismo o un B&amp;B? Questo \u00e8 l&#039;appuntamento da non perdere!\" \/>\n<meta name=\"robots\" content=\"index, follow, max-snippet:-1, max-image-preview:large, max-video-preview:-1\" \/>\n<link rel=\"canonical\" href=\"https:\/\/ecobnb.it\/blog\/eventi\/innovazione-turistica-sostenibilita-ospitalita\/\" \/>\n<meta property=\"og:locale\" content=\"it_IT\" \/>\n<meta property=\"og:type\" content=\"article\" \/>\n<meta property=\"og:title\" content=\"Innovazione e sostenibilit\u00e0: 10 passi verso l\u2019ospitalit\u00e0 green\" \/>\n<meta property=\"og:description\" content=\"Un workshop gratuito su innovazione turistica e sostenibilit\u00e0. Hai un hotel, un agriturismo o un B&amp;B? Questo \u00e8 l&#039;appuntamento da non perdere!\" \/>\n<meta property=\"og:url\" content=\"https:\/\/ecobnb.it\/blog\/eventi\/innovazione-turistica-sostenibilita-ospitalita\/\" \/>\n<meta property=\"og:site_name\" content=\"Ecobnb\" \/>\n<meta property=\"article:publisher\" content=\"https:\/\/www.facebook.com\/viaggiverdi\" \/>\n<meta property=\"article:modified_time\" content=\"2018-10-31T11:49:20+00:00\" \/>\n<meta property=\"og:image\" content=\"https:\/\/ecobnb.it\/blog\/app\/uploads\/sites\/2\/2018\/09\/workshop-gratuiti-werfenweg-3.jpg\" \/>\n\t<meta property=\"og:image:width\" content=\"1170\" \/>\n\t<meta property=\"og:image:height\" content=\"490\" \/>\n\t<meta property=\"og:image:type\" content=\"image\/jpeg\" \/>\n<meta name=\"twitter:label1\" content=\"Est. reading time\" \/>\n\t<meta name=\"twitter:data1\" content=\"1 minute\" \/>\n<!-- \/ Yoast SEO plugin. -->","yoast_head_json":{"title":"Innovazione e sostenibilit\u00e0: 10 passi verso l\u2019ospitalit\u00e0 green","description":"Un workshop gratuito su innovazione turistica e sostenibilit\u00e0. Hai un hotel, un agriturismo o un B&B? Questo \u00e8 l'appuntamento da non perdere!","robots":{"index":"index","follow":"follow","max-snippet":"max-snippet:-1","max-image-preview":"max-image-preview:large","max-video-preview":"max-video-preview:-1"},"canonical":"https:\/\/ecobnb.it\/blog\/eventi\/innovazione-turistica-sostenibilita-ospitalita\/","og_locale":"it_IT","og_type":"article","og_title":"Innovazione e sostenibilit\u00e0: 10 passi verso l\u2019ospitalit\u00e0 green","og_description":"Un workshop gratuito su innovazione turistica e sostenibilit\u00e0. Hai un hotel, un agriturismo o un B&B? Questo \u00e8 l'appuntamento da non perdere!","og_url":"https:\/\/ecobnb.it\/blog\/eventi\/innovazione-turistica-sostenibilita-ospitalita\/","og_site_name":"Ecobnb","article_publisher":"https:\/\/www.facebook.com\/viaggiverdi","article_modified_time":"2018-10-31T11:49:20+00:00","og_image":[{"width":1170,"height":490,"url":"https:\/\/ecobnb.it\/blog\/app\/uploads\/sites\/2\/2018\/09\/workshop-gratuiti-werfenweg-3.jpg","type":"image\/jpeg"}],"twitter_misc":{"Est. reading time":"1 minute"},"schema":{"@context":"https:\/\/schema.org","@graph":[{"@type":"WebPage","@id":"https:\/\/ecobnb.it\/blog\/eventi\/innovazione-turistica-sostenibilita-ospitalita\/","url":"https:\/\/ecobnb.it\/blog\/eventi\/innovazione-turistica-sostenibilita-ospitalita\/","name":"Innovazione e sostenibilit\u00e0: 10 passi verso l\u2019ospitalit\u00e0 green","isPartOf":{"@id":"https:\/\/ecobnb.it\/blog\/#website"},"datePublished":"2018-09-04T19:49:33+00:00","dateModified":"2018-10-31T11:49:20+00:00","description":"Un workshop gratuito su innovazione turistica e sostenibilit\u00e0. Hai un hotel, un agriturismo o un B&B? Questo \u00e8 l'appuntamento da non perdere!","breadcrumb":{"@id":"https:\/\/ecobnb.it\/blog\/eventi\/innovazione-turistica-sostenibilita-ospitalita\/#breadcrumb"},"inLanguage":"it-IT","potentialAction":[{"@type":"ReadAction","target":["https:\/\/ecobnb.it\/blog\/eventi\/innovazione-turistica-sostenibilita-ospitalita\/"]}]},{"@type":"BreadcrumbList","@id":"https:\/\/ecobnb.it\/blog\/eventi\/innovazione-turistica-sostenibilita-ospitalita\/#breadcrumb","itemListElement":[{"@type":"ListItem","position":1,"name":"Ecobnb Green Accademy: Eventi Formativi, workshop e Incontri","item":"https:\/\/ecobnb.it\/blog\/eventi\/"},{"@type":"ListItem","position":2,"name":"Innovazione turistica e sostenibilit\u00e0: 10 passi verso l\u2019ospitalit\u00e0 green"}]},{"@type":"WebSite","@id":"https:\/\/ecobnb.it\/blog\/#website","url":"https:\/\/ecobnb.it\/blog\/","name":"Ecobnb","description":"Trova il tuo Alloggio Ecosostenibile","publisher":{"@id":"https:\/\/ecobnb.it\/blog\/#organization"},"potentialAction":[{"@type":"SearchAction","target":{"@type":"EntryPoint","urlTemplate":"https:\/\/ecobnb.it\/blog\/?s={search_term_string}"},"query-input":"required name=search_term_string"}],"inLanguage":"it-IT"},{"@type":"Organization","@id":"https:\/\/ecobnb.it\/blog\/#organization","name":"Ecobnb","url":"https:\/\/ecobnb.it\/blog\/","logo":{"@type":"ImageObject","inLanguage":"it-IT","@id":"https:\/\/ecobnb.it\/blog\/#\/schema\/logo\/image\/","url":"https:\/\/ecobnb.it\/blog\/app\/uploads\/sites\/2\/2016\/03\/logo_transparent_512x512.png","contentUrl":"https:\/\/ecobnb.it\/blog\/app\/uploads\/sites\/2\/2016\/03\/logo_transparent_512x512.png","width":512,"height":512,"caption":"Ecobnb"},"image":{"@id":"https:\/\/ecobnb.it\/blog\/#\/schema\/logo\/image\/"},"sameAs":["https:\/\/www.facebook.com\/viaggiverdi"]}]}},"_links":{"self":[{"href":"https:\/\/ecobnb.it\/blog\/wp-json\/wp\/v2\/pages\/35321"}],"collection":[{"href":"https:\/\/ecobnb.it\/blog\/wp-json\/wp\/v2\/pages"}],"about":[{"href":"https:\/\/ecobnb.it\/blog\/wp-json\/wp\/v2\/types\/page"}],"author":[{"embeddable":true,"href":"https:\/\/ecobnb.it\/blog\/wp-json\/wp\/v2\/users\/3"}],"replies":[{"embeddable":true,"href":"https:\/\/ecobnb.it\/blog\/wp-json\/wp\/v2\/comments?post=35321"}],"version-history":[{"count":11,"href":"https:\/\/ecobnb.it\/blog\/wp-json\/wp\/v2\/pages\/35321\/revisions"}],"predecessor-version":[{"id":37136,"href":"https:\/\/ecobnb.it\/blog\/wp-json\/wp\/v2\/pages\/35321\/revisions\/37136"}],"up":[{"embeddable":true,"href":"https:\/\/ecobnb.it\/blog\/wp-json\/wp\/v2\/pages\/16232"}],"wp:featuredmedia":[{"embeddable":true,"href":"https:\/\/ecobnb.it\/blog\/wp-json\/wp\/v2\/media\/35323"}],"wp:attachment":[{"href":"https:\/\/ecobnb.it\/blog\/wp-json\/wp\/v2\/media?parent=35321"}],"curies":[{"name":"wp","href":"https:\/\/api.w.org\/{rel}","templated":true}]}}