{"id":32152,"date":"2018-05-30T12:36:23","date_gmt":"2018-05-30T10:36:23","guid":{"rendered":"https:\/\/ecobnb.it\/blog\/?page_id=32152"},"modified":"2018-05-31T13:15:16","modified_gmt":"2018-05-31T11:15:16","slug":"webmarketing-nel-turismo-sostenibile","status":"publish","type":"page","link":"https:\/\/ecobnb.it\/blog\/eventi\/webmarketing-nel-turismo-sostenibile\/","title":{"rendered":"Webmarketing nel Turismo Sostenibile"},"content":{"rendered":"<p>Si parla di\u00a0<strong>Eco Innovazione<\/strong>, di webmarketing e di <strong>Turismo Sostenibile<\/strong> nel\u00a0seminario&#8221;<em>Eco Innovazione nel turismo: la Green map per esplorare i mercati<\/em>&#8221; organizzato marted\u00ec\u00a0<strong>5 giugno 2018<\/strong> a <strong>Viggiano<\/strong>, nell&#8217;ambito del <em>Festival della Sostenibilit\u00e0<\/em>, nelle sale recentemente restaurate dell&#8217;antica Villa del Marchese San Felice, in provincia di Potenza, <strong>Basilicata<\/strong>.<\/p>\n<p>All&#8217;interno della mattina di studi, <strong>Ecobnb<\/strong>\u00a0propone\u00a0un workshop focalizzato sul tema del<strong> webmarketing<\/strong> come strumento per promuovere il turismo sostenibile e attrarre nuovi viaggiatori. Sempre pi\u00f9 persone\u00a0prestano attenzione alla <strong>sostenibilit\u00e0<\/strong> quando pianificano la loro vacanza, per questo, il workshop intende approfondire le opportunit\u00e0\u00a0offerte dal turismo sostenibile e gli strumenti che si possono utilizzare per promuovere la propria attivit\u00e0 online.<\/p>\n<p>All&#8217;interno delle due ore di <strong>workshop gratuito<\/strong> proposto da Ecobnb\u00a0si parler\u00e0\u00a0di costruzione del prodotto,\u00a0di green marketing nel turismo sostenibile, di digital marketing, di destagionalizzazione e di\u00a0disintermediazione con <strong>Simone Riccardi<\/strong>, fondatore di <a href=\"https:\/\/ecobnb.it\" target=\"_blank\">Ecobnb.it<\/a>.<\/p>\n\n\t\t<style type=\"text\/css\">\n\t\t\t#gallery-1 {\n\t\t\t\tmargin: auto;\n\t\t\t}\n\t\t\t#gallery-1 .gallery-item {\n\t\t\t\tfloat: left;\n\t\t\t\tmargin-top: 10px;\n\t\t\t\ttext-align: center;\n\t\t\t\twidth: 33%;\n\t\t\t}\n\t\t\t#gallery-1 img {\n\t\t\t\tborder: 2px solid #cfcfcf;\n\t\t\t}\n\t\t\t#gallery-1 .gallery-caption {\n\t\t\t\tmargin-left: 0;\n\t\t\t}\n\t\t\t\/* see gallery_shortcode() in wp-includes\/media.php *\/\n\t\t<\/style>\n\t\t<div id='gallery-1' class='gallery galleryid-32152 gallery-columns-3 gallery-size-thumbnail'><dl class='gallery-item'>\n\t\t\t<dt class='gallery-icon landscape'>\n\t\t\t\t<a href='https:\/\/ecobnb.it\/blog\/premi\/ecobnb-awards-2\/#main'><img width=\"270\" height=\"200\" src=\"https:\/\/ecobnb.it\/blog\/app\/uploads\/sites\/2\/2016\/02\/ECOBNB-Awards-270x200.jpg\" class=\"attachment-thumbnail size-thumbnail\" alt=\"Ecobnb, premiato agli UNWTO Awards mondiali per l&#039;innovazione nel turismo\" aria-describedby=\"gallery-1-23056\" \/><\/a>\n\t\t\t<\/dt>\n\t\t\t\t<dd class='wp-caption-text gallery-caption' id='gallery-1-23056'>\n\t\t\t\tEcobnb, premiato agli UNWTO Awards mondiali per l&#8217;innovazione nel turismo\n\t\t\t\t<\/dd><\/dl><dl class='gallery-item'>\n\t\t\t<dt class='gallery-icon landscape'>\n\t\t\t\t<a href='https:\/\/ecobnb.it\/blog\/2018\/03\/spalato-dalmazia-croazia\/lastovo_simone\/#main'><img width=\"270\" height=\"200\" src=\"https:\/\/ecobnb.it\/blog\/app\/uploads\/sites\/2\/2018\/03\/Lastovo_Simone-270x200.jpg\" class=\"attachment-thumbnail size-thumbnail\" alt=\"Simone Riccardi, fondatore di Ecobnb\" aria-describedby=\"gallery-1-30272\" \/><\/a>\n\t\t\t<\/dt>\n\t\t\t\t<dd class='wp-caption-text gallery-caption' id='gallery-1-30272'>\n\t\t\t\tSimone Riccardi, fondatore di Ecobnb\n\t\t\t\t<\/dd><\/dl><dl class='gallery-item'>\n\t\t\t<dt class='gallery-icon portrait'>\n\t\t\t\t<a href='https:\/\/ecobnb.it\/blog\/faq\/ecobnb-quali-requisiti-eco\/#main'><img width=\"270\" height=\"200\" src=\"https:\/\/ecobnb.it\/blog\/app\/uploads\/sites\/2\/2014\/11\/ecobnb-quali-requisiti-eco-270x200.jpg\" class=\"attachment-thumbnail size-thumbnail\" alt=\"ecobnb - quali requisiti eco\" aria-describedby=\"gallery-1-11374\" \/><\/a>\n\t\t\t<\/dt>\n\t\t\t\t<dd class='wp-caption-text gallery-caption' id='gallery-1-11374'>\n\t\t\t\t10 buone pratiche per ridurre l&#8217;impatto ambientale delle strutture ricettive\n\t\t\t\t<\/dd><\/dl><br style=\"clear: both\" \/>\n\t\t<\/div>\n\n<h2>Webmarketing nel Turismo Sostenibile<\/h2>\n<h4>Titolo del Workshop: &#8220;Costruzione del prodotto, web-marketing, destagionalizzazione e di\u00a0disintermediazione nel Turismo Sostenibile&#8221;<\/h4>\n<h4>Quando: Marted\u00ec 5 giugno 2018, dalle 9.30 alle 12.15<\/h4>\n<h4>Dove si svolge:\u00a0<a href=\"https:\/\/www.google.it\/maps\/place\/Villa+del+Marchese+Sanfelice\/@40.336314,15.898169,17z\/data=!4m12!1m6!3m5!1s0x1338da7547b2f899:0x93d311617a612bae!2sVilla+del+Marchese+Sanfelice!8m2!3d40.336314!4d15.9003577!3m4!1s0x1338da7547b2f899:0x93d311617a612bae!8m2!3d40.336314!4d15.9003577\" target=\"_blank\">Villa del Marchese San Felice<\/a>\u00a0Viggiano (Potenza)<\/h4>\n<h4>A chi \u00e8 rivolto: strutture ricettive, eco-ospitalit\u00e0 e operatori turistici<\/h4>\n<h2>Iscrizione al workshop: <a href=\"https:\/\/goo.gl\/forms\/KZH9Rlx8YM0yBOFg1\" target=\"_blank\">gratuita, preiscrivendosi a questo link!<\/a><\/h2>\n<p>&nbsp;<\/p>\n\n\t\t<style type=\"text\/css\">\n\t\t\t#gallery-2 {\n\t\t\t\tmargin: auto;\n\t\t\t}\n\t\t\t#gallery-2 .gallery-item {\n\t\t\t\tfloat: left;\n\t\t\t\tmargin-top: 10px;\n\t\t\t\ttext-align: center;\n\t\t\t\twidth: 33%;\n\t\t\t}\n\t\t\t#gallery-2 img {\n\t\t\t\tborder: 2px solid #cfcfcf;\n\t\t\t}\n\t\t\t#gallery-2 .gallery-caption {\n\t\t\t\tmargin-left: 0;\n\t\t\t}\n\t\t\t\/* see gallery_shortcode() in wp-includes\/media.php *\/\n\t\t<\/style>\n\t\t<div id='gallery-2' class='gallery galleryid-32152 gallery-columns-3 gallery-size-thumbnail'><dl class='gallery-item'>\n\t\t\t<dt class='gallery-icon landscape'>\n\t\t\t\t<a href='https:\/\/ecobnb.it\/blog\/eventi\/webmarketing-nel-turismo-sostenibile\/timthumb\/#main'><img width=\"270\" height=\"200\" src=\"https:\/\/ecobnb.it\/blog\/app\/uploads\/sites\/2\/2018\/05\/timthumb-270x200.jpeg\" class=\"attachment-thumbnail size-thumbnail\" alt=\"Aliano, Basilicata\" aria-describedby=\"gallery-2-32162\" \/><\/a>\n\t\t\t<\/dt>\n\t\t\t\t<dd class='wp-caption-text gallery-caption' id='gallery-2-32162'>\n\t\t\t\tAliano, Basilicata\n\t\t\t\t<\/dd><\/dl><dl class='gallery-item'>\n\t\t\t<dt class='gallery-icon landscape'>\n\t\t\t\t<a href='https:\/\/ecobnb.it\/blog\/eventi\/webmarketing-nel-turismo-sostenibile\/villa-del-marchese-san-felice\/#main'><img width=\"270\" height=\"200\" src=\"https:\/\/ecobnb.it\/blog\/app\/uploads\/sites\/2\/2018\/05\/Villa-del-Marchese-San-Felice-270x200.jpg\" class=\"attachment-thumbnail size-thumbnail\" alt=\"Villa del Marchese San Felice, Viggiano, Basilicata\" aria-describedby=\"gallery-2-32161\" \/><\/a>\n\t\t\t<\/dt>\n\t\t\t\t<dd class='wp-caption-text gallery-caption' id='gallery-2-32161'>\n\t\t\t\tVilla del Marchese San Felice, Viggiano, Basilicata\n\t\t\t\t<\/dd><\/dl><dl class='gallery-item'>\n\t\t\t<dt class='gallery-icon landscape'>\n\t\t\t\t<a href='https:\/\/ecobnb.it\/blog\/eventi\/webmarketing-nel-turismo-sostenibile\/download-1\/#main'><img width=\"270\" height=\"184\" src=\"https:\/\/ecobnb.it\/blog\/app\/uploads\/sites\/2\/2018\/05\/download-1-270x184.jpeg\" class=\"attachment-thumbnail size-thumbnail\" alt=\"Aliano, Basilicata\" aria-describedby=\"gallery-2-32163\" \/><\/a>\n\t\t\t<\/dt>\n\t\t\t\t<dd class='wp-caption-text gallery-caption' id='gallery-2-32163'>\n\t\t\t\tAliano, Basilicata\n\t\t\t\t<\/dd><\/dl><br style=\"clear: both\" \/>\n\t\t<\/div>\n\n<p>L&#8217;intero seminario \u00e8 gratuito e aperto a tutti, rivolto in particolare alle associazioni e agli operatori turistici.<\/p>\n<p>Qui puoi scaricare il <a href=\"https:\/\/ecobnb.it\/blog\/app\/uploads\/sites\/2\/2018\/05\/programma-completo-della-mattinata-di-studi.pdf\">programma completo (in formato pdf) della mattinata di studi a Viggiano<\/a>, con tutti gli interventi previsti, oltre al workshop di Ecobnb.<\/p>\n<p>Nel pomeriggio \u00e8 prevista invece un&#8217;altra serie di incontri, seminari e dibattiti sul tema &#8220;Turismo e Sostenibilit\u00e0 nel tema della Soft Economy&#8221;, che si svolger\u00e0 dalle 15.30 alle 19.00, con un aperitivo finale, ad\u00a0<strong>Aliano<\/strong> (Potenza, Basilicata), nella\u00a0Sala Conferenze di via Rocco Scotellaro.<\/p>\n<p>Si parler\u00e0 di turismo sostenibile,\u00a0anche in termini\u00a0di capacit\u00e0 di comunicare la destinazione come territorio speciale, attenzione per il benessere della comunit\u00e0 e compartecipazione dei residenti nella creazione e nel consumo del prodotto turistico. Interverranno accademici, esperti, testimoni di buone pratiche nazionali, tra cui Simone Riccardi di Ecobnb. L&#8217;intervento di Ecobnb, dal titolo &#8220;La Sostenibilit\u00e0 come modello di business nel turismo: esperienze e buone pratiche&#8221; \u00e8 previsto verso le 16.00. A questo link \u00e8 possibile scaricare il <a href=\"https:\/\/ecobnb.it\/blog\/app\/uploads\/sites\/2\/2018\/05\/def20180525_EVENTO_ALIANO_5-Giugno_con-loghi-5.pdf\">programma completo in formato pdf del pomeriggio di seminario ad Aliano<\/a>.<\/p>\n<h3><a href=\"https:\/\/ecobnb.it\/blog\/eventi\" target=\"_blank\">Scopri tutti gli eventi di Ecobnb<\/a><\/h3>\n","protected":false},"excerpt":{"rendered":"<p>Si parla di\u00a0Eco Innovazione, di webmarketing e di Turismo Sostenibile nel\u00a0seminario&#8221;Eco Innovazione nel turismo: la Green map per esplorare i mercati&#8221; organizzato marted\u00ec\u00a05 giugno 2018 a Viggiano, nell&#8217;ambito del Festival della Sostenibilit\u00e0, nelle sale recentemente restaurate dell&#8217;antica Villa del Marchese San Felice, in provincia di Potenza, Basilicata. All&#8217;interno della mattina di studi, Ecobnb\u00a0propone\u00a0un workshop focalizzato [&hellip;]<\/p>\n","protected":false},"author":3,"featured_media":32180,"parent":16232,"menu_order":0,"comment_status":"closed","ping_status":"closed","template":"","meta":[],"acf":[],"yoast_head":"<!-- This site is optimized with the Yoast SEO plugin v19.9 - https:\/\/yoast.com\/wordpress\/plugins\/seo\/ -->\n<title>Webmarketing nel Turismo Sostenibile - Ecobnb<\/title>\n<meta name=\"description\" content=\"Un workshop gratuito da non perdere se sei interessato ad approfondire i temi del webmarketing per il turismo sostenibile, eco-innovazione e molto altro!\" \/>\n<meta name=\"robots\" content=\"index, follow, max-snippet:-1, max-image-preview:large, max-video-preview:-1\" \/>\n<link rel=\"canonical\" href=\"https:\/\/ecobnb.it\/blog\/eventi\/webmarketing-nel-turismo-sostenibile\/\" \/>\n<meta property=\"og:locale\" content=\"it_IT\" \/>\n<meta property=\"og:type\" content=\"article\" \/>\n<meta property=\"og:title\" content=\"Webmarketing nel Turismo Sostenibile - Ecobnb\" \/>\n<meta property=\"og:description\" content=\"Un workshop gratuito da non perdere se sei interessato ad approfondire i temi del webmarketing per il turismo sostenibile, eco-innovazione e molto altro!\" \/>\n<meta property=\"og:url\" content=\"https:\/\/ecobnb.it\/blog\/eventi\/webmarketing-nel-turismo-sostenibile\/\" \/>\n<meta property=\"og:site_name\" content=\"Ecobnb\" \/>\n<meta property=\"article:publisher\" content=\"https:\/\/www.facebook.com\/viaggiverdi\" \/>\n<meta property=\"article:modified_time\" content=\"2018-05-31T11:15:16+00:00\" \/>\n<meta property=\"og:image\" content=\"https:\/\/ecobnb.it\/blog\/app\/uploads\/sites\/2\/2018\/05\/Webmarketing-nel-Turismo-Sostenibile-Workshop-in-Basilicata.jpg\" \/>\n\t<meta property=\"og:image:width\" content=\"1170\" \/>\n\t<meta property=\"og:image:height\" content=\"490\" \/>\n\t<meta property=\"og:image:type\" content=\"image\/jpeg\" \/>\n<meta name=\"twitter:label1\" content=\"Est. reading time\" \/>\n\t<meta name=\"twitter:data1\" content=\"2 minutes\" \/>\n<!-- \/ Yoast SEO plugin. -->","yoast_head_json":{"title":"Webmarketing nel Turismo Sostenibile - Ecobnb","description":"Un workshop gratuito da non perdere se sei interessato ad approfondire i temi del webmarketing per il turismo sostenibile, eco-innovazione e molto altro!","robots":{"index":"index","follow":"follow","max-snippet":"max-snippet:-1","max-image-preview":"max-image-preview:large","max-video-preview":"max-video-preview:-1"},"canonical":"https:\/\/ecobnb.it\/blog\/eventi\/webmarketing-nel-turismo-sostenibile\/","og_locale":"it_IT","og_type":"article","og_title":"Webmarketing nel Turismo Sostenibile - Ecobnb","og_description":"Un workshop gratuito da non perdere se sei interessato ad approfondire i temi del webmarketing per il turismo sostenibile, eco-innovazione e molto altro!","og_url":"https:\/\/ecobnb.it\/blog\/eventi\/webmarketing-nel-turismo-sostenibile\/","og_site_name":"Ecobnb","article_publisher":"https:\/\/www.facebook.com\/viaggiverdi","article_modified_time":"2018-05-31T11:15:16+00:00","og_image":[{"width":1170,"height":490,"url":"https:\/\/ecobnb.it\/blog\/app\/uploads\/sites\/2\/2018\/05\/Webmarketing-nel-Turismo-Sostenibile-Workshop-in-Basilicata.jpg","type":"image\/jpeg"}],"twitter_misc":{"Est. reading time":"2 minutes"},"schema":{"@context":"https:\/\/schema.org","@graph":[{"@type":"WebPage","@id":"https:\/\/ecobnb.it\/blog\/eventi\/webmarketing-nel-turismo-sostenibile\/","url":"https:\/\/ecobnb.it\/blog\/eventi\/webmarketing-nel-turismo-sostenibile\/","name":"Webmarketing nel Turismo Sostenibile - Ecobnb","isPartOf":{"@id":"https:\/\/ecobnb.it\/blog\/#website"},"datePublished":"2018-05-30T10:36:23+00:00","dateModified":"2018-05-31T11:15:16+00:00","description":"Un workshop gratuito da non perdere se sei interessato ad approfondire i temi del webmarketing per il turismo sostenibile, eco-innovazione e molto altro!","breadcrumb":{"@id":"https:\/\/ecobnb.it\/blog\/eventi\/webmarketing-nel-turismo-sostenibile\/#breadcrumb"},"inLanguage":"it-IT","potentialAction":[{"@type":"ReadAction","target":["https:\/\/ecobnb.it\/blog\/eventi\/webmarketing-nel-turismo-sostenibile\/"]}]},{"@type":"BreadcrumbList","@id":"https:\/\/ecobnb.it\/blog\/eventi\/webmarketing-nel-turismo-sostenibile\/#breadcrumb","itemListElement":[{"@type":"ListItem","position":1,"name":"Ecobnb Green Accademy: Eventi Formativi, workshop e Incontri","item":"https:\/\/ecobnb.it\/blog\/eventi\/"},{"@type":"ListItem","position":2,"name":"Webmarketing nel Turismo Sostenibile"}]},{"@type":"WebSite","@id":"https:\/\/ecobnb.it\/blog\/#website","url":"https:\/\/ecobnb.it\/blog\/","name":"Ecobnb","description":"Trova il tuo Alloggio Ecosostenibile","publisher":{"@id":"https:\/\/ecobnb.it\/blog\/#organization"},"potentialAction":[{"@type":"SearchAction","target":{"@type":"EntryPoint","urlTemplate":"https:\/\/ecobnb.it\/blog\/?s={search_term_string}"},"query-input":"required name=search_term_string"}],"inLanguage":"it-IT"},{"@type":"Organization","@id":"https:\/\/ecobnb.it\/blog\/#organization","name":"Ecobnb","url":"https:\/\/ecobnb.it\/blog\/","logo":{"@type":"ImageObject","inLanguage":"it-IT","@id":"https:\/\/ecobnb.it\/blog\/#\/schema\/logo\/image\/","url":"https:\/\/ecobnb.it\/blog\/app\/uploads\/sites\/2\/2016\/03\/logo_transparent_512x512.png","contentUrl":"https:\/\/ecobnb.it\/blog\/app\/uploads\/sites\/2\/2016\/03\/logo_transparent_512x512.png","width":512,"height":512,"caption":"Ecobnb"},"image":{"@id":"https:\/\/ecobnb.it\/blog\/#\/schema\/logo\/image\/"},"sameAs":["https:\/\/www.facebook.com\/viaggiverdi"]}]}},"_links":{"self":[{"href":"https:\/\/ecobnb.it\/blog\/wp-json\/wp\/v2\/pages\/32152"}],"collection":[{"href":"https:\/\/ecobnb.it\/blog\/wp-json\/wp\/v2\/pages"}],"about":[{"href":"https:\/\/ecobnb.it\/blog\/wp-json\/wp\/v2\/types\/page"}],"author":[{"embeddable":true,"href":"https:\/\/ecobnb.it\/blog\/wp-json\/wp\/v2\/users\/3"}],"replies":[{"embeddable":true,"href":"https:\/\/ecobnb.it\/blog\/wp-json\/wp\/v2\/comments?post=32152"}],"version-history":[{"count":10,"href":"https:\/\/ecobnb.it\/blog\/wp-json\/wp\/v2\/pages\/32152\/revisions"}],"predecessor-version":[{"id":32270,"href":"https:\/\/ecobnb.it\/blog\/wp-json\/wp\/v2\/pages\/32152\/revisions\/32270"}],"up":[{"embeddable":true,"href":"https:\/\/ecobnb.it\/blog\/wp-json\/wp\/v2\/pages\/16232"}],"wp:featuredmedia":[{"embeddable":true,"href":"https:\/\/ecobnb.it\/blog\/wp-json\/wp\/v2\/media\/32180"}],"wp:attachment":[{"href":"https:\/\/ecobnb.it\/blog\/wp-json\/wp\/v2\/media?parent=32152"}],"curies":[{"name":"wp","href":"https:\/\/api.w.org\/{rel}","templated":true}]}}