{"id":30875,"date":"2018-04-18T20:34:33","date_gmt":"2018-04-18T18:34:33","guid":{"rendered":"https:\/\/ecobnb.it\/blog\/?page_id=30875"},"modified":"2018-05-07T10:27:31","modified_gmt":"2018-05-07T08:27:31","slug":"corso-web-marketing-turismo-sostenibile","status":"publish","type":"page","link":"https:\/\/ecobnb.it\/blog\/eventi\/corso-web-marketing-turismo-sostenibile\/","title":{"rendered":"Corso di Webmarketing per il Turismo Sostenibile"},"content":{"rendered":"<h3>Come innovare la la\u00a0tua struttura ricettiva per adattarla alle esigenze dei viaggiatori responsabili?<br \/>\nVi aspettiamo in Toscana sul lungarno di Fiesole!<\/h3>\n<p>Come promuovere la tua attivit\u00e0 turistica <strong>online<\/strong> in modo efficace? Cosa fare per ospitare sostenibile, <strong>innovare<\/strong> la\u00a0tua attivit\u00e0 ricettiva e destagionalizzare? Come adattare la\u00a0tua struttura ricettiva alle esigenze degli eco-viaggiatori?\u00a0Ecobnb propone un <strong>corso di \u201cidee pratiche\u201d<\/strong> da intraprendere subito, per innovare la tua offerta ricettiva, rispettando l\u2019ambiente e risparmiando. Un workshop rivolto agli <strong>hotel<\/strong>, ai <strong>B&amp;Bs<\/strong>, agli agriturismi, e ai resort, ma anche a chi non ha ancora un\u2019attivit\u00e0 ricettiva, ma sogna di aprirne una.<\/p>\n<blockquote>\n<p style=\"padding-left: 30px;\">\u201cNon possiamo pensare che le cose cambino se continuiamo a fare le stesse cose\u201d (Albert Einstein)<\/p>\n<\/blockquote>\n<p>Il workshop sar\u00e0 un momento per <strong>condividere idee e buone pratiche<\/strong> di turismo responsabile. Vi dimostreremo che cambiare in meglio si pu\u00f2, ed \u00e8 pi\u00f9 semplice di quanto non avreste mai immaginato.<\/p>\n<p>Un corso per confrontarsi con una <strong>realt\u00e0 che cambia<\/strong>, e prendere atto che le nostre azioni virtuose possono fare la differenza. Scegliere di dotarsi di un\u2019<strong>impronta green<\/strong> \u00e8 anche un modo per avere pi\u00f9 visibilit\u00e0 ed <strong>opportunit\u00e0 di marketing<\/strong>, un modo per differenziarsi, per migliorare e promuovere la propria offerta ricettiva.<\/p>\n<h2>Per chi \u00e8 adatto questo corso<\/h2>\n<p>Questo corso \u00e8 pensato per chi ha gi\u00e0 una <strong>ricettivit\u00e0 turistica<\/strong> ed \u00e8 in cerca di nuove opportunit\u00e0 e per promuoverla nel campo del <strong>turismo sostenibile<\/strong>. Per chi ha gi\u00e0 un\u2019<strong>ospitalit\u00e0 green<\/strong> ma non riesce a raggiungere i risultati desiderati, vuole migliorare le sue <strong>strategie di marketing<\/strong> e puntare su un tipo di turismo sostenibile. Per chi gestisce un hotel, agriturismo, B&amp;B, albergo diffuso, residence, rifugio, appartamento e vuole fare qualcosa per migliorare la\u00a0sua\u00a0<strong>visibilit\u00e0 online<\/strong> e la\u00a0sua qualit\u00e0 ambientale, ridurre gli sprechi e le spese, e attirare un nuovo tipo di viaggiatori. Ma anche per chi sogna di aprire un\u2019ospitalit\u00e0 in armonia con la natura e non sa da dove iniziare.<\/p>\n<p>E\u2019 il corso adatto a te se non riesci a capire come migliorare la tua offerta, come rispondere alle esigenze di un <strong>mercato in crescita<\/strong>, come promuovere online la tua ospitalit\u00e0 ad un target specifico di viaggiatori. Se cerchi un supporto e una guida per capire quale strada seguire e quali errori evitare. Se hai una struttura ricettiva e vuoi capire come fare il salto di qualit\u00e0\u2026allora iscriviti!<\/p>\n<h2>Per chi non \u00e8 adatto questo corso<\/h2>\n<p>Questo corso di web marketing e turismo sostenibile per strutture ricettive non \u00e8 adatto a chi non \u00e8 interessato al tema della sostenibilit\u00e0 ambientale o a chi sta cercando un corso incentrato solamente sulle tecniche di SEO o su altre tecniche specifiche di marketing online.<\/p>\n<h2>Quando e dove si svolge<\/h2>\n<p><strong>Gioved\u00ec 17 maggio 2018<\/strong>, dalle 14.30 alle 18.30 sul Lungarno di Fiesole (Firenze), presso la sala cinema del <a href=\"http:\/\/www.ilgirone.it\/arci\/\" target=\"_blank\">Circolo Ricreativo Culturale \u201cIl Girone\u201d<\/a>, Via Aretina 24, in loc. Girone 50014 Fiesole (FI).<\/p>\n<h3><a href=\"https:\/\/goo.gl\/forms\/vW7ONg1866dUrG5q2\" target=\"_blank\">La disponibilit\u00e0 \u00e8 limitata. Affrettati pre-iscrivendoti a questo link!<\/a><\/h3>\n<h2>Di cosa si parler\u00e0 durante il corso<\/h2>\n<p>Si parler\u00e0 di marketing e <strong>web-marketing<\/strong> nel Turismo Sostenibile, di destagionalizzazione e di<strong> disintermediazione<\/strong> (se esiste).<\/p>\n<p>Si analizzeranno i principali strumenti di green\u00a0<strong>marketing online<\/strong>, affrontando i passi importanti e gli errori da evitare.\u00a0Si parler\u00e0 di storytelling, di blog e di social media marketing,e delle principali strategie per promuovere online il proprio progetto di ospitalit\u00e0 e turismo sostenibile.\u00a0Si parler\u00e0 di email marketing, e degli strumenti utili per capire dove ottimizzare la propria promozione online.<\/p>\n<p>Si affronter\u00e0 il tema dell\u2019impatto ambientale del turismo. Si parler\u00e0 di un <strong>turismo diverso<\/strong>, compatibile con le vocazioni dei luoghi, basato sulla creazione di esperienze uniche che possano essere vissute durante tutto l\u2019anno diventando veri e propri strumenti di marketing.<\/p>\n<p>Conosceremo da vicino il target degli <strong>eco-viaggiatori<\/strong>: quali sono le loro esigenze, aspettative e richieste. Si approfondir\u00e0 anche il tema del cicloturismo\u00a0e delle risposte che la ricettivit\u00e0 pu\u00f2 dare ai cicloturisti.\u00a0Si entrer\u00e0 cos\u00ec nel dettaglio delle <strong>buone pratiche<\/strong> da mettere in atto per rispondere alle richieste di turismo sostenibile e di ricettivit\u00e0 eco-compatibile, in rapida crescita. Si parler\u00e0 di <strong>certificazioni<\/strong> per la sostenibilit\u00e0.<\/p>\n<p>Infine ci si confronter\u00e0 sulle tematiche affrontate, attraverso casi studio ed esempi pratici. Tenteremo di definire insieme le regole d&#8217;oro per ospitare green.<\/p>\n<h2>Dove dormire<\/h2>\n<p>Per chi ha bisogno di un alloggio a Firenze, il <a href=\"https:\/\/ecobnb.it\/IT-firenze\/bed-breakfast\/b-b-la-martellina\/sL3jJ\" target=\"_blank\"><strong>B&amp;B La Martellina<\/strong><\/a>, che si trova a pochi\u00a0chilometri dal luogo del corso, ha ideato per l\u2019occasione tariffe speciali per i partecipanti del corso, disponibili fino al 30 Aprile:<\/p>\n<ul>\n<li>camera doppia uso singola con bagno condiviso: euro\u00a050 + tassa di soggiorno 1 euro a persona<\/li>\n<li>camera doppia con bagno condiviso:\u00a060 + tassa di soggiorno 1 euro a persona<\/li>\n<li>camera doppia con bagno privato: 80 + tassa di soggiorno 1 euro a persona<\/li>\n<\/ul>\n<p>Sono inclusi nel prezzo: la prima colazione a base di prodotti locali o biologici, le biciclette e il parcheggio privato. Il servizio di autobus, che porta direttamente al centro di Firenze parte a 200 mt dal B&amp;B ogni 15\/20 minuti.<\/p>\n<p>Per prenotare una camera potete <a href=\"https:\/\/ecobnb.it\/IT-firenze\/bed-breakfast\/b-b-la-martellina\/sL3jJ\" target=\"_blank\">inviare una richiesta di disponibilit\u00e0 seguendo questo link<\/a> e inserendo come riferimento: &#8220;Corso Ecobnb&#8221;.<\/p>\n<h2>Prezzo del corso<\/h2>\n<h4>Il contributo di adesione \u00e8 di 57 \u20ac IVA inclusa e comprende:<\/h4>\n<ul dir=\"ltr\">\n<li>pranzo iniziale;<\/li>\n<li>partecipazione al corso di Webmarketing e Turismo Sostenibile;<\/li>\n<li>coffee break;<\/li>\n<li>possibilit\u00e0 di portare con s\u00e9 un accompagnatore senza costi aggiuntivi<\/li>\n<li>slide del workshop;<\/li>\n<li>attestato di partecipazione;<\/li>\n<li>possibilit\u00e0 di aderire con una Membership Annuale ad Ecobnb\u00a0scalando l&#8217;importo gi\u00e0 pagato per il corso.<\/li>\n<\/ul>\n<h3><a href=\"https:\/\/goo.gl\/forms\/vW7ONg1866dUrG5q2\" target=\"_blank\">La disponibilit\u00e0 \u00e8 limitata. Affrettati pre-iscrivendoti a questo link!<\/a><\/h3>\n<h2>I relatori<\/h2>\n<p>Il principale relatore di questo corso sar\u00f2 io \ud83d\ude04. Per chi ancora non lo conoscesse bene, ecco un piccolo riassunto di chi sono:<br \/>\nMi chiamo <strong>Simone Riccardi<\/strong>, ho 40 anni, ho fondato \u201cViaggiVerdi\u201d 5 anni fa, ed Ecobnb 3 anni fa. Quello che inizialmente era un progetto per promuovere le ospitalit\u00e0 eco-sostenibili in Italia, oggi vanta <strong>un milione di utenti<\/strong> all\u2019anno, oltre tremila strutture ricettive eco-sostenibili in tutto il mondo e un\u2019audience social di oltre 40.000 follower reali in 5 diverse lingue (italiano, inglese, spagnolo, francese e tedesco), e ad oggi rappresenta il mio lavoro full time. Con Ecobnb collaboriamo con <strong>enti del turismo<\/strong> focalizzati sulla sostenibilit\u00e0 (Slovenia Green, Parco Adamello Brenta, Altipiani Cimbri), associazioni di turismo sostenibile (Alpine Pearls), aziende e brand (Lattebusche bio, Olio Zucchi, ecc.).\u00a0Ecobnb \u00e8 stato segnalato da Vanity Fair, Corriere della Sera, Il Fatto Quotidiano, Il Sole 24 Ore, La Repubblica. Sono stato invitato da <strong>Al Gore<\/strong> al \u201cClimate Change Reality training\u201d e ho partecipato ed eventi internazionali legati al mondo dei viaggi e del turismo sostenibile. Dopo aver studiato architettura ho conseguito un dottorato sui <strong>mondi online<\/strong> (la mia vera passione), e ho vinto una borsa Fulbright Best che mi ha portato per un anno in Silicon Valley dove ho studiato Business Management presso UCLA California. Mi sono formato soprattutto sul campo (dato che nel 2012, ahim\u00e8, i corsi sul turismo sostenibile e sul green marketing dovevano ancora essere inventati). Mi occupo anche di formazione da 5 anni e mi piace raccontare quello che so. E mi diverto a farlo.<\/p>\n<p>Tra gli speaker anche\u00a0<strong>Silvia Ombellini<\/strong>, esperta di turismo sostenibile, blogger, social media ed email marketing di Ecobnb. Silvia si occupa soprattutto dei contenuti e dello storytelling, \u00e8 capo-redattrice del Blog di Ecobnb e ha collaborato alla realizzazione del Progetto Europeo EcoDots.<\/p>\n<h2>Programma del\u00a0Corso<\/h2>\n<p>13.00 pranzo leggero, a base di prodotti locali e di stagione<\/p>\n<p>14.30 inizio workshop<\/p>\n<ul>\n<li>Turismo Sostenibile: trend e opportunit\u00e0 per destagionalizzare<\/li>\n<li>Ospitalit\u00e0 sostenibile<\/li>\n<\/ul>\n<p>Coffee Break (15 mins)<\/p>\n<ul>\n<li>Disintermediare? Web marketing e storytelling digitale<\/li>\n<li>Workshop: confronto e buone pratiche<\/li>\n<\/ul>\n<p>18.30 conclusione<\/p>\n<h2>Come aderire al corso<\/h2>\n<h3><a href=\"https:\/\/goo.gl\/forms\/vW7ONg1866dUrG5q2\" target=\"_blank\">La disponibilit\u00e0 \u00e8 limitata. Affrettati pre-iscrivendoti a questo link!<\/a><\/h3>\n<h2><\/h2>\n<p><img class=\"alignnone size-full wp-image-31370\" src=\"https:\/\/ecobnb.it\/blog\/app\/uploads\/sites\/2\/2018\/04\/Ecobnb-Trova-il-tuo-alloggio-Eco-Sostenibile-5.png\" alt=\"Riviste e testate che parlano di Ecobnb\" width=\"1274\" height=\"197\" srcset=\"https:\/\/ecobnb.it\/blog\/app\/uploads\/sites\/2\/2018\/04\/Ecobnb-Trova-il-tuo-alloggio-Eco-Sostenibile-5.png 1274w, https:\/\/ecobnb.it\/blog\/app\/uploads\/sites\/2\/2018\/04\/Ecobnb-Trova-il-tuo-alloggio-Eco-Sostenibile-5-536x83.png 536w, https:\/\/ecobnb.it\/blog\/app\/uploads\/sites\/2\/2018\/04\/Ecobnb-Trova-il-tuo-alloggio-Eco-Sostenibile-5-344x53.png 344w\" sizes=\"(max-width: 1274px) 100vw, 1274px\" \/><\/p>\n<h2>Qualcosa di pi\u00f9 su Ecobnb:<\/h2>\n<p>Ecobnb \u00e8 la community del Turismo Sostenibile, il punto di incontro tra viaggiatori responsabili e strutture ricettive che stanno investendo in un futuro migliore. Nel 2017 Ecobnb ha ricevuto il premio per l&#8217;Innovazione nel Turismo dall&#8217;<a href=\"https:\/\/ecobnb.it\/blog\/2017\/01\/unwto-awards-turismo-sostenibile\/\" target=\"_blank\">Organizzazione Mondiale del Turismo UNWTO<\/a>. Ad oggi Ecobnb conta centinaia di pubblicazioni su riviste e quotidiani, sia italiani e stranieri (<a href=\"https:\/\/ecobnb.it\/blog\/category\/stampa\/\" target=\"_blank\">a questo link<\/a> tutta la rassegna stampa), oltre 3 mila strutture ricettive eco-sostenibili coinvolte in oltre 30 diversi paesi europei, importanti <a href=\"https:\/\/ecobnb.it\/blog\/partner\/\" target=\"_blank\">partners<\/a> italiani e internazionali. Ecobnb \u00e8\u00a0il principale\u00a0riferimento in Italia sul tema dell&#8217;ospitalit\u00e0 eco-sostenibile.<\/p>\n<p><iframe loading=\"lazy\" src=\"https:\/\/www.youtube.com\/embed\/Au1RewRlWxs?rel=0\" width=\"840\" height=\"490\" frameborder=\"0\" allowfullscreen=\"allowfullscreen\"><\/iframe><\/p>\n<h2>Scrivici<\/h2>\n<p>Se vuoi saperne di pi\u00f9 o hai bisogno di maggiori informazioni:\u00a0info@ecobnb.com<\/p>\n","protected":false},"excerpt":{"rendered":"<p>Come innovare la la\u00a0tua struttura ricettiva per adattarla alle esigenze dei viaggiatori responsabili? Vi aspettiamo in Toscana sul lungarno di Fiesole! Come promuovere la tua attivit\u00e0 turistica online in modo efficace? Cosa fare per ospitare sostenibile, innovare la\u00a0tua attivit\u00e0 ricettiva e destagionalizzare? Come adattare la\u00a0tua struttura ricettiva alle esigenze degli eco-viaggiatori?\u00a0Ecobnb propone un corso di [&hellip;]<\/p>\n","protected":false},"author":3,"featured_media":31237,"parent":16232,"menu_order":0,"comment_status":"closed","ping_status":"open","template":"","meta":[],"acf":[],"yoast_head":"<!-- This site is optimized with the Yoast SEO plugin v19.9 - https:\/\/yoast.com\/wordpress\/plugins\/seo\/ -->\n<title>Corso di web marketing per il Turismo Sostenibile<\/title>\n<meta name=\"description\" content=\"Come promuovere la tua attivit\u00e0 turistica sul web in modo efficace? Come innovare la la tua struttura ricettiva in modo green? Un corso in Toscana.\" \/>\n<meta name=\"robots\" content=\"index, follow, max-snippet:-1, max-image-preview:large, max-video-preview:-1\" \/>\n<link rel=\"canonical\" href=\"https:\/\/ecobnb.it\/blog\/eventi\/corso-web-marketing-turismo-sostenibile\/\" \/>\n<meta property=\"og:locale\" content=\"it_IT\" \/>\n<meta property=\"og:type\" content=\"article\" \/>\n<meta property=\"og:title\" content=\"Corso di web marketing per il Turismo Sostenibile\" \/>\n<meta property=\"og:description\" content=\"Come promuovere la tua attivit\u00e0 turistica sul web in modo efficace? Come innovare la la tua struttura ricettiva in modo green? Un corso in Toscana.\" \/>\n<meta property=\"og:url\" content=\"https:\/\/ecobnb.it\/blog\/eventi\/corso-web-marketing-turismo-sostenibile\/\" \/>\n<meta property=\"og:site_name\" content=\"Ecobnb\" \/>\n<meta property=\"article:publisher\" content=\"https:\/\/www.facebook.com\/viaggiverdi\" \/>\n<meta property=\"article:modified_time\" content=\"2018-05-07T08:27:31+00:00\" \/>\n<meta property=\"og:image\" content=\"https:\/\/ecobnb.it\/blog\/app\/uploads\/sites\/2\/2018\/04\/workshop-Firenze.jpg\" \/>\n\t<meta property=\"og:image:width\" content=\"1170\" \/>\n\t<meta property=\"og:image:height\" content=\"490\" \/>\n\t<meta property=\"og:image:type\" content=\"image\/jpeg\" \/>\n<meta name=\"twitter:label1\" content=\"Est. reading time\" \/>\n\t<meta name=\"twitter:data1\" content=\"7 minutes\" \/>\n<!-- \/ Yoast SEO plugin. -->","yoast_head_json":{"title":"Corso di web marketing per il Turismo Sostenibile","description":"Come promuovere la tua attivit\u00e0 turistica sul web in modo efficace? Come innovare la la tua struttura ricettiva in modo green? Un corso in Toscana.","robots":{"index":"index","follow":"follow","max-snippet":"max-snippet:-1","max-image-preview":"max-image-preview:large","max-video-preview":"max-video-preview:-1"},"canonical":"https:\/\/ecobnb.it\/blog\/eventi\/corso-web-marketing-turismo-sostenibile\/","og_locale":"it_IT","og_type":"article","og_title":"Corso di web marketing per il Turismo Sostenibile","og_description":"Come promuovere la tua attivit\u00e0 turistica sul web in modo efficace? Come innovare la la tua struttura ricettiva in modo green? Un corso in Toscana.","og_url":"https:\/\/ecobnb.it\/blog\/eventi\/corso-web-marketing-turismo-sostenibile\/","og_site_name":"Ecobnb","article_publisher":"https:\/\/www.facebook.com\/viaggiverdi","article_modified_time":"2018-05-07T08:27:31+00:00","og_image":[{"width":1170,"height":490,"url":"https:\/\/ecobnb.it\/blog\/app\/uploads\/sites\/2\/2018\/04\/workshop-Firenze.jpg","type":"image\/jpeg"}],"twitter_misc":{"Est. reading time":"7 minutes"},"schema":{"@context":"https:\/\/schema.org","@graph":[{"@type":"WebPage","@id":"https:\/\/ecobnb.it\/blog\/eventi\/corso-web-marketing-turismo-sostenibile\/","url":"https:\/\/ecobnb.it\/blog\/eventi\/corso-web-marketing-turismo-sostenibile\/","name":"Corso di web marketing per il Turismo Sostenibile","isPartOf":{"@id":"https:\/\/ecobnb.it\/blog\/#website"},"datePublished":"2018-04-18T18:34:33+00:00","dateModified":"2018-05-07T08:27:31+00:00","description":"Come promuovere la tua attivit\u00e0 turistica sul web in modo efficace? Come innovare la la tua struttura ricettiva in modo green? Un corso in Toscana.","breadcrumb":{"@id":"https:\/\/ecobnb.it\/blog\/eventi\/corso-web-marketing-turismo-sostenibile\/#breadcrumb"},"inLanguage":"it-IT","potentialAction":[{"@type":"ReadAction","target":["https:\/\/ecobnb.it\/blog\/eventi\/corso-web-marketing-turismo-sostenibile\/"]}]},{"@type":"BreadcrumbList","@id":"https:\/\/ecobnb.it\/blog\/eventi\/corso-web-marketing-turismo-sostenibile\/#breadcrumb","itemListElement":[{"@type":"ListItem","position":1,"name":"Ecobnb Green Accademy: Eventi Formativi, workshop e Incontri","item":"https:\/\/ecobnb.it\/blog\/eventi\/"},{"@type":"ListItem","position":2,"name":"Corso di Webmarketing per il Turismo Sostenibile"}]},{"@type":"WebSite","@id":"https:\/\/ecobnb.it\/blog\/#website","url":"https:\/\/ecobnb.it\/blog\/","name":"Ecobnb","description":"Trova il tuo Alloggio Ecosostenibile","publisher":{"@id":"https:\/\/ecobnb.it\/blog\/#organization"},"potentialAction":[{"@type":"SearchAction","target":{"@type":"EntryPoint","urlTemplate":"https:\/\/ecobnb.it\/blog\/?s={search_term_string}"},"query-input":"required name=search_term_string"}],"inLanguage":"it-IT"},{"@type":"Organization","@id":"https:\/\/ecobnb.it\/blog\/#organization","name":"Ecobnb","url":"https:\/\/ecobnb.it\/blog\/","logo":{"@type":"ImageObject","inLanguage":"it-IT","@id":"https:\/\/ecobnb.it\/blog\/#\/schema\/logo\/image\/","url":"https:\/\/ecobnb.it\/blog\/app\/uploads\/sites\/2\/2016\/03\/logo_transparent_512x512.png","contentUrl":"https:\/\/ecobnb.it\/blog\/app\/uploads\/sites\/2\/2016\/03\/logo_transparent_512x512.png","width":512,"height":512,"caption":"Ecobnb"},"image":{"@id":"https:\/\/ecobnb.it\/blog\/#\/schema\/logo\/image\/"},"sameAs":["https:\/\/www.facebook.com\/viaggiverdi"]}]}},"_links":{"self":[{"href":"https:\/\/ecobnb.it\/blog\/wp-json\/wp\/v2\/pages\/30875"}],"collection":[{"href":"https:\/\/ecobnb.it\/blog\/wp-json\/wp\/v2\/pages"}],"about":[{"href":"https:\/\/ecobnb.it\/blog\/wp-json\/wp\/v2\/types\/page"}],"author":[{"embeddable":true,"href":"https:\/\/ecobnb.it\/blog\/wp-json\/wp\/v2\/users\/3"}],"replies":[{"embeddable":true,"href":"https:\/\/ecobnb.it\/blog\/wp-json\/wp\/v2\/comments?post=30875"}],"version-history":[{"count":18,"href":"https:\/\/ecobnb.it\/blog\/wp-json\/wp\/v2\/pages\/30875\/revisions"}],"predecessor-version":[{"id":31496,"href":"https:\/\/ecobnb.it\/blog\/wp-json\/wp\/v2\/pages\/30875\/revisions\/31496"}],"up":[{"embeddable":true,"href":"https:\/\/ecobnb.it\/blog\/wp-json\/wp\/v2\/pages\/16232"}],"wp:featuredmedia":[{"embeddable":true,"href":"https:\/\/ecobnb.it\/blog\/wp-json\/wp\/v2\/media\/31237"}],"wp:attachment":[{"href":"https:\/\/ecobnb.it\/blog\/wp-json\/wp\/v2\/media?parent=30875"}],"curies":[{"name":"wp","href":"https:\/\/api.w.org\/{rel}","templated":true}]}}