{"id":24786,"date":"2021-03-09T17:01:09","date_gmt":"2021-03-09T16:01:09","guid":{"rendered":"https:\/\/ecobnb.it\/blog\/?page_id=24786"},"modified":"2024-07-31T19:51:28","modified_gmt":"2024-07-31T17:51:28","slug":"partner-convenzionati","status":"publish","type":"page","link":"https:\/\/ecobnb.it\/blog\/partner-convenzionati\/","title":{"rendered":"Catalogo Fornitori Green Convenzionati"},"content":{"rendered":"<p><a href=\"https:\/\/ecobnb.it\/blog\/2020\/08\/eco-travel-crescita\/\" target=\"_blank\" rel=\"noopener\">Lo chiedono i viaggiatori<\/a> e anche il Pianeta: l&#8217;ospitalit\u00e0 turistica deve diventare\u00a0sempre pi\u00f9 <strong>eco-sostenibile<\/strong>.\u00a0Per aiutarti ad implementare i <strong><a href=\"https:\/\/ecobnb.it\/blog\/eco-requisiti-certificazione-green\/\" target=\"_blank\" rel=\"noopener\">requisiti di sostenibilit\u00e0<\/a><\/strong>\u00a0abbiamo creato questo <strong>catalogo<\/strong>, selezionato i migliori <strong>fornitori green<\/strong> in Italia e abbiamo chiesto loro un&#8217;offerta speciale\u00a0per la nostra community.<\/p>\n<p>Si tratta di realt\u00e0 di aziende che condividono il nostro impegno per rendere il mondo pi\u00f9 verde. Dall&#8217;energia pulita, ai prodotti biologici e naturali, dalla finanza etica, ai saponi ecologici&#8230; scegliendo i <strong>fornitori convenzionat<\/strong>i presenti nel catalogo di Ecobnb potrai <strong>migliorare la sostenibilit\u00e0 ambientale<\/strong>\u00a0della tua struttura ricettiva, e allo stesso tempo ricevere uno <strong>sconto <\/strong>sui tuoi acquisiti. Insieme possiamo contribuire a sostenere le imprese impegnate nell&#8217;<a href=\"https:\/\/ecobnb.it\/blog\/2019\/08\/consigli-acquisti-consapevoli\/\" target=\"_blank\" rel=\"noopener\"><strong>economia circolare<\/strong><\/a> e salvare il Pianeta.<\/p>\n<h2>I Partner Convenzionati di Ecobnb<\/h2>\n<div class=\"row\">\n<div class=\"span6\">\n<h2><\/h2>\n<\/div>\n<\/div>\n<hr \/>\n<div class=\"row\">\n<div class=\"span6\">\n<h2>\u00e8nostra<\/h2>\n<h3>Energia rinnovabile, sostenibile ed etica<\/h3>\n<p><strong>\u00e8nostra<\/strong> \u00e8 una cooperativa che produce e fornisce <strong>elettricit\u00e0 al 100% da fonti rinnovabili<\/strong>. Nata nel 2014, ad oggi la cooperativa conta oltre 10.000 soci, tra cooperatori e sovventori, accomunati dalla volont\u00e0 di <strong>mitigare la propria impronta ecologica<\/strong> mediante scelte consapevoli, ridurre i propri consumi, utilizzare energia rinnovabile e condivisa, contribuendo cos\u00ec alla <strong>transizione energetica<\/strong> attraverso un approccio dal basso.<\/p>\n<p><strong>Vantaggi esclusivi per te<\/strong>: sconto sul prezzo energia per i primi 24 mesi di fornitura. L&#8217;<span style=\"color: initial;\">offerta SOLOVERDE IMPRESA prevede infatti la riduzione dello spread da 0,0095 \u20ac\/kWh a 0,0075\u20ac\/kWh.<\/span><\/p>\n<p><a href=\"https:\/\/www.enostra.it\/benefici-per-la-community-di-ecobnb\/\" target=\"_blank\" rel=\"noopener\"><strong>Accedi alla promozione<\/strong><\/a><\/p>\n<\/div>\n<div class=\"span6\">\n<h2><img class=\"aligntop size-medium wp-image-59074\" src=\"https:\/\/ecobnb.it\/blog\/app\/uploads\/sites\/2\/2021\/03\/enostra-energia-buona-536x536.jpg\" alt=\"\u00e8 nostra energia buona\" width=\"536\" height=\"536\" srcset=\"https:\/\/ecobnb.it\/blog\/app\/uploads\/sites\/2\/2021\/03\/enostra-energia-buona-536x536.jpg 536w, https:\/\/ecobnb.it\/blog\/app\/uploads\/sites\/2\/2021\/03\/enostra-energia-buona-768x768.jpg 768w, https:\/\/ecobnb.it\/blog\/app\/uploads\/sites\/2\/2021\/03\/enostra-energia-buona-344x344.jpg 344w, https:\/\/ecobnb.it\/blog\/app\/uploads\/sites\/2\/2021\/03\/enostra-energia-buona.jpg 1500w\" sizes=\"(max-width: 536px) 100vw, 536px\" \/><\/h2>\n<\/div>\n<\/div>\n<hr \/>\n<div class=\"row\">\n<div class=\"span6\"><span style=\"color: #333333;\"><img class=\"alignnone wp-image-59225 size-medium\" src=\"https:\/\/ecobnb.it\/blog\/app\/uploads\/sites\/2\/2021\/03\/eway-536x536.jpg\" alt=\"evway\" width=\"536\" height=\"536\" srcset=\"https:\/\/ecobnb.it\/blog\/app\/uploads\/sites\/2\/2021\/03\/eway-536x536.jpg 536w, https:\/\/ecobnb.it\/blog\/app\/uploads\/sites\/2\/2021\/03\/eway-768x768.jpg 768w, https:\/\/ecobnb.it\/blog\/app\/uploads\/sites\/2\/2021\/03\/eway-344x344.jpg 344w, https:\/\/ecobnb.it\/blog\/app\/uploads\/sites\/2\/2021\/03\/eway.jpg 1500w\" sizes=\"(max-width: 536px) 100vw, 536px\" \/><\/span><\/div>\n<div class=\"span6\">\n<h2>evway by\u00a0Route220<\/h2>\n<h3>Servizio Rivoluzionario e Completo per chi Guida Elettrico<\/h3>\n<p>evway migliora e valorizza la sosta di ricarica per chi viaggia in auto elettrica, promuovendo le attivit\u00e0 commerciali, le strutture ricettive e i territori che credono nella mobilit\u00e0 sostenibile. Il portale dedicato evway Travel Network permette a chi viaggia di trovare ed entrare direttamente in contatto con le strutture che offrono servizio di ricarica per veicoli elettrici.<\/p>\n<p><strong>Vantaggi esclusivi per te<\/strong>: 10% di sconto sul pacchetto Stazione+Servizi<\/p>\n<p><a href=\"https:\/\/evway.net\/partner_ecobnb\/\" target=\"_blank\" rel=\"noopener\"><strong>Accedi alla promozione<\/strong><\/a><\/p>\n<\/div>\n<\/div>\n<hr \/>\n<div class=\"row\">\n<div class=\"span6\">\n<h2>Officina Naturae<\/h2>\n<h3>Prodotti per la pulizia ecologici e cosmetici naturali<\/h3>\n<p>Officina naturae da oltre quindici anni produce detergenti e cosmetici certificati ICEA.<br \/>\n<strong>Ecologici ed efficaci<\/strong>, perfetti per coprire tutte le necessit\u00e0 di hotel e bed &amp;amp; breakfast.<br \/>\n<strong>Detergenti per tutte le superfici, detergenti per lavastoviglie professionali e per il<\/strong><br \/>\n<strong>bucato<\/strong>, tutti realizzati con materie prime naturali ed ecologiche. Inoltre cosmetici<br \/>\nnaturali, <strong>anche in formato ricarica o solidi<\/strong>, come bagnoschiuma, shampoo e saponi di<br \/>\nalta qualit\u00e0, biologici ed ecologici.<\/p>\n<p><strong>Vantaggi esclusivi per te<\/strong>: <a href=\"https:\/\/www.officinanaturae.com\/corporate\/fai-parte-della-community-di-ecobnb\/\" target=\"_blank\" rel=\"noopener\">sconto del 30% sui prodotti<\/a><\/p>\n<p><strong>Richiedi la promozione a\u00a0info@ecobnb.com<\/strong><\/p>\n<\/div>\n<div class=\"span6\"><span style=\"color: #333333;\"><img class=\"alignnone size-medium wp-image-59075\" src=\"https:\/\/ecobnb.it\/blog\/app\/uploads\/sites\/2\/2021\/03\/officina-naturae-536x536.jpg\" alt=\"officina naturae\" width=\"536\" height=\"536\" srcset=\"https:\/\/ecobnb.it\/blog\/app\/uploads\/sites\/2\/2021\/03\/officina-naturae-536x536.jpg 536w, https:\/\/ecobnb.it\/blog\/app\/uploads\/sites\/2\/2021\/03\/officina-naturae-768x768.jpg 768w, https:\/\/ecobnb.it\/blog\/app\/uploads\/sites\/2\/2021\/03\/officina-naturae-344x344.jpg 344w, https:\/\/ecobnb.it\/blog\/app\/uploads\/sites\/2\/2021\/03\/officina-naturae.jpg 1500w\" sizes=\"(max-width: 536px) 100vw, 536px\" \/><\/span><\/div>\n<div class=\"span6\"><\/div>\n<\/div>\n<div class=\"row\">\n<div class=\"span6\"><span style=\"color: #333333;\"><img class=\"alignnone wp-image-78528 size-medium\" src=\"https:\/\/ecobnb.it\/blog\/app\/uploads\/sites\/2\/2024\/03\/Arix-Pro-We-like-green-536x536.jpg\" alt=\"Arix Pro We like green\" width=\"536\" height=\"536\" srcset=\"https:\/\/ecobnb.it\/blog\/app\/uploads\/sites\/2\/2024\/03\/Arix-Pro-We-like-green-536x536.jpg 536w, https:\/\/ecobnb.it\/blog\/app\/uploads\/sites\/2\/2024\/03\/Arix-Pro-We-like-green-768x768.jpg 768w, https:\/\/ecobnb.it\/blog\/app\/uploads\/sites\/2\/2024\/03\/Arix-Pro-We-like-green-344x344.jpg 344w, https:\/\/ecobnb.it\/blog\/app\/uploads\/sites\/2\/2024\/03\/Arix-Pro-We-like-green.jpg 1500w\" sizes=\"(max-width: 536px) 100vw, 536px\" \/><\/span><\/div>\n<div class=\"span6\">\n<h2>Arix PRO We Like Green<\/h2>\n<h3>Prodotti per la pulizia riciclati e riciclabili<\/h3>\n<p><strong>Arix Professional<\/strong> progetta e realizza prodotti al servizio degli esperti del settore con tecnologie all\u2019avanguardia per creare soluzioni che semplifichino e velocizzino le <strong>pulizie professionali<\/strong>. I prodotti della linea <a href=\"https:\/\/arixprofessional.com\/prodotti\/?filter_brand-azienda=we-like-green-it&amp;query_type_brand-azienda=or\" target=\"_blank\" rel=\"noopener\"><strong>We Like Green<\/strong><\/a> utilizzano <strong>materiali riciclati<\/strong> e riciclabili per offrire il massimo della pulizia sostenibile, della qualit\u00e0 e dell\u2019efficacia. Tonkita We Like Green propone inoltre <strong>prodotti innovativi per le strutture alberghiere<\/strong> come il <a href=\"https:\/\/arixprofessional.com\/prodotti\/outdoor\/tonkita-pulisci-scarpe-scarponi-da-esterno\/\" target=\"_blank\" rel=\"noopener\">Tonkita Pulisci Scarpe e Scarponi<\/a>.<\/p>\n<p><strong>Vantaggi esclusivi per te<\/strong>: <a href=\"https:\/\/arixprofessional.com\/newsletter\/ecobnb\/\" target=\"_blank\" rel=\"noopener\">richiedi l&#8217;omaggio Arix Pro iscrivendoti alla loro newsletter<\/a><\/p>\n<\/div>\n<hr \/>\n<div class=\"row\">\n<div class=\"span6\"><\/div>\n<\/div>\n<p>Con queste convenzioni \u00e8 pi\u00f9 semplice rendere pi\u00f9 eco-sostenibile una struttura ricettiva: a prezzi vantaggiosi potrai acquistare <strong>alimenti<\/strong> <strong>biologici<\/strong>, <strong>saponi<\/strong> <strong>naturali<\/strong>, scegliere <strong>fornitori<\/strong> di <strong>energia<\/strong> <strong>pulita<\/strong> o attrezzare la tua struttura per la ricarica di <strong>veicoli<\/strong> <strong>elettrici<\/strong>. Cosa aspetti?<\/p>\n<h2>Sei un fornitore? Vuoi candidare la tua azienda tra i partner di Ecobnb?<\/h2>\n<p>Pensiamo che sia importante creare una community di persone che la pensano allo stesso modo, impegnate a\u00a0<strong>promuovere la sostenibilit\u00e0<\/strong>, che potrebbe includere anche la tua realt\u00e0. Unisciti a Ecobnb, promuovendo i tuoi prodotti o servizi green sul nostro catalogo. Entrando a far parte del catalogo di Ecobnb, raggiungerai la nostra community dedicata al turismo sostenibile e migliaia di strutture ricettive eco-friendly in pochi clic. Fai crescere la tua attivit\u00e0 e fatti trovare dalle persone giuste che adoreranno il tuo prodotto.<\/p>\n<h2><a href=\"https:\/\/forms.gle\/dHPBYepTkTki4Zp3A\" target=\"_blank\" rel=\"noopener\">Manda una richiesta per entrare nel nostro catalogo<\/a><\/h2>\n<\/div>\n","protected":false},"excerpt":{"rendered":"<p>Lo chiedono i viaggiatori e anche il Pianeta: l&#8217;ospitalit\u00e0 turistica deve diventare\u00a0sempre pi\u00f9 eco-sostenibile.\u00a0Per aiutarti ad implementare i requisiti di sostenibilit\u00e0\u00a0abbiamo creato questo catalogo, selezionato i migliori fornitori green in Italia e abbiamo chiesto loro un&#8217;offerta speciale\u00a0per la nostra community. Si tratta di realt\u00e0 di aziende che condividono il nostro impegno per rendere il mondo [&hellip;]<\/p>\n","protected":false},"author":33,"featured_media":59068,"parent":0,"menu_order":0,"comment_status":"closed","ping_status":"open","template":"page-nosidebar.php","meta":[],"acf":[],"yoast_head":"<!-- This site is optimized with the Yoast SEO plugin v19.9 - https:\/\/yoast.com\/wordpress\/plugins\/seo\/ -->\n<title>Catalogo Fornitori Green Convenzionati - Ecobnb<\/title>\n<meta name=\"description\" content=\"Nel catalogo dei fornitori green di Ecobnb scopri gli sconti e le convenzioni di cui puoi usufruire come struttura ricettiva che \u00e8 parte della community\" \/>\n<meta name=\"robots\" content=\"index, follow, max-snippet:-1, max-image-preview:large, max-video-preview:-1\" \/>\n<link rel=\"canonical\" href=\"https:\/\/ecobnb.it\/blog\/partner-convenzionati\/\" \/>\n<meta property=\"og:locale\" content=\"it_IT\" \/>\n<meta property=\"og:type\" content=\"article\" \/>\n<meta property=\"og:title\" content=\"Catalogo Fornitori Green Convenzionati - Ecobnb\" \/>\n<meta property=\"og:description\" content=\"Nel catalogo dei fornitori green di Ecobnb scopri gli sconti e le convenzioni di cui puoi usufruire come struttura ricettiva che \u00e8 parte della community\" \/>\n<meta property=\"og:url\" content=\"https:\/\/ecobnb.it\/blog\/partner-convenzionati\/\" \/>\n<meta property=\"og:site_name\" content=\"Ecobnb\" \/>\n<meta property=\"article:publisher\" content=\"https:\/\/www.facebook.com\/viaggiverdi\" \/>\n<meta property=\"article:modified_time\" content=\"2024-07-31T17:51:28+00:00\" \/>\n<meta property=\"og:image\" content=\"https:\/\/ecobnb.it\/blog\/app\/uploads\/sites\/2\/2021\/03\/Catalogo-Fornitori-Green-Ecobnb.jpg\" \/>\n\t<meta property=\"og:image:width\" content=\"1170\" \/>\n\t<meta property=\"og:image:height\" content=\"490\" \/>\n\t<meta property=\"og:image:type\" content=\"image\/jpeg\" \/>\n<meta name=\"twitter:label1\" content=\"Est. reading time\" \/>\n\t<meta name=\"twitter:data1\" content=\"5 minutes\" \/>\n<!-- \/ Yoast SEO plugin. -->","yoast_head_json":{"title":"Catalogo Fornitori Green Convenzionati - Ecobnb","description":"Nel catalogo dei fornitori green di Ecobnb scopri gli sconti e le convenzioni di cui puoi usufruire come struttura ricettiva che \u00e8 parte della community","robots":{"index":"index","follow":"follow","max-snippet":"max-snippet:-1","max-image-preview":"max-image-preview:large","max-video-preview":"max-video-preview:-1"},"canonical":"https:\/\/ecobnb.it\/blog\/partner-convenzionati\/","og_locale":"it_IT","og_type":"article","og_title":"Catalogo Fornitori Green Convenzionati - Ecobnb","og_description":"Nel catalogo dei fornitori green di Ecobnb scopri gli sconti e le convenzioni di cui puoi usufruire come struttura ricettiva che \u00e8 parte della community","og_url":"https:\/\/ecobnb.it\/blog\/partner-convenzionati\/","og_site_name":"Ecobnb","article_publisher":"https:\/\/www.facebook.com\/viaggiverdi","article_modified_time":"2024-07-31T17:51:28+00:00","og_image":[{"width":1170,"height":490,"url":"https:\/\/ecobnb.it\/blog\/app\/uploads\/sites\/2\/2021\/03\/Catalogo-Fornitori-Green-Ecobnb.jpg","type":"image\/jpeg"}],"twitter_misc":{"Est. reading time":"5 minutes"},"schema":{"@context":"https:\/\/schema.org","@graph":[{"@type":"WebPage","@id":"https:\/\/ecobnb.it\/blog\/partner-convenzionati\/","url":"https:\/\/ecobnb.it\/blog\/partner-convenzionati\/","name":"Catalogo Fornitori Green Convenzionati - Ecobnb","isPartOf":{"@id":"https:\/\/ecobnb.it\/blog\/#website"},"datePublished":"2021-03-09T16:01:09+00:00","dateModified":"2024-07-31T17:51:28+00:00","description":"Nel catalogo dei fornitori green di Ecobnb scopri gli sconti e le convenzioni di cui puoi usufruire come struttura ricettiva che \u00e8 parte della community","inLanguage":"it-IT","potentialAction":[{"@type":"ReadAction","target":["https:\/\/ecobnb.it\/blog\/partner-convenzionati\/"]}]},{"@type":"WebSite","@id":"https:\/\/ecobnb.it\/blog\/#website","url":"https:\/\/ecobnb.it\/blog\/","name":"Ecobnb","description":"Trova il tuo Alloggio Ecosostenibile","publisher":{"@id":"https:\/\/ecobnb.it\/blog\/#organization"},"potentialAction":[{"@type":"SearchAction","target":{"@type":"EntryPoint","urlTemplate":"https:\/\/ecobnb.it\/blog\/?s={search_term_string}"},"query-input":"required name=search_term_string"}],"inLanguage":"it-IT"},{"@type":"Organization","@id":"https:\/\/ecobnb.it\/blog\/#organization","name":"Ecobnb","url":"https:\/\/ecobnb.it\/blog\/","logo":{"@type":"ImageObject","inLanguage":"it-IT","@id":"https:\/\/ecobnb.it\/blog\/#\/schema\/logo\/image\/","url":"https:\/\/ecobnb.it\/blog\/app\/uploads\/sites\/2\/2016\/03\/logo_transparent_512x512.png","contentUrl":"https:\/\/ecobnb.it\/blog\/app\/uploads\/sites\/2\/2016\/03\/logo_transparent_512x512.png","width":512,"height":512,"caption":"Ecobnb"},"image":{"@id":"https:\/\/ecobnb.it\/blog\/#\/schema\/logo\/image\/"},"sameAs":["https:\/\/www.facebook.com\/viaggiverdi"]}]}},"_links":{"self":[{"href":"https:\/\/ecobnb.it\/blog\/wp-json\/wp\/v2\/pages\/24786"}],"collection":[{"href":"https:\/\/ecobnb.it\/blog\/wp-json\/wp\/v2\/pages"}],"about":[{"href":"https:\/\/ecobnb.it\/blog\/wp-json\/wp\/v2\/types\/page"}],"author":[{"embeddable":true,"href":"https:\/\/ecobnb.it\/blog\/wp-json\/wp\/v2\/users\/33"}],"replies":[{"embeddable":true,"href":"https:\/\/ecobnb.it\/blog\/wp-json\/wp\/v2\/comments?post=24786"}],"version-history":[{"count":81,"href":"https:\/\/ecobnb.it\/blog\/wp-json\/wp\/v2\/pages\/24786\/revisions"}],"predecessor-version":[{"id":80572,"href":"https:\/\/ecobnb.it\/blog\/wp-json\/wp\/v2\/pages\/24786\/revisions\/80572"}],"wp:featuredmedia":[{"embeddable":true,"href":"https:\/\/ecobnb.it\/blog\/wp-json\/wp\/v2\/media\/59068"}],"wp:attachment":[{"href":"https:\/\/ecobnb.it\/blog\/wp-json\/wp\/v2\/media?parent=24786"}],"curies":[{"name":"wp","href":"https:\/\/api.w.org\/{rel}","templated":true}]}}