{"id":21369,"date":"2016-10-06T09:43:41","date_gmt":"2016-10-06T07:43:41","guid":{"rendered":"https:\/\/ecobnb.it\/blog\/?page_id=21369"},"modified":"2016-10-07T08:04:43","modified_gmt":"2016-10-07T06:04:43","slug":"viaggio-a-zero-emissioni","status":"publish","type":"page","link":"https:\/\/ecobnb.it\/blog\/eventi\/viaggio-a-zero-emissioni\/","title":{"rendered":"La sfida di oggi e il viaggio a zero emissioni"},"content":{"rendered":"<p>Il 2017 sar\u00e0 l&#8217;<strong>anno del Turismo Sostenibile<\/strong> e tra le sfide del nostro tempo c&#8217;\u00e8 sicuramente quella del viaggio a zero emissioni, della capacit\u00e0 di adottare stili di vita &#8220;green&#8221; anche in vacanza,\u00a0rispettosi dell&#8217;ambiente, dei luoghi e delle comunit\u00e0 locali.<\/p>\n<p>In occasione di <strong>Fa&#8217; la cosa giusta! Trento<\/strong>, la principale fiera dedicata agli stili di vita sostenibili parleremo di cambiamenti climatici, ecologia e di nuovi modi di viaggiare,\u00a0con questo <strong>evento culturale\u00a0gratuito<\/strong> e aperto a tutti. Ti aspettiamo!<\/p>\n<p>&nbsp;<\/p>\n<h2>2017 anno del turismo sostenibile: la sfida di oggi e il viaggio a zero emissioni<\/h2>\n<p><strong>Cambiamento climatico<\/strong> e rapporto tra uomo e <strong>natura<\/strong> implicano nuove sfide, e impongono stili di vita pi\u00f9 sostenibili, anche in viaggio. Ne parliamo con Andrea Merusi, autore del libro \u201c<em>La sfida di oggi: Il cambiamento climatico e il rapporto tra uomo e natura<\/em>\u201d, e con <strong>Simone Riccardi<\/strong>, co-fondatore di Ecobnb, la community del Turismo Sostenibile.<\/p>\n<p><strong>Quando:<\/strong> sabato\u00a029 ottobre 2016, h. 10.30<\/p>\n<p><strong>Dove:<\/strong> Fa&#8217; la cosa giusta! Trento, viale Briamasco, 2 &#8211; Trento.\u00a0<a href=\"http:\/\/www.trentinoarcobaleno.it\/come-arrivare-nel-modo-giusto\/\" target=\"_blank\">Come arrivare nel modo giusto<\/a><\/p>\n<p><strong>Come partecipare<\/strong>: L&#8217;evento \u00e8 gratuito <span style=\"color: #ff0000;\"><strong><a style=\"color: #ff0000;\" href=\"https:\/\/goo.gl\/forms\/Y3FuR17La9kY7JD02\" target=\"_blank\">pre-iscrivendoti online a questo link<\/a><\/strong><\/span><\/p>\n<p><img class=\"alignnone size-full wp-image-21524\" src=\"https:\/\/ecobnb.it\/blog\/app\/uploads\/sites\/2\/2016\/10\/LA-SFIDA-DI-OGGI-E-IL-VIAGGIO-A-zero-EMISSIONI-2.png\" alt=\"La sfida di oggi e il viaggio a zero emissioni, conferenza a fa' la cosa giusta! Trento\" width=\"1920\" height=\"1080\" srcset=\"https:\/\/ecobnb.it\/blog\/app\/uploads\/sites\/2\/2016\/10\/LA-SFIDA-DI-OGGI-E-IL-VIAGGIO-A-zero-EMISSIONI-2.png 1920w, https:\/\/ecobnb.it\/blog\/app\/uploads\/sites\/2\/2016\/10\/LA-SFIDA-DI-OGGI-E-IL-VIAGGIO-A-zero-EMISSIONI-2-536x302.png 536w, https:\/\/ecobnb.it\/blog\/app\/uploads\/sites\/2\/2016\/10\/LA-SFIDA-DI-OGGI-E-IL-VIAGGIO-A-zero-EMISSIONI-2-870x490.png 870w, https:\/\/ecobnb.it\/blog\/app\/uploads\/sites\/2\/2016\/10\/LA-SFIDA-DI-OGGI-E-IL-VIAGGIO-A-zero-EMISSIONI-2-570x320.png 570w, https:\/\/ecobnb.it\/blog\/app\/uploads\/sites\/2\/2016\/10\/LA-SFIDA-DI-OGGI-E-IL-VIAGGIO-A-zero-EMISSIONI-2-344x194.png 344w\" sizes=\"(max-width: 1920px) 100vw, 1920px\" \/><\/p>\n<h2>I Relatori:<\/h2>\n<h4>Andrea Merusi:<\/h4>\n<p>nato a Parma nel 1984, ha conseguito nel 2009 la laurea specialistica in Ecologia (Scienze Biologiche). Nel 2011 ha ottenuto il master di specializzazione in \u201cEsperto Ambientale\u201d e attualmente lavora nel campo dello sviluppo sostenibile aziendale seguendo la certificazione UN EN ISO 14001:2004 e le tematiche di sicurezza sul lavoro.\u00a0Dal dicembre 2014 \u00e8 membro dell\u2019Associazione Italiana Esperti Ambientali (ASS.IEA).\u00a0Appassionato di scrittura, gestisce un <a href=\"http:\/\/www.andreamerusi.com\" target=\"_blank\">blog personale<\/a> e ha scritto numerosi articoli di divulgazione scientifica e turismo responsabile per diverse riviste on-line (\u201cViaggiVerdi\u201d, \u201cGreenreport.it\u201d, \u201cInfopo.it\u201d, \u201cIl Punto Magazine\u201d, \u201cil Melograno\u201d).\u00a0Nel dicembre 2013 ha\u00a0fondato\u00a0un nuovo portale di informazione ambientale e culturale: \u201c<a href=\"http:\/\/www.iltaccuinodidarwin.com\" target=\"_blank\">il Taccuino di Darwin<\/a>\u201d, e nel 2015 ha pubblicato il libro &#8220;<a href=\"http:\/\/www.infinitoedizioni.it\/eprodotto.php?tid=167&amp;usd=3\" target=\"_blank\">La sfida di oggi. Il cambiamento climatico e il rapporto tra uomo e natura<\/a>&#8220;.<\/p>\n<h4>Simone Riccardi:<\/h4>\n<p>nato a Parma nel 1977, ha conseguito nel 2003 la laurea specialistica in Architettura e nel 2009 il Dottorato di Ricerca in Ingegneria sul tema delle citt\u00e0 online. Nel 2012 ha vinto una borsa di studio Fullbright Best e ha vissuto per un anno in California e Silicon Valley, dove ha studiato Business Menagement presso UCLA.\u00a0Ecologista da sempre e appassionato di\u00a0informatica, ha creato\u00a0<a href=\"https:\/\/www.youtube.com\/watch?v=BVTWCt3ic7E\" target=\"_blank\">ViaggiVerdi<\/a>, un progetto per promuovere il\u00a0Turismo Sostenibile in Italia, ed \u00e8 fondatore e CEO di <a href=\"https:\/\/ecobnb.it\" target=\"_blank\">Ecobnb<\/a>,\u00a0una piattaforma innovativa che mette in contatto viaggiatori consapevoli con ospitalit\u00e0 eco-sostenibili in tutto il mondo.<\/p>\n\n\t\t<style type=\"text\/css\">\n\t\t\t#gallery-1 {\n\t\t\t\tmargin: auto;\n\t\t\t}\n\t\t\t#gallery-1 .gallery-item {\n\t\t\t\tfloat: left;\n\t\t\t\tmargin-top: 10px;\n\t\t\t\ttext-align: center;\n\t\t\t\twidth: 50%;\n\t\t\t}\n\t\t\t#gallery-1 img {\n\t\t\t\tborder: 2px solid #cfcfcf;\n\t\t\t}\n\t\t\t#gallery-1 .gallery-caption {\n\t\t\t\tmargin-left: 0;\n\t\t\t}\n\t\t\t\/* see gallery_shortcode() in wp-includes\/media.php *\/\n\t\t<\/style>\n\t\t<div id='gallery-1' class='gallery galleryid-21369 gallery-columns-2 gallery-size-thumbnail'><dl class='gallery-item'>\n\t\t\t<dt class='gallery-icon landscape'>\n\t\t\t\t<a href='https:\/\/ecobnb.it\/blog\/eventi\/viaggio-a-zero-emissioni\/andrea-merusi\/#main'><img width=\"270\" height=\"200\" src=\"https:\/\/ecobnb.it\/blog\/app\/uploads\/sites\/2\/2016\/10\/andrea-merusi-270x200.jpg\" class=\"attachment-thumbnail size-thumbnail\" alt=\"Andrea Merusi\" aria-describedby=\"gallery-1-21521\" \/><\/a>\n\t\t\t<\/dt>\n\t\t\t\t<dd class='wp-caption-text gallery-caption' id='gallery-1-21521'>\n\t\t\t\tAndrea Merusi\n\t\t\t\t<\/dd><\/dl><dl class='gallery-item'>\n\t\t\t<dt class='gallery-icon landscape'>\n\t\t\t\t<a href='https:\/\/ecobnb.it\/blog\/eventi\/viaggio-a-zero-emissioni\/greenshot_2010-03-25_17-03-38\/#main'><img width=\"270\" height=\"200\" src=\"https:\/\/ecobnb.it\/blog\/app\/uploads\/sites\/2\/2016\/10\/greenshot_2010-03-25_17-03-38-270x200.jpg\" class=\"attachment-thumbnail size-thumbnail\" alt=\"Simone Riccardi\" aria-describedby=\"gallery-1-21520\" \/><\/a>\n\t\t\t<\/dt>\n\t\t\t\t<dd class='wp-caption-text gallery-caption' id='gallery-1-21520'>\n\t\t\t\tSimone Riccardi\n\t\t\t\t<\/dd><\/dl><br style=\"clear: both\" \/>\n\t\t<\/div>\n\n<h2><a href=\"https:\/\/goo.gl\/forms\/Y3FuR17La9kY7JD02\" target=\"_blank\">Iscriviti all&#8217;evento gratuitamente<\/a><\/h2>\n","protected":false},"excerpt":{"rendered":"<p>Il 2017 sar\u00e0 l&#8217;anno del Turismo Sostenibile e tra le sfide del nostro tempo c&#8217;\u00e8 sicuramente quella del viaggio a zero emissioni, della capacit\u00e0 di adottare stili di vita &#8220;green&#8221; anche in vacanza,\u00a0rispettosi dell&#8217;ambiente, dei luoghi e delle comunit\u00e0 locali. In occasione di Fa&#8217; la cosa giusta! Trento, la principale fiera dedicata agli stili di [&hellip;]<\/p>\n","protected":false},"author":3,"featured_media":21523,"parent":16232,"menu_order":0,"comment_status":"closed","ping_status":"open","template":"","meta":[],"acf":[],"yoast_head":"<!-- This site is optimized with the Yoast SEO plugin v19.9 - https:\/\/yoast.com\/wordpress\/plugins\/seo\/ -->\n<title>La sfida di oggi e il viaggio a zero emissioni - Ecobnb<\/title>\n<meta name=\"description\" content=\"La sfida di oggi e il viaggio a zero emissioni \u00e8 l&#039;evento culturale organizzato da Ecobnb la community del turismo sostenibile a Fa&#039; La Cosa Giusta! Trento\" \/>\n<meta name=\"robots\" content=\"index, follow, max-snippet:-1, max-image-preview:large, max-video-preview:-1\" \/>\n<link rel=\"canonical\" href=\"https:\/\/ecobnb.it\/blog\/eventi\/viaggio-a-zero-emissioni\/\" \/>\n<meta property=\"og:locale\" content=\"it_IT\" \/>\n<meta property=\"og:type\" content=\"article\" \/>\n<meta property=\"og:title\" content=\"La sfida di oggi e il viaggio a zero emissioni - Ecobnb\" \/>\n<meta property=\"og:description\" content=\"La sfida di oggi e il viaggio a zero emissioni \u00e8 l&#039;evento culturale organizzato da Ecobnb la community del turismo sostenibile a Fa&#039; La Cosa Giusta! Trento\" \/>\n<meta property=\"og:url\" content=\"https:\/\/ecobnb.it\/blog\/eventi\/viaggio-a-zero-emissioni\/\" \/>\n<meta property=\"og:site_name\" content=\"Ecobnb\" \/>\n<meta property=\"article:publisher\" content=\"https:\/\/www.facebook.com\/viaggiverdi\" \/>\n<meta property=\"article:modified_time\" content=\"2016-10-07T06:04:43+00:00\" \/>\n<meta property=\"og:image\" content=\"https:\/\/ecobnb.it\/blog\/app\/uploads\/sites\/2\/2016\/10\/LA-SFIDA-DI-OGGI-E-IL-VIAGGIO-A-zero-EMISSIONI-cover.png\" \/>\n\t<meta property=\"og:image:width\" content=\"1170\" \/>\n\t<meta property=\"og:image:height\" content=\"490\" \/>\n\t<meta property=\"og:image:type\" content=\"image\/png\" \/>\n<meta name=\"twitter:label1\" content=\"Est. reading time\" \/>\n\t<meta name=\"twitter:data1\" content=\"2 minutes\" \/>\n<!-- \/ Yoast SEO plugin. -->","yoast_head_json":{"title":"La sfida di oggi e il viaggio a zero emissioni - Ecobnb","description":"La sfida di oggi e il viaggio a zero emissioni \u00e8 l'evento culturale organizzato da Ecobnb la community del turismo sostenibile a Fa' La Cosa Giusta! Trento","robots":{"index":"index","follow":"follow","max-snippet":"max-snippet:-1","max-image-preview":"max-image-preview:large","max-video-preview":"max-video-preview:-1"},"canonical":"https:\/\/ecobnb.it\/blog\/eventi\/viaggio-a-zero-emissioni\/","og_locale":"it_IT","og_type":"article","og_title":"La sfida di oggi e il viaggio a zero emissioni - Ecobnb","og_description":"La sfida di oggi e il viaggio a zero emissioni \u00e8 l'evento culturale organizzato da Ecobnb la community del turismo sostenibile a Fa' La Cosa Giusta! Trento","og_url":"https:\/\/ecobnb.it\/blog\/eventi\/viaggio-a-zero-emissioni\/","og_site_name":"Ecobnb","article_publisher":"https:\/\/www.facebook.com\/viaggiverdi","article_modified_time":"2016-10-07T06:04:43+00:00","og_image":[{"width":1170,"height":490,"url":"https:\/\/ecobnb.it\/blog\/app\/uploads\/sites\/2\/2016\/10\/LA-SFIDA-DI-OGGI-E-IL-VIAGGIO-A-zero-EMISSIONI-cover.png","type":"image\/png"}],"twitter_misc":{"Est. reading time":"2 minutes"},"schema":{"@context":"https:\/\/schema.org","@graph":[{"@type":"WebPage","@id":"https:\/\/ecobnb.it\/blog\/eventi\/viaggio-a-zero-emissioni\/","url":"https:\/\/ecobnb.it\/blog\/eventi\/viaggio-a-zero-emissioni\/","name":"La sfida di oggi e il viaggio a zero emissioni - Ecobnb","isPartOf":{"@id":"https:\/\/ecobnb.it\/blog\/#website"},"datePublished":"2016-10-06T07:43:41+00:00","dateModified":"2016-10-07T06:04:43+00:00","description":"La sfida di oggi e il viaggio a zero emissioni \u00e8 l'evento culturale organizzato da Ecobnb la community del turismo sostenibile a Fa' La Cosa Giusta! Trento","breadcrumb":{"@id":"https:\/\/ecobnb.it\/blog\/eventi\/viaggio-a-zero-emissioni\/#breadcrumb"},"inLanguage":"it-IT","potentialAction":[{"@type":"ReadAction","target":["https:\/\/ecobnb.it\/blog\/eventi\/viaggio-a-zero-emissioni\/"]}]},{"@type":"BreadcrumbList","@id":"https:\/\/ecobnb.it\/blog\/eventi\/viaggio-a-zero-emissioni\/#breadcrumb","itemListElement":[{"@type":"ListItem","position":1,"name":"Ecobnb Green Accademy: Eventi Formativi, workshop e Incontri","item":"https:\/\/ecobnb.it\/blog\/eventi\/"},{"@type":"ListItem","position":2,"name":"La sfida di oggi e il viaggio a zero emissioni"}]},{"@type":"WebSite","@id":"https:\/\/ecobnb.it\/blog\/#website","url":"https:\/\/ecobnb.it\/blog\/","name":"Ecobnb","description":"Trova il tuo Alloggio Ecosostenibile","publisher":{"@id":"https:\/\/ecobnb.it\/blog\/#organization"},"potentialAction":[{"@type":"SearchAction","target":{"@type":"EntryPoint","urlTemplate":"https:\/\/ecobnb.it\/blog\/?s={search_term_string}"},"query-input":"required name=search_term_string"}],"inLanguage":"it-IT"},{"@type":"Organization","@id":"https:\/\/ecobnb.it\/blog\/#organization","name":"Ecobnb","url":"https:\/\/ecobnb.it\/blog\/","logo":{"@type":"ImageObject","inLanguage":"it-IT","@id":"https:\/\/ecobnb.it\/blog\/#\/schema\/logo\/image\/","url":"https:\/\/ecobnb.it\/blog\/app\/uploads\/sites\/2\/2016\/03\/logo_transparent_512x512.png","contentUrl":"https:\/\/ecobnb.it\/blog\/app\/uploads\/sites\/2\/2016\/03\/logo_transparent_512x512.png","width":512,"height":512,"caption":"Ecobnb"},"image":{"@id":"https:\/\/ecobnb.it\/blog\/#\/schema\/logo\/image\/"},"sameAs":["https:\/\/www.facebook.com\/viaggiverdi"]}]}},"_links":{"self":[{"href":"https:\/\/ecobnb.it\/blog\/wp-json\/wp\/v2\/pages\/21369"}],"collection":[{"href":"https:\/\/ecobnb.it\/blog\/wp-json\/wp\/v2\/pages"}],"about":[{"href":"https:\/\/ecobnb.it\/blog\/wp-json\/wp\/v2\/types\/page"}],"author":[{"embeddable":true,"href":"https:\/\/ecobnb.it\/blog\/wp-json\/wp\/v2\/users\/3"}],"replies":[{"embeddable":true,"href":"https:\/\/ecobnb.it\/blog\/wp-json\/wp\/v2\/comments?post=21369"}],"version-history":[{"count":9,"href":"https:\/\/ecobnb.it\/blog\/wp-json\/wp\/v2\/pages\/21369\/revisions"}],"predecessor-version":[{"id":21568,"href":"https:\/\/ecobnb.it\/blog\/wp-json\/wp\/v2\/pages\/21369\/revisions\/21568"}],"up":[{"embeddable":true,"href":"https:\/\/ecobnb.it\/blog\/wp-json\/wp\/v2\/pages\/16232"}],"wp:featuredmedia":[{"embeddable":true,"href":"https:\/\/ecobnb.it\/blog\/wp-json\/wp\/v2\/media\/21523"}],"wp:attachment":[{"href":"https:\/\/ecobnb.it\/blog\/wp-json\/wp\/v2\/media?parent=21369"}],"curies":[{"name":"wp","href":"https:\/\/api.w.org\/{rel}","templated":true}]}}