{"id":20719,"date":"2016-08-25T15:08:45","date_gmt":"2016-08-25T13:08:45","guid":{"rendered":"https:\/\/ecobnb.it\/blog\/?page_id=20719"},"modified":"2024-02-16T18:18:29","modified_gmt":"2024-02-16T17:18:29","slug":"termini-condizioni-utilizzo-voucher-coupon","status":"publish","type":"page","link":"https:\/\/ecobnb.it\/blog\/termini-condizioni-utilizzo-voucher-coupon\/","title":{"rendered":"Termini e Condizioni Utilizzo Coupon Voucher"},"content":{"rendered":"<p>Hai ricevuto un coupon o voucher di Ecobnb e non sai come utilizzarlo? Continua a leggere per approfondire i termini e condizioni di utilizzo nel dettaglio.<\/p>\n<h2>Come utilizzare il voucher \/ coupon di Ecobnb<\/h2>\n<h4>1.\u00a0Accedi alla pagina speciale che ti \u00e8 stata indicata e scegli dove vuoi andare!<\/h4>\n<p>Puoi scegliere il weekend pi\u00f9 adatto a te tra tutte le proposte che trovi in questa pagina, oppure selezionando una <strong>Regione<\/strong> italiana.<\/p>\n<h4>2. Precisa il numero di notti e il numero di ospiti per cui desideri chiedere disponibilit\u00e0.<\/h4>\n<p>Inserisci le date di check-in e check-out e il numero di ospiti per cui desideri chiedere disponibilit\u00e0. La prima notte \u00e8 gratuita per 2 persone e inclusa nel tuo voucher\u00a0regalo. In alcuni casi \u00e8 inclusa la prima colazione, in altri no, ma pu\u00f2 invece essere incluso un aperitivo di benvenuto. Se desideri rimanere pi\u00f9 notti (o viaggiare in pi\u00f9 persone) puoi farlo al prezzo speciale che ti indicher\u00e0 la struttura ricettiva.<\/p>\n<h4>3. Inserisci il codice premio<\/h4>\n<p>Digita nel modulo di richiesta il Codice premio univoco a 12 cifre che hai ricevuto via email.<\/p>\n<h4>4. Invia la tua richiesta<\/h4>\n<p>Invia la tua richiesta di disponibilit\u00e0\u00a0(riceverai una email di conferma dell&#8217;avvenuto invio), e attendi la risposta della struttura ricettiva. Solitamente la risposta positiva della struttura ricettiva avviene entro 24-48 ora dalla domanda. Se entro 24-48 ore non hai ricevuto risposta probabilmente la struttura non \u00e8 disponibile per quelle date. In questo caso di consigliamo di riprovare con altre strutture ricettive o con altre date.<\/p>\n<h4>5. Ricevi conferma e Prenota<\/h4>\n<p>Solo quando\u00a0la struttura ricettiva conferma\u00a0la disponibilit\u00e0, riceverai un&#8217;email con un messaggio e potrai\u00a0prenotare il tuo soggiorno\u00a0cliccando sul pulsante blu &#8220;Prenota&#8221; che trovi nell&#8217;email.<\/p>\n<p>Cliccando sul\u00a0pulsante &#8220;Prenota&#8221; confermerai la tua prenotazione e riceverai un messaggio email di conferma. A questo punto, il Codice del tuo Voucher non sar\u00e0 pi\u00f9 utilizzabile per altre prenotazioni.<\/p>\n<h4>6. Stampa il tuo messaggio di conferma e Parti!<\/h4>\n<p>Dopo aver cliccato sul pulsante &#8220;Prenota&#8221;, confermando cos\u00ec la tua prenotazione, riceverai un&#8217;email di conferma con le date di check-in e check-out, il numero di ospiti, e i contatti diretti della struttura ricettiva.<\/p>\n<p>Ti consigliamo di comunicare alla struttura ricettiva il tuo orario di arrivo e di controllare indirizzo e servizi offerti sulla pagina della struttura ricettiva.<\/p>\n<p>Ti consigliamo di salvare l&#8217;email di conferma del tuo viaggio sul tuo smartphone o tablet (oppure di stamparla) e di portarla con te, nel caso volessi mostrarla alla struttura ricettiva.<\/p>\n<p>Se fosse necessario, ricorda\u00a0alla struttura ricettiva che la notte per due persone verr\u00e0 pagata da Ecobnb.<\/p>\n<h2>Quando utilizzare il voucher:<\/h2>\n<p>Puoi utilizzare il tuo voucher, inserendo il codice Coupon ed inviando richieste di disponibilit\u00e0 online dalla pagina speciale di Ecobnb.<\/p>\n<p>Potrai <strong>usufruire del soggiorno entro la data di scadenza del coupon<\/strong>. Il Voucher non \u00e8 utilizzabile durante i ponti, le festivit\u00e0, luglio, agosto e l&#8217;alta stagione, e pu\u00f2 essere utilizzato previa disponibilit\u00e0 della struttura ricettiva.<\/p>\n<h2>Se non trovi il soggiorno adatto a te:<\/h2>\n<p>Se non dovessi trovare il soggiorno adatto alle tue esigenze, lo Staff di Ecobnb \u00e8 a disposizione per aiutarti. Ecco come fare:<\/p>\n<p style=\"text-align: left; padding-left: 30px;\">&#8211; scrivi un&#8217;email a <strong>coupon@ecobnb.com<\/strong> e precisa nel testo il tuo nome e cognome, il tuo &#8220;Codice&#8221; voucher, le date di check-in e check-out desiderate, la Regione o destinazione cercata.<\/p>\n<p style=\"text-align: left; padding-left: 30px;\">&#8211; Ecobnb ti risponder\u00e0 entro 72 ore indicandoti da 1 a 3 proposte di disponibilit\u00e0 per le date indicate.<\/p>\n<p style=\"text-align: left; padding-left: 30px;\">&#8211; Potrai confermare la tua proposta preferita, oppure chiedere una proposta alternativa, fino al massimo di 3 proposte.<\/p>\n<p>Inoltre, il nostro servizio di customer care via chat \u00e8 attivo sul sito: <a href=\"https:\/\/ecobnb.it\" target=\"_blank\" rel=\"noopener\">https:\/\/ecobnb.it<\/a>. Felicia potr\u00e0 aiutarti nel processo di prenotazione con il coupon, oppure rispondere ai tuoi dubbi e domande.<\/p>\n<h2>Notti extra o servizi aggiuntivi:<\/h2>\n<p>Eventuali <strong>notti extra oltre a quelle comprese nel voucher<\/strong>, persone aggiuntive oltre a quelle del voucher, servizi aggiuntivi diversi da quelli indicati nell&#8217;offerta delle strutture ricettive convenzionate verranno offerti ad un prezzo che sar\u00e0 indicato dalle strutture ricettive.<\/p>\n<p>Dopo aver inviato la tua richiesta di disponibilit\u00e0 riceverai la <strong>quotazione per le notti e\/o persone e\/o servizi extra<\/strong> da parte della struttura ricettiva, che indicher\u00e0 il costo nel campo &#8220;Prezzo Totale&#8221;, e potrai decidere se confermare o meno la tua prenotazione.<\/p>\n<h2>Tassa di Soggiorno:<\/h2>\n<p>La tassa di soggiorno (se richiesta) <strong>\u00e8 sempre a carico degli ospiti<\/strong> e dovr\u00e0 essere pagata in contanti presso la struttura ricettiva prima del check-out.<\/p>\n<h2>Orario di arrivo e partenza:<\/h2>\n<p>Gli orari di check-in e check-out variano a seconda delle strutture ricettive scelte. Ti consigliamo perci\u00f2 di concordare il tuo orario di arrivo con la struttura ricettiva scelta, una volta effettuata la prenotazione.<\/p>\n<h2>Cosa succede se non utilizzi il soggiorno premio:<\/h2>\n<p>Una volta confermata la prenotazione su Ecobnb, il Codice univoco si considera utilizzato e non pu\u00f2 perci\u00f2 essere riutilizzato per altre prenotazioni.<\/p>\n<p>Il premio si riterr\u00e0 automaticamente declinato nel caso in cui l\u2019avente diritto non si presentasse (<strong>no\u00a0show<\/strong>) presso la struttura scelta nella data prenotata.<\/p>\n<h2>Eco-sostenibilit\u00e0:<\/h2>\n<p>Tutte le strutture ricettive di Ecobnb sono selezionate secondo <strong>10 parametri di sostenibilit\u00e0 ambientale<\/strong>, che ne certificano l&#8217;impegno nel rispetto dell\u2019ambiente.<\/p>\n<p>Grazie alle attenzioni ambientali delle strutture ricettive,\u00a0che sono indicate e visibili sulla loro pagina, si evitano <strong>fino al 90% delle emissioni di CO2<\/strong>. Ecobnb misura <strong><a href=\"https:\/\/ecobnb.it\/blog\/risparmi-alberi-co2\/\" target=\"_blank\" rel=\"noopener\">quante emissioni di anidride carbonica vengono evitate<\/a><\/strong>, corrispondenti ad un numero di <strong>alberi salvati<\/strong>, grazie ai soggiorni eco-sostenibili.<\/p>\n<p>Alla fine del tuo soggiorno potrai lasciare una <strong>recensione<\/strong> sulla struttura ricettiva e\u00a0sulle caratteristiche di eco-sostenibilit\u00e0 che hai notato.<\/p>\n<h2>Tutela della Privacy:<\/h2>\n<p>Ai sensi del Dlgs 30 giugno 2003 n. 196, recante il \u201cCodice in materia di trattamento dei dati personali\u201d, Ecobnb in qualit\u00e0 di titolare del trattamento dei dati personali raccolti, informa che i dati saranno trattati anche con l&#8217;ausilio di mezzi informatici limitatamente alla gestione delle prenotazioni e verranno messi a disposizione delle strutture ricettive scelte e prenotate per il proprio soggiorno.<\/p>\n<h2>Responsabilit\u00e0:<\/h2>\n<p>Ecobnb\u00a0non si assume alcuna responsabilit\u00e0 per problemi di accesso,\u00a0impedimento, sovraccarico di rete, disfunzioni o difficolt\u00e0 riguardanti gli strumenti tecnici,\u00a0il computer, i cavi, l\u2019elettronica, il software e l\u2019hardware, la trasmissione e la connessione\u00a0compresa la linea telefonica che possano impedire a un concorrente di accedere al sito\u00a0Internet.<\/p>\n<p>Inoltre Ecobnb non si assume responsabilit\u00e0 per mancanza di disponibilit\u00e0 da parte delle strutture ricettive interessate, per il ritardo o la mancanza di risposta da parte delle strutture ricettive.<\/p>\n<p>L&#8217;utilizzo del Voucher comporta per il partecipante, l\u2019accettazione\u00a0integrale e incondizionata delle regole e delle clausole contenute nel presente regolamento,\u00a0senza limitazione alcuna.<\/p>\n","protected":false},"excerpt":{"rendered":"<p>Hai ricevuto un coupon o voucher di Ecobnb e non sai come utilizzarlo? Continua a leggere per approfondire i termini e condizioni di utilizzo nel dettaglio. Come utilizzare il voucher \/ coupon di Ecobnb 1.\u00a0Accedi alla pagina speciale che ti \u00e8 stata indicata e scegli dove vuoi andare! Puoi scegliere il weekend pi\u00f9 adatto a [&hellip;]<\/p>\n","protected":false},"author":3,"featured_media":77969,"parent":0,"menu_order":0,"comment_status":"closed","ping_status":"open","template":"","meta":[],"acf":[],"yoast_head":"<!-- This site is optimized with the Yoast SEO plugin v19.9 - https:\/\/yoast.com\/wordpress\/plugins\/seo\/ -->\n<title>Termini e Condizioni Utilizzo Coupon Voucher - Ecobnb<\/title>\n<meta name=\"description\" content=\"Leggi i termini e condizioni per l&#039;utilizzo del voucher coupon notte su Ecobnb, per prenotare il tuo soggiorno eco-friendly!\" \/>\n<meta name=\"robots\" content=\"index, nofollow, max-snippet:-1, max-image-preview:large, max-video-preview:-1\" \/>\n<link rel=\"canonical\" href=\"https:\/\/ecobnb.it\/blog\/termini-condizioni-utilizzo-voucher-coupon\/\" \/>\n<meta property=\"og:locale\" content=\"it_IT\" \/>\n<meta property=\"og:type\" content=\"article\" \/>\n<meta property=\"og:title\" content=\"Termini e Condizioni Utilizzo Coupon Voucher - Ecobnb\" \/>\n<meta property=\"og:description\" content=\"Leggi i termini e condizioni per l&#039;utilizzo del voucher coupon notte su Ecobnb, per prenotare il tuo soggiorno eco-friendly!\" \/>\n<meta property=\"og:url\" content=\"https:\/\/ecobnb.it\/blog\/termini-condizioni-utilizzo-voucher-coupon\/\" \/>\n<meta property=\"og:site_name\" content=\"Ecobnb\" \/>\n<meta property=\"article:publisher\" content=\"https:\/\/www.facebook.com\/viaggiverdi\" \/>\n<meta property=\"article:modified_time\" content=\"2024-02-16T17:18:29+00:00\" \/>\n<meta property=\"og:image\" content=\"https:\/\/ecobnb.it\/blog\/app\/uploads\/sites\/2\/2024\/02\/VOUCHER-coupon.jpg\" \/>\n\t<meta property=\"og:image:width\" content=\"1170\" \/>\n\t<meta property=\"og:image:height\" content=\"490\" \/>\n\t<meta property=\"og:image:type\" content=\"image\/jpeg\" \/>\n<meta name=\"twitter:label1\" content=\"Est. reading time\" \/>\n\t<meta name=\"twitter:data1\" content=\"6 minutes\" \/>\n<!-- \/ Yoast SEO plugin. -->","yoast_head_json":{"title":"Termini e Condizioni Utilizzo Coupon Voucher - Ecobnb","description":"Leggi i termini e condizioni per l'utilizzo del voucher coupon notte su Ecobnb, per prenotare il tuo soggiorno eco-friendly!","robots":{"index":"index","follow":"nofollow","max-snippet":"max-snippet:-1","max-image-preview":"max-image-preview:large","max-video-preview":"max-video-preview:-1"},"canonical":"https:\/\/ecobnb.it\/blog\/termini-condizioni-utilizzo-voucher-coupon\/","og_locale":"it_IT","og_type":"article","og_title":"Termini e Condizioni Utilizzo Coupon Voucher - Ecobnb","og_description":"Leggi i termini e condizioni per l'utilizzo del voucher coupon notte su Ecobnb, per prenotare il tuo soggiorno eco-friendly!","og_url":"https:\/\/ecobnb.it\/blog\/termini-condizioni-utilizzo-voucher-coupon\/","og_site_name":"Ecobnb","article_publisher":"https:\/\/www.facebook.com\/viaggiverdi","article_modified_time":"2024-02-16T17:18:29+00:00","og_image":[{"width":1170,"height":490,"url":"https:\/\/ecobnb.it\/blog\/app\/uploads\/sites\/2\/2024\/02\/VOUCHER-coupon.jpg","type":"image\/jpeg"}],"twitter_misc":{"Est. reading time":"6 minutes"},"schema":{"@context":"https:\/\/schema.org","@graph":[{"@type":"WebPage","@id":"https:\/\/ecobnb.it\/blog\/termini-condizioni-utilizzo-voucher-coupon\/","url":"https:\/\/ecobnb.it\/blog\/termini-condizioni-utilizzo-voucher-coupon\/","name":"Termini e Condizioni Utilizzo Coupon Voucher - Ecobnb","isPartOf":{"@id":"https:\/\/ecobnb.it\/blog\/#website"},"datePublished":"2016-08-25T13:08:45+00:00","dateModified":"2024-02-16T17:18:29+00:00","description":"Leggi i termini e condizioni per l'utilizzo del voucher coupon notte su Ecobnb, per prenotare il tuo soggiorno eco-friendly!","inLanguage":"it-IT","potentialAction":[{"@type":"ReadAction","target":["https:\/\/ecobnb.it\/blog\/termini-condizioni-utilizzo-voucher-coupon\/"]}]},{"@type":"WebSite","@id":"https:\/\/ecobnb.it\/blog\/#website","url":"https:\/\/ecobnb.it\/blog\/","name":"Ecobnb","description":"Trova il tuo Alloggio Ecosostenibile","publisher":{"@id":"https:\/\/ecobnb.it\/blog\/#organization"},"potentialAction":[{"@type":"SearchAction","target":{"@type":"EntryPoint","urlTemplate":"https:\/\/ecobnb.it\/blog\/?s={search_term_string}"},"query-input":"required name=search_term_string"}],"inLanguage":"it-IT"},{"@type":"Organization","@id":"https:\/\/ecobnb.it\/blog\/#organization","name":"Ecobnb","url":"https:\/\/ecobnb.it\/blog\/","logo":{"@type":"ImageObject","inLanguage":"it-IT","@id":"https:\/\/ecobnb.it\/blog\/#\/schema\/logo\/image\/","url":"https:\/\/ecobnb.it\/blog\/app\/uploads\/sites\/2\/2016\/03\/logo_transparent_512x512.png","contentUrl":"https:\/\/ecobnb.it\/blog\/app\/uploads\/sites\/2\/2016\/03\/logo_transparent_512x512.png","width":512,"height":512,"caption":"Ecobnb"},"image":{"@id":"https:\/\/ecobnb.it\/blog\/#\/schema\/logo\/image\/"},"sameAs":["https:\/\/www.facebook.com\/viaggiverdi"]}]}},"_links":{"self":[{"href":"https:\/\/ecobnb.it\/blog\/wp-json\/wp\/v2\/pages\/20719"}],"collection":[{"href":"https:\/\/ecobnb.it\/blog\/wp-json\/wp\/v2\/pages"}],"about":[{"href":"https:\/\/ecobnb.it\/blog\/wp-json\/wp\/v2\/types\/page"}],"author":[{"embeddable":true,"href":"https:\/\/ecobnb.it\/blog\/wp-json\/wp\/v2\/users\/3"}],"replies":[{"embeddable":true,"href":"https:\/\/ecobnb.it\/blog\/wp-json\/wp\/v2\/comments?post=20719"}],"version-history":[{"count":20,"href":"https:\/\/ecobnb.it\/blog\/wp-json\/wp\/v2\/pages\/20719\/revisions"}],"predecessor-version":[{"id":77968,"href":"https:\/\/ecobnb.it\/blog\/wp-json\/wp\/v2\/pages\/20719\/revisions\/77968"}],"wp:featuredmedia":[{"embeddable":true,"href":"https:\/\/ecobnb.it\/blog\/wp-json\/wp\/v2\/media\/77969"}],"wp:attachment":[{"href":"https:\/\/ecobnb.it\/blog\/wp-json\/wp\/v2\/media?parent=20719"}],"curies":[{"name":"wp","href":"https:\/\/api.w.org\/{rel}","templated":true}]}}