{"id":17752,"date":"2016-04-23T21:52:32","date_gmt":"2016-04-23T19:52:32","guid":{"rendered":"https:\/\/ecobnb.it\/blog\/?page_id=17752"},"modified":"2016-04-23T21:54:48","modified_gmt":"2016-04-23T19:54:48","slug":"innovazione-nellaccoglienza-turistica","status":"publish","type":"page","link":"https:\/\/ecobnb.it\/blog\/eventi\/innovazione-nellaccoglienza-turistica\/","title":{"rendered":"Innovazione nell&#8217;accoglienza turistica"},"content":{"rendered":"<h2>Gioved\u00ec 26 maggio 2016, 16.30<br \/>\nBologna, <a href=\"https:\/\/ecobnb.it\/IT-bologna\/hostel\/ostello-we-bologna\/CZwBf\" target=\"_blank\">We Bologna<\/a>, via de&#8217; Carracci 69\/14<\/h2>\n<p>Un seminario sul tema dell\u2019<strong>innovazione nell\u2019accoglienza turistica<\/strong>, organizzato nell&#8217;ambito di <a href=\"https:\/\/ecobnb.it\/blog\/2016\/04\/it-a-ca-festival-turismo-responsabile\/\" target=\"_blank\">It.a.c\u00e0, migranti e viaggiatori, Festival del Turismo Responsabile 2016.<\/a><\/p>\n<p>I modi di viaggiare sono in continua evoluzione cos\u00ec come le esigenze dei nuovi viaggiatori.<\/p>\n<p>Come il mondo dell&#8217;accoglienza pu\u00f2 adeguarsi e rispondere alla rinnovata attenzione dei &#8216;nuovi turisti&#8217;? Come innovare l&#8217;ospitalit\u00e0 rispetto ai temi della sostenibilit\u00e0, dell\u2019autenticit\u00e0 delle strutture ricettive, e dell&#8217;esperienza locale? Lo scopriremo attraverso i\u00a0punti di vista di\u00a0diversi esperti nel campo dell&#8217;accoglienza turistica.<\/p>\n<p>Partecipano alla tavola rotonda:<\/p>\n<ul>\n<li>Celso Scrilli, Presidente Bologna Welcome<\/li>\n<li>Andrea Cavanna, Amministratore Delegato We_ hostels<\/li>\n<li>Ercole Lega, Vicepresidente degli Alberghi Diffusi<\/li>\n<li>Michele Mutterle, Referente FIAB per Albergabici<\/li>\n<li>Simone Riccardi, co-fondatore di Ecobnb<\/li>\n<li>Graziano Consiglieri, Ecovillaggio Torri Superiore<\/li>\n<\/ul>\n<p>Modera Samanta Musar\u00f2 &#8211; IT.A.CA&#8217; festival del turismo responsabile.<\/p>\n<p>Seguir\u00e0 la\u00a0premiazione del contest <strong><a href=\"http:\/\/www.adottaunturista.org\" target=\"_blank\">Adotta un Turista<\/a><\/strong> e delle 3 proposte di ospitalit\u00e0 pi\u00f9 votate.<\/p>\n<p>Per concludere, Aperitivo gratuito e Concerto Gaj\u00e9.<\/p>\n<h3>La partecipazione \u00e8 gratuita e aperta a tutti, <strong><a href=\"https:\/\/docs.google.com\/forms\/d\/1_jadUmUlIywbluZS08kKf1vQDIg6Gbp_tcwjk-R3B9Q\/viewform?c=0&amp;w=1\" target=\"_blank\">previa iscrizione online<\/a><\/strong>.<\/h3>\n<p>Scopri tutti gli eventi del Festival It.a.c\u00e0:<\/p>\n<p><a href=\"https:\/\/ecobnb.it\/blog\/2016\/04\/it-a-ca-festival-turismo-responsabile\/\"><img class=\"alignnone wp-image-17737 size-full\" src=\"https:\/\/ecobnb.it\/blog\/app\/uploads\/sites\/2\/2016\/04\/ITACA_Festival.jpg\" alt=\"IT.A.CA' Festival del Turismo Responsabile\" width=\"1170\" height=\"490\" srcset=\"https:\/\/ecobnb.it\/blog\/app\/uploads\/sites\/2\/2016\/04\/ITACA_Festival.jpg 1170w, https:\/\/ecobnb.it\/blog\/app\/uploads\/sites\/2\/2016\/04\/ITACA_Festival-536x224.jpg 536w, https:\/\/ecobnb.it\/blog\/app\/uploads\/sites\/2\/2016\/04\/ITACA_Festival-344x144.jpg 344w\" sizes=\"(max-width: 1170px) 100vw, 1170px\" \/><\/a><\/p>\n","protected":false},"excerpt":{"rendered":"<p>Gioved\u00ec 26 maggio 2016, 16.30 Bologna, We Bologna, via de&#8217; Carracci 69\/14 Un seminario sul tema dell\u2019innovazione nell\u2019accoglienza turistica, organizzato nell&#8217;ambito di It.a.c\u00e0, migranti e viaggiatori, Festival del Turismo Responsabile 2016. I modi di viaggiare sono in continua evoluzione cos\u00ec come le esigenze dei nuovi viaggiatori. Come il mondo dell&#8217;accoglienza pu\u00f2 adeguarsi e rispondere alla [&hellip;]<\/p>\n","protected":false},"author":3,"featured_media":17751,"parent":16232,"menu_order":0,"comment_status":"closed","ping_status":"open","template":"","meta":[],"acf":[],"yoast_head":"<!-- This site is optimized with the Yoast SEO plugin v19.9 - https:\/\/yoast.com\/wordpress\/plugins\/seo\/ -->\n<title>Innovazione nell&#039;Accoglienza Turistica<\/title>\n<meta name=\"description\" content=\"Innovazione nell&#039;accoglienza turistica \u00e8 il tema del Seminario gratuito organizzato da Ecobnb con We_Bologna e It.a.c\u00e0 Festival del Turismo Responsabile\" \/>\n<meta name=\"robots\" content=\"index, follow, max-snippet:-1, max-image-preview:large, max-video-preview:-1\" \/>\n<link rel=\"canonical\" href=\"https:\/\/ecobnb.it\/blog\/eventi\/innovazione-nellaccoglienza-turistica\/\" \/>\n<meta property=\"og:locale\" content=\"it_IT\" \/>\n<meta property=\"og:type\" content=\"article\" \/>\n<meta property=\"og:title\" content=\"Innovazione nell&#039;Accoglienza Turistica\" \/>\n<meta property=\"og:description\" content=\"Innovazione nell&#039;accoglienza turistica \u00e8 il tema del Seminario gratuito organizzato da Ecobnb con We_Bologna e It.a.c\u00e0 Festival del Turismo Responsabile\" \/>\n<meta property=\"og:url\" content=\"https:\/\/ecobnb.it\/blog\/eventi\/innovazione-nellaccoglienza-turistica\/\" \/>\n<meta property=\"og:site_name\" content=\"Ecobnb\" \/>\n<meta property=\"article:publisher\" content=\"https:\/\/www.facebook.com\/viaggiverdi\" \/>\n<meta property=\"article:modified_time\" content=\"2016-04-23T19:54:48+00:00\" \/>\n<meta property=\"og:image\" content=\"https:\/\/ecobnb.it\/blog\/app\/uploads\/sites\/2\/2016\/04\/Gioved\u00ec-26-maggio-Bologna_cover.jpg\" \/>\n\t<meta property=\"og:image:width\" content=\"1170\" \/>\n\t<meta property=\"og:image:height\" content=\"433\" \/>\n\t<meta property=\"og:image:type\" content=\"image\/jpeg\" \/>\n<meta name=\"twitter:label1\" content=\"Est. reading time\" \/>\n\t<meta name=\"twitter:data1\" content=\"1 minute\" \/>\n<!-- \/ Yoast SEO plugin. -->","yoast_head_json":{"title":"Innovazione nell'Accoglienza Turistica","description":"Innovazione nell'accoglienza turistica \u00e8 il tema del Seminario gratuito organizzato da Ecobnb con We_Bologna e It.a.c\u00e0 Festival del Turismo Responsabile","robots":{"index":"index","follow":"follow","max-snippet":"max-snippet:-1","max-image-preview":"max-image-preview:large","max-video-preview":"max-video-preview:-1"},"canonical":"https:\/\/ecobnb.it\/blog\/eventi\/innovazione-nellaccoglienza-turistica\/","og_locale":"it_IT","og_type":"article","og_title":"Innovazione nell'Accoglienza Turistica","og_description":"Innovazione nell'accoglienza turistica \u00e8 il tema del Seminario gratuito organizzato da Ecobnb con We_Bologna e It.a.c\u00e0 Festival del Turismo Responsabile","og_url":"https:\/\/ecobnb.it\/blog\/eventi\/innovazione-nellaccoglienza-turistica\/","og_site_name":"Ecobnb","article_publisher":"https:\/\/www.facebook.com\/viaggiverdi","article_modified_time":"2016-04-23T19:54:48+00:00","og_image":[{"width":1170,"height":433,"url":"https:\/\/ecobnb.it\/blog\/app\/uploads\/sites\/2\/2016\/04\/Gioved\u00ec-26-maggio-Bologna_cover.jpg","type":"image\/jpeg"}],"twitter_misc":{"Est. reading time":"1 minute"},"schema":{"@context":"https:\/\/schema.org","@graph":[{"@type":"WebPage","@id":"https:\/\/ecobnb.it\/blog\/eventi\/innovazione-nellaccoglienza-turistica\/","url":"https:\/\/ecobnb.it\/blog\/eventi\/innovazione-nellaccoglienza-turistica\/","name":"Innovazione nell'Accoglienza Turistica","isPartOf":{"@id":"https:\/\/ecobnb.it\/blog\/#website"},"datePublished":"2016-04-23T19:52:32+00:00","dateModified":"2016-04-23T19:54:48+00:00","description":"Innovazione nell'accoglienza turistica \u00e8 il tema del Seminario gratuito organizzato da Ecobnb con We_Bologna e It.a.c\u00e0 Festival del Turismo Responsabile","breadcrumb":{"@id":"https:\/\/ecobnb.it\/blog\/eventi\/innovazione-nellaccoglienza-turistica\/#breadcrumb"},"inLanguage":"it-IT","potentialAction":[{"@type":"ReadAction","target":["https:\/\/ecobnb.it\/blog\/eventi\/innovazione-nellaccoglienza-turistica\/"]}]},{"@type":"BreadcrumbList","@id":"https:\/\/ecobnb.it\/blog\/eventi\/innovazione-nellaccoglienza-turistica\/#breadcrumb","itemListElement":[{"@type":"ListItem","position":1,"name":"Ecobnb Green Accademy: Eventi Formativi, workshop e Incontri","item":"https:\/\/ecobnb.it\/blog\/eventi\/"},{"@type":"ListItem","position":2,"name":"Innovazione nell&#8217;accoglienza turistica"}]},{"@type":"WebSite","@id":"https:\/\/ecobnb.it\/blog\/#website","url":"https:\/\/ecobnb.it\/blog\/","name":"Ecobnb","description":"Trova il tuo Alloggio Ecosostenibile","publisher":{"@id":"https:\/\/ecobnb.it\/blog\/#organization"},"potentialAction":[{"@type":"SearchAction","target":{"@type":"EntryPoint","urlTemplate":"https:\/\/ecobnb.it\/blog\/?s={search_term_string}"},"query-input":"required name=search_term_string"}],"inLanguage":"it-IT"},{"@type":"Organization","@id":"https:\/\/ecobnb.it\/blog\/#organization","name":"Ecobnb","url":"https:\/\/ecobnb.it\/blog\/","logo":{"@type":"ImageObject","inLanguage":"it-IT","@id":"https:\/\/ecobnb.it\/blog\/#\/schema\/logo\/image\/","url":"https:\/\/ecobnb.it\/blog\/app\/uploads\/sites\/2\/2016\/03\/logo_transparent_512x512.png","contentUrl":"https:\/\/ecobnb.it\/blog\/app\/uploads\/sites\/2\/2016\/03\/logo_transparent_512x512.png","width":512,"height":512,"caption":"Ecobnb"},"image":{"@id":"https:\/\/ecobnb.it\/blog\/#\/schema\/logo\/image\/"},"sameAs":["https:\/\/www.facebook.com\/viaggiverdi"]}]}},"_links":{"self":[{"href":"https:\/\/ecobnb.it\/blog\/wp-json\/wp\/v2\/pages\/17752"}],"collection":[{"href":"https:\/\/ecobnb.it\/blog\/wp-json\/wp\/v2\/pages"}],"about":[{"href":"https:\/\/ecobnb.it\/blog\/wp-json\/wp\/v2\/types\/page"}],"author":[{"embeddable":true,"href":"https:\/\/ecobnb.it\/blog\/wp-json\/wp\/v2\/users\/3"}],"replies":[{"embeddable":true,"href":"https:\/\/ecobnb.it\/blog\/wp-json\/wp\/v2\/comments?post=17752"}],"version-history":[{"count":4,"href":"https:\/\/ecobnb.it\/blog\/wp-json\/wp\/v2\/pages\/17752\/revisions"}],"predecessor-version":[{"id":17756,"href":"https:\/\/ecobnb.it\/blog\/wp-json\/wp\/v2\/pages\/17752\/revisions\/17756"}],"up":[{"embeddable":true,"href":"https:\/\/ecobnb.it\/blog\/wp-json\/wp\/v2\/pages\/16232"}],"wp:featuredmedia":[{"embeddable":true,"href":"https:\/\/ecobnb.it\/blog\/wp-json\/wp\/v2\/media\/17751"}],"wp:attachment":[{"href":"https:\/\/ecobnb.it\/blog\/wp-json\/wp\/v2\/media?parent=17752"}],"curies":[{"name":"wp","href":"https:\/\/api.w.org\/{rel}","templated":true}]}}