{"id":16603,"date":"2016-02-28T15:42:02","date_gmt":"2016-02-28T14:42:02","guid":{"rendered":"https:\/\/ecobnb.it\/blog\/?page_id=16603"},"modified":"2022-11-24T09:37:52","modified_gmt":"2022-11-24T08:37:52","slug":"premi","status":"publish","type":"page","link":"https:\/\/ecobnb.it\/blog\/premi\/","title":{"rendered":"Premi e Riconoscimenti"},"content":{"rendered":"<p>Il <strong>premio<\/strong> di gran lunga migliore che la vita possa dare \u00e8 la possibilit\u00e0 di gettarsi a capofitto su un <strong>lavoro che merita di essere fatto<\/strong> &#8211; scriveva\u00a0<strong>Theodore Roosevelt<\/strong>.<\/p>\n<p>Mi piace questa citazioni che spiega bene come a volte il premio sia il lavoro stesso e nient&#8217;altro.\u00a0Questo \u00e8 il caso di Ecobnb. Il riconoscimento pi\u00f9 importante che abbiamo finora ricevuto \u00e8 il nostro lavoro insieme ai\u00a0messaggi positivi dei viaggiatori e\u00a0di chi fa&#8217;\u00a0parte della community. Tutte quelle frasi e quei consigli che ci spingono a gettarci a capofitto nel nostro lavoro, a migliorare il progetto e a far crescere la piattaforma.<\/p>\n<p>Di seguito altri <strong>premi<\/strong> e riconoscimenti che ha ricevuto Ecobnb:<\/p>\n<p><img class=\"alignnone size-thumbnail wp-image-23056\" src=\"https:\/\/ecobnb.it\/blog\/app\/uploads\/sites\/2\/2016\/02\/ECOBNB-Awards-270x200.jpg\" alt=\"ECOBNB-Awards\" width=\"270\" height=\"200\" \/><\/p>\n<h4><a href=\"https:\/\/ecobnb.it\/blog\/2016\/12\/unwto-awards\/\" target=\"_blank\" rel=\"noopener\">UNWTO Awards<\/a><\/h4>\n<p>Ecobnb \u00e8 stata premiata come migliore impresa turistica innovativa dall&#8217;Organizzazione Mondiale del Turismo per il suo progetto sul turismo sostenibile.<\/p>\n<p><img class=\"alignnone wp-image-23060 size-thumbnail\" src=\"https:\/\/ecobnb.it\/blog\/app\/uploads\/sites\/2\/2016\/02\/best-accommodation-websites-270x200.png\" alt=\"best-accommodation-websites\" width=\"270\" height=\"200\" \/><\/p>\n<h4><a href=\"http:\/\/www.greenmatch.co.uk\/blog\/2016\/12\/best-green-accommodation-websites\" target=\"_blank\" rel=\"noopener\">Greenmatch &#8211; Miglior sito per cercare strutture ricettive green 2016<\/a><\/h4>\n<p>Ecobnb \u00e8 stato selezionato dal sito web inglese GreenMatch, dedicato all&#8217;energia pulita e alla sostenibilit\u00e0, tra i migliori siti per cercare e prenotare strutture ricettive eco-sostenibili.<\/p>\n<p><a href=\"https:\/\/ecobnb.it\/blog\/premi\/premio-ambiente-euregio\/\"><img class=\"alignnone wp-image-16618 size-thumbnail\" src=\"https:\/\/ecobnb.it\/blog\/app\/uploads\/sites\/2\/2016\/02\/15351434412800-Logo_UMWELTPREIS_2015.jpg_imagefullwide-270x200.jpg\" alt=\"Premio Ambiente Euregio 2015\" width=\"270\" height=\"200\" \/><\/a><\/p>\n<h4><a href=\"https:\/\/ecobnb.it\/blog\/premi\/premio-ambiente-euregio\/\" target=\"_blank\" rel=\"noopener\">Umweltpreiz &#8211; Premio Ambiente Euregio 2015<\/a><\/h4>\n<p>Ecobnb \u00e8 stato selezionato dagli esperti del prestigioso <strong>premio ambiente Euregio<\/strong> tra i migliori progetti che ci aiuteranno a vivere in modo pi\u00f9 rispettoso dell&#8217;ambiente.<\/p>\n<p><a href=\"https:\/\/ecobnb.it\/blog\/eventi\/expo-vivaio-delle-idee\/\"><img class=\"alignnone wp-image-13675 size-thumbnail\" src=\"https:\/\/ecobnb.it\/blog\/app\/uploads\/sites\/2\/2015\/09\/ECOBNB-A-EXPO-270x200.jpg\" alt=\"Ecobnb, la piattaforma del Turismo Sostenibile, uno dei progetti presentati al Vivaio delle Idee di Expo Milano 2015\" width=\"270\" height=\"200\" \/><\/a><\/p>\n<h4><a href=\"https:\/\/ecobnb.it\/blog\/eventi\/expo-vivaio-delle-idee\/\" target=\"_blank\" rel=\"noopener\">Vivaio delle Idee, Expo 2015<\/a><\/h4>\n<p>Ecobnb \u00e8 stato selezionato da <strong>Italia Camp<\/strong> tra i progetti innovativi italiani legati al tema della sostenibilit\u00e0, presentati al <strong>Vivaio delle Idee<\/strong>, nel Padiglione Italia di Expo Milano 2015.<\/p>\n<p><a href=\"http:\/\/www.trentinosviluppo.it\/en\/Principale\/Become_an_entrepreneur\/Tools\/Seed_Money\/Seed_Money.aspx\"><img class=\"alignnone wp-image-11504 size-thumbnail\" src=\"https:\/\/ecobnb.it\/blog\/app\/uploads\/sites\/2\/2013\/05\/seed-money-270x200.jpg\" alt=\"seed money\" width=\"270\" height=\"200\" \/><\/a><\/p>\n<h4><a href=\"http:\/\/www.trentinosviluppo.it\/en\/Principale\/Become_an_entrepreneur\/Tools\/Seed_Money\/Seed_Money.aspx\" target=\"_blank\" rel=\"noopener\">Seed Money &#8211; Sostegno alla creazione di imprese innovative &#8211; 2013<\/a><\/h4>\n<p>Ecobnb ha vinto il premio <strong>Seed Money 2013<\/strong>, il sostegno alla creazione di iniziative imprenditoriali della Provincia Autonoma di Trento.<\/p>\n<h4>Potrebbero interessarvi anche:<\/h4>\n<h4><a href=\"https:\/\/ecobnb.it\/blog\/media-kit-viaggiverdi-collaborazioni-numeri\/\" target=\"_blank\" rel=\"noopener\">Media Kit, collaborazioni e numeri<\/a><\/h4>\n<h4><a href=\"https:\/\/ecobnb.it\/blog\/eventi\/\" target=\"_blank\" rel=\"noopener\">Eventi e incontri<\/a><\/h4>\n","protected":false},"excerpt":{"rendered":"<p>Il premio di gran lunga migliore che la vita possa dare \u00e8 la possibilit\u00e0 di gettarsi a capofitto su un lavoro che merita di essere fatto &#8211; scriveva\u00a0Theodore Roosevelt. Mi piace questa citazioni che spiega bene come a volte il premio sia il lavoro stesso e nient&#8217;altro.\u00a0Questo \u00e8 il caso di Ecobnb. Il riconoscimento pi\u00f9 [&hellip;]<\/p>\n","protected":false},"author":3,"featured_media":23055,"parent":0,"menu_order":0,"comment_status":"closed","ping_status":"open","template":"","meta":[],"acf":[],"yoast_head":"<!-- This site is optimized with the Yoast SEO plugin v19.9 - https:\/\/yoast.com\/wordpress\/plugins\/seo\/ -->\n<title>Premi e Riconoscimenti - Ecobnb<\/title>\n<meta name=\"description\" content=\"I premi e i riconoscimenti che ha ricevuto finora Ecobnb, il network del turismo sostenibile in Europa: scoprili qui!\" \/>\n<meta name=\"robots\" content=\"index, follow, max-snippet:-1, max-image-preview:large, max-video-preview:-1\" \/>\n<link rel=\"canonical\" href=\"https:\/\/ecobnb.it\/blog\/premi\/\" \/>\n<meta property=\"og:locale\" content=\"it_IT\" \/>\n<meta property=\"og:type\" content=\"article\" \/>\n<meta property=\"og:title\" content=\"Premi e Riconoscimenti - Ecobnb\" \/>\n<meta property=\"og:description\" content=\"I premi e i riconoscimenti che ha ricevuto finora Ecobnb, il network del turismo sostenibile in Europa: scoprili qui!\" \/>\n<meta property=\"og:url\" content=\"https:\/\/ecobnb.it\/blog\/premi\/\" \/>\n<meta property=\"og:site_name\" content=\"Ecobnb\" \/>\n<meta property=\"article:publisher\" content=\"https:\/\/www.facebook.com\/viaggiverdi\" \/>\n<meta property=\"article:modified_time\" content=\"2022-11-24T08:37:52+00:00\" \/>\n<meta property=\"og:image\" content=\"https:\/\/ecobnb.it\/blog\/app\/uploads\/sites\/2\/2016\/02\/Pagina-premi-e-riconoscimenti-01.png\" \/>\n\t<meta property=\"og:image:width\" content=\"1170\" \/>\n\t<meta property=\"og:image:height\" content=\"490\" \/>\n\t<meta property=\"og:image:type\" content=\"image\/png\" \/>\n<meta name=\"twitter:label1\" content=\"Est. reading time\" \/>\n\t<meta name=\"twitter:data1\" content=\"3 minutes\" \/>\n<!-- \/ Yoast SEO plugin. -->","yoast_head_json":{"title":"Premi e Riconoscimenti - Ecobnb","description":"I premi e i riconoscimenti che ha ricevuto finora Ecobnb, il network del turismo sostenibile in Europa: scoprili qui!","robots":{"index":"index","follow":"follow","max-snippet":"max-snippet:-1","max-image-preview":"max-image-preview:large","max-video-preview":"max-video-preview:-1"},"canonical":"https:\/\/ecobnb.it\/blog\/premi\/","og_locale":"it_IT","og_type":"article","og_title":"Premi e Riconoscimenti - Ecobnb","og_description":"I premi e i riconoscimenti che ha ricevuto finora Ecobnb, il network del turismo sostenibile in Europa: scoprili qui!","og_url":"https:\/\/ecobnb.it\/blog\/premi\/","og_site_name":"Ecobnb","article_publisher":"https:\/\/www.facebook.com\/viaggiverdi","article_modified_time":"2022-11-24T08:37:52+00:00","og_image":[{"width":1170,"height":490,"url":"https:\/\/ecobnb.it\/blog\/app\/uploads\/sites\/2\/2016\/02\/Pagina-premi-e-riconoscimenti-01.png","type":"image\/png"}],"twitter_misc":{"Est. reading time":"3 minutes"},"schema":{"@context":"https:\/\/schema.org","@graph":[{"@type":"WebPage","@id":"https:\/\/ecobnb.it\/blog\/premi\/","url":"https:\/\/ecobnb.it\/blog\/premi\/","name":"Premi e Riconoscimenti - Ecobnb","isPartOf":{"@id":"https:\/\/ecobnb.it\/blog\/#website"},"datePublished":"2016-02-28T14:42:02+00:00","dateModified":"2022-11-24T08:37:52+00:00","description":"I premi e i riconoscimenti che ha ricevuto finora Ecobnb, il network del turismo sostenibile in Europa: scoprili qui!","inLanguage":"it-IT","potentialAction":[{"@type":"ReadAction","target":["https:\/\/ecobnb.it\/blog\/premi\/"]}]},{"@type":"WebSite","@id":"https:\/\/ecobnb.it\/blog\/#website","url":"https:\/\/ecobnb.it\/blog\/","name":"Ecobnb","description":"Trova il tuo Alloggio Ecosostenibile","publisher":{"@id":"https:\/\/ecobnb.it\/blog\/#organization"},"potentialAction":[{"@type":"SearchAction","target":{"@type":"EntryPoint","urlTemplate":"https:\/\/ecobnb.it\/blog\/?s={search_term_string}"},"query-input":"required name=search_term_string"}],"inLanguage":"it-IT"},{"@type":"Organization","@id":"https:\/\/ecobnb.it\/blog\/#organization","name":"Ecobnb","url":"https:\/\/ecobnb.it\/blog\/","logo":{"@type":"ImageObject","inLanguage":"it-IT","@id":"https:\/\/ecobnb.it\/blog\/#\/schema\/logo\/image\/","url":"https:\/\/ecobnb.it\/blog\/app\/uploads\/sites\/2\/2016\/03\/logo_transparent_512x512.png","contentUrl":"https:\/\/ecobnb.it\/blog\/app\/uploads\/sites\/2\/2016\/03\/logo_transparent_512x512.png","width":512,"height":512,"caption":"Ecobnb"},"image":{"@id":"https:\/\/ecobnb.it\/blog\/#\/schema\/logo\/image\/"},"sameAs":["https:\/\/www.facebook.com\/viaggiverdi"]}]}},"_links":{"self":[{"href":"https:\/\/ecobnb.it\/blog\/wp-json\/wp\/v2\/pages\/16603"}],"collection":[{"href":"https:\/\/ecobnb.it\/blog\/wp-json\/wp\/v2\/pages"}],"about":[{"href":"https:\/\/ecobnb.it\/blog\/wp-json\/wp\/v2\/types\/page"}],"author":[{"embeddable":true,"href":"https:\/\/ecobnb.it\/blog\/wp-json\/wp\/v2\/users\/3"}],"replies":[{"embeddable":true,"href":"https:\/\/ecobnb.it\/blog\/wp-json\/wp\/v2\/comments?post=16603"}],"version-history":[{"count":13,"href":"https:\/\/ecobnb.it\/blog\/wp-json\/wp\/v2\/pages\/16603\/revisions"}],"predecessor-version":[{"id":70826,"href":"https:\/\/ecobnb.it\/blog\/wp-json\/wp\/v2\/pages\/16603\/revisions\/70826"}],"wp:featuredmedia":[{"embeddable":true,"href":"https:\/\/ecobnb.it\/blog\/wp-json\/wp\/v2\/media\/23055"}],"wp:attachment":[{"href":"https:\/\/ecobnb.it\/blog\/wp-json\/wp\/v2\/media?parent=16603"}],"curies":[{"name":"wp","href":"https:\/\/api.w.org\/{rel}","templated":true}]}}