{"id":1646,"date":"2013-05-29T20:07:56","date_gmt":"2013-05-29T20:07:56","guid":{"rendered":"http:\/\/blog.viaggiverdi.org\/?page_id=1646"},"modified":"2025-11-10T12:53:47","modified_gmt":"2025-11-10T11:53:47","slug":"storia","status":"publish","type":"page","link":"https:\/\/ecobnb.it\/blog\/storia\/","title":{"rendered":"La nostra storia: come \u00e8 nata Ecobnb"},"content":{"rendered":"<h2>Come \u00e8 nata Ecobnb, l&#8217;avventura intrapresa per migliorare il modo di viaggiare, per rendere il turismo pi\u00f9 sostenibile, rispettoso dell&#8217;ambiente, dei luoghi e delle comunit\u00e0 locali. Qui vogliamo raccontarti la nostra storia, chi siamo e perch\u00e9 lo facciamo<\/h2>\n<p>Siamo Simone e Silvia, e nel 2013 abbiamo deciso di rivoluzionare le nostre vite creando <strong>Ecobnb: <\/strong>un luogo dove <strong>viaggiatori responsabili<\/strong> incontrano <strong>strutture eco-friendly<\/strong> che investono ogni giorno in un futuro migliore. Questa \u00e8 la storia di come un sogno personale si \u00e8 trasformato in un movimento globale per il viaggio sostenibile.<\/p>\n<p><span style=\"color: initial;\">Il progetto \u00e8 nato dal nostro <strong>percorso di vita:<\/strong>\u00a0gi\u00e0 impegnati in un gruppo di acquisto sostenibile, appassionati di bioarchitettura, biologico e zero waste, volevamo<strong> rendere possibili scelte migliori anche durante i nostri viaggi<\/strong>. <\/span><\/p>\n<div id=\"attachment_87360\" class=\"thumbnail alignnone\"><img class=\"wp-image-87360 size-full\" src=\"https:\/\/ecobnb.it\/blog\/app\/uploads\/sites\/2\/2025\/10\/Silvia-Simone-Ecobnb-Ecobnb-ok.jpg\" alt=\"Silvia e Simone Ecobnb\" width=\"1664\" height=\"1560\" srcset=\"https:\/\/ecobnb.it\/blog\/app\/uploads\/sites\/2\/2025\/10\/Silvia-Simone-Ecobnb-Ecobnb-ok.jpg 1664w, https:\/\/ecobnb.it\/blog\/app\/uploads\/sites\/2\/2025\/10\/Silvia-Simone-Ecobnb-Ecobnb-ok-536x503.jpg 536w, https:\/\/ecobnb.it\/blog\/app\/uploads\/sites\/2\/2025\/10\/Silvia-Simone-Ecobnb-Ecobnb-ok-768x720.jpg 768w, https:\/\/ecobnb.it\/blog\/app\/uploads\/sites\/2\/2025\/10\/Silvia-Simone-Ecobnb-Ecobnb-ok-1536x1440.jpg 1536w, https:\/\/ecobnb.it\/blog\/app\/uploads\/sites\/2\/2025\/10\/Silvia-Simone-Ecobnb-Ecobnb-ok-344x323.jpg 344w\" sizes=\"(max-width: 1664px) 100vw, 1664px\" \/><div class=\"caption\">Silvia e Simone, fondatori di Ecobnb. Silvia, grande amante della natura e dei viaggi, si occupa della comunicazione. Simone, appassionato di tecnologia e informatica, \u00e8 CEO di Ecobnb.<\/div><\/div>\n<h2>Il cambiamento parte da noi<\/h2>\n<p data-start=\"2051\" data-end=\"2232\">Ci siamo accorti che molte cose non stavano funzionando, e ignorarle non era pi\u00f9 un\u2019opzione. Cos\u00ec abbiamo deciso di <strong data-start=\"2167\" data-end=\"2190\">fare il primo passo<\/strong>, convinti che <strong>ogni piccolo gesto conta<\/strong> e pu\u00f2 fare la differenza. Da qui nasce il nostro impegno quotidiano: <strong>rendere il turismo pi\u00f9 sostenibile<\/strong>, gentile e <strong>rispettoso del pianeta<\/strong>.<\/p>\n<p data-start=\"2234\" data-end=\"2309\">Come diceva Gandhi:<br data-start=\"2253\" data-end=\"2256\" \/><strong data-start=\"2256\" data-end=\"2307\">\u201cSii il cambiamento che vuoi vedere nel mondo.\u201d<\/strong><\/p>\n<div class=\"embed-container\"><iframe loading=\"lazy\" title=\"ViaggiVerdi\" width=\"1170\" height=\"658\" src=\"https:\/\/www.youtube.com\/embed\/BVTWCt3ic7E?feature=oembed&#038;enablejsapi=1&#038;origin=https:\/\/ecobnb.it\" frameborder=\"0\" allow=\"accelerometer; autoplay; clipboard-write; encrypted-media; gyroscope; picture-in-picture; web-share\" referrerpolicy=\"strict-origin-when-cross-origin\" allowfullscreen><\/iframe><\/div>\n<h2>Dove tutto \u00e8 iniziato<\/h2>\n<p><img class=\"wp-image-78676 size-medium alignright\" src=\"https:\/\/ecobnb.it\/blog\/app\/uploads\/sites\/2\/2024\/03\/Screenshot-from-2024-03-27-09-15-23-e1711532446196-536x421.png\" alt=\"Simone Riccardi\" width=\"536\" height=\"421\" srcset=\"https:\/\/ecobnb.it\/blog\/app\/uploads\/sites\/2\/2024\/03\/Screenshot-from-2024-03-27-09-15-23-e1711532446196-536x421.png 536w, https:\/\/ecobnb.it\/blog\/app\/uploads\/sites\/2\/2024\/03\/Screenshot-from-2024-03-27-09-15-23-e1711532446196-768x603.png 768w, https:\/\/ecobnb.it\/blog\/app\/uploads\/sites\/2\/2024\/03\/Screenshot-from-2024-03-27-09-15-23-e1711532446196-344x270.png 344w, https:\/\/ecobnb.it\/blog\/app\/uploads\/sites\/2\/2024\/03\/Screenshot-from-2024-03-27-09-15-23-e1711532446196.png 1176w\" sizes=\"(max-width: 536px) 100vw, 536px\" \/><\/p>\n<blockquote><p>&#8220;Tutto \u00e8 cominciato con una ricerca frustrante: cercavo un <strong data-start=\"2529\" data-end=\"2553\">alloggio sostenibile<\/strong> per una conferenza a Potenza e, dopo ore di tentativi, l\u2019unica soluzione era un convento.<\/p>\n<p><span style=\"font-size: revert; color: initial;\">In quel momento ho capito che <\/span><strong style=\"font-size: revert; color: initial;\">mancava uno strumento per rendere il<\/strong> <strong style=\"font-size: revert; color: initial;\" data-start=\"2711\" data-end=\"2756\">turismo eco-friendly facile e accessibile<\/strong><span style=\"font-size: revert; color: initial;\">. <\/span><\/p>\n<p><span style=\"font-size: revert; color: initial;\">Qualche anno dopo, lavorando al sito dei Bed &amp; Breakfast di Parma, ho sperimentato un <\/span><strong style=\"font-size: revert; color: initial;\">criterio di ricerca legato all\u2019ecosostenibilit\u00e0:<\/strong><span style=\"font-size: revert; color: initial;\"> ha funzionato cos\u00ec bene che \u00e8 nata l\u2019idea di creare un portale per tutte le strutture eco-friendly in Italia. <\/span><\/p>\n<p><span style=\"font-size: revert; color: initial;\">Cos\u00ec, a fine maggio 2013, nasce <\/span><strong style=\"font-size: revert; color: initial;\" data-start=\"3041\" data-end=\"3059\">ViaggiVerdi<\/strong><span style=\"font-size: revert; color: initial;\">, che nel 2014 diventa <\/span><strong style=\"font-size: revert; color: initial;\" data-start=\"3082\" data-end=\"3092\">Ecobnb<\/strong><span style=\"font-size: revert; color: initial;\">. Oggi la nostra storia continua, ispirando migliaia di viaggiatori e strutture ricettive ad adottare <\/span><a style=\"font-size: revert;\" href=\"https:\/\/ecobnb.it\/blog\/eco-requisiti-certificazione-green\/\" target=\"_blank\" rel=\"noopener\">azioni concrete per ridurre la propria impronta ecologica<\/a><span style=\"font-size: revert; color: initial;\">. <\/span><\/p>\n<p><strong style=\"font-size: revert; color: initial;\" data-start=\"3301\" data-end=\"3324\">Partecipa anche tu:<\/strong><span style=\"font-size: revert; color: initial;\"> parlane agli amici, prenota il tuo soggiorno green o segnala strutture eco-friendly che conosci. Ogni piccolo gesto conta!&#8221;\u00a0 <\/span><\/p>\n<p><span style=\"font-size: revert; color: initial;\">Simone Riccardi, fondatore di Ecobnb<\/span><\/p><\/blockquote>\n<h2>Ecobnb oggi<\/h2>\n<div class=\"embed-container\"><iframe loading=\"lazy\" title=\"Ecobnb - the community of Sustainable Tourism\" width=\"1170\" height=\"658\" src=\"https:\/\/www.youtube.com\/embed\/Au1RewRlWxs?feature=oembed&#038;enablejsapi=1&#038;origin=https:\/\/ecobnb.it\" frameborder=\"0\" allow=\"accelerometer; autoplay; clipboard-write; encrypted-media; gyroscope; picture-in-picture; web-share\" referrerpolicy=\"strict-origin-when-cross-origin\" allowfullscreen><\/iframe><\/div>\n<p>Ecobnb \u00e8 <strong>il punto di riferimento per chi cerca alloggi eco-friendly<\/strong>, ma \u00e8 anche il posto giusto dove trovare ogni tipo di consiglio su:<\/p>\n<ul>\n<li><strong>Itinerari lenti<\/strong>, da percorrere a piedi, in bici o a cavallo,<\/li>\n<li><strong>Luoghi meno noti<\/strong> e <strong>pi\u00f9 autentici<\/strong>, da scoprire in modo sostenibile,<\/li>\n<li><strong>Viaggiare in modo pi\u00f9 consapevole<\/strong> e rispettoso del pianeta.<\/li>\n<\/ul>\n<p data-start=\"2657\" data-end=\"2885\">Il turismo \u00e8 tra le principali cause di inquinamento, ed Ecobnb \u00e8 nato per aiutare i viaggiatori consapevoli a trovare <strong data-start=\"3738\" data-end=\"3774\">piccole strutture ecosostenibili<\/strong>, portando visibilit\u00e0 a chi gi\u00e0 lavora con passione per un futuro migliore.\u00a0Con Ecobnb puoi prenotare facilmente ogni tipo di <strong data-start=\"3903\" data-end=\"3929\">soggiorno eco-friendly<\/strong>: agriturismi immersi nella natura, case sull\u2019albero, rifugi a zero emissioni o alberghi diffusi in antichi borghi.<\/p>\n<p data-start=\"4048\" data-end=\"4208\">Ogni soggiorno contribuisce a <a href=\"https:\/\/ecobnb.it\/blog\/alberi\/\" target=\"_blank\" rel=\"noopener\"><strong data-start=\"4078\" data-end=\"4125\">ridurre consumi, sprechi e emissioni di CO\u2082<\/strong><\/a>, fino a 8 kg per persona al giorno, l\u2019equivalente di <strong data-start=\"4179\" data-end=\"4202\">295 alberi piantati<\/strong>!<\/p>\n<h2 data-start=\"3151\" data-end=\"3365\">Crescita e progetti<\/h2>\n<div id=\"attachment_67000\" class=\"thumbnail alignnone\"><img class=\"wp-image-67000 size-full\" src=\"https:\/\/ecobnb.it\/blog\/app\/uploads\/sites\/2\/2022\/04\/untwo-2017-madrid.jpg\" alt=\"untwo 2017 madrid\" width=\"870\" height=\"490\" srcset=\"https:\/\/ecobnb.it\/blog\/app\/uploads\/sites\/2\/2022\/04\/untwo-2017-madrid.jpg 870w, https:\/\/ecobnb.it\/blog\/app\/uploads\/sites\/2\/2022\/04\/untwo-2017-madrid-536x302.jpg 536w, https:\/\/ecobnb.it\/blog\/app\/uploads\/sites\/2\/2022\/04\/untwo-2017-madrid-768x433.jpg 768w, https:\/\/ecobnb.it\/blog\/app\/uploads\/sites\/2\/2022\/04\/untwo-2017-madrid-570x320.jpg 570w, https:\/\/ecobnb.it\/blog\/app\/uploads\/sites\/2\/2022\/04\/untwo-2017-madrid-344x194.jpg 344w\" sizes=\"(max-width: 870px) 100vw, 870px\" \/><div class=\"caption\">La premiazione agli UNTWO AWARDS di Madrid, un momento importante della storia di Ecobnb<\/div><\/div>\n<p data-start=\"3402\" data-end=\"3625\"><span style=\"color: initial;\">Grazie al\u00a0<\/span><strong><a href=\"https:\/\/ecobnb.it\/blog\/2014\/05\/ecodots-unione-europea-turismo-sostenibile\/\" target=\"_blank\" rel=\"noopener\">progetto europeo EcoDots<\/a><\/strong><span style=\"color: initial;\">, Ecobnb ha potuto espandersi a livello internazionale, unendo ospitalit\u00e0 eco-friendly di oltre 60 paesi e allineando i criteri di sostenibilit\u00e0 alle principali certificazioni ambientali.<\/span><\/p>\n<p data-start=\"3627\" data-end=\"3830\">Nel 2017 l\u2019<strong data-start=\"3638\" data-end=\"3677\">Organizzazione Mondiale del Turismo<\/strong> ci ha premiato con l&#8217;<a href=\"https:\/\/ecobnb.it\/blog\/2017\/01\/unwto-awards-turismo-sostenibile\/\" target=\"_blank\" rel=\"noopener\">UNWTO Award<\/a> per l\u2019innovazione e la sostenibilit\u00e0, una tappa importante che ci ha spinto a continuare a innovare e a rafforzare la nostra community.<\/p>\n<p data-start=\"3832\" data-end=\"4099\">Durante la pandemia del 2020, mentre il turismo globale si fermava, \u00e8 cresciuta la consapevolezza di quanto il <a href=\"https:\/\/ecobnb.it\/blog\/2020\/04\/pandemie-cura-biodiversita\/\" target=\"_blank\" rel=\"noopener\">nostro benessere \u00e8 strettamente connesso a quello del pianeta<\/a>. Cos\u00ec, abbiamo continuato a supportare le strutture eco-friendly con <strong data-start=\"3962\" data-end=\"4026\">workshop, formazione online e un <a href=\"https:\/\/ecobnb.it\/blog\/partner-convenzionati\/\" target=\"_blank\" rel=\"noopener\">catalogo di fornitori green<\/a><\/strong>, trasformando una crisi in un\u2019opportunit\u00e0 di crescita e sostenibilit\u00e0.<\/p>\n<p data-start=\"4101\" data-end=\"4372\">Negli ultimi anni abbiamo lanciato <strong data-start=\"4136\" data-end=\"4171\">progetti concreti per la natura<\/strong>: piantumazioni di alberi autoctoni con agriturismi e contadini custodi, e la creazione di <a href=\"https:\/\/ecobnb.it\/blog\/2023\/07\/piantare-alberi-foreste-secolari\/\" target=\"_blank\" rel=\"noopener\"><strong data-start=\"4262\" data-end=\"4292\">foreste secolari in Italia<\/strong><\/a>, che i viaggiatori possono visitare e sostenere grazie alle <a href=\"https:\/\/ecobnb.it\/shop\" target=\"_blank\" rel=\"noopener\"><strong>gift card Ecobnb<\/strong><\/a>.<\/p>\n<div id=\"attachment_50060\" class=\"thumbnail alignnone\"><img class=\"wp-image-50060 size-large\" src=\"https:\/\/ecobnb.it\/blog\/app\/uploads\/sites\/2\/2020\/04\/biodiversit\u00e0-foreste-870x490.jpg\" alt=\"foreste biodiversit\u00e0\" width=\"870\" height=\"490\" srcset=\"https:\/\/ecobnb.it\/blog\/app\/uploads\/sites\/2\/2020\/04\/biodiversit\u00e0-foreste-870x490.jpg 870w, https:\/\/ecobnb.it\/blog\/app\/uploads\/sites\/2\/2020\/04\/biodiversit\u00e0-foreste-570x320.jpg 570w\" sizes=\"(max-width: 870px) 100vw, 870px\" \/><div class=\"caption\">foto via Canva PRO<\/div><\/div>\n<h2 data-start=\"4403\" data-end=\"4667\">Vieni con noi<\/h2>\n<p data-start=\"4403\" data-end=\"4667\">Con Ecobnb vogliamo dimostrare che <strong data-start=\"4438\" data-end=\"4472\">un turismo diverso \u00e8 possibile<\/strong>, fatto di rispetto per il pianeta e per chi lo abita.\u00a0<strong>Ogni scelta sostenibile<\/strong>, ogni viaggio consapevole, ogni struttura eco-friendly che visitiamo insieme \u00e8 un passo verso un mondo migliore.<\/p>\n<p data-start=\"4669\" data-end=\"4685\">Vieni con noi?<\/p>\n<p data-start=\"4669\" data-end=\"4685\">\n<p style=\"text-align: right;\" data-start=\"4669\" data-end=\"4685\"><em>Pagina aggiornata a settembre 2025<\/em><\/p>\n","protected":false},"excerpt":{"rendered":"<p>Come \u00e8 nata Ecobnb, l&#8217;avventura intrapresa per migliorare il modo di viaggiare, per rendere il turismo pi\u00f9 sostenibile, rispettoso dell&#8217;ambiente, dei luoghi e delle comunit\u00e0 locali. Qui vogliamo raccontarti la nostra storia, chi siamo e perch\u00e9 lo facciamo Siamo Simone e Silvia, e nel 2013 abbiamo deciso di rivoluzionare le nostre vite creando Ecobnb: un [&hellip;]<\/p>\n","protected":false},"author":3,"featured_media":66999,"parent":0,"menu_order":0,"comment_status":"closed","ping_status":"open","template":"page-nosidebar.php","meta":[],"acf":[],"yoast_head":"<!-- This site is optimized with the Yoast SEO plugin v19.9 - https:\/\/yoast.com\/wordpress\/plugins\/seo\/ -->\n<title>La Storia di Ecobnb: il nostro viaggio verso il turismo sostenibile<\/title>\n<meta name=\"description\" content=\"Scopri la storia di Ecobnb: come \u00e8 nata, dal sogno di Simone e Silvia, la pi\u00f9 grande community dedicata al turismo sostenibile\" \/>\n<meta name=\"robots\" content=\"index, follow, max-snippet:-1, max-image-preview:large, max-video-preview:-1\" \/>\n<link rel=\"canonical\" href=\"https:\/\/ecobnb.it\/blog\/storia\/\" \/>\n<meta property=\"og:locale\" content=\"it_IT\" \/>\n<meta property=\"og:type\" content=\"article\" \/>\n<meta property=\"og:title\" content=\"La Storia di Ecobnb: il nostro viaggio verso il turismo sostenibile\" \/>\n<meta property=\"og:description\" content=\"Scopri la storia di Ecobnb: come \u00e8 nata, dal sogno di Simone e Silvia, la pi\u00f9 grande community dedicata al turismo sostenibile\" \/>\n<meta property=\"og:url\" content=\"https:\/\/ecobnb.it\/blog\/storia\/\" \/>\n<meta property=\"og:site_name\" content=\"Ecobnb\" \/>\n<meta property=\"article:publisher\" content=\"https:\/\/www.facebook.com\/viaggiverdi\" \/>\n<meta property=\"article:modified_time\" content=\"2025-11-10T11:53:47+00:00\" \/>\n<meta property=\"og:image\" content=\"https:\/\/ecobnb.it\/blog\/app\/uploads\/sites\/2\/2022\/04\/la-storia-di-ecobnb.jpg\" \/>\n\t<meta property=\"og:image:width\" content=\"1170\" \/>\n\t<meta property=\"og:image:height\" content=\"490\" \/>\n\t<meta property=\"og:image:type\" content=\"image\/jpeg\" \/>\n<meta name=\"twitter:label1\" content=\"Est. reading time\" \/>\n\t<meta name=\"twitter:data1\" content=\"5 minutes\" \/>\n<!-- \/ Yoast SEO plugin. -->","yoast_head_json":{"title":"La Storia di Ecobnb: il nostro viaggio verso il turismo sostenibile","description":"Scopri la storia di Ecobnb: come \u00e8 nata, dal sogno di Simone e Silvia, la pi\u00f9 grande community dedicata al turismo sostenibile","robots":{"index":"index","follow":"follow","max-snippet":"max-snippet:-1","max-image-preview":"max-image-preview:large","max-video-preview":"max-video-preview:-1"},"canonical":"https:\/\/ecobnb.it\/blog\/storia\/","og_locale":"it_IT","og_type":"article","og_title":"La Storia di Ecobnb: il nostro viaggio verso il turismo sostenibile","og_description":"Scopri la storia di Ecobnb: come \u00e8 nata, dal sogno di Simone e Silvia, la pi\u00f9 grande community dedicata al turismo sostenibile","og_url":"https:\/\/ecobnb.it\/blog\/storia\/","og_site_name":"Ecobnb","article_publisher":"https:\/\/www.facebook.com\/viaggiverdi","article_modified_time":"2025-11-10T11:53:47+00:00","og_image":[{"width":1170,"height":490,"url":"https:\/\/ecobnb.it\/blog\/app\/uploads\/sites\/2\/2022\/04\/la-storia-di-ecobnb.jpg","type":"image\/jpeg"}],"twitter_misc":{"Est. reading time":"5 minutes"},"schema":{"@context":"https:\/\/schema.org","@graph":[{"@type":"WebPage","@id":"https:\/\/ecobnb.it\/blog\/storia\/","url":"https:\/\/ecobnb.it\/blog\/storia\/","name":"La Storia di Ecobnb: il nostro viaggio verso il turismo sostenibile","isPartOf":{"@id":"https:\/\/ecobnb.it\/blog\/#website"},"datePublished":"2013-05-29T20:07:56+00:00","dateModified":"2025-11-10T11:53:47+00:00","description":"Scopri la storia di Ecobnb: come \u00e8 nata, dal sogno di Simone e Silvia, la pi\u00f9 grande community dedicata al turismo sostenibile","inLanguage":"it-IT","potentialAction":[{"@type":"ReadAction","target":["https:\/\/ecobnb.it\/blog\/storia\/"]}]},{"@type":"WebSite","@id":"https:\/\/ecobnb.it\/blog\/#website","url":"https:\/\/ecobnb.it\/blog\/","name":"Ecobnb","description":"Trova il tuo Alloggio Ecosostenibile","publisher":{"@id":"https:\/\/ecobnb.it\/blog\/#organization"},"potentialAction":[{"@type":"SearchAction","target":{"@type":"EntryPoint","urlTemplate":"https:\/\/ecobnb.it\/blog\/?s={search_term_string}"},"query-input":"required name=search_term_string"}],"inLanguage":"it-IT"},{"@type":"Organization","@id":"https:\/\/ecobnb.it\/blog\/#organization","name":"Ecobnb","url":"https:\/\/ecobnb.it\/blog\/","logo":{"@type":"ImageObject","inLanguage":"it-IT","@id":"https:\/\/ecobnb.it\/blog\/#\/schema\/logo\/image\/","url":"https:\/\/ecobnb.it\/blog\/app\/uploads\/sites\/2\/2016\/03\/logo_transparent_512x512.png","contentUrl":"https:\/\/ecobnb.it\/blog\/app\/uploads\/sites\/2\/2016\/03\/logo_transparent_512x512.png","width":512,"height":512,"caption":"Ecobnb"},"image":{"@id":"https:\/\/ecobnb.it\/blog\/#\/schema\/logo\/image\/"},"sameAs":["https:\/\/www.facebook.com\/viaggiverdi"]}]}},"_links":{"self":[{"href":"https:\/\/ecobnb.it\/blog\/wp-json\/wp\/v2\/pages\/1646"}],"collection":[{"href":"https:\/\/ecobnb.it\/blog\/wp-json\/wp\/v2\/pages"}],"about":[{"href":"https:\/\/ecobnb.it\/blog\/wp-json\/wp\/v2\/types\/page"}],"author":[{"embeddable":true,"href":"https:\/\/ecobnb.it\/blog\/wp-json\/wp\/v2\/users\/3"}],"replies":[{"embeddable":true,"href":"https:\/\/ecobnb.it\/blog\/wp-json\/wp\/v2\/comments?post=1646"}],"version-history":[{"count":41,"href":"https:\/\/ecobnb.it\/blog\/wp-json\/wp\/v2\/pages\/1646\/revisions"}],"predecessor-version":[{"id":87796,"href":"https:\/\/ecobnb.it\/blog\/wp-json\/wp\/v2\/pages\/1646\/revisions\/87796"}],"wp:featuredmedia":[{"embeddable":true,"href":"https:\/\/ecobnb.it\/blog\/wp-json\/wp\/v2\/media\/66999"}],"wp:attachment":[{"href":"https:\/\/ecobnb.it\/blog\/wp-json\/wp\/v2\/media?parent=1646"}],"curies":[{"name":"wp","href":"https:\/\/api.w.org\/{rel}","templated":true}]}}