{"id":16259,"date":"2016-02-15T10:19:51","date_gmt":"2016-02-15T09:19:51","guid":{"rendered":"https:\/\/ecobnb.it\/blog\/?page_id=16259"},"modified":"2016-03-22T16:01:20","modified_gmt":"2016-03-22T15:01:20","slug":"sharing-economy-viaggio-sostenibile","status":"publish","type":"page","link":"https:\/\/ecobnb.it\/blog\/eventi\/sharing-economy-viaggio-sostenibile\/","title":{"rendered":"Il viaggio al tempo della sharing economy"},"content":{"rendered":"<p>La &#8216;<strong>Sharing Economy<\/strong>&#8216;, l\u2019economia della condivisione, sta rapidamente cambiando il nostro modo di vivere e di viaggiare. Il nuovo sistema economico basato sulla condivisione di beni e sulla fiducia tra le persone accorcia le distanze e rivoluziona il nostro modo di viaggiare, rendendolo anche pi\u00f9<strong> sostenibile<\/strong>. Da Adotta un Turista a <strong>Tribewanted<\/strong>, da Scambio Casa a WWOOF, scopriamo insieme nuovi modi di viaggiare che si permettono di risparmiare, ci regalano esperienze uniche di <strong>condivisione<\/strong>, e ci aiutano a scoprire la sostenibilit\u00e0.<\/p>\n<p><strong>Quando<\/strong>:\u00a0domenica 20 marzo 2016,\u00a0h.\u00a014.00-15.00<\/p>\n<p><strong>Dove<\/strong>:\u00a0piazza Viaggiatori viaggianti, <strong><a href=\"https:\/\/ecobnb.it\/speciale\/fa-la-cosa-giusta\" target=\"_blank\">Fa&#8217; la cosa giusta, Fieramilanocity, Milano<\/a><\/strong><\/p>\n<h4><\/h4>\n<h4>Abbiamo parlato\u00a0di:<\/h4>\n<h4>Sharing economy: come sta cambiando il nostro modo di viaggiare<\/h4>\n<p><strong><img class=\"alignleft wp-image-16246\" src=\"https:\/\/ecobnb.it\/blog\/app\/uploads\/sites\/2\/2016\/02\/simone-riccardi-ok-270x200.jpg\" alt=\"Simone Riccardi, Ecobnb\" width=\"173\" height=\"173\" srcset=\"https:\/\/ecobnb.it\/blog\/app\/uploads\/sites\/2\/2016\/02\/simone-riccardi-ok-536x536.jpg 536w, https:\/\/ecobnb.it\/blog\/app\/uploads\/sites\/2\/2016\/02\/simone-riccardi-ok-344x344.jpg 344w, https:\/\/ecobnb.it\/blog\/app\/uploads\/sites\/2\/2016\/02\/simone-riccardi-ok.jpg 1299w\" sizes=\"(max-width: 173px) 100vw, 173px\" \/>Simone Riccardi<\/strong>:\u00a0appassionato da sempre di nuove tecnologie, ho lavorato per pi\u00f9 di 10 anni lavoro nel web. Cercando una soluzione per rendere il nostro modo di viaggiare pi\u00f9 eco-sostenibile, quattro anni fa ho fondato il progetto ViaggiVerdi, che da un anno circa \u00e8 diventato Ecobnb.\u00a0<span style=\"line-height: 1.5;\">Ecobnb \u00e8 il punto di incontro tra viaggiatori responsabili e strutture ricettive che stanno investendo in un futuro migliore. Una community di oltre duemila ospitalit\u00e0 verdi in tutta Europa.<\/span><\/p>\n<p>&nbsp;<\/p>\n<p><!--more--><\/p>\n<h4>Le comunit\u00e0 eco-sostenibili di Tribewanted:\u00a0promuovere uno stile di vita alternativo tramite l&#8217;eco-turismo.<\/h4>\n<p><strong><img class=\"alignleft wp-image-16260\" src=\"https:\/\/ecobnb.it\/blog\/app\/uploads\/sites\/2\/2016\/02\/Bozotti-270x200.jpg\" alt=\"Filippo Bozotti, Tribewanted, la comunit\u00e0 dell'ecoturismo\" width=\"200\" height=\"133\" srcset=\"https:\/\/ecobnb.it\/blog\/app\/uploads\/sites\/2\/2016\/02\/Bozotti-536x357.jpg 536w, https:\/\/ecobnb.it\/blog\/app\/uploads\/sites\/2\/2016\/02\/Bozotti-344x229.jpg 344w\" sizes=\"(max-width: 200px) 100vw, 200px\" \/>Filippo Bozotti<\/strong>: nato a Binasco (MI), \u00e8 partito dall\u2019Italia a 11 anni. Ha vissuto in Francia, in Svizzera e a Boston dove si \u00e8 laureato dalla Boston University. Nel 2003 si \u00e8 trasferito a New York dove ha prodotto documentari sociali per 7 anni. Nel 2010 \u00e8 diventato socio di Tribewanted una cooperativa inglese che sviluppa comunit\u00e0 eco-sostenibili per eco-turismo. Nel 2012 Filippo \u00e8 tornato in Italia per lanciare il terzo progetto di Tribewanted a Monestevole, sulle colline umbre, dove vive tuttora. Nel 2014 \u00e8 diventato socio di Italia che Cambia, un giornale e mappa online che promuove solo le storie positive italiane. Nel 2015 ha lanciato un nuovo progetto di Tribewanted sull&#8217;isola di Gonubalabala, in Papua Nuova Guinea.<\/p>\n<p><!--more--><\/p>\n<h4>WWOOF e Adotta un Orto: quando la sharing economy arriva in fattoria<\/h4>\n<p><strong><img class=\"alignleft wp-image-16384\" src=\"https:\/\/ecobnb.it\/blog\/app\/uploads\/sites\/2\/2016\/02\/Irene_CascinaSantaBrera_small-270x200.jpg\" alt=\"Irene Cascina Santa Brera\" width=\"200\" height=\"159\" srcset=\"https:\/\/ecobnb.it\/blog\/app\/uploads\/sites\/2\/2016\/02\/Irene_CascinaSantaBrera_small-536x427.jpg 536w, https:\/\/ecobnb.it\/blog\/app\/uploads\/sites\/2\/2016\/02\/Irene_CascinaSantaBrera_small.jpg 622w, https:\/\/ecobnb.it\/blog\/app\/uploads\/sites\/2\/2016\/02\/Irene_CascinaSantaBrera_small-344x274.jpg 344w\" sizes=\"(max-width: 200px) 100vw, 200px\" \/>Irene di Carpegna<\/strong>: da oltre 15 anni ha intrapreso l\u2019attivit\u00e0 agricola e turistica eco-sostenibile di Cascina Santa Brera (San Giuliano Milanese, MI). Diplomata in permacultura (utilizzo sostenibile della terra) fa\u2019 parte dell\u2019associazione wwoof, rendendo possibili esperienze di condivisione della quotidianit\u00e0 rurale, \u00e8 stata stata premiata &#8220;supereroe dell\u2019ospitalit\u00e0 verde&#8221; da Ecobnb, e da qualche anno ha ideato e realizzato il progetto \u201cAdotta un Orto\u201d. E&#8217; cofondatrice della Scuola di Pratiche Sostenibili che organizza corsi di permacultura e di agricoltura organica rigenerativa e della Cooperativa Praticare il Futuro che si occupa di educazione alla responsabilit\u00e0 sociale e ambientale per bambini e famiglie.<\/p>\n<p>&nbsp;<\/p>\n<p><!--more--><\/p>\n<h4>Scambio Casa: quando la mia casa diventa tua<\/h4>\n<p><img class=\"alignleft size-full wp-image-16535\" src=\"https:\/\/ecobnb.it\/blog\/app\/uploads\/sites\/2\/2016\/02\/Cris-shooting3.jpg\" alt=\"Cristina Pagetti \" width=\"200\" height=\"133\" \/><strong>Cristina<\/strong> <strong>Pagetti<\/strong>:<strong>\u00a0<\/strong>laureata in Informatica presso l&#8217;Universit\u00e0 di Milano, ha scritto libri e articoli sul fenomeno Internet,\u00a0e da 15 anni \u00e8 la referente italiana dell&#8217;organizzazione internazionale ScambioCasa.com. Ha due figli,\u00a0che sono grandi viaggiatori come lei, vive in campagna con un cane e un gatto. Grazie alla sua esperienza come referente di ScambioCasa.com e come sua utilizzatrice, ha scritto \u00a0&#8220;La mia casa \u00e8 la tua&#8221;, uno studio internazionale sul pro\ufb01lo e sulle motivazioni di chi scambia casa.<\/p>\n<p>&nbsp;<\/p>\n<p><!--more--><\/p>\n<h2><\/h2>\n<h2>Viaggio e Sharing Economy, scarica le slide della conferenza:<\/h2>\n<p>Eravamo in tanti a <strong>Fa&#8217; la cosa giusta<\/strong>, a Milano, durante l&#8217;incontro &#8216;<em>Il viaggio al tempo della sharing-economy<\/em>&#8216;. Cos\u00ec tanti che le seggiole della Piazza Viaggiatori Viaggianti non bastavano.<\/p>\n\n\t\t<style type=\"text\/css\">\n\t\t\t#gallery-1 {\n\t\t\t\tmargin: auto;\n\t\t\t}\n\t\t\t#gallery-1 .gallery-item {\n\t\t\t\tfloat: left;\n\t\t\t\tmargin-top: 10px;\n\t\t\t\ttext-align: center;\n\t\t\t\twidth: 33%;\n\t\t\t}\n\t\t\t#gallery-1 img {\n\t\t\t\tborder: 2px solid #cfcfcf;\n\t\t\t}\n\t\t\t#gallery-1 .gallery-caption {\n\t\t\t\tmargin-left: 0;\n\t\t\t}\n\t\t\t\/* see gallery_shortcode() in wp-includes\/media.php *\/\n\t\t<\/style>\n\t\t<div id='gallery-1' class='gallery galleryid-16259 gallery-columns-3 gallery-size-thumbnail'><dl class='gallery-item'>\n\t\t\t<dt class='gallery-icon landscape'>\n\t\t\t\t<a href='https:\/\/ecobnb.it\/blog\/eventi\/sharing-economy-viaggio-sostenibile\/12670751_1706888619594940_8539889574347871878_n\/#main'><img width=\"270\" height=\"200\" src=\"https:\/\/ecobnb.it\/blog\/app\/uploads\/sites\/2\/2016\/02\/12670751_1706888619594940_8539889574347871878_n-270x200.jpg\" class=\"attachment-thumbnail size-thumbnail\" alt=\"Il viaggio al tempo della sharing economy - Ecobnb\" \/><\/a>\n\t\t\t<\/dt><\/dl><dl class='gallery-item'>\n\t\t\t<dt class='gallery-icon landscape'>\n\t\t\t\t<a href='https:\/\/ecobnb.it\/blog\/eventi\/sharing-economy-viaggio-sostenibile\/1463608_1706887922928343_7170783211310813534_n\/#main'><img width=\"270\" height=\"200\" src=\"https:\/\/ecobnb.it\/blog\/app\/uploads\/sites\/2\/2016\/02\/1463608_1706887922928343_7170783211310813534_n-270x200.jpg\" class=\"attachment-thumbnail size-thumbnail\" alt=\"Il viaggio al tempo della sharing economy - Ecobnb\" \/><\/a>\n\t\t\t<\/dt><\/dl><dl class='gallery-item'>\n\t\t\t<dt class='gallery-icon landscape'>\n\t\t\t\t<a href='https:\/\/ecobnb.it\/blog\/eventi\/sharing-economy-viaggio-sostenibile\/5956_1706887616261707_3556998618655870224_n\/#main'><img width=\"270\" height=\"200\" src=\"https:\/\/ecobnb.it\/blog\/app\/uploads\/sites\/2\/2016\/02\/5956_1706887616261707_3556998618655870224_n-270x200.jpg\" class=\"attachment-thumbnail size-thumbnail\" alt=\"Il viaggio al tempo della sharing economy - Ecobnb\" \/><\/a>\n\t\t\t<\/dt><\/dl><br style=\"clear: both\" \/>\n\t\t<\/div>\n\n<p>Se vi siete persi l&#8217;evento, o anche, se c&#8217;eravate ma volete rivedere\u00a0quello che \u00e8 stato detto, ecco le slide della conferenza:<\/p>\n<ul>\n<li>\n<h4><span style=\"color: #3366ff;\"><a style=\"color: #3366ff;\" href=\"https:\/\/ecobnb.it\/blog\/app\/uploads\/sites\/2\/2016\/02\/Il-Viaggio-al-tempo-della-sharing-Economy-Simone.pdf\">Il Viaggio al tempo della sharing Economy &#8211; Simone Riccardi<\/a><\/span><\/h4>\n<\/li>\n<li>\n<h4><span style=\"color: #3366ff;\"><a style=\"color: #3366ff;\" href=\"https:\/\/ecobnb.it\/blog\/app\/uploads\/sites\/2\/2016\/02\/Scambio-Casa-Cristina-Pagetti.pdf\">Scambio Casa &#8211; Cristina Pagetti<\/a><\/span><\/h4>\n<\/li>\n<li>Qui puoi vedere\u00a0un\u00a0video su\u00a0<strong><a href=\"https:\/\/ecobnb.it\/IT-perugia\/turismo-di-comunita\/tribewanted-monestevole\/mR4TX\" target=\"_blank\">Tribewanted<\/a><\/strong>, una comunit\u00e0 eco-sostenibile in Umbria,<strong>\u00a0<\/strong>presentato da <strong>Filippo Bozotti<\/strong> durante l&#8217;evento di domenica a Fa&#8217; la cosa giusta!<iframe loading=\"lazy\" src=\"https:\/\/www.youtube.com\/embed\/_MWzHXFj27k\" width=\"853\" height=\"480\" frameborder=\"0\" allowfullscreen=\"allowfullscreen\"><\/iframe><\/li>\n<li>Qui invece\u00a0un breve video su <strong><a href=\"https:\/\/ecobnb.it\/IT-milano\/agriturismo\/cascina-santa-brera\/PGt8P\" target=\"_blank\">Cascina Santa Brera<\/a><\/strong>, presentata da <strong>Irene di Carpegna<\/strong> durante l&#8217;incontro, che ci ha parlato anche del progetto WWOOF, e dell&#8217;iniziativa &#8216;Adotta un Orto&#8217;.<iframe loading=\"lazy\" src=\"https:\/\/www.youtube.com\/embed\/b0iEO7S2E2k\" width=\"853\" height=\"480\" frameborder=\"0\" allowfullscreen=\"allowfullscreen\"><\/iframe><\/li>\n<\/ul>\n<p style=\"line-height: 1.5;\">Per\u00a0rimanere aggiornati sulle prossime <strong>iniziative ed eventi<\/strong>,<strong>\u00a0<a href=\"https:\/\/www.facebook.com\/ecobnb.it\/\" target=\"_blank\">seguici sui social<\/a>!<\/strong><\/p>\n<h4 style=\"line-height: 1.5;\">Potrebbero interessarti anche:<\/h4>\n<h4 style=\"line-height: 1.5;\"><a href=\"https:\/\/ecobnb.it\/offerte\" target=\"_blank\">Le migliori offerte per viaggiare in armonia con la Natura<\/a><\/h4>\n<h4 style=\"line-height: 1.5;\"><a href=\"https:\/\/ecobnb.it\/blog\/eventi\/\" target=\"_blank\">Scopri tutti gli eventi di Ecobnb<\/a><\/h4>\n","protected":false},"excerpt":{"rendered":"<p>La &#8216;Sharing Economy&#8216;, l\u2019economia della condivisione, sta rapidamente cambiando il nostro modo di vivere e di viaggiare. Il nuovo sistema economico basato sulla condivisione di beni e sulla fiducia tra le persone accorcia le distanze e rivoluziona il nostro modo di viaggiare, rendendolo anche pi\u00f9 sostenibile. Da Adotta un Turista a Tribewanted, da Scambio Casa [&hellip;]<\/p>\n","protected":false},"author":3,"featured_media":16262,"parent":16232,"menu_order":0,"comment_status":"closed","ping_status":"open","template":"","meta":[],"acf":[],"yoast_head":"<!-- This site is optimized with the Yoast SEO plugin v19.9 - https:\/\/yoast.com\/wordpress\/plugins\/seo\/ -->\n<title>Il viaggio al tempo della sharing economy - Ecobnb<\/title>\n<meta name=\"description\" content=\"La Sharing Economy sta cambiando il nostro modo di viaggiare: scopriamo insieme possibilit\u00e0 di viaggio economico ed ecologico il cui tema \u00e8 la condivisione!\" \/>\n<meta name=\"robots\" content=\"index, follow, max-snippet:-1, max-image-preview:large, max-video-preview:-1\" \/>\n<link rel=\"canonical\" href=\"https:\/\/ecobnb.it\/blog\/eventi\/sharing-economy-viaggio-sostenibile\/\" \/>\n<meta property=\"og:locale\" content=\"it_IT\" \/>\n<meta property=\"og:type\" content=\"article\" \/>\n<meta property=\"og:title\" content=\"Il viaggio al tempo della sharing economy - Ecobnb\" \/>\n<meta property=\"og:description\" content=\"La Sharing Economy sta cambiando il nostro modo di viaggiare: scopriamo insieme possibilit\u00e0 di viaggio economico ed ecologico il cui tema \u00e8 la condivisione!\" \/>\n<meta property=\"og:url\" content=\"https:\/\/ecobnb.it\/blog\/eventi\/sharing-economy-viaggio-sostenibile\/\" \/>\n<meta property=\"og:site_name\" content=\"Ecobnb\" \/>\n<meta property=\"article:publisher\" content=\"https:\/\/www.facebook.com\/viaggiverdi\" \/>\n<meta property=\"article:modified_time\" content=\"2016-03-22T15:01:20+00:00\" \/>\n<meta property=\"og:image\" content=\"https:\/\/ecobnb.it\/blog\/app\/uploads\/sites\/2\/2016\/02\/Sharing-Economy-res.png\" \/>\n\t<meta property=\"og:image:width\" content=\"1170\" \/>\n\t<meta property=\"og:image:height\" content=\"490\" \/>\n\t<meta property=\"og:image:type\" content=\"image\/png\" \/>\n<meta name=\"twitter:label1\" content=\"Est. reading time\" \/>\n\t<meta name=\"twitter:data1\" content=\"3 minutes\" \/>\n<!-- \/ Yoast SEO plugin. -->","yoast_head_json":{"title":"Il viaggio al tempo della sharing economy - Ecobnb","description":"La Sharing Economy sta cambiando il nostro modo di viaggiare: scopriamo insieme possibilit\u00e0 di viaggio economico ed ecologico il cui tema \u00e8 la condivisione!","robots":{"index":"index","follow":"follow","max-snippet":"max-snippet:-1","max-image-preview":"max-image-preview:large","max-video-preview":"max-video-preview:-1"},"canonical":"https:\/\/ecobnb.it\/blog\/eventi\/sharing-economy-viaggio-sostenibile\/","og_locale":"it_IT","og_type":"article","og_title":"Il viaggio al tempo della sharing economy - Ecobnb","og_description":"La Sharing Economy sta cambiando il nostro modo di viaggiare: scopriamo insieme possibilit\u00e0 di viaggio economico ed ecologico il cui tema \u00e8 la condivisione!","og_url":"https:\/\/ecobnb.it\/blog\/eventi\/sharing-economy-viaggio-sostenibile\/","og_site_name":"Ecobnb","article_publisher":"https:\/\/www.facebook.com\/viaggiverdi","article_modified_time":"2016-03-22T15:01:20+00:00","og_image":[{"width":1170,"height":490,"url":"https:\/\/ecobnb.it\/blog\/app\/uploads\/sites\/2\/2016\/02\/Sharing-Economy-res.png","type":"image\/png"}],"twitter_misc":{"Est. reading time":"3 minutes"},"schema":{"@context":"https:\/\/schema.org","@graph":[{"@type":"WebPage","@id":"https:\/\/ecobnb.it\/blog\/eventi\/sharing-economy-viaggio-sostenibile\/","url":"https:\/\/ecobnb.it\/blog\/eventi\/sharing-economy-viaggio-sostenibile\/","name":"Il viaggio al tempo della sharing economy - Ecobnb","isPartOf":{"@id":"https:\/\/ecobnb.it\/blog\/#website"},"datePublished":"2016-02-15T09:19:51+00:00","dateModified":"2016-03-22T15:01:20+00:00","description":"La Sharing Economy sta cambiando il nostro modo di viaggiare: scopriamo insieme possibilit\u00e0 di viaggio economico ed ecologico il cui tema \u00e8 la condivisione!","breadcrumb":{"@id":"https:\/\/ecobnb.it\/blog\/eventi\/sharing-economy-viaggio-sostenibile\/#breadcrumb"},"inLanguage":"it-IT","potentialAction":[{"@type":"ReadAction","target":["https:\/\/ecobnb.it\/blog\/eventi\/sharing-economy-viaggio-sostenibile\/"]}]},{"@type":"BreadcrumbList","@id":"https:\/\/ecobnb.it\/blog\/eventi\/sharing-economy-viaggio-sostenibile\/#breadcrumb","itemListElement":[{"@type":"ListItem","position":1,"name":"Ecobnb Green Accademy: Eventi Formativi, workshop e Incontri","item":"https:\/\/ecobnb.it\/blog\/eventi\/"},{"@type":"ListItem","position":2,"name":"Il viaggio al tempo della sharing economy"}]},{"@type":"WebSite","@id":"https:\/\/ecobnb.it\/blog\/#website","url":"https:\/\/ecobnb.it\/blog\/","name":"Ecobnb","description":"Trova il tuo Alloggio Ecosostenibile","publisher":{"@id":"https:\/\/ecobnb.it\/blog\/#organization"},"potentialAction":[{"@type":"SearchAction","target":{"@type":"EntryPoint","urlTemplate":"https:\/\/ecobnb.it\/blog\/?s={search_term_string}"},"query-input":"required name=search_term_string"}],"inLanguage":"it-IT"},{"@type":"Organization","@id":"https:\/\/ecobnb.it\/blog\/#organization","name":"Ecobnb","url":"https:\/\/ecobnb.it\/blog\/","logo":{"@type":"ImageObject","inLanguage":"it-IT","@id":"https:\/\/ecobnb.it\/blog\/#\/schema\/logo\/image\/","url":"https:\/\/ecobnb.it\/blog\/app\/uploads\/sites\/2\/2016\/03\/logo_transparent_512x512.png","contentUrl":"https:\/\/ecobnb.it\/blog\/app\/uploads\/sites\/2\/2016\/03\/logo_transparent_512x512.png","width":512,"height":512,"caption":"Ecobnb"},"image":{"@id":"https:\/\/ecobnb.it\/blog\/#\/schema\/logo\/image\/"},"sameAs":["https:\/\/www.facebook.com\/viaggiverdi"]}]}},"_links":{"self":[{"href":"https:\/\/ecobnb.it\/blog\/wp-json\/wp\/v2\/pages\/16259"}],"collection":[{"href":"https:\/\/ecobnb.it\/blog\/wp-json\/wp\/v2\/pages"}],"about":[{"href":"https:\/\/ecobnb.it\/blog\/wp-json\/wp\/v2\/types\/page"}],"author":[{"embeddable":true,"href":"https:\/\/ecobnb.it\/blog\/wp-json\/wp\/v2\/users\/3"}],"replies":[{"embeddable":true,"href":"https:\/\/ecobnb.it\/blog\/wp-json\/wp\/v2\/comments?post=16259"}],"version-history":[{"count":24,"href":"https:\/\/ecobnb.it\/blog\/wp-json\/wp\/v2\/pages\/16259\/revisions"}],"predecessor-version":[{"id":16971,"href":"https:\/\/ecobnb.it\/blog\/wp-json\/wp\/v2\/pages\/16259\/revisions\/16971"}],"up":[{"embeddable":true,"href":"https:\/\/ecobnb.it\/blog\/wp-json\/wp\/v2\/pages\/16232"}],"wp:featuredmedia":[{"embeddable":true,"href":"https:\/\/ecobnb.it\/blog\/wp-json\/wp\/v2\/media\/16262"}],"wp:attachment":[{"href":"https:\/\/ecobnb.it\/blog\/wp-json\/wp\/v2\/media?parent=16259"}],"curies":[{"name":"wp","href":"https:\/\/api.w.org\/{rel}","templated":true}]}}