{"id":16254,"date":"2016-02-15T10:10:47","date_gmt":"2016-02-15T09:10:47","guid":{"rendered":"https:\/\/ecobnb.it\/blog\/?page_id=16254"},"modified":"2016-03-22T13:05:00","modified_gmt":"2016-03-22T12:05:00","slug":"blog-social-media-marketing","status":"publish","type":"page","link":"https:\/\/ecobnb.it\/blog\/eventi\/blog-social-media-marketing\/","title":{"rendered":"Green ma social: blog e social media marketing"},"content":{"rendered":"<h4>Se i mercati sono <strong>conversazioni<\/strong>, perch\u00e9 non parli?<\/h4>\n<p>Ovvero, non essere timido e scendi nella <strong>piazza virtuale<\/strong> per farti vedere!<\/p>\n<p>I mercati sono conversazioni sosteneva il Cluetrain Manifesto nel 1999. Sembrava follia e oggi \u00e8 scontato. Ma la maggior parte delle conversazioni &#8220;significative&#8221; avvengono nella <strong>piazza del web<\/strong>, nei suoi angoli e affacciati alle sue vetrine (i <strong>social<\/strong>, i <strong>siti<\/strong>). Imparare dove e come farsi vedere in questa piazza \u00e8 fondamentale e <strong>non \u00e8 impossibile.<\/strong><\/p>\n<p>Quando:\u00a0sabato 19 marzo 2016,\u00a0ora: 16-17<\/p>\n<p>Dove:\u00a0<strong><a href=\"http:\/\/falacosagiusta.org\/\" target=\"_blank\">Fa&#8217; la cosa giusta!<\/a><\/strong>, Sala 1, Fieramilanocity, Milano<\/p>\n<h4><strong>Ne abbiamo parlato\u00a0con:<\/strong><\/h4>\n<p><strong><img class=\"alignleft wp-image-16362\" src=\"https:\/\/ecobnb.it\/blog\/app\/uploads\/sites\/2\/2016\/02\/3-cristiana-pedrali-viaggevolmente-200x200.jpg\" alt=\"cristiana pedrali\" width=\"176\" height=\"180\" \/>Cristiana Pedrali<\/strong>: ho lavorato per pi\u00f9 di 10 anni negli hotel e per 6 anni nel turismo online. Oggi aiuto le piccole imprese e i solopreneur a usare la comunicazione web per raccontare quello che fanno e come lo fanno. Di solito meglio di come dicono. Nel tempo libero faccio la travel blogger e mi diletto a organizzare blogtour perch\u00e9&#8230;adoro i &#8220;piani ben riusciti&#8221; e le belle storie.<\/p>\n<p>&nbsp;<\/p>\n<p>&nbsp;<\/p>\n<p><strong><img class=\"alignright wp-image-16246\" src=\"https:\/\/ecobnb.it\/blog\/app\/uploads\/sites\/2\/2016\/02\/simone-riccardi-ok-270x200.jpg\" alt=\"Simone Riccardi, Ecobnb\" width=\"180\" height=\"180\" srcset=\"https:\/\/ecobnb.it\/blog\/app\/uploads\/sites\/2\/2016\/02\/simone-riccardi-ok-536x536.jpg 536w, https:\/\/ecobnb.it\/blog\/app\/uploads\/sites\/2\/2016\/02\/simone-riccardi-ok-344x344.jpg 344w, https:\/\/ecobnb.it\/blog\/app\/uploads\/sites\/2\/2016\/02\/simone-riccardi-ok.jpg 1299w\" sizes=\"(max-width: 180px) 100vw, 180px\" \/>Simone Riccardi<\/strong>:\u00a0appassionato da sempre di nuove tecnologie, ho lavorato per pi\u00f9 di 10 anni lavoro nel web. Cercando una soluzione per rendere il nostro modo di viaggiare pi\u00f9 eco-sostenibile, quattro anni fa ho fondato il progetto ViaggiVerdi, che da un anno circa \u00e8 diventato Ecobnb. Cos&#8217;\u00e8\u00a0<strong><a href=\"https:\/\/ecobnb.it\" target=\"_blank\">Ecobnb <\/a><\/strong>? Mi piace definirlo come\u00a0il punto di incontro tra viaggiatori responsabili e strutture ricettive che stanno investendo in un futuro migliore. Una community di oltre duemila ospitalit\u00e0 verdi in tutta Europa.<\/p>\n<h4><\/h4>\n<h2><em>Green<\/em> ma <em>Social<\/em>, online le slide della Conferenza:<\/h2>\n<p>Grazie a chi ha\u00a0partecipato con attenzione ed entusiasmo all&#8217;evento di sabato, nel contesto di Fa&#8217; la cosa giusta! Milano. Grazie anche per il\u00a0live twitting \ud83d\ude42<\/p>\n\n\t\t<style type=\"text\/css\">\n\t\t\t#gallery-1 {\n\t\t\t\tmargin: auto;\n\t\t\t}\n\t\t\t#gallery-1 .gallery-item {\n\t\t\t\tfloat: left;\n\t\t\t\tmargin-top: 10px;\n\t\t\t\ttext-align: center;\n\t\t\t\twidth: 33%;\n\t\t\t}\n\t\t\t#gallery-1 img {\n\t\t\t\tborder: 2px solid #cfcfcf;\n\t\t\t}\n\t\t\t#gallery-1 .gallery-caption {\n\t\t\t\tmargin-left: 0;\n\t\t\t}\n\t\t\t\/* see gallery_shortcode() in wp-includes\/media.php *\/\n\t\t<\/style>\n\t\t<div id='gallery-1' class='gallery galleryid-16254 gallery-columns-3 gallery-size-thumbnail'><dl class='gallery-item'>\n\t\t\t<dt class='gallery-icon landscape'>\n\t\t\t\t<a href='https:\/\/ecobnb.it\/blog\/eventi\/blog-social-media-marketing\/green-ma-social-simone\/#main'><img width=\"270\" height=\"200\" src=\"https:\/\/ecobnb.it\/blog\/app\/uploads\/sites\/2\/2016\/02\/green-ma-social-simone-270x200.jpg\" class=\"attachment-thumbnail size-thumbnail\" alt=\"green ma social ecobnb a fa&#039; la cosa giusta Milano\" aria-describedby=\"gallery-1-16938\" \/><\/a>\n\t\t\t<\/dt>\n\t\t\t\t<dd class='wp-caption-text gallery-caption' id='gallery-1-16938'>\n\t\t\t\t&#8220;Green ma Social&#8221; a Fa&#8217; la cosa giusta! Milano\n\t\t\t\t<\/dd><\/dl><dl class='gallery-item'>\n\t\t\t<dt class='gallery-icon landscape'>\n\t\t\t\t<a href='https:\/\/ecobnb.it\/blog\/eventi\/blog-social-media-marketing\/green-ma-social-cristiana\/#main'><img width=\"270\" height=\"200\" src=\"https:\/\/ecobnb.it\/blog\/app\/uploads\/sites\/2\/2016\/02\/green-ma-social-cristiana-270x200.jpg\" class=\"attachment-thumbnail size-thumbnail\" alt=\"green ma social ecobnb a fa&#039; la cosa giusta Milano\" aria-describedby=\"gallery-1-16936\" \/><\/a>\n\t\t\t<\/dt>\n\t\t\t\t<dd class='wp-caption-text gallery-caption' id='gallery-1-16936'>\n\t\t\t\tCristiana Pedrali\n\t\t\t\t<\/dd><\/dl><dl class='gallery-item'>\n\t\t\t<dt class='gallery-icon landscape'>\n\t\t\t\t<a href='https:\/\/ecobnb.it\/blog\/eventi\/blog-social-media-marketing\/green-ma-social-simone-riccardi\/#main'><img width=\"270\" height=\"200\" src=\"https:\/\/ecobnb.it\/blog\/app\/uploads\/sites\/2\/2016\/02\/green-ma-social-simone-riccardi-270x200.jpg\" class=\"attachment-thumbnail size-thumbnail\" alt=\"green ma social ecobnb a fa&#039; la cosa giusta Milano\" aria-describedby=\"gallery-1-16937\" \/><\/a>\n\t\t\t<\/dt>\n\t\t\t\t<dd class='wp-caption-text gallery-caption' id='gallery-1-16937'>\n\t\t\t\tSimone Riccardi\n\t\t\t\t<\/dd><\/dl><br style=\"clear: both\" \/>\n\t\t<\/div>\n\n<p>Qui potete scaricare e guardare le\u00a0<strong>presentazioni della conferenza<\/strong>:<\/p>\n<ul>\n<li>\n<h4><span style=\"color: #3366ff;\"><a style=\"color: #3366ff;\" href=\"https:\/\/ecobnb.it\/blog\/app\/uploads\/sites\/2\/2016\/02\/Green-Marketing-e-Social-Media-Simone-Riccardi.pdf\">Green Marketing e Social Media &#8211; Simone Riccardi<\/a><\/span><\/h4>\n<\/li>\n<li>\n<h4><span style=\"color: #3366ff;\"><a style=\"color: #3366ff;\" href=\"https:\/\/ecobnb.it\/blog\/app\/uploads\/sites\/2\/2016\/02\/Blogging-Fa-la-cosa-giusta-Cristiana-Pedrali.pdf\">Blogging &#8211; Cristiana Pedrali<\/a><\/span><\/h4>\n<\/li>\n<\/ul>\n<p><strong><a href=\"https:\/\/www.facebook.com\/ecobnb.it\/\" target=\"_blank\">Seguiteci sui social <\/a><\/strong>per rimanere aggiornati sui prossimi eventi e iniziative gratuite!<\/p>\n<h4>Potrebbero interessarvi anche:<\/h4>\n<h4><a href=\"https:\/\/ecobnb.it\/offerte\" target=\"_blank\">Le migliori offerte\u00a0per viaggiare in armonia con la Natura<\/a><\/h4>\n<h4><a href=\"https:\/\/ecobnb.it\/blog\/eventi\/\" target=\"_blank\">Scopri tutti gli eventi di Ecobnb<\/a><\/h4>\n","protected":false},"excerpt":{"rendered":"<p>Se i mercati sono conversazioni, perch\u00e9 non parli? Ovvero, non essere timido e scendi nella piazza virtuale per farti vedere! I mercati sono conversazioni sosteneva il Cluetrain Manifesto nel 1999. Sembrava follia e oggi \u00e8 scontato. Ma la maggior parte delle conversazioni &#8220;significative&#8221; avvengono nella piazza del web, nei suoi angoli e affacciati alle sue [&hellip;]<\/p>\n","protected":false},"author":3,"featured_media":16255,"parent":16232,"menu_order":0,"comment_status":"closed","ping_status":"open","template":"","meta":[],"acf":[],"yoast_head":"<!-- This site is optimized with the Yoast SEO plugin v19.9 - https:\/\/yoast.com\/wordpress\/plugins\/seo\/ -->\n<title>Green ma social: blog e social media marketing - Ecobnb<\/title>\n<meta name=\"description\" content=\"Green ma social: blog e social media marketing per la tua attivit\u00e0 e struttura ricettiva. Un incontro gratuito sabato 19 marzo a Fa&#039; la cosa giusta Milano\" \/>\n<meta name=\"robots\" content=\"index, follow, max-snippet:-1, max-image-preview:large, max-video-preview:-1\" \/>\n<link rel=\"canonical\" href=\"https:\/\/ecobnb.it\/blog\/eventi\/blog-social-media-marketing\/\" \/>\n<meta property=\"og:locale\" content=\"it_IT\" \/>\n<meta property=\"og:type\" content=\"article\" \/>\n<meta property=\"og:title\" content=\"Green ma social: blog e social media marketing - Ecobnb\" \/>\n<meta property=\"og:description\" content=\"Green ma social: blog e social media marketing per la tua attivit\u00e0 e struttura ricettiva. Un incontro gratuito sabato 19 marzo a Fa&#039; la cosa giusta Milano\" \/>\n<meta property=\"og:url\" content=\"https:\/\/ecobnb.it\/blog\/eventi\/blog-social-media-marketing\/\" \/>\n<meta property=\"og:site_name\" content=\"Ecobnb\" \/>\n<meta property=\"article:publisher\" content=\"https:\/\/www.facebook.com\/viaggiverdi\" \/>\n<meta property=\"article:modified_time\" content=\"2016-03-22T12:05:00+00:00\" \/>\n<meta property=\"og:image\" content=\"https:\/\/ecobnb.it\/blog\/app\/uploads\/sites\/2\/2016\/02\/Blog-e-Social-Media-marketing-res.jpg\" \/>\n\t<meta property=\"og:image:width\" content=\"1170\" \/>\n\t<meta property=\"og:image:height\" content=\"490\" \/>\n\t<meta property=\"og:image:type\" content=\"image\/jpeg\" \/>\n<meta name=\"twitter:label1\" content=\"Est. reading time\" \/>\n\t<meta name=\"twitter:data1\" content=\"2 minutes\" \/>\n<!-- \/ Yoast SEO plugin. -->","yoast_head_json":{"title":"Green ma social: blog e social media marketing - Ecobnb","description":"Green ma social: blog e social media marketing per la tua attivit\u00e0 e struttura ricettiva. Un incontro gratuito sabato 19 marzo a Fa' la cosa giusta Milano","robots":{"index":"index","follow":"follow","max-snippet":"max-snippet:-1","max-image-preview":"max-image-preview:large","max-video-preview":"max-video-preview:-1"},"canonical":"https:\/\/ecobnb.it\/blog\/eventi\/blog-social-media-marketing\/","og_locale":"it_IT","og_type":"article","og_title":"Green ma social: blog e social media marketing - Ecobnb","og_description":"Green ma social: blog e social media marketing per la tua attivit\u00e0 e struttura ricettiva. Un incontro gratuito sabato 19 marzo a Fa' la cosa giusta Milano","og_url":"https:\/\/ecobnb.it\/blog\/eventi\/blog-social-media-marketing\/","og_site_name":"Ecobnb","article_publisher":"https:\/\/www.facebook.com\/viaggiverdi","article_modified_time":"2016-03-22T12:05:00+00:00","og_image":[{"width":1170,"height":490,"url":"https:\/\/ecobnb.it\/blog\/app\/uploads\/sites\/2\/2016\/02\/Blog-e-Social-Media-marketing-res.jpg","type":"image\/jpeg"}],"twitter_misc":{"Est. reading time":"2 minutes"},"schema":{"@context":"https:\/\/schema.org","@graph":[{"@type":"WebPage","@id":"https:\/\/ecobnb.it\/blog\/eventi\/blog-social-media-marketing\/","url":"https:\/\/ecobnb.it\/blog\/eventi\/blog-social-media-marketing\/","name":"Green ma social: blog e social media marketing - Ecobnb","isPartOf":{"@id":"https:\/\/ecobnb.it\/blog\/#website"},"datePublished":"2016-02-15T09:10:47+00:00","dateModified":"2016-03-22T12:05:00+00:00","description":"Green ma social: blog e social media marketing per la tua attivit\u00e0 e struttura ricettiva. Un incontro gratuito sabato 19 marzo a Fa' la cosa giusta Milano","breadcrumb":{"@id":"https:\/\/ecobnb.it\/blog\/eventi\/blog-social-media-marketing\/#breadcrumb"},"inLanguage":"it-IT","potentialAction":[{"@type":"ReadAction","target":["https:\/\/ecobnb.it\/blog\/eventi\/blog-social-media-marketing\/"]}]},{"@type":"BreadcrumbList","@id":"https:\/\/ecobnb.it\/blog\/eventi\/blog-social-media-marketing\/#breadcrumb","itemListElement":[{"@type":"ListItem","position":1,"name":"Ecobnb Green Accademy: Eventi Formativi, workshop e Incontri","item":"https:\/\/ecobnb.it\/blog\/eventi\/"},{"@type":"ListItem","position":2,"name":"Green ma social: blog e social media marketing"}]},{"@type":"WebSite","@id":"https:\/\/ecobnb.it\/blog\/#website","url":"https:\/\/ecobnb.it\/blog\/","name":"Ecobnb","description":"Trova il tuo Alloggio Ecosostenibile","publisher":{"@id":"https:\/\/ecobnb.it\/blog\/#organization"},"potentialAction":[{"@type":"SearchAction","target":{"@type":"EntryPoint","urlTemplate":"https:\/\/ecobnb.it\/blog\/?s={search_term_string}"},"query-input":"required name=search_term_string"}],"inLanguage":"it-IT"},{"@type":"Organization","@id":"https:\/\/ecobnb.it\/blog\/#organization","name":"Ecobnb","url":"https:\/\/ecobnb.it\/blog\/","logo":{"@type":"ImageObject","inLanguage":"it-IT","@id":"https:\/\/ecobnb.it\/blog\/#\/schema\/logo\/image\/","url":"https:\/\/ecobnb.it\/blog\/app\/uploads\/sites\/2\/2016\/03\/logo_transparent_512x512.png","contentUrl":"https:\/\/ecobnb.it\/blog\/app\/uploads\/sites\/2\/2016\/03\/logo_transparent_512x512.png","width":512,"height":512,"caption":"Ecobnb"},"image":{"@id":"https:\/\/ecobnb.it\/blog\/#\/schema\/logo\/image\/"},"sameAs":["https:\/\/www.facebook.com\/viaggiverdi"]}]}},"_links":{"self":[{"href":"https:\/\/ecobnb.it\/blog\/wp-json\/wp\/v2\/pages\/16254"}],"collection":[{"href":"https:\/\/ecobnb.it\/blog\/wp-json\/wp\/v2\/pages"}],"about":[{"href":"https:\/\/ecobnb.it\/blog\/wp-json\/wp\/v2\/types\/page"}],"author":[{"embeddable":true,"href":"https:\/\/ecobnb.it\/blog\/wp-json\/wp\/v2\/users\/3"}],"replies":[{"embeddable":true,"href":"https:\/\/ecobnb.it\/blog\/wp-json\/wp\/v2\/comments?post=16254"}],"version-history":[{"count":20,"href":"https:\/\/ecobnb.it\/blog\/wp-json\/wp\/v2\/pages\/16254\/revisions"}],"predecessor-version":[{"id":16949,"href":"https:\/\/ecobnb.it\/blog\/wp-json\/wp\/v2\/pages\/16254\/revisions\/16949"}],"up":[{"embeddable":true,"href":"https:\/\/ecobnb.it\/blog\/wp-json\/wp\/v2\/pages\/16232"}],"wp:featuredmedia":[{"embeddable":true,"href":"https:\/\/ecobnb.it\/blog\/wp-json\/wp\/v2\/media\/16255"}],"wp:attachment":[{"href":"https:\/\/ecobnb.it\/blog\/wp-json\/wp\/v2\/media?parent=16254"}],"curies":[{"name":"wp","href":"https:\/\/api.w.org\/{rel}","templated":true}]}}