{"id":13946,"date":"2015-11-09T15:49:38","date_gmt":"2015-11-09T14:49:38","guid":{"rendered":"https:\/\/ecobnb.it\/blog\/?page_id=13946"},"modified":"2015-11-09T17:13:03","modified_gmt":"2015-11-09T16:13:03","slug":"stati-generali-turismo-sostenibile-contributi","status":"publish","type":"page","link":"https:\/\/ecobnb.it\/blog\/stati-generali-turismo-sostenibile-contributi\/","title":{"rendered":"I vostri contributi per gli Stati Generali del Turismo Sostenibile"},"content":{"rendered":"<p><img class=\"alignright wp-image-14324 size-full\" src=\"https:\/\/ecobnb.it\/blog\/app\/uploads\/sites\/2\/2015\/11\/L_Italia_punta_sul_Turismo_Sostenibile_-_simone.png\" alt=\"L_Italia_punta_sul_Turismo_Sostenibile_-_simone\" width=\"421\" height=\"488\" srcset=\"https:\/\/ecobnb.it\/blog\/app\/uploads\/sites\/2\/2015\/11\/L_Italia_punta_sul_Turismo_Sostenibile_-_simone.png 421w, https:\/\/ecobnb.it\/blog\/app\/uploads\/sites\/2\/2015\/11\/L_Italia_punta_sul_Turismo_Sostenibile_-_simone-344x399.png 344w\" sizes=\"(max-width: 421px) 100vw, 421px\" \/><\/p>\n<p>Circa un mese fa avete <strong>condiviso<\/strong>\u00a0<strong>con noi le vostre idee sul Turismo Sostenibile<\/strong>. Stiamo stati infatti\u00a0invitati dal Ministero a partecipare agli <a href=\"https:\/\/ecobnb.it\/blog\/2015\/07\/turismo-sostenibile-italia\/?utm_source=ECOBNB_Accommodations&amp;utm_campaign=3dce513a30-L%27Italia+punta+sul+Turismo+Sostenibile&amp;utm_medium=email&amp;utm_term=0_c2fa948f50-3dce513a30-93016773\" target=\"_blank\">Stati Generali del Turismo Sostenibile<\/a> di Pietrarsa, Napoli.<\/p>\n<p>In quell&#8217;occasione, il 1-2-3 ottobre 2015, abbiamo portato ai tavoli di lavoro organizzati dal Ministro Franceschini non solo il nostro <strong>punto di vista<\/strong>, ma sopratutto quello della <strong>Community di Ecobnb<\/strong>.<\/p>\n<p>Volevamo infatti\u00a0evidenziare e condividere con le istituzioni e gli esperti presenti ai tavoli di lavoro (Regioni, enti pubblici, associazioni di categoria, associazioni\u00a0no profit, ecc), le <strong>buone pratiche<\/strong> che ciascuno di voi, perlopi\u00f9 agriturismi biologici e piccoli bed &amp; breakfast ecosostenibili, sta mettendo in atto ogni giorno.<\/p>\n<p><strong>Azioni concrete<\/strong> che contribuiscono a ridurre l&#8217;impatto ambientale del turismo che stanno tracciando una strada diversa, secondo noi quella giusta, da percorrere in futuro.<\/p>\n<p>In tanti ci avete segnalato <strong>problemi<\/strong>,\u00a0avete fatto notare <strong>opportunit\u00e0<\/strong>\u00a0e buone pratiche per promuovere il turismo sostenibile in Italia.<\/p>\n<p>Di seguito abbiamo raccolto i <strong>contributi pi\u00f9 significativi<\/strong> seguendo l&#8217;ordine con il quale sono stati da voi proposti.<\/p>\n<p>Li abbiamo letti, discussi e condivisi con i tavoli di lavoro. Vi ringraziamo per questo!<\/p>\n<h2>I vostri contributi per gli Stati Generali del Turismo Sostenibile<\/h2>\n<blockquote><p>Organizzare mini-Corsi della sostenibilit\u00e0 che completano una <strong>vacanza sostenibile,\u00a0<\/strong>come ad esempio questi sui <a href=\"http:\/\/www.ilbaronetto.it\/data\/uploads\/documenti\/corso-semi-antichi.pdf\" target=\"_blank\">semi antichi<\/a> o sulla\u00a0<a href=\"http:\/\/www.ilbaronetto.it\/data\/uploads\/documenti\/fitodepurazione.pdf\" target=\"_blank\">fitodepurazione<\/a>.\u00a0<em>(Casale il Baronetto)<\/em>.<\/p><\/blockquote>\n<p>&nbsp;<\/p>\n<blockquote><p>Il problema pi\u00f9 rilevante per le piccole strutture obbligate alla partita IVA (Country House, affittacamere, ecc) deriva dalla farraginosit\u00e0, complessit\u00e0 e numero degli <strong>adempimenti burocratici<\/strong> richiesti, che comportano spese rilevanti per il commercialista e per una corretta e puntuale osservanza degli stessi, spese che spesso arrivano ad incidere per pi\u00f9 del 10% sul pur limitato fatturato.\u00a0Comunque&#8230;..condivido i vostri obiettivi. Buon lavoro!<br \/>\n(AIRONE Country House di Francesco San\u00f2)<\/p><\/blockquote>\n<p>&nbsp;<\/p>\n<blockquote><p>La collaborazione tra singoli in questi tempi difficili dal punto di vista economico \u00e8 divenuta una necessit\u00e0, ma penso che<strong> fare rete dal basso<\/strong> sia molto pi\u00f9 che trovare un modo per ottenere un profitto migliore: \u00e8 una nuova modalit\u00e0 di fare economia (e costruire cittadinanza, aggiungerei) che <strong>pone al centro le relazioni e il bene di tutti<\/strong>, oltre naturalmente -ma non solo- la necessit\u00e0 di fare profitto.\u00a0Le caratteristiche e le potenzialit\u00e0 dei territori insieme all\u2019azione e la creativit\u00e0 dei singoli e delle piccole realt\u00e0 che si mettono in rete possono costituire, migliorare e promuovere la tipicit\u00e0 e l\u2019offerta turistica sostenibile.<br \/>\n<strong>E\u2019 necessario per\u00f2 che le istituzioni pubbliche supportino queste iniziative dal basso<\/strong>.<br \/>\nCome? Pi\u00f9 che attraverso finanziamenti (tutti siamo consapevoli della situazione&#8230;), ritengo sia strategico agire su:<br \/>\n&#8211; la <strong>semplificazione burocratica<\/strong> delle pratiche per l\u2019avvio e la gestione delle iniziative,<br \/>\n&#8211; il supporto a costo zero o quasi, mettendo a disposizione mezzi o canali senza aumentare lavoro o costo per l\u2019istituzione\/ente (ad es. la messa a disposizione dei <strong>canali di comunicazione<\/strong> gi\u00e0 esistenti per divulgare informazioni\/pubblicizzare le iniziative, ecc.)<br \/>\n&#8211; la <strong>facilitazione dei contatti<\/strong> e relazioni tra i soggetti sia economici (ad es. piccoli produttori agricoli locali, negozi di vicinato, piccoli ristoratori, Bed&amp;Breakfast, ecc.), sia associativi (associazioni culturali, di promozione sociale,&#8230;), sia pubblici (Comuni, Comunit\u00e0 Montane, IAT, ecc.).<br \/>\nBuon lavoro! <em>(Simonetta Rinaldi &#8211; Bio B&amp;B Il Pittore &#8211; Albino BG)<\/em><\/p><\/blockquote>\n<p>&nbsp;<\/p>\n<blockquote><p><strong>Attivare percorsi di Ciclo turismo<\/strong> nella Regione Marche in particolare nella provincia di Pesaro Urbino.<br \/>\nSostenere piccole iniziative culturali che coinvolgano singoli ma sopratutto famiglie sui temi della integrazione culturale presso strutture che si propongano per seminari o attivit\u00e0.\u00a0<em>(B&amp;B\u00a0Lucilla Villa)<\/em><\/p><\/blockquote>\n<p>&nbsp;<\/p>\n<blockquote><p>Promuovere l&#8217;utilizzo nelle destinazioni sostenibili di <strong>detergenti ecocompatibili<\/strong> come ad esempio quelli di <a href=\"http:\/\/www.cascinameira.com\/\" target=\"_blank\">Cascina Meira<\/a>. (<em>Ecolocanda al borgo<\/em>)<\/p><\/blockquote>\n<p>&nbsp;<\/p>\n<blockquote><p>In un tempo in cui la globalizzazione si diffonde appiattendo tutto emerge la necessit\u00e0 di dare risalto alle identit\u00e0 territoriali.\u00a0Pochi sono rimasti gli abitanti che conservano la percezione del territorio in cui vivono con le conseguenze cui questo porta (paesaggi culturali distrutti, beni collettivi in stato di abbandono e degrado, piccola economia in forte crisi, ecc&#8230;).\u00a0Per questo si invita a <strong>favorire azioni tese alla conoscenza del proprio territorio e dei suoi beni<\/strong>, siano essi materiali\u00a0come paesaggio, edifici storici, produzioni locali, ecc., che immateriali\u00a0come le tradizioni popolari, la narrazione, i valori che identificano la popolazione di quel particolare luogo.\u00a0Il <strong>Turismo Responsabile<\/strong> si nutre della ricchezza che il tessuto sociale pu\u00f2 produrre quando vi \u00e8 percezione e sensibilizzazione delle proprie caratteristiche identitarie.\u00a0Nessun territorio privo di identit\u00e0 \u00e8 di stimolo per i propri abitanti, n\u00e9 tanto meno invoglia un turista alla visita. (<em>Norma Ghizzo B&amp;B Via Paradiso<\/em>)<\/p><\/blockquote>\n<p>&nbsp;<\/p>\n<blockquote><p>Bisogna, <strong>ri-pianificare lo sviluppo dei territori montani<\/strong>\u00a0e delle piccole e micro borgate alpine,\u00a0che ad oggi e per molti anni sono stati abbandonati.\u00a0Ma farlo con progetti concreti! Credetemi negli anni parole ne sono state fatte molte, moltissime, ma oggi la realt\u00e0 \u00e8 che i giovani ancora lasciano i loro territori in cerca di avventure cittadine. Se abbandoniamo un sistema sociale di insegnamento per i ragazzi giovani, un insegnamento concreto per la loro vita, non possiamo percorrere molta strada in futuro.\u00a0Facendo noi parte e collaborando con diverse associazioni come <strong><a href=\"https:\/\/ecobnb.it\/blog\/2013\/03\/viaggiare-gratis-lavorando-fattorie-biologiche\/\" target=\"_blank\">Wwoof<\/a><\/strong> e Workaway io in prima Persona cerco di essere di <strong>utilit\u00e0 sociale<\/strong> per aiutare i giovani nelle loro esperienze che fanno presso di noi ad essere pi\u00f9 conoscitivi e pi\u00f9 motivati giorno dopo giorno. E&#8217; impressionante per me vedere la demotivazioni nelle giovani leve, bisogna insegnare loro la strada di un cammino che permetter\u00e0 la loro vita futura. (<em>Fabrizio Roncaglia, Associazione T.E.M<\/em>)<\/p><\/blockquote>\n<p>&nbsp;<\/p>\n<blockquote><p>La mia filosofia come bed and breakfast \u00e8 l&#8217;<strong>accoglienza<\/strong>. Da noi gli ospiti dormono e fanno colazione, non sarebbe bellissimo poter dare loro una fetta di torta fatta in casa, una <strong>marmellata preparata con le nostre mani<\/strong> con la frutta del nostro giardino, uno yogurt dal gusto particolare sempre preparato con un latte biologico, magari delle nostre valli?\u00a0Anzich\u00e9 essere obbligati a dare sterili e anonimi prodotti confezionati?\u00a0Li accogliamo nelle nostre case e sarebbe bello farli sentire come a casa loro! (<em>Una casa nel bosco<\/em>)<\/p><\/blockquote>\n<p>&nbsp;<\/p>\n<blockquote><p>Si potrebbero <strong>detassare<\/strong>\u00a0(ad esempio\u00a0eliminare\u00a0la tassa dei rifiuti) le strutture che sono realmente sostenibili. O ancora, promuovere <strong>corsi di sostenibilit\u00e0<\/strong> per i gestori strutture (molti non sanno di cosa si parla).\u00a0Incentivare le <strong>buone pratiche<\/strong>.\u00a0Buon lavoro ragazzi e a presto!\u00a0<em>(B&amp;B Cancabaia Parma)<\/em><\/p><\/blockquote>\n<p>&nbsp;<\/p>\n<blockquote><p>Se tutte le strutture ricettive (hotel soprattutto, b&amp;b, agriturismi, ecc.) utilizzassero a colazione tovaglioli provenienti da <strong>carta riciclata<\/strong> (e anche per le stampanti) sicuramente avremmo un impatto ambientale diverso. E questo \u00e8 solo un problema di cambiare tipo di prodotto durante l&#8217;acquisto perch\u00e9 il costo di carta riciclata e \/ o tovaglioli fatti con carta riciclata molto spesso \u00e8 inferiore alla carta bianca.\u00a0Credo che gi\u00e0 solo questo possa fare la differenza, anzi potrebbe essere un punto di partenza per altri <strong>risparmi di risorse naturali<\/strong>. <em>(Agriturismo Le Nosare)<\/em><\/p><\/blockquote>\n<p>&nbsp;<\/p>\n<blockquote><p>Pi\u00f9 attenzione va fatta su quelle strutture che offrono ospitalit\u00e0 e nel contempo contribuiscono a<strong> curare e promuovere il territorio<\/strong>. Se noi Italiani non re-impariamo che la nostra qualit\u00e0, benessere e territorio sono unici al mondo e non riportiamo il turismo al primo posto economico, tutti perdiamo. La grande industria e le distruttive speculazioni del cemento non portano ricchezza duratura. Soltanto un<strong> turismo responsabile<\/strong> ed efficace contributo a chi ha investito grandi somme sul territorio possono portare il turismo responsabile sul territorio e contribuire ad un pi\u00f9 elevato <strong>benessere<\/strong> a chi \u00e8 sempre in prima linea, di tasca propria. Auguri di buon lavoro a tutti voi. (<em>Adriano Rosso, Az. Bio. Cascina Rosso, Roccaverano, AT<\/em>)<\/p><\/blockquote>\n<p>&nbsp;<\/p>\n<blockquote><p>In famiglia stiamo cercando di mettere a punto un&#8217;azienda agricola\/agrituristica efficiente ed ecosostenibile per dare un futuro di lavoro ecocompatibile (e di vita in montagna) a nostro figlio.\u00a0Siamo consapevoli di essere venuti casualmente in possesso di un tesoro in quanto il podere che abbiamo rilevato nel 2013 ha una storia particolare nel contesto locale della Garfagnana ed un suo intrinseco valore immateriale: culturale, storico e scientifico.<br \/>\nIl personaggio che cre\u00f2 il nostro podere nell&#8217;800, il prof. Carlo De Stefani (1851-1923), infatti, proprio da qui effettu\u00f2 le sue esplorazioni geologiche nelle Alpi Apuane di Garfagnana, qui studi\u00f2 e pratic\u00f2 l&#8217;agricoltura (che descrisse magistralmente nella &#8220;Monografia del Comprensorio di Castelnuovo Garfagnana per l&#8217;inchiesta agraria Jacini del 1885&#8221;) e, infine, trasform\u00f2 il podere in buen retiro dove scrivere libri e pubblicazioni scientifiche (di storia medioevale, economia, statistica, geografia, geologia e agricoltura).\u00a0Oggi tocca a noi vivere, e far vivere, un luogo dove l&#8217;agricoltura, l&#8217;agriturismo, la montagna e il paesaggio hanno potenzialit\u00e0 enormi se ben correlate ai valori immateriali del luogo stesso. Siamo consapevoli che il futuro si giocher\u00e0 sulle nostre <strong>capacit\u00e0 di conservare il luogo, con la sua integrit\u00e0 e identit\u00e0<\/strong>, fisionomia e storia, rendendolo ecosostenibile e centro di innovazione locale sia per le attivit\u00e0 agricole che multifunzionali in agricoltura.\u00a0Non a caso, lo scorso anno, l&#8217;Antico podere De Stefani \u00e8 stato oggetto di una tesi del Master in &#8220;Gestione dello Sviluppo Locale nei Parchi e nelle Aree Naturali&#8221; che, mio marito Eugenio, ha eleborato effettuando una ricerca storica sul nostro podere e sul professor De Stefani, dimostrando come la conoscenza, la valorizzzazione e la tutela dei beni immateriali del territorio pu\u00f2 &#8211; insieme ai valori materiali naturali, culturali e paesaggistici del territorio stesso &#8211; creare i presupposti per uno sviluppo locale virtuoso e sostenibile tramite il turismo-culturale.\u00a0La tesi del Master GESLPAN &#8220;Il caso studio dell\u2019Antico podere de Stefani in Garfagnana: un progetto di sviluppo del turismo culturale e sostenibile che trova origine nei valori materiali ed immateriali del territorio&#8221; \u00e8 <a href=\"http:\/\/www.file-pdf.it\/2014\/11\/0\" target=\"_blank\">visibile on-line (e scaricabile) da questo link<\/a>. <em>(Agriturismo Pradaccio di sopra &#8220;Antico podere De Stefani&#8221; di Graziana Pozzi)<\/em><\/p><\/blockquote>\n<p>&nbsp;<\/p>\n<h2>Avete altre idee, proposte o pensieri da condividere?<\/h2>\n<p>Potete sempre farlo commentando l&#8217;articolo. Saremo felicissimi di leggervi e rispondere!<\/p>\n<p>&nbsp;<\/p>\n<h4>Potrebbero interessarvi anche:<\/h4>\n<h4><a href=\"https:\/\/ecobnb.it\/blog\/2015\/02\/sondaggio-turismo-sostenibile\/\" target=\"_blank\">Turismo sostenibile? Ecco cosa ne pensate<\/a><\/h4>\n<h4><a href=\"https:\/\/ecobnb.it\/blog\/2015\/11\/stati-generali-turismo-sostenibile-pietrarsa\/\" target=\"_blank\">I risultati di Pietrarsa: spunti e linee guida per promuovere il Turismo Sostenibile in Italia<\/a><\/h4>\n","protected":false},"excerpt":{"rendered":"<p>Circa un mese fa avete condiviso\u00a0con noi le vostre idee sul Turismo Sostenibile. Stiamo stati infatti\u00a0invitati dal Ministero a partecipare agli Stati Generali del Turismo Sostenibile di Pietrarsa, Napoli. In quell&#8217;occasione, il 1-2-3 ottobre 2015, abbiamo portato ai tavoli di lavoro organizzati dal Ministro Franceschini non solo il nostro punto di vista, ma sopratutto quello [&hellip;]<\/p>\n","protected":false},"author":3,"featured_media":0,"parent":0,"menu_order":0,"comment_status":"closed","ping_status":"open","template":"","meta":[],"acf":[],"yoast_head":"<!-- This site is optimized with the Yoast SEO plugin v19.9 - https:\/\/yoast.com\/wordpress\/plugins\/seo\/ -->\n<title>I vostri contributi per gli Stati Generali del Turismo Sostenibile - Ecobnb<\/title>\n<meta name=\"robots\" content=\"index, follow, max-snippet:-1, max-image-preview:large, max-video-preview:-1\" \/>\n<link rel=\"canonical\" href=\"https:\/\/ecobnb.it\/blog\/stati-generali-turismo-sostenibile-contributi\/\" \/>\n<meta property=\"og:locale\" content=\"it_IT\" \/>\n<meta property=\"og:type\" content=\"article\" \/>\n<meta property=\"og:title\" content=\"I vostri contributi per gli Stati Generali del Turismo Sostenibile - Ecobnb\" \/>\n<meta property=\"og:description\" content=\"Circa un mese fa avete condiviso\u00a0con noi le vostre idee sul Turismo Sostenibile. Stiamo stati infatti\u00a0invitati dal Ministero a partecipare agli Stati Generali del Turismo Sostenibile di Pietrarsa, Napoli. In quell&#8217;occasione, il 1-2-3 ottobre 2015, abbiamo portato ai tavoli di lavoro organizzati dal Ministro Franceschini non solo il nostro punto di vista, ma sopratutto quello [&hellip;]\" \/>\n<meta property=\"og:url\" content=\"https:\/\/ecobnb.it\/blog\/stati-generali-turismo-sostenibile-contributi\/\" \/>\n<meta property=\"og:site_name\" content=\"Ecobnb\" \/>\n<meta property=\"article:publisher\" content=\"https:\/\/www.facebook.com\/viaggiverdi\" \/>\n<meta property=\"article:modified_time\" content=\"2015-11-09T16:13:03+00:00\" \/>\n<meta property=\"og:image\" content=\"https:\/\/ecobnb.it\/blog\/app\/uploads\/sites\/2\/2015\/11\/L_Italia_punta_sul_Turismo_Sostenibile_-_simone.png\" \/>\n<meta name=\"twitter:label1\" content=\"Est. reading time\" \/>\n\t<meta name=\"twitter:data1\" content=\"8 minutes\" \/>\n<!-- \/ Yoast SEO plugin. -->","yoast_head_json":{"title":"I vostri contributi per gli Stati Generali del Turismo Sostenibile - Ecobnb","robots":{"index":"index","follow":"follow","max-snippet":"max-snippet:-1","max-image-preview":"max-image-preview:large","max-video-preview":"max-video-preview:-1"},"canonical":"https:\/\/ecobnb.it\/blog\/stati-generali-turismo-sostenibile-contributi\/","og_locale":"it_IT","og_type":"article","og_title":"I vostri contributi per gli Stati Generali del Turismo Sostenibile - Ecobnb","og_description":"Circa un mese fa avete condiviso\u00a0con noi le vostre idee sul Turismo Sostenibile. Stiamo stati infatti\u00a0invitati dal Ministero a partecipare agli Stati Generali del Turismo Sostenibile di Pietrarsa, Napoli. In quell&#8217;occasione, il 1-2-3 ottobre 2015, abbiamo portato ai tavoli di lavoro organizzati dal Ministro Franceschini non solo il nostro punto di vista, ma sopratutto quello [&hellip;]","og_url":"https:\/\/ecobnb.it\/blog\/stati-generali-turismo-sostenibile-contributi\/","og_site_name":"Ecobnb","article_publisher":"https:\/\/www.facebook.com\/viaggiverdi","article_modified_time":"2015-11-09T16:13:03+00:00","og_image":[{"url":"https:\/\/ecobnb.it\/blog\/app\/uploads\/sites\/2\/2015\/11\/L_Italia_punta_sul_Turismo_Sostenibile_-_simone.png"}],"twitter_misc":{"Est. reading time":"8 minutes"},"schema":{"@context":"https:\/\/schema.org","@graph":[{"@type":"WebPage","@id":"https:\/\/ecobnb.it\/blog\/stati-generali-turismo-sostenibile-contributi\/","url":"https:\/\/ecobnb.it\/blog\/stati-generali-turismo-sostenibile-contributi\/","name":"I vostri contributi per gli Stati Generali del Turismo Sostenibile - Ecobnb","isPartOf":{"@id":"https:\/\/ecobnb.it\/blog\/#website"},"datePublished":"2015-11-09T14:49:38+00:00","dateModified":"2015-11-09T16:13:03+00:00","inLanguage":"it-IT","potentialAction":[{"@type":"ReadAction","target":["https:\/\/ecobnb.it\/blog\/stati-generali-turismo-sostenibile-contributi\/"]}]},{"@type":"WebSite","@id":"https:\/\/ecobnb.it\/blog\/#website","url":"https:\/\/ecobnb.it\/blog\/","name":"Ecobnb","description":"Trova il tuo Alloggio Ecosostenibile","publisher":{"@id":"https:\/\/ecobnb.it\/blog\/#organization"},"potentialAction":[{"@type":"SearchAction","target":{"@type":"EntryPoint","urlTemplate":"https:\/\/ecobnb.it\/blog\/?s={search_term_string}"},"query-input":"required name=search_term_string"}],"inLanguage":"it-IT"},{"@type":"Organization","@id":"https:\/\/ecobnb.it\/blog\/#organization","name":"Ecobnb","url":"https:\/\/ecobnb.it\/blog\/","logo":{"@type":"ImageObject","inLanguage":"it-IT","@id":"https:\/\/ecobnb.it\/blog\/#\/schema\/logo\/image\/","url":"https:\/\/ecobnb.it\/blog\/app\/uploads\/sites\/2\/2016\/03\/logo_transparent_512x512.png","contentUrl":"https:\/\/ecobnb.it\/blog\/app\/uploads\/sites\/2\/2016\/03\/logo_transparent_512x512.png","width":512,"height":512,"caption":"Ecobnb"},"image":{"@id":"https:\/\/ecobnb.it\/blog\/#\/schema\/logo\/image\/"},"sameAs":["https:\/\/www.facebook.com\/viaggiverdi"]}]}},"_links":{"self":[{"href":"https:\/\/ecobnb.it\/blog\/wp-json\/wp\/v2\/pages\/13946"}],"collection":[{"href":"https:\/\/ecobnb.it\/blog\/wp-json\/wp\/v2\/pages"}],"about":[{"href":"https:\/\/ecobnb.it\/blog\/wp-json\/wp\/v2\/types\/page"}],"author":[{"embeddable":true,"href":"https:\/\/ecobnb.it\/blog\/wp-json\/wp\/v2\/users\/3"}],"replies":[{"embeddable":true,"href":"https:\/\/ecobnb.it\/blog\/wp-json\/wp\/v2\/comments?post=13946"}],"version-history":[{"count":11,"href":"https:\/\/ecobnb.it\/blog\/wp-json\/wp\/v2\/pages\/13946\/revisions"}],"predecessor-version":[{"id":14332,"href":"https:\/\/ecobnb.it\/blog\/wp-json\/wp\/v2\/pages\/13946\/revisions\/14332"}],"wp:attachment":[{"href":"https:\/\/ecobnb.it\/blog\/wp-json\/wp\/v2\/media?parent=13946"}],"curies":[{"name":"wp","href":"https:\/\/api.w.org\/{rel}","templated":true}]}}