{"id":13919,"date":"2015-10-08T11:14:44","date_gmt":"2015-10-08T09:14:44","guid":{"rendered":"https:\/\/ecobnb.it\/blog\/?page_id=13919"},"modified":"2016-02-25T14:29:16","modified_gmt":"2016-02-25T13:29:16","slug":"guida-ospitalita-green","status":"publish","type":"page","link":"https:\/\/ecobnb.it\/blog\/eventi\/guida-ospitalita-green\/","title":{"rendered":"Guida all&#8217;Ospitalit\u00e0 Green"},"content":{"rendered":"<h2>Fa&#8217; la cosa giusta! Trento 2015<\/h2>\n<p><strong>Dove:<\/strong> Trento Fiere, Sala Conferenze, via Via Briamasco 2, <strong>Trento<\/strong><\/p>\n<p><strong>Quando:<\/strong> Venerd\u00ec <strong>23 ottobre<\/strong>, ore 17:00 in Occasione dell&#8217;<a href=\"https:\/\/ecobnb.it\/blog\/fa-la-cosa-giusta-trento\/\" target=\"_blank\">undicesima edizione di Fa&#8217; la cosa giusta! Trento<\/a><\/p>\n<p><strong>Costo:<\/strong> ingresso <strong>gratuito<\/strong>, i posti sono limitati, ti preghiamo di\u00a0<strong><a href=\"http:\/\/goo.gl\/forms\/lKbPrr7aCN\" target=\"_blank\">iscriverti online a questo link<\/a><\/strong><\/p>\n<h2><strong>Programma<\/strong><\/h2>\n<p style=\"padding-left: 30px\">Saluti e apertura dei lavori<\/p>\n<p style=\"padding-left: 30px\"><em>L&#8217;impatto ambientale del turismo e la sfida dell&#8217;ospitalit\u00e0 verde<\/em> &#8211; <strong>Silvia Ombellini<\/strong>, Ecobnb co-founder<\/p>\n<p style=\"padding-left: 30px\"><em>Ecolabel Europeo per il turismo in Trentino: una valutazione dopo 10 anni di applicazione<\/em> &#8211; <strong>Marco Niro<\/strong>, Agenzia provinciale per la protezione dell&#8217;ambiente<\/p>\n<p style=\"padding-left: 30px\"><em>La legge provinciale 13\/2010 e il disciplinare del turismo responsabile e sostenibile<\/em>, <strong>Manuela Gualdi<\/strong>, Segreteria del Tavolo provinciale dell\u2019Economia Solidale.<\/p>\n<p style=\"padding-left: 30px\"><em>Come promuovere l&#8217;ospitalit\u00e0 green<\/em> &#8211; <strong>Simone Riccardi<\/strong>, Ecobnb co-founder<\/p>\n<p style=\"padding-left: 30px\">Better practices e casi a confronto: le migliori ospitalit\u00e0 eco-sostenibili d&#8217;Italia (video, interventi e premiazione)<\/p>\n<h2>Perch\u00e9 partecipare<\/h2>\n<p style=\"padding-left: 30px\"><strong><em>Guida all&#8217;Ospitalit\u00e0 Green<\/em><\/strong> \u00e8 un incontro dedicato alle strutture ricettive che vogliono fare qualcosa per ridurre la loro impronta ecologica.<\/p>\n<p style=\"padding-left: 30px\">Si rivolge a chi ha gi\u00e0 un&#8217;ospitalit\u00e0 verde ed \u00e8 in cerca di nuove idee per promuoversi nel campo dell&#8217;<strong>eco-turismo<\/strong>, ma anche a chi sogna di aprire un&#8217;<strong>ospitalit\u00e0 in armonia con la natura<\/strong> e non sa ancora esattamente da dove partire.<\/p>\n<p style=\"padding-left: 30px\">Ci saranno molte domande, altrettante risposte, tante idee e consigli per migliorare la propria ospitalit\u00e0 turistica e renderla sempre pi\u00f9 <strong>attenta all&#8217;ambiente<\/strong>, ai luoghi e alle comunit\u00e0 locali.<\/p>\n<p style=\"padding-left: 30px\">Scopriremo che il <strong>turismo sostenibile<\/strong> \u00e8 anche una possibilit\u00e0 da cogliere per rispondere alle esigenze di un mercato in crescita, un modo per differenziarsi e migliorare la propria attivit\u00e0 ricettiva.<\/p>\n<h2>Parleremo di:<\/h2>\n<ul>\n<li>Impatto del turismo sull&#8217;ambiente<\/li>\n<li>Turismo Sostenibile, un mercato in crescita<\/li>\n<li>Viaggiatori Responsabili<\/li>\n<li>Certificazioni ambientali per la sostenibilit\u00e0<\/li>\n<li>Green Marketing<\/li>\n<li>Buoni esempi e casi concreti per ridurre l&#8217;impatto ambientale dell&#8217;ospitalit\u00e0<\/li>\n<\/ul>\n<h2><a href=\"http:\/\/goo.gl\/forms\/lKbPrr7aCN\" target=\"_blank\"><u>Iscriviti online\u00a0qui<\/u><\/a><\/h2>\n<p><strong>Info:<\/strong> per dubbi e domande scrivici a info@ecobnb.com<\/p>\n<p><img class=\"alignnone wp-image-13924 size-full\" src=\"https:\/\/ecobnb.it\/blog\/app\/uploads\/sites\/2\/2015\/10\/locandina-fa-la-cosa-giusta-RETRO.png\" alt=\"Guida all'Ospitalit\u00e0 Green - Fa' la cosa giusta! Trento\" width=\"2480\" height=\"1748\" srcset=\"https:\/\/ecobnb.it\/blog\/app\/uploads\/sites\/2\/2015\/10\/locandina-fa-la-cosa-giusta-RETRO.png 2480w, https:\/\/ecobnb.it\/blog\/app\/uploads\/sites\/2\/2015\/10\/locandina-fa-la-cosa-giusta-RETRO-536x378.png 536w, https:\/\/ecobnb.it\/blog\/app\/uploads\/sites\/2\/2015\/10\/locandina-fa-la-cosa-giusta-RETRO-344x242.png 344w\" sizes=\"(max-width: 2480px) 100vw, 2480px\" \/><\/p>\n","protected":false},"excerpt":{"rendered":"<p>Fa&#8217; la cosa giusta! Trento 2015 Dove: Trento Fiere, Sala Conferenze, via Via Briamasco 2, Trento Quando: Venerd\u00ec 23 ottobre, ore 17:00 in Occasione dell&#8217;undicesima edizione di Fa&#8217; la cosa giusta! Trento Costo: ingresso gratuito, i posti sono limitati, ti preghiamo di\u00a0iscriverti online a questo link Programma Saluti e apertura dei lavori L&#8217;impatto ambientale del [&hellip;]<\/p>\n","protected":false},"author":3,"featured_media":13917,"parent":16232,"menu_order":0,"comment_status":"closed","ping_status":"open","template":"","meta":[],"acf":[],"yoast_head":"<!-- This site is optimized with the Yoast SEO plugin v19.9 - https:\/\/yoast.com\/wordpress\/plugins\/seo\/ -->\n<title>Guida all&#039;Ospitalit\u00e0 Green - Ecobnb<\/title>\n<meta name=\"description\" content=\"Guida all&#039;Ospitalit\u00e0 Green \u00e8 un incontro dedicato agli hotel e B&amp;B che vogliono fare qualcosa per ridurre la loro impronta ecologica, ecco come partecipare!\" \/>\n<meta name=\"robots\" content=\"index, follow, max-snippet:-1, max-image-preview:large, max-video-preview:-1\" \/>\n<link rel=\"canonical\" href=\"https:\/\/ecobnb.it\/blog\/eventi\/guida-ospitalita-green\/\" \/>\n<meta property=\"og:locale\" content=\"it_IT\" \/>\n<meta property=\"og:type\" content=\"article\" \/>\n<meta property=\"og:title\" content=\"Guida all&#039;Ospitalit\u00e0 Green - Ecobnb\" \/>\n<meta property=\"og:description\" content=\"Guida all&#039;Ospitalit\u00e0 Green \u00e8 un incontro dedicato agli hotel e B&amp;B che vogliono fare qualcosa per ridurre la loro impronta ecologica, ecco come partecipare!\" \/>\n<meta property=\"og:url\" content=\"https:\/\/ecobnb.it\/blog\/eventi\/guida-ospitalita-green\/\" \/>\n<meta property=\"og:site_name\" content=\"Ecobnb\" \/>\n<meta property=\"article:publisher\" content=\"https:\/\/www.facebook.com\/viaggiverdi\" \/>\n<meta property=\"article:modified_time\" content=\"2016-02-25T13:29:16+00:00\" \/>\n<meta property=\"og:image\" content=\"https:\/\/ecobnb.it\/blog\/app\/uploads\/sites\/2\/2015\/10\/FLCG-trento-2015.jpg\" \/>\n\t<meta property=\"og:image:width\" content=\"1170\" \/>\n\t<meta property=\"og:image:height\" content=\"420\" \/>\n\t<meta property=\"og:image:type\" content=\"image\/jpeg\" \/>\n<meta name=\"twitter:label1\" content=\"Est. reading time\" \/>\n\t<meta name=\"twitter:data1\" content=\"1 minute\" \/>\n<!-- \/ Yoast SEO plugin. -->","yoast_head_json":{"title":"Guida all'Ospitalit\u00e0 Green - Ecobnb","description":"Guida all'Ospitalit\u00e0 Green \u00e8 un incontro dedicato agli hotel e B&B che vogliono fare qualcosa per ridurre la loro impronta ecologica, ecco come partecipare!","robots":{"index":"index","follow":"follow","max-snippet":"max-snippet:-1","max-image-preview":"max-image-preview:large","max-video-preview":"max-video-preview:-1"},"canonical":"https:\/\/ecobnb.it\/blog\/eventi\/guida-ospitalita-green\/","og_locale":"it_IT","og_type":"article","og_title":"Guida all'Ospitalit\u00e0 Green - Ecobnb","og_description":"Guida all'Ospitalit\u00e0 Green \u00e8 un incontro dedicato agli hotel e B&B che vogliono fare qualcosa per ridurre la loro impronta ecologica, ecco come partecipare!","og_url":"https:\/\/ecobnb.it\/blog\/eventi\/guida-ospitalita-green\/","og_site_name":"Ecobnb","article_publisher":"https:\/\/www.facebook.com\/viaggiverdi","article_modified_time":"2016-02-25T13:29:16+00:00","og_image":[{"width":1170,"height":420,"url":"https:\/\/ecobnb.it\/blog\/app\/uploads\/sites\/2\/2015\/10\/FLCG-trento-2015.jpg","type":"image\/jpeg"}],"twitter_misc":{"Est. reading time":"1 minute"},"schema":{"@context":"https:\/\/schema.org","@graph":[{"@type":"WebPage","@id":"https:\/\/ecobnb.it\/blog\/eventi\/guida-ospitalita-green\/","url":"https:\/\/ecobnb.it\/blog\/eventi\/guida-ospitalita-green\/","name":"Guida all'Ospitalit\u00e0 Green - Ecobnb","isPartOf":{"@id":"https:\/\/ecobnb.it\/blog\/#website"},"datePublished":"2015-10-08T09:14:44+00:00","dateModified":"2016-02-25T13:29:16+00:00","description":"Guida all'Ospitalit\u00e0 Green \u00e8 un incontro dedicato agli hotel e B&B che vogliono fare qualcosa per ridurre la loro impronta ecologica, ecco come partecipare!","breadcrumb":{"@id":"https:\/\/ecobnb.it\/blog\/eventi\/guida-ospitalita-green\/#breadcrumb"},"inLanguage":"it-IT","potentialAction":[{"@type":"ReadAction","target":["https:\/\/ecobnb.it\/blog\/eventi\/guida-ospitalita-green\/"]}]},{"@type":"BreadcrumbList","@id":"https:\/\/ecobnb.it\/blog\/eventi\/guida-ospitalita-green\/#breadcrumb","itemListElement":[{"@type":"ListItem","position":1,"name":"Ecobnb Green Accademy: Eventi Formativi, workshop e Incontri","item":"https:\/\/ecobnb.it\/blog\/eventi\/"},{"@type":"ListItem","position":2,"name":"Guida all&#8217;Ospitalit\u00e0 Green"}]},{"@type":"WebSite","@id":"https:\/\/ecobnb.it\/blog\/#website","url":"https:\/\/ecobnb.it\/blog\/","name":"Ecobnb","description":"Trova il tuo Alloggio Ecosostenibile","publisher":{"@id":"https:\/\/ecobnb.it\/blog\/#organization"},"potentialAction":[{"@type":"SearchAction","target":{"@type":"EntryPoint","urlTemplate":"https:\/\/ecobnb.it\/blog\/?s={search_term_string}"},"query-input":"required name=search_term_string"}],"inLanguage":"it-IT"},{"@type":"Organization","@id":"https:\/\/ecobnb.it\/blog\/#organization","name":"Ecobnb","url":"https:\/\/ecobnb.it\/blog\/","logo":{"@type":"ImageObject","inLanguage":"it-IT","@id":"https:\/\/ecobnb.it\/blog\/#\/schema\/logo\/image\/","url":"https:\/\/ecobnb.it\/blog\/app\/uploads\/sites\/2\/2016\/03\/logo_transparent_512x512.png","contentUrl":"https:\/\/ecobnb.it\/blog\/app\/uploads\/sites\/2\/2016\/03\/logo_transparent_512x512.png","width":512,"height":512,"caption":"Ecobnb"},"image":{"@id":"https:\/\/ecobnb.it\/blog\/#\/schema\/logo\/image\/"},"sameAs":["https:\/\/www.facebook.com\/viaggiverdi"]}]}},"_links":{"self":[{"href":"https:\/\/ecobnb.it\/blog\/wp-json\/wp\/v2\/pages\/13919"}],"collection":[{"href":"https:\/\/ecobnb.it\/blog\/wp-json\/wp\/v2\/pages"}],"about":[{"href":"https:\/\/ecobnb.it\/blog\/wp-json\/wp\/v2\/types\/page"}],"author":[{"embeddable":true,"href":"https:\/\/ecobnb.it\/blog\/wp-json\/wp\/v2\/users\/3"}],"replies":[{"embeddable":true,"href":"https:\/\/ecobnb.it\/blog\/wp-json\/wp\/v2\/comments?post=13919"}],"version-history":[{"count":13,"href":"https:\/\/ecobnb.it\/blog\/wp-json\/wp\/v2\/pages\/13919\/revisions"}],"predecessor-version":[{"id":16540,"href":"https:\/\/ecobnb.it\/blog\/wp-json\/wp\/v2\/pages\/13919\/revisions\/16540"}],"up":[{"embeddable":true,"href":"https:\/\/ecobnb.it\/blog\/wp-json\/wp\/v2\/pages\/16232"}],"wp:featuredmedia":[{"embeddable":true,"href":"https:\/\/ecobnb.it\/blog\/wp-json\/wp\/v2\/media\/13917"}],"wp:attachment":[{"href":"https:\/\/ecobnb.it\/blog\/wp-json\/wp\/v2\/media?parent=13919"}],"curies":[{"name":"wp","href":"https:\/\/api.w.org\/{rel}","templated":true}]}}