{"id":13332,"date":"2015-07-24T11:23:19","date_gmt":"2015-07-24T09:23:19","guid":{"rendered":"https:\/\/ecobnb.it\/blog\/?page_id=13332"},"modified":"2016-02-25T14:32:18","modified_gmt":"2016-02-25T13:32:18","slug":"ecofuturo","status":"publish","type":"page","link":"https:\/\/ecobnb.it\/blog\/eventi\/ecofuturo\/","title":{"rendered":"Ecofuturo"},"content":{"rendered":"<p><strong>Dal 1 al 6 settembre<\/strong>\u00a02015 il\u00a0festival italiano dedicato alle <strong>eco-tecnologie<\/strong> e all&#8217;<strong>auto-costruzione<\/strong> \u00e8 in <strong>Umbria<\/strong>, nel cuore verde dell&#8217;Italia, alla<strong> Libera Universit\u00e0 di Alcatraz<\/strong>, Gubbio.<\/p>\n<p>Si parler\u00e0 di energia alternativa, edilizia ecologica, risparmio energetico, riuso e riciclo, open source, stampanti 3D, e molto altro.<\/p>\n<p>Il festival \u00e8 ospitato nella <strong><a href=\"https:\/\/ecobnb.it\/perugia\/agriturismo\/libera-universita-di-alcatraz\" target=\"_blank\">Libera Universit\u00e0 di Alcatraz<\/a><\/strong>, di <strong>Jacopo Fo<\/strong>, dove da oltre trent&#8217;anni si sperimentando le <strong>tecnologie sostenibili<\/strong> per l&#8217;abitare\u00a0(case ad alta efficienza energetica, bioarchitettura, fitodepurazione, produzione di energia e calore dagli scarti di legno o dai batteri) rappresentando un esempio importante e unico a livello nazionale.<\/p>\n<p>E&#8217;\u00a0una grande <strong>festa<\/strong> per far conoscere i vantaggi delle tecnologie sostenibili, e per far incontrare chi \u00e8 impegnato nella costruzione di un mondo migliore.<\/p>\n<p>Nonostante la crisi, l&#8217;Italia resta infatti all&#8217;avanguardia nel settore dell\u2019<strong>innovazione sostenibile<\/strong>. &#8220;Ci saranno diverse realt\u00e0 che stanno realizzando progetti straordinari&#8221; dicono gli organizzatori del festival &#8220;dalla casa costruita con una mega stampante 3D, a gruppi di progettazione condivisa, dalle plastiche prodotte dai batteri con scarti agricoli non commestibili, a sistemi per tagliare i consumi delle automobili&#8221;.<\/p>\n<p>Ecobnb partecipa alla tavola rotonda dedicata alla mobilit\u00e0 e al turismo, di <strong>marted\u00ec 1 settembre 2015<\/strong>, con l&#8217;intervento di Simone Riccardi, dal titolo &#8220;Quali scelte per un Turismo Sostenibile&#8221;?<\/p>\n<h4><a href=\"http:\/\/festivalecofuturo.myblog.it\/2015\/07\/11\/programma\/\" target=\"_blank\">Scoprite qui il programma completo degli eventi di Ecofuturo<\/a><\/h4>\n<p><strong>Info:<\/strong>\u00a0il\u00a0<strong><a href=\"http:\/\/www.festivalecofuturo.it\/\" target=\"_blank\">sito del festival Ecofuturo<\/a><\/strong>, e\u00a0la <a href=\"https:\/\/www.facebook.com\/events\/1659655087600440\/\" target=\"_blank\">pagina facebook di Ecofuturo<\/a><\/p>\n","protected":false},"excerpt":{"rendered":"<p>Dal 1 al 6 settembre\u00a02015 il\u00a0festival italiano dedicato alle eco-tecnologie e all&#8217;auto-costruzione \u00e8 in Umbria, nel cuore verde dell&#8217;Italia, alla Libera Universit\u00e0 di Alcatraz, Gubbio. Si parler\u00e0 di energia alternativa, edilizia ecologica, risparmio energetico, riuso e riciclo, open source, stampanti 3D, e molto altro. Il festival \u00e8 ospitato nella Libera Universit\u00e0 di Alcatraz, di Jacopo [&hellip;]<\/p>\n","protected":false},"author":3,"featured_media":13333,"parent":16232,"menu_order":0,"comment_status":"closed","ping_status":"closed","template":"","meta":[],"acf":[],"yoast_head":"<!-- This site is optimized with the Yoast SEO plugin v19.9 - https:\/\/yoast.com\/wordpress\/plugins\/seo\/ -->\n<title>Ecofuturo - Ecobnb<\/title>\n<meta name=\"description\" content=\"Ecobnb a Ecofuturo, il festival italiano dedicato alle eco-tecnologie e all&#039;auto-costruzione, in Umbria, Gubbio, dal 1 al 7 settembre 2015.\" \/>\n<meta name=\"robots\" content=\"index, follow, max-snippet:-1, max-image-preview:large, max-video-preview:-1\" \/>\n<link rel=\"canonical\" href=\"https:\/\/ecobnb.it\/blog\/eventi\/ecofuturo\/\" \/>\n<meta property=\"og:locale\" content=\"it_IT\" \/>\n<meta property=\"og:type\" content=\"article\" \/>\n<meta property=\"og:title\" content=\"Ecofuturo - Ecobnb\" \/>\n<meta property=\"og:description\" content=\"Ecobnb a Ecofuturo, il festival italiano dedicato alle eco-tecnologie e all&#039;auto-costruzione, in Umbria, Gubbio, dal 1 al 7 settembre 2015.\" \/>\n<meta property=\"og:url\" content=\"https:\/\/ecobnb.it\/blog\/eventi\/ecofuturo\/\" \/>\n<meta property=\"og:site_name\" content=\"Ecobnb\" \/>\n<meta property=\"article:publisher\" content=\"https:\/\/www.facebook.com\/viaggiverdi\" \/>\n<meta property=\"article:modified_time\" content=\"2016-02-25T13:32:18+00:00\" \/>\n<meta property=\"og:image\" content=\"https:\/\/ecobnb.it\/blog\/app\/uploads\/sites\/2\/2015\/07\/ecofuturo.jpg\" \/>\n\t<meta property=\"og:image:width\" content=\"1170\" \/>\n\t<meta property=\"og:image:height\" content=\"490\" \/>\n\t<meta property=\"og:image:type\" content=\"image\/jpeg\" \/>\n<meta name=\"twitter:label1\" content=\"Est. reading time\" \/>\n\t<meta name=\"twitter:data1\" content=\"1 minute\" \/>\n<!-- \/ Yoast SEO plugin. -->","yoast_head_json":{"title":"Ecofuturo - Ecobnb","description":"Ecobnb a Ecofuturo, il festival italiano dedicato alle eco-tecnologie e all'auto-costruzione, in Umbria, Gubbio, dal 1 al 7 settembre 2015.","robots":{"index":"index","follow":"follow","max-snippet":"max-snippet:-1","max-image-preview":"max-image-preview:large","max-video-preview":"max-video-preview:-1"},"canonical":"https:\/\/ecobnb.it\/blog\/eventi\/ecofuturo\/","og_locale":"it_IT","og_type":"article","og_title":"Ecofuturo - Ecobnb","og_description":"Ecobnb a Ecofuturo, il festival italiano dedicato alle eco-tecnologie e all'auto-costruzione, in Umbria, Gubbio, dal 1 al 7 settembre 2015.","og_url":"https:\/\/ecobnb.it\/blog\/eventi\/ecofuturo\/","og_site_name":"Ecobnb","article_publisher":"https:\/\/www.facebook.com\/viaggiverdi","article_modified_time":"2016-02-25T13:32:18+00:00","og_image":[{"width":1170,"height":490,"url":"https:\/\/ecobnb.it\/blog\/app\/uploads\/sites\/2\/2015\/07\/ecofuturo.jpg","type":"image\/jpeg"}],"twitter_misc":{"Est. reading time":"1 minute"},"schema":{"@context":"https:\/\/schema.org","@graph":[{"@type":"WebPage","@id":"https:\/\/ecobnb.it\/blog\/eventi\/ecofuturo\/","url":"https:\/\/ecobnb.it\/blog\/eventi\/ecofuturo\/","name":"Ecofuturo - Ecobnb","isPartOf":{"@id":"https:\/\/ecobnb.it\/blog\/#website"},"datePublished":"2015-07-24T09:23:19+00:00","dateModified":"2016-02-25T13:32:18+00:00","description":"Ecobnb a Ecofuturo, il festival italiano dedicato alle eco-tecnologie e all'auto-costruzione, in Umbria, Gubbio, dal 1 al 7 settembre 2015.","breadcrumb":{"@id":"https:\/\/ecobnb.it\/blog\/eventi\/ecofuturo\/#breadcrumb"},"inLanguage":"it-IT","potentialAction":[{"@type":"ReadAction","target":["https:\/\/ecobnb.it\/blog\/eventi\/ecofuturo\/"]}]},{"@type":"BreadcrumbList","@id":"https:\/\/ecobnb.it\/blog\/eventi\/ecofuturo\/#breadcrumb","itemListElement":[{"@type":"ListItem","position":1,"name":"Ecobnb Green Accademy: Eventi Formativi, workshop e Incontri","item":"https:\/\/ecobnb.it\/blog\/eventi\/"},{"@type":"ListItem","position":2,"name":"Ecofuturo"}]},{"@type":"WebSite","@id":"https:\/\/ecobnb.it\/blog\/#website","url":"https:\/\/ecobnb.it\/blog\/","name":"Ecobnb","description":"Trova il tuo Alloggio Ecosostenibile","publisher":{"@id":"https:\/\/ecobnb.it\/blog\/#organization"},"potentialAction":[{"@type":"SearchAction","target":{"@type":"EntryPoint","urlTemplate":"https:\/\/ecobnb.it\/blog\/?s={search_term_string}"},"query-input":"required name=search_term_string"}],"inLanguage":"it-IT"},{"@type":"Organization","@id":"https:\/\/ecobnb.it\/blog\/#organization","name":"Ecobnb","url":"https:\/\/ecobnb.it\/blog\/","logo":{"@type":"ImageObject","inLanguage":"it-IT","@id":"https:\/\/ecobnb.it\/blog\/#\/schema\/logo\/image\/","url":"https:\/\/ecobnb.it\/blog\/app\/uploads\/sites\/2\/2016\/03\/logo_transparent_512x512.png","contentUrl":"https:\/\/ecobnb.it\/blog\/app\/uploads\/sites\/2\/2016\/03\/logo_transparent_512x512.png","width":512,"height":512,"caption":"Ecobnb"},"image":{"@id":"https:\/\/ecobnb.it\/blog\/#\/schema\/logo\/image\/"},"sameAs":["https:\/\/www.facebook.com\/viaggiverdi"]}]}},"_links":{"self":[{"href":"https:\/\/ecobnb.it\/blog\/wp-json\/wp\/v2\/pages\/13332"}],"collection":[{"href":"https:\/\/ecobnb.it\/blog\/wp-json\/wp\/v2\/pages"}],"about":[{"href":"https:\/\/ecobnb.it\/blog\/wp-json\/wp\/v2\/types\/page"}],"author":[{"embeddable":true,"href":"https:\/\/ecobnb.it\/blog\/wp-json\/wp\/v2\/users\/3"}],"replies":[{"embeddable":true,"href":"https:\/\/ecobnb.it\/blog\/wp-json\/wp\/v2\/comments?post=13332"}],"version-history":[{"count":5,"href":"https:\/\/ecobnb.it\/blog\/wp-json\/wp\/v2\/pages\/13332\/revisions"}],"predecessor-version":[{"id":13338,"href":"https:\/\/ecobnb.it\/blog\/wp-json\/wp\/v2\/pages\/13332\/revisions\/13338"}],"up":[{"embeddable":true,"href":"https:\/\/ecobnb.it\/blog\/wp-json\/wp\/v2\/pages\/16232"}],"wp:featuredmedia":[{"embeddable":true,"href":"https:\/\/ecobnb.it\/blog\/wp-json\/wp\/v2\/media\/13333"}],"wp:attachment":[{"href":"https:\/\/ecobnb.it\/blog\/wp-json\/wp\/v2\/media?parent=13332"}],"curies":[{"name":"wp","href":"https:\/\/api.w.org\/{rel}","templated":true}]}}