{"id":12078,"date":"2015-03-23T13:25:53","date_gmt":"2015-03-23T12:25:53","guid":{"rendered":"https:\/\/ecobnb.it\/blog\/?page_id=12078"},"modified":"2018-02-27T16:25:17","modified_gmt":"2018-02-27T15:25:17","slug":"parma-weekend-bicicletta","status":"publish","type":"page","link":"https:\/\/ecobnb.it\/blog\/eventi\/parma-weekend-bicicletta\/","title":{"rendered":"In bici con gusto, alla scoperta delle bellezze dei parchi di Parma"},"content":{"rendered":"<p>22\u00a0maggio | 23\u00a0maggio | 24\u00a0maggio<\/p>\n<p>Un weekend in <strong>bicicletta<\/strong> alla scoperta delle bellezze del territorio di Parma e del gusto unico della sua cucina, in occasione del <strong>Festival del Turismo Responsabile It.a.c\u00e0<\/strong>, Migranti e Viaggiatori 2o15.<\/p>\n\n\t\t<style type=\"text\/css\">\n\t\t\t#gallery-1 {\n\t\t\t\tmargin: auto;\n\t\t\t}\n\t\t\t#gallery-1 .gallery-item {\n\t\t\t\tfloat: left;\n\t\t\t\tmargin-top: 10px;\n\t\t\t\ttext-align: center;\n\t\t\t\twidth: 33%;\n\t\t\t}\n\t\t\t#gallery-1 img {\n\t\t\t\tborder: 2px solid #cfcfcf;\n\t\t\t}\n\t\t\t#gallery-1 .gallery-caption {\n\t\t\t\tmargin-left: 0;\n\t\t\t}\n\t\t\t\/* see gallery_shortcode() in wp-includes\/media.php *\/\n\t\t<\/style>\n\t\t<div id='gallery-1' class='gallery galleryid-12078 gallery-columns-3 gallery-size-thumbnail'><dl class='gallery-item'>\n\t\t\t<dt class='gallery-icon landscape'>\n\t\t\t\t<a href='https:\/\/ecobnb.it\/blog\/eventi\/parma-weekend-bicicletta\/torrente-la-villa_parco-dello-stirone_turismo-emilia-romagna_via-flickr\/#main'><img width=\"270\" height=\"200\" src=\"https:\/\/ecobnb.it\/blog\/app\/uploads\/sites\/2\/2015\/03\/Torrente-La-Villa_Parco-dello-Stirone_Turismo-Emilia-Romagna_via-flickr-270x200.jpg\" class=\"attachment-thumbnail size-thumbnail\" alt=\"Parco dello Stirone in primavera, papaveri rossi lungo il Torrente\" aria-describedby=\"gallery-1-12081\" \/><\/a>\n\t\t\t<\/dt>\n\t\t\t\t<dd class='wp-caption-text gallery-caption' id='gallery-1-12081'>\n\t\t\t\tParco dello Stirone in primavera, foto di Turismo Emilia Romagna, via flickr\n\t\t\t\t<\/dd><\/dl><dl class='gallery-item'>\n\t\t\t<dt class='gallery-icon landscape'>\n\t\t\t\t<a href='https:\/\/ecobnb.it\/blog\/eventi\/parma-weekend-bicicletta\/02-noleggio-bici-e-piste-ciclabili\/#main'><img width=\"270\" height=\"200\" src=\"https:\/\/ecobnb.it\/blog\/app\/uploads\/sites\/2\/2015\/03\/02-noleggio-bici-e-piste-ciclabili-270x200.jpg\" class=\"attachment-thumbnail size-thumbnail\" alt=\"\" \/><\/a>\n\t\t\t<\/dt><\/dl><dl class='gallery-item'>\n\t\t\t<dt class='gallery-icon landscape'>\n\t\t\t\t<a href='https:\/\/ecobnb.it\/blog\/eventi\/parma-weekend-bicicletta\/corte-di-giarola_turismo-emilia-romagna_via-flickr\/#main'><img width=\"270\" height=\"200\" src=\"https:\/\/ecobnb.it\/blog\/app\/uploads\/sites\/2\/2015\/03\/Corte-di-Giarola_Turismo-Emilia-Romagna_via-flickr-270x200.jpg\" class=\"attachment-thumbnail size-thumbnail\" alt=\"Corte di Giarola, Parco del Taro, Turismo Emilia Romagna, via flickr\" aria-describedby=\"gallery-1-12082\" \/><\/a>\n\t\t\t<\/dt>\n\t\t\t\t<dd class='wp-caption-text gallery-caption' id='gallery-1-12082'>\n\t\t\t\tCorte di Giarola, Parco del Taro, Turismo Emilia Romagna, via flickr\n\t\t\t\t<\/dd><\/dl><br style=\"clear: both\" \/>\n\t\t<\/div>\n\n<p>Parma \u00e8 la citt\u00e0 della<strong> bicicletta<\/strong> e uno dei luoghi dove si mangia meglio al mondo (Forbes).<\/p>\n<p>Due suggestivi <strong>itinerari ciclabili<\/strong> ci condurranno\u00a0alla scoperta del suo territorio, attraverso meravigliosi <strong>parchi naturali<\/strong>, boschi e corsi d&#8217;acqua, <strong><a title=\"Castello di Scipione, Salsomaggiore Terme, Parma\" href=\"https:\/\/ecobnb.it\/parma\/residence-o-appartamento.tenuta\/castello-di-scipione\" target=\"_blank\">antichi castelli<\/a><\/strong> e nuovissimi <strong>musei del cibo<\/strong>, fattorie tipiche che preservano frutti antichi e degustazioni locali che non conoscevate&#8230; pronti per partire?<\/p>\n\n\t\t<style type=\"text\/css\">\n\t\t\t#gallery-2 {\n\t\t\t\tmargin: auto;\n\t\t\t}\n\t\t\t#gallery-2 .gallery-item {\n\t\t\t\tfloat: left;\n\t\t\t\tmargin-top: 10px;\n\t\t\t\ttext-align: center;\n\t\t\t\twidth: 33%;\n\t\t\t}\n\t\t\t#gallery-2 img {\n\t\t\t\tborder: 2px solid #cfcfcf;\n\t\t\t}\n\t\t\t#gallery-2 .gallery-caption {\n\t\t\t\tmargin-left: 0;\n\t\t\t}\n\t\t\t\/* see gallery_shortcode() in wp-includes\/media.php *\/\n\t\t<\/style>\n\t\t<div id='gallery-2' class='gallery galleryid-12078 gallery-columns-3 gallery-size-thumbnail'><dl class='gallery-item'>\n\t\t\t<dt class='gallery-icon landscape'>\n\t\t\t\t<a href='https:\/\/ecobnb.it\/blog\/eventi\/parma-weekend-bicicletta\/museo_della_pasta_corte_di_giarola_collecchio\/#main'><img width=\"270\" height=\"200\" src=\"https:\/\/ecobnb.it\/blog\/app\/uploads\/sites\/2\/2015\/03\/Museo_della_Pasta_Corte_di_Giarola_Collecchio-270x200.jpg\" class=\"attachment-thumbnail size-thumbnail\" alt=\"Museo della Pasta, Corte di Giarola, Collecchio, Parma\" aria-describedby=\"gallery-2-12085\" \/><\/a>\n\t\t\t<\/dt>\n\t\t\t\t<dd class='wp-caption-text gallery-caption' id='gallery-2-12085'>\n\t\t\t\tMuseo della Pasta, Corte di Giarola, Collecchio, Parma\n\t\t\t\t<\/dd><\/dl><dl class='gallery-item'>\n\t\t\t<dt class='gallery-icon landscape'>\n\t\t\t\t<a href='https:\/\/ecobnb.it\/blog\/eventi\/parma-weekend-bicicletta\/castello-di-scipione_turismo-emilia-romagna_via-flickr-2\/#main'><img width=\"270\" height=\"200\" src=\"https:\/\/ecobnb.it\/blog\/app\/uploads\/sites\/2\/2015\/03\/Castello-di-Scipione_Turismo-Emilia-Romagna_via-flickr1-270x200.jpg\" class=\"attachment-thumbnail size-thumbnail\" alt=\"Castello di Scipione, lungo il percorso della ciclovia dello Stirone, Salsomaggiore Terme, Parma\" aria-describedby=\"gallery-2-12087\" \/><\/a>\n\t\t\t<\/dt>\n\t\t\t\t<dd class='wp-caption-text gallery-caption' id='gallery-2-12087'>\n\t\t\t\tCastello di Scipione, lungo il percorso della ciclovia dello Stirone, Salsomaggiore Terme, Parma\n\t\t\t\t<\/dd><\/dl><dl class='gallery-item'>\n\t\t\t<dt class='gallery-icon landscape'>\n\t\t\t\t<a href='https:\/\/ecobnb.it\/blog\/eventi\/parma-weekend-bicicletta\/salsomaggiore-terme_turismo-emilia-romagna_via-flickr\/#main'><img width=\"270\" height=\"200\" src=\"https:\/\/ecobnb.it\/blog\/app\/uploads\/sites\/2\/2015\/03\/Salsomaggiore-Terme_Turismo-Emilia-Romagna_via-flickr-270x200.jpg\" class=\"attachment-thumbnail size-thumbnail\" alt=\"Salsomaggiore Terme, foto di Turismo Emilia Romagna, via flickr\" aria-describedby=\"gallery-2-12086\" \/><\/a>\n\t\t\t<\/dt>\n\t\t\t\t<dd class='wp-caption-text gallery-caption' id='gallery-2-12086'>\n\t\t\t\tSalsomaggiore Terme, foto di Turismo Emilia Romagna, via flickr\n\t\t\t\t<\/dd><\/dl><br style=\"clear: both\" \/>\n\t\t<\/div>\n\n<h4>Costo di partecipazione\u00a0(3 giorni e 2 notti):<\/h4>\n<h4><span style=\"color: #ff0000;\">99 euro a persona<\/span><\/h4>\n<h4><del>i<\/del><del>nvece di\u00a0140 euro<\/del> (-30%)\u00a0 per chi si iscrive entro il\u00a07 aprile 2015<\/h4>\n<h4><span style=\"color: #ff0000;\">Ancora 10 posti disponibili<\/span><\/h4>\n<p><em>Comprensivo di:\u00a0&#8211; 2 pernottamenti in B&amp;B eco-friendly (venerd\u00ec 22 e sabato 23 maggio)\u00a0&#8211; 2 itinerari in bicicletta guidati (sabato 23 e domenica 24 maggio) &#8211; assicurazione (RC e infortuni)\u00a0&#8211; pranzo in azienda agricola (domenica 24 maggio)\u00a0&#8211; visite guidate ai musei del cibo (sabato 23 maggio)\u00a0&#8211; visita guidata al castello di Scipione (domenica 24 maggio)\u00a0&#8211; degustazione tipica (domenica 24 maggio).<\/em><\/p>\n<h3><strong>Prenota con Paypal<\/strong><\/h3>\n<p>costo di preiscrizione: 20 euro (saldo 79 euro all&#8217;arrivo)<\/p>\n<form action=\"https:\/\/www.paypal.com\/cgi-bin\/webscr\" method=\"post\" target=\"_top\">\n<table>\n<tbody>\n<tr>\n<td>Numero partecipanti<\/td>\n<\/tr>\n<tr>\n<td>1 persona \u20ac20,00 EUR<br \/>\n2 persone \u20ac40,00 EUR<br \/>\n3 persone \u20ac60,00 EUR<br \/>\n4 persone \u20ac80,00 EUR<br \/>\n5 persone \u20ac100,00 EUR<\/td>\n<\/tr>\n<tr>\n<td>Commenti<\/td>\n<\/tr>\n<tr>\n<td><\/td>\n<\/tr>\n<\/tbody>\n<\/table>\n<p><img src=\"https:\/\/www.paypalobjects.com\/it_IT\/i\/scr\/pixel.gif\" alt=\"\" width=\"1\" height=\"1\" border=\"0\" \/><\/p>\n<\/form>\n<p>&nbsp;<\/p>\n<h2><strong>Programma dettagliato dei 3 giorni:<\/strong><\/h2>\n<h3>VENERDI\u00a022 MAGGIO<\/h3>\n<p>Arrivo con mezzi propri e pernottamento in uno dei bed &amp; breakfast eco-sostenibili di\u00a0Ecobnb, aperitivo di benvenuto.<\/p>\n<h3>SABATO\u00a023 MAGGIO<\/h3>\n<p>Dopo una prima colazione biologica e a km zero, visita libera alla citt\u00e0.<\/p>\n<p>Nel primo pomeriggio (14.00 circa) si parte <strong>in Bicicletta alla scoperta del Parco del Taro\u00a0e dei Musei del Cibo<\/strong>: itinerario facile in bicicletta da Collecchio (o da Parma per i pi\u00f9 instancabili) alla Corte di Giarola, lungo le Ciclovia Parco del Taro, con visite guidate al Museo del Pomodoro e al Museo della Pasta.<\/p>\n<h3>DOMENICA 24 MAGGIO<\/h3>\n<p>Dopo una ricca colazione si va in treno da Parma a Fidenza, e da qui si parte in bici alla scoperta della ciclovia dello Stirone percorrendo circa 40 km fino a\u00a0Salsomaggiore Terme, con soste golose e visita al Castello di Scipione.<\/p>\n<p>Partenza dalla stazione dei treni di Fidenza per percorre la recente Ciclovia del Parco dello Stirone. Durante la ciclo-passeggiata ci si visiter\u00e0 il Castello di Scipione, si deguster\u00e0 la famosa focaccia dolce del pasticcere Tosi, si pranzer\u00e0 al buffet nell\u2019azienda agricola \u201cColle Rio Stirpi\u201d e si visiter\u00e0 l\u2019azienda agricola con i suoi alberi antichi e ulivi.<\/p>\n<p>&nbsp;<\/p>\n<h4>Evento organizzato da:<\/h4>\n<p><a href=\"https:\/\/ecobnb.com\/blog\/app\/uploads\/sites\/3\/2015\/03\/ECOBNB-ok.png\"><img class=\"alignnone wp-image-5791\" src=\"https:\/\/ecobnb.it\/blog\/app\/uploads\/sites\/3\/2015\/03\/ECOBNB-ok.png\" alt=\"ECOBNB ok\" width=\"160\" height=\"112\" \/><\/a>\u00a0 \u00a0 \u00a0\u00a0<a href=\"http:\/\/festivalitaca.net\"><img class=\"alignnone wp-image-7267\" src=\"https:\/\/ecobnb.it\/blog\/app\/uploads\/sites\/2\/2014\/04\/itaca_LOGO_NEW1-536x667.jpg\" alt=\"itaca_LOGO_NEW\" width=\"97\" height=\"121\" srcset=\"https:\/\/ecobnb.it\/blog\/app\/uploads\/sites\/2\/2014\/04\/itaca_LOGO_NEW1-536x667.jpg 536w, https:\/\/ecobnb.it\/blog\/app\/uploads\/sites\/2\/2014\/04\/itaca_LOGO_NEW1-344x428.jpg 344w, https:\/\/ecobnb.it\/blog\/app\/uploads\/sites\/2\/2014\/04\/itaca_LOGO_NEW1.jpg 1614w\" sizes=\"(max-width: 97px) 100vw, 97px\" \/><\/a>\u00a0 \u00a0 \u00a0 \u00a0\u00a0<a href=\"https:\/\/ecobnb.com\/blog\/app\/uploads\/sites\/3\/2015\/03\/logo-fiab-parma.jpg\"><img class=\"alignnone wp-image-5798\" src=\"https:\/\/ecobnb.it\/blog\/app\/uploads\/sites\/3\/2015\/03\/logo-fiab-parma.jpg\" alt=\"logo fiab parma\" width=\"210\" height=\"112\" \/><\/a>\u00a0 \u00a0 \u00a0 \u00a0<a href=\"https:\/\/ecobnb.it\/blog\/app\/uploads\/sites\/2\/2015\/03\/BFS.png\"><img class=\"alignnone wp-image-12088\" src=\"https:\/\/ecobnb.it\/blog\/app\/uploads\/sites\/2\/2015\/03\/BFS-536x611.png\" alt=\"Bike Food Stories logo\" width=\"125\" height=\"142\" srcset=\"https:\/\/ecobnb.it\/blog\/app\/uploads\/sites\/2\/2015\/03\/BFS-536x611.png 536w, https:\/\/ecobnb.it\/blog\/app\/uploads\/sites\/2\/2015\/03\/BFS-344x392.png 344w, https:\/\/ecobnb.it\/blog\/app\/uploads\/sites\/2\/2015\/03\/BFS.png 1872w\" sizes=\"(max-width: 125px) 100vw, 125px\" \/><\/a><\/p>\n<p>&nbsp;<\/p>\n<p>Con il\u00a0contributo di:<\/p>\n<p><a href=\"http:\/\/www.parchidelducato.it\/\"><img class=\"alignnone wp-image-7266\" src=\"https:\/\/ecobnb.it\/blog\/app\/uploads\/sites\/2\/2014\/04\/Parchi-del-Ducato1-536x311.jpg\" alt=\"Parchi del Ducato\" width=\"203\" height=\"118\" srcset=\"https:\/\/ecobnb.it\/blog\/app\/uploads\/sites\/2\/2014\/04\/Parchi-del-Ducato1-536x311.jpg 536w, https:\/\/ecobnb.it\/blog\/app\/uploads\/sites\/2\/2014\/04\/Parchi-del-Ducato1-344x199.jpg 344w\" sizes=\"(max-width: 203px) 100vw, 203px\" \/><\/a>\u00a0 \u00a0 \u00a0 \u00a0 \u00a0 \u00a0<a href=\"https:\/\/ecobnb.com\/blog\/app\/uploads\/sites\/3\/2015\/03\/Comune-Parma-Logo.jpg\"><img class=\"alignnone wp-image-5799\" src=\"https:\/\/ecobnb.it\/blog\/app\/uploads\/sites\/3\/2015\/03\/Comune-Parma-Logo.jpg\" alt=\"Comune Parma Logo\" width=\"130\" height=\"120\" \/><\/a><\/p>\n<p>&nbsp;<\/p>\n<p>In collaborazione con:<\/p>\n<p><span style=\"line-height: 1.5em;\">\u00a0<\/span><a href=\"http:\/\/slowfoodparma.blogspot.it\/\"><img class=\"alignnone wp-image-7268\" style=\"line-height: 1.5em;\" src=\"https:\/\/ecobnb.it\/blog\/app\/uploads\/sites\/2\/2014\/04\/SlowFoodCondottaParma.jpg\" alt=\"SlowFoodCondottaParma\" width=\"130\" height=\"74\" \/><\/a>\u00a0 \u00a0 \u00a0 \u00a0 \u00a0 \u00a0\u00a0<img class=\"alignnone wp-image-29941\" src=\"https:\/\/ecobnb.it\/blog\/app\/uploads\/sites\/2\/2013\/05\/2017-logo-ella-studio.jpeg\" alt=\"Ella Studio\" width=\"150\" height=\"142\" srcset=\"https:\/\/ecobnb.it\/blog\/app\/uploads\/sites\/2\/2013\/05\/2017-logo-ella-studio.jpeg 509w, https:\/\/ecobnb.it\/blog\/app\/uploads\/sites\/2\/2013\/05\/2017-logo-ella-studio-344x325.jpeg 344w\" sizes=\"(max-width: 150px) 100vw, 150px\" \/>\u00a0 \u00a0 \u00a0 \u00a0<span style=\"line-height: 1.5em;\">\u00a0 \u00a0 \u00a0 \u00a0 \u00a0 \u00a0 \u00a0 \u00a0 \u00a0 \u00a0 \u00a0 <\/span><span style=\"line-height: 1.5em;\">\u00a0 \u00a0<\/span><\/p>\n<p>&nbsp;<\/p>\n<p>Con il Patrocinio di:<\/p>\n<p><a href=\"http:\/\/www.provincia.parma.it\/\"><img class=\"alignnone wp-image-7269\" src=\"https:\/\/ecobnb.it\/blog\/app\/uploads\/sites\/2\/2014\/04\/provinciadiparma-536x485.jpg\" alt=\"provinciadiparma\" width=\"142\" height=\"129\" srcset=\"https:\/\/ecobnb.it\/blog\/app\/uploads\/sites\/2\/2014\/04\/provinciadiparma-536x485.jpg 536w, https:\/\/ecobnb.it\/blog\/app\/uploads\/sites\/2\/2014\/04\/provinciadiparma-344x311.jpg 344w, https:\/\/ecobnb.it\/blog\/app\/uploads\/sites\/2\/2014\/04\/provinciadiparma.jpg 628w\" sizes=\"(max-width: 142px) 100vw, 142px\" \/><\/a><\/p>\n<p>&nbsp;<\/p>\n","protected":false},"excerpt":{"rendered":"<p>22\u00a0maggio | 23\u00a0maggio | 24\u00a0maggio Un weekend in bicicletta alla scoperta delle bellezze del territorio di Parma e del gusto unico della sua cucina, in occasione del Festival del Turismo Responsabile It.a.c\u00e0, Migranti e Viaggiatori 2o15. Parma \u00e8 la citt\u00e0 della bicicletta e uno dei luoghi dove si mangia meglio al mondo (Forbes). Due suggestivi [&hellip;]<\/p>\n","protected":false},"author":3,"featured_media":12090,"parent":16232,"menu_order":0,"comment_status":"closed","ping_status":"closed","template":"","meta":[],"acf":[],"yoast_head":"<!-- This site is optimized with the Yoast SEO plugin v19.9 - https:\/\/yoast.com\/wordpress\/plugins\/seo\/ -->\n<title>In bici con gusto, alla scoperta delle bellezze dei parchi di Parma - Ecobnb<\/title>\n<meta name=\"robots\" content=\"index, follow, max-snippet:-1, max-image-preview:large, max-video-preview:-1\" \/>\n<link rel=\"canonical\" href=\"https:\/\/ecobnb.it\/blog\/eventi\/parma-weekend-bicicletta\/\" \/>\n<meta property=\"og:locale\" content=\"it_IT\" \/>\n<meta property=\"og:type\" content=\"article\" \/>\n<meta property=\"og:title\" content=\"In bici con gusto, alla scoperta delle bellezze dei parchi di Parma - Ecobnb\" \/>\n<meta property=\"og:description\" content=\"22\u00a0maggio | 23\u00a0maggio | 24\u00a0maggio Un weekend in bicicletta alla scoperta delle bellezze del territorio di Parma e del gusto unico della sua cucina, in occasione del Festival del Turismo Responsabile It.a.c\u00e0, Migranti e Viaggiatori 2o15. Parma \u00e8 la citt\u00e0 della bicicletta e uno dei luoghi dove si mangia meglio al mondo (Forbes). Due suggestivi [&hellip;]\" \/>\n<meta property=\"og:url\" content=\"https:\/\/ecobnb.it\/blog\/eventi\/parma-weekend-bicicletta\/\" \/>\n<meta property=\"og:site_name\" content=\"Ecobnb\" \/>\n<meta property=\"article:publisher\" content=\"https:\/\/www.facebook.com\/viaggiverdi\" \/>\n<meta property=\"article:modified_time\" content=\"2018-02-27T15:25:17+00:00\" \/>\n<meta property=\"og:image\" content=\"https:\/\/ecobnb.it\/blog\/app\/uploads\/sites\/2\/2015\/03\/Parma-in-bicicletta.jpg\" \/>\n\t<meta property=\"og:image:width\" content=\"1170\" \/>\n\t<meta property=\"og:image:height\" content=\"490\" \/>\n\t<meta property=\"og:image:type\" content=\"image\/jpeg\" \/>\n<meta name=\"twitter:label1\" content=\"Est. reading time\" \/>\n\t<meta name=\"twitter:data1\" content=\"2 minutes\" \/>\n<!-- \/ Yoast SEO plugin. -->","yoast_head_json":{"title":"In bici con gusto, alla scoperta delle bellezze dei parchi di Parma - Ecobnb","robots":{"index":"index","follow":"follow","max-snippet":"max-snippet:-1","max-image-preview":"max-image-preview:large","max-video-preview":"max-video-preview:-1"},"canonical":"https:\/\/ecobnb.it\/blog\/eventi\/parma-weekend-bicicletta\/","og_locale":"it_IT","og_type":"article","og_title":"In bici con gusto, alla scoperta delle bellezze dei parchi di Parma - Ecobnb","og_description":"22\u00a0maggio | 23\u00a0maggio | 24\u00a0maggio Un weekend in bicicletta alla scoperta delle bellezze del territorio di Parma e del gusto unico della sua cucina, in occasione del Festival del Turismo Responsabile It.a.c\u00e0, Migranti e Viaggiatori 2o15. Parma \u00e8 la citt\u00e0 della bicicletta e uno dei luoghi dove si mangia meglio al mondo (Forbes). Due suggestivi [&hellip;]","og_url":"https:\/\/ecobnb.it\/blog\/eventi\/parma-weekend-bicicletta\/","og_site_name":"Ecobnb","article_publisher":"https:\/\/www.facebook.com\/viaggiverdi","article_modified_time":"2018-02-27T15:25:17+00:00","og_image":[{"width":1170,"height":490,"url":"https:\/\/ecobnb.it\/blog\/app\/uploads\/sites\/2\/2015\/03\/Parma-in-bicicletta.jpg","type":"image\/jpeg"}],"twitter_misc":{"Est. reading time":"2 minutes"},"schema":{"@context":"https:\/\/schema.org","@graph":[{"@type":"WebPage","@id":"https:\/\/ecobnb.it\/blog\/eventi\/parma-weekend-bicicletta\/","url":"https:\/\/ecobnb.it\/blog\/eventi\/parma-weekend-bicicletta\/","name":"In bici con gusto, alla scoperta delle bellezze dei parchi di Parma - Ecobnb","isPartOf":{"@id":"https:\/\/ecobnb.it\/blog\/#website"},"datePublished":"2015-03-23T12:25:53+00:00","dateModified":"2018-02-27T15:25:17+00:00","breadcrumb":{"@id":"https:\/\/ecobnb.it\/blog\/eventi\/parma-weekend-bicicletta\/#breadcrumb"},"inLanguage":"it-IT","potentialAction":[{"@type":"ReadAction","target":["https:\/\/ecobnb.it\/blog\/eventi\/parma-weekend-bicicletta\/"]}]},{"@type":"BreadcrumbList","@id":"https:\/\/ecobnb.it\/blog\/eventi\/parma-weekend-bicicletta\/#breadcrumb","itemListElement":[{"@type":"ListItem","position":1,"name":"Ecobnb Green Accademy: Eventi Formativi, workshop e Incontri","item":"https:\/\/ecobnb.it\/blog\/eventi\/"},{"@type":"ListItem","position":2,"name":"In bici con gusto, alla scoperta delle bellezze dei parchi di Parma"}]},{"@type":"WebSite","@id":"https:\/\/ecobnb.it\/blog\/#website","url":"https:\/\/ecobnb.it\/blog\/","name":"Ecobnb","description":"Trova il tuo Alloggio Ecosostenibile","publisher":{"@id":"https:\/\/ecobnb.it\/blog\/#organization"},"potentialAction":[{"@type":"SearchAction","target":{"@type":"EntryPoint","urlTemplate":"https:\/\/ecobnb.it\/blog\/?s={search_term_string}"},"query-input":"required name=search_term_string"}],"inLanguage":"it-IT"},{"@type":"Organization","@id":"https:\/\/ecobnb.it\/blog\/#organization","name":"Ecobnb","url":"https:\/\/ecobnb.it\/blog\/","logo":{"@type":"ImageObject","inLanguage":"it-IT","@id":"https:\/\/ecobnb.it\/blog\/#\/schema\/logo\/image\/","url":"https:\/\/ecobnb.it\/blog\/app\/uploads\/sites\/2\/2016\/03\/logo_transparent_512x512.png","contentUrl":"https:\/\/ecobnb.it\/blog\/app\/uploads\/sites\/2\/2016\/03\/logo_transparent_512x512.png","width":512,"height":512,"caption":"Ecobnb"},"image":{"@id":"https:\/\/ecobnb.it\/blog\/#\/schema\/logo\/image\/"},"sameAs":["https:\/\/www.facebook.com\/viaggiverdi"]}]}},"_links":{"self":[{"href":"https:\/\/ecobnb.it\/blog\/wp-json\/wp\/v2\/pages\/12078"}],"collection":[{"href":"https:\/\/ecobnb.it\/blog\/wp-json\/wp\/v2\/pages"}],"about":[{"href":"https:\/\/ecobnb.it\/blog\/wp-json\/wp\/v2\/types\/page"}],"author":[{"embeddable":true,"href":"https:\/\/ecobnb.it\/blog\/wp-json\/wp\/v2\/users\/3"}],"replies":[{"embeddable":true,"href":"https:\/\/ecobnb.it\/blog\/wp-json\/wp\/v2\/comments?post=12078"}],"version-history":[{"count":19,"href":"https:\/\/ecobnb.it\/blog\/wp-json\/wp\/v2\/pages\/12078\/revisions"}],"predecessor-version":[{"id":29998,"href":"https:\/\/ecobnb.it\/blog\/wp-json\/wp\/v2\/pages\/12078\/revisions\/29998"}],"up":[{"embeddable":true,"href":"https:\/\/ecobnb.it\/blog\/wp-json\/wp\/v2\/pages\/16232"}],"wp:featuredmedia":[{"embeddable":true,"href":"https:\/\/ecobnb.it\/blog\/wp-json\/wp\/v2\/media\/12090"}],"wp:attachment":[{"href":"https:\/\/ecobnb.it\/blog\/wp-json\/wp\/v2\/media?parent=12078"}],"curies":[{"name":"wp","href":"https:\/\/api.w.org\/{rel}","templated":true}]}}