{"id":12067,"date":"2015-03-20T13:38:09","date_gmt":"2015-03-20T12:38:09","guid":{"rendered":"https:\/\/ecobnb.it\/blog\/?page_id=12067"},"modified":"2015-10-27T12:34:51","modified_gmt":"2015-10-27T11:34:51","slug":"ebook-ti-racconto-la-mia-citta","status":"publish","type":"page","link":"https:\/\/ecobnb.it\/blog\/ebook-ti-racconto-la-mia-citta\/","title":{"rendered":"Ebook &#8211; Ti racconto la mia Citt\u00e0"},"content":{"rendered":"<h4><a href=\"https:\/\/ecobnb.it\/blog\/app\/uploads\/sites\/2\/2015\/10\/Growup2.png\"><img class=\"size-full wp-image-14072 alignleft\" src=\"https:\/\/ecobnb.it\/blog\/app\/uploads\/sites\/2\/2015\/10\/Growup2.png\" alt=\"Growup2\" width=\"236\" height=\"347\" \/><\/a>L&#8217;Italia che non ti aspetti.<\/h4>\n<h2>Ti racconto la mia Citt\u00e0.<\/h2>\n<h4>52 racconti per 52 settimane Green.<\/h4>\n<p>In bicicletta sulle dolci colline Toscane, o alla scoperta di angoli verdi nella metropoli Milanese. Un pezzo di costiera Amalfitana che in pochi conoscono, una Rimini lontana dal chiasso delle spiagge. Sono solo alcuni dei 52\u00a0luoghi (uno per ogni weekend dell&#8217;anno) da scoprire (o riscoprire) attraverso questa insolita guida, dove i reporter sono gli abitanti.<\/p>\n<p>\u201c<a title=\"Premio Racconta la tua citt\u00e0\" href=\"https:\/\/ecobnb.it\/blog\/racconta-la-tua-citta\" target=\"_blank\"><strong>Racconta la tua citt\u00e0<\/strong><\/a>\u201d, un concorso per parlare dell&#8217;Italia attraverso gli di occhi di chi la abita, e promuovere un turismo alternativo, che non \u00e8 quello delle grandi citt\u00e0 d&#8217;arte o dei luoghi del turismo di massa, ma quello dei ritmi lenti dei paesi di campagna, delle tradizioni di luoghi sconosciuti, dei cibi freschi e genuini tutti da scoprire, di un&#8217;arte semplice ma caratteristica, che porta con se identit\u00e0 e cultura di chi in questi luoghi ci abita.<\/p>\n<p>I racconti che questo ebook raccoglie, sono storie scritte da tanti cittadini, reporter di un&#8217;Italia meno nota e pi\u00f9 autentica, innamorati delle loro citt\u00e0, che le descrivono con occhi diversi rispetto a quelli di una normale guida turistica.<\/p>\n<p>Promuovono un <strong>turismo all&#8217;insegna della sostenibilit\u00e0<\/strong>, che utilizza mezzi di trasporto lenti e puliti, in grado di ridurre l&#8217;impatto del viaggio e nello stesso tempo donare sguardi diversi sui paesaggi che si attraversano, arricchendo l&#8217;ambiente, i luoghi e le persone che li abitano. Ma \u00e8 anche un turismo a Km0, viaggi corti, alla scoperta delle bellezze che nascondono i propri territori e le proprie citt\u00e0, appena fuori dalla porta di casa. Pi\u00f9 della meta \u00e8 importante il viaggio, le persone con cui lo si condivide e il modo con cui ci si mette in cammino, per questo non \u00e8 sempre necessario andare lontano per conoscere posti nuovi e fare nuove esperienze. Il punto di vista delle persone che vivono quotidianamente questi luoghi \u00e8 inoltre un valore aggiunto: consigli caldi, ricchi delle emozioni e dei ricordi ad essi legati, che danno colore e incuriosiscono il viaggiatore. Storia e tradizioni si mescolano e ci si ritrova seduti al bar di paese, do ve tutti si conoscono, o a percorrere dei sentieri o a visitare quartieri che mai avresti pensato interessanti&#8230;<\/p>\n<p>E se tutto questo \u00e8 riuscito ad incuriosirti, allora non possiamo che augurarti buona lettura! Mettiti comodo e preparati per questo viaggio, attraverso la nostra bella Penisola, che sembra cos\u00ec nota, ma che in realt\u00e0 conosciamo cos\u00ec poco.<\/p>\n<h2>Scarica l&#8217;E-book:<\/h2>\n<p><a href=\"http:\/\/bluescreens.it\/share\/Ti%20Racconto%20la%20mia%20Citta%20-%20a%20cura%20di%20Silvia%20Ombellini.epub\" target=\"_blank\" rel=\"nofollow\">&#8211; in formato .epub (consigliato) <\/a><br \/>\n<a href=\"http:\/\/bluescreens.it\/share\/Ti%20Racconto%20la%20mia%20Citta%20-%20a%20cura%20di%20Silvia%20Ombellini.mobi\" target=\"_blank\" rel=\"nofollow\"> &#8211; in formato per Amazon Kindle .mobi<\/a><br \/>\n<a href=\"http:\/\/bluescreens.it\/share\/Ti%20Racconto%20la%20mia%20Citta%20-%20a%20cura%20di%20Silvia%20Ombellini.pdb\" target=\"_blank\" rel=\"nofollow\">&#8211; in formato per Palm OS .pdb<\/a><br \/>\n<a href=\"http:\/\/bluescreens.it\/share\/Ti_Racconto_la_mia_Citta\/index.html\" target=\"_blank\" rel=\"nofollow\">&#8211; in formato .html<\/a><br \/>\n<a href=\"http:\/\/bluescreens.it\/share\/Ti%20Racconto%20la%20mia%20Citta%20-%20a%20cura%20di%20Silvia%20Ombellini.pdf\" target=\"_blank\" rel=\"nofollow\">&#8211; in formato .pdf<\/a><\/p>\n<p>Hai necessit\u00e0 di un formato particolare?<br \/>\n<a href=\"https:\/\/ecobnb.it\/blog\/contatti\/\" target=\"_blank\">Scrivici<\/a><\/p>\n<p><em>Foto di copertina: Ti racconto la mia citt\u00e0, Treviglio, Bergamo, foto di\u00a0Andrea Donghi\u00a0<\/em><\/p>\n<h4>Potrebbe interessarti anche:<\/h4>\n<h4><a title=\"\u201cRacconta la tua citt\u00e0\u201d: ecco i vincitori della Sezione Foto\" href=\"https:\/\/ecobnb.it\/blog\/2014\/06\/racconta-la-tua-citta-vincitori-foto\/\" target=\"_blank\">Racconta la tua citt\u00e0: ecco i vincitori della sezione fotografia<\/a><\/h4>\n<h4><a title=\"Finalmente i vincitori del Premio letterario Racconta la tua citt\u00e0\" href=\"https:\/\/ecobnb.it\/blog\/2015\/03\/racconta-la-tua-citta-vincitori-premio-letterario\/\" target=\"_blank\">Finalmente i vincitori del Premio letterario Racconta la tua citt\u00e0<\/a><\/h4>\n","protected":false},"excerpt":{"rendered":"<p>L&#8217;Italia che non ti aspetti. Ti racconto la mia Citt\u00e0. 52 racconti per 52 settimane Green. In bicicletta sulle dolci colline Toscane, o alla scoperta di angoli verdi nella metropoli Milanese. Un pezzo di costiera Amalfitana che in pochi conoscono, una Rimini lontana dal chiasso delle spiagge. Sono solo alcuni dei 52\u00a0luoghi (uno per ogni [&hellip;]<\/p>\n","protected":false},"author":3,"featured_media":12145,"parent":0,"menu_order":0,"comment_status":"closed","ping_status":"closed","template":"","meta":[],"acf":[],"yoast_head":"<!-- This site is optimized with the Yoast SEO plugin v19.9 - https:\/\/yoast.com\/wordpress\/plugins\/seo\/ -->\n<title>Ebook - Ti racconto la mia Citt\u00e0 - Ecobnb<\/title>\n<meta name=\"description\" content=\"Un Ebook gratuito per scoprire l&#039;Italia che non ti aspetti attraverso i racconti dei suoi abitanti. Scopri subito i 52 racconti per 52 weekend green!\" \/>\n<meta name=\"robots\" content=\"index, follow, max-snippet:-1, max-image-preview:large, max-video-preview:-1\" \/>\n<link rel=\"canonical\" href=\"https:\/\/ecobnb.it\/blog\/ebook-ti-racconto-la-mia-citta\/\" \/>\n<meta property=\"og:locale\" content=\"it_IT\" \/>\n<meta property=\"og:type\" content=\"article\" \/>\n<meta property=\"og:title\" content=\"Ebook - Ti racconto la mia Citt\u00e0 - Ecobnb\" \/>\n<meta property=\"og:description\" content=\"Un Ebook gratuito per scoprire l&#039;Italia che non ti aspetti attraverso i racconti dei suoi abitanti. Scopri subito i 52 racconti per 52 weekend green!\" \/>\n<meta property=\"og:url\" content=\"https:\/\/ecobnb.it\/blog\/ebook-ti-racconto-la-mia-citta\/\" \/>\n<meta property=\"og:site_name\" content=\"Ecobnb\" \/>\n<meta property=\"article:publisher\" content=\"https:\/\/www.facebook.com\/viaggiverdi\" \/>\n<meta property=\"article:modified_time\" content=\"2015-10-27T11:34:51+00:00\" \/>\n<meta property=\"og:image\" content=\"https:\/\/ecobnb.it\/blog\/app\/uploads\/sites\/2\/2015\/03\/02_Andrea-Donghi_Treviglio_Bergamo_Res.jpg\" \/>\n\t<meta property=\"og:image:width\" content=\"1170\" \/>\n\t<meta property=\"og:image:height\" content=\"490\" \/>\n\t<meta property=\"og:image:type\" content=\"image\/jpeg\" \/>\n<meta name=\"twitter:label1\" content=\"Est. reading time\" \/>\n\t<meta name=\"twitter:data1\" content=\"2 minutes\" \/>\n<!-- \/ Yoast SEO plugin. -->","yoast_head_json":{"title":"Ebook - Ti racconto la mia Citt\u00e0 - Ecobnb","description":"Un Ebook gratuito per scoprire l'Italia che non ti aspetti attraverso i racconti dei suoi abitanti. Scopri subito i 52 racconti per 52 weekend green!","robots":{"index":"index","follow":"follow","max-snippet":"max-snippet:-1","max-image-preview":"max-image-preview:large","max-video-preview":"max-video-preview:-1"},"canonical":"https:\/\/ecobnb.it\/blog\/ebook-ti-racconto-la-mia-citta\/","og_locale":"it_IT","og_type":"article","og_title":"Ebook - Ti racconto la mia Citt\u00e0 - Ecobnb","og_description":"Un Ebook gratuito per scoprire l'Italia che non ti aspetti attraverso i racconti dei suoi abitanti. Scopri subito i 52 racconti per 52 weekend green!","og_url":"https:\/\/ecobnb.it\/blog\/ebook-ti-racconto-la-mia-citta\/","og_site_name":"Ecobnb","article_publisher":"https:\/\/www.facebook.com\/viaggiverdi","article_modified_time":"2015-10-27T11:34:51+00:00","og_image":[{"width":1170,"height":490,"url":"https:\/\/ecobnb.it\/blog\/app\/uploads\/sites\/2\/2015\/03\/02_Andrea-Donghi_Treviglio_Bergamo_Res.jpg","type":"image\/jpeg"}],"twitter_misc":{"Est. reading time":"2 minutes"},"schema":{"@context":"https:\/\/schema.org","@graph":[{"@type":"WebPage","@id":"https:\/\/ecobnb.it\/blog\/ebook-ti-racconto-la-mia-citta\/","url":"https:\/\/ecobnb.it\/blog\/ebook-ti-racconto-la-mia-citta\/","name":"Ebook - Ti racconto la mia Citt\u00e0 - Ecobnb","isPartOf":{"@id":"https:\/\/ecobnb.it\/blog\/#website"},"datePublished":"2015-03-20T12:38:09+00:00","dateModified":"2015-10-27T11:34:51+00:00","description":"Un Ebook gratuito per scoprire l'Italia che non ti aspetti attraverso i racconti dei suoi abitanti. Scopri subito i 52 racconti per 52 weekend green!","inLanguage":"it-IT","potentialAction":[{"@type":"ReadAction","target":["https:\/\/ecobnb.it\/blog\/ebook-ti-racconto-la-mia-citta\/"]}]},{"@type":"WebSite","@id":"https:\/\/ecobnb.it\/blog\/#website","url":"https:\/\/ecobnb.it\/blog\/","name":"Ecobnb","description":"Trova il tuo Alloggio Ecosostenibile","publisher":{"@id":"https:\/\/ecobnb.it\/blog\/#organization"},"potentialAction":[{"@type":"SearchAction","target":{"@type":"EntryPoint","urlTemplate":"https:\/\/ecobnb.it\/blog\/?s={search_term_string}"},"query-input":"required name=search_term_string"}],"inLanguage":"it-IT"},{"@type":"Organization","@id":"https:\/\/ecobnb.it\/blog\/#organization","name":"Ecobnb","url":"https:\/\/ecobnb.it\/blog\/","logo":{"@type":"ImageObject","inLanguage":"it-IT","@id":"https:\/\/ecobnb.it\/blog\/#\/schema\/logo\/image\/","url":"https:\/\/ecobnb.it\/blog\/app\/uploads\/sites\/2\/2016\/03\/logo_transparent_512x512.png","contentUrl":"https:\/\/ecobnb.it\/blog\/app\/uploads\/sites\/2\/2016\/03\/logo_transparent_512x512.png","width":512,"height":512,"caption":"Ecobnb"},"image":{"@id":"https:\/\/ecobnb.it\/blog\/#\/schema\/logo\/image\/"},"sameAs":["https:\/\/www.facebook.com\/viaggiverdi"]}]}},"_links":{"self":[{"href":"https:\/\/ecobnb.it\/blog\/wp-json\/wp\/v2\/pages\/12067"}],"collection":[{"href":"https:\/\/ecobnb.it\/blog\/wp-json\/wp\/v2\/pages"}],"about":[{"href":"https:\/\/ecobnb.it\/blog\/wp-json\/wp\/v2\/types\/page"}],"author":[{"embeddable":true,"href":"https:\/\/ecobnb.it\/blog\/wp-json\/wp\/v2\/users\/3"}],"replies":[{"embeddable":true,"href":"https:\/\/ecobnb.it\/blog\/wp-json\/wp\/v2\/comments?post=12067"}],"version-history":[{"count":19,"href":"https:\/\/ecobnb.it\/blog\/wp-json\/wp\/v2\/pages\/12067\/revisions"}],"predecessor-version":[{"id":14077,"href":"https:\/\/ecobnb.it\/blog\/wp-json\/wp\/v2\/pages\/12067\/revisions\/14077"}],"wp:featuredmedia":[{"embeddable":true,"href":"https:\/\/ecobnb.it\/blog\/wp-json\/wp\/v2\/media\/12145"}],"wp:attachment":[{"href":"https:\/\/ecobnb.it\/blog\/wp-json\/wp\/v2\/media?parent=12067"}],"curies":[{"name":"wp","href":"https:\/\/api.w.org\/{rel}","templated":true}]}}