{"id":12049,"date":"2015-03-19T12:35:01","date_gmt":"2015-03-19T11:35:01","guid":{"rendered":"https:\/\/ecobnb.it\/blog\/?page_id=12049"},"modified":"2025-09-15T12:29:15","modified_gmt":"2025-09-15T10:29:15","slug":"benvenuto","status":"publish","type":"page","link":"https:\/\/ecobnb.it\/blog\/benvenuto\/","title":{"rendered":"Un Benvenuto in Ecobnb"},"content":{"rendered":"<p>Benvenuto in Ecobnb! Qui trovi tutte le informazioni utili per modificare la tua pagina su Ecobnb, aumentare la visibilit\u00e0, inserire offerte speciali e valorizzare al meglio la tua ospitalit\u00e0 sostenibile.<\/p>\n<h2>Indice<\/h2>\n<ul>\n<li><a class=\"decorated-link\" href=\"#a-come-modificare-la-tua-pagina\">a. Come modificare la tua pagina<\/a><\/li>\n<li><a class=\"decorated-link\" href=\"#b-come-migliorare-la-tua-pagina\">b. Come migliorare la tua pagina<\/a><\/li>\n<li><a class=\"decorated-link\" href=\"#c-come-promuovere-la-tua-qualit\u00e0-ecologica\">c. Come promuovere la tua qualit\u00e0 ecologica<\/a><\/li>\n<li><a class=\"decorated-link\" href=\"#d-come-pubblicare-unofferta-speciale\">d. Come pubblicare un\u2019offerta speciale<\/a><\/li>\n<li><a class=\"decorated-link\" href=\"#e-come-segnalare-un-itinerario-verde\">e. Come segnalare un itinerario verde<\/a><\/li>\n<li><a class=\"decorated-link\" href=\"#f-come-ospitare-in-modo-green\">f. Come ospitare in modo green<\/a><\/li>\n<li><a class=\"decorated-link\" href=\"#g-come-collegare-ecobnb-al-channel-manager\">g. Come collegare Ecobnb al Channel Manager<\/a><\/li>\n<li><a class=\"decorated-link\" href=\"#h-domande-frequenti\">h. Domande frequenti<\/a><\/li>\n<\/ul>\n<h2 id=\"a-come-modificare-la-tua-pagina\">a. Come modificare la tua pagina?<\/h2>\n<ol>\n<li data-start=\"1109\" data-end=\"1201\"><strong data-start=\"1109\" data-end=\"1134\">Accedi al tuo profilo<\/strong> \ud83d\udc49 <strong><a class=\"decorated-link\" href=\"https:\/\/ecobnb.it\/login\" target=\"_blank\" rel=\"noopener\" data-start=\"1138\" data-end=\"1177\">Login Ecobnb<\/a><\/strong> con email e password. Se non ricordi la tua password, puoi cliccare su &#8220;<a href=\"https:\/\/ecobnb.it\/reset-password\" target=\"_blank\" rel=\"noopener\">Hai dimenticato la password?<\/a>&#8221; per recuperarla.<\/li>\n<li data-start=\"1202\" data-end=\"1311\">\n<p data-start=\"1205\" data-end=\"1311\">In alto a destra clicca sul <strong data-start=\"1233\" data-end=\"1251\">men\u00f9 a tendina<\/strong>, scegli il nome della tua struttura e poi seleziona \u201c<strong data-start=\"1295\" data-end=\"1307\">Modifica<\/strong>\u201d. <img class=\"alignnone size-full wp-image-86677\" src=\"https:\/\/ecobnb.it\/blog\/app\/uploads\/sites\/2\/2025\/09\/Screenshot-from-2020-06-28-09-19-58-e1757930678516.png\" alt=\"Ecobnb: Men\u00f9 per entrare nella pagina della tua struttura in modalit\u00e0 Edit\" width=\"303\" height=\"307\" \/><\/p>\n<\/li>\n<li data-start=\"1312\" data-end=\"2270\">\n<p data-start=\"1315\" data-end=\"1391\"><strong>Accedi alla pagina di modifica<\/strong> e aggiorna i tuoi dati nelle varie sezioni:<\/p>\n<\/li>\n<\/ol>\n<ul>\n<li style=\"list-style-type: none;\">\n<ul>\n<li><strong>Info Generali<\/strong>: qui puoi cambiare le informazioni generali (nome della struttura, contatti, \u201cmotto\u201d o titolo della tua pagina, informazioni sulla sostenibilit\u00e0, tassa di soggiorno).<\/li>\n<li><strong>Localizzazione<\/strong>: qui puoi cambiare la posizione della tua struttura ricettiva sulla mappa o aggiornare l\u2019indirizzo.<\/li>\n<li><strong>Propriet\u00e0<\/strong>: qui puoi impostare i periodi di chiusura della struttura ricettiva e specificare i termini di pagamento e di cancellazione. Inoltre, in questa sezione puoi aggiornare i servizi generali della tua ospitalit\u00e0.<\/li>\n<li><strong>Spazio in Affitto<\/strong>: qui puoi inserire le camere, appartamenti o spazi che gli ospiti possono prenotare, e puoi aggiornare i servizi di ciascun spazio. Per ogni spazio inserito devi caricare almeno un\u2019immagine e precisare il numero e il tipo di letti presenti nello spazio.<\/li>\n<li><strong>Calendario e prezzi<\/strong>: qui puoi definire le disponibilit\u00e0 e i prezzi dei tuoi spazi. Puoi anche inserire delle <a href=\"https:\/\/ecobnb.it\/blog\/tariffe-stagionali\/\" target=\"_blank\" rel=\"noopener\">tariffe stagionali<\/a> e dei periodi minimi di prenotazione. Se vuoi, puoi <a href=\"https:\/\/ecobnb.it\/blog\/prezzi-disponibilita-spazi\/\" target=\"_blank\" rel=\"noopener\">sincronizzare tramite iCal i calendari<\/a> con i tuoi altri canali (Booking.com, Airbnb, Google Calendar).<\/li>\n<li><strong>Immagini<\/strong>: qui inserisci le foto della tua struttura ricettiva (almeno 5).<\/li>\n<li><strong>Descrizione<\/strong>: qui inserisci la descrizione dettagliata della tua eco-ospitalit\u00e0 e metti in evidenza la tua filosofia green.<\/li>\n<li><strong>Dati fatturazione<\/strong>: qui inserisci i dati per la fatturazione e il tuo codice CIN e CIR (<a href=\"https:\/\/ecobnb.it\/blog\/ospitare-italia-normative-codice-cin\/\" target=\"_blank\" rel=\"noopener\">obbligatorio in Italia per ospitare<\/a>). Inoltre, in questa sezione puoi vedere tutte le fatture ricevute da Ecobnb e visualizzare il tuo piano di membership annuale.<\/li>\n<li><strong>Instabooking<\/strong>: qui attivi o disattivi la prenotazione istantanea per la tua struttura ricettiva. La prenotazione istantanea pu\u00f2 essere attivata solo se, nella sezione \u201cCalendario e Prezzi\u201d, tutti i calendari dei tuoi spazi sono sincronizzati con iCal.<\/li>\n<li><strong>Anteprima<\/strong>: qui visualizzi la tua pagina cos\u00ec come la vedono i viaggiatori.<\/li>\n<\/ul>\n<\/li>\n<\/ul>\n<p><img class=\"alignnone wp-image-86658 size-full\" src=\"https:\/\/ecobnb.it\/blog\/app\/uploads\/sites\/2\/2025\/09\/Screenshot-from-2025-09-15-09-56-42.png\" alt=\"Men\u00f9 Pagina Struttura Ricettiva su Ecobnb\" width=\"1819\" height=\"898\" srcset=\"https:\/\/ecobnb.it\/blog\/app\/uploads\/sites\/2\/2025\/09\/Screenshot-from-2025-09-15-09-56-42.png 1819w, https:\/\/ecobnb.it\/blog\/app\/uploads\/sites\/2\/2025\/09\/Screenshot-from-2025-09-15-09-56-42-536x265.png 536w, https:\/\/ecobnb.it\/blog\/app\/uploads\/sites\/2\/2025\/09\/Screenshot-from-2025-09-15-09-56-42-768x379.png 768w, https:\/\/ecobnb.it\/blog\/app\/uploads\/sites\/2\/2025\/09\/Screenshot-from-2025-09-15-09-56-42-1536x758.png 1536w, https:\/\/ecobnb.it\/blog\/app\/uploads\/sites\/2\/2025\/09\/Screenshot-from-2025-09-15-09-56-42-344x170.png 344w\" sizes=\"(max-width: 1819px) 100vw, 1819px\" \/><\/p>\n<h2 id=\"b-come-migliorare-la-tua-pagina\">b. Come migliorare la tua pagina?<\/h2>\n<h3>1. Inserisci pi\u00f9 immagini possibili:<\/h3>\n<p><strong>I nostri viaggiatori amano le immagini!<\/strong> Aggiungine quante puoi e aggiornale spesso. Mostra i dettagli delle camere, ma anche gli spazi esterni, le colazioni, le cose da fare e da vedere nei dintorni della tua struttura ricettiva. Metti in prima posizione le immagini pi\u00f9 significative.<\/p>\n<h3>2. Sii preciso sui prezzi:<\/h3>\n<p>Aggiorna i prezzi con precisioni e indica le variazioni stagionali\u00a0per le diverse tipologie di camere. <a href=\"https:\/\/ecobnb.it\/blog\/prezzi-disponibilita-spazi\/\" target=\"_blank\" rel=\"noopener\">Qui ti spieghiamo nel dettaglio come aggiornare i prezzi e le disponibilit\u00e0<\/a>. Se hai un channel manager, collegalo ad Ecobnb: in questo modo le tue disponibilit\u00e0 si aggiorneranno automaticamente.<\/p>\n<h3>3. Scrivi una descrizione ricca:<\/h3>\n<p>Aggiungi pi\u00f9 dettagli che puoi. Ad esempio: quanto dista la struttura ricettiva dai punti di interesse circosanti? <strong>Cosa si pu\u00f2 fare nei dintorni?<\/strong> Come si pu\u00f2 arrivare (anche con i mezzi pubblici?) Cosa si pu\u00f2 assaggiare a colazione? Come \u00e8 nata la vostra idea di ospitalit\u00e0? Ecc.<\/p>\n<h2 id=\"c-come-promuovere-la-tua-qualit\u00e0-ecologica\">c. Come promuovere la tua qualit\u00e0 ecologica?<\/h2>\n<p data-start=\"2899\" data-end=\"2944\">Metti in evidenza il tuo impegno green con:<\/p>\n<ul>\n<li data-start=\"2947\" data-end=\"3010\"><strong data-start=\"2947\" data-end=\"2976\">Loghi e distintivi Ecobnb<\/strong>: puoi scaricarli qui sotto in formato jpg ed utilizzarli anche sul tuo sito o sui tuoi canali social.\n\t\t<style type=\"text\/css\">\n\t\t\t#gallery-1 {\n\t\t\t\tmargin: auto;\n\t\t\t}\n\t\t\t#gallery-1 .gallery-item {\n\t\t\t\tfloat: left;\n\t\t\t\tmargin-top: 10px;\n\t\t\t\ttext-align: center;\n\t\t\t\twidth: 50%;\n\t\t\t}\n\t\t\t#gallery-1 img {\n\t\t\t\tborder: 2px solid #cfcfcf;\n\t\t\t}\n\t\t\t#gallery-1 .gallery-caption {\n\t\t\t\tmargin-left: 0;\n\t\t\t}\n\t\t\t\/* see gallery_shortcode() in wp-includes\/media.php *\/\n\t\t<\/style>\n\t\t<div id='gallery-1' class='gallery galleryid-12049 gallery-columns-2 gallery-size-full'><dl class='gallery-item'>\n\t\t\t<dt class='gallery-icon landscape'>\n\t\t\t\t<a href='https:\/\/ecobnb.it\/blog\/benvenuto\/ecobnb-ok-2\/#main'><img width=\"414\" height=\"290\" src=\"https:\/\/ecobnb.it\/blog\/app\/uploads\/sites\/2\/2015\/03\/ECOBNB-ok1.png\" class=\"attachment-full size-full\" alt=\"Ecobnb Logo\" aria-describedby=\"gallery-1-12260\" srcset=\"https:\/\/ecobnb.it\/blog\/app\/uploads\/sites\/2\/2015\/03\/ECOBNB-ok1.png 414w, https:\/\/ecobnb.it\/blog\/app\/uploads\/sites\/2\/2015\/03\/ECOBNB-ok1-344x241.png 344w\" sizes=\"(max-width: 414px) 100vw, 414px\" \/><\/a>\n\t\t\t<\/dt>\n\t\t\t\t<dd class='wp-caption-text gallery-caption' id='gallery-1-12260'>\n\t\t\t\tClicca sul logo per aprire l&#8217;immagine e salvarla\n\t\t\t\t<\/dd><\/dl><dl class='gallery-item'>\n\t\t\t<dt class='gallery-icon landscape'>\n\t\t\t\t<a href='https:\/\/ecobnb.it\/blog\/materiale-comunicare-sostenibilita\/natura-ecobnb-3\/#main'><img width=\"2000\" height=\"2000\" src=\"https:\/\/ecobnb.it\/blog\/app\/uploads\/sites\/2\/2020\/01\/Natura-Ecobnb-1.jpg\" class=\"attachment-full size-full\" alt=\"Natura-Ecobnb logo\" aria-describedby=\"gallery-1-47226\" srcset=\"https:\/\/ecobnb.it\/blog\/app\/uploads\/sites\/2\/2020\/01\/Natura-Ecobnb-1.jpg 2000w, https:\/\/ecobnb.it\/blog\/app\/uploads\/sites\/2\/2020\/01\/Natura-Ecobnb-1-536x536.jpg 536w, https:\/\/ecobnb.it\/blog\/app\/uploads\/sites\/2\/2020\/01\/Natura-Ecobnb-1-768x768.jpg 768w, https:\/\/ecobnb.it\/blog\/app\/uploads\/sites\/2\/2020\/01\/Natura-Ecobnb-1-344x344.jpg 344w\" sizes=\"(max-width: 2000px) 100vw, 2000px\" \/><\/a>\n\t\t\t<\/dt>\n\t\t\t\t<dd class='wp-caption-text gallery-caption' id='gallery-1-47226'>\n\t\t\t\tClicca sul logo per aprire l&#8217;immagine e salvarla\n\t\t\t\t<\/dd><\/dl><br style=\"clear: both\" \/>\n\t\t<\/div>\n<\/li>\n<li data-start=\"3011\" data-end=\"3114\">\n<p data-start=\"3013\" data-end=\"3114\"><strong data-start=\"3013\" data-end=\"3045\">Brochure, banner ed etichette digitali<\/strong>, che puoi scaricare <a href=\"https:\/\/ecobnb.it\/blog\/materiale-comunicare-sostenibilita\/\" target=\"_blank\" rel=\"noopener\">in questa pagina<\/a> insieme ai nostri consigli per comunicare agli ospiti la tua attenzione alla sostenibilit\u00e0.<\/p>\n<\/li>\n<li data-start=\"3011\" data-end=\"3114\">\n<p data-start=\"3013\" data-end=\"3114\"><strong data-start=\"3013\" data-end=\"3045\">Certificati e riconoscimenti<\/strong> <a href=\"https:\/\/ecobnb.it\/blog\/distintivi-eco-eccellenza\/\" target=\"_blank\" rel=\"noopener\">per soci PRO e PLUS<\/a> e <a href=\"https:\/\/ecobnb.it\/blog\/distintivi-supereroi\/\" target=\"_blank\" rel=\"noopener\">per le strutture ricettive che possiedono tutti i 10 requisiti di sostenibilit\u00e0 principali di Ecobnb<\/a>.<\/p>\n<\/li>\n<li data-start=\"3115\" data-end=\"3223\">\n<p data-start=\"3117\" data-end=\"3223\">Possibilit\u00e0 di ricevere un <strong data-start=\"3144\" data-end=\"3169\">riconoscimento fisico<\/strong>, un&#8217;etichetta da esporre nella tua struttura ricettiva, <a href=\"https:\/\/docs.google.com\/forms\/d\/e\/1FAIpQLSdCsniD54M2sfNtM94xp6y0VRjliQfLCB40j6FrPGy_hxWVJg\/viewform?c=0&amp;w=1\" target=\"_blank\" rel=\"noopener\">compilando questo form<\/a> ed indicando l&#8217;indirizzo a cui vuoi riceverlo.<\/p>\n<\/li>\n<\/ul>\n<h2 id=\"d-come-pubblicare-unofferta-speciale\">d. Come pubblicare gratis un\u2019offerta speciale?<\/h2>\n<p><img class=\"alignnone wp-image-12113 size-full\" src=\"https:\/\/ecobnb.it\/blog\/app\/uploads\/sites\/2\/2015\/03\/Offerte_Speciali-e1591286982936.png\" alt=\"Offerte speciali e iniziative green su Ecobnb\" width=\"870\" height=\"383\" \/><\/p>\n<p>La sezione <strong><a title=\"offerte speciali Ecobnb\" href=\"http:\/ecobnb.it\/offerte\" target=\"_blank\" rel=\"noopener\">Offerte Speciali<\/a><\/strong> ti permette di promuovere sconti, attivit\u00e0 e pacchetti esperienziali (es. trekking, corsi di cucina vegana, aperitivi bio) o altre iniziative green della tua struttura. Ogni settimana le migliori offerte vengono pubblicate sulla <a title=\"Home page Ecobnb\" href=\"https:\/\/ecobnb.it\" target=\"_blank\" rel=\"noopener\">homep<\/a><a title=\"Home page Ecobnb\" href=\"https:\/\/ecobnb.it\" target=\"_blank\" rel=\"noopener\">age di Ecobnb <\/a>e segnalate sui social media. In questo modo avrete ancora pi\u00f9 visibilit\u00e0!<\/p>\n<p>Vuoi scoprire\u00a0in pratica come fare?<\/p>\n<p><strong>Guarda il tutorial video:<\/strong> <iframe loading=\"lazy\" src=\"https:\/\/www.youtube.com\/embed\/8hW0PDLCnGs\" width=\"870\" height=\"490\" frameborder=\"0\" allowfullscreen=\"allowfullscreen\"><\/iframe><\/p>\n<h2 id=\"e-come-segnalare-un-itinerario-verde\">e. Come segnalare un itinerario verde?<\/h2>\n<p>Vicino a te c\u2019\u00e8 un percorso lento (a piedi, bici, cavallo)? <strong><span style=\"color: #ff6600;\"><a style=\"color: #ff6600;\" title=\"itinerario lento\" href=\"https:\/\/docs.google.com\/forms\/d\/1XLt5HM2hmPWpFDz5EbEiM0xTwXblTmixn6jFeJQSSW4\/viewform?c=0&amp;w=1\" target=\"_blank\" rel=\"noopener\">Compila questo form<\/a><\/span><\/strong> e lo pubblicheremo sul sito, rendendolo visibile a migliaia di viaggiatori.<\/p>\n<div id=\"attachment_14405\" class=\"thumbnail alignnone\"><a href=\"https:\/\/ecobnb.it\/blog\/2015\/11\/cammini-italia\/\"><img class=\"wp-image-14405 size-large\" src=\"https:\/\/ecobnb.it\/blog\/app\/uploads\/sites\/2\/2015\/11\/cammini-870x490.jpg\" alt=\"cammini\" width=\"870\" height=\"490\" srcset=\"https:\/\/ecobnb.it\/blog\/app\/uploads\/sites\/2\/2015\/11\/cammini-870x490.jpg 870w, https:\/\/ecobnb.it\/blog\/app\/uploads\/sites\/2\/2015\/11\/cammini-570x320.jpg 570w\" sizes=\"(max-width: 870px) 100vw, 870px\" \/><\/a><div class=\"caption\">Curiosit\u00e0: un nostro articolo sui Cammini in Italia ha avuto oltre 36.000 condivisioni!<\/div><\/div>\n<h2 id=\"f-come-ospitare-in-modo-green\">f. Come ospitare in modo green?<\/h2>\n<p>Per rendere la tua ospitalit\u00e0 davvero sostenibile, <a href=\"https:\/\/ecobnb.it\/blog\/2021\/05\/ospitalita-green-sostenibile\/\" target=\"_blank\" rel=\"noopener\"><strong>adotta i 10 requisiti principali di Ecobnb<\/strong><\/a>\u00a0e segui le <a href=\"https:\/\/ecobnb.it\/blog\/2018\/12\/azioni-hotel-green\/\" target=\"_blank\" rel=\"noopener\">linee<\/a><a href=\"https:\/\/ecobnb.it\/blog\/2018\/12\/azioni-hotel-green\/\" target=\"_blank\" rel=\"noopener\"> guid<\/a><a href=\"https:\/\/ecobnb.it\/blog\/2018\/12\/azioni-hotel-green\/\" target=\"_blank\" rel=\"noopener\">a<\/a><a href=\"https:\/\/ecobnb.it\/blog\/2018\/12\/azioni-hotel-green\/\" target=\"_blank\" rel=\"noopener\"> di<\/a><a href=\"https:\/\/ecobnb.it\/blog\/2018\/12\/azioni-hotel-green\/\" target=\"_blank\" rel=\"noopener\"> ospitalit\u00e0<\/a><a href=\"https:\/\/ecobnb.it\/blog\/2018\/12\/azioni-hotel-green\/\" target=\"_blank\" rel=\"noopener\"> re<\/a><a href=\"https:\/\/ecobnb.it\/blog\/2018\/12\/azioni-hotel-green\/\" target=\"_blank\" rel=\"noopener\">sponsabile<\/a>: pulizia sostenibile, <a href=\"https:\/\/ecobnb.it\/blog\/2021\/05\/ridurre-plastica-hotel-come-iniziare-subito\/\" target=\"_blank\" rel=\"noopener\">riduzione della plastica<\/a>, eliminazione dell&#8217;usa e getta, <a href=\"https:\/\/ecobnb.it\/blog\/2022\/10\/ridurre-rifiuti-ristorante\/\" target=\"_blank\" rel=\"noopener\">minimizzazione degli sprechi di cibo<\/a>, riduzione dei consumi di <a href=\"https:\/\/ecobnb.it\/blog\/2021\/06\/consigli-ridurre-consumo-energia-hotel\/\" target=\"_blank\" rel=\"noopener\">energia<\/a> e di acqua.<\/p>\n<p>Per approfondire e scoprire tutte le buone pratiche, consulta il nostro <a href=\"https:\/\/ecobnb.it\/blog\/2021\/07\/azioni-struttura-hotel-eco-sostenibile\/\" target=\"_blank\" rel=\"noopener\"><strong>vademecum dell&#8217;ospitalit\u00e0 green<\/strong><\/a><a href=\"https:\/\/ecobnb.it\/blog\/2021\/07\/azioni-struttura-hotel-eco-sostenibile\/\" target=\"_blank\" rel=\"noopener\">.<\/a><\/p>\n<div id=\"attachment_11374\" class=\"thumbnail alignnone\"><img class=\"wp-image-11374 size-full\" src=\"https:\/\/ecobnb.it\/blog\/app\/uploads\/sites\/2\/2014\/11\/ecobnb-quali-requisiti-eco.jpg\" alt=\"ecobnb - quali requisiti eco\" width=\"1169\" height=\"1652\" srcset=\"https:\/\/ecobnb.it\/blog\/app\/uploads\/sites\/2\/2014\/11\/ecobnb-quali-requisiti-eco.jpg 1169w, https:\/\/ecobnb.it\/blog\/app\/uploads\/sites\/2\/2014\/11\/ecobnb-quali-requisiti-eco-536x757.jpg 536w, https:\/\/ecobnb.it\/blog\/app\/uploads\/sites\/2\/2014\/11\/ecobnb-quali-requisiti-eco-344x486.jpg 344w\" sizes=\"(max-width: 1169px) 100vw, 1169px\" \/><div class=\"caption\">10 buone pratiche per ridurre l&#8217;impatto ambientale delle strutture ricettive<\/div><\/div>\n<h2 id=\"g-come-collegare-ecobnb-al-channel-manager\">g. Come collegare Ecobnb al Channel Manager?<\/h2>\n<p>Utilizzi un channel manager? Puoi sincronizzarlo facilmente con Ecobnb per:<\/p>\n<ul data-start=\"4258\" data-end=\"4369\">\n<li data-start=\"4258\" data-end=\"4302\">\n<p data-start=\"4260\" data-end=\"4302\">mantenere i calendari sempre aggiornati,<\/p>\n<\/li>\n<li data-start=\"4303\" data-end=\"4336\">\n<p data-start=\"4305\" data-end=\"4336\">semplificare le prenotazioni,<\/p>\n<\/li>\n<li data-start=\"4337\" data-end=\"4369\">\n<p data-start=\"4339\" data-end=\"4369\">aumentare la tua visibilit\u00e0.<\/p>\n<\/li>\n<\/ul>\n<p data-start=\"4371\" data-end=\"4414\">Segui <strong><a href=\"https:\/\/ecobnb.it\/blog\/prezzi-disponibilita-spazi\/\" target=\"_blank\" rel=\"noopener\">questa guida per collegare Ecobnb al tuo channel manager<\/a><\/strong><\/p>\n<h2 id=\"h-domande-frequenti\">h. Hai altre domande?<\/h2>\n<h3><a href=\"https:\/\/ecobnb.it\/blog\/faq-ospitare\/\" target=\"_blank\" rel=\"noopener\">Qui puoi leggere le risposte alle domande pi\u00f9 frequenti di chi ospita con Ecobnb<\/a><\/h3>\n<p>Inoltre, <strong><a href=\"https:\/\/ecobnb.it\/blog\/faq\/\" target=\"_blank\" rel=\"noopener\">in questa pagina<\/a><\/strong> puoi trovare maggiori informazioni su Ecobnb, e qui vedere il nostro <strong><a href=\"https:\/\/ecobnb.it\/blog\/media-kit-viaggiverdi-collaborazioni-numeri\/\" target=\"_blank\" rel=\"noopener\">Media Kit<\/a><\/strong>. <em>Foto di copertina: B&amp;B eco Il Richiamo del Bosco, Boschi di Carrega, Parma<\/em><\/p>\n","protected":false},"excerpt":{"rendered":"<p>Benvenuto in Ecobnb! Qui trovi tutte le informazioni utili per modificare la tua pagina su Ecobnb, aumentare la visibilit\u00e0, inserire offerte speciali e valorizzare al meglio la tua ospitalit\u00e0 sostenibile. Indice a. Come modificare la tua pagina b. Come migliorare la tua pagina c. Come promuovere la tua qualit\u00e0 ecologica d. Come pubblicare un\u2019offerta speciale [&hellip;]<\/p>\n","protected":false},"author":3,"featured_media":12420,"parent":0,"menu_order":0,"comment_status":"closed","ping_status":"open","template":"","meta":[],"acf":[],"yoast_head":"<!-- This site is optimized with the Yoast SEO plugin v19.9 - https:\/\/yoast.com\/wordpress\/plugins\/seo\/ -->\n<title>Un Benvenuto in Ecobnb - Ecobnb<\/title>\n<meta name=\"description\" content=\"Benvenuto in Ecobnb! Scopri quello che devi sapere per gestire la tua pagina, migliorare la visibilit\u00e0 e promuovere la tua qualit\u00e0 ecologica.\" \/>\n<meta name=\"robots\" content=\"index, follow, max-snippet:-1, max-image-preview:large, max-video-preview:-1\" \/>\n<link rel=\"canonical\" href=\"https:\/\/ecobnb.it\/blog\/benvenuto\/\" \/>\n<meta property=\"og:locale\" content=\"it_IT\" \/>\n<meta property=\"og:type\" content=\"article\" \/>\n<meta property=\"og:title\" content=\"Un Benvenuto in Ecobnb - Ecobnb\" \/>\n<meta property=\"og:description\" content=\"Benvenuto in Ecobnb! Scopri quello che devi sapere per gestire la tua pagina, migliorare la visibilit\u00e0 e promuovere la tua qualit\u00e0 ecologica.\" \/>\n<meta property=\"og:url\" content=\"https:\/\/ecobnb.it\/blog\/benvenuto\/\" \/>\n<meta property=\"og:site_name\" content=\"Ecobnb\" \/>\n<meta property=\"article:publisher\" content=\"https:\/\/www.facebook.com\/viaggiverdi\" \/>\n<meta property=\"article:modified_time\" content=\"2025-09-15T10:29:15+00:00\" \/>\n<meta property=\"og:image\" content=\"https:\/\/ecobnb.it\/blog\/app\/uploads\/sites\/2\/2015\/03\/Benvenuto-Ecobnb.jpg\" \/>\n\t<meta property=\"og:image:width\" content=\"1170\" \/>\n\t<meta property=\"og:image:height\" content=\"490\" \/>\n\t<meta property=\"og:image:type\" content=\"image\/jpeg\" \/>\n<meta name=\"twitter:label1\" content=\"Est. reading time\" \/>\n\t<meta name=\"twitter:data1\" content=\"7 minutes\" \/>\n<!-- \/ Yoast SEO plugin. -->","yoast_head_json":{"title":"Un Benvenuto in Ecobnb - Ecobnb","description":"Benvenuto in Ecobnb! Scopri quello che devi sapere per gestire la tua pagina, migliorare la visibilit\u00e0 e promuovere la tua qualit\u00e0 ecologica.","robots":{"index":"index","follow":"follow","max-snippet":"max-snippet:-1","max-image-preview":"max-image-preview:large","max-video-preview":"max-video-preview:-1"},"canonical":"https:\/\/ecobnb.it\/blog\/benvenuto\/","og_locale":"it_IT","og_type":"article","og_title":"Un Benvenuto in Ecobnb - Ecobnb","og_description":"Benvenuto in Ecobnb! Scopri quello che devi sapere per gestire la tua pagina, migliorare la visibilit\u00e0 e promuovere la tua qualit\u00e0 ecologica.","og_url":"https:\/\/ecobnb.it\/blog\/benvenuto\/","og_site_name":"Ecobnb","article_publisher":"https:\/\/www.facebook.com\/viaggiverdi","article_modified_time":"2025-09-15T10:29:15+00:00","og_image":[{"width":1170,"height":490,"url":"https:\/\/ecobnb.it\/blog\/app\/uploads\/sites\/2\/2015\/03\/Benvenuto-Ecobnb.jpg","type":"image\/jpeg"}],"twitter_misc":{"Est. reading time":"7 minutes"},"schema":{"@context":"https:\/\/schema.org","@graph":[{"@type":"WebPage","@id":"https:\/\/ecobnb.it\/blog\/benvenuto\/","url":"https:\/\/ecobnb.it\/blog\/benvenuto\/","name":"Un Benvenuto in Ecobnb - Ecobnb","isPartOf":{"@id":"https:\/\/ecobnb.it\/blog\/#website"},"datePublished":"2015-03-19T11:35:01+00:00","dateModified":"2025-09-15T10:29:15+00:00","description":"Benvenuto in Ecobnb! Scopri quello che devi sapere per gestire la tua pagina, migliorare la visibilit\u00e0 e promuovere la tua qualit\u00e0 ecologica.","inLanguage":"it-IT","potentialAction":[{"@type":"ReadAction","target":["https:\/\/ecobnb.it\/blog\/benvenuto\/"]}]},{"@type":"WebSite","@id":"https:\/\/ecobnb.it\/blog\/#website","url":"https:\/\/ecobnb.it\/blog\/","name":"Ecobnb","description":"Trova il tuo Alloggio Ecosostenibile","publisher":{"@id":"https:\/\/ecobnb.it\/blog\/#organization"},"potentialAction":[{"@type":"SearchAction","target":{"@type":"EntryPoint","urlTemplate":"https:\/\/ecobnb.it\/blog\/?s={search_term_string}"},"query-input":"required name=search_term_string"}],"inLanguage":"it-IT"},{"@type":"Organization","@id":"https:\/\/ecobnb.it\/blog\/#organization","name":"Ecobnb","url":"https:\/\/ecobnb.it\/blog\/","logo":{"@type":"ImageObject","inLanguage":"it-IT","@id":"https:\/\/ecobnb.it\/blog\/#\/schema\/logo\/image\/","url":"https:\/\/ecobnb.it\/blog\/app\/uploads\/sites\/2\/2016\/03\/logo_transparent_512x512.png","contentUrl":"https:\/\/ecobnb.it\/blog\/app\/uploads\/sites\/2\/2016\/03\/logo_transparent_512x512.png","width":512,"height":512,"caption":"Ecobnb"},"image":{"@id":"https:\/\/ecobnb.it\/blog\/#\/schema\/logo\/image\/"},"sameAs":["https:\/\/www.facebook.com\/viaggiverdi"]}]}},"_links":{"self":[{"href":"https:\/\/ecobnb.it\/blog\/wp-json\/wp\/v2\/pages\/12049"}],"collection":[{"href":"https:\/\/ecobnb.it\/blog\/wp-json\/wp\/v2\/pages"}],"about":[{"href":"https:\/\/ecobnb.it\/blog\/wp-json\/wp\/v2\/types\/page"}],"author":[{"embeddable":true,"href":"https:\/\/ecobnb.it\/blog\/wp-json\/wp\/v2\/users\/3"}],"replies":[{"embeddable":true,"href":"https:\/\/ecobnb.it\/blog\/wp-json\/wp\/v2\/comments?post=12049"}],"version-history":[{"count":53,"href":"https:\/\/ecobnb.it\/blog\/wp-json\/wp\/v2\/pages\/12049\/revisions"}],"predecessor-version":[{"id":86686,"href":"https:\/\/ecobnb.it\/blog\/wp-json\/wp\/v2\/pages\/12049\/revisions\/86686"}],"wp:featuredmedia":[{"embeddable":true,"href":"https:\/\/ecobnb.it\/blog\/wp-json\/wp\/v2\/media\/12420"}],"wp:attachment":[{"href":"https:\/\/ecobnb.it\/blog\/wp-json\/wp\/v2\/media?parent=12049"}],"curies":[{"name":"wp","href":"https:\/\/api.w.org\/{rel}","templated":true}]}}