{"id":11461,"date":"2015-02-04T20:06:15","date_gmt":"2015-02-04T19:06:15","guid":{"rendered":"http:\/\/blog.viaggiverdi.it\/?page_id=11461"},"modified":"2019-10-13T16:22:51","modified_gmt":"2019-10-13T14:22:51","slug":"web-marketing-turismo-sostenibile","status":"publish","type":"page","link":"https:\/\/ecobnb.it\/blog\/eventi\/web-marketing-turismo-sostenibile\/","title":{"rendered":"Web Marketing per il Turismo Sostenibile"},"content":{"rendered":"<p><em>Non possiamo pensare che le cose cambino se continuiamo a fare le stesse cose.<\/em>\u00a0(Albert Einstein)<\/p>\n<p>A <strong>Fa&#8217; la cosa giusta!<\/strong> ogni\u00a0anno si incontrano le energie pi\u00f9 fresche e creative del Paese &#8211; aziende e consumatori, cittadini e associazioni &#8211; per scambiare idee, vendere e comprare prodotti pensati nel rispetto dell\u2019uomo e dell\u2019ambiente, immaginare e sperimentare un\u2019economia che schiuda un futuro pi\u00f9 giusto per tutti.<\/p>\n<p>Quest&#8217;anno a Fa&#8217; la cosa giusta! si parler\u00e0 anche di <strong>green marketing<\/strong> e <strong>turismo sostenibile<\/strong>.<\/p>\n<p>&#8220;Web marketing per il turismo sostenibile&#8221; \u00e8 un seminario\u00a0rivolto in particolare alle strutture ricettive ecologiche, per approfondire il tema del turismo sostenibile, scoprire come differenziarsi sul mercato e acquisire conoscenze pratiche su strumenti di web marketing e del social media marketing.<\/p>\n<h2>Un laboratorio sul Web Marketing:<\/h2>\n<p>I principali temi trattati saranno:<\/p>\n<ul>\n<li>La crescita del turismo sostenibile\u00a0e le nuove tendenze del viaggio<\/li>\n<li>La rivoluzione del turismo online<\/li>\n<li>Web marketing per il turismo sostenibile<\/li>\n<li>Storytelling, blog e social media<\/li>\n<li>Google Analytics, newsletters e altri strumenti utili<\/li>\n<\/ul>\n<p>Non solo un Laboratorio, ma la possibilit\u00e0 di confrontarsi con una\u00a0realt\u00e0 che cambia, <strong>dove le nostre azioni virtuose possono fare la differenza<\/strong>.<\/p>\n<p>Scegliere di dotarsi di un&#8217;impronta green \u00e8 anche un modo per avere pi\u00f9 visibilit\u00e0 ed opportunit\u00e0 di marketing, un modo per distinguersi, per migliorare e promuovere la propria offerta ricettiva in rete.<\/p>\n<h2>A chi si rivolge:<\/h2>\n<p>Alle <strong>piccole e medie strutture ricettive<\/strong>, <strong>B&amp;B, agriturismi, hotel, alberghi diffusi, residence, rifugi, appartamenti vacanze<\/strong> che vogliono migliorare la loro visibilit\u00e0 sul web, distinguersi per l&#8217;attenzione all&#8217;ambiente, comunicare i principi a cui credono e le loro scelte responsabili.<\/p>\n<p>Agli studenti universitari, ai docenti e a tutti coloro che si occupano di<strong> turismo<\/strong> e che sono interessati ad approfondire il tema del web marketing per promuovere un modo di viaggiare pi\u00f9 rispettoso dell&#8217;ambiente, dei luoghi e delle persone che li abitano.<\/p>\n<h2>Quando e Dove:<\/h2>\n<p><strong><strong>Venerdi 13\u00a0marzo 2015<\/strong><\/strong>, dalle 16.00 alle 18.00 nella Sala Conferenze Bomprezzi, all&#8217;interno di\u00a0<strong>Fa&#8217; La Cosa Giusta!<\/strong>, la principale fiera italiana dedicata al consumo critico e agli stili di vita sostenibili. A Fieramilanocity, Milano, ogni anno decine di migliaia di visitatori si danno appuntamento per parlare di\u00a0scelte responsabili, fare acquisti consapevoli, incontrare espositori che stanno condividendo le stesse scelte.<\/p>\n<h2><strong>Come aderire:<\/strong><\/h2>\n<p>La disponibilit\u00e0 \u00e8 limitata. Affrettati!<br \/>\nIl contributo di adesione \u00e8 di <del><strong>47 Euro \u00a0<\/strong><\/del><span style=\"text-decoration: underline;\"><span style=\"color: #ff0000;\"><strong> 37 euro (2 biglietti fiera* inclusi)<\/strong><\/span><\/span><\/p>\n<p><span style=\"text-decoration: underline;\"><span style=\"color: #ff0000;\"><strong>Ancora 3\u00a0posti disponibili a 37 Euro (-20%) per chi si iscrive entro mercoled\u00ec 11 marzo.<\/strong><\/span><\/span><\/p>\n<p>* i biglietti verranno inviati via email ed avranno un codice univoco da presentare all&#8217;ingresso<\/p>\n<p>Per gli studenti universitari e le strutture ricettive iscritte paganti membership a Ecobnb e a ViaggiVerdi l&#8217;ingresso al laboratorio \u00e8 gratuito, ma rimane a carico dei partecipanti l&#8217;ingresso alla Fiera.<\/p>\n<p>Iscriviti con <strong>Paypal<\/strong> o <strong>Carta di Credito<\/strong> (conto intestato a Ecobnb):<\/p>\n<form action=\"https:\/\/www.paypal.com\/cgi-bin\/webscr\" method=\"post\" target=\"_top\"><img src=\"https:\/\/www.paypalobjects.com\/it_IT\/i\/scr\/pixel.gif\" alt=\"\" width=\"1\" height=\"1\" border=\"0\" \/><\/p>\n<\/form>\n<p>oppure tramite <strong>Bonifico Bancario<\/strong> intestato a:<\/p>\n<h4><em>Ecobnb<br \/>\npresso Banca Etica<br \/>\nIBAN: IT02Y0501802400000000176532<br \/>\nCausale: contributo per laboratorio fa la cosa giusta effettuato da <span style=\"text-decoration: underline;\">NomeStruttura<\/span> <\/em><\/h4>\n<h4><span style=\"color: #ff0000;\"><a style=\"color: #ff0000;\" title=\"Clicca qui per iscriverti subito al seminario\" href=\"http:\/\/goo.gl\/forms\/0pa3SdEG7k\" target=\"_blank\">Clicca qui per iscriverti subito al seminario<\/a><\/span><\/h4>\n<p>&nbsp;<\/p>\n<h2>Chi troverai<\/h2>\n<p>Interverranno esperti \u00a0di web marketing, social media marketing, turismo responsabile e sostenibilit\u00e0, tra cui:<\/p>\n<p><em><strong>Simone Riccardi<\/strong>, laureato e dottorato di ricerca, da sempre \u00e8 appassionato di web e nuove tecnologie. Ha conseguito un master in business and managemenet presso l&#8217;Universit\u00e0 della California a Los Angeles. Da anni si occupa dello sviluppo di siti internet, organizza e partecipa a\u00a0seminari, lezioni e consulenze sul tema del web marketing turistico e della promozione del turismo responsabile.<\/em><\/p>\n<p><em><strong>Silvia Ombellini<\/strong>, laureata in architettura con un dottorato di ricerca sulla progettazione\u00a0sostenibile in area alpina, si occupa di user experience design e di comunicazione sul web. E&#8217; cofondatrice del progetto Ecobnb.com e capo redattrice del <a title=\"Blog Viaggi Verdi\" href=\"https:\/\/ecobnb.it\/blog\" target=\"_blank\">blog di ViaggiVerdi<\/a> dedicato al turismo sostenibile in Italia.<\/em><\/p>\n<p><em><strong>Cristiana Pedrali<\/strong>, blogger, scrittrice e storyteller. Con le storie, ha venduto camere di hotel, servizi spa, destinazioni, collaborazioni commerciali e strategie di revenue. Da due anni scrive di viaggi verdi, e non solo, su ViaggiVerdi e ItalyGreenTravel, e si occupa della comunicazione sui social media. <a title=\"Cristiana Pedrali Blog\" href=\"http:\/\/www.cristianapedrali.it\/chi\/\" target=\"_blank\">Qui potete scoprire di pi\u00f9.<\/a><\/em><\/p>\n<p>Alcune tra le <strong>strutture ricettive pi\u00f9 virtuose d&#8217;Italia<\/strong> per la loro attenzione ambientale verranno premiate e condivideranno la loro esperienza.<\/p>\n<h2><strong>Scrivici o telefonaci<\/strong><\/h2>\n<p>Vuoi saperne di pi\u00f9? Contattaci qui:<strong><br \/>\nemail:<\/strong> info@ecobnb.com<\/p>\n<p>Il laboratorio \u00e8 organizzato da <strong>Ecobnb<\/strong> e <strong>ViaggiVerdi<\/strong>, progetti dedicati\u00a0al turismo sostenibile in Europa, in collaborazione con <strong><a href=\"http:\/\/falacosagiusta.terre.it\/\" target=\"_blank\">Fa&#8217; La Cosa Giusta<\/a>!<\/strong><\/p>\n<p>&nbsp;<\/p>\n<h4>Potrebbero interessarvi anche:<\/h4>\n<h4><a title=\"Cos'\u00e8 Ecobnb - ViaggiVerdi?\" href=\"https:\/\/ecobnb.it\/blog\/faq\/\" target=\"_blank\">Che cos&#8217;\u00e8\u00a0Ecobnb?<\/a><\/h4>\n<h4><a title=\"Quanto sono ecoturisti gli europei?\" href=\"https:\/\/ecobnb.it\/blog\/2014\/06\/quanto-sono-eco-turisti-gli-europei\/\" target=\"_blank\">Quanto sono eco-turisti gli Europei?<\/a><\/h4>\n<h4><\/h4>\n","protected":false},"excerpt":{"rendered":"<p>Non possiamo pensare che le cose cambino se continuiamo a fare le stesse cose.\u00a0(Albert Einstein) A Fa&#8217; la cosa giusta! ogni\u00a0anno si incontrano le energie pi\u00f9 fresche e creative del Paese &#8211; aziende e consumatori, cittadini e associazioni &#8211; per scambiare idee, vendere e comprare prodotti pensati nel rispetto dell\u2019uomo e dell\u2019ambiente, immaginare e sperimentare [&hellip;]<\/p>\n","protected":false},"author":3,"featured_media":11463,"parent":16232,"menu_order":0,"comment_status":"closed","ping_status":"closed","template":"","meta":[],"acf":[],"yoast_head":"<!-- This site is optimized with the Yoast SEO plugin v19.9 - https:\/\/yoast.com\/wordpress\/plugins\/seo\/ -->\n<title>Web Marketing per il Turismo Sostenibile - Ecobnb<\/title>\n<meta name=\"description\" content=\"Web marketing, social media marketing, strumenti e tecniche per differenziare e promuovere la tua offerta di turismo responsabile sul web, a FLCG Milano\" \/>\n<meta name=\"robots\" content=\"index, follow, max-snippet:-1, max-image-preview:large, max-video-preview:-1\" \/>\n<link rel=\"canonical\" href=\"https:\/\/ecobnb.it\/blog\/eventi\/web-marketing-turismo-sostenibile\/\" \/>\n<meta property=\"og:locale\" content=\"it_IT\" \/>\n<meta property=\"og:type\" content=\"article\" \/>\n<meta property=\"og:title\" content=\"Web Marketing per il Turismo Sostenibile - Ecobnb\" \/>\n<meta property=\"og:description\" content=\"Web marketing, social media marketing, strumenti e tecniche per differenziare e promuovere la tua offerta di turismo responsabile sul web, a FLCG Milano\" \/>\n<meta property=\"og:url\" content=\"https:\/\/ecobnb.it\/blog\/eventi\/web-marketing-turismo-sostenibile\/\" \/>\n<meta property=\"og:site_name\" content=\"Ecobnb\" \/>\n<meta property=\"article:publisher\" content=\"https:\/\/www.facebook.com\/viaggiverdi\" \/>\n<meta property=\"article:modified_time\" content=\"2019-10-13T14:22:51+00:00\" \/>\n<meta property=\"og:image\" content=\"https:\/\/ecobnb.it\/blog\/app\/uploads\/sites\/2\/2015\/02\/Laboratorio-Web-Marketing_copertina.jpg\" \/>\n\t<meta property=\"og:image:width\" content=\"1170\" \/>\n\t<meta property=\"og:image:height\" content=\"490\" \/>\n\t<meta property=\"og:image:type\" content=\"image\/jpeg\" \/>\n<meta name=\"twitter:label1\" content=\"Est. reading time\" \/>\n\t<meta name=\"twitter:data1\" content=\"4 minutes\" \/>\n<!-- \/ Yoast SEO plugin. -->","yoast_head_json":{"title":"Web Marketing per il Turismo Sostenibile - Ecobnb","description":"Web marketing, social media marketing, strumenti e tecniche per differenziare e promuovere la tua offerta di turismo responsabile sul web, a FLCG Milano","robots":{"index":"index","follow":"follow","max-snippet":"max-snippet:-1","max-image-preview":"max-image-preview:large","max-video-preview":"max-video-preview:-1"},"canonical":"https:\/\/ecobnb.it\/blog\/eventi\/web-marketing-turismo-sostenibile\/","og_locale":"it_IT","og_type":"article","og_title":"Web Marketing per il Turismo Sostenibile - Ecobnb","og_description":"Web marketing, social media marketing, strumenti e tecniche per differenziare e promuovere la tua offerta di turismo responsabile sul web, a FLCG Milano","og_url":"https:\/\/ecobnb.it\/blog\/eventi\/web-marketing-turismo-sostenibile\/","og_site_name":"Ecobnb","article_publisher":"https:\/\/www.facebook.com\/viaggiverdi","article_modified_time":"2019-10-13T14:22:51+00:00","og_image":[{"width":1170,"height":490,"url":"https:\/\/ecobnb.it\/blog\/app\/uploads\/sites\/2\/2015\/02\/Laboratorio-Web-Marketing_copertina.jpg","type":"image\/jpeg"}],"twitter_misc":{"Est. reading time":"4 minutes"},"schema":{"@context":"https:\/\/schema.org","@graph":[{"@type":"WebPage","@id":"https:\/\/ecobnb.it\/blog\/eventi\/web-marketing-turismo-sostenibile\/","url":"https:\/\/ecobnb.it\/blog\/eventi\/web-marketing-turismo-sostenibile\/","name":"Web Marketing per il Turismo Sostenibile - Ecobnb","isPartOf":{"@id":"https:\/\/ecobnb.it\/blog\/#website"},"datePublished":"2015-02-04T19:06:15+00:00","dateModified":"2019-10-13T14:22:51+00:00","description":"Web marketing, social media marketing, strumenti e tecniche per differenziare e promuovere la tua offerta di turismo responsabile sul web, a FLCG Milano","breadcrumb":{"@id":"https:\/\/ecobnb.it\/blog\/eventi\/web-marketing-turismo-sostenibile\/#breadcrumb"},"inLanguage":"it-IT","potentialAction":[{"@type":"ReadAction","target":["https:\/\/ecobnb.it\/blog\/eventi\/web-marketing-turismo-sostenibile\/"]}]},{"@type":"BreadcrumbList","@id":"https:\/\/ecobnb.it\/blog\/eventi\/web-marketing-turismo-sostenibile\/#breadcrumb","itemListElement":[{"@type":"ListItem","position":1,"name":"Ecobnb Green Accademy: Eventi Formativi, workshop e Incontri","item":"https:\/\/ecobnb.it\/blog\/eventi\/"},{"@type":"ListItem","position":2,"name":"Web Marketing per il Turismo Sostenibile"}]},{"@type":"WebSite","@id":"https:\/\/ecobnb.it\/blog\/#website","url":"https:\/\/ecobnb.it\/blog\/","name":"Ecobnb","description":"Trova il tuo Alloggio Ecosostenibile","publisher":{"@id":"https:\/\/ecobnb.it\/blog\/#organization"},"potentialAction":[{"@type":"SearchAction","target":{"@type":"EntryPoint","urlTemplate":"https:\/\/ecobnb.it\/blog\/?s={search_term_string}"},"query-input":"required name=search_term_string"}],"inLanguage":"it-IT"},{"@type":"Organization","@id":"https:\/\/ecobnb.it\/blog\/#organization","name":"Ecobnb","url":"https:\/\/ecobnb.it\/blog\/","logo":{"@type":"ImageObject","inLanguage":"it-IT","@id":"https:\/\/ecobnb.it\/blog\/#\/schema\/logo\/image\/","url":"https:\/\/ecobnb.it\/blog\/app\/uploads\/sites\/2\/2016\/03\/logo_transparent_512x512.png","contentUrl":"https:\/\/ecobnb.it\/blog\/app\/uploads\/sites\/2\/2016\/03\/logo_transparent_512x512.png","width":512,"height":512,"caption":"Ecobnb"},"image":{"@id":"https:\/\/ecobnb.it\/blog\/#\/schema\/logo\/image\/"},"sameAs":["https:\/\/www.facebook.com\/viaggiverdi"]}]}},"_links":{"self":[{"href":"https:\/\/ecobnb.it\/blog\/wp-json\/wp\/v2\/pages\/11461"}],"collection":[{"href":"https:\/\/ecobnb.it\/blog\/wp-json\/wp\/v2\/pages"}],"about":[{"href":"https:\/\/ecobnb.it\/blog\/wp-json\/wp\/v2\/types\/page"}],"author":[{"embeddable":true,"href":"https:\/\/ecobnb.it\/blog\/wp-json\/wp\/v2\/users\/3"}],"replies":[{"embeddable":true,"href":"https:\/\/ecobnb.it\/blog\/wp-json\/wp\/v2\/comments?post=11461"}],"version-history":[{"count":37,"href":"https:\/\/ecobnb.it\/blog\/wp-json\/wp\/v2\/pages\/11461\/revisions"}],"predecessor-version":[{"id":44951,"href":"https:\/\/ecobnb.it\/blog\/wp-json\/wp\/v2\/pages\/11461\/revisions\/44951"}],"up":[{"embeddable":true,"href":"https:\/\/ecobnb.it\/blog\/wp-json\/wp\/v2\/pages\/16232"}],"wp:featuredmedia":[{"embeddable":true,"href":"https:\/\/ecobnb.it\/blog\/wp-json\/wp\/v2\/media\/11463"}],"wp:attachment":[{"href":"https:\/\/ecobnb.it\/blog\/wp-json\/wp\/v2\/media?parent=11461"}],"curies":[{"name":"wp","href":"https:\/\/api.w.org\/{rel}","templated":true}]}}