{"id":10920,"date":"2014-12-18T15:00:38","date_gmt":"2014-12-18T14:00:38","guid":{"rendered":"http:\/\/blog.viaggiverdi.it\/?page_id=10920"},"modified":"2025-01-07T15:29:16","modified_gmt":"2025-01-07T14:29:16","slug":"viaggio-regalo","status":"publish","type":"page","link":"https:\/\/ecobnb.it\/blog\/viaggio-regalo\/","title":{"rendered":"Regala un viaggio eco-sostenibile!"},"content":{"rendered":"<div class=\"span7 offset1\" style=\"font-family: 'medium-content-serif-font',Georgia,Cambria,'Times New Roman',Times,serif; font-size: 21px; font-style: normal; font-weight: 400; letter-spacing: -0.003em; line-height: 1.58;\">\n<p>Stai cercando l&#8217;idea giusta per un <strong>regalo<em> green<\/em><\/strong>? Perch\u00e9 non regalare un viaggio<strong>\u00a0in armonia con la natura<\/strong>? Con la <strong><a href=\"https:\/\/ecobnb.it\/acquista-giftcard\" target=\"_blank\" rel=\"noopener\">GiftCard di Ecobnb<\/a><\/strong> puoi regalare un viaggio eco-sostenibile, un soggiorno o un&#8217;esperienza immersa nella natura. Puoi acquistare la Gift Card online in pochi passaggi, ricevendo la carta\u00a0regalo in pochi minuti direttamente nella tua casella di posta elettronica.<\/p>\n<p>Chi ricever\u00e0 il buono regalo pu\u00f2 utilizzarlo entro un anno scegliendo tra oltre <strong>tremila ospitalit\u00e0 eco-friendly in tutta Italia e nel mondo<\/strong>: bellissimi agriturismi biologici, alberghi diffusi in antichi borghi, glamping immersi nella natura, eco hotel e bed &amp; breakfast a zero emissioni. In pi\u00f9 puoi aggiungere al tuo buono regalo un <strong>messaggio personalizzato<\/strong>.<\/p>\n<p><strong>Cosa offre un Eco soggiorno rispetto ad uno tradizionale?<\/strong> Cibo bio o a km zero, energia pulita, saponi naturali, mobilit\u00e0 dolce, e molto altro. Scegliendo un&#8217;ospitalit\u00e0 ecologica puoi risparmiare fino a 8 kg di CO2 per persona per notte, l&#8217;equivalente di 295 alberi salvati!<\/p>\n<\/div>\n<div class=\"span7 offset1\" style=\"font-family: 'medium-content-serif-font',Georgia,Cambria,'Times New Roman',Times,serif; font-size: 21px; font-style: normal; font-weight: 400; letter-spacing: -0.003em; line-height: 1.58;\">Cosa aspetti? Puoi regalare un viaggio eco-sostenibile a chi ami acquistando la <a href=\"https:\/\/ecobnb.it\/voucher-regalo\" target=\"_blank\" rel=\"noopener\"><b>giftcard di Ecobnb in questa pagina!<\/b><\/a><\/div>\n<div class=\"span7 offset1\" style=\"font-family: 'medium-content-serif-font',Georgia,Cambria,'Times New Roman',Times,serif; font-size: 21px; font-style: normal; font-weight: 400; letter-spacing: -0.003em; line-height: 1.58;\">\n<h2>Perch\u00e9 regalare un Viaggio <em>Green<\/em>?<\/h2>\n<p>Un viaggio \u00e8 sempre un <strong>regalo speciale<\/strong>.\u00a0Viaggiando scopriamo nuovi mondi e riscopriamo noi stessi. Ci innamoriamo e rimaniamo incantati. Cambiamo opinioni e pregiudizi. Viaggiando diamo\u00a0senso alla vita, e ci trasformiamo in curiosi esploratori del mondo. Viaggiando\u00a0<em>viviamo due volte<\/em>, come dice\u00a0Omar Khayyam.<\/p>\n<p>In pi\u00f9, se decidi di regalare un&#8217;esperienza di viaggio eco-sostenibile aggiungi un <strong>messaggio importante<\/strong>\u00a0di rispetto verso il nostro Pianeta Terra, e la\u00a0possibilit\u00e0 di\u00a0scoprire stili di vita ecologici.<\/p>\n<h2>Come viene inviato il Voucher Regalo?<\/h2>\n<p>Il Voucher Regalo o Gift Card ti verr\u00e0 inviato <strong>via email<\/strong> all&#8217;indirizzo che inserirai nel momento dell&#8217;acquisto. Riceverai il Voucher Regalo nella casella di posta elettronica indicata qualche minuto dopo il pagamento.<\/p>\n<h2>Come funziona il Voucher Regalo?<\/h2>\n<p><strong>1)\u00a0<a href=\"https:\/\/ecobnb.it\/voucher-regalo\" target=\"_blank\" rel=\"noopener\">Vai su questa pagina e scegli l&#8217;importo che preferisci<\/a><\/strong>,\u00a0seleziona\u00a0un tema (ad esempio Natale o Compleanno), scrivi il tuo\u00a0messaggio di auguri (se vuoi personalizzare il voucher) indica il nome di chi ricever\u00e0 il\u00a0regalo, e procedi con l&#8217;acquisto.<\/p>\n<p><strong>2) Ricevi via email il voucher\u00a0regalo<\/strong> da donare alla persona cara, insieme al codice e a tutte le informazioni di utilizzo. Puoi stamparlo e confezionarlo in modo originale, come proponiamo di seguito, oppure inviarlo in digitale (ad es. via email o via wathsapp) alla persona che deve riceverlo.<\/p>\n<p><strong>3) Quando lei\/lui\u00a0desidera utilizzare il suo viaggio regalo pu\u00f2 farlo liberamente<\/strong>, andando <a href=\"https:\/\/ecobnb.it\" target=\"_blank\" rel=\"noopener\">su questa pagina<\/a>, e scegliendo tra oltre tremila proposte di soggiorno eco-sostenibile in tutta Italia e nel mondo. Potr\u00e0 inviare le richieste di disponibilit\u00e0 a pi\u00f9 ospitalit\u00e0, inserendo il codice del proprio voucher regalo, e poi scegliere la sua preferita. Tramite la <a href=\"https:\/\/ecobnb.it\" target=\"_blank\" rel=\"noopener\">chat online sul sito<\/a>, o via email, il team di Ecobnb \u00e8 disponibile, per offrire consigli, supporto sulla prenotazione, suggerimenti su itinerari e mete da non perdere.<\/p>\n<div class=\"text-center row-grey\">\n<h2>Il Voucher regalo ha una scadenza?<\/h2>\n<p>S\u00ec, i\u00a0buoni regalo sono validi per <strong>12 mesi<\/strong> dalla data di emissione e possono essere utilizzati entro quella data su <a href=\"https:\/\/ecobnb.it\/viaggio-regalo\" target=\"_blank\" rel=\"noopener\">Ecobnb<\/a>.<\/p>\n<h2>Perch\u00e9 un&#8217;esperienza di viaggio eco-friendly?<\/h2>\n<\/div>\n<p>Perch\u00e9 il turismo \u00e8 la quarta causa di inquinamento ambientale, e <strong>quando scegliamo le nostre vacanze \u00e8 sempre meglio farlo in modo responsabile.<\/strong> Questo significa minimizzare l&#8217;impatto ambientale scegliendo strutture ricettive eco-friendly e mezzi di trasporto sostenibili, ma anche entrare in contatto con la realt\u00e0 del luogo, <strong>scoprire destinazioni meno turistiche, promuovere l&#8217;economia locale<\/strong>, preferire un&#8217;esperienza vera, come quella in un albergo diffuso in un piccolo borgo italiano.<\/p>\n<h2>Come confezionare il tuo Regalo?<\/h2>\n<p><strong>Un&#8217;idea in pi\u00f9<\/strong>, per creare una <strong>confezione originale<\/strong> del tuo regalo, da realizzare in casa in pochi minuti, utilizzando cartoncino riciclato e sbizzarrendoti con il materiale che hai a disposizione.<\/p>\n\n\t\t<style type=\"text\/css\">\n\t\t\t#gallery-1 {\n\t\t\t\tmargin: auto;\n\t\t\t}\n\t\t\t#gallery-1 .gallery-item {\n\t\t\t\tfloat: left;\n\t\t\t\tmargin-top: 10px;\n\t\t\t\ttext-align: center;\n\t\t\t\twidth: 33%;\n\t\t\t}\n\t\t\t#gallery-1 img {\n\t\t\t\tborder: 2px solid #cfcfcf;\n\t\t\t}\n\t\t\t#gallery-1 .gallery-caption {\n\t\t\t\tmargin-left: 0;\n\t\t\t}\n\t\t\t\/* see gallery_shortcode() in wp-includes\/media.php *\/\n\t\t<\/style>\n\t\t<div id='gallery-1' class='gallery galleryid-10920 gallery-columns-3 gallery-size-thumbnail'><dl class='gallery-item'>\n\t\t\t<dt class='gallery-icon landscape'>\n\t\t\t\t<a href='https:\/\/ecobnb.it\/blog\/viaggio-regalo\/01-stand\/#main'><img width=\"270\" height=\"200\" src=\"https:\/\/ecobnb.it\/blog\/app\/uploads\/sites\/2\/2014\/12\/01-stand-270x200.jpg\" class=\"attachment-thumbnail size-thumbnail\" alt=\"Valigetta Regalo: Per confezionare in modo creativo il Viaggio Regalo puoi creare una valigetta regalo con cartone reciclato\" aria-describedby=\"gallery-1-14249\" \/><\/a>\n\t\t\t<\/dt>\n\t\t\t\t<dd class='wp-caption-text gallery-caption' id='gallery-1-14249'>\n\t\t\t\tValigette regalo\n\t\t\t\t<\/dd><\/dl><dl class='gallery-item'>\n\t\t\t<dt class='gallery-icon landscape'>\n\t\t\t\t<a href='https:\/\/ecobnb.it\/blog\/viaggio-regalo\/valigettaecobnb\/#main'><img width=\"270\" height=\"200\" src=\"https:\/\/ecobnb.it\/blog\/app\/uploads\/sites\/2\/2014\/12\/ValigettaEcobnb-270x200.png\" class=\"attachment-thumbnail size-thumbnail\" alt=\"\" aria-describedby=\"gallery-1-14248\" \/><\/a>\n\t\t\t<\/dt>\n\t\t\t\t<dd class='wp-caption-text gallery-caption' id='gallery-1-14248'>\n\t\t\t\tCome costruire la tua valigetta: retro\n\t\t\t\t<\/dd><\/dl><dl class='gallery-item'>\n\t\t\t<dt class='gallery-icon portrait'>\n\t\t\t\t<a href='https:\/\/ecobnb.it\/blog\/viaggio-regalo\/valigettaecobnb2\/#main'><img width=\"270\" height=\"200\" src=\"https:\/\/ecobnb.it\/blog\/app\/uploads\/sites\/2\/2014\/12\/ValigettaEcobnb2-270x200.png\" class=\"attachment-thumbnail size-thumbnail\" alt=\"Come creare una valigetta regalo con cartone reciclato per confezionare il tuo voucher viaggio regalo\" aria-describedby=\"gallery-1-14247\" \/><\/a>\n\t\t\t<\/dt>\n\t\t\t\t<dd class='wp-caption-text gallery-caption' id='gallery-1-14247'>\n\t\t\t\tCome costruire la tua valigetta: fronte\n\t\t\t\t<\/dd><\/dl><br style=\"clear: both\" \/>\n\t\t<\/div>\n\n<p><strong>Cosa serve<\/strong>? Cartoncino riciclato, forbici, colla.<\/p>\n<p><strong>Per prima cosa<\/strong>: stampa (o disegna) su cartoncino riciclato le due immagini che trovi qui sotto.<\/p>\n<p>Ritaglia i due profili seguendo le linee piene. Piega seguendo le linee tratteggiate.<\/p>\n<p>Incolla agli angoli, cos\u00ec da ottenere la parte inferiore e quella superiore della scatolina-valigetta.<\/p>\n<p>A questo punto non ti rimane che inserire il Buono Viaggio Regalo insieme ad un piccolo messaggio all&#8217;interno della scatolina-valigetta e chiuderla.<\/p>\n<p>Per farla assomigliare ad una vera valigia, ritaglia un pezzetto di carta e incollalo sul lato stretto e lungo della scatolina, come fosse una maniglia.<\/p>\n<p>Infine, puoi completare la confezione aggiungendo un nastrino colorato attorno alla valigetta.<\/p>\n<div id=\"attachment_14248\" class=\"thumbnail alignnone\"><img class=\"wp-image-14248 size-full\" src=\"https:\/\/ecobnb.it\/blog\/app\/uploads\/sites\/2\/2014\/12\/ValigettaEcobnb.png\" alt=\"Sagoma della valigetta che puoi utilizzare per creare la tua confezione regalo in cartoncino riciclato - RETRO\" width=\"3508\" height=\"2480\" srcset=\"https:\/\/ecobnb.it\/blog\/app\/uploads\/sites\/2\/2014\/12\/ValigettaEcobnb.png 3508w, https:\/\/ecobnb.it\/blog\/app\/uploads\/sites\/2\/2014\/12\/ValigettaEcobnb-536x379.png 536w, https:\/\/ecobnb.it\/blog\/app\/uploads\/sites\/2\/2014\/12\/ValigettaEcobnb-344x243.png 344w\" sizes=\"(max-width: 3508px) 100vw, 3508px\" \/><div class=\"caption\">Sagoma della valigetta che puoi utilizzare per creare la tua confezione regalo in cartoncino riciclato &#8211; RETRO<\/div><\/div>\n<div id=\"attachment_14247\" class=\"thumbnail alignnone\"><img class=\"wp-image-14247 size-full\" src=\"https:\/\/ecobnb.it\/blog\/app\/uploads\/sites\/2\/2014\/12\/ValigettaEcobnb2.png\" alt=\"Come creare una valigetta regalo con cartone reciclato: Sagoma della valigetta che puoi utilizzare per creare la tua confezione regalo in cartoncino riciclato - FRONTE\" width=\"2480\" height=\"3508\" srcset=\"https:\/\/ecobnb.it\/blog\/app\/uploads\/sites\/2\/2014\/12\/ValigettaEcobnb2.png 2480w, https:\/\/ecobnb.it\/blog\/app\/uploads\/sites\/2\/2014\/12\/ValigettaEcobnb2-536x758.png 536w, https:\/\/ecobnb.it\/blog\/app\/uploads\/sites\/2\/2014\/12\/ValigettaEcobnb2-344x487.png 344w\" sizes=\"(max-width: 2480px) 100vw, 2480px\" \/><div class=\"caption\">Sagoma della valigetta che puoi utilizzare per creare la tua confezione regalo in cartoncino riciclato &#8211; FRONTE<\/div><\/div>\n<p><em>Cover image: photo via Canva<\/em><\/p>\n<\/div>\n","protected":false},"excerpt":{"rendered":"<p>Stai cercando l&#8217;idea giusta per un regalo green? Perch\u00e9 non regalare un viaggio\u00a0in armonia con la natura? Con la GiftCard di Ecobnb puoi regalare un viaggio eco-sostenibile, un soggiorno o un&#8217;esperienza immersa nella natura. Puoi acquistare la Gift Card online in pochi passaggi, ricevendo la carta\u00a0regalo in pochi minuti direttamente nella tua casella di posta [&hellip;]<\/p>\n","protected":false},"author":3,"featured_media":56653,"parent":0,"menu_order":0,"comment_status":"closed","ping_status":"open","template":"page-nosidebar.php","meta":[],"acf":[],"yoast_head":"<!-- This site is optimized with the Yoast SEO plugin v19.9 - https:\/\/yoast.com\/wordpress\/plugins\/seo\/ -->\n<title>Cerchi un Regalo Originale? Regala un Viaggio Eco-Sostenibile! - Ecobnb<\/title>\n<meta name=\"description\" content=\"Cerchi un&#039;idea regalo green, originale e perfetta per ogni occasione? Regala un viaggio eco-sostenibile in oltre tremila luoghi eco-friendly e biologici\" \/>\n<meta name=\"robots\" content=\"index, follow, max-snippet:-1, max-image-preview:large, max-video-preview:-1\" \/>\n<link rel=\"canonical\" href=\"https:\/\/ecobnb.it\/blog\/viaggio-regalo\/\" \/>\n<meta property=\"og:locale\" content=\"it_IT\" \/>\n<meta property=\"og:type\" content=\"article\" \/>\n<meta property=\"og:title\" content=\"Cerchi un Regalo Originale? Regala un Viaggio Eco-Sostenibile! - Ecobnb\" \/>\n<meta property=\"og:description\" content=\"Cerchi un&#039;idea regalo green, originale e perfetta per ogni occasione? Regala un viaggio eco-sostenibile in oltre tremila luoghi eco-friendly e biologici\" \/>\n<meta property=\"og:url\" content=\"https:\/\/ecobnb.it\/blog\/viaggio-regalo\/\" \/>\n<meta property=\"og:site_name\" content=\"Ecobnb\" \/>\n<meta property=\"article:publisher\" content=\"https:\/\/www.facebook.com\/viaggiverdi\" \/>\n<meta property=\"article:modified_time\" content=\"2025-01-07T14:29:16+00:00\" \/>\n<meta property=\"og:image\" content=\"https:\/\/ecobnb.it\/blog\/app\/uploads\/sites\/2\/2020\/11\/viaggio-regalo-sostenibile.jpg\" \/>\n\t<meta property=\"og:image:width\" content=\"1170\" \/>\n\t<meta property=\"og:image:height\" content=\"490\" \/>\n\t<meta property=\"og:image:type\" content=\"image\/jpeg\" \/>\n<meta name=\"twitter:label1\" content=\"Est. reading time\" \/>\n\t<meta name=\"twitter:data1\" content=\"5 minutes\" \/>\n<!-- \/ Yoast SEO plugin. -->","yoast_head_json":{"title":"Cerchi un Regalo Originale? Regala un Viaggio Eco-Sostenibile! - Ecobnb","description":"Cerchi un'idea regalo green, originale e perfetta per ogni occasione? Regala un viaggio eco-sostenibile in oltre tremila luoghi eco-friendly e biologici","robots":{"index":"index","follow":"follow","max-snippet":"max-snippet:-1","max-image-preview":"max-image-preview:large","max-video-preview":"max-video-preview:-1"},"canonical":"https:\/\/ecobnb.it\/blog\/viaggio-regalo\/","og_locale":"it_IT","og_type":"article","og_title":"Cerchi un Regalo Originale? Regala un Viaggio Eco-Sostenibile! - Ecobnb","og_description":"Cerchi un'idea regalo green, originale e perfetta per ogni occasione? Regala un viaggio eco-sostenibile in oltre tremila luoghi eco-friendly e biologici","og_url":"https:\/\/ecobnb.it\/blog\/viaggio-regalo\/","og_site_name":"Ecobnb","article_publisher":"https:\/\/www.facebook.com\/viaggiverdi","article_modified_time":"2025-01-07T14:29:16+00:00","og_image":[{"width":1170,"height":490,"url":"https:\/\/ecobnb.it\/blog\/app\/uploads\/sites\/2\/2020\/11\/viaggio-regalo-sostenibile.jpg","type":"image\/jpeg"}],"twitter_misc":{"Est. reading time":"5 minutes"},"schema":{"@context":"https:\/\/schema.org","@graph":[{"@type":"WebPage","@id":"https:\/\/ecobnb.it\/blog\/viaggio-regalo\/","url":"https:\/\/ecobnb.it\/blog\/viaggio-regalo\/","name":"Cerchi un Regalo Originale? Regala un Viaggio Eco-Sostenibile! - Ecobnb","isPartOf":{"@id":"https:\/\/ecobnb.it\/blog\/#website"},"datePublished":"2014-12-18T14:00:38+00:00","dateModified":"2025-01-07T14:29:16+00:00","description":"Cerchi un'idea regalo green, originale e perfetta per ogni occasione? Regala un viaggio eco-sostenibile in oltre tremila luoghi eco-friendly e biologici","inLanguage":"it-IT","potentialAction":[{"@type":"ReadAction","target":["https:\/\/ecobnb.it\/blog\/viaggio-regalo\/"]}]},{"@type":"WebSite","@id":"https:\/\/ecobnb.it\/blog\/#website","url":"https:\/\/ecobnb.it\/blog\/","name":"Ecobnb","description":"Trova il tuo Alloggio Ecosostenibile","publisher":{"@id":"https:\/\/ecobnb.it\/blog\/#organization"},"potentialAction":[{"@type":"SearchAction","target":{"@type":"EntryPoint","urlTemplate":"https:\/\/ecobnb.it\/blog\/?s={search_term_string}"},"query-input":"required name=search_term_string"}],"inLanguage":"it-IT"},{"@type":"Organization","@id":"https:\/\/ecobnb.it\/blog\/#organization","name":"Ecobnb","url":"https:\/\/ecobnb.it\/blog\/","logo":{"@type":"ImageObject","inLanguage":"it-IT","@id":"https:\/\/ecobnb.it\/blog\/#\/schema\/logo\/image\/","url":"https:\/\/ecobnb.it\/blog\/app\/uploads\/sites\/2\/2016\/03\/logo_transparent_512x512.png","contentUrl":"https:\/\/ecobnb.it\/blog\/app\/uploads\/sites\/2\/2016\/03\/logo_transparent_512x512.png","width":512,"height":512,"caption":"Ecobnb"},"image":{"@id":"https:\/\/ecobnb.it\/blog\/#\/schema\/logo\/image\/"},"sameAs":["https:\/\/www.facebook.com\/viaggiverdi"]}]}},"_links":{"self":[{"href":"https:\/\/ecobnb.it\/blog\/wp-json\/wp\/v2\/pages\/10920"}],"collection":[{"href":"https:\/\/ecobnb.it\/blog\/wp-json\/wp\/v2\/pages"}],"about":[{"href":"https:\/\/ecobnb.it\/blog\/wp-json\/wp\/v2\/types\/page"}],"author":[{"embeddable":true,"href":"https:\/\/ecobnb.it\/blog\/wp-json\/wp\/v2\/users\/3"}],"replies":[{"embeddable":true,"href":"https:\/\/ecobnb.it\/blog\/wp-json\/wp\/v2\/comments?post=10920"}],"version-history":[{"count":124,"href":"https:\/\/ecobnb.it\/blog\/wp-json\/wp\/v2\/pages\/10920\/revisions"}],"predecessor-version":[{"id":83163,"href":"https:\/\/ecobnb.it\/blog\/wp-json\/wp\/v2\/pages\/10920\/revisions\/83163"}],"wp:featuredmedia":[{"embeddable":true,"href":"https:\/\/ecobnb.it\/blog\/wp-json\/wp\/v2\/media\/56653"}],"wp:attachment":[{"href":"https:\/\/ecobnb.it\/blog\/wp-json\/wp\/v2\/media?parent=10920"}],"curies":[{"name":"wp","href":"https:\/\/api.w.org\/{rel}","templated":true}]}}