{"id":1081,"date":"2013-04-17T21:41:52","date_gmt":"2013-04-17T21:41:52","guid":{"rendered":"http:\/\/blog.viaggiverdi.org\/?page_id=1081"},"modified":"2022-04-20T19:04:50","modified_gmt":"2022-04-20T17:04:50","slug":"colazione-dautore","status":"publish","type":"page","link":"https:\/\/ecobnb.it\/blog\/colazione-dautore\/","title":{"rendered":"Colazione d&#8217;Autore"},"content":{"rendered":"<p>Un concorso per la migliore<strong> colazione biologica<\/strong>, ideato dall\u2019Associazione <strong><a href=\"http:\/\/www.bbparma.it\/\">Bed &amp; Breakfast Parma<\/a><\/strong> insieme a <strong><a href=\"http:\/\/www.ecobnb.it\/\">ViaggiVerdi<\/a><\/strong>, in occasione del festival del Turismo responsabile<strong><a href=\"http:\/\/www.festivalitaca.net\/portfolio\/programma-2013\/\" target=\"_blank\" rel=\"noopener\"> It.a.c\u00e0 2013 migranti e viaggiatori<\/a><\/strong>.<\/p>\n<p>I B&amp;B che aderiscono all\u2019iniziativa <strong>offrono ai loro ospiti<\/strong> durante la settimana del Festiva It.a.c\u00e0 (25 maggio &#8211; 2 giugno 2013) delle <strong>colazioni speciali<\/strong>, a base di prodotti biologici e a km0, ricche, colorate e ricercate, delle vere e proprie opere d\u2019arte!<\/p>\n<p>Ecco tutte le <strong>colazioni d&#8217;Autore<\/strong> che potrete guardare, assaggiare, votare e commentare:<\/p>\n<h2>Parmigiano Dop<\/h2>\n<div id=\"attachment_66870\" class=\"thumbnail alignnone\"><img class=\"size-large wp-image-66870\" src=\"https:\/\/ecobnb.it\/blog\/app\/uploads\/sites\/2\/2022\/04\/IMG_5477-800x490.jpg\" alt=\"colazione d'autore cancabaia\" width=\"800\" height=\"490\" \/><div class=\"caption\">Colazione d&#8217;autore B&amp;B Cancabaia<\/div><\/div>\n<p><em>Marmellate nostrane prodotte con frutta biologica,<\/em><br \/>\n<em> Torte e pane fresco fatti in casa con lievito di pasta madre,<\/em><br \/>\n<em> Miele,<\/em><br \/>\n<em> Latte appena munto (delle nostre vacche),<\/em><br \/>\n<em> Th\u00e8, caff\u00e8, caff\u00e8 d\u2019orzo e farro biologici,<\/em><br \/>\n<em> Frutta di stagione,<\/em><br \/>\n<em> Yogurt di nostra produzione, cereali,<\/em><br \/>\n<em> Salumi tipici della zona (culaccia, prosciutto di Parma, salame di Felino\u2026)<\/em><br \/>\n<em> Ed il nostro formaggio Parmigiano Reggiano<\/em><\/p>\n<p>Colazione d&#8217;Autore ideata dal<strong><a href=\"http:\/\/www.cancabaia.it\/\" target=\"_blank\" rel=\"noopener\"> Bed &amp; Breakfast Cancabaia<\/a><\/strong>.<\/p>\n<h2>Risveglio nel Bosco<\/h2>\n<p><a href=\"https:\/\/ecobnb.it\/blog\/app\/uploads\/sites\/2\/2013\/04\/richiamo-del-bosco-1.jpg\"><img src=\"https:\/\/ecobnb.it\/blog\/app\/uploads\/sites\/2\/2013\/04\/richiamo-del-bosco-1.jpg\" alt=\"Colazione Biologica B&amp;B Il Richiamo del Bosco, Parma\" width=\"399\" height=\"600\" \/><\/a><\/p>\n<p><em>Ciambellone di sesamo, accompagnato da un gustoso salame di tofu e da un succo di frutta a base di polpa di mele e cannella.<\/em><br \/>\n<em>Pane e nutella vegan.<\/em><br \/>\n<em>Torta di mele.<\/em><br \/>\n<em>Pane integrale e humus di ceci.<\/em><br \/>\n<em>Gold milk.<\/em><br \/>\n<em>Biscotti al farro con gocce di cioccolato.<\/em><br \/>\n<em>Fichi fioroni freschi e ciliegie colti direttamente dall&#8217;albero (se sono maturi).<\/em><\/p>\n<p>Colazione d&#8217;Autore ideata dal <strong>Bed &amp; Breakfast ecosostenibile Il richiamo del Bosco<\/strong>.<\/p>\n<h2>La mela e il suo buongiorno<\/h2>\n<div id=\"attachment_1404\" class=\"thumbnail alignnone\"><img class=\"wp-image-1404 size-full\" src=\"https:\/\/ecobnb.it\/blog\/app\/uploads\/sites\/2\/2013\/04\/Apples-to-Apples-Madlyinlovewithlife.jpg\" alt=\"Apples to Apples Madlyinlovewithlife\" width=\"1024\" height=\"685\" srcset=\"https:\/\/ecobnb.it\/blog\/app\/uploads\/sites\/2\/2013\/04\/Apples-to-Apples-Madlyinlovewithlife.jpg 1024w, https:\/\/ecobnb.it\/blog\/app\/uploads\/sites\/2\/2013\/04\/Apples-to-Apples-Madlyinlovewithlife-536x358.jpg 536w, https:\/\/ecobnb.it\/blog\/app\/uploads\/sites\/2\/2013\/04\/Apples-to-Apples-Madlyinlovewithlife-344x230.jpg 344w\" sizes=\"(max-width: 1024px) 100vw, 1024px\" \/><div class=\"caption\">Apples to Apples, fotografia di Madlyinlovewithlife via Flickr<\/div><\/div>\n<p><em>Muffin di farina di grano saraceno alle mele,<\/em><br \/>\n<em> Biscottone\u00a0 integrale alle mele e amaretti,<\/em><br \/>\n<em> pane tostato con marmellata di mele cotogne e zenzero,<\/em><br \/>\n<em> succo di mele<\/em><\/p>\n<p>Colazione d&#8217;Autore ideata dall&#8217;<strong>Agriturismo Biologico Il Gelso<\/strong>.<\/p>\n<h2>Caff\u00e8 a 360 gradi<\/h2>\n<div id=\"attachment_1405\" class=\"thumbnail alignnone\"><img class=\"wp-image-1405 size-large\" src=\"https:\/\/ecobnb.it\/blog\/app\/uploads\/sites\/2\/2013\/04\/Coffe-break-Francisco-Javer-Argel-870x490.jpg\" alt=\"Coffe break Francisco Javer Argel\" width=\"870\" height=\"490\" srcset=\"https:\/\/ecobnb.it\/blog\/app\/uploads\/sites\/2\/2013\/04\/Coffe-break-Francisco-Javer-Argel-870x490.jpg 870w, https:\/\/ecobnb.it\/blog\/app\/uploads\/sites\/2\/2013\/04\/Coffe-break-Francisco-Javer-Argel-570x320.jpg 570w\" sizes=\"(max-width: 870px) 100vw, 870px\" \/><div class=\"caption\">Coffe break, fotografia di Francisco Javer Argel via Flickr<span style=\"font-size: 16px;\">\u00a0 \u00a0 \u00a0 \u00a0 \u00a0 \u00a0 \u00a0 \u00a0 \u00a0 \u00a0 \u00a0 \u00a0 \u00a0 \u00a0 \u00a0 \u00a0 \u00a0 \u00a0 \u00a0 \u00a0 \u00a0\u00a0<\/span><\/div><\/div>\n<p><em>Pane al caff\u00e8, caff\u00e8 d&#8217;autore,<\/em><br \/>\n<em> presidio slow food, dolci al caff\u00e8, caff\u00e8 fatto in vari modi&#8230;<\/em><\/p>\n<p>Colazione d&#8217;Autore ideata dal <strong>Bed &amp; Breakfast Lattemiele<\/strong>.<\/p>\n<h2>Colazione Villa Emma<\/h2>\n<div id=\"attachment_1406\" class=\"thumbnail alignnone\"><img class=\"wp-image-1406 size-large\" src=\"https:\/\/ecobnb.it\/blog\/app\/uploads\/sites\/2\/2013\/04\/Prosciutto-Avlxyz-870x490.jpg\" alt=\"Prosciutto Avlxyz\" width=\"870\" height=\"490\" srcset=\"https:\/\/ecobnb.it\/blog\/app\/uploads\/sites\/2\/2013\/04\/Prosciutto-Avlxyz-870x490.jpg 870w, https:\/\/ecobnb.it\/blog\/app\/uploads\/sites\/2\/2013\/04\/Prosciutto-Avlxyz-570x320.jpg 570w\" sizes=\"(max-width: 870px) 100vw, 870px\" \/><div class=\"caption\">Prosciutto, fotografia di Avlxyz via Flickr<span style=\"font-size: 16px;\">\u00a0 \u00a0 \u00a0 \u00a0 \u00a0 \u00a0 \u00a0 \u00a0 \u00a0 \u00a0 \u00a0 \u00a0 \u00a0 \u00a0 \u00a0 \u00a0 \u00a0 \u00a0 \u00a0 \u00a0 \u00a0 \u00a0 \u00a0 \u00a0 \u00a0 \u00a0 \u00a0 \u00a0 \u00a0 \u00a0 \u00a0 \u00a0 \u00a0\u00a0<\/span><\/div><\/div>\n<p><em>Generosa colazione dolce\/salato con prodotti tipici della nostra zona, dai salumi ai dolci<\/em><br \/>\n<em> ovviamente tutto assolutamente fresco!<\/em><\/p>\n<p>Colazione d&#8217;Autore ideata dal <strong>Bed &amp; Breakfast Villa Emma<\/strong>.<\/p>\n<h2>Il Mondo Piccolo<\/h2>\n<p><img class=\"alignnone wp-image-1318 size-full\" src=\"https:\/\/ecobnb.it\/blog\/app\/uploads\/sites\/2\/2013\/04\/treccia-alle-erbe-e1367514972924.jpg\" alt=\"treccia alle erbe\" width=\"774\" height=\"490\" srcset=\"https:\/\/ecobnb.it\/blog\/app\/uploads\/sites\/2\/2013\/04\/treccia-alle-erbe-e1367514972924.jpg 774w, https:\/\/ecobnb.it\/blog\/app\/uploads\/sites\/2\/2013\/04\/treccia-alle-erbe-e1367514972924-536x339.jpg 536w, https:\/\/ecobnb.it\/blog\/app\/uploads\/sites\/2\/2013\/04\/treccia-alle-erbe-e1367514972924-344x217.jpg 344w\" sizes=\"(max-width: 774px) 100vw, 774px\" \/><\/p>\n<p><em>Dalla nebbia della bassa:<\/em><br \/>\n<em> Spallacotta di San Secondo, accompagnata da<\/em><br \/>\n<em> Treccia salata alle erbe con timo, maggiorana e prezzemolo dell&#8217;orto.<\/em><br \/>\n<em> Parmigiano e Tosone con miele di erba medica.<\/em><br \/>\n<em> Uova fresche, fritte con pancetta del contadino<\/em><br \/>\n<em> Dolci antichi:<\/em><br \/>\n<em> -Crostata con marmellata bio<\/em><br \/>\n<em> -Torta di mele e cannella<\/em><br \/>\n<em> Frutta di stagione<\/em><\/p>\n<p>Colazione d&#8217;Autore ideata dal <strong>Bed &amp; Breakfast Il Gruccione<\/strong>.<\/p>\n<h2>A colazione con la Primavera<\/h2>\n<div id=\"attachment_1407\" class=\"thumbnail alignnone\"><img class=\"wp-image-1407 size-large\" src=\"https:\/\/ecobnb.it\/blog\/app\/uploads\/sites\/2\/2013\/04\/strawberry-breakfast-Peet-Sneekes-870x490.jpg\" alt=\"strawberry breakfast Peet Sneekes\" width=\"870\" height=\"490\" srcset=\"https:\/\/ecobnb.it\/blog\/app\/uploads\/sites\/2\/2013\/04\/strawberry-breakfast-Peet-Sneekes-870x490.jpg 870w, https:\/\/ecobnb.it\/blog\/app\/uploads\/sites\/2\/2013\/04\/strawberry-breakfast-Peet-Sneekes-536x301.jpg 536w, https:\/\/ecobnb.it\/blog\/app\/uploads\/sites\/2\/2013\/04\/strawberry-breakfast-Peet-Sneekes-570x320.jpg 570w, https:\/\/ecobnb.it\/blog\/app\/uploads\/sites\/2\/2013\/04\/strawberry-breakfast-Peet-Sneekes-344x193.jpg 344w, https:\/\/ecobnb.it\/blog\/app\/uploads\/sites\/2\/2013\/04\/strawberry-breakfast-Peet-Sneekes.jpg 1024w\" sizes=\"(max-width: 870px) 100vw, 870px\" \/><div class=\"caption\">Strawberry breakfast, fotografia di Peet Sneekes via Flickr<\/div><\/div>\n<p><em>Cheesecake alla frutta di primavera<\/em><br \/>\n<em> Crostatine di cioccolato con frutta fresca<\/em><br \/>\n<em> Coppa ricca di yogurt naturale, miele e fragole fresche<\/em><br \/>\n<em> Composta, fatta in casa, di fragole, ciliegie e zenzero da gustare con burro Bio e pane cotto nel forno a legna<\/em><br \/>\n<em> Scaglie di Parmigiano Reggiano di produzione biologica dell\u2019Appennino Parmense, accompagnate da miele prodotto nella nostra zona<\/em><br \/>\n<em> Caff\u00e8 \u2013 t\u00e8 \u2013 latte e \u201cpozione polisucco\u201d&#8230;.(per essere semiseri !!)<\/em><\/p>\n<p>Colazione d&#8217;Autore ideata dal <strong>Bed &amp; Breakfast C\u00e0 d&#8217;Bertula.<\/strong><\/p>\n<p>&nbsp;<\/p>\n<p><em>Immagine di copertina, foto via Canva PRO<\/em><\/p>\n","protected":false},"excerpt":{"rendered":"<p>Un concorso per la migliore colazione biologica, ideato dall\u2019Associazione Bed &amp; Breakfast Parma insieme a ViaggiVerdi, in occasione del festival del Turismo responsabile It.a.c\u00e0 2013 migranti e viaggiatori. I B&amp;B che aderiscono all\u2019iniziativa offrono ai loro ospiti durante la settimana del Festiva It.a.c\u00e0 (25 maggio &#8211; 2 giugno 2013) delle colazioni speciali, a base di [&hellip;]<\/p>\n","protected":false},"author":3,"featured_media":66869,"parent":0,"menu_order":0,"comment_status":"closed","ping_status":"closed","template":"","meta":[],"acf":[],"yoast_head":"<!-- This site is optimized with the Yoast SEO plugin v19.9 - https:\/\/yoast.com\/wordpress\/plugins\/seo\/ -->\n<title>Colazione d&#039;Autore: Idee per una colazione indimenticabile - Ecobnb<\/title>\n<meta name=\"description\" content=\"Colazione d&#039;Autore \u00e8 il concorso per la migliore colazione biologica realizzato in occasione del festival del Turismo responsabile It.a.c\u00e0 2013.\" \/>\n<meta name=\"robots\" content=\"index, follow, max-snippet:-1, max-image-preview:large, max-video-preview:-1\" \/>\n<link rel=\"canonical\" href=\"https:\/\/ecobnb.it\/blog\/colazione-dautore\/\" \/>\n<meta property=\"og:locale\" content=\"it_IT\" \/>\n<meta property=\"og:type\" content=\"article\" \/>\n<meta property=\"og:title\" content=\"Colazione d&#039;Autore: Idee per una colazione indimenticabile - Ecobnb\" \/>\n<meta property=\"og:description\" content=\"Colazione d&#039;Autore \u00e8 il concorso per la migliore colazione biologica realizzato in occasione del festival del Turismo responsabile It.a.c\u00e0 2013.\" \/>\n<meta property=\"og:url\" content=\"https:\/\/ecobnb.it\/blog\/colazione-dautore\/\" \/>\n<meta property=\"og:site_name\" content=\"Ecobnb\" \/>\n<meta property=\"article:publisher\" content=\"https:\/\/www.facebook.com\/viaggiverdi\" \/>\n<meta property=\"article:modified_time\" content=\"2022-04-20T17:04:50+00:00\" \/>\n<meta property=\"og:image\" content=\"https:\/\/ecobnb.it\/blog\/app\/uploads\/sites\/2\/2022\/04\/colazione.jpg\" \/>\n\t<meta property=\"og:image:width\" content=\"1170\" \/>\n\t<meta property=\"og:image:height\" content=\"490\" \/>\n\t<meta property=\"og:image:type\" content=\"image\/jpeg\" \/>\n<meta name=\"twitter:label1\" content=\"Est. reading time\" \/>\n\t<meta name=\"twitter:data1\" content=\"3 minutes\" \/>\n<!-- \/ Yoast SEO plugin. -->","yoast_head_json":{"title":"Colazione d'Autore: Idee per una colazione indimenticabile - Ecobnb","description":"Colazione d'Autore \u00e8 il concorso per la migliore colazione biologica realizzato in occasione del festival del Turismo responsabile It.a.c\u00e0 2013.","robots":{"index":"index","follow":"follow","max-snippet":"max-snippet:-1","max-image-preview":"max-image-preview:large","max-video-preview":"max-video-preview:-1"},"canonical":"https:\/\/ecobnb.it\/blog\/colazione-dautore\/","og_locale":"it_IT","og_type":"article","og_title":"Colazione d'Autore: Idee per una colazione indimenticabile - Ecobnb","og_description":"Colazione d'Autore \u00e8 il concorso per la migliore colazione biologica realizzato in occasione del festival del Turismo responsabile It.a.c\u00e0 2013.","og_url":"https:\/\/ecobnb.it\/blog\/colazione-dautore\/","og_site_name":"Ecobnb","article_publisher":"https:\/\/www.facebook.com\/viaggiverdi","article_modified_time":"2022-04-20T17:04:50+00:00","og_image":[{"width":1170,"height":490,"url":"https:\/\/ecobnb.it\/blog\/app\/uploads\/sites\/2\/2022\/04\/colazione.jpg","type":"image\/jpeg"}],"twitter_misc":{"Est. reading time":"3 minutes"},"schema":{"@context":"https:\/\/schema.org","@graph":[{"@type":"WebPage","@id":"https:\/\/ecobnb.it\/blog\/colazione-dautore\/","url":"https:\/\/ecobnb.it\/blog\/colazione-dautore\/","name":"Colazione d'Autore: Idee per una colazione indimenticabile - Ecobnb","isPartOf":{"@id":"https:\/\/ecobnb.it\/blog\/#website"},"datePublished":"2013-04-17T21:41:52+00:00","dateModified":"2022-04-20T17:04:50+00:00","description":"Colazione d'Autore \u00e8 il concorso per la migliore colazione biologica realizzato in occasione del festival del Turismo responsabile It.a.c\u00e0 2013.","inLanguage":"it-IT","potentialAction":[{"@type":"ReadAction","target":["https:\/\/ecobnb.it\/blog\/colazione-dautore\/"]}]},{"@type":"WebSite","@id":"https:\/\/ecobnb.it\/blog\/#website","url":"https:\/\/ecobnb.it\/blog\/","name":"Ecobnb","description":"Trova il tuo Alloggio Ecosostenibile","publisher":{"@id":"https:\/\/ecobnb.it\/blog\/#organization"},"potentialAction":[{"@type":"SearchAction","target":{"@type":"EntryPoint","urlTemplate":"https:\/\/ecobnb.it\/blog\/?s={search_term_string}"},"query-input":"required name=search_term_string"}],"inLanguage":"it-IT"},{"@type":"Organization","@id":"https:\/\/ecobnb.it\/blog\/#organization","name":"Ecobnb","url":"https:\/\/ecobnb.it\/blog\/","logo":{"@type":"ImageObject","inLanguage":"it-IT","@id":"https:\/\/ecobnb.it\/blog\/#\/schema\/logo\/image\/","url":"https:\/\/ecobnb.it\/blog\/app\/uploads\/sites\/2\/2016\/03\/logo_transparent_512x512.png","contentUrl":"https:\/\/ecobnb.it\/blog\/app\/uploads\/sites\/2\/2016\/03\/logo_transparent_512x512.png","width":512,"height":512,"caption":"Ecobnb"},"image":{"@id":"https:\/\/ecobnb.it\/blog\/#\/schema\/logo\/image\/"},"sameAs":["https:\/\/www.facebook.com\/viaggiverdi"]}]}},"_links":{"self":[{"href":"https:\/\/ecobnb.it\/blog\/wp-json\/wp\/v2\/pages\/1081"}],"collection":[{"href":"https:\/\/ecobnb.it\/blog\/wp-json\/wp\/v2\/pages"}],"about":[{"href":"https:\/\/ecobnb.it\/blog\/wp-json\/wp\/v2\/types\/page"}],"author":[{"embeddable":true,"href":"https:\/\/ecobnb.it\/blog\/wp-json\/wp\/v2\/users\/3"}],"replies":[{"embeddable":true,"href":"https:\/\/ecobnb.it\/blog\/wp-json\/wp\/v2\/comments?post=1081"}],"version-history":[{"count":3,"href":"https:\/\/ecobnb.it\/blog\/wp-json\/wp\/v2\/pages\/1081\/revisions"}],"predecessor-version":[{"id":66873,"href":"https:\/\/ecobnb.it\/blog\/wp-json\/wp\/v2\/pages\/1081\/revisions\/66873"}],"wp:featuredmedia":[{"embeddable":true,"href":"https:\/\/ecobnb.it\/blog\/wp-json\/wp\/v2\/media\/66869"}],"wp:attachment":[{"href":"https:\/\/ecobnb.it\/blog\/wp-json\/wp\/v2\/media?parent=1081"}],"curies":[{"name":"wp","href":"https:\/\/api.w.org\/{rel}","templated":true}]}}